{"id":4068,"date":"2024-12-02T12:46:52","date_gmt":"2024-12-02T11:46:52","guid":{"rendered":"https:\/\/www.reseau-entreprendre.org\/loir-et-berry\/?page_id=4068"},"modified":"2024-12-03T13:57:48","modified_gmt":"2024-12-03T12:57:48","slug":"ils-temoignent-v2","status":"publish","type":"page","link":"https:\/\/www.reseau-entreprendre.org\/loir-et-berry\/ils-temoignent-v2\/","title":{"rendered":"Ils t\u00e9moignent"},"content":{"rendered":"\n<p><\/p>\n\n\n\n<h6 class=\"wp-block-heading\">Nous sommes une communaut\u00e9 de 14 000 chefs d\u2019entreprise. D\u00e9couvrez ce qu\u2019ils disent de R\u00e9seau Entreprendre Loir Et Berry.<\/h6>\n\n\n\n<h6 class=\"wp-block-heading\"><\/h6>\n\n\n\n<div class=\"wp-block-media-text has-media-on-the-right is-stacked-on-mobile\" style=\"grid-template-columns:auto 35%\"><div class=\"wp-block-media-text__content\">\n<h2 class=\"wp-block-heading\">Success stories et t\u00e9moignages<\/h2>\n\n\n\n<p>R\u00e9seau Entreprendre est une v\u00e9ritable fabrique \u00e0 success stories (Michel &amp; Augustin, Envie de Fraise, My Little Paris, 727Sailbags, Guest to Guest, Sushi Daily, G\u00e9olid, Good Go\u00fbt, Mano Mano&#8230;). Derri\u00e8re ces belles histoires, des chefs d&#8217;entreprise b\u00e9n\u00e9voles, engag\u00e9s pour les accompagner \u00e0 r\u00e9ussir. D\u00e9couvrez les t\u00e9moignages de nos laur\u00e9ats et des chefs d&#8217;entreprise qui les accompagnent.<br><br><\/p>\n<\/div><figure class=\"wp-block-media-text__media\"><img loading=\"lazy\" decoding=\"async\" width=\"506\" height=\"490\" src=\"https:\/\/www.reseau-entreprendre.org\/loir-et-berry\/wp-content\/uploads\/sites\/82\/2021\/09\/ils-temoignent-banner-compressed.jpg\" alt=\"\" class=\"wp-image-1435 size-full\" srcset=\"https:\/\/www.reseau-entreprendre.org\/loir-et-berry\/wp-content\/uploads\/sites\/82\/2021\/09\/ils-temoignent-banner-compressed.jpg 506w, https:\/\/www.reseau-entreprendre.org\/loir-et-berry\/wp-content\/uploads\/sites\/82\/2021\/09\/ils-temoignent-banner-compressed-300x291.jpg 300w\" sizes=\"auto, (max-width: 506px) 100vw, 506px\" \/><\/figure><\/div>\n\n\n\n<div class=\"wp-block-group is-vertical is-layout-flex wp-container-core-group-is-layout-8cf370e7 wp-block-group-is-layout-flex\">\n<div style=\"height:126px\" aria-hidden=\"true\" class=\"wp-block-spacer wp-container-content-56d98eac\"><\/div>\n<\/div>\n\n\n\n<div class=\"wp-block-columns is-layout-flex wp-container-core-columns-is-layout-9d6595d7 wp-block-columns-is-layout-flex\">\n<div class=\"wp-block-column is-layout-flow wp-block-column-is-layout-flow\">\n<figure class=\"wp-block-image size-large\"><img loading=\"lazy\" decoding=\"async\" width=\"683\" height=\"1024\" src=\"https:\/\/www.reseau-entreprendre.org\/loir-et-berry\/wp-content\/uploads\/sites\/82\/2022\/08\/business-people-office-min-683x1024.jpg\" alt=\"\" class=\"wp-image-3120\" srcset=\"https:\/\/www.reseau-entreprendre.org\/loir-et-berry\/wp-content\/uploads\/sites\/82\/2022\/08\/business-people-office-min-683x1024.jpg 683w, https:\/\/www.reseau-entreprendre.org\/loir-et-berry\/wp-content\/uploads\/sites\/82\/2022\/08\/business-people-office-min-200x300.jpg 200w, https:\/\/www.reseau-entreprendre.org\/loir-et-berry\/wp-content\/uploads\/sites\/82\/2022\/08\/business-people-office-min-768x1152.jpg 768w, https:\/\/www.reseau-entreprendre.org\/loir-et-berry\/wp-content\/uploads\/sites\/82\/2022\/08\/business-people-office-min-1024x1536.jpg 1024w, https:\/\/www.reseau-entreprendre.org\/loir-et-berry\/wp-content\/uploads\/sites\/82\/2022\/08\/business-people-office-min-1365x2048.jpg 1365w, https:\/\/www.reseau-entreprendre.org\/loir-et-berry\/wp-content\/uploads\/sites\/82\/2022\/08\/business-people-office-min-87x130.jpg 87w, https:\/\/www.reseau-entreprendre.org\/loir-et-berry\/wp-content\/uploads\/sites\/82\/2022\/08\/business-people-office-min-scaled.jpg 1707w\" sizes=\"auto, (max-width: 683px) 100vw, 683px\" \/><\/figure>\n\n\n\n<div class=\"wp-block-columns is-layout-flex wp-container-core-columns-is-layout-9d6595d7 wp-block-columns-is-layout-flex\">\n<div class=\"wp-block-column is-layout-flow wp-block-column-is-layout-flow\">\n<p class=\"has-text-align-center has-re-red-color has-text-color has-link-color has-medium-font-size wp-elements-4d7de8d736ee23c9fb499bfe8ef1d6ba\"><strong>T\u00e9moignages des Laur\u00e9ats du Cher (18)<\/strong><\/p>\n\n\n\n<div class=\"wp-block-buttons is-layout-flex wp-block-buttons-is-layout-flex\">\n<div class=\"wp-block-button has-custom-width wp-block-button__width-100 is-style-fill\"><a class=\"wp-block-button__link has-re-red-background-color has-background wp-element-button\" href=\"https:\/\/www.reseau-entreprendre.org\/loir-et-berry\/2022\/04\/15\/temoignages-des-laureats-du-cher-18\/\" style=\"border-radius:0px\">Lire la suite<\/a><\/div>\n<\/div>\n<\/div>\n<\/div>\n<\/div>\n\n\n\n<div class=\"wp-block-column is-layout-flow wp-block-column-is-layout-flow\">\n<figure class=\"wp-block-image size-large\"><img loading=\"lazy\" decoding=\"async\" width=\"1024\" height=\"768\" src=\"https:\/\/www.reseau-entreprendre.org\/loir-et-berry\/wp-content\/uploads\/sites\/82\/2022\/04\/explaining-project-points-1024x768.jpg\" alt=\"\" class=\"wp-image-2709\" style=\"aspect-ratio:2\/3;object-fit:cover\" srcset=\"https:\/\/www.reseau-entreprendre.org\/loir-et-berry\/wp-content\/uploads\/sites\/82\/2022\/04\/explaining-project-points-1024x768.jpg 1024w, https:\/\/www.reseau-entreprendre.org\/loir-et-berry\/wp-content\/uploads\/sites\/82\/2022\/04\/explaining-project-points-300x225.jpg 300w, https:\/\/www.reseau-entreprendre.org\/loir-et-berry\/wp-content\/uploads\/sites\/82\/2022\/04\/explaining-project-points-768x576.jpg 768w, https:\/\/www.reseau-entreprendre.org\/loir-et-berry\/wp-content\/uploads\/sites\/82\/2022\/04\/explaining-project-points-1536x1152.jpg 1536w, https:\/\/www.reseau-entreprendre.org\/loir-et-berry\/wp-content\/uploads\/sites\/82\/2022\/04\/explaining-project-points-2048x1536.jpg 2048w, https:\/\/www.reseau-entreprendre.org\/loir-et-berry\/wp-content\/uploads\/sites\/82\/2022\/04\/explaining-project-points-173x130.jpg 173w\" sizes=\"auto, (max-width: 1024px) 100vw, 1024px\" \/><\/figure>\n\n\n\n<div class=\"wp-block-columns is-layout-flex wp-container-core-columns-is-layout-9d6595d7 wp-block-columns-is-layout-flex\">\n<div class=\"wp-block-column is-layout-flow wp-block-column-is-layout-flow\">\n<p class=\"has-text-align-center has-re-red-color has-text-color has-link-color has-medium-font-size wp-elements-e60b0769c7f65954fef3d5aa67df26bb\"><strong>T\u00e9moignages des Laur\u00e9ats de l\u2019Eure-Et-Loir (28)<\/strong><\/p>\n\n\n\n<div class=\"wp-block-buttons is-layout-flex wp-block-buttons-is-layout-flex\">\n<div class=\"wp-block-button has-custom-width wp-block-button__width-100 is-style-fill\"><a class=\"wp-block-button__link has-re-red-background-color has-background wp-element-button\" href=\"https:\/\/www.reseau-entreprendre.org\/loir-et-berry\/2022\/04\/15\/temoignages-des-laureats-deure-et-loir\/\" style=\"border-radius:0px\">Lire la suite<\/a><\/div>\n<\/div>\n<\/div>\n<\/div>\n\n\n\n<p class=\"has-text-align-center has-re-red-color has-text-color has-link-color has-medium-font-size wp-elements-bc3e7b417346610c234b70a9ffbbebfa\"><\/p>\n<\/div>\n\n\n\n<div class=\"wp-block-column is-layout-flow wp-block-column-is-layout-flow\">\n<figure class=\"wp-block-image size-large\"><img loading=\"lazy\" decoding=\"async\" width=\"1024\" height=\"980\" src=\"https:\/\/www.reseau-entreprendre.org\/loir-et-berry\/wp-content\/uploads\/sites\/82\/2022\/08\/business-partners-shaking-hands-in-agreement-min-1024x980.jpg\" alt=\"\" class=\"wp-image-3119\" style=\"aspect-ratio:2\/3;object-fit:cover\" srcset=\"https:\/\/www.reseau-entreprendre.org\/loir-et-berry\/wp-content\/uploads\/sites\/82\/2022\/08\/business-partners-shaking-hands-in-agreement-min-1024x980.jpg 1024w, https:\/\/www.reseau-entreprendre.org\/loir-et-berry\/wp-content\/uploads\/sites\/82\/2022\/08\/business-partners-shaking-hands-in-agreement-min-300x287.jpg 300w, https:\/\/www.reseau-entreprendre.org\/loir-et-berry\/wp-content\/uploads\/sites\/82\/2022\/08\/business-partners-shaking-hands-in-agreement-min-768x735.jpg 768w, https:\/\/www.reseau-entreprendre.org\/loir-et-berry\/wp-content\/uploads\/sites\/82\/2022\/08\/business-partners-shaking-hands-in-agreement-min-1536x1470.jpg 1536w, https:\/\/www.reseau-entreprendre.org\/loir-et-berry\/wp-content\/uploads\/sites\/82\/2022\/08\/business-partners-shaking-hands-in-agreement-min-2048x1961.jpg 2048w, https:\/\/www.reseau-entreprendre.org\/loir-et-berry\/wp-content\/uploads\/sites\/82\/2022\/08\/business-partners-shaking-hands-in-agreement-min-136x130.jpg 136w\" sizes=\"auto, (max-width: 1024px) 100vw, 1024px\" \/><\/figure>\n\n\n\n<div class=\"wp-block-columns is-layout-flex wp-container-core-columns-is-layout-9d6595d7 wp-block-columns-is-layout-flex\">\n<div class=\"wp-block-column is-layout-flow wp-block-column-is-layout-flow\">\n<p class=\"has-text-align-center has-re-red-color has-text-color has-link-color has-medium-font-size wp-elements-91f2558e85c2353d5a2f19ac8a608a82\"><strong>T\u00e9moignages des Laur\u00e9ats du Loiret (45)<\/strong><\/p>\n\n\n\n<div class=\"wp-block-buttons is-layout-flex wp-block-buttons-is-layout-flex\">\n<div class=\"wp-block-button has-custom-width wp-block-button__width-100 is-style-fill\"><a class=\"wp-block-button__link has-re-red-background-color has-background wp-element-button\" href=\"https:\/\/www.reseau-entreprendre.org\/loir-et-berry\/2024\/11\/18\/temoignages-des-laureats-du-loiret-45-3\/\" style=\"border-radius:0px\">Lire la suite<\/a><\/div>\n<\/div>\n<\/div>\n<\/div>\n\n\n\n<p class=\"has-text-align-center has-re-red-color has-text-color has-link-color has-medium-font-size wp-elements-bc3e7b417346610c234b70a9ffbbebfa\"><\/p>\n<\/div>\n<\/div>\n\n\n\n<div class=\"wp-block-columns is-layout-flex wp-container-core-columns-is-layout-9d6595d7 wp-block-columns-is-layout-flex\">\n<div class=\"wp-block-column is-layout-flow wp-block-column-is-layout-flow\">\n<figure class=\"wp-block-embed is-type-video is-provider-youtube wp-block-embed-youtube wp-embed-aspect-16-9 wp-has-aspect-ratio\"><div class=\"wp-block-embed__wrapper\">\n<iframe loading=\"lazy\" title=\"Film Entreprendre sa vie avec R\u00e9seau Entreprendre\u00ae 2022\" width=\"500\" height=\"281\" src=\"https:\/\/www.youtube.com\/embed\/ytRZBog1o9Y?start=44&#038;feature=oembed\" frameborder=\"0\" allow=\"accelerometer; autoplay; clipboard-write; encrypted-media; gyroscope; picture-in-picture; web-share\" referrerpolicy=\"strict-origin-when-cross-origin\" allowfullscreen><\/iframe>\n<\/div><\/figure>\n\n\n\n<p class=\"has-text-align-center has-re-red-color has-text-color has-link-color has-medium-font-size wp-elements-7d882a37d04a2a889489912cb15c5a72\"><strong>Nos t\u00e9moignages<\/strong><\/p>\n\n\n\n<div class=\"wp-block-buttons is-content-justification-center is-layout-flex wp-container-core-buttons-is-layout-16018d1d wp-block-buttons-is-layout-flex\">\n<div class=\"wp-block-button\"><a class=\"wp-block-button__link has-re-red-background-color has-text-color has-background has-link-color wp-element-button\" href=\"https:\/\/www.youtube.com\/watch?v=ytRZBog1o9Y\" style=\"border-radius:0px;color:#ffffff\">Voir la suite<\/a><\/div>\n<\/div>\n<\/div>\n\n\n\n<div class=\"wp-block-column is-layout-flow wp-block-column-is-layout-flow\">\n<figure class=\"wp-block-image size-large\"><img loading=\"lazy\" decoding=\"async\" width=\"1024\" height=\"832\" src=\"https:\/\/www.reseau-entreprendre.org\/loir-et-berry\/wp-content\/uploads\/sites\/82\/2020\/05\/logo-membre-loir-et-berry-couleur-1024x832.png\" alt=\"\" class=\"wp-image-2272\" style=\"aspect-ratio:1;object-fit:cover\" srcset=\"https:\/\/www.reseau-entreprendre.org\/loir-et-berry\/wp-content\/uploads\/sites\/82\/2020\/05\/logo-membre-loir-et-berry-couleur-1024x832.png 1024w, https:\/\/www.reseau-entreprendre.org\/loir-et-berry\/wp-content\/uploads\/sites\/82\/2020\/05\/logo-membre-loir-et-berry-couleur-300x244.png 300w, https:\/\/www.reseau-entreprendre.org\/loir-et-berry\/wp-content\/uploads\/sites\/82\/2020\/05\/logo-membre-loir-et-berry-couleur-768x624.png 768w, https:\/\/www.reseau-entreprendre.org\/loir-et-berry\/wp-content\/uploads\/sites\/82\/2020\/05\/logo-membre-loir-et-berry-couleur-160x130.png 160w, https:\/\/www.reseau-entreprendre.org\/loir-et-berry\/wp-content\/uploads\/sites\/82\/2020\/05\/logo-membre-loir-et-berry-couleur.png 1229w\" sizes=\"auto, (max-width: 1024px) 100vw, 1024px\" \/><\/figure>\n\n\n\n<p class=\"has-text-align-center has-re-red-color has-text-color has-link-color has-medium-font-size wp-elements-f69fea6efb15a128502ba3acdcad56ca\"><strong>Nos membres<\/strong><\/p>\n\n\n\n<div class=\"wp-block-buttons is-content-justification-center is-layout-flex wp-container-core-buttons-is-layout-16018d1d wp-block-buttons-is-layout-flex\">\n<div class=\"wp-block-button\"><a class=\"wp-block-button__link has-re-red-background-color has-text-color has-background has-link-color wp-element-button\" href=\"https:\/\/www.reseau-entreprendre.org\/loir-et-berry\/2020\/05\/25\/ils-ont-rejoint-la-communaute-des-membres-de-re-loir-et-berry\/\" style=\"border-radius:0px;color:#ffffff\">Lire la suite<\/a><\/div>\n<\/div>\n<\/div>\n\n\n\n<div class=\"wp-block-column is-layout-flow wp-block-column-is-layout-flow\">\n<figure class=\"wp-block-image size-large\"><img loading=\"lazy\" decoding=\"async\" width=\"1024\" height=\"832\" src=\"https:\/\/www.reseau-entreprendre.org\/loir-et-berry\/wp-content\/uploads\/sites\/82\/2020\/05\/logo-partenaire-loir-et-berry-couleur-1024x832.png\" alt=\"\" class=\"wp-image-2270\" style=\"aspect-ratio:1;object-fit:cover\" srcset=\"https:\/\/www.reseau-entreprendre.org\/loir-et-berry\/wp-content\/uploads\/sites\/82\/2020\/05\/logo-partenaire-loir-et-berry-couleur-1024x832.png 1024w, https:\/\/www.reseau-entreprendre.org\/loir-et-berry\/wp-content\/uploads\/sites\/82\/2020\/05\/logo-partenaire-loir-et-berry-couleur-300x244.png 300w, https:\/\/www.reseau-entreprendre.org\/loir-et-berry\/wp-content\/uploads\/sites\/82\/2020\/05\/logo-partenaire-loir-et-berry-couleur-768x624.png 768w, https:\/\/www.reseau-entreprendre.org\/loir-et-berry\/wp-content\/uploads\/sites\/82\/2020\/05\/logo-partenaire-loir-et-berry-couleur-160x130.png 160w, https:\/\/www.reseau-entreprendre.org\/loir-et-berry\/wp-content\/uploads\/sites\/82\/2020\/05\/logo-partenaire-loir-et-berry-couleur.png 1229w\" sizes=\"auto, (max-width: 1024px) 100vw, 1024px\" \/><\/figure>\n\n\n\n<p class=\"has-text-align-center has-re-red-color has-text-color has-link-color has-medium-font-size wp-elements-4571fdef8e4e03a669d137c02f37cdf0\"><strong>Nos partenaires<\/strong><\/p>\n\n\n\n<div class=\"wp-block-buttons is-content-justification-center is-layout-flex wp-container-core-buttons-is-layout-16018d1d wp-block-buttons-is-layout-flex\">\n<div class=\"wp-block-button\"><a class=\"wp-block-button__link has-re-red-background-color has-text-color has-background has-link-color wp-element-button\" href=\"https:\/\/www.reseau-entreprendre.org\/loir-et-berry\/ils-nous-soutiennent-2\/\" style=\"border-radius:0px;color:#ffffff\">Lire la suite<\/a><\/div>\n<\/div>\n<\/div>\n<\/div>\n\n\n\n<p class=\"has-text-align-center\"><\/p>\n\n\n\n<p><\/p>\n","protected":false},"excerpt":{"rendered":"<p>Nous sommes une communaut\u00e9 de 14 000 chefs d\u2019entreprise. D\u00e9couvrez<\/p>\n","protected":false},"author":163,"featured_media":0,"parent":0,"menu_order":0,"comment_status":"closed","ping_status":"closed","template":"","meta":{"_acf_changed":false,"_monsterinsights_skip_tracking":false,"_monsterinsights_sitenote_active":false,"_monsterinsights_sitenote_note":"","_monsterinsights_sitenote_category":0,"footnotes":""},"class_list":["post-4068","page","type-page","status-publish","hentry"],"acf":[],"yoast_head":"<!-- This site is optimized with the Yoast SEO plugin v27.4 - https:\/\/yoast.com\/product\/yoast-seo-wordpress\/ -->\n<title>Ils t\u00e9moignent - R\u00e9seau Entreprendre Loir et Berry<\/title>\n<meta name=\"robots\" content=\"index, follow, max-snippet:-1, max-image-preview:large, max-video-preview:-1\" \/>\n<link rel=\"canonical\" href=\"https:\/\/www.reseau-entreprendre.org\/loir-et-berry\/ils-temoignent-v2\/\" \/>\n<meta property=\"og:locale\" content=\"fr_FR\" \/>\n<meta property=\"og:type\" content=\"article\" \/>\n<meta property=\"og:title\" content=\"Ils t\u00e9moignent - R\u00e9seau Entreprendre Loir et Berry\" \/>\n<meta property=\"og:description\" content=\"Nous sommes une communaut\u00e9 de 14 000 chefs d\u2019entreprise. D\u00e9couvrez\" \/>\n<meta property=\"og:url\" content=\"https:\/\/www.reseau-entreprendre.org\/loir-et-berry\/ils-temoignent-v2\/\" \/>\n<meta property=\"og:site_name\" content=\"R\u00e9seau Entreprendre Loir et Berry\" \/>\n<meta property=\"article:modified_time\" content=\"2024-12-03T12:57:48+00:00\" \/>\n<meta name=\"twitter:card\" content=\"summary_large_image\" \/>\n<meta name=\"twitter:label1\" content=\"Dur\u00e9e de lecture estim\u00e9e\" \/>\n\t<meta name=\"twitter:data1\" content=\"2 minutes\" \/>\n<script type=\"application\/ld+json\" class=\"yoast-schema-graph\">{\"@context\":\"https:\\\/\\\/schema.org\",\"@graph\":[{\"@type\":\"WebPage\",\"@id\":\"https:\\\/\\\/www.reseau-entreprendre.org\\\/loir-et-berry\\\/ils-temoignent-v2\\\/\",\"url\":\"https:\\\/\\\/www.reseau-entreprendre.org\\\/loir-et-berry\\\/ils-temoignent-v2\\\/\",\"name\":\"Ils t\u00e9moignent - R\u00e9seau Entreprendre Loir et Berry\",\"isPartOf\":{\"@id\":\"https:\\\/\\\/www.reseau-entreprendre.org\\\/loir-et-berry\\\/#website\"},\"primaryImageOfPage\":{\"@id\":\"https:\\\/\\\/www.reseau-entreprendre.org\\\/loir-et-berry\\\/ils-temoignent-v2\\\/#primaryimage\"},\"image\":{\"@id\":\"https:\\\/\\\/www.reseau-entreprendre.org\\\/loir-et-berry\\\/ils-temoignent-v2\\\/#primaryimage\"},\"thumbnailUrl\":\"https:\\\/\\\/www.reseau-entreprendre.org\\\/loir-et-berry\\\/wp-content\\\/uploads\\\/sites\\\/82\\\/2021\\\/09\\\/ils-temoignent-banner-compressed.jpg\",\"datePublished\":\"2024-12-02T11:46:52+00:00\",\"dateModified\":\"2024-12-03T12:57:48+00:00\",\"breadcrumb\":{\"@id\":\"https:\\\/\\\/www.reseau-entreprendre.org\\\/loir-et-berry\\\/ils-temoignent-v2\\\/#breadcrumb\"},\"inLanguage\":\"fr-FR\",\"potentialAction\":[{\"@type\":\"ReadAction\",\"target\":[\"https:\\\/\\\/www.reseau-entreprendre.org\\\/loir-et-berry\\\/ils-temoignent-v2\\\/\"]}]},{\"@type\":\"ImageObject\",\"inLanguage\":\"fr-FR\",\"@id\":\"https:\\\/\\\/www.reseau-entreprendre.org\\\/loir-et-berry\\\/ils-temoignent-v2\\\/#primaryimage\",\"url\":\"\",\"contentUrl\":\"\",\"width\":506,\"height\":490},{\"@type\":\"BreadcrumbList\",\"@id\":\"https:\\\/\\\/www.reseau-entreprendre.org\\\/loir-et-berry\\\/ils-temoignent-v2\\\/#breadcrumb\",\"itemListElement\":[{\"@type\":\"ListItem\",\"position\":1,\"name\":\"Accueil\",\"item\":\"https:\\\/\\\/www.reseau-entreprendre.org\\\/loir-et-berry\\\/\"},{\"@type\":\"ListItem\",\"position\":2,\"name\":\"Ils t\u00e9moignent\"}]},{\"@type\":\"WebSite\",\"@id\":\"https:\\\/\\\/www.reseau-entreprendre.org\\\/loir-et-berry\\\/#website\",\"url\":\"https:\\\/\\\/www.reseau-entreprendre.org\\\/loir-et-berry\\\/\",\"name\":\"R\u00e9seau Entreprendre Loir et Berry\",\"description\":\"Un site utilisant Les sites de R\u00e9seau Entreprendre\",\"potentialAction\":[{\"@type\":\"SearchAction\",\"target\":{\"@type\":\"EntryPoint\",\"urlTemplate\":\"https:\\\/\\\/www.reseau-entreprendre.org\\\/loir-et-berry\\\/?s={search_term_string}\"},\"query-input\":{\"@type\":\"PropertyValueSpecification\",\"valueRequired\":true,\"valueName\":\"search_term_string\"}}],\"inLanguage\":\"fr-FR\"}]}<\/script>\n<!-- \/ Yoast SEO plugin. -->","yoast_head_json":{"title":"Ils t\u00e9moignent - R\u00e9seau Entreprendre Loir et Berry","robots":{"index":"index","follow":"follow","max-snippet":"max-snippet:-1","max-image-preview":"max-image-preview:large","max-video-preview":"max-video-preview:-1"},"canonical":"https:\/\/www.reseau-entreprendre.org\/loir-et-berry\/ils-temoignent-v2\/","og_locale":"fr_FR","og_type":"article","og_title":"Ils t\u00e9moignent - R\u00e9seau Entreprendre Loir et Berry","og_description":"Nous sommes une communaut\u00e9 de 14 000 chefs d\u2019entreprise. D\u00e9couvrez","og_url":"https:\/\/www.reseau-entreprendre.org\/loir-et-berry\/ils-temoignent-v2\/","og_site_name":"R\u00e9seau Entreprendre Loir et Berry","article_modified_time":"2024-12-03T12:57:48+00:00","twitter_card":"summary_large_image","twitter_misc":{"Dur\u00e9e de lecture estim\u00e9e":"2 minutes"},"schema":{"@context":"https:\/\/schema.org","@graph":[{"@type":"WebPage","@id":"https:\/\/www.reseau-entreprendre.org\/loir-et-berry\/ils-temoignent-v2\/","url":"https:\/\/www.reseau-entreprendre.org\/loir-et-berry\/ils-temoignent-v2\/","name":"Ils t\u00e9moignent - R\u00e9seau Entreprendre Loir et Berry","isPartOf":{"@id":"https:\/\/www.reseau-entreprendre.org\/loir-et-berry\/#website"},"primaryImageOfPage":{"@id":"https:\/\/www.reseau-entreprendre.org\/loir-et-berry\/ils-temoignent-v2\/#primaryimage"},"image":{"@id":"https:\/\/www.reseau-entreprendre.org\/loir-et-berry\/ils-temoignent-v2\/#primaryimage"},"thumbnailUrl":"https:\/\/www.reseau-entreprendre.org\/loir-et-berry\/wp-content\/uploads\/sites\/82\/2021\/09\/ils-temoignent-banner-compressed.jpg","datePublished":"2024-12-02T11:46:52+00:00","dateModified":"2024-12-03T12:57:48+00:00","breadcrumb":{"@id":"https:\/\/www.reseau-entreprendre.org\/loir-et-berry\/ils-temoignent-v2\/#breadcrumb"},"inLanguage":"fr-FR","potentialAction":[{"@type":"ReadAction","target":["https:\/\/www.reseau-entreprendre.org\/loir-et-berry\/ils-temoignent-v2\/"]}]},{"@type":"ImageObject","inLanguage":"fr-FR","@id":"https:\/\/www.reseau-entreprendre.org\/loir-et-berry\/ils-temoignent-v2\/#primaryimage","url":"","contentUrl":"","width":506,"height":490},{"@type":"BreadcrumbList","@id":"https:\/\/www.reseau-entreprendre.org\/loir-et-berry\/ils-temoignent-v2\/#breadcrumb","itemListElement":[{"@type":"ListItem","position":1,"name":"Accueil","item":"https:\/\/www.reseau-entreprendre.org\/loir-et-berry\/"},{"@type":"ListItem","position":2,"name":"Ils t\u00e9moignent"}]},{"@type":"WebSite","@id":"https:\/\/www.reseau-entreprendre.org\/loir-et-berry\/#website","url":"https:\/\/www.reseau-entreprendre.org\/loir-et-berry\/","name":"R\u00e9seau Entreprendre Loir et Berry","description":"Un site utilisant Les sites de R\u00e9seau Entreprendre","potentialAction":[{"@type":"SearchAction","target":{"@type":"EntryPoint","urlTemplate":"https:\/\/www.reseau-entreprendre.org\/loir-et-berry\/?s={search_term_string}"},"query-input":{"@type":"PropertyValueSpecification","valueRequired":true,"valueName":"search_term_string"}}],"inLanguage":"fr-FR"}]}},"_links":{"self":[{"href":"https:\/\/www.reseau-entreprendre.org\/loir-et-berry\/wp-json\/wp\/v2\/pages\/4068","targetHints":{"allow":["GET"]}}],"collection":[{"href":"https:\/\/www.reseau-entreprendre.org\/loir-et-berry\/wp-json\/wp\/v2\/pages"}],"about":[{"href":"https:\/\/www.reseau-entreprendre.org\/loir-et-berry\/wp-json\/wp\/v2\/types\/page"}],"author":[{"embeddable":true,"href":"https:\/\/www.reseau-entreprendre.org\/loir-et-berry\/wp-json\/wp\/v2\/users\/163"}],"replies":[{"embeddable":true,"href":"https:\/\/www.reseau-entreprendre.org\/loir-et-berry\/wp-json\/wp\/v2\/comments?post=4068"}],"version-history":[{"count":0,"href":"https:\/\/www.reseau-entreprendre.org\/loir-et-berry\/wp-json\/wp\/v2\/pages\/4068\/revisions"}],"wp:attachment":[{"href":"https:\/\/www.reseau-entreprendre.org\/loir-et-berry\/wp-json\/wp\/v2\/media?parent=4068"}],"curies":[{"name":"wp","href":"https:\/\/api.w.org\/{rel}","templated":true}]}}