{"id":17,"date":"2020-02-18T12:34:01","date_gmt":"2020-02-18T11:34:01","guid":{"rendered":"http:\/\/re-preprod-entreprendre.fr\/val-de-loire\/?page_id=17"},"modified":"2023-02-10T15:19:21","modified_gmt":"2023-02-10T14:19:21","slug":"soutenir","status":"publish","type":"page","link":"https:\/\/www.reseau-entreprendre.org\/loire-vallee\/soutenir\/","title":{"rendered":"Soutenir"},"content":{"rendered":"\n<div class=\"wp-block-columns is-layout-flex wp-container-core-columns-is-layout-9d6595d7 wp-block-columns-is-layout-flex\">\n<div class=\"wp-block-column is-layout-flow wp-block-column-is-layout-flow\">\n<figure class=\"wp-block-image size-large is-style-default\"><img loading=\"lazy\" decoding=\"async\" width=\"1024\" height=\"682\" src=\"https:\/\/www.reseau-entreprendre.org\/loire-vallee\/wp-content\/uploads\/sites\/74\/2022\/07\/IMG_3656-1-1024x682.jpg\" alt=\"\" class=\"wp-image-1505\" srcset=\"https:\/\/www.reseau-entreprendre.org\/loire-vallee\/wp-content\/uploads\/sites\/74\/2022\/07\/IMG_3656-1-1024x682.jpg 1024w, https:\/\/www.reseau-entreprendre.org\/loire-vallee\/wp-content\/uploads\/sites\/74\/2022\/07\/IMG_3656-1-300x200.jpg 300w, https:\/\/www.reseau-entreprendre.org\/loire-vallee\/wp-content\/uploads\/sites\/74\/2022\/07\/IMG_3656-1-768x512.jpg 768w, https:\/\/www.reseau-entreprendre.org\/loire-vallee\/wp-content\/uploads\/sites\/74\/2022\/07\/IMG_3656-1-391x260.jpg 391w, https:\/\/www.reseau-entreprendre.org\/loire-vallee\/wp-content\/uploads\/sites\/74\/2022\/07\/IMG_3656-1-1536x1024.jpg 1536w, https:\/\/www.reseau-entreprendre.org\/loire-vallee\/wp-content\/uploads\/sites\/74\/2022\/07\/IMG_3656-1-195x130.jpg 195w, https:\/\/www.reseau-entreprendre.org\/loire-vallee\/wp-content\/uploads\/sites\/74\/2022\/07\/IMG_3656-1.jpg 2000w\" sizes=\"auto, (max-width: 1024px) 100vw, 1024px\" \/><\/figure>\n<\/div>\n\n\n\n<div class=\"wp-block-column is-layout-flow wp-block-column-is-layout-flow\">\n<p>Depuis sa cr\u00e9ation, R\u00e9seau Entreprendre Loire Vall\u00e9e a nou\u00e9 de <strong>nombreux partenariats<\/strong> avec des institutions, collectivit\u00e9s, organismes financeurs, chambres consulaires, acteurs de l&#8217;accompagnement entrepreneurial, \u00e9tablissements d&#8217;enseignements sup\u00e9rieurs et grandes entreprises <strong>qui contribuent au d\u00e9veloppement de l&#8217;association<\/strong> et lui permet d&#8217;accompagner toujours plus d&#8217;entrepreneurs.<\/p>\n\n\n\n<p>Qu&#8217;ils soient <strong>partenaires financiers ou partenaires d&#8217;alliance<\/strong>, nous avons plaisir \u00e0 les <strong>impliquer dans la vie et les \u00e9v\u00e9nements de l&#8217;association. <\/strong><\/p>\n<\/div>\n<\/div>\n\n\n\n<h3 class=\"has-text-align-center has-white-color has-re-blue-background-color has-text-color has-background has-medium-font-size wp-block-heading\"><strong>Merci infiniment<\/strong> <strong>pour leur engagement \u00e0 nos c\u00f4t\u00e9s !<\/strong><\/h3>\n\n\n\n<p><\/p>\n\n\n\n<h2 class=\"has-re-blue-color has-text-color wp-block-heading\"><strong>Les partenaires financiers<\/strong><\/h2>\n\n\n\n<div class=\"wp-block-group\"><div class=\"wp-block-group__inner-container is-layout-constrained wp-block-group-is-layout-constrained\"><div data-block_645844cb01f38fea790ee94451a8f4e6 class=\"re-partners align\">\n  <\/div>\n<\/div><\/div>\n\n\n\n<hr class=\"wp-block-separator has-alpha-channel-opacity\" \/>\n\n\n\n<div style=\"height:100px\" aria-hidden=\"true\" class=\"wp-block-spacer\"><\/div>\n\n\n\n<h2 class=\"has-re-blue-color has-text-color wp-block-heading\"><strong>Les partenaires d&#8217;alliance<\/strong><\/h2>\n\n\n<div data-block_fb4e770969f91146df42f33322eeda2c class=\"re-partners align\">\n  <\/div>\n\n\n\n<div style=\"height:100px\" aria-hidden=\"true\" class=\"wp-block-spacer\"><\/div>\n\n\n\n<h2 class=\"has-re-blue-color has-text-color wp-block-heading\"><strong>Futurs partenaires ?<\/strong><\/h2>\n\n\n\n<p>Vous souhaitez, vous aussi, soutenir l&#8217;action de R\u00e9seau Entreprendre Loire Vall\u00e9e ? <\/p>\n\n\n\n<p class=\"has-re-blue-color has-text-color\"><strong>Prenez contact avec l&#8217;\u00e9quipe op\u00e9rationnelle : loirevallee@reseau-entreprendre.org<\/strong><\/p>\n","protected":false},"excerpt":{"rendered":"<p>Depuis sa cr\u00e9ation, R\u00e9seau Entreprendre Loire Vall\u00e9e a nou\u00e9 de<\/p>\n","protected":false},"author":102,"featured_media":0,"parent":0,"menu_order":0,"comment_status":"closed","ping_status":"closed","template":"","meta":{"_acf_changed":false,"_monsterinsights_skip_tracking":false,"_monsterinsights_sitenote_active":false,"_monsterinsights_sitenote_note":"","_monsterinsights_sitenote_category":0,"footnotes":""},"class_list":["post-17","page","type-page","status-publish","hentry"],"acf":[],"yoast_head":"<!-- This site is optimized with the Yoast SEO plugin v27.4 - https:\/\/yoast.com\/product\/yoast-seo-wordpress\/ -->\n<title>Soutenir | Reseau Entreprendre Loire Vall\u00e9e<\/title>\n<meta name=\"description\" content=\"Partenaire, vous souhaitez soutenir un r\u00e9seau 100% chefs d&#039;entreprise ? Rejoignez R\u00e9seau Entreprendre Loire Vall\u00e9e\" \/>\n<meta name=\"robots\" content=\"index, follow, max-snippet:-1, max-image-preview:large, max-video-preview:-1\" \/>\n<link rel=\"canonical\" href=\"https:\/\/www.reseau-entreprendre.org\/loire-vallee\/soutenir\/\" \/>\n<meta property=\"og:locale\" content=\"fr_FR\" \/>\n<meta property=\"og:type\" content=\"article\" \/>\n<meta property=\"og:title\" content=\"Soutenir | Reseau Entreprendre Loire Vall\u00e9e\" \/>\n<meta property=\"og:description\" content=\"Partenaire, vous souhaitez soutenir un r\u00e9seau 100% chefs d&#039;entreprise ? Rejoignez R\u00e9seau Entreprendre Loire Vall\u00e9e\" \/>\n<meta property=\"og:url\" content=\"https:\/\/www.reseau-entreprendre.org\/loire-vallee\/soutenir\/\" \/>\n<meta property=\"og:site_name\" content=\"R\u00e9seau Entreprendre Loire Vall\u00e9e\" \/>\n<meta property=\"article:modified_time\" content=\"2023-02-10T14:19:21+00:00\" \/>\n<meta property=\"og:image\" content=\"https:\/\/www.reseau-entreprendre.org\/loire-vallee\/wp-content\/uploads\/sites\/74\/2022\/07\/IMG_3656-1-1024x682.jpg\" \/>\n<meta name=\"twitter:card\" content=\"summary_large_image\" \/>\n<meta name=\"twitter:label1\" content=\"Dur\u00e9e de lecture estim\u00e9e\" \/>\n\t<meta name=\"twitter:data1\" content=\"2 minutes\" \/>\n<script type=\"application\/ld+json\" class=\"yoast-schema-graph\">{\"@context\":\"https:\\\/\\\/schema.org\",\"@graph\":[{\"@type\":\"WebPage\",\"@id\":\"https:\\\/\\\/www.reseau-entreprendre.org\\\/loire-vallee\\\/soutenir\\\/\",\"url\":\"https:\\\/\\\/www.reseau-entreprendre.org\\\/loire-vallee\\\/soutenir\\\/\",\"name\":\"Soutenir | Reseau Entreprendre Loire Vall\u00e9e\",\"isPartOf\":{\"@id\":\"https:\\\/\\\/www.reseau-entreprendre.org\\\/loire-vallee\\\/#website\"},\"primaryImageOfPage\":{\"@id\":\"https:\\\/\\\/www.reseau-entreprendre.org\\\/loire-vallee\\\/soutenir\\\/#primaryimage\"},\"image\":{\"@id\":\"https:\\\/\\\/www.reseau-entreprendre.org\\\/loire-vallee\\\/soutenir\\\/#primaryimage\"},\"thumbnailUrl\":\"https:\\\/\\\/www.reseau-entreprendre.org\\\/loire-vallee\\\/wp-content\\\/uploads\\\/sites\\\/74\\\/2022\\\/07\\\/IMG_3656-1-1024x682.jpg\",\"datePublished\":\"2020-02-18T11:34:01+00:00\",\"dateModified\":\"2023-02-10T14:19:21+00:00\",\"description\":\"Partenaire, vous souhaitez soutenir un r\u00e9seau 100% chefs d'entreprise ? Rejoignez R\u00e9seau Entreprendre Loire Vall\u00e9e\",\"breadcrumb\":{\"@id\":\"https:\\\/\\\/www.reseau-entreprendre.org\\\/loire-vallee\\\/soutenir\\\/#breadcrumb\"},\"inLanguage\":\"fr-FR\",\"potentialAction\":[{\"@type\":\"ReadAction\",\"target\":[\"https:\\\/\\\/www.reseau-entreprendre.org\\\/loire-vallee\\\/soutenir\\\/\"]}]},{\"@type\":\"ImageObject\",\"inLanguage\":\"fr-FR\",\"@id\":\"https:\\\/\\\/www.reseau-entreprendre.org\\\/loire-vallee\\\/soutenir\\\/#primaryimage\",\"url\":\"https:\\\/\\\/www.reseau-entreprendre.org\\\/loire-vallee\\\/wp-content\\\/uploads\\\/sites\\\/74\\\/2022\\\/07\\\/IMG_3656-1.jpg\",\"contentUrl\":\"https:\\\/\\\/www.reseau-entreprendre.org\\\/loire-vallee\\\/wp-content\\\/uploads\\\/sites\\\/74\\\/2022\\\/07\\\/IMG_3656-1.jpg\",\"width\":2000,\"height\":1333},{\"@type\":\"BreadcrumbList\",\"@id\":\"https:\\\/\\\/www.reseau-entreprendre.org\\\/loire-vallee\\\/soutenir\\\/#breadcrumb\",\"itemListElement\":[{\"@type\":\"ListItem\",\"position\":1,\"name\":\"Accueil\",\"item\":\"https:\\\/\\\/www.reseau-entreprendre.org\\\/loire-vallee\\\/\"},{\"@type\":\"ListItem\",\"position\":2,\"name\":\"Soutenir\"}]},{\"@type\":\"WebSite\",\"@id\":\"https:\\\/\\\/www.reseau-entreprendre.org\\\/loire-vallee\\\/#website\",\"url\":\"https:\\\/\\\/www.reseau-entreprendre.org\\\/loire-vallee\\\/\",\"name\":\"R\u00e9seau Entreprendre Loire Vall\u00e9e\",\"description\":\"Un site utilisant Les sites de R\u00e9seau Entreprendre\",\"potentialAction\":[{\"@type\":\"SearchAction\",\"target\":{\"@type\":\"EntryPoint\",\"urlTemplate\":\"https:\\\/\\\/www.reseau-entreprendre.org\\\/loire-vallee\\\/?s={search_term_string}\"},\"query-input\":{\"@type\":\"PropertyValueSpecification\",\"valueRequired\":true,\"valueName\":\"search_term_string\"}}],\"inLanguage\":\"fr-FR\"}]}<\/script>\n<!-- \/ Yoast SEO plugin. -->","yoast_head_json":{"title":"Soutenir | Reseau Entreprendre Loire Vall\u00e9e","description":"Partenaire, vous souhaitez soutenir un r\u00e9seau 100% chefs d'entreprise ? Rejoignez R\u00e9seau Entreprendre Loire Vall\u00e9e","robots":{"index":"index","follow":"follow","max-snippet":"max-snippet:-1","max-image-preview":"max-image-preview:large","max-video-preview":"max-video-preview:-1"},"canonical":"https:\/\/www.reseau-entreprendre.org\/loire-vallee\/soutenir\/","og_locale":"fr_FR","og_type":"article","og_title":"Soutenir | Reseau Entreprendre Loire Vall\u00e9e","og_description":"Partenaire, vous souhaitez soutenir un r\u00e9seau 100% chefs d'entreprise ? Rejoignez R\u00e9seau Entreprendre Loire Vall\u00e9e","og_url":"https:\/\/www.reseau-entreprendre.org\/loire-vallee\/soutenir\/","og_site_name":"R\u00e9seau Entreprendre Loire Vall\u00e9e","article_modified_time":"2023-02-10T14:19:21+00:00","og_image":[{"url":"https:\/\/www.reseau-entreprendre.org\/loire-vallee\/wp-content\/uploads\/sites\/74\/2022\/07\/IMG_3656-1-1024x682.jpg","type":"","width":"","height":""}],"twitter_card":"summary_large_image","twitter_misc":{"Dur\u00e9e de lecture estim\u00e9e":"2 minutes"},"schema":{"@context":"https:\/\/schema.org","@graph":[{"@type":"WebPage","@id":"https:\/\/www.reseau-entreprendre.org\/loire-vallee\/soutenir\/","url":"https:\/\/www.reseau-entreprendre.org\/loire-vallee\/soutenir\/","name":"Soutenir | Reseau Entreprendre Loire Vall\u00e9e","isPartOf":{"@id":"https:\/\/www.reseau-entreprendre.org\/loire-vallee\/#website"},"primaryImageOfPage":{"@id":"https:\/\/www.reseau-entreprendre.org\/loire-vallee\/soutenir\/#primaryimage"},"image":{"@id":"https:\/\/www.reseau-entreprendre.org\/loire-vallee\/soutenir\/#primaryimage"},"thumbnailUrl":"https:\/\/www.reseau-entreprendre.org\/loire-vallee\/wp-content\/uploads\/sites\/74\/2022\/07\/IMG_3656-1-1024x682.jpg","datePublished":"2020-02-18T11:34:01+00:00","dateModified":"2023-02-10T14:19:21+00:00","description":"Partenaire, vous souhaitez soutenir un r\u00e9seau 100% chefs d'entreprise ? Rejoignez R\u00e9seau Entreprendre Loire Vall\u00e9e","breadcrumb":{"@id":"https:\/\/www.reseau-entreprendre.org\/loire-vallee\/soutenir\/#breadcrumb"},"inLanguage":"fr-FR","potentialAction":[{"@type":"ReadAction","target":["https:\/\/www.reseau-entreprendre.org\/loire-vallee\/soutenir\/"]}]},{"@type":"ImageObject","inLanguage":"fr-FR","@id":"https:\/\/www.reseau-entreprendre.org\/loire-vallee\/soutenir\/#primaryimage","url":"https:\/\/www.reseau-entreprendre.org\/loire-vallee\/wp-content\/uploads\/sites\/74\/2022\/07\/IMG_3656-1.jpg","contentUrl":"https:\/\/www.reseau-entreprendre.org\/loire-vallee\/wp-content\/uploads\/sites\/74\/2022\/07\/IMG_3656-1.jpg","width":2000,"height":1333},{"@type":"BreadcrumbList","@id":"https:\/\/www.reseau-entreprendre.org\/loire-vallee\/soutenir\/#breadcrumb","itemListElement":[{"@type":"ListItem","position":1,"name":"Accueil","item":"https:\/\/www.reseau-entreprendre.org\/loire-vallee\/"},{"@type":"ListItem","position":2,"name":"Soutenir"}]},{"@type":"WebSite","@id":"https:\/\/www.reseau-entreprendre.org\/loire-vallee\/#website","url":"https:\/\/www.reseau-entreprendre.org\/loire-vallee\/","name":"R\u00e9seau Entreprendre Loire Vall\u00e9e","description":"Un site utilisant Les sites de R\u00e9seau Entreprendre","potentialAction":[{"@type":"SearchAction","target":{"@type":"EntryPoint","urlTemplate":"https:\/\/www.reseau-entreprendre.org\/loire-vallee\/?s={search_term_string}"},"query-input":{"@type":"PropertyValueSpecification","valueRequired":true,"valueName":"search_term_string"}}],"inLanguage":"fr-FR"}]}},"_links":{"self":[{"href":"https:\/\/www.reseau-entreprendre.org\/loire-vallee\/wp-json\/wp\/v2\/pages\/17","targetHints":{"allow":["GET"]}}],"collection":[{"href":"https:\/\/www.reseau-entreprendre.org\/loire-vallee\/wp-json\/wp\/v2\/pages"}],"about":[{"href":"https:\/\/www.reseau-entreprendre.org\/loire-vallee\/wp-json\/wp\/v2\/types\/page"}],"author":[{"embeddable":true,"href":"https:\/\/www.reseau-entreprendre.org\/loire-vallee\/wp-json\/wp\/v2\/users\/102"}],"replies":[{"embeddable":true,"href":"https:\/\/www.reseau-entreprendre.org\/loire-vallee\/wp-json\/wp\/v2\/comments?post=17"}],"version-history":[{"count":0,"href":"https:\/\/www.reseau-entreprendre.org\/loire-vallee\/wp-json\/wp\/v2\/pages\/17\/revisions"}],"wp:attachment":[{"href":"https:\/\/www.reseau-entreprendre.org\/loire-vallee\/wp-json\/wp\/v2\/media?parent=17"}],"curies":[{"name":"wp","href":"https:\/\/api.w.org\/{rel}","templated":true}]}}