{"id":13,"date":"2017-04-28T12:33:34","date_gmt":"2017-04-28T10:33:34","guid":{"rendered":"http:\/\/re-dev-entreprendre.fr\/loire\/?page_id=13"},"modified":"2025-08-07T15:10:25","modified_gmt":"2025-08-07T13:10:25","slug":"etre-accompagne","status":"publish","type":"page","link":"https:\/\/www.reseau-entreprendre.org\/loire\/etre-accompagne\/","title":{"rendered":"\u00catre accompagn\u00e9"},"content":{"rendered":"\n<p>Notre mission : contribuer \u00e0 la r\u00e9ussite de nouveaux entrepreneurs significativement cr\u00e9ateurs d&#8217;emplois et de richesses sur le d\u00e9partement de la Loire.<\/p>\n\n\n\n<div style=\"height:40px\" aria-hidden=\"true\" class=\"wp-block-spacer\"><\/div>\n\n\n\n<div class=\"wp-block-columns is-layout-flex wp-container-core-columns-is-layout-9d6595d7 wp-block-columns-is-layout-flex\">\n<div class=\"wp-block-column is-layout-flow wp-block-column-is-layout-flow\">\n<h1 class=\"wp-block-heading has-text-color has-link-color wp-elements-744e94d5d268c9854ba1479fdca51d5e\" style=\"color:#2c909c;font-size:66px\">Parcours <strong>TREMPLIN<\/strong><\/h1>\n\n\n\n<p class=\"has-text-color has-link-color has-medium-font-size wp-elements-cb54221866d196736ff5495d184f0035\" style=\"color:#4acad0\"><strong>2 \u00e0 4 mois d\u2019accompagnement gratuit par des chefs d\u2019entreprise pour renforcer votre projet<\/strong><\/p>\n<\/div>\n<\/div>\n\n\n\n<h4 class=\"wp-block-heading has-text-color has-link-color wp-elements-ff5282be72d83308c5db01a14302064e\" style=\"color:#000000\"><strong><mark style=\"background-color:#4acad0\" class=\"has-inline-color\">QUI ACCOMPAGNE-T-ON ?<\/mark><\/strong><\/h4>\n\n\n\n<p class=\"has-text-color has-link-color wp-elements-356db8ecc75c8b446653a47def4a5167\" style=\"color:#000000\">\u2023 <strong>Cr\u00e9er des emplois<\/strong> au moins 5 emplois&nbsp; \u00e0 3 ans<\/p>\n\n\n\n<p>\u2023 <strong>Avoir un besoin de financement de 70k\u20ac <\/strong>(financ\u00e9 en partie par un pr\u00eat bancaire)<\/p>\n\n\n\n<p>\u2023 <strong>D\u00e9tenir la majorit\u00e9 <\/strong>de votre entreprise qui est votre activit\u00e9 principale<\/p>\n\n\n\n<p>\u2023 Partager <strong>nos valeurs<\/strong><\/p>\n\n\n\n<p>\u2023 Vouloir <strong>\u00eatre accompagn\u00e9<\/strong><\/p>\n\n\n\n<div style=\"height:30px\" aria-hidden=\"true\" class=\"wp-block-spacer\"><\/div>\n\n\n<div class=\"wp-block-image\">\n<figure class=\"aligncenter size-large is-resized\"><img loading=\"lazy\" decoding=\"async\" width=\"1024\" height=\"595\" src=\"https:\/\/www.reseau-entreprendre.org\/loire\/wp-content\/uploads\/sites\/31\/2025\/08\/PARCOURS-TREMPLIN-1024x595.png\" alt=\"\" class=\"wp-image-4400\" style=\"width:848px;height:auto\" srcset=\"https:\/\/www.reseau-entreprendre.org\/loire\/wp-content\/uploads\/sites\/31\/2025\/08\/PARCOURS-TREMPLIN-1024x595.png 1024w, https:\/\/www.reseau-entreprendre.org\/loire\/wp-content\/uploads\/sites\/31\/2025\/08\/PARCOURS-TREMPLIN-300x174.png 300w, https:\/\/www.reseau-entreprendre.org\/loire\/wp-content\/uploads\/sites\/31\/2025\/08\/PARCOURS-TREMPLIN-768x446.png 768w, https:\/\/www.reseau-entreprendre.org\/loire\/wp-content\/uploads\/sites\/31\/2025\/08\/PARCOURS-TREMPLIN-1536x893.png 1536w, https:\/\/www.reseau-entreprendre.org\/loire\/wp-content\/uploads\/sites\/31\/2025\/08\/PARCOURS-TREMPLIN-2048x1190.png 2048w, https:\/\/www.reseau-entreprendre.org\/loire\/wp-content\/uploads\/sites\/31\/2025\/08\/PARCOURS-TREMPLIN-210x122.png 210w, https:\/\/www.reseau-entreprendre.org\/loire\/wp-content\/uploads\/sites\/31\/2025\/08\/PARCOURS-TREMPLIN-100x58.png 100w\" sizes=\"auto, (max-width: 1024px) 100vw, 1024px\" \/><\/figure>\n<\/div>\n\n\n<div style=\"height:87px\" aria-hidden=\"true\" class=\"wp-block-spacer\"><\/div>\n\n\n\n<div class=\"wp-block-columns is-layout-flex wp-container-core-columns-is-layout-9d6595d7 wp-block-columns-is-layout-flex\">\n<div class=\"wp-block-column has-background is-layout-flow wp-block-column-is-layout-flow\" style=\"background-color:#e2e2e4\">\n<div style=\"height:15px\" aria-hidden=\"true\" class=\"wp-block-spacer\"><\/div>\n\n\n\n<h4 class=\"wp-block-heading has-text-align-center has-text-color has-link-color wp-elements-cb13e1e0e65580bee7da8563f30a4097\" id=\"parcours-start\" style=\"color:#c76730\"><strong>Parcours CREATION<\/strong><\/h4>\n\n\n\n<p class=\"has-text-align-center\">On vous accompagne pour renforcer votre projet et ainsi r\u00e9ussir votre cr\u00e9ation  d&#8217;entreprise<\/p>\n\n\n\n<div class=\"wp-block-buttons is-content-justification-center is-layout-flex wp-container-core-buttons-is-layout-16018d1d wp-block-buttons-is-layout-flex\">\n<div class=\"wp-block-button has-custom-width wp-block-button__width-75 is-style-fill\"><a class=\"wp-block-button__link has-background has-custom-font-size wp-element-button\" href=\"https:\/\/www.reseau-entreprendre.org\/loire\/start-reussir-sa-creation-dentreprise\/\" style=\"border-radius:0px;background-color:#eba040;font-size:15px\">Pour en savoir plus<\/a><\/div>\n<\/div>\n\n\n\n<div style=\"height:20px\" aria-hidden=\"true\" class=\"wp-block-spacer\"><\/div>\n<\/div>\n\n\n\n<div class=\"wp-block-column has-background is-layout-flow wp-block-column-is-layout-flow\" style=\"background-color:#e2e2e4\">\n<div style=\"height:15px\" aria-hidden=\"true\" class=\"wp-block-spacer\"><\/div>\n\n\n\n<h4 class=\"wp-block-heading has-text-align-center has-text-color has-link-color wp-elements-6b12dc0c86fd17c4f800e4247d8cf2b4\" id=\"parcours-booster\" style=\"color:#90273d\"><strong>Parcours REPRISE<\/strong><\/h4>\n\n\n\n<p class=\"has-text-align-center\">On vous accompagne pour renforcer votre projet et ainsi r\u00e9ussir votre reprise d&#8217;entreprise<\/p>\n\n\n\n<div class=\"wp-block-buttons is-content-justification-center is-layout-flex wp-container-core-buttons-is-layout-16018d1d wp-block-buttons-is-layout-flex\">\n<div class=\"wp-block-button has-custom-width wp-block-button__width-75\"><a class=\"wp-block-button__link has-white-color has-text-color has-background has-custom-font-size wp-element-button\" href=\"https:\/\/www.reseau-entreprendre.org\/loire\/reprise-entreprise-ligerien\/\" style=\"border-radius:0px;background-color:#eb5970;font-size:15px\"><strong>Pour en savoir plus<\/strong><\/a><\/div>\n<\/div>\n\n\n\n<div style=\"height:20px\" aria-hidden=\"true\" class=\"wp-block-spacer\"><\/div>\n<\/div>\n\n\n\n<div class=\"wp-block-column has-background is-layout-flow wp-block-column-is-layout-flow\" style=\"background-color:#e2e2e4\">\n<div style=\"height:15px\" aria-hidden=\"true\" class=\"wp-block-spacer\"><\/div>\n\n\n\n<h4 class=\"wp-block-heading has-text-align-center has-text-color has-link-color wp-elements-0248ba19cf09cf5f9c5b831dcb869a78\" id=\"parcours-ambition\" style=\"color:#4f3079\"><strong>Parcours CROISSANCE<\/strong><\/h4>\n\n\n\n<p class=\"has-text-align-center\">On vous accompagne pour passer un cap de d\u00e9veloppement significatif et\/ou changer d&#8217;\u00e9chelle<\/p>\n\n\n\n<div class=\"wp-block-buttons is-content-justification-center is-layout-flex wp-container-core-buttons-is-layout-16018d1d wp-block-buttons-is-layout-flex\">\n<div class=\"wp-block-button has-custom-width wp-block-button__width-75\"><a class=\"wp-block-button__link has-white-color has-text-color has-background has-custom-font-size wp-element-button\" href=\"https:\/\/www.reseau-entreprendre.org\/loire\/accompagnement-developpement-entreprise\/\" style=\"border-radius:0px;background-color:#bb37aa;font-size:15px\"><strong>Pour en savoir plus<\/strong><\/a><\/div>\n<\/div>\n\n\n\n<div style=\"height:20px\" aria-hidden=\"true\" class=\"wp-block-spacer\"><\/div>\n<\/div>\n<\/div>\n\n\n\n<hr class=\"wp-block-separator has-css-opacity\" \/>\n\n\n\n<div style=\"height:40px\" aria-hidden=\"true\" class=\"wp-block-spacer\"><\/div>\n\n\n\n<h5 class=\"wp-block-heading has-text-align-center\" id=\"vous-souhaitez-etre-accompagne-par-reseau-entreprendre-loire\">Vous souhaitez \u00eatre accompagn\u00e9 par R\u00e9seau Entreprendre Loire ?<\/h5>\n\n\n\n<div style=\"height:25px\" aria-hidden=\"true\" class=\"wp-block-spacer\"><\/div>\n\n\n\n<h4 class=\"wp-block-heading has-text-align-center\" id=\"contactez-nous\"><a href=\"https:\/\/www.reseau-entreprendre.org\/fr\/sengager\/formulaire-benevole\/\"><strong>CONTACTEZ-NOUS !<\/strong><\/a><\/h4>\n\n\n\n<p><\/p>\n","protected":false},"excerpt":{"rendered":"<p>Notre mission : contribuer \u00e0 la r\u00e9ussite de nouveaux entrepreneurs<\/p>\n","protected":false},"author":32,"featured_media":0,"parent":0,"menu_order":0,"comment_status":"closed","ping_status":"closed","template":"","meta":{"_acf_changed":false,"_monsterinsights_skip_tracking":false,"_monsterinsights_sitenote_active":false,"_monsterinsights_sitenote_note":"","_monsterinsights_sitenote_category":0,"footnotes":""},"class_list":["post-13","page","type-page","status-publish","hentry"],"acf":[],"yoast_head":"<!-- This site is optimized with the Yoast SEO plugin v27.4 - https:\/\/yoast.com\/product\/yoast-seo-wordpress\/ -->\n<title>Entreprendre | Reseau Entreprendre Loire<\/title>\n<meta name=\"description\" content=\"Entrepreneur, R\u00e9seau Entreprendre Loire vous accompagne dans votre cr\u00e9ation, reprise ou d\u00e9veloppement d&#039;entreprise.\" \/>\n<meta name=\"robots\" content=\"index, follow, max-snippet:-1, max-image-preview:large, max-video-preview:-1\" \/>\n<link rel=\"canonical\" href=\"https:\/\/www.reseau-entreprendre.org\/loire\/etre-accompagne\/\" \/>\n<meta property=\"og:locale\" content=\"fr_FR\" \/>\n<meta property=\"og:type\" content=\"article\" \/>\n<meta property=\"og:title\" content=\"Entreprendre | Reseau Entreprendre Loire\" \/>\n<meta property=\"og:description\" content=\"Entrepreneur, R\u00e9seau Entreprendre Loire vous accompagne dans votre cr\u00e9ation, reprise ou d\u00e9veloppement d&#039;entreprise.\" \/>\n<meta property=\"og:url\" content=\"https:\/\/www.reseau-entreprendre.org\/loire\/etre-accompagne\/\" \/>\n<meta property=\"og:site_name\" content=\"R\u00e9seau Entreprendre Loire\" \/>\n<meta property=\"article:modified_time\" content=\"2025-08-07T13:10:25+00:00\" \/>\n<meta property=\"og:image\" content=\"https:\/\/www.reseau-entreprendre.org\/loire\/wp-content\/uploads\/sites\/31\/2025\/08\/PARCOURS-TREMPLIN-scaled.png\" \/>\n\t<meta property=\"og:image:width\" content=\"2560\" \/>\n\t<meta property=\"og:image:height\" content=\"1488\" \/>\n\t<meta property=\"og:image:type\" content=\"image\/png\" \/>\n<meta name=\"twitter:card\" content=\"summary_large_image\" \/>\n<meta name=\"twitter:label1\" content=\"Dur\u00e9e de lecture estim\u00e9e\" \/>\n\t<meta name=\"twitter:data1\" content=\"1 minute\" \/>\n<script type=\"application\/ld+json\" class=\"yoast-schema-graph\">{\"@context\":\"https:\\\/\\\/schema.org\",\"@graph\":[{\"@type\":\"WebPage\",\"@id\":\"https:\\\/\\\/www.reseau-entreprendre.org\\\/loire\\\/etre-accompagne\\\/\",\"url\":\"https:\\\/\\\/www.reseau-entreprendre.org\\\/loire\\\/etre-accompagne\\\/\",\"name\":\"Entreprendre | Reseau Entreprendre Loire\",\"isPartOf\":{\"@id\":\"https:\\\/\\\/www.reseau-entreprendre.org\\\/loire\\\/#website\"},\"primaryImageOfPage\":{\"@id\":\"https:\\\/\\\/www.reseau-entreprendre.org\\\/loire\\\/etre-accompagne\\\/#primaryimage\"},\"image\":{\"@id\":\"https:\\\/\\\/www.reseau-entreprendre.org\\\/loire\\\/etre-accompagne\\\/#primaryimage\"},\"thumbnailUrl\":\"https:\\\/\\\/www.reseau-entreprendre.org\\\/loire\\\/wp-content\\\/uploads\\\/sites\\\/31\\\/2025\\\/08\\\/PARCOURS-TREMPLIN-1024x595.png\",\"datePublished\":\"2017-04-28T10:33:34+00:00\",\"dateModified\":\"2025-08-07T13:10:25+00:00\",\"description\":\"Entrepreneur, R\u00e9seau Entreprendre Loire vous accompagne dans votre cr\u00e9ation, reprise ou d\u00e9veloppement d'entreprise.\",\"breadcrumb\":{\"@id\":\"https:\\\/\\\/www.reseau-entreprendre.org\\\/loire\\\/etre-accompagne\\\/#breadcrumb\"},\"inLanguage\":\"fr-FR\",\"potentialAction\":[{\"@type\":\"ReadAction\",\"target\":[\"https:\\\/\\\/www.reseau-entreprendre.org\\\/loire\\\/etre-accompagne\\\/\"]}]},{\"@type\":\"ImageObject\",\"inLanguage\":\"fr-FR\",\"@id\":\"https:\\\/\\\/www.reseau-entreprendre.org\\\/loire\\\/etre-accompagne\\\/#primaryimage\",\"url\":\"https:\\\/\\\/www.reseau-entreprendre.org\\\/loire\\\/wp-content\\\/uploads\\\/sites\\\/31\\\/2025\\\/08\\\/PARCOURS-TREMPLIN-scaled.png\",\"contentUrl\":\"https:\\\/\\\/www.reseau-entreprendre.org\\\/loire\\\/wp-content\\\/uploads\\\/sites\\\/31\\\/2025\\\/08\\\/PARCOURS-TREMPLIN-scaled.png\",\"width\":2560,\"height\":1488},{\"@type\":\"BreadcrumbList\",\"@id\":\"https:\\\/\\\/www.reseau-entreprendre.org\\\/loire\\\/etre-accompagne\\\/#breadcrumb\",\"itemListElement\":[{\"@type\":\"ListItem\",\"position\":1,\"name\":\"Accueil\",\"item\":\"https:\\\/\\\/www.reseau-entreprendre.org\\\/loire\\\/\"},{\"@type\":\"ListItem\",\"position\":2,\"name\":\"\u00catre accompagn\u00e9\"}]},{\"@type\":\"WebSite\",\"@id\":\"https:\\\/\\\/www.reseau-entreprendre.org\\\/loire\\\/#website\",\"url\":\"https:\\\/\\\/www.reseau-entreprendre.org\\\/loire\\\/\",\"name\":\"R\u00e9seau Entreprendre Loire\",\"description\":\"Un site utilisant Les sites de R\u00e9seau Entreprendre\",\"potentialAction\":[{\"@type\":\"SearchAction\",\"target\":{\"@type\":\"EntryPoint\",\"urlTemplate\":\"https:\\\/\\\/www.reseau-entreprendre.org\\\/loire\\\/?s={search_term_string}\"},\"query-input\":{\"@type\":\"PropertyValueSpecification\",\"valueRequired\":true,\"valueName\":\"search_term_string\"}}],\"inLanguage\":\"fr-FR\"}]}<\/script>\n<!-- \/ Yoast SEO plugin. -->","yoast_head_json":{"title":"Entreprendre | Reseau Entreprendre Loire","description":"Entrepreneur, R\u00e9seau Entreprendre Loire vous accompagne dans votre cr\u00e9ation, reprise ou d\u00e9veloppement d'entreprise.","robots":{"index":"index","follow":"follow","max-snippet":"max-snippet:-1","max-image-preview":"max-image-preview:large","max-video-preview":"max-video-preview:-1"},"canonical":"https:\/\/www.reseau-entreprendre.org\/loire\/etre-accompagne\/","og_locale":"fr_FR","og_type":"article","og_title":"Entreprendre | Reseau Entreprendre Loire","og_description":"Entrepreneur, R\u00e9seau Entreprendre Loire vous accompagne dans votre cr\u00e9ation, reprise ou d\u00e9veloppement d'entreprise.","og_url":"https:\/\/www.reseau-entreprendre.org\/loire\/etre-accompagne\/","og_site_name":"R\u00e9seau Entreprendre Loire","article_modified_time":"2025-08-07T13:10:25+00:00","og_image":[{"width":2560,"height":1488,"url":"https:\/\/www.reseau-entreprendre.org\/loire\/wp-content\/uploads\/sites\/31\/2025\/08\/PARCOURS-TREMPLIN-scaled.png","type":"image\/png"}],"twitter_card":"summary_large_image","twitter_misc":{"Dur\u00e9e de lecture estim\u00e9e":"1 minute"},"schema":{"@context":"https:\/\/schema.org","@graph":[{"@type":"WebPage","@id":"https:\/\/www.reseau-entreprendre.org\/loire\/etre-accompagne\/","url":"https:\/\/www.reseau-entreprendre.org\/loire\/etre-accompagne\/","name":"Entreprendre | Reseau Entreprendre Loire","isPartOf":{"@id":"https:\/\/www.reseau-entreprendre.org\/loire\/#website"},"primaryImageOfPage":{"@id":"https:\/\/www.reseau-entreprendre.org\/loire\/etre-accompagne\/#primaryimage"},"image":{"@id":"https:\/\/www.reseau-entreprendre.org\/loire\/etre-accompagne\/#primaryimage"},"thumbnailUrl":"https:\/\/www.reseau-entreprendre.org\/loire\/wp-content\/uploads\/sites\/31\/2025\/08\/PARCOURS-TREMPLIN-1024x595.png","datePublished":"2017-04-28T10:33:34+00:00","dateModified":"2025-08-07T13:10:25+00:00","description":"Entrepreneur, R\u00e9seau Entreprendre Loire vous accompagne dans votre cr\u00e9ation, reprise ou d\u00e9veloppement d'entreprise.","breadcrumb":{"@id":"https:\/\/www.reseau-entreprendre.org\/loire\/etre-accompagne\/#breadcrumb"},"inLanguage":"fr-FR","potentialAction":[{"@type":"ReadAction","target":["https:\/\/www.reseau-entreprendre.org\/loire\/etre-accompagne\/"]}]},{"@type":"ImageObject","inLanguage":"fr-FR","@id":"https:\/\/www.reseau-entreprendre.org\/loire\/etre-accompagne\/#primaryimage","url":"https:\/\/www.reseau-entreprendre.org\/loire\/wp-content\/uploads\/sites\/31\/2025\/08\/PARCOURS-TREMPLIN-scaled.png","contentUrl":"https:\/\/www.reseau-entreprendre.org\/loire\/wp-content\/uploads\/sites\/31\/2025\/08\/PARCOURS-TREMPLIN-scaled.png","width":2560,"height":1488},{"@type":"BreadcrumbList","@id":"https:\/\/www.reseau-entreprendre.org\/loire\/etre-accompagne\/#breadcrumb","itemListElement":[{"@type":"ListItem","position":1,"name":"Accueil","item":"https:\/\/www.reseau-entreprendre.org\/loire\/"},{"@type":"ListItem","position":2,"name":"\u00catre accompagn\u00e9"}]},{"@type":"WebSite","@id":"https:\/\/www.reseau-entreprendre.org\/loire\/#website","url":"https:\/\/www.reseau-entreprendre.org\/loire\/","name":"R\u00e9seau Entreprendre Loire","description":"Un site utilisant Les sites de R\u00e9seau Entreprendre","potentialAction":[{"@type":"SearchAction","target":{"@type":"EntryPoint","urlTemplate":"https:\/\/www.reseau-entreprendre.org\/loire\/?s={search_term_string}"},"query-input":{"@type":"PropertyValueSpecification","valueRequired":true,"valueName":"search_term_string"}}],"inLanguage":"fr-FR"}]}},"_links":{"self":[{"href":"https:\/\/www.reseau-entreprendre.org\/loire\/wp-json\/wp\/v2\/pages\/13","targetHints":{"allow":["GET"]}}],"collection":[{"href":"https:\/\/www.reseau-entreprendre.org\/loire\/wp-json\/wp\/v2\/pages"}],"about":[{"href":"https:\/\/www.reseau-entreprendre.org\/loire\/wp-json\/wp\/v2\/types\/page"}],"author":[{"embeddable":true,"href":"https:\/\/www.reseau-entreprendre.org\/loire\/wp-json\/wp\/v2\/users\/32"}],"replies":[{"embeddable":true,"href":"https:\/\/www.reseau-entreprendre.org\/loire\/wp-json\/wp\/v2\/comments?post=13"}],"version-history":[{"count":0,"href":"https:\/\/www.reseau-entreprendre.org\/loire\/wp-json\/wp\/v2\/pages\/13\/revisions"}],"wp:attachment":[{"href":"https:\/\/www.reseau-entreprendre.org\/loire\/wp-json\/wp\/v2\/media?parent=13"}],"curies":[{"name":"wp","href":"https:\/\/api.w.org\/{rel}","templated":true}]}}