{"id":15,"date":"2017-04-28T12:33:47","date_gmt":"2017-04-28T10:33:47","guid":{"rendered":"http:\/\/re-dev-entreprendre.fr\/loire\/?page_id=15"},"modified":"2023-08-08T14:57:25","modified_gmt":"2023-08-08T12:57:25","slug":"sengager","status":"publish","type":"page","link":"https:\/\/www.reseau-entreprendre.org\/loire\/sengager\/","title":{"rendered":"S&#8217;engager"},"content":{"rendered":"\n<h2 class=\"wp-block-heading has-text-align-center has-re-red-color has-text-color has-large-font-size\" style=\"font-style:normal;font-weight:700\">Une implication \u00e0 la carte<\/h2>\n\n\n\n<div style=\"height:25px\" aria-hidden=\"true\" class=\"wp-block-spacer\"><\/div>\n\n\n\n<ul class=\"has-medium-font-size wp-block-list\">\n<li>Contribuez au d\u00e9veloppement \u00e9conomique local<\/li>\n\n\n\n<li>Animez, t\u00e9moignez et transmettez votre passion d\u2019entreprendre \u00e0 de nouveaux entrepreneurs<\/li>\n\n\n\n<li>Grandissez au contact de dirigeants d\u2019entreprise lig\u00e9riens<\/li>\n<\/ul>\n\n\n\n<div style=\"height:26px\" aria-hidden=\"true\" class=\"wp-block-spacer\"><\/div>\n\n\n\n<div class=\"wp-block-columns has-background is-layout-flex wp-container-core-columns-is-layout-9d6595d7 wp-block-columns-is-layout-flex\" style=\"background-color:#f8f8fc\">\n<div class=\"wp-block-column is-layout-flow wp-block-column-is-layout-flow\"><div class=\"wp-block-image is-style-default\">\n<figure class=\"aligncenter size-full is-resized\"><img loading=\"lazy\" decoding=\"async\" src=\"https:\/\/www.reseau-entreprendre.org\/loire\/wp-content\/uploads\/sites\/31\/2022\/04\/picto__dialogue.png\" alt=\"\" class=\"wp-image-3191\" width=\"124\" height=\"123\" srcset=\"https:\/\/www.reseau-entreprendre.org\/loire\/wp-content\/uploads\/sites\/31\/2022\/04\/picto__dialogue.png 136w, https:\/\/www.reseau-entreprendre.org\/loire\/wp-content\/uploads\/sites\/31\/2022\/04\/picto__dialogue-131x130.png 131w\" sizes=\"auto, (max-width: 124px) 100vw, 124px\" \/><\/figure>\n<\/div>\n\n\n<h2 class=\"wp-block-heading has-text-align-center has-medium-font-size\" style=\"font-style:normal;font-weight:700;text-transform:uppercase\">Participer \u00e0 la s\u00e9lection des projets<\/h2>\n\n\n\n<div style=\"height:23px\" aria-hidden=\"true\" class=\"wp-block-spacer\"><\/div>\n\n\n\n<p class=\"has-text-align-center has-re-blue-color has-text-color\"><strong>Entretien de validation <\/strong><\/p>\n\n\n\n<p class=\"has-text-align-center has-small-font-size\"><em>Lors d\u2019un rendez-vous individuel de<br>2h avec un candidat, vous<br>apportez vos conseils et votre regard<br>exp\u00e9riment\u00e9 apr\u00e8s avoir \u00e9chang\u00e9 sur son projet.<\/em><\/p>\n\n\n\n<div style=\"height:10px\" aria-hidden=\"true\" class=\"wp-block-spacer\"><\/div>\n\n\n\n<p class=\"has-text-align-center has-re-blue-color has-text-color\"><strong>Comit\u00e9 d&#8217;engagement<\/strong><\/p>\n\n\n\n<p class=\"has-text-align-center has-small-font-size\"><em>Avec d\u2019autres membres, vous d\u00e9cidez&nbsp; si&nbsp;&nbsp;&nbsp;&nbsp;&nbsp;&nbsp;&nbsp;&nbsp; l\u2019association accompagne ou non,<br>humainement et&nbsp; financi\u00e8rement, un candidat<\/em>.<\/p>\n<\/div>\n\n\n\n<div class=\"wp-block-column is-layout-flow wp-block-column-is-layout-flow\"><div class=\"wp-block-image\">\n<figure class=\"aligncenter size-full is-resized\"><img decoding=\"async\" src=\"https:\/\/www.reseau-entreprendre.org\/loire\/wp-content\/uploads\/sites\/31\/2022\/04\/picto__ensemble-33.png\" alt=\"\" class=\"wp-image-3202\" height=\"123\" srcset=\"https:\/\/www.reseau-entreprendre.org\/loire\/wp-content\/uploads\/sites\/31\/2022\/04\/picto__ensemble-33.png 136w, https:\/\/www.reseau-entreprendre.org\/loire\/wp-content\/uploads\/sites\/31\/2022\/04\/picto__ensemble-33-130x130.png 130w\" sizes=\"(max-width: 136px) 100vw, 136px\" \/><\/figure>\n<\/div>\n\n\n<h2 class=\"wp-block-heading has-text-align-center has-medium-font-size\" style=\"font-style:normal;font-weight:700;text-transform:uppercase\">Accompagner des entrepreneurs<\/h2>\n\n\n\n<div style=\"height:23px\" aria-hidden=\"true\" class=\"wp-block-spacer\"><\/div>\n\n\n\n<p class=\"has-text-align-center has-re-red-color has-text-color\"><strong>L&#8217;accompagnement individuel<\/strong><\/p>\n\n\n\n<p class=\"has-text-align-center has-small-font-size\"><em>Pendant deux ans, lors de rendez-vous&nbsp;&nbsp;&nbsp;&nbsp;&nbsp;&nbsp;&nbsp;&nbsp;<br>individuels mensuels, vous \u00e9changez avec le Laur\u00e9at sur sa situation, ses interrogations et r\u00e9flexions.<\/em><\/p>\n\n\n\n<div style=\"height:10px\" aria-hidden=\"true\" class=\"wp-block-spacer\"><\/div>\n\n\n\n<p class=\"has-text-align-center has-re-red-color has-text-color\"><strong>L&#8217;animation des clubs de laur\u00e9ats<\/strong><\/p>\n\n\n\n<p class=\"has-text-align-center has-small-font-size\"><em>Autour d\u2019une th\u00e9matique d\u00e9finie, vous<br>intervenez aupr\u00e8s des Laur\u00e9ats gr\u00e2ce \u00e0 votre \u00ab&nbsp;\u0153il&nbsp;&nbsp;d\u2019expert&nbsp;&nbsp;\u00bb ou en tant que t\u00e9moin.<\/em><\/p>\n\n\n\n<div style=\"height:10px\" aria-hidden=\"true\" class=\"wp-block-spacer\"><\/div>\n\n\n\n<p class=\"has-text-align-center has-re-red-color has-text-color\"><strong>Commission Miroir<\/strong><\/p>\n\n\n\n<p class=\"has-text-align-center has-small-font-size\"><em>Vous intervenez dans une r\u00e9union de travail avec d\u2019autres membres, pour aider un laur\u00e9at sur sa probl\u00e9matique.<\/em><\/p>\n<\/div>\n\n\n\n<div class=\"wp-block-column is-layout-flow wp-block-column-is-layout-flow\"><div class=\"wp-block-image\">\n<figure class=\"aligncenter size-full is-resized\"><img decoding=\"async\" src=\"https:\/\/www.reseau-entreprendre.org\/loire\/wp-content\/uploads\/sites\/31\/2022\/04\/picto__chefs-entreprises.png\" alt=\"\" class=\"wp-image-3203\" height=\"123\" srcset=\"https:\/\/www.reseau-entreprendre.org\/loire\/wp-content\/uploads\/sites\/31\/2022\/04\/picto__chefs-entreprises.png 181w, https:\/\/www.reseau-entreprendre.org\/loire\/wp-content\/uploads\/sites\/31\/2022\/04\/picto__chefs-entreprises-173x130.png 173w\" sizes=\"(max-width: 181px) 100vw, 181px\" \/><\/figure>\n<\/div>\n\n\n<h2 class=\"wp-block-heading has-text-align-center has-medium-font-size\" style=\"font-style:normal;font-weight:700;text-transform:uppercase\">participer \u00e0 la vie de l\u2019association<\/h2>\n\n\n\n<div style=\"height:23px\" aria-hidden=\"true\" class=\"wp-block-spacer\"><\/div>\n\n\n\n<p class=\"has-text-align-center has-re-yellow-color has-text-color\"><strong>Commission Accompagnement ou Commission Communication<\/strong><\/p>\n\n\n\n<div style=\"height:10px\" aria-hidden=\"true\" class=\"wp-block-spacer\"><\/div>\n\n\n\n<p class=\"has-text-align-center has-re-yellow-color has-text-color\"><strong>Conseil d&#8217;administration<\/strong><\/p>\n\n\n\n<div style=\"height:11px\" aria-hidden=\"true\" class=\"wp-block-spacer\"><\/div>\n\n\n\n<p class=\"has-text-align-center has-re-yellow-color has-text-color\"><strong>Ev\u00e8nements<\/strong><\/p>\n\n\n\n<p class=\"has-text-align-center has-small-font-size\"><em>Rencontrer les membres, laur\u00e9ats et partenaires de l\u2019association sur nos \u00e9v\u00e8nements majeurs ou r\u00e9seautage.<\/em><\/p>\n\n\n\n<p><\/p>\n<\/div>\n<\/div>\n\n\n\n<div style=\"height:60px\" aria-hidden=\"true\" class=\"wp-block-spacer\"><\/div>\n\n\n\n<h2 class=\"wp-block-heading has-text-align-center has-re-red-color has-text-color has-large-font-size\" style=\"font-style:normal;font-weight:700\">Nos membres t\u00e9moignent<\/h2>\n\n\n\n<p class=\"has-text-align-center has-black-color has-text-color has-medium-font-size\"><a href=\"https:\/\/www.reseau-entreprendre.org\/loire\/2022\/04\/27\/nos-membres-temoignent\/\"><em>Lire les t\u00e9moignages dans leur int\u00e9gralit\u00e9<\/em><\/a><\/p>\n\n\n\n<div class=\"wp-block-columns is-layout-flex wp-container-core-columns-is-layout-9d6595d7 wp-block-columns-is-layout-flex\">\n<div class=\"wp-block-column is-layout-flow wp-block-column-is-layout-flow\">\n<figure class=\"wp-block-pullquote\"><blockquote><p>J\u2019ai particip\u00e9 \u00e0 l\u2019\u00e9poque \u00e0 une pr\u00e9sentation en petit-d\u00e9jeuner o\u00f9 j&#8217; ai&nbsp;Retrouv\u00e9 la convivialit\u00e9, l&#8217;esprit d&#8217;entreprendre, la r\u00e9ciprocit\u00e9 des membres et j&#8217; ai adh\u00e9r\u00e9 \u00e0 l&#8217; association&#8230;<\/p><\/blockquote><\/figure>\n\n\n<div class=\"wp-block-image\">\n<figure class=\"aligncenter size-full is-resized\"><img loading=\"lazy\" decoding=\"async\" src=\"https:\/\/www.reseau-entreprendre.org\/loire\/wp-content\/uploads\/sites\/31\/2022\/04\/Image4-3.png\" alt=\"\" class=\"wp-image-3212\" width=\"139\" height=\"139\" srcset=\"https:\/\/www.reseau-entreprendre.org\/loire\/wp-content\/uploads\/sites\/31\/2022\/04\/Image4-3.png 494w, https:\/\/www.reseau-entreprendre.org\/loire\/wp-content\/uploads\/sites\/31\/2022\/04\/Image4-3-300x300.png 300w, https:\/\/www.reseau-entreprendre.org\/loire\/wp-content\/uploads\/sites\/31\/2022\/04\/Image4-3-150x150.png 150w, https:\/\/www.reseau-entreprendre.org\/loire\/wp-content\/uploads\/sites\/31\/2022\/04\/Image4-3-130x130.png 130w\" sizes=\"auto, (max-width: 139px) 100vw, 139px\" \/><figcaption class=\"wp-element-caption\"><em>Philippe BASSON  NOVARESSORT<\/em><\/figcaption><\/figure>\n<\/div><\/div>\n\n\n\n<div class=\"wp-block-column is-layout-flow wp-block-column-is-layout-flow\">\n<figure class=\"wp-block-pullquote\"><blockquote><p>J\u2019y ai trouv\u00e9 une syntonie des valeurs familiales que nous partageons au sein de notre entreprise et qui sont \u00e9galement si ch\u00e8res au territoire st\u00e9phanois dans son ensemble..<\/p><\/blockquote><\/figure>\n\n\n<div class=\"wp-block-image\">\n<figure class=\"aligncenter size-large is-resized\"><img loading=\"lazy\" decoding=\"async\" src=\"https:\/\/www.reseau-entreprendre.org\/loire\/wp-content\/uploads\/sites\/31\/2022\/04\/Image6-5-1024x1024.png\" alt=\"\" class=\"wp-image-3216\" width=\"139\" height=\"139\" srcset=\"https:\/\/www.reseau-entreprendre.org\/loire\/wp-content\/uploads\/sites\/31\/2022\/04\/Image6-5-1024x1024.png 1024w, https:\/\/www.reseau-entreprendre.org\/loire\/wp-content\/uploads\/sites\/31\/2022\/04\/Image6-5-300x300.png 300w, https:\/\/www.reseau-entreprendre.org\/loire\/wp-content\/uploads\/sites\/31\/2022\/04\/Image6-5-150x150.png 150w, https:\/\/www.reseau-entreprendre.org\/loire\/wp-content\/uploads\/sites\/31\/2022\/04\/Image6-5-768x769.png 768w, https:\/\/www.reseau-entreprendre.org\/loire\/wp-content\/uploads\/sites\/31\/2022\/04\/Image6-5-1534x1536.png 1534w, https:\/\/www.reseau-entreprendre.org\/loire\/wp-content\/uploads\/sites\/31\/2022\/04\/Image6-5-2045x2048.png 2045w, https:\/\/www.reseau-entreprendre.org\/loire\/wp-content\/uploads\/sites\/31\/2022\/04\/Image6-5-130x130.png 130w\" sizes=\"auto, (max-width: 139px) 100vw, 139px\" \/><figcaption class=\"wp-element-caption\"><em>Fr\u00e9d\u00e9ric CHAMPAVERE  SAM OUTILLAGE<\/em><\/figcaption><\/figure>\n<\/div><\/div>\n\n\n\n<div class=\"wp-block-column is-layout-flow wp-block-column-is-layout-flow\">\n<figure class=\"wp-block-pullquote\"><blockquote><p>Je pourrais d\u00e9crire le R\u00e9seau comme un monde parall\u00e8le \u00e0 l\u2019environnement professionnel dans lequel vous op\u00e9rez : quand vous allez aux manifestations du R\u00e9seau, c\u2019est comme si vous preniez du recul sur votre activit\u00e9,&#8230;<\/p><\/blockquote><\/figure>\n\n\n<div class=\"wp-block-image\">\n<figure class=\"aligncenter size-large is-resized\"><img loading=\"lazy\" decoding=\"async\" src=\"https:\/\/www.reseau-entreprendre.org\/loire\/wp-content\/uploads\/sites\/31\/2022\/04\/Image3-4-1024x1024.png\" alt=\"\" class=\"wp-image-3214\" width=\"139\" height=\"139\" srcset=\"https:\/\/www.reseau-entreprendre.org\/loire\/wp-content\/uploads\/sites\/31\/2022\/04\/Image3-4-1024x1024.png 1024w, https:\/\/www.reseau-entreprendre.org\/loire\/wp-content\/uploads\/sites\/31\/2022\/04\/Image3-4-300x300.png 300w, https:\/\/www.reseau-entreprendre.org\/loire\/wp-content\/uploads\/sites\/31\/2022\/04\/Image3-4-150x150.png 150w, https:\/\/www.reseau-entreprendre.org\/loire\/wp-content\/uploads\/sites\/31\/2022\/04\/Image3-4-768x768.png 768w, https:\/\/www.reseau-entreprendre.org\/loire\/wp-content\/uploads\/sites\/31\/2022\/04\/Image3-4-1536x1536.png 1536w, https:\/\/www.reseau-entreprendre.org\/loire\/wp-content\/uploads\/sites\/31\/2022\/04\/Image3-4-130x130.png 130w, https:\/\/www.reseau-entreprendre.org\/loire\/wp-content\/uploads\/sites\/31\/2022\/04\/Image3-4.png 2009w\" sizes=\"auto, (max-width: 139px) 100vw, 139px\" \/><figcaption class=\"wp-element-caption\"><em>Christelle LINOSSIER &#8211; MAC 3<\/em><\/figcaption><\/figure>\n<\/div><\/div>\n\n\n\n<div class=\"wp-block-column is-layout-flow wp-block-column-is-layout-flow\">\n<figure class=\"wp-block-pullquote\"><blockquote><p>Au-del\u00e0 de la rencontre, prise du recul et partage en toute bienveillance sont clairement les ingr\u00e9dients qui m&#8217;ont fait&nbsp;rejoindre le r\u00e9seau ainsi que l&#8217;extraordinaire dynamique entrepreneuriale et&nbsp; conviviale de cette r\u00e9gion&#8230;<\/p><\/blockquote><\/figure>\n\n\n<div class=\"wp-block-image\">\n<figure class=\"aligncenter size-large is-resized\"><img loading=\"lazy\" decoding=\"async\" src=\"https:\/\/www.reseau-entreprendre.org\/loire\/wp-content\/uploads\/sites\/31\/2022\/04\/Image5-3-1024x1024.png\" alt=\"\" class=\"wp-image-3215\" width=\"139\" height=\"139\" srcset=\"https:\/\/www.reseau-entreprendre.org\/loire\/wp-content\/uploads\/sites\/31\/2022\/04\/Image5-3.png 1024w, https:\/\/www.reseau-entreprendre.org\/loire\/wp-content\/uploads\/sites\/31\/2022\/04\/Image5-3-300x300.png 300w, https:\/\/www.reseau-entreprendre.org\/loire\/wp-content\/uploads\/sites\/31\/2022\/04\/Image5-3-150x150.png 150w, https:\/\/www.reseau-entreprendre.org\/loire\/wp-content\/uploads\/sites\/31\/2022\/04\/Image5-3-768x768.png 768w, https:\/\/www.reseau-entreprendre.org\/loire\/wp-content\/uploads\/sites\/31\/2022\/04\/Image5-3-130x130.png 130w\" sizes=\"auto, (max-width: 139px) 100vw, 139px\" \/><figcaption class=\"wp-element-caption\"><em>St\u00e9phane MATHIEU -SIGVARIS<\/em><\/figcaption><\/figure>\n<\/div><\/div>\n<\/div>\n\n\n\n<p class=\"has-text-align-left\"><\/p>\n\n\n\n<hr class=\"wp-block-separator has-css-opacity\" \/>\n\n\n\n<h5 class=\"wp-block-heading has-text-align-center\">Vous souhaitez vous engager chez R\u00e9seau Entreprendre Loire ?<\/h5>\n\n\n\n<div style=\"height:21px\" aria-hidden=\"true\" class=\"wp-block-spacer\"><\/div>\n\n\n\n<h4 class=\"wp-block-heading has-text-align-center\"><a href=\"https:\/\/www.reseau-entreprendre.org\/fr\/sengager\/formulaire-benevole\/\"><strong>CONTACTEZ-NOUS<\/strong><\/a><\/h4>\n\n\n\n<p><\/p>\n","protected":false},"excerpt":{"rendered":"<p>Une implication \u00e0 la carte Participer \u00e0 la s\u00e9lection des<\/p>\n","protected":false},"author":32,"featured_media":0,"parent":0,"menu_order":0,"comment_status":"closed","ping_status":"closed","template":"","meta":{"_acf_changed":false,"_monsterinsights_skip_tracking":false,"_monsterinsights_sitenote_active":false,"_monsterinsights_sitenote_note":"","_monsterinsights_sitenote_category":0,"footnotes":""},"class_list":["post-15","page","type-page","status-publish","hentry"],"acf":[],"yoast_head":"<!-- This site is optimized with the Yoast SEO plugin v27.4 - https:\/\/yoast.com\/product\/yoast-seo-wordpress\/ -->\n<title>S&#039;engager| Reseau Entreprendre Loire<\/title>\n<meta name=\"description\" content=\"Chefs d&#039;entreprise lig\u00e9riens, rejoignez les 224 membres engag\u00e9s au sein du R\u00e9seau Entreprendre Loire et accompagnez les projets entrepreneuriaux de votre d\u00e9partement\" \/>\n<meta name=\"robots\" content=\"index, follow, max-snippet:-1, max-image-preview:large, max-video-preview:-1\" \/>\n<link rel=\"canonical\" href=\"https:\/\/www.reseau-entreprendre.org\/loire\/sengager\/\" \/>\n<meta property=\"og:locale\" content=\"fr_FR\" \/>\n<meta property=\"og:type\" content=\"article\" \/>\n<meta property=\"og:title\" content=\"S&#039;engager| Reseau Entreprendre Loire\" \/>\n<meta property=\"og:description\" content=\"Chefs d&#039;entreprise lig\u00e9riens, rejoignez les 224 membres engag\u00e9s au sein du R\u00e9seau Entreprendre Loire et accompagnez les projets entrepreneuriaux de votre d\u00e9partement\" \/>\n<meta property=\"og:url\" content=\"https:\/\/www.reseau-entreprendre.org\/loire\/sengager\/\" \/>\n<meta property=\"og:site_name\" content=\"R\u00e9seau Entreprendre Loire\" \/>\n<meta property=\"article:modified_time\" content=\"2023-08-08T12:57:25+00:00\" \/>\n<meta property=\"og:image\" content=\"https:\/\/www.reseau-entreprendre.org\/loire\/wp-content\/uploads\/sites\/31\/2022\/04\/picto__dialogue.png\" \/>\n<meta name=\"twitter:card\" content=\"summary_large_image\" \/>\n<meta name=\"twitter:label1\" content=\"Dur\u00e9e de lecture estim\u00e9e\" \/>\n\t<meta name=\"twitter:data1\" content=\"3 minutes\" \/>\n<script type=\"application\/ld+json\" class=\"yoast-schema-graph\">{\"@context\":\"https:\\\/\\\/schema.org\",\"@graph\":[{\"@type\":\"WebPage\",\"@id\":\"https:\\\/\\\/www.reseau-entreprendre.org\\\/loire\\\/sengager\\\/\",\"url\":\"https:\\\/\\\/www.reseau-entreprendre.org\\\/loire\\\/sengager\\\/\",\"name\":\"S'engager| Reseau Entreprendre Loire\",\"isPartOf\":{\"@id\":\"https:\\\/\\\/www.reseau-entreprendre.org\\\/loire\\\/#website\"},\"primaryImageOfPage\":{\"@id\":\"https:\\\/\\\/www.reseau-entreprendre.org\\\/loire\\\/sengager\\\/#primaryimage\"},\"image\":{\"@id\":\"https:\\\/\\\/www.reseau-entreprendre.org\\\/loire\\\/sengager\\\/#primaryimage\"},\"thumbnailUrl\":\"https:\\\/\\\/www.reseau-entreprendre.org\\\/loire\\\/wp-content\\\/uploads\\\/sites\\\/31\\\/2022\\\/04\\\/picto__dialogue.png\",\"datePublished\":\"2017-04-28T10:33:47+00:00\",\"dateModified\":\"2023-08-08T12:57:25+00:00\",\"description\":\"Chefs d'entreprise lig\u00e9riens, rejoignez les 224 membres engag\u00e9s au sein du R\u00e9seau Entreprendre Loire et accompagnez les projets entrepreneuriaux de votre d\u00e9partement\",\"breadcrumb\":{\"@id\":\"https:\\\/\\\/www.reseau-entreprendre.org\\\/loire\\\/sengager\\\/#breadcrumb\"},\"inLanguage\":\"fr-FR\",\"potentialAction\":[{\"@type\":\"ReadAction\",\"target\":[\"https:\\\/\\\/www.reseau-entreprendre.org\\\/loire\\\/sengager\\\/\"]}]},{\"@type\":\"ImageObject\",\"inLanguage\":\"fr-FR\",\"@id\":\"https:\\\/\\\/www.reseau-entreprendre.org\\\/loire\\\/sengager\\\/#primaryimage\",\"url\":\"https:\\\/\\\/www.reseau-entreprendre.org\\\/loire\\\/wp-content\\\/uploads\\\/sites\\\/31\\\/2022\\\/04\\\/picto__dialogue.png\",\"contentUrl\":\"https:\\\/\\\/www.reseau-entreprendre.org\\\/loire\\\/wp-content\\\/uploads\\\/sites\\\/31\\\/2022\\\/04\\\/picto__dialogue.png\",\"width\":136,\"height\":135},{\"@type\":\"BreadcrumbList\",\"@id\":\"https:\\\/\\\/www.reseau-entreprendre.org\\\/loire\\\/sengager\\\/#breadcrumb\",\"itemListElement\":[{\"@type\":\"ListItem\",\"position\":1,\"name\":\"Accueil\",\"item\":\"https:\\\/\\\/www.reseau-entreprendre.org\\\/loire\\\/\"},{\"@type\":\"ListItem\",\"position\":2,\"name\":\"S&rsquo;engager\"}]},{\"@type\":\"WebSite\",\"@id\":\"https:\\\/\\\/www.reseau-entreprendre.org\\\/loire\\\/#website\",\"url\":\"https:\\\/\\\/www.reseau-entreprendre.org\\\/loire\\\/\",\"name\":\"R\u00e9seau Entreprendre Loire\",\"description\":\"Un site utilisant Les sites de R\u00e9seau Entreprendre\",\"potentialAction\":[{\"@type\":\"SearchAction\",\"target\":{\"@type\":\"EntryPoint\",\"urlTemplate\":\"https:\\\/\\\/www.reseau-entreprendre.org\\\/loire\\\/?s={search_term_string}\"},\"query-input\":{\"@type\":\"PropertyValueSpecification\",\"valueRequired\":true,\"valueName\":\"search_term_string\"}}],\"inLanguage\":\"fr-FR\"}]}<\/script>\n<!-- \/ Yoast SEO plugin. -->","yoast_head_json":{"title":"S'engager| Reseau Entreprendre Loire","description":"Chefs d'entreprise lig\u00e9riens, rejoignez les 224 membres engag\u00e9s au sein du R\u00e9seau Entreprendre Loire et accompagnez les projets entrepreneuriaux de votre d\u00e9partement","robots":{"index":"index","follow":"follow","max-snippet":"max-snippet:-1","max-image-preview":"max-image-preview:large","max-video-preview":"max-video-preview:-1"},"canonical":"https:\/\/www.reseau-entreprendre.org\/loire\/sengager\/","og_locale":"fr_FR","og_type":"article","og_title":"S'engager| Reseau Entreprendre Loire","og_description":"Chefs d'entreprise lig\u00e9riens, rejoignez les 224 membres engag\u00e9s au sein du R\u00e9seau Entreprendre Loire et accompagnez les projets entrepreneuriaux de votre d\u00e9partement","og_url":"https:\/\/www.reseau-entreprendre.org\/loire\/sengager\/","og_site_name":"R\u00e9seau Entreprendre Loire","article_modified_time":"2023-08-08T12:57:25+00:00","og_image":[{"url":"https:\/\/www.reseau-entreprendre.org\/loire\/wp-content\/uploads\/sites\/31\/2022\/04\/picto__dialogue.png","type":"","width":"","height":""}],"twitter_card":"summary_large_image","twitter_misc":{"Dur\u00e9e de lecture estim\u00e9e":"3 minutes"},"schema":{"@context":"https:\/\/schema.org","@graph":[{"@type":"WebPage","@id":"https:\/\/www.reseau-entreprendre.org\/loire\/sengager\/","url":"https:\/\/www.reseau-entreprendre.org\/loire\/sengager\/","name":"S'engager| Reseau Entreprendre Loire","isPartOf":{"@id":"https:\/\/www.reseau-entreprendre.org\/loire\/#website"},"primaryImageOfPage":{"@id":"https:\/\/www.reseau-entreprendre.org\/loire\/sengager\/#primaryimage"},"image":{"@id":"https:\/\/www.reseau-entreprendre.org\/loire\/sengager\/#primaryimage"},"thumbnailUrl":"https:\/\/www.reseau-entreprendre.org\/loire\/wp-content\/uploads\/sites\/31\/2022\/04\/picto__dialogue.png","datePublished":"2017-04-28T10:33:47+00:00","dateModified":"2023-08-08T12:57:25+00:00","description":"Chefs d'entreprise lig\u00e9riens, rejoignez les 224 membres engag\u00e9s au sein du R\u00e9seau Entreprendre Loire et accompagnez les projets entrepreneuriaux de votre d\u00e9partement","breadcrumb":{"@id":"https:\/\/www.reseau-entreprendre.org\/loire\/sengager\/#breadcrumb"},"inLanguage":"fr-FR","potentialAction":[{"@type":"ReadAction","target":["https:\/\/www.reseau-entreprendre.org\/loire\/sengager\/"]}]},{"@type":"ImageObject","inLanguage":"fr-FR","@id":"https:\/\/www.reseau-entreprendre.org\/loire\/sengager\/#primaryimage","url":"https:\/\/www.reseau-entreprendre.org\/loire\/wp-content\/uploads\/sites\/31\/2022\/04\/picto__dialogue.png","contentUrl":"https:\/\/www.reseau-entreprendre.org\/loire\/wp-content\/uploads\/sites\/31\/2022\/04\/picto__dialogue.png","width":136,"height":135},{"@type":"BreadcrumbList","@id":"https:\/\/www.reseau-entreprendre.org\/loire\/sengager\/#breadcrumb","itemListElement":[{"@type":"ListItem","position":1,"name":"Accueil","item":"https:\/\/www.reseau-entreprendre.org\/loire\/"},{"@type":"ListItem","position":2,"name":"S&rsquo;engager"}]},{"@type":"WebSite","@id":"https:\/\/www.reseau-entreprendre.org\/loire\/#website","url":"https:\/\/www.reseau-entreprendre.org\/loire\/","name":"R\u00e9seau Entreprendre Loire","description":"Un site utilisant Les sites de R\u00e9seau Entreprendre","potentialAction":[{"@type":"SearchAction","target":{"@type":"EntryPoint","urlTemplate":"https:\/\/www.reseau-entreprendre.org\/loire\/?s={search_term_string}"},"query-input":{"@type":"PropertyValueSpecification","valueRequired":true,"valueName":"search_term_string"}}],"inLanguage":"fr-FR"}]}},"_links":{"self":[{"href":"https:\/\/www.reseau-entreprendre.org\/loire\/wp-json\/wp\/v2\/pages\/15","targetHints":{"allow":["GET"]}}],"collection":[{"href":"https:\/\/www.reseau-entreprendre.org\/loire\/wp-json\/wp\/v2\/pages"}],"about":[{"href":"https:\/\/www.reseau-entreprendre.org\/loire\/wp-json\/wp\/v2\/types\/page"}],"author":[{"embeddable":true,"href":"https:\/\/www.reseau-entreprendre.org\/loire\/wp-json\/wp\/v2\/users\/32"}],"replies":[{"embeddable":true,"href":"https:\/\/www.reseau-entreprendre.org\/loire\/wp-json\/wp\/v2\/comments?post=15"}],"version-history":[{"count":0,"href":"https:\/\/www.reseau-entreprendre.org\/loire\/wp-json\/wp\/v2\/pages\/15\/revisions"}],"wp:attachment":[{"href":"https:\/\/www.reseau-entreprendre.org\/loire\/wp-json\/wp\/v2\/media?parent=15"}],"curies":[{"name":"wp","href":"https:\/\/api.w.org\/{rel}","templated":true}]}}