{"id":1900,"date":"2021-04-16T14:13:36","date_gmt":"2021-04-16T12:13:36","guid":{"rendered":"https:\/\/re-dev-entreprendre.fr\/loire\/?page_id=1900"},"modified":"2022-04-27T16:52:28","modified_gmt":"2022-04-27T14:52:28","slug":"notre-reseau","status":"publish","type":"page","link":"https:\/\/www.reseau-entreprendre.org\/loire\/notre-reseau\/","title":{"rendered":"Notre R\u00e9seau"},"content":{"rendered":"\n<p class=\"has-text-align-center has-medium-font-size\">Chefs d&#8217;entreprise exp\u00e9riment\u00e9s ou jeunes entrepreneurs chacun son statut.<\/p>\n\n\n\n<p class=\"has-text-align-center has-large-font-size\"><strong>D\u00e9couvrez nos membres engag\u00e9s et laur\u00e9ats en cours d&#8217;accompagnement !<\/strong><\/p>\n\n\n\n<div style=\"height:28px\" aria-hidden=\"true\" class=\"wp-block-spacer\"><\/div>\n\n\n\n<div class=\"wp-block-columns is-layout-flex wp-container-core-columns-is-layout-9d6595d7 wp-block-columns-is-layout-flex\">\n<div class=\"wp-block-column is-layout-flow wp-block-column-is-layout-flow\">\n<div class=\"wp-block-buttons is-content-justification-right is-layout-flex wp-container-core-buttons-is-layout-765c4724 wp-block-buttons-is-layout-flex\">\n<div class=\"wp-block-button\"><a class=\"wp-block-button__link has-re-blue-background-color has-background\" href=\"https:\/\/www.reseau-entreprendre.org\/loire\/nos-membres\/\" style=\"border-radius:7px\"><strong>Nos Membres<\/strong><\/a><\/div>\n<\/div>\n<\/div>\n\n\n\n<div class=\"wp-block-column is-layout-flow wp-block-column-is-layout-flow\">\n<div class=\"wp-block-buttons is-layout-flex wp-block-buttons-is-layout-flex\">\n<div class=\"wp-block-button\"><a class=\"wp-block-button__link has-re-blue-background-color has-background\" href=\"https:\/\/www.reseau-entreprendre.org\/loire\/nos-laureats\/\" style=\"border-radius:7px\"><strong>Nos Laur\u00e9ats<\/strong><\/a><\/div>\n<\/div>\n<\/div>\n<\/div>\n\n\n\n<div style=\"height:16px\" aria-hidden=\"true\" class=\"wp-block-spacer\"><\/div>\n\n\n\n<div class=\"wp-block-columns is-layout-flex wp-container-core-columns-is-layout-9d6595d7 wp-block-columns-is-layout-flex\">\n<div class=\"wp-block-column is-layout-flow wp-block-column-is-layout-flow\">\n<div class=\"wp-block-image\"><figure class=\"aligncenter size-full is-resized\"><img loading=\"lazy\" decoding=\"async\" src=\"https:\/\/www.reseau-entreprendre.org\/loire\/wp-content\/uploads\/sites\/31\/2022\/04\/Resaeau-Entreprendre_15-11-2018_CQ8A1375-scaled.jpg\" alt=\"\" class=\"wp-image-3242\" width=\"640\" height=\"427\" srcset=\"https:\/\/www.reseau-entreprendre.org\/loire\/wp-content\/uploads\/sites\/31\/2022\/04\/Resaeau-Entreprendre_15-11-2018_CQ8A1375-scaled.jpg 2560w, https:\/\/www.reseau-entreprendre.org\/loire\/wp-content\/uploads\/sites\/31\/2022\/04\/Resaeau-Entreprendre_15-11-2018_CQ8A1375-300x200.jpg 300w, https:\/\/www.reseau-entreprendre.org\/loire\/wp-content\/uploads\/sites\/31\/2022\/04\/Resaeau-Entreprendre_15-11-2018_CQ8A1375-1024x683.jpg 1024w, https:\/\/www.reseau-entreprendre.org\/loire\/wp-content\/uploads\/sites\/31\/2022\/04\/Resaeau-Entreprendre_15-11-2018_CQ8A1375-768x512.jpg 768w, https:\/\/www.reseau-entreprendre.org\/loire\/wp-content\/uploads\/sites\/31\/2022\/04\/Resaeau-Entreprendre_15-11-2018_CQ8A1375-391x260.jpg 391w, https:\/\/www.reseau-entreprendre.org\/loire\/wp-content\/uploads\/sites\/31\/2022\/04\/Resaeau-Entreprendre_15-11-2018_CQ8A1375-1536x1024.jpg 1536w, https:\/\/www.reseau-entreprendre.org\/loire\/wp-content\/uploads\/sites\/31\/2022\/04\/Resaeau-Entreprendre_15-11-2018_CQ8A1375-2048x1365.jpg 2048w, https:\/\/www.reseau-entreprendre.org\/loire\/wp-content\/uploads\/sites\/31\/2022\/04\/Resaeau-Entreprendre_15-11-2018_CQ8A1375-195x130.jpg 195w\" sizes=\"auto, (max-width: 640px) 100vw, 640px\" \/><\/figure><\/div>\n<\/div>\n<\/div>\n","protected":false},"excerpt":{"rendered":"<p>Chefs d&#8217;entreprise exp\u00e9riment\u00e9s ou jeunes entrepreneurs chacun son statut. D\u00e9couvrez<\/p>\n","protected":false},"author":32,"featured_media":0,"parent":0,"menu_order":0,"comment_status":"closed","ping_status":"closed","template":"","meta":{"_acf_changed":false,"_monsterinsights_skip_tracking":false,"_monsterinsights_sitenote_active":false,"_monsterinsights_sitenote_note":"","_monsterinsights_sitenote_category":0,"footnotes":""},"class_list":["post-1900","page","type-page","status-publish","hentry"],"acf":[],"yoast_head":"<!-- This site is optimized with the Yoast SEO plugin v27.4 - https:\/\/yoast.com\/product\/yoast-seo-wordpress\/ -->\n<title>Notre R\u00e9seau - R\u00e9seau Entreprendre Loire<\/title>\n<meta name=\"description\" content=\"D\u00e9couvrez les membres, chefs d&#039;entreprises exp\u00e9riment\u00e9s, et les laur\u00e9ats en cours d&#039;accompagnement, jeunes entrepreneurs.\" \/>\n<meta name=\"robots\" content=\"index, follow, max-snippet:-1, max-image-preview:large, max-video-preview:-1\" \/>\n<link rel=\"canonical\" href=\"https:\/\/www.reseau-entreprendre.org\/loire\/notre-reseau\/\" \/>\n<meta property=\"og:locale\" content=\"fr_FR\" \/>\n<meta property=\"og:type\" content=\"article\" \/>\n<meta property=\"og:title\" content=\"Notre R\u00e9seau - R\u00e9seau Entreprendre Loire\" \/>\n<meta property=\"og:description\" content=\"D\u00e9couvrez les membres, chefs d&#039;entreprises exp\u00e9riment\u00e9s, et les laur\u00e9ats en cours d&#039;accompagnement, jeunes entrepreneurs.\" \/>\n<meta property=\"og:url\" content=\"https:\/\/www.reseau-entreprendre.org\/loire\/notre-reseau\/\" \/>\n<meta property=\"og:site_name\" content=\"R\u00e9seau Entreprendre Loire\" \/>\n<meta property=\"article:modified_time\" content=\"2022-04-27T14:52:28+00:00\" \/>\n<meta property=\"og:image\" content=\"https:\/\/www.reseau-entreprendre.org\/loire\/wp-content\/uploads\/sites\/31\/2022\/04\/Resaeau-Entreprendre_15-11-2018_CQ8A1375-scaled.jpg\" \/>\n<meta name=\"twitter:card\" content=\"summary_large_image\" \/>\n<meta name=\"twitter:label1\" content=\"Dur\u00e9e de lecture estim\u00e9e\" \/>\n\t<meta name=\"twitter:data1\" content=\"1 minute\" \/>\n<script type=\"application\/ld+json\" class=\"yoast-schema-graph\">{\"@context\":\"https:\\\/\\\/schema.org\",\"@graph\":[{\"@type\":\"WebPage\",\"@id\":\"https:\\\/\\\/www.reseau-entreprendre.org\\\/loire\\\/notre-reseau\\\/\",\"url\":\"https:\\\/\\\/www.reseau-entreprendre.org\\\/loire\\\/notre-reseau\\\/\",\"name\":\"Notre R\u00e9seau - R\u00e9seau Entreprendre Loire\",\"isPartOf\":{\"@id\":\"https:\\\/\\\/www.reseau-entreprendre.org\\\/loire\\\/#website\"},\"primaryImageOfPage\":{\"@id\":\"https:\\\/\\\/www.reseau-entreprendre.org\\\/loire\\\/notre-reseau\\\/#primaryimage\"},\"image\":{\"@id\":\"https:\\\/\\\/www.reseau-entreprendre.org\\\/loire\\\/notre-reseau\\\/#primaryimage\"},\"thumbnailUrl\":\"https:\\\/\\\/www.reseau-entreprendre.org\\\/loire\\\/wp-content\\\/uploads\\\/sites\\\/31\\\/2022\\\/04\\\/Resaeau-Entreprendre_15-11-2018_CQ8A1375-scaled.jpg\",\"datePublished\":\"2021-04-16T12:13:36+00:00\",\"dateModified\":\"2022-04-27T14:52:28+00:00\",\"description\":\"D\u00e9couvrez les membres, chefs d'entreprises exp\u00e9riment\u00e9s, et les laur\u00e9ats en cours d'accompagnement, jeunes entrepreneurs.\",\"breadcrumb\":{\"@id\":\"https:\\\/\\\/www.reseau-entreprendre.org\\\/loire\\\/notre-reseau\\\/#breadcrumb\"},\"inLanguage\":\"fr-FR\",\"potentialAction\":[{\"@type\":\"ReadAction\",\"target\":[\"https:\\\/\\\/www.reseau-entreprendre.org\\\/loire\\\/notre-reseau\\\/\"]}]},{\"@type\":\"ImageObject\",\"inLanguage\":\"fr-FR\",\"@id\":\"https:\\\/\\\/www.reseau-entreprendre.org\\\/loire\\\/notre-reseau\\\/#primaryimage\",\"url\":\"https:\\\/\\\/www.reseau-entreprendre.org\\\/loire\\\/wp-content\\\/uploads\\\/sites\\\/31\\\/2022\\\/04\\\/Resaeau-Entreprendre_15-11-2018_CQ8A1375-scaled.jpg\",\"contentUrl\":\"https:\\\/\\\/www.reseau-entreprendre.org\\\/loire\\\/wp-content\\\/uploads\\\/sites\\\/31\\\/2022\\\/04\\\/Resaeau-Entreprendre_15-11-2018_CQ8A1375-scaled.jpg\",\"width\":2560,\"height\":1707},{\"@type\":\"BreadcrumbList\",\"@id\":\"https:\\\/\\\/www.reseau-entreprendre.org\\\/loire\\\/notre-reseau\\\/#breadcrumb\",\"itemListElement\":[{\"@type\":\"ListItem\",\"position\":1,\"name\":\"Accueil\",\"item\":\"https:\\\/\\\/www.reseau-entreprendre.org\\\/loire\\\/\"},{\"@type\":\"ListItem\",\"position\":2,\"name\":\"Notre R\u00e9seau\"}]},{\"@type\":\"WebSite\",\"@id\":\"https:\\\/\\\/www.reseau-entreprendre.org\\\/loire\\\/#website\",\"url\":\"https:\\\/\\\/www.reseau-entreprendre.org\\\/loire\\\/\",\"name\":\"R\u00e9seau Entreprendre Loire\",\"description\":\"Un site utilisant Les sites de R\u00e9seau Entreprendre\",\"potentialAction\":[{\"@type\":\"SearchAction\",\"target\":{\"@type\":\"EntryPoint\",\"urlTemplate\":\"https:\\\/\\\/www.reseau-entreprendre.org\\\/loire\\\/?s={search_term_string}\"},\"query-input\":{\"@type\":\"PropertyValueSpecification\",\"valueRequired\":true,\"valueName\":\"search_term_string\"}}],\"inLanguage\":\"fr-FR\"}]}<\/script>\n<!-- \/ Yoast SEO plugin. -->","yoast_head_json":{"title":"Notre R\u00e9seau - R\u00e9seau Entreprendre Loire","description":"D\u00e9couvrez les membres, chefs d'entreprises exp\u00e9riment\u00e9s, et les laur\u00e9ats en cours d'accompagnement, jeunes entrepreneurs.","robots":{"index":"index","follow":"follow","max-snippet":"max-snippet:-1","max-image-preview":"max-image-preview:large","max-video-preview":"max-video-preview:-1"},"canonical":"https:\/\/www.reseau-entreprendre.org\/loire\/notre-reseau\/","og_locale":"fr_FR","og_type":"article","og_title":"Notre R\u00e9seau - R\u00e9seau Entreprendre Loire","og_description":"D\u00e9couvrez les membres, chefs d'entreprises exp\u00e9riment\u00e9s, et les laur\u00e9ats en cours d'accompagnement, jeunes entrepreneurs.","og_url":"https:\/\/www.reseau-entreprendre.org\/loire\/notre-reseau\/","og_site_name":"R\u00e9seau Entreprendre Loire","article_modified_time":"2022-04-27T14:52:28+00:00","og_image":[{"url":"https:\/\/www.reseau-entreprendre.org\/loire\/wp-content\/uploads\/sites\/31\/2022\/04\/Resaeau-Entreprendre_15-11-2018_CQ8A1375-scaled.jpg","type":"","width":"","height":""}],"twitter_card":"summary_large_image","twitter_misc":{"Dur\u00e9e de lecture estim\u00e9e":"1 minute"},"schema":{"@context":"https:\/\/schema.org","@graph":[{"@type":"WebPage","@id":"https:\/\/www.reseau-entreprendre.org\/loire\/notre-reseau\/","url":"https:\/\/www.reseau-entreprendre.org\/loire\/notre-reseau\/","name":"Notre R\u00e9seau - R\u00e9seau Entreprendre Loire","isPartOf":{"@id":"https:\/\/www.reseau-entreprendre.org\/loire\/#website"},"primaryImageOfPage":{"@id":"https:\/\/www.reseau-entreprendre.org\/loire\/notre-reseau\/#primaryimage"},"image":{"@id":"https:\/\/www.reseau-entreprendre.org\/loire\/notre-reseau\/#primaryimage"},"thumbnailUrl":"https:\/\/www.reseau-entreprendre.org\/loire\/wp-content\/uploads\/sites\/31\/2022\/04\/Resaeau-Entreprendre_15-11-2018_CQ8A1375-scaled.jpg","datePublished":"2021-04-16T12:13:36+00:00","dateModified":"2022-04-27T14:52:28+00:00","description":"D\u00e9couvrez les membres, chefs d'entreprises exp\u00e9riment\u00e9s, et les laur\u00e9ats en cours d'accompagnement, jeunes entrepreneurs.","breadcrumb":{"@id":"https:\/\/www.reseau-entreprendre.org\/loire\/notre-reseau\/#breadcrumb"},"inLanguage":"fr-FR","potentialAction":[{"@type":"ReadAction","target":["https:\/\/www.reseau-entreprendre.org\/loire\/notre-reseau\/"]}]},{"@type":"ImageObject","inLanguage":"fr-FR","@id":"https:\/\/www.reseau-entreprendre.org\/loire\/notre-reseau\/#primaryimage","url":"https:\/\/www.reseau-entreprendre.org\/loire\/wp-content\/uploads\/sites\/31\/2022\/04\/Resaeau-Entreprendre_15-11-2018_CQ8A1375-scaled.jpg","contentUrl":"https:\/\/www.reseau-entreprendre.org\/loire\/wp-content\/uploads\/sites\/31\/2022\/04\/Resaeau-Entreprendre_15-11-2018_CQ8A1375-scaled.jpg","width":2560,"height":1707},{"@type":"BreadcrumbList","@id":"https:\/\/www.reseau-entreprendre.org\/loire\/notre-reseau\/#breadcrumb","itemListElement":[{"@type":"ListItem","position":1,"name":"Accueil","item":"https:\/\/www.reseau-entreprendre.org\/loire\/"},{"@type":"ListItem","position":2,"name":"Notre R\u00e9seau"}]},{"@type":"WebSite","@id":"https:\/\/www.reseau-entreprendre.org\/loire\/#website","url":"https:\/\/www.reseau-entreprendre.org\/loire\/","name":"R\u00e9seau Entreprendre Loire","description":"Un site utilisant Les sites de R\u00e9seau Entreprendre","potentialAction":[{"@type":"SearchAction","target":{"@type":"EntryPoint","urlTemplate":"https:\/\/www.reseau-entreprendre.org\/loire\/?s={search_term_string}"},"query-input":{"@type":"PropertyValueSpecification","valueRequired":true,"valueName":"search_term_string"}}],"inLanguage":"fr-FR"}]}},"_links":{"self":[{"href":"https:\/\/www.reseau-entreprendre.org\/loire\/wp-json\/wp\/v2\/pages\/1900","targetHints":{"allow":["GET"]}}],"collection":[{"href":"https:\/\/www.reseau-entreprendre.org\/loire\/wp-json\/wp\/v2\/pages"}],"about":[{"href":"https:\/\/www.reseau-entreprendre.org\/loire\/wp-json\/wp\/v2\/types\/page"}],"author":[{"embeddable":true,"href":"https:\/\/www.reseau-entreprendre.org\/loire\/wp-json\/wp\/v2\/users\/32"}],"replies":[{"embeddable":true,"href":"https:\/\/www.reseau-entreprendre.org\/loire\/wp-json\/wp\/v2\/comments?post=1900"}],"version-history":[{"count":0,"href":"https:\/\/www.reseau-entreprendre.org\/loire\/wp-json\/wp\/v2\/pages\/1900\/revisions"}],"wp:attachment":[{"href":"https:\/\/www.reseau-entreprendre.org\/loire\/wp-json\/wp\/v2\/media?parent=1900"}],"curies":[{"name":"wp","href":"https:\/\/api.w.org\/{rel}","templated":true}]}}