{"id":2306,"date":"2021-09-10T09:52:48","date_gmt":"2021-09-10T07:52:48","guid":{"rendered":"https:\/\/re-dev-entreprendre.fr\/loire\/?page_id=2306"},"modified":"2025-08-07T14:42:18","modified_gmt":"2025-08-07T12:42:18","slug":"reprise-entreprise-ligerien","status":"publish","type":"page","link":"https:\/\/www.reseau-entreprendre.org\/loire\/reprise-entreprise-ligerien\/","title":{"rendered":"Reprise d&#8217;entreprise"},"content":{"rendered":"\n<div class=\"wp-block-columns is-layout-flex wp-container-core-columns-is-layout-9d6595d7 wp-block-columns-is-layout-flex\">\n<div class=\"wp-block-column is-layout-flow wp-block-column-is-layout-flow\">\n<h1 class=\"wp-block-heading has-text-color has-link-color wp-elements-b3ca24b7cc5aba5852247bc0d6636b02\" style=\"color:#90273d;font-size:66px\">Parcours <strong>REPRISE<\/strong><\/h1>\n\n\n\n<p class=\"has-text-color has-link-color has-medium-font-size wp-elements-e51a1cdbc97aa600ff9b010770aac650\" style=\"color:#eb5970\"><strong>2 ans d\u2019accompagnement&nbsp;gratuit&nbsp;par des chefs d\u2019entreprise exp\u00e9riment\u00e9s dans la reprise pour r\u00e9ussir votre projet<\/strong><\/p>\n<\/div>\n<\/div>\n\n\n\n<h4 class=\"wp-block-heading has-text-color has-link-color wp-elements-6fcddf9412f11d48bb8dff436749c598\" style=\"color:#000000\"><mark style=\"background-color:#eb5970\" class=\"has-inline-color\"> <strong>POUR NOUS REJOINDRE<\/strong> <\/mark><\/h4>\n\n\n\n<p class=\"has-text-color has-link-color wp-elements-327ae94a79da47422221d0f70a067e70\" style=\"color:#000000\">\u2023 <strong>Partager <\/strong>nos valeurs<\/p>\n\n\n\n<p>\u2023 <strong>Reprendre une entreprise<\/strong> avec l\u2019ambition de la d\u00e9velopper et de cr\u00e9er de l\u2019emploi<\/p>\n\n\n\n<p>\u2023 <strong>Cible<\/strong> avoir une entreprise identifi\u00e9e<\/p>\n\n\n\n<div style=\"height:52px\" aria-hidden=\"true\" class=\"wp-block-spacer\"><\/div>\n\n\n\n<div class=\"wp-block-columns is-layout-flex wp-container-core-columns-is-layout-9d6595d7 wp-block-columns-is-layout-flex\">\n<div class=\"wp-block-column is-layout-flow wp-block-column-is-layout-flow\" style=\"flex-basis:50%\">\n<h4 class=\"wp-block-heading has-text-align-center has-text-color has-link-color wp-elements-3eb212f41cee315f7f3863e9e5d7f59f\" style=\"color:#eb5970\"><strong>ACCOMPAGNEMENT SUR MESURE<\/strong><\/h4>\n\n\n\n<div style=\"height:19px\" aria-hidden=\"true\" class=\"wp-block-spacer\"><\/div>\n\n\n\n<div class=\"wp-block-columns is-layout-flex wp-container-core-columns-is-layout-9d6595d7 wp-block-columns-is-layout-flex\">\n<div class=\"wp-block-column is-layout-flow wp-block-column-is-layout-flow\">\n<div class=\"wp-block-buttons is-layout-flex wp-block-buttons-is-layout-flex\">\n<div class=\"wp-block-button\"><a class=\"wp-block-button__link has-text-color has-background has-link-color wp-element-button\" style=\"color:#ffffff;background-color:#90273d\"><strong>INDIVIDUEL<\/strong><\/a><\/div>\n<\/div>\n\n\n\n<div style=\"height:19px\" aria-hidden=\"true\" class=\"wp-block-spacer\"><\/div>\n\n\n\n<p class=\"has-text-color has-link-color has-medium-font-size wp-elements-6e830598dcc71b18cedefd49081eeec0\" style=\"color:#eb5970\"><strong>Accompagnement<br>de pair \u00e0 pair<\/strong><\/p>\n\n\n\n<p><strong>1 OU 2 CHEFS D&#8217;ENTREPRISE<\/strong><br>exp\u00e9riment\u00e9s, form\u00e9s et passionn\u00e9s, choisis sp\u00e9cifiquement pour vous accompagner selon un profil type d\u00e9fini.<\/p>\n\n\n\n<p><strong>1 <\/strong><strong>RDV<\/strong><strong>\/MOIS<\/strong><br><\/p>\n\n\n\n<p><strong>PARTAGE D\u2019EXP\u00c9RIENCE<\/strong><br>Accompagnement sur mesure par des entrepreneurs<\/p>\n<\/div>\n\n\n\n<div class=\"wp-block-column is-layout-flow wp-block-column-is-layout-flow\">\n<div class=\"wp-block-buttons is-layout-flex wp-block-buttons-is-layout-flex\">\n<div class=\"wp-block-button\"><a class=\"wp-block-button__link has-text-color has-background has-link-color wp-element-button\" style=\"color:#ffffff;background-color:#90273d\"><strong>COLLECTIF<\/strong><\/a><\/div>\n<\/div>\n\n\n\n<div style=\"height:19px\" aria-hidden=\"true\" class=\"wp-block-spacer\"><\/div>\n\n\n\n<p class=\"has-text-color has-link-color has-medium-font-size wp-elements-a58f48b13de6dd2ab2e55c0a71cf1975\" style=\"color:#eb5970\"><strong>Club des Laur\u00e9ats<\/strong><\/p>\n\n\n\n<p><strong>ENTREPRENEURS LAUR\u00c9ATS<\/strong><br>Apprentissage collectif avec des entrepreneurs qui vous ressemblent.<\/p>\n\n\n\n<p><strong>DES R\u00c9UNIONS MENSUELLES<\/strong><br>d&#8217;\u00e9changes et de co-construction<br>sur les th\u00e9matiques de l&#8217;entrepreneuriat.<\/p>\n\n\n\n<p><strong>ENTRAIDE &amp; PARTAGE<\/strong><br>Des moments de partage et des ateliers pour vous guider dans votre d\u00e9veloppement.<\/p>\n<\/div>\n<\/div>\n<\/div>\n\n\n\n<div class=\"wp-block-column is-layout-flow wp-block-column-is-layout-flow\" style=\"flex-basis:25%\">\n<h4 class=\"wp-block-heading has-text-align-center has-text-color has-link-color wp-elements-11db4117c937ca78a4ebbaec0cad7281\" style=\"color:#eb5970\"><strong>FINANCEMENT<\/strong><\/h4>\n\n\n\n<div style=\"height:19px\" aria-hidden=\"true\" class=\"wp-block-spacer\"><\/div>\n\n\n\n<div class=\"wp-block-buttons is-layout-flex wp-block-buttons-is-layout-flex\">\n<div class=\"wp-block-button\"><a class=\"wp-block-button__link has-text-color has-background has-link-color wp-element-button\" style=\"color:#ffffff;background-color:#90273d\"><strong>ENTRE 15 ET 30K\u20ac<\/strong><\/a><\/div>\n<\/div>\n\n\n\n<div style=\"height:19px\" aria-hidden=\"true\" class=\"wp-block-spacer\"><\/div>\n\n\n\n<p class=\"has-text-color has-link-color has-medium-font-size wp-elements-93daa3cc678f00739e7edebc66292211\" style=\"color:#eb5970\"><strong>Pr\u00eat d&#8217;honneur sans int\u00e9r\u00eat, ni garantie<\/strong><\/p>\n\n\n\n<p><strong>D\u00c9TERMINANT<\/strong><br>Apport personnel et cr\u00e9ation d\u2019emplois sur le territoire<br><\/p>\n\n\n\n<p><strong>DUREE<\/strong> <\/p>\n\n\n\n<p>42 mois dont 6 mois de diff\u00e9r\u00e9<\/p>\n<\/div>\n<\/div>\n\n\n\n<p><\/p>\n","protected":false},"excerpt":{"rendered":"<p>Parcours REPRISE 2 ans d\u2019accompagnement&nbsp;gratuit&nbsp;par des chefs d\u2019entreprise exp\u00e9riment\u00e9s dans<\/p>\n","protected":false},"author":32,"featured_media":0,"parent":0,"menu_order":0,"comment_status":"closed","ping_status":"closed","template":"","meta":{"_acf_changed":false,"_monsterinsights_skip_tracking":false,"_monsterinsights_sitenote_active":false,"_monsterinsights_sitenote_note":"","_monsterinsights_sitenote_category":0,"footnotes":""},"class_list":["post-2306","page","type-page","status-publish","hentry"],"acf":[],"yoast_head":"<!-- This site is optimized with the Yoast SEO plugin v27.4 - https:\/\/yoast.com\/product\/yoast-seo-wordpress\/ -->\n<title>Reprise d&#039;entreprise - R\u00e9seau Entreprendre Loire<\/title>\n<meta name=\"description\" content=\"R\u00e9seau Entreprendre Loire accompagne les chefs d&#039;entreprise dans leur reprise d&#039;entreprise lig\u00e9rienne\" \/>\n<meta name=\"robots\" content=\"index, follow, max-snippet:-1, max-image-preview:large, max-video-preview:-1\" \/>\n<link rel=\"canonical\" href=\"https:\/\/www.reseau-entreprendre.org\/loire\/reprise-entreprise-ligerien\/\" \/>\n<meta property=\"og:locale\" content=\"fr_FR\" \/>\n<meta property=\"og:type\" content=\"article\" \/>\n<meta property=\"og:title\" content=\"Reprise d&#039;entreprise - R\u00e9seau Entreprendre Loire\" \/>\n<meta property=\"og:description\" content=\"R\u00e9seau Entreprendre Loire accompagne les chefs d&#039;entreprise dans leur reprise d&#039;entreprise lig\u00e9rienne\" \/>\n<meta property=\"og:url\" content=\"https:\/\/www.reseau-entreprendre.org\/loire\/reprise-entreprise-ligerien\/\" \/>\n<meta property=\"og:site_name\" content=\"R\u00e9seau Entreprendre Loire\" \/>\n<meta property=\"article:modified_time\" content=\"2025-08-07T12:42:18+00:00\" \/>\n<meta name=\"twitter:card\" content=\"summary_large_image\" \/>\n<meta name=\"twitter:label1\" content=\"Dur\u00e9e de lecture estim\u00e9e\" \/>\n\t<meta name=\"twitter:data1\" content=\"1 minute\" \/>\n<script type=\"application\/ld+json\" class=\"yoast-schema-graph\">{\"@context\":\"https:\\\/\\\/schema.org\",\"@graph\":[{\"@type\":\"WebPage\",\"@id\":\"https:\\\/\\\/www.reseau-entreprendre.org\\\/loire\\\/reprise-entreprise-ligerien\\\/\",\"url\":\"https:\\\/\\\/www.reseau-entreprendre.org\\\/loire\\\/reprise-entreprise-ligerien\\\/\",\"name\":\"Reprise d'entreprise - R\u00e9seau Entreprendre Loire\",\"isPartOf\":{\"@id\":\"https:\\\/\\\/www.reseau-entreprendre.org\\\/loire\\\/#website\"},\"datePublished\":\"2021-09-10T07:52:48+00:00\",\"dateModified\":\"2025-08-07T12:42:18+00:00\",\"description\":\"R\u00e9seau Entreprendre Loire accompagne les chefs d'entreprise dans leur reprise d'entreprise lig\u00e9rienne\",\"breadcrumb\":{\"@id\":\"https:\\\/\\\/www.reseau-entreprendre.org\\\/loire\\\/reprise-entreprise-ligerien\\\/#breadcrumb\"},\"inLanguage\":\"fr-FR\",\"potentialAction\":[{\"@type\":\"ReadAction\",\"target\":[\"https:\\\/\\\/www.reseau-entreprendre.org\\\/loire\\\/reprise-entreprise-ligerien\\\/\"]}]},{\"@type\":\"BreadcrumbList\",\"@id\":\"https:\\\/\\\/www.reseau-entreprendre.org\\\/loire\\\/reprise-entreprise-ligerien\\\/#breadcrumb\",\"itemListElement\":[{\"@type\":\"ListItem\",\"position\":1,\"name\":\"Accueil\",\"item\":\"https:\\\/\\\/www.reseau-entreprendre.org\\\/loire\\\/\"},{\"@type\":\"ListItem\",\"position\":2,\"name\":\"Reprise d&#8217;entreprise\"}]},{\"@type\":\"WebSite\",\"@id\":\"https:\\\/\\\/www.reseau-entreprendre.org\\\/loire\\\/#website\",\"url\":\"https:\\\/\\\/www.reseau-entreprendre.org\\\/loire\\\/\",\"name\":\"R\u00e9seau Entreprendre Loire\",\"description\":\"Un site utilisant Les sites de R\u00e9seau Entreprendre\",\"potentialAction\":[{\"@type\":\"SearchAction\",\"target\":{\"@type\":\"EntryPoint\",\"urlTemplate\":\"https:\\\/\\\/www.reseau-entreprendre.org\\\/loire\\\/?s={search_term_string}\"},\"query-input\":{\"@type\":\"PropertyValueSpecification\",\"valueRequired\":true,\"valueName\":\"search_term_string\"}}],\"inLanguage\":\"fr-FR\"}]}<\/script>\n<!-- \/ Yoast SEO plugin. -->","yoast_head_json":{"title":"Reprise d'entreprise - R\u00e9seau Entreprendre Loire","description":"R\u00e9seau Entreprendre Loire accompagne les chefs d'entreprise dans leur reprise d'entreprise lig\u00e9rienne","robots":{"index":"index","follow":"follow","max-snippet":"max-snippet:-1","max-image-preview":"max-image-preview:large","max-video-preview":"max-video-preview:-1"},"canonical":"https:\/\/www.reseau-entreprendre.org\/loire\/reprise-entreprise-ligerien\/","og_locale":"fr_FR","og_type":"article","og_title":"Reprise d'entreprise - R\u00e9seau Entreprendre Loire","og_description":"R\u00e9seau Entreprendre Loire accompagne les chefs d'entreprise dans leur reprise d'entreprise lig\u00e9rienne","og_url":"https:\/\/www.reseau-entreprendre.org\/loire\/reprise-entreprise-ligerien\/","og_site_name":"R\u00e9seau Entreprendre Loire","article_modified_time":"2025-08-07T12:42:18+00:00","twitter_card":"summary_large_image","twitter_misc":{"Dur\u00e9e de lecture estim\u00e9e":"1 minute"},"schema":{"@context":"https:\/\/schema.org","@graph":[{"@type":"WebPage","@id":"https:\/\/www.reseau-entreprendre.org\/loire\/reprise-entreprise-ligerien\/","url":"https:\/\/www.reseau-entreprendre.org\/loire\/reprise-entreprise-ligerien\/","name":"Reprise d'entreprise - R\u00e9seau Entreprendre Loire","isPartOf":{"@id":"https:\/\/www.reseau-entreprendre.org\/loire\/#website"},"datePublished":"2021-09-10T07:52:48+00:00","dateModified":"2025-08-07T12:42:18+00:00","description":"R\u00e9seau Entreprendre Loire accompagne les chefs d'entreprise dans leur reprise d'entreprise lig\u00e9rienne","breadcrumb":{"@id":"https:\/\/www.reseau-entreprendre.org\/loire\/reprise-entreprise-ligerien\/#breadcrumb"},"inLanguage":"fr-FR","potentialAction":[{"@type":"ReadAction","target":["https:\/\/www.reseau-entreprendre.org\/loire\/reprise-entreprise-ligerien\/"]}]},{"@type":"BreadcrumbList","@id":"https:\/\/www.reseau-entreprendre.org\/loire\/reprise-entreprise-ligerien\/#breadcrumb","itemListElement":[{"@type":"ListItem","position":1,"name":"Accueil","item":"https:\/\/www.reseau-entreprendre.org\/loire\/"},{"@type":"ListItem","position":2,"name":"Reprise d&#8217;entreprise"}]},{"@type":"WebSite","@id":"https:\/\/www.reseau-entreprendre.org\/loire\/#website","url":"https:\/\/www.reseau-entreprendre.org\/loire\/","name":"R\u00e9seau Entreprendre Loire","description":"Un site utilisant Les sites de R\u00e9seau Entreprendre","potentialAction":[{"@type":"SearchAction","target":{"@type":"EntryPoint","urlTemplate":"https:\/\/www.reseau-entreprendre.org\/loire\/?s={search_term_string}"},"query-input":{"@type":"PropertyValueSpecification","valueRequired":true,"valueName":"search_term_string"}}],"inLanguage":"fr-FR"}]}},"_links":{"self":[{"href":"https:\/\/www.reseau-entreprendre.org\/loire\/wp-json\/wp\/v2\/pages\/2306","targetHints":{"allow":["GET"]}}],"collection":[{"href":"https:\/\/www.reseau-entreprendre.org\/loire\/wp-json\/wp\/v2\/pages"}],"about":[{"href":"https:\/\/www.reseau-entreprendre.org\/loire\/wp-json\/wp\/v2\/types\/page"}],"author":[{"embeddable":true,"href":"https:\/\/www.reseau-entreprendre.org\/loire\/wp-json\/wp\/v2\/users\/32"}],"replies":[{"embeddable":true,"href":"https:\/\/www.reseau-entreprendre.org\/loire\/wp-json\/wp\/v2\/comments?post=2306"}],"version-history":[{"count":0,"href":"https:\/\/www.reseau-entreprendre.org\/loire\/wp-json\/wp\/v2\/pages\/2306\/revisions"}],"wp:attachment":[{"href":"https:\/\/www.reseau-entreprendre.org\/loire\/wp-json\/wp\/v2\/media?parent=2306"}],"curies":[{"name":"wp","href":"https:\/\/api.w.org\/{rel}","templated":true}]}}