{"id":2309,"date":"2021-09-10T09:53:46","date_gmt":"2021-09-10T07:53:46","guid":{"rendered":"https:\/\/re-dev-entreprendre.fr\/loire\/?page_id=2309"},"modified":"2025-08-07T15:07:29","modified_gmt":"2025-08-07T13:07:29","slug":"accompagnement-developpement-entreprise","status":"publish","type":"page","link":"https:\/\/www.reseau-entreprendre.org\/loire\/accompagnement-developpement-entreprise\/","title":{"rendered":"Croissance d&#8217;entreprise"},"content":{"rendered":"\n<div class=\"wp-block-columns is-layout-flex wp-container-core-columns-is-layout-9d6595d7 wp-block-columns-is-layout-flex\">\n<div class=\"wp-block-column is-layout-flow wp-block-column-is-layout-flow\">\n<h1 class=\"wp-block-heading has-text-color has-link-color wp-elements-7a6cfb787efb4335dc1aa971eaf3e1de\" style=\"color:#4f3079;font-size:66px\">Parcours <strong>CROISSANCE<\/strong><\/h1>\n\n\n\n<p class=\"has-text-color has-link-color has-medium-font-size wp-elements-a46441daa111a796ba0df2d8f6347f57\" style=\"color:#bb37aa\"><strong>2 ans d\u2019accompagnement\u00a0gratuit par des chefs d\u2019entreprise exp\u00e9riment\u00e9s pour franchir un cap et d\u00e9passer 10 emplois ou changer d\u2019\u00e9chelle et devenir une PME d\u2019envergure<\/strong><\/p>\n<\/div>\n<\/div>\n\n\n\n<h4 class=\"wp-block-heading has-text-color has-link-color wp-elements-1109b6a18a034190f3aef1ae51dba145\" style=\"color:#000000\"><mark style=\"background-color:#bb37aa\" class=\"has-inline-color\"> <strong>POUR NOUS REJOINDRE<\/strong> <\/mark><\/h4>\n\n\n\n<p class=\"has-text-color has-link-color wp-elements-327ae94a79da47422221d0f70a067e70\" style=\"color:#000000\">\u2023 <strong>Partager <\/strong>nos valeurs<\/p>\n\n\n\n<p>\u2023 <strong>Entreprises<\/strong> de plus de 3 ans<\/p>\n\n\n\n<p>\u2023 <strong>Effectif actuel<\/strong> &gt; 5 personnes \u00e0 plusieurs dizaines<\/p>\n\n\n\n<p>\u2023 <strong>Objectifs<\/strong> croissance significative du CA et des emplois<\/p>\n\n\n\n<div style=\"height:52px\" aria-hidden=\"true\" class=\"wp-block-spacer\"><\/div>\n\n\n\n<div class=\"wp-block-columns is-layout-flex wp-container-core-columns-is-layout-9d6595d7 wp-block-columns-is-layout-flex\">\n<div class=\"wp-block-column is-layout-flow wp-block-column-is-layout-flow\" style=\"flex-basis:50%\">\n<h4 class=\"wp-block-heading has-text-align-center has-text-color has-link-color wp-elements-81d760210df8c7345a03f7f1e3a4b4eb\" style=\"color:#bb37aa\"><strong>ACCOMPAGNEMENT SUR MESURE<\/strong><\/h4>\n\n\n\n<div style=\"height:19px\" aria-hidden=\"true\" class=\"wp-block-spacer\"><\/div>\n\n\n\n<div class=\"wp-block-columns is-layout-flex wp-container-core-columns-is-layout-9d6595d7 wp-block-columns-is-layout-flex\">\n<div class=\"wp-block-column is-layout-flow wp-block-column-is-layout-flow\">\n<div class=\"wp-block-buttons is-layout-flex wp-block-buttons-is-layout-flex\">\n<div class=\"wp-block-button\"><a class=\"wp-block-button__link has-background wp-element-button\" style=\"background-color:#4f3079\"><strong>INDIVIDUEL<\/strong><\/a><\/div>\n<\/div>\n\n\n\n<div style=\"height:19px\" aria-hidden=\"true\" class=\"wp-block-spacer\"><\/div>\n\n\n\n<p class=\"has-text-color has-link-color has-medium-font-size wp-elements-f632a36922497e29b2f9a2c89ee4b964\" style=\"color:#bb37aa\"><strong>Accompagnement<br>de pair \u00e0 pair<\/strong><\/p>\n\n\n\n<p><strong>2 \u00c0 4 CHEFS D&#8217;ENTREPRISE<\/strong><strong><\/strong><br>avec l\u2019exp\u00e9rience de croissance,<br>qui se r\u00e9unissent tous les deux pendant 2 ans<\/p>\n\n\n\n<p><strong>RENFORCEZ VOTRE<br>CONDUITE DE PROJET<\/strong><\/p>\n\n\n\n<p><strong>TRAVAILLEZ VOTRE<br>CHANGEMENT D\u2019<\/strong><strong> \u00c9<\/strong><strong>CHELLE<\/strong><\/p>\n<\/div>\n\n\n\n<div class=\"wp-block-column is-layout-flow wp-block-column-is-layout-flow\">\n<div class=\"wp-block-buttons is-layout-flex wp-block-buttons-is-layout-flex\">\n<div class=\"wp-block-button\"><a class=\"wp-block-button__link has-background wp-element-button\" style=\"background-color:#4f3079\"><strong>COLLECTIF<\/strong><\/a><\/div>\n<\/div>\n\n\n\n<div style=\"height:19px\" aria-hidden=\"true\" class=\"wp-block-spacer\"><\/div>\n\n\n\n<p class=\"has-text-color has-link-color has-medium-font-size wp-elements-eabb02f4d6fdecd1f9f5e0ab1a5e27e4\" style=\"color:#bb37aa\"><strong>Club des Laur\u00e9ats<\/strong><\/p>\n\n\n\n<p><strong>ACC\u00c9DEZ <\/strong><strong>\u00c0<\/strong><strong> DES ECHANGES TH\u00c9MATIQUES<\/strong><br>de partage et d\u2019\u00e9changes sur vos enjeux de croissance.<\/p>\n\n\n\n<p><strong>PROFITEZ DE L\u2019INTELLIGENCE COLLECTIVE<\/strong><\/p>\n\n\n\n<p>Des moments de partage, des ateliers pour vous guider dans votre d\u00e9veloppement.<\/p>\n\n\n\n<p><\/p>\n<\/div>\n<\/div>\n<\/div>\n\n\n\n<div class=\"wp-block-column is-layout-flow wp-block-column-is-layout-flow\" style=\"flex-basis:25%\">\n<h4 class=\"wp-block-heading has-text-align-center has-text-color has-link-color wp-elements-88d27f3830f5a283232f38fc1fe15b88\" style=\"color:#bb37aa\"><strong>FINANCEMENT<\/strong><\/h4>\n\n\n\n<div style=\"height:19px\" aria-hidden=\"true\" class=\"wp-block-spacer\"><\/div>\n\n\n\n<div class=\"wp-block-buttons is-layout-flex wp-block-buttons-is-layout-flex\">\n<div class=\"wp-block-button\"><a class=\"wp-block-button__link has-background wp-element-button\" style=\"background-color:#4f3079\"><strong>ENTRE 4<\/strong>0<strong> ET 80K\u20ac<\/strong><\/a><\/div>\n<\/div>\n\n\n\n<div style=\"height:19px\" aria-hidden=\"true\" class=\"wp-block-spacer\"><\/div>\n\n\n\n<p class=\"has-text-color has-link-color has-medium-font-size wp-elements-04116f8353f914cd09f53236b4d3f5fe\" style=\"color:#bb37aa\"><strong>Pr\u00eat d&#8217;honneur sans int\u00e9r\u00eat, ni garantie<\/strong><\/p>\n\n\n\n<p><strong>CONDITIONS<\/strong><\/p>\n\n\n\n<p>\u2022 En fonction de la taille du projet et de l\u2019effet de levier et besoin en financement.<\/p>\n\n\n\n<p>\u2022 Sur \u00e9tude.<br><\/p>\n\n\n\n<p><strong>DUREE<\/strong><\/p>\n\n\n\n<p>59 mois dont 6 mois de diff\u00e9r\u00e9<\/p>\n<\/div>\n<\/div>\n\n\n\n<p><\/p>\n","protected":false},"excerpt":{"rendered":"<p>Parcours CROISSANCE 2 ans d\u2019accompagnement\u00a0gratuit par des chefs d\u2019entreprise exp\u00e9riment\u00e9s<\/p>\n","protected":false},"author":32,"featured_media":0,"parent":0,"menu_order":0,"comment_status":"closed","ping_status":"closed","template":"","meta":{"_acf_changed":false,"_monsterinsights_skip_tracking":false,"_monsterinsights_sitenote_active":false,"_monsterinsights_sitenote_note":"","_monsterinsights_sitenote_category":0,"footnotes":""},"class_list":["post-2309","page","type-page","status-publish","hentry"],"acf":[],"yoast_head":"<!-- This site is optimized with the Yoast SEO plugin v27.4 - https:\/\/yoast.com\/product\/yoast-seo-wordpress\/ -->\n<title>Croissance d&#039;entreprise - R\u00e9seau Entreprendre Loire<\/title>\n<meta name=\"description\" content=\"R\u00e9seau Entreprendre Loire accompagne les entrepreneurs dans leur croissance organique et externe sur le territoire de la Loire\" \/>\n<meta name=\"robots\" content=\"index, follow, max-snippet:-1, max-image-preview:large, max-video-preview:-1\" \/>\n<link rel=\"canonical\" href=\"https:\/\/www.reseau-entreprendre.org\/loire\/accompagnement-developpement-entreprise\/\" \/>\n<meta property=\"og:locale\" content=\"fr_FR\" \/>\n<meta property=\"og:type\" content=\"article\" \/>\n<meta property=\"og:title\" content=\"Croissance d&#039;entreprise - R\u00e9seau Entreprendre Loire\" \/>\n<meta property=\"og:description\" content=\"R\u00e9seau Entreprendre Loire accompagne les entrepreneurs dans leur croissance organique et externe sur le territoire de la Loire\" \/>\n<meta property=\"og:url\" content=\"https:\/\/www.reseau-entreprendre.org\/loire\/accompagnement-developpement-entreprise\/\" \/>\n<meta property=\"og:site_name\" content=\"R\u00e9seau Entreprendre Loire\" \/>\n<meta property=\"article:modified_time\" content=\"2025-08-07T13:07:29+00:00\" \/>\n<meta name=\"twitter:card\" content=\"summary_large_image\" \/>\n<meta name=\"twitter:label1\" content=\"Dur\u00e9e de lecture estim\u00e9e\" \/>\n\t<meta name=\"twitter:data1\" content=\"1 minute\" \/>\n<script type=\"application\/ld+json\" class=\"yoast-schema-graph\">{\"@context\":\"https:\\\/\\\/schema.org\",\"@graph\":[{\"@type\":\"WebPage\",\"@id\":\"https:\\\/\\\/www.reseau-entreprendre.org\\\/loire\\\/accompagnement-developpement-entreprise\\\/\",\"url\":\"https:\\\/\\\/www.reseau-entreprendre.org\\\/loire\\\/accompagnement-developpement-entreprise\\\/\",\"name\":\"Croissance d'entreprise - R\u00e9seau Entreprendre Loire\",\"isPartOf\":{\"@id\":\"https:\\\/\\\/www.reseau-entreprendre.org\\\/loire\\\/#website\"},\"datePublished\":\"2021-09-10T07:53:46+00:00\",\"dateModified\":\"2025-08-07T13:07:29+00:00\",\"description\":\"R\u00e9seau Entreprendre Loire accompagne les entrepreneurs dans leur croissance organique et externe sur le territoire de la Loire\",\"breadcrumb\":{\"@id\":\"https:\\\/\\\/www.reseau-entreprendre.org\\\/loire\\\/accompagnement-developpement-entreprise\\\/#breadcrumb\"},\"inLanguage\":\"fr-FR\",\"potentialAction\":[{\"@type\":\"ReadAction\",\"target\":[\"https:\\\/\\\/www.reseau-entreprendre.org\\\/loire\\\/accompagnement-developpement-entreprise\\\/\"]}]},{\"@type\":\"BreadcrumbList\",\"@id\":\"https:\\\/\\\/www.reseau-entreprendre.org\\\/loire\\\/accompagnement-developpement-entreprise\\\/#breadcrumb\",\"itemListElement\":[{\"@type\":\"ListItem\",\"position\":1,\"name\":\"Accueil\",\"item\":\"https:\\\/\\\/www.reseau-entreprendre.org\\\/loire\\\/\"},{\"@type\":\"ListItem\",\"position\":2,\"name\":\"Croissance d&#8217;entreprise\"}]},{\"@type\":\"WebSite\",\"@id\":\"https:\\\/\\\/www.reseau-entreprendre.org\\\/loire\\\/#website\",\"url\":\"https:\\\/\\\/www.reseau-entreprendre.org\\\/loire\\\/\",\"name\":\"R\u00e9seau Entreprendre Loire\",\"description\":\"Un site utilisant Les sites de R\u00e9seau Entreprendre\",\"potentialAction\":[{\"@type\":\"SearchAction\",\"target\":{\"@type\":\"EntryPoint\",\"urlTemplate\":\"https:\\\/\\\/www.reseau-entreprendre.org\\\/loire\\\/?s={search_term_string}\"},\"query-input\":{\"@type\":\"PropertyValueSpecification\",\"valueRequired\":true,\"valueName\":\"search_term_string\"}}],\"inLanguage\":\"fr-FR\"}]}<\/script>\n<!-- \/ Yoast SEO plugin. -->","yoast_head_json":{"title":"Croissance d'entreprise - R\u00e9seau Entreprendre Loire","description":"R\u00e9seau Entreprendre Loire accompagne les entrepreneurs dans leur croissance organique et externe sur le territoire de la Loire","robots":{"index":"index","follow":"follow","max-snippet":"max-snippet:-1","max-image-preview":"max-image-preview:large","max-video-preview":"max-video-preview:-1"},"canonical":"https:\/\/www.reseau-entreprendre.org\/loire\/accompagnement-developpement-entreprise\/","og_locale":"fr_FR","og_type":"article","og_title":"Croissance d'entreprise - R\u00e9seau Entreprendre Loire","og_description":"R\u00e9seau Entreprendre Loire accompagne les entrepreneurs dans leur croissance organique et externe sur le territoire de la Loire","og_url":"https:\/\/www.reseau-entreprendre.org\/loire\/accompagnement-developpement-entreprise\/","og_site_name":"R\u00e9seau Entreprendre Loire","article_modified_time":"2025-08-07T13:07:29+00:00","twitter_card":"summary_large_image","twitter_misc":{"Dur\u00e9e de lecture estim\u00e9e":"1 minute"},"schema":{"@context":"https:\/\/schema.org","@graph":[{"@type":"WebPage","@id":"https:\/\/www.reseau-entreprendre.org\/loire\/accompagnement-developpement-entreprise\/","url":"https:\/\/www.reseau-entreprendre.org\/loire\/accompagnement-developpement-entreprise\/","name":"Croissance d'entreprise - R\u00e9seau Entreprendre Loire","isPartOf":{"@id":"https:\/\/www.reseau-entreprendre.org\/loire\/#website"},"datePublished":"2021-09-10T07:53:46+00:00","dateModified":"2025-08-07T13:07:29+00:00","description":"R\u00e9seau Entreprendre Loire accompagne les entrepreneurs dans leur croissance organique et externe sur le territoire de la Loire","breadcrumb":{"@id":"https:\/\/www.reseau-entreprendre.org\/loire\/accompagnement-developpement-entreprise\/#breadcrumb"},"inLanguage":"fr-FR","potentialAction":[{"@type":"ReadAction","target":["https:\/\/www.reseau-entreprendre.org\/loire\/accompagnement-developpement-entreprise\/"]}]},{"@type":"BreadcrumbList","@id":"https:\/\/www.reseau-entreprendre.org\/loire\/accompagnement-developpement-entreprise\/#breadcrumb","itemListElement":[{"@type":"ListItem","position":1,"name":"Accueil","item":"https:\/\/www.reseau-entreprendre.org\/loire\/"},{"@type":"ListItem","position":2,"name":"Croissance d&#8217;entreprise"}]},{"@type":"WebSite","@id":"https:\/\/www.reseau-entreprendre.org\/loire\/#website","url":"https:\/\/www.reseau-entreprendre.org\/loire\/","name":"R\u00e9seau Entreprendre Loire","description":"Un site utilisant Les sites de R\u00e9seau Entreprendre","potentialAction":[{"@type":"SearchAction","target":{"@type":"EntryPoint","urlTemplate":"https:\/\/www.reseau-entreprendre.org\/loire\/?s={search_term_string}"},"query-input":{"@type":"PropertyValueSpecification","valueRequired":true,"valueName":"search_term_string"}}],"inLanguage":"fr-FR"}]}},"_links":{"self":[{"href":"https:\/\/www.reseau-entreprendre.org\/loire\/wp-json\/wp\/v2\/pages\/2309","targetHints":{"allow":["GET"]}}],"collection":[{"href":"https:\/\/www.reseau-entreprendre.org\/loire\/wp-json\/wp\/v2\/pages"}],"about":[{"href":"https:\/\/www.reseau-entreprendre.org\/loire\/wp-json\/wp\/v2\/types\/page"}],"author":[{"embeddable":true,"href":"https:\/\/www.reseau-entreprendre.org\/loire\/wp-json\/wp\/v2\/users\/32"}],"replies":[{"embeddable":true,"href":"https:\/\/www.reseau-entreprendre.org\/loire\/wp-json\/wp\/v2\/comments?post=2309"}],"version-history":[{"count":0,"href":"https:\/\/www.reseau-entreprendre.org\/loire\/wp-json\/wp\/v2\/pages\/2309\/revisions"}],"wp:attachment":[{"href":"https:\/\/www.reseau-entreprendre.org\/loire\/wp-json\/wp\/v2\/media?parent=2309"}],"curies":[{"name":"wp","href":"https:\/\/api.w.org\/{rel}","templated":true}]}}