{"id":11,"date":"2017-04-28T12:33:20","date_gmt":"2017-04-28T10:33:20","guid":{"rendered":"https:\/\/www.reseau-entreprendre.org\/lombardia\/?page_id=11"},"modified":"2021-09-20T16:13:35","modified_gmt":"2021-09-20T14:13:35","slug":"chi-siamo","status":"publish","type":"page","link":"https:\/\/www.reseau-entreprendre.org\/lombardia\/chi-siamo\/","title":{"rendered":"Chi siamo"},"content":{"rendered":"\n<h2 class=\"wp-block-heading\">Chi siamo<\/h2>\n\n\n\n<p><em><strong>R\u00e9seau Entreprendre Lombardia \u00e8 un\u2019associazione senza scopo di lucro con sede a Milano che accompagna aspiranti neo imprenditori nella creazione e nell\u2019avvio della propria attivit\u00e0 con l\u2019obiettivo di creare posti di lavoro nella Regione.<\/strong><\/em><\/p>\n\n\n\n<p><strong>Nata nel marzo del 2015<\/strong>, importando l&#8217;idea con cui Andr\u00e9 Mulliez ha fondato in Francia nel 1986 R\u00e9seau Entreprendre, l\u2019<strong>associazione<\/strong> \u00e8 partita con un nucleo di <strong>fondatori<\/strong> composto da <strong>imprenditori senior appartenenti a Confindustria Monza Brianza<\/strong>, e&nbsp;&nbsp;<span style=\"font-size: 1rem;\">da <strong>professionisti milanesi<\/strong>,&nbsp;<\/span><span style=\"font-size: 1rem;\">oggi conta <strong>21 associati.<\/strong><\/span><\/p>\n\n\n\n<p><strong>R\u00e9seau Entreprendre Lombardia non \u00e8 un incubatore e neanche un gruppo di investitori: la sua attivit\u00e0 \u00e8 complementare a quella svolta da entrambi i soggetti e per questo sa integrarsi con le varie realt\u00e0 che operano sul territorio, creando sinergie nell\u2019ecosistema che vede le neo imprese al centro<\/strong>. E\u2019 da considerarsi ad oggi unica sul territorio lombardo per il modello che applica, importato dalla Francia.<\/p>\n\n\n\n<div class=\"wp-block-image\"><figure class=\"alignleft\"><a href=\"https:\/\/www.reseau-entreprendre.org\/lombardia\/wp-content\/uploads\/sites\/34\/2018\/09\/REL-14.05.jpg\"><img loading=\"lazy\" decoding=\"async\" width=\"300\" height=\"199\" src=\"https:\/\/www.reseau-entreprendre.org\/lombardia\/wp-content\/uploads\/sites\/34\/2018\/09\/REL-14.05-300x199.jpg\" alt=\"\" class=\"wp-image-966\" srcset=\"https:\/\/www.reseau-entreprendre.org\/lombardia\/wp-content\/uploads\/sites\/34\/2018\/09\/REL-14.05-300x199.jpg 300w, https:\/\/www.reseau-entreprendre.org\/lombardia\/wp-content\/uploads\/sites\/34\/2018\/09\/REL-14.05-768x511.jpg 768w, https:\/\/www.reseau-entreprendre.org\/lombardia\/wp-content\/uploads\/sites\/34\/2018\/09\/REL-14.05-1024x681.jpg 1024w\" sizes=\"auto, (max-width: 300px) 100vw, 300px\" \/><\/a><\/figure><\/div>\n\n\n\n<p>Dalla sua nascita ad oggi, R\u00e9seau Entreprendre Lombardia ha <strong>convalidato 9 neo imprese e startup<\/strong>, <strong>6 delle quali in fase di accompagnamento, 2 sono in fase di professionalizzazione pre-convalida.<\/strong> In un territorio attivo e ricco di iniziative come quello milanese e lombardo l\u2019associazione ha da subito creato <strong>collaborazioni<\/strong> e <strong>stilato accordi<\/strong> con i principali <strong>players del settore<\/strong>, con le <strong>universit\u00e0 milanesi<\/strong> e con le<strong> istituzioni locali.<\/strong> <strong>Dal mese di gennaio 2017 \u00e8 iscritta al Registro Associazioni senza scopo di lucro della Citt\u00e1 Metropolitana di Milano.<\/strong><\/p>\n\n\n\n<p><strong>Dal<\/strong><em><strong> 2017<\/strong>&nbsp;il <strong>Presidente<\/strong> in carica \u00e8 <strong>Fabrizio Barini<\/strong>, &nbsp;manager &nbsp;<\/em><em>con esperienza di quasi vent\u2019anni nell\u2019ambito dei mercati finanziari maturata presso una delle pi\u00f9 importanti merchant bank del Paese, ha svolto, a partire dal 2015, un ruolo attivo nello sviluppo della finanza innovativa per startup e PMI italiane.<\/em><\/p>\n","protected":false},"excerpt":{"rendered":"<p>Chi siamo R\u00e9seau Entreprendre Lombardia \u00e8 un\u2019associazione senza scopo di<\/p>\n","protected":false},"author":84,"featured_media":0,"parent":0,"menu_order":0,"comment_status":"closed","ping_status":"closed","template":"","meta":{"_acf_changed":false,"_monsterinsights_skip_tracking":false,"_monsterinsights_sitenote_active":false,"_monsterinsights_sitenote_note":"","_monsterinsights_sitenote_category":0,"footnotes":""},"class_list":["post-11","page","type-page","status-publish","hentry"],"acf":[],"yoast_head":"<!-- This site is optimized with the Yoast SEO plugin v27.4 - https:\/\/yoast.com\/product\/yoast-seo-wordpress\/ -->\n<title>Chi siamo ? | R\u00e9seau Entreprendre Lombardia<\/title>\n<meta name=\"description\" content=\"R\u00e9seau Entreprendre Lombardia \u00e8 l&#039;associazione dei capi d&#039;impresa della vostra regione.\" \/>\n<meta name=\"robots\" content=\"index, follow, max-snippet:-1, max-image-preview:large, max-video-preview:-1\" \/>\n<link rel=\"canonical\" href=\"https:\/\/www.reseau-entreprendre.org\/lombardia\/chi-siamo\/\" \/>\n<meta property=\"og:locale\" content=\"it_IT\" \/>\n<meta property=\"og:type\" content=\"article\" \/>\n<meta property=\"og:title\" content=\"Chi siamo ? | R\u00e9seau Entreprendre Lombardia\" \/>\n<meta property=\"og:description\" content=\"R\u00e9seau Entreprendre Lombardia \u00e8 l&#039;associazione dei capi d&#039;impresa della vostra regione.\" \/>\n<meta property=\"og:url\" content=\"https:\/\/www.reseau-entreprendre.org\/lombardia\/chi-siamo\/\" \/>\n<meta property=\"og:site_name\" content=\"R\u00e9seau Entreprendre Lombardia\" \/>\n<meta property=\"article:modified_time\" content=\"2021-09-20T14:13:35+00:00\" \/>\n<meta property=\"og:image\" content=\"https:\/\/www.reseau-entreprendre.org\/lombardia\/wp-content\/uploads\/sites\/34\/2018\/09\/REL-14.05-300x199.jpg\" \/>\n<meta name=\"twitter:card\" content=\"summary_large_image\" \/>\n<meta name=\"twitter:label1\" content=\"Tempo di lettura stimato\" \/>\n\t<meta name=\"twitter:data1\" content=\"2 minuti\" \/>\n<script type=\"application\/ld+json\" class=\"yoast-schema-graph\">{\"@context\":\"https:\\\/\\\/schema.org\",\"@graph\":[{\"@type\":\"WebPage\",\"@id\":\"https:\\\/\\\/www.reseau-entreprendre.org\\\/lombardia\\\/chi-siamo\\\/\",\"url\":\"https:\\\/\\\/www.reseau-entreprendre.org\\\/lombardia\\\/chi-siamo\\\/\",\"name\":\"Chi siamo ? | R\u00e9seau Entreprendre Lombardia\",\"isPartOf\":{\"@id\":\"https:\\\/\\\/www.reseau-entreprendre.org\\\/lombardia\\\/#website\"},\"primaryImageOfPage\":{\"@id\":\"https:\\\/\\\/www.reseau-entreprendre.org\\\/lombardia\\\/chi-siamo\\\/#primaryimage\"},\"image\":{\"@id\":\"https:\\\/\\\/www.reseau-entreprendre.org\\\/lombardia\\\/chi-siamo\\\/#primaryimage\"},\"thumbnailUrl\":\"https:\\\/\\\/www.reseau-entreprendre.org\\\/lombardia\\\/wp-content\\\/uploads\\\/sites\\\/34\\\/2018\\\/09\\\/REL-14.05-300x199.jpg\",\"datePublished\":\"2017-04-28T10:33:20+00:00\",\"dateModified\":\"2021-09-20T14:13:35+00:00\",\"description\":\"R\u00e9seau Entreprendre Lombardia \u00e8 l'associazione dei capi d'impresa della vostra regione.\",\"breadcrumb\":{\"@id\":\"https:\\\/\\\/www.reseau-entreprendre.org\\\/lombardia\\\/chi-siamo\\\/#breadcrumb\"},\"inLanguage\":\"it-IT\",\"potentialAction\":[{\"@type\":\"ReadAction\",\"target\":[\"https:\\\/\\\/www.reseau-entreprendre.org\\\/lombardia\\\/chi-siamo\\\/\"]}]},{\"@type\":\"ImageObject\",\"inLanguage\":\"it-IT\",\"@id\":\"https:\\\/\\\/www.reseau-entreprendre.org\\\/lombardia\\\/chi-siamo\\\/#primaryimage\",\"url\":\"https:\\\/\\\/www.reseau-entreprendre.org\\\/lombardia\\\/wp-content\\\/uploads\\\/sites\\\/34\\\/2018\\\/09\\\/REL-14.05.jpg\",\"contentUrl\":\"https:\\\/\\\/www.reseau-entreprendre.org\\\/lombardia\\\/wp-content\\\/uploads\\\/sites\\\/34\\\/2018\\\/09\\\/REL-14.05.jpg\",\"width\":6016,\"height\":4000},{\"@type\":\"BreadcrumbList\",\"@id\":\"https:\\\/\\\/www.reseau-entreprendre.org\\\/lombardia\\\/chi-siamo\\\/#breadcrumb\",\"itemListElement\":[{\"@type\":\"ListItem\",\"position\":1,\"name\":\"Accueil\",\"item\":\"https:\\\/\\\/www.reseau-entreprendre.org\\\/lombardia\\\/\"},{\"@type\":\"ListItem\",\"position\":2,\"name\":\"Chi siamo\"}]},{\"@type\":\"WebSite\",\"@id\":\"https:\\\/\\\/www.reseau-entreprendre.org\\\/lombardia\\\/#website\",\"url\":\"https:\\\/\\\/www.reseau-entreprendre.org\\\/lombardia\\\/\",\"name\":\"R\u00e9seau Entreprendre Lombardia\",\"description\":\"Un site utilisant Les sites de R\u00e9seau Entreprendre\",\"potentialAction\":[{\"@type\":\"SearchAction\",\"target\":{\"@type\":\"EntryPoint\",\"urlTemplate\":\"https:\\\/\\\/www.reseau-entreprendre.org\\\/lombardia\\\/?s={search_term_string}\"},\"query-input\":{\"@type\":\"PropertyValueSpecification\",\"valueRequired\":true,\"valueName\":\"search_term_string\"}}],\"inLanguage\":\"it-IT\"}]}<\/script>\n<!-- \/ Yoast SEO plugin. -->","yoast_head_json":{"title":"Chi siamo ? | R\u00e9seau Entreprendre Lombardia","description":"R\u00e9seau Entreprendre Lombardia \u00e8 l'associazione dei capi d'impresa della vostra regione.","robots":{"index":"index","follow":"follow","max-snippet":"max-snippet:-1","max-image-preview":"max-image-preview:large","max-video-preview":"max-video-preview:-1"},"canonical":"https:\/\/www.reseau-entreprendre.org\/lombardia\/chi-siamo\/","og_locale":"it_IT","og_type":"article","og_title":"Chi siamo ? | R\u00e9seau Entreprendre Lombardia","og_description":"R\u00e9seau Entreprendre Lombardia \u00e8 l'associazione dei capi d'impresa della vostra regione.","og_url":"https:\/\/www.reseau-entreprendre.org\/lombardia\/chi-siamo\/","og_site_name":"R\u00e9seau Entreprendre Lombardia","article_modified_time":"2021-09-20T14:13:35+00:00","og_image":[{"url":"https:\/\/www.reseau-entreprendre.org\/lombardia\/wp-content\/uploads\/sites\/34\/2018\/09\/REL-14.05-300x199.jpg","type":"","width":"","height":""}],"twitter_card":"summary_large_image","twitter_misc":{"Tempo di lettura stimato":"2 minuti"},"schema":{"@context":"https:\/\/schema.org","@graph":[{"@type":"WebPage","@id":"https:\/\/www.reseau-entreprendre.org\/lombardia\/chi-siamo\/","url":"https:\/\/www.reseau-entreprendre.org\/lombardia\/chi-siamo\/","name":"Chi siamo ? | R\u00e9seau Entreprendre Lombardia","isPartOf":{"@id":"https:\/\/www.reseau-entreprendre.org\/lombardia\/#website"},"primaryImageOfPage":{"@id":"https:\/\/www.reseau-entreprendre.org\/lombardia\/chi-siamo\/#primaryimage"},"image":{"@id":"https:\/\/www.reseau-entreprendre.org\/lombardia\/chi-siamo\/#primaryimage"},"thumbnailUrl":"https:\/\/www.reseau-entreprendre.org\/lombardia\/wp-content\/uploads\/sites\/34\/2018\/09\/REL-14.05-300x199.jpg","datePublished":"2017-04-28T10:33:20+00:00","dateModified":"2021-09-20T14:13:35+00:00","description":"R\u00e9seau Entreprendre Lombardia \u00e8 l'associazione dei capi d'impresa della vostra regione.","breadcrumb":{"@id":"https:\/\/www.reseau-entreprendre.org\/lombardia\/chi-siamo\/#breadcrumb"},"inLanguage":"it-IT","potentialAction":[{"@type":"ReadAction","target":["https:\/\/www.reseau-entreprendre.org\/lombardia\/chi-siamo\/"]}]},{"@type":"ImageObject","inLanguage":"it-IT","@id":"https:\/\/www.reseau-entreprendre.org\/lombardia\/chi-siamo\/#primaryimage","url":"https:\/\/www.reseau-entreprendre.org\/lombardia\/wp-content\/uploads\/sites\/34\/2018\/09\/REL-14.05.jpg","contentUrl":"https:\/\/www.reseau-entreprendre.org\/lombardia\/wp-content\/uploads\/sites\/34\/2018\/09\/REL-14.05.jpg","width":6016,"height":4000},{"@type":"BreadcrumbList","@id":"https:\/\/www.reseau-entreprendre.org\/lombardia\/chi-siamo\/#breadcrumb","itemListElement":[{"@type":"ListItem","position":1,"name":"Accueil","item":"https:\/\/www.reseau-entreprendre.org\/lombardia\/"},{"@type":"ListItem","position":2,"name":"Chi siamo"}]},{"@type":"WebSite","@id":"https:\/\/www.reseau-entreprendre.org\/lombardia\/#website","url":"https:\/\/www.reseau-entreprendre.org\/lombardia\/","name":"R\u00e9seau Entreprendre Lombardia","description":"Un site utilisant Les sites de R\u00e9seau Entreprendre","potentialAction":[{"@type":"SearchAction","target":{"@type":"EntryPoint","urlTemplate":"https:\/\/www.reseau-entreprendre.org\/lombardia\/?s={search_term_string}"},"query-input":{"@type":"PropertyValueSpecification","valueRequired":true,"valueName":"search_term_string"}}],"inLanguage":"it-IT"}]}},"_links":{"self":[{"href":"https:\/\/www.reseau-entreprendre.org\/lombardia\/wp-json\/wp\/v2\/pages\/11","targetHints":{"allow":["GET"]}}],"collection":[{"href":"https:\/\/www.reseau-entreprendre.org\/lombardia\/wp-json\/wp\/v2\/pages"}],"about":[{"href":"https:\/\/www.reseau-entreprendre.org\/lombardia\/wp-json\/wp\/v2\/types\/page"}],"author":[{"embeddable":true,"href":"https:\/\/www.reseau-entreprendre.org\/lombardia\/wp-json\/wp\/v2\/users\/84"}],"replies":[{"embeddable":true,"href":"https:\/\/www.reseau-entreprendre.org\/lombardia\/wp-json\/wp\/v2\/comments?post=11"}],"version-history":[{"count":0,"href":"https:\/\/www.reseau-entreprendre.org\/lombardia\/wp-json\/wp\/v2\/pages\/11\/revisions"}],"wp:attachment":[{"href":"https:\/\/www.reseau-entreprendre.org\/lombardia\/wp-json\/wp\/v2\/media?parent=11"}],"curies":[{"name":"wp","href":"https:\/\/api.w.org\/{rel}","templated":true}]}}