{"id":13,"date":"2017-04-28T12:33:34","date_gmt":"2017-04-28T10:33:34","guid":{"rendered":"https:\/\/www.reseau-entreprendre.org\/lombardia\/?page_id=13"},"modified":"2021-09-20T16:13:46","modified_gmt":"2021-09-20T14:13:46","slug":"essere-imprenditori","status":"publish","type":"page","link":"https:\/\/www.reseau-entreprendre.org\/lombardia\/essere-imprenditori\/","title":{"rendered":"Essere imprenditori"},"content":{"rendered":"\n<h2 class=\"wp-block-heading\">Essere Imprenditori<\/h2>\n\n\n\n<div class=\"wp-block-image\"><figure class=\"alignleft\"><a href=\"https:\/\/www.reseau-entreprendre.org\/lombardia\/wp-content\/uploads\/sites\/34\/2019\/08\/gruppo1.jpg\"><img loading=\"lazy\" decoding=\"async\" width=\"2191\" height=\"1146\" src=\"https:\/\/www.reseau-entreprendre.org\/lombardia\/wp-content\/uploads\/sites\/34\/2019\/08\/gruppo1.jpg\" alt=\"\" class=\"wp-image-1440\" srcset=\"https:\/\/www.reseau-entreprendre.org\/lombardia\/wp-content\/uploads\/sites\/34\/2019\/08\/gruppo1.jpg 2191w, https:\/\/www.reseau-entreprendre.org\/lombardia\/wp-content\/uploads\/sites\/34\/2019\/08\/gruppo1-300x157.jpg 300w, https:\/\/www.reseau-entreprendre.org\/lombardia\/wp-content\/uploads\/sites\/34\/2019\/08\/gruppo1-768x402.jpg 768w, https:\/\/www.reseau-entreprendre.org\/lombardia\/wp-content\/uploads\/sites\/34\/2019\/08\/gruppo1-1024x536.jpg 1024w\" sizes=\"auto, (max-width: 2191px) 100vw, 2191px\" \/><\/a><\/figure><\/div>\n\n\n\n<p>R\u00e9seau Entreprendre Lombardia \u00e8 una associazione senza scopo di lucro che ha come obiettivo quello di \u201c<em>creare imprenditori per creare posti di lavoro<\/em>\u201d. Chi ha un\u2019idea che ritiene possa diventare una neo-impresa di successo, o chi vuole riavviarne una gi\u00e0 esistente, pu\u00f2 candidarsi per partecipare al percorso di accompagnamento proposto dell\u2019associazione. E\u2019 necessario avere la possibilit\u00e0 di essere presenti di persona agli incontri di accompagnamento previsti, sia a quelli \u00abface to face\u00bb, sia a quelli di gruppo. Si tratta di una condizione essenziale per garantirne la qualit\u00e0 e l\u2019efficacia, oltre che il regolare svolgimento.<\/p>\n\n\n\n<p>Ogni candidato neo-imprenditore deve impegnarsi a creare un numero significativo di posti di lavoro (3\/5 posti nei primi 3 anni di attivit\u00e0).<\/p>\n\n\n\n<p>Oltre alla piena condivisione dei valori che guidano l\u2019attivit\u00e0 di accompagnamento di R\u00e9seau Entreprendre Lombardia, ai candidati \u00e8 richiesto anche di avere come attivit\u00e0 principale la gestione dell&#8217;impresa creata o riavviata e di mantenere il controllo della stessa, o della maggioranza del capitale sociale della societ\u00e0.<br>Dal 2015, anno della sua nascita, R\u00e9seau Entreprendre Lombardia ha convalidato 9 neo imprese e 2 sono attualmente in accompagnamento.<\/p>\n\n\n\n<p>L\u2019accompagnamento offerto dall\u2019associazione prevede sia incontri individuali, sia di gruppo. I primi avvengono regolarmente, una volta al mese, e sono l\u2019occasione in cui mentor e neo-imprenditore possono confrontarsi sull\u2019andamento della neo impresa, fissando obiettivi a breve termine da verificare insieme di volta in volta.<\/p>\n\n\n\n<p>L\u2019accompagnamento a livello collettivo \u00e8 basato sull\u2019appuntamento mensile del Club Neo: si tratta di incontri a cui partecipano tutti i neo-imprenditori di R\u00e9seau Entreprendre Lombardia, finalizzati ad approfondire argomenti di interesse comune. Tra i temi affrontati anche \u201dpatti parasociali\u201d, &#8220;propriet\u00e0 intellettuale\u201d, \u201ccontrollo di gestione\u201d, \u201cstrumenti di finanza alternativa per neo imprese\u201d.<\/p>\n\n\n\n<div class=\"wp-block-image\"><figure class=\"alignleft\"><a href=\"https:\/\/www.reseau-entreprendre.org\/lombardia\/wp-content\/uploads\/sites\/34\/2019\/08\/20181204_175858.jpg\"><img loading=\"lazy\" decoding=\"async\" width=\"4608\" height=\"2592\" src=\"https:\/\/www.reseau-entreprendre.org\/lombardia\/wp-content\/uploads\/sites\/34\/2019\/08\/20181204_175858.jpg\" alt=\"\" class=\"wp-image-1442\" srcset=\"https:\/\/www.reseau-entreprendre.org\/lombardia\/wp-content\/uploads\/sites\/34\/2019\/08\/20181204_175858.jpg 4608w, https:\/\/www.reseau-entreprendre.org\/lombardia\/wp-content\/uploads\/sites\/34\/2019\/08\/20181204_175858-300x169.jpg 300w, https:\/\/www.reseau-entreprendre.org\/lombardia\/wp-content\/uploads\/sites\/34\/2019\/08\/20181204_175858-768x432.jpg 768w, https:\/\/www.reseau-entreprendre.org\/lombardia\/wp-content\/uploads\/sites\/34\/2019\/08\/20181204_175858-1024x576.jpg 1024w\" sizes=\"auto, (max-width: 4608px) 100vw, 4608px\" \/><\/a><\/figure><\/div>\n\n\n\n<p>I neo-imprenditori sono inoltre invitati a partecipare a tutti gli workshop, i seminari tematici e alle iniziative, organizzati anche con l\u2019eventuale collaborazione di partner e a tutti gli eventi di networking proposti dall\u2019associazione.<\/p>\n\n\n\n<p>Tra le neo-imprese di successo accompagnate da R\u00e9seau Entreprendre Lombardia Bookabook, PerSEOweb, Lorenzo Vinci e Dolly Noire.<\/p>\n","protected":false},"excerpt":{"rendered":"<p>Essere Imprenditori R\u00e9seau Entreprendre Lombardia \u00e8 una associazione senza scopo<\/p>\n","protected":false},"author":84,"featured_media":0,"parent":0,"menu_order":0,"comment_status":"closed","ping_status":"closed","template":"","meta":{"_acf_changed":false,"_monsterinsights_skip_tracking":false,"_monsterinsights_sitenote_active":false,"_monsterinsights_sitenote_note":"","_monsterinsights_sitenote_category":0,"footnotes":""},"class_list":["post-13","page","type-page","status-publish","hentry"],"acf":[],"yoast_head":"<!-- This site is optimized with the Yoast SEO plugin v27.4 - https:\/\/yoast.com\/product\/yoast-seo-wordpress\/ -->\n<title>Essere Imprenditori | R\u00e9seau Entreprendre Lombardia<\/title>\n<meta name=\"description\" content=\"Avete un progetto di creazione d&#039;impresa? R\u00e9seau Entreprendre Lombardia vi assister\u00e0 gratuitamente e per tutta la durata dell&#039;operazione.\" \/>\n<meta name=\"robots\" content=\"index, follow, max-snippet:-1, max-image-preview:large, max-video-preview:-1\" \/>\n<link rel=\"canonical\" href=\"https:\/\/www.reseau-entreprendre.org\/lombardia\/essere-imprenditori\/\" \/>\n<meta property=\"og:locale\" content=\"it_IT\" \/>\n<meta property=\"og:type\" content=\"article\" \/>\n<meta property=\"og:title\" content=\"Essere Imprenditori | R\u00e9seau Entreprendre Lombardia\" \/>\n<meta property=\"og:description\" content=\"Avete un progetto di creazione d&#039;impresa? R\u00e9seau Entreprendre Lombardia vi assister\u00e0 gratuitamente e per tutta la durata dell&#039;operazione.\" \/>\n<meta property=\"og:url\" content=\"https:\/\/www.reseau-entreprendre.org\/lombardia\/essere-imprenditori\/\" \/>\n<meta property=\"og:site_name\" content=\"R\u00e9seau Entreprendre Lombardia\" \/>\n<meta property=\"article:modified_time\" content=\"2021-09-20T14:13:46+00:00\" \/>\n<meta property=\"og:image\" content=\"https:\/\/www.reseau-entreprendre.org\/lombardia\/wp-content\/uploads\/sites\/34\/2019\/08\/gruppo1.jpg\" \/>\n<meta name=\"twitter:card\" content=\"summary_large_image\" \/>\n<meta name=\"twitter:label1\" content=\"Tempo di lettura stimato\" \/>\n\t<meta name=\"twitter:data1\" content=\"2 minuti\" \/>\n<script type=\"application\/ld+json\" class=\"yoast-schema-graph\">{\"@context\":\"https:\\\/\\\/schema.org\",\"@graph\":[{\"@type\":\"WebPage\",\"@id\":\"https:\\\/\\\/www.reseau-entreprendre.org\\\/lombardia\\\/essere-imprenditori\\\/\",\"url\":\"https:\\\/\\\/www.reseau-entreprendre.org\\\/lombardia\\\/essere-imprenditori\\\/\",\"name\":\"Essere Imprenditori | R\u00e9seau Entreprendre Lombardia\",\"isPartOf\":{\"@id\":\"https:\\\/\\\/www.reseau-entreprendre.org\\\/lombardia\\\/#website\"},\"primaryImageOfPage\":{\"@id\":\"https:\\\/\\\/www.reseau-entreprendre.org\\\/lombardia\\\/essere-imprenditori\\\/#primaryimage\"},\"image\":{\"@id\":\"https:\\\/\\\/www.reseau-entreprendre.org\\\/lombardia\\\/essere-imprenditori\\\/#primaryimage\"},\"thumbnailUrl\":\"https:\\\/\\\/www.reseau-entreprendre.org\\\/lombardia\\\/wp-content\\\/uploads\\\/sites\\\/34\\\/2019\\\/08\\\/gruppo1.jpg\",\"datePublished\":\"2017-04-28T10:33:34+00:00\",\"dateModified\":\"2021-09-20T14:13:46+00:00\",\"description\":\"Avete un progetto di creazione d'impresa? R\u00e9seau Entreprendre Lombardia vi assister\u00e0 gratuitamente e per tutta la durata dell'operazione.\",\"breadcrumb\":{\"@id\":\"https:\\\/\\\/www.reseau-entreprendre.org\\\/lombardia\\\/essere-imprenditori\\\/#breadcrumb\"},\"inLanguage\":\"it-IT\",\"potentialAction\":[{\"@type\":\"ReadAction\",\"target\":[\"https:\\\/\\\/www.reseau-entreprendre.org\\\/lombardia\\\/essere-imprenditori\\\/\"]}]},{\"@type\":\"ImageObject\",\"inLanguage\":\"it-IT\",\"@id\":\"https:\\\/\\\/www.reseau-entreprendre.org\\\/lombardia\\\/essere-imprenditori\\\/#primaryimage\",\"url\":\"https:\\\/\\\/www.reseau-entreprendre.org\\\/lombardia\\\/wp-content\\\/uploads\\\/sites\\\/34\\\/2019\\\/08\\\/gruppo1.jpg\",\"contentUrl\":\"https:\\\/\\\/www.reseau-entreprendre.org\\\/lombardia\\\/wp-content\\\/uploads\\\/sites\\\/34\\\/2019\\\/08\\\/gruppo1.jpg\",\"width\":2191,\"height\":1146},{\"@type\":\"BreadcrumbList\",\"@id\":\"https:\\\/\\\/www.reseau-entreprendre.org\\\/lombardia\\\/essere-imprenditori\\\/#breadcrumb\",\"itemListElement\":[{\"@type\":\"ListItem\",\"position\":1,\"name\":\"Accueil\",\"item\":\"https:\\\/\\\/www.reseau-entreprendre.org\\\/lombardia\\\/\"},{\"@type\":\"ListItem\",\"position\":2,\"name\":\"Essere imprenditori\"}]},{\"@type\":\"WebSite\",\"@id\":\"https:\\\/\\\/www.reseau-entreprendre.org\\\/lombardia\\\/#website\",\"url\":\"https:\\\/\\\/www.reseau-entreprendre.org\\\/lombardia\\\/\",\"name\":\"R\u00e9seau Entreprendre Lombardia\",\"description\":\"Un site utilisant Les sites de R\u00e9seau Entreprendre\",\"potentialAction\":[{\"@type\":\"SearchAction\",\"target\":{\"@type\":\"EntryPoint\",\"urlTemplate\":\"https:\\\/\\\/www.reseau-entreprendre.org\\\/lombardia\\\/?s={search_term_string}\"},\"query-input\":{\"@type\":\"PropertyValueSpecification\",\"valueRequired\":true,\"valueName\":\"search_term_string\"}}],\"inLanguage\":\"it-IT\"}]}<\/script>\n<!-- \/ Yoast SEO plugin. -->","yoast_head_json":{"title":"Essere Imprenditori | R\u00e9seau Entreprendre Lombardia","description":"Avete un progetto di creazione d'impresa? R\u00e9seau Entreprendre Lombardia vi assister\u00e0 gratuitamente e per tutta la durata dell'operazione.","robots":{"index":"index","follow":"follow","max-snippet":"max-snippet:-1","max-image-preview":"max-image-preview:large","max-video-preview":"max-video-preview:-1"},"canonical":"https:\/\/www.reseau-entreprendre.org\/lombardia\/essere-imprenditori\/","og_locale":"it_IT","og_type":"article","og_title":"Essere Imprenditori | R\u00e9seau Entreprendre Lombardia","og_description":"Avete un progetto di creazione d'impresa? R\u00e9seau Entreprendre Lombardia vi assister\u00e0 gratuitamente e per tutta la durata dell'operazione.","og_url":"https:\/\/www.reseau-entreprendre.org\/lombardia\/essere-imprenditori\/","og_site_name":"R\u00e9seau Entreprendre Lombardia","article_modified_time":"2021-09-20T14:13:46+00:00","og_image":[{"url":"https:\/\/www.reseau-entreprendre.org\/lombardia\/wp-content\/uploads\/sites\/34\/2019\/08\/gruppo1.jpg","type":"","width":"","height":""}],"twitter_card":"summary_large_image","twitter_misc":{"Tempo di lettura stimato":"2 minuti"},"schema":{"@context":"https:\/\/schema.org","@graph":[{"@type":"WebPage","@id":"https:\/\/www.reseau-entreprendre.org\/lombardia\/essere-imprenditori\/","url":"https:\/\/www.reseau-entreprendre.org\/lombardia\/essere-imprenditori\/","name":"Essere Imprenditori | R\u00e9seau Entreprendre Lombardia","isPartOf":{"@id":"https:\/\/www.reseau-entreprendre.org\/lombardia\/#website"},"primaryImageOfPage":{"@id":"https:\/\/www.reseau-entreprendre.org\/lombardia\/essere-imprenditori\/#primaryimage"},"image":{"@id":"https:\/\/www.reseau-entreprendre.org\/lombardia\/essere-imprenditori\/#primaryimage"},"thumbnailUrl":"https:\/\/www.reseau-entreprendre.org\/lombardia\/wp-content\/uploads\/sites\/34\/2019\/08\/gruppo1.jpg","datePublished":"2017-04-28T10:33:34+00:00","dateModified":"2021-09-20T14:13:46+00:00","description":"Avete un progetto di creazione d'impresa? R\u00e9seau Entreprendre Lombardia vi assister\u00e0 gratuitamente e per tutta la durata dell'operazione.","breadcrumb":{"@id":"https:\/\/www.reseau-entreprendre.org\/lombardia\/essere-imprenditori\/#breadcrumb"},"inLanguage":"it-IT","potentialAction":[{"@type":"ReadAction","target":["https:\/\/www.reseau-entreprendre.org\/lombardia\/essere-imprenditori\/"]}]},{"@type":"ImageObject","inLanguage":"it-IT","@id":"https:\/\/www.reseau-entreprendre.org\/lombardia\/essere-imprenditori\/#primaryimage","url":"https:\/\/www.reseau-entreprendre.org\/lombardia\/wp-content\/uploads\/sites\/34\/2019\/08\/gruppo1.jpg","contentUrl":"https:\/\/www.reseau-entreprendre.org\/lombardia\/wp-content\/uploads\/sites\/34\/2019\/08\/gruppo1.jpg","width":2191,"height":1146},{"@type":"BreadcrumbList","@id":"https:\/\/www.reseau-entreprendre.org\/lombardia\/essere-imprenditori\/#breadcrumb","itemListElement":[{"@type":"ListItem","position":1,"name":"Accueil","item":"https:\/\/www.reseau-entreprendre.org\/lombardia\/"},{"@type":"ListItem","position":2,"name":"Essere imprenditori"}]},{"@type":"WebSite","@id":"https:\/\/www.reseau-entreprendre.org\/lombardia\/#website","url":"https:\/\/www.reseau-entreprendre.org\/lombardia\/","name":"R\u00e9seau Entreprendre Lombardia","description":"Un site utilisant Les sites de R\u00e9seau Entreprendre","potentialAction":[{"@type":"SearchAction","target":{"@type":"EntryPoint","urlTemplate":"https:\/\/www.reseau-entreprendre.org\/lombardia\/?s={search_term_string}"},"query-input":{"@type":"PropertyValueSpecification","valueRequired":true,"valueName":"search_term_string"}}],"inLanguage":"it-IT"}]}},"_links":{"self":[{"href":"https:\/\/www.reseau-entreprendre.org\/lombardia\/wp-json\/wp\/v2\/pages\/13","targetHints":{"allow":["GET"]}}],"collection":[{"href":"https:\/\/www.reseau-entreprendre.org\/lombardia\/wp-json\/wp\/v2\/pages"}],"about":[{"href":"https:\/\/www.reseau-entreprendre.org\/lombardia\/wp-json\/wp\/v2\/types\/page"}],"author":[{"embeddable":true,"href":"https:\/\/www.reseau-entreprendre.org\/lombardia\/wp-json\/wp\/v2\/users\/84"}],"replies":[{"embeddable":true,"href":"https:\/\/www.reseau-entreprendre.org\/lombardia\/wp-json\/wp\/v2\/comments?post=13"}],"version-history":[{"count":0,"href":"https:\/\/www.reseau-entreprendre.org\/lombardia\/wp-json\/wp\/v2\/pages\/13\/revisions"}],"wp:attachment":[{"href":"https:\/\/www.reseau-entreprendre.org\/lombardia\/wp-json\/wp\/v2\/media?parent=13"}],"curies":[{"name":"wp","href":"https:\/\/api.w.org\/{rel}","templated":true}]}}