{"id":45,"date":"2017-05-12T11:58:21","date_gmt":"2017-05-12T09:58:21","guid":{"rendered":"https:\/\/www.reseau-entreprendre.org\/lombardia\/?page_id=45"},"modified":"2023-06-01T10:50:11","modified_gmt":"2023-06-01T08:50:11","slug":"accueil","status":"publish","type":"page","link":"https:\/\/www.reseau-entreprendre.org\/lombardia\/","title":{"rendered":"Accueil"},"content":{"rendered":"\n<div class=\"wp-block-group alignwide pb-0 padded bg-light\"><div class=\"wp-block-group__inner-container is-layout-flow wp-block-group-is-layout-flow\">\n<div class=\"wp-block-columns mb-5 is-layout-flex wp-container-core-columns-is-layout-9d6595d7 wp-block-columns-is-layout-flex\">\n<div class=\"wp-block-column is-layout-flow wp-block-column-is-layout-flow\" style=\"flex-basis:43%\">\n<figure class=\"wp-block-image size-full\"><img loading=\"lazy\" decoding=\"async\" width=\"437\" height=\"458\" src=\"https:\/\/www.reseau-entreprendre.org\/lombardia\/wp-content\/uploads\/sites\/34\/2021\/09\/home-main-content-4.jpg\" alt=\"\" class=\"wp-image-1638\" srcset=\"https:\/\/www.reseau-entreprendre.org\/lombardia\/wp-content\/uploads\/sites\/34\/2021\/09\/home-main-content-4.jpg 437w, https:\/\/www.reseau-entreprendre.org\/lombardia\/wp-content\/uploads\/sites\/34\/2021\/09\/home-main-content-4-286x300.jpg 286w\" sizes=\"auto, (max-width: 437px) 100vw, 437px\" \/><\/figure>\n<\/div>\n\n\n\n<div class=\"wp-block-column is-vertically-aligned-center is-layout-flow wp-block-column-is-layout-flow\">\n<h2 class=\"wp-block-heading\">INCONTRA DIRIGENTI D&#8217;IMPRESA PER POTENZIARE IL TUO PROGETTO<\/h2>\n\n\n\n<div style=\"height:19px\" aria-hidden=\"true\" class=\"wp-block-spacer\"><\/div>\n\n\n\n<div class=\"wp-block-buttons is-layout-flex wp-block-buttons-is-layout-flex\">\n<div class=\"wp-block-button is-style-fill\"><a class=\"wp-block-button__link has-re-red-background-color has-text-color has-background wp-element-button\" href=\"https:\/\/www.reseau-entreprendre.org\/lombardia\/contatti\" style=\"color:#ffffff\">Contattaci !<\/a><\/div>\n<\/div>\n<\/div>\n<\/div>\n<\/div><\/div>\n\n\n\n<div style=\"height:88px\" aria-hidden=\"true\" class=\"wp-block-spacer\"><\/div>\n\n\n\n<div class=\"wp-block-group\"><div class=\"wp-block-group__inner-container is-layout-flow wp-block-group-is-layout-flow\">\n<h2 class=\"wp-block-heading has-text-align-center\">R\u00e9seau Entreprendre Lombardia \u00e8\u2026<\/h2>\n\n\n\n<div style=\"height:40px\" aria-hidden=\"true\" class=\"wp-block-spacer\"><\/div>\n\n\n\n<div class=\"wp-block-columns alignfull bordures chiffres-cles is-layout-flex wp-container-core-columns-is-layout-9d6595d7 wp-block-columns-is-layout-flex\">\n<div class=\"wp-block-column is-layout-flow wp-block-column-is-layout-flow\"><div>\n        <span class=\"d-block w-100 text-center\" style=\"color:#1595bf\">\n            <svg class=\"icon\" width=\"89\" height=\"75\" viewBox=\"0 0 89 75\" fill=\"none\" xmlns=\"http:\/\/www.w3.org\/2000\/svg\">\n<g id=\"Ic&#195;&#180;ne Chef d&#39;entreprise\">\n<path id=\"Stroke 1\" d=\"M49.5241 1L39.1261 25.2621\" stroke=\"currentColor\" stroke-width=\"1.93752\" stroke-linecap=\"round\" stroke-linejoin=\"round\"\/>\n<path id=\"Stroke 3\" d=\"M49.5242 25.2621L59.9222 1\" stroke=\"currentColor\" stroke-width=\"1.93752\" stroke-linecap=\"round\" stroke-linejoin=\"round\"\/>\n<path id=\"Stroke 6\" d=\"M52.9901 46.0579H77.2522\" stroke=\"currentColor\" stroke-width=\"1.93752\" stroke-linecap=\"round\" stroke-linejoin=\"round\"\/>\n<path id=\"Stroke 7\" d=\"M52.9901 35.66H77.2522\" stroke=\"currentColor\" stroke-width=\"1.93752\" stroke-linecap=\"round\" stroke-linejoin=\"round\"\/>\n<path id=\"Stroke 8\" d=\"M52.9901 56.4563H77.2522\" stroke=\"currentColor\" stroke-width=\"1.93752\" stroke-linecap=\"round\" stroke-linejoin=\"round\"\/>\n<path id=\"Stroke 9\" fill-rule=\"evenodd\" clip-rule=\"evenodd\" d=\"M35.6601 40.8589C35.6601 45.6472 31.7799 49.5239 26.9951 49.5239C22.2103 49.5239 18.3301 45.6472 18.3301 40.8589C18.3301 36.0706 22.2103 32.1938 26.9951 32.1938C31.7799 32.1938 35.6601 36.0706 35.6601 40.8589Z\" stroke=\"currentColor\" stroke-width=\"1.93752\" stroke-linejoin=\"round\"\/>\n<path id=\"Stroke 11\" d=\"M42.5921 63.3883V61.1492C42.5921 58.314 40.8661 55.7665 38.2336 54.7128L33.9271 52.9902L26.9951 59.9223L20.0631 52.9902L15.7566 54.7128C13.1241 55.7665 11.3981 58.314 11.3981 61.1492V63.3883\" stroke=\"currentColor\" stroke-width=\"1.93752\" stroke-linecap=\"round\" stroke-linejoin=\"round\"\/>\n<path id=\"Stroke 13\" d=\"M60.9122 14.8643H80.7187C84.5469 14.8643 87.6507 17.9681 87.6507 21.7963V66.8544C87.6507 70.6826 84.5469 73.7864 80.7187 73.7864H7.9325C4.1043 73.7864 1.00049 70.6826 1.00049 66.8544V21.7963C1.00049 17.9681 4.1043 14.8643 7.9325 14.8643H43.5821\" stroke=\"currentColor\" stroke-width=\"1.93752\" stroke-linecap=\"round\" stroke-linejoin=\"round\"\/>\n<path id=\"Stroke 15\" d=\"M39.1261 1L44.3251 13.131\" stroke=\"currentColor\" stroke-width=\"1.93752\" stroke-linecap=\"round\" stroke-linejoin=\"round\"\/>\n<path id=\"Stroke 17\" d=\"M34.67 14.864L28.7275 1\" stroke=\"currentColor\" stroke-width=\"1.93752\" stroke-linecap=\"round\" stroke-linejoin=\"round\"\/>\n<path id=\"Stroke 19\" d=\"M51.01 21.7959H51.2578C52.2127 21.7959 52.9908 22.5706 52.9908 23.5289C52.9908 24.4873 52.2127 25.2619 51.2578 25.2619H37.3938C36.4372 25.2619 35.6608 24.4873 35.6608 23.5289C35.6608 22.5706 36.4372 21.7959 37.3938 21.7959H40.612\" stroke=\"currentColor\" stroke-width=\"1.93752\" stroke-linejoin=\"round\"\/>\n<\/g>\n<\/svg>        <\/span>\n    <\/div>\n\n\n\n<div style=\"height:20px\" aria-hidden=\"true\" class=\"wp-block-spacer\"><\/div>\n\n\n\n<h2 class=\"wp-block-heading has-text-align-center has-re-blue-color has-text-color\"><strong>9<\/strong><\/h2>\n\n\n\n<h3 class=\"wp-block-heading has-text-align-center has-re-blue-color has-text-color\"><strong>Neo Imprenditori<\/strong><\/h3>\n\n\n\n<p class=\"has-text-align-center\">accompagnati<\/p>\n<\/div>\n\n\n\n<div class=\"wp-block-column is-layout-flow wp-block-column-is-layout-flow\"><div>\n        <span class=\"d-block w-100 text-center\" style=\"color:#ffbb61\">\n            <svg class=\"icon\" width=\"104\" height=\"80\" viewBox=\"0 0 104 80\" fill=\"none\" xmlns=\"http:\/\/www.w3.org\/2000\/svg\">\n<g id=\"ic&#195;&#180;ne Entreprise\">\n<path id=\"Line 2\" d=\"M1.09025 78.2538H102.712\" stroke=\"currentColor\" stroke-width=\"1.672\" stroke-linecap=\"square\"\/>\n<path id=\"Path 3\" d=\"M33.469 78.254V1H77.1107V78.254\" stroke=\"currentColor\" stroke-width=\"1.672\"\/>\n<rect id=\"Rectangle\" x=\"42.3345\" y=\"12.4619\" width=\"8.4835\" height=\"7.4005\" stroke=\"currentColor\" stroke-width=\"1.672\"\/>\n<rect id=\"Rectangle Copy 2\" x=\"42.3345\" y=\"26.7212\" width=\"8.4835\" height=\"7.4005\" stroke=\"currentColor\" stroke-width=\"1.672\"\/>\n<rect id=\"Rectangle Copy 4\" x=\"42.3345\" y=\"40.981\" width=\"8.4835\" height=\"7.4005\" stroke=\"currentColor\" stroke-width=\"1.672\"\/>\n<rect id=\"Rectangle Copy\" x=\"59.6625\" y=\"12.4619\" width=\"8.4835\" height=\"7.4005\" stroke=\"currentColor\" stroke-width=\"1.672\"\/>\n<rect id=\"Rectangle Copy 3\" x=\"59.6625\" y=\"26.7212\" width=\"8.4835\" height=\"7.4005\" stroke=\"currentColor\" stroke-width=\"1.672\"\/>\n<rect id=\"Rectangle Copy 5\" x=\"59.6625\" y=\"40.981\" width=\"8.4835\" height=\"7.4005\" stroke=\"currentColor\" stroke-width=\"1.672\"\/>\n<path id=\"Path 6\" d=\"M77.1107 16.0718H95.2421V78.254\" stroke=\"currentColor\" stroke-width=\"1.672\"\/>\n<path id=\"Path 7\" d=\"M77.1107 25.4678H87.279V32.3224H77.1107\" stroke=\"currentColor\" stroke-width=\"1.672\"\/>\n<path id=\"Path 7_2\" d=\"M77.1107 39.8979H87.279V46.7526H77.1107\" stroke=\"currentColor\" stroke-width=\"1.672\"\/>\n<path id=\"Path 7_3\" d=\"M77.1107 54.6987H87.279V61.5533H77.1107\" stroke=\"currentColor\" stroke-width=\"1.672\"\/>\n<path id=\"Path 8\" d=\"M6.95648 78.254V30.3313L33.469 17.4214\" stroke=\"currentColor\" stroke-width=\"1.672\"\/>\n<path id=\"Path 9\" d=\"M33.469 35.0464H16.5288V41.4344H33.469\" stroke=\"currentColor\" stroke-width=\"1.672\"\/>\n<path id=\"Path 9 Copy\" d=\"M33.469 49.6445H16.5288V56.0326H33.469\" stroke=\"currentColor\" stroke-width=\"1.672\"\/>\n<path id=\"Path 9 Copy 2\" d=\"M33.469 64.6265H16.5288V71.0145H33.469\" stroke=\"currentColor\" stroke-width=\"1.672\"\/>\n<path id=\"Line 3\" d=\"M42.9662 58.9403H67.8752\" stroke=\"currentColor\" stroke-width=\"1.672\" stroke-linecap=\"square\"\/>\n<path id=\"Path 4\" d=\"M46.5763 78.2539V58.9404\" stroke=\"currentColor\" stroke-width=\"1.672\"\/>\n<path id=\"Path 4 Copy\" d=\"M64.175 78.2539V58.9404\" stroke=\"currentColor\" stroke-width=\"1.672\"\/>\n<\/g>\n<\/svg>        <\/span>\n    <\/div>\n\n\n\n<div style=\"height:20px\" aria-hidden=\"true\" class=\"wp-block-spacer\"><\/div>\n\n\n\n<h2 class=\"wp-block-heading has-text-align-center has-re-yellow-color has-text-color\"><strong>21<\/strong><\/h2>\n\n\n\n<h3 class=\"wp-block-heading has-text-align-center has-re-yellow-color has-text-color\"><strong>Associati<\/strong><\/h3>\n\n\n\n<p class=\"has-text-align-center\"><\/p>\n<\/div>\n\n\n\n<div class=\"wp-block-column is-layout-flow wp-block-column-is-layout-flow\"><div>\n        <span class=\"d-block w-100 text-center\" style=\"color:#f34f63\">\n            <svg class=\"icon\" width=\"78\" height=\"72\" viewBox=\"0 0 78 72\" fill=\"none\" xmlns=\"http:\/\/www.w3.org\/2000\/svg\">\n<g id=\"\">\n<path id=\"Stroke 1\" d=\"M25.0768 13.0384V5.5144C25.0768 3.02095 27.0978 1 29.5912 1H47.6488C50.1423 1 52.1632 3.02095 52.1632 5.5144V13.0384\" stroke=\"currentColor\" stroke-width=\"1.76\" stroke-linejoin=\"round\"\/>\n<path id=\"Stroke 3\" d=\"M4.00961 40.8213V64.2014C4.00961 67.5255 6.70471 70.2206 10.0288 70.2206H67.2112C70.5353 70.2206 73.2304 67.5255 73.2304 64.2014V40.8213\" stroke=\"currentColor\" stroke-width=\"1.76\" stroke-linejoin=\"round\"\/>\n<path id=\"Stroke 5\" d=\"M46.144 43.1346H67.2112C72.1966 43.1346 76.24 39.0912 76.24 34.1058V16.0482C76.24 14.3869 74.8917 13.0386 73.2304 13.0386H4.0096C2.3483 13.0386 1 14.3869 1 16.0482V24.9596V34.1058C1 39.0912 5.0434 43.1346 10.0288 43.1346H31.096\" stroke=\"currentColor\" stroke-width=\"1.76\" stroke-linejoin=\"round\"\/>\n<path id=\"Stroke 7\" fill-rule=\"evenodd\" clip-rule=\"evenodd\" d=\"M38.62 52.1632V52.1632C34.4653 52.1632 31.096 48.7955 31.096 44.6392V40.1248C31.096 38.4635 32.4443 37.1152 34.1056 37.1152H43.1344C44.7957 37.1152 46.144 38.4635 46.144 40.1248V44.6392C46.144 48.7955 42.7748 52.1632 38.62 52.1632Z\" stroke=\"currentColor\" stroke-width=\"1.76\" stroke-linejoin=\"round\"\/>\n<path id=\"Stroke 9\" d=\"M38.62 43.1343V46.1439\" stroke=\"currentColor\" stroke-width=\"1.76\" stroke-linecap=\"round\" stroke-linejoin=\"round\"\/>\n<\/g>\n<\/svg>        <\/span>\n    <\/div>\n\n\n\n<div style=\"height:20px\" aria-hidden=\"true\" class=\"wp-block-spacer\"><\/div>\n\n\n\n<h2 class=\"wp-block-heading has-text-align-center has-re-red-color has-text-color\"><strong>47<\/strong><\/h2>\n\n\n\n<h3 class=\"wp-block-heading has-text-align-center has-re-red-color has-text-color\"><strong>Posti di lavoro<\/strong><\/h3>\n\n\n\n<p class=\"has-text-align-center\">creati o salvaguardati<\/p>\n<\/div>\n<\/div>\n<\/div><\/div>\n\n\n\n<div style=\"height:50px\" aria-hidden=\"true\" class=\"wp-block-spacer\"><\/div>\n\n\n\n<div class=\"wp-block-group alignwide\"><div class=\"wp-block-group__inner-container is-layout-flow wp-block-group-is-layout-flow\"><div data-block_3d9bf16395707dd686be146215ff5b95 class=\"re-home-newslist alignfull\">\n  <div class=\"pb-3 text-center\">\n    \n\n<h2 class=\"wp-block-heading\"><strong><strong>Nella <\/strong>stampa<\/strong><\/h2>\n\n\n  <\/div>\n\n  <div class=\"row\">\n    \n    \n                                          \n            <div class=\"col-sm-4\">\n              <article class=\"news__card post-868 post type-post status-publish format-image has-post-thumbnail hentry category-attualita post_format-post-format-image news\">\n  <figure>\n    \n    <a href=\"https:\/\/www.reseau-entreprendre.org\/lombardia\/2018\/07\/13\/868\/\">\n               <img loading=\"lazy\" decoding=\"async\" width=\"370\" height=\"250\" src=\"https:\/\/www.reseau-entreprendre.org\/lombardia\/wp-content\/uploads\/sites\/34\/2018\/07\/gruppo1-370x250.jpg\" class=\"img-fluid wp-post-image\" alt=\"\" \/>          <\/a>\n  <\/figure>\n  <aside>\n    <h2 class=\"entry-title\">#NoiSiamoR\u00e9seau<\/h2>\n    <footer>\n      <a class=\"readmore\" href=\"https:\/\/www.reseau-entreprendre.org\/lombardia\/2018\/07\/13\/868\/\">Per saperne di +<\/a>\n      <span class=\"date\">13 Luglio 2018<\/span>\n    <\/footer>\n\n    \n\n          <div class=\"tags\">\n                  <a href=\"https:\/\/www.reseau-entreprendre.org\/lombardia\/attualita\/?categoryid=4\">\n            ATTUALITA\n          <\/a>\n              <\/div>\n      <\/aside>\n<\/article>\n            <\/div>\n          \n                                \n            <div class=\"col-sm-4\">\n              <article class=\"news__card post-1114 post type-post status-publish format-standard has-post-thumbnail hentry category-attualita news\">\n  <figure>\n    \n    <a href=\"https:\/\/www.reseau-entreprendre.org\/lombardia\/2018\/12\/06\/04-12-2018-rels-xmas-party-e-workshop-di-m-la-cava-startup-pitch\/\">\n               <img loading=\"lazy\" decoding=\"async\" width=\"370\" height=\"250\" src=\"https:\/\/www.reseau-entreprendre.org\/lombardia\/wp-content\/uploads\/sites\/34\/2018\/12\/Xmas-Party-REL-04.12.2018-2-e1544121876662-370x250.jpg\" class=\"img-fluid wp-post-image\" alt=\"\" \/>          <\/a>\n  <\/figure>\n  <aside>\n    <h2 class=\"entry-title\">04.12.2018 REL&#8217;S XMAS PARTY e WORKSHOP di M. L&hellip;<\/h2>\n    <footer>\n      <a class=\"readmore\" href=\"https:\/\/www.reseau-entreprendre.org\/lombardia\/2018\/12\/06\/04-12-2018-rels-xmas-party-e-workshop-di-m-la-cava-startup-pitch\/\">Per saperne di +<\/a>\n      <span class=\"date\">6 Dicembre 2018<\/span>\n    <\/footer>\n\n    \n\n          <div class=\"tags\">\n                  <a href=\"https:\/\/www.reseau-entreprendre.org\/lombardia\/attualita\/?categoryid=4\">\n            ATTUALITA\n          <\/a>\n              <\/div>\n      <\/aside>\n<\/article>\n            <\/div>\n          \n                                \n            <div class=\"col-sm-4\">\n              <article class=\"news__card post-1081 post type-post status-publish format-standard has-post-thumbnail hentry category-attualita news\">\n  <figure>\n    \n    <a href=\"https:\/\/www.reseau-entreprendre.org\/lombardia\/2018\/11\/17\/16-11-2018-tavola-rotonda-di-rel-per-commentare-insieme-agli-stakeholders-dellinnovazione-le-novita-della-legge-di-bilancio-2019-per-le-imprese-innovative\/\">\n               <img loading=\"lazy\" decoding=\"async\" width=\"370\" height=\"250\" src=\"https:\/\/www.reseau-entreprendre.org\/lombardia\/wp-content\/uploads\/sites\/34\/2018\/11\/DSCN0260x-370x250.jpg\" class=\"img-fluid wp-post-image\" alt=\"\" \/>          <\/a>\n  <\/figure>\n  <aside>\n    <h2 class=\"entry-title\">16.11.2018: Tavola rotonda di REL per commentare ins&hellip;<\/h2>\n    <footer>\n      <a class=\"readmore\" href=\"https:\/\/www.reseau-entreprendre.org\/lombardia\/2018\/11\/17\/16-11-2018-tavola-rotonda-di-rel-per-commentare-insieme-agli-stakeholders-dellinnovazione-le-novita-della-legge-di-bilancio-2019-per-le-imprese-innovative\/\">Per saperne di +<\/a>\n      <span class=\"date\">17 Novembre 2018<\/span>\n    <\/footer>\n\n    \n\n          <div class=\"tags\">\n                  <a href=\"https:\/\/www.reseau-entreprendre.org\/lombardia\/attualita\/?categoryid=4\">\n            ATTUALITA\n          <\/a>\n              <\/div>\n      <\/aside>\n<\/article>\n            <\/div>\n          \n                  \n      <\/div>\n\n  <div class=\"text-center pt-5\">\n        <a class=\"btn btn-outline-re-blue\" href=\"https:\/\/www.reseau-entreprendre.org\/lombardia\/attualita\/\">\n        Vedi tutto\n    <\/a>\n  <\/div>\n<\/div>\n<\/div><\/div>\n\n\n\n<div style=\"height:31px\" aria-hidden=\"true\" class=\"wp-block-spacer\"><\/div>\n\n\n\n<hr class=\"wp-block-separator has-css-opacity\"\/>\n\n\n\n<div style=\"height:61px\" aria-hidden=\"true\" class=\"wp-block-spacer\"><\/div>\n\n\n\n<div class=\"wp-block-group\"><div class=\"wp-block-group__inner-container is-layout-flow wp-block-group-is-layout-flow\">\n<h2 class=\"wp-block-heading has-text-align-center\">Ci supportano<\/h2>\n\n\n\n<div style=\"height:40px\" aria-hidden=\"true\" class=\"wp-block-spacer\"><\/div>\n\n\n<div data-block_fed623570739b1cee2ff295317863b9b class=\"re-partners-home align\">\n  \n  <\/div>\n<\/div><\/div>\n","protected":false},"excerpt":{"rendered":"<p>INCONTRA DIRIGENTI D&#8217;IMPRESA PER POTENZIARE IL TUO PROGETTO R\u00e9seau Entreprendre<\/p>\n","protected":false},"author":35,"featured_media":0,"parent":0,"menu_order":0,"comment_status":"closed","ping_status":"closed","template":"","meta":{"_acf_changed":false,"_monsterinsights_skip_tracking":false,"_monsterinsights_sitenote_active":false,"_monsterinsights_sitenote_note":"","_monsterinsights_sitenote_category":0,"footnotes":""},"class_list":["post-45","page","type-page","status-publish","hentry"],"acf":[],"yoast_head":"<!-- This site is optimized with the Yoast SEO plugin v27.4 - https:\/\/yoast.com\/product\/yoast-seo-wordpress\/ -->\n<title>R\u00e9seau Entreprendre Lombardia | Benvenuto<\/title>\n<meta name=\"description\" content=\"Avete un progetto di creazione o di rilancio d&#039;impresa? R\u00e9seau Entreprendre Lombardia vi assister\u00e0 in maniera personalizzata.\" \/>\n<meta name=\"robots\" content=\"index, follow, max-snippet:-1, max-image-preview:large, max-video-preview:-1\" \/>\n<link rel=\"canonical\" href=\"https:\/\/www.reseau-entreprendre.org\/lombardia\/\" \/>\n<meta property=\"og:locale\" content=\"it_IT\" \/>\n<meta property=\"og:type\" content=\"article\" \/>\n<meta property=\"og:title\" content=\"R\u00e9seau Entreprendre Lombardia | Benvenuto\" \/>\n<meta property=\"og:description\" content=\"Avete un progetto di creazione o di rilancio d&#039;impresa? R\u00e9seau Entreprendre Lombardia vi assister\u00e0 in maniera personalizzata.\" \/>\n<meta property=\"og:url\" content=\"https:\/\/www.reseau-entreprendre.org\/lombardia\/\" \/>\n<meta property=\"og:site_name\" content=\"R\u00e9seau Entreprendre Lombardia\" \/>\n<meta property=\"article:modified_time\" content=\"2023-06-01T08:50:11+00:00\" \/>\n<meta property=\"og:image\" content=\"https:\/\/www.reseau-entreprendre.org\/lombardia\/wp-content\/uploads\/sites\/34\/2021\/09\/home-main-content-4.jpg\" \/>\n<meta name=\"twitter:card\" content=\"summary_large_image\" \/>\n<meta name=\"twitter:label1\" content=\"Tempo di lettura stimato\" \/>\n\t<meta name=\"twitter:data1\" content=\"1 minuto\" \/>\n<script type=\"application\/ld+json\" class=\"yoast-schema-graph\">{\"@context\":\"https:\\\/\\\/schema.org\",\"@graph\":[{\"@type\":\"WebPage\",\"@id\":\"https:\\\/\\\/www.reseau-entreprendre.org\\\/lombardia\\\/\",\"url\":\"https:\\\/\\\/www.reseau-entreprendre.org\\\/lombardia\\\/\",\"name\":\"R\u00e9seau Entreprendre Lombardia | Benvenuto\",\"isPartOf\":{\"@id\":\"https:\\\/\\\/www.reseau-entreprendre.org\\\/lombardia\\\/#website\"},\"primaryImageOfPage\":{\"@id\":\"https:\\\/\\\/www.reseau-entreprendre.org\\\/lombardia\\\/#primaryimage\"},\"image\":{\"@id\":\"https:\\\/\\\/www.reseau-entreprendre.org\\\/lombardia\\\/#primaryimage\"},\"thumbnailUrl\":\"https:\\\/\\\/www.reseau-entreprendre.org\\\/lombardia\\\/wp-content\\\/uploads\\\/sites\\\/34\\\/2021\\\/09\\\/home-main-content-4.jpg\",\"datePublished\":\"2017-05-12T09:58:21+00:00\",\"dateModified\":\"2023-06-01T08:50:11+00:00\",\"description\":\"Avete un progetto di creazione o di rilancio d'impresa? R\u00e9seau Entreprendre Lombardia vi assister\u00e0 in maniera personalizzata.\",\"breadcrumb\":{\"@id\":\"https:\\\/\\\/www.reseau-entreprendre.org\\\/lombardia\\\/#breadcrumb\"},\"inLanguage\":\"it-IT\",\"potentialAction\":[{\"@type\":\"ReadAction\",\"target\":[\"https:\\\/\\\/www.reseau-entreprendre.org\\\/lombardia\\\/\"]}]},{\"@type\":\"ImageObject\",\"inLanguage\":\"it-IT\",\"@id\":\"https:\\\/\\\/www.reseau-entreprendre.org\\\/lombardia\\\/#primaryimage\",\"url\":\"https:\\\/\\\/www.reseau-entreprendre.org\\\/lombardia\\\/wp-content\\\/uploads\\\/sites\\\/34\\\/2021\\\/09\\\/home-main-content-4.jpg\",\"contentUrl\":\"https:\\\/\\\/www.reseau-entreprendre.org\\\/lombardia\\\/wp-content\\\/uploads\\\/sites\\\/34\\\/2021\\\/09\\\/home-main-content-4.jpg\",\"width\":437,\"height\":458},{\"@type\":\"BreadcrumbList\",\"@id\":\"https:\\\/\\\/www.reseau-entreprendre.org\\\/lombardia\\\/#breadcrumb\",\"itemListElement\":[{\"@type\":\"ListItem\",\"position\":1,\"name\":\"Accueil\",\"item\":\"https:\\\/\\\/www.reseau-entreprendre.org\\\/lombardia\\\/\"},{\"@type\":\"ListItem\",\"position\":2,\"name\":\"Accueil\"}]},{\"@type\":\"WebSite\",\"@id\":\"https:\\\/\\\/www.reseau-entreprendre.org\\\/lombardia\\\/#website\",\"url\":\"https:\\\/\\\/www.reseau-entreprendre.org\\\/lombardia\\\/\",\"name\":\"R\u00e9seau Entreprendre Lombardia\",\"description\":\"Un site utilisant Les sites de R\u00e9seau Entreprendre\",\"potentialAction\":[{\"@type\":\"SearchAction\",\"target\":{\"@type\":\"EntryPoint\",\"urlTemplate\":\"https:\\\/\\\/www.reseau-entreprendre.org\\\/lombardia\\\/?s={search_term_string}\"},\"query-input\":{\"@type\":\"PropertyValueSpecification\",\"valueRequired\":true,\"valueName\":\"search_term_string\"}}],\"inLanguage\":\"it-IT\"}]}<\/script>\n<!-- \/ Yoast SEO plugin. -->","yoast_head_json":{"title":"R\u00e9seau Entreprendre Lombardia | Benvenuto","description":"Avete un progetto di creazione o di rilancio d'impresa? R\u00e9seau Entreprendre Lombardia vi assister\u00e0 in maniera personalizzata.","robots":{"index":"index","follow":"follow","max-snippet":"max-snippet:-1","max-image-preview":"max-image-preview:large","max-video-preview":"max-video-preview:-1"},"canonical":"https:\/\/www.reseau-entreprendre.org\/lombardia\/","og_locale":"it_IT","og_type":"article","og_title":"R\u00e9seau Entreprendre Lombardia | Benvenuto","og_description":"Avete un progetto di creazione o di rilancio d'impresa? R\u00e9seau Entreprendre Lombardia vi assister\u00e0 in maniera personalizzata.","og_url":"https:\/\/www.reseau-entreprendre.org\/lombardia\/","og_site_name":"R\u00e9seau Entreprendre Lombardia","article_modified_time":"2023-06-01T08:50:11+00:00","og_image":[{"url":"https:\/\/www.reseau-entreprendre.org\/lombardia\/wp-content\/uploads\/sites\/34\/2021\/09\/home-main-content-4.jpg","type":"","width":"","height":""}],"twitter_card":"summary_large_image","twitter_misc":{"Tempo di lettura stimato":"1 minuto"},"schema":{"@context":"https:\/\/schema.org","@graph":[{"@type":"WebPage","@id":"https:\/\/www.reseau-entreprendre.org\/lombardia\/","url":"https:\/\/www.reseau-entreprendre.org\/lombardia\/","name":"R\u00e9seau Entreprendre Lombardia | Benvenuto","isPartOf":{"@id":"https:\/\/www.reseau-entreprendre.org\/lombardia\/#website"},"primaryImageOfPage":{"@id":"https:\/\/www.reseau-entreprendre.org\/lombardia\/#primaryimage"},"image":{"@id":"https:\/\/www.reseau-entreprendre.org\/lombardia\/#primaryimage"},"thumbnailUrl":"https:\/\/www.reseau-entreprendre.org\/lombardia\/wp-content\/uploads\/sites\/34\/2021\/09\/home-main-content-4.jpg","datePublished":"2017-05-12T09:58:21+00:00","dateModified":"2023-06-01T08:50:11+00:00","description":"Avete un progetto di creazione o di rilancio d'impresa? R\u00e9seau Entreprendre Lombardia vi assister\u00e0 in maniera personalizzata.","breadcrumb":{"@id":"https:\/\/www.reseau-entreprendre.org\/lombardia\/#breadcrumb"},"inLanguage":"it-IT","potentialAction":[{"@type":"ReadAction","target":["https:\/\/www.reseau-entreprendre.org\/lombardia\/"]}]},{"@type":"ImageObject","inLanguage":"it-IT","@id":"https:\/\/www.reseau-entreprendre.org\/lombardia\/#primaryimage","url":"https:\/\/www.reseau-entreprendre.org\/lombardia\/wp-content\/uploads\/sites\/34\/2021\/09\/home-main-content-4.jpg","contentUrl":"https:\/\/www.reseau-entreprendre.org\/lombardia\/wp-content\/uploads\/sites\/34\/2021\/09\/home-main-content-4.jpg","width":437,"height":458},{"@type":"BreadcrumbList","@id":"https:\/\/www.reseau-entreprendre.org\/lombardia\/#breadcrumb","itemListElement":[{"@type":"ListItem","position":1,"name":"Accueil","item":"https:\/\/www.reseau-entreprendre.org\/lombardia\/"},{"@type":"ListItem","position":2,"name":"Accueil"}]},{"@type":"WebSite","@id":"https:\/\/www.reseau-entreprendre.org\/lombardia\/#website","url":"https:\/\/www.reseau-entreprendre.org\/lombardia\/","name":"R\u00e9seau Entreprendre Lombardia","description":"Un site utilisant Les sites de R\u00e9seau Entreprendre","potentialAction":[{"@type":"SearchAction","target":{"@type":"EntryPoint","urlTemplate":"https:\/\/www.reseau-entreprendre.org\/lombardia\/?s={search_term_string}"},"query-input":{"@type":"PropertyValueSpecification","valueRequired":true,"valueName":"search_term_string"}}],"inLanguage":"it-IT"}]}},"_links":{"self":[{"href":"https:\/\/www.reseau-entreprendre.org\/lombardia\/wp-json\/wp\/v2\/pages\/45","targetHints":{"allow":["GET"]}}],"collection":[{"href":"https:\/\/www.reseau-entreprendre.org\/lombardia\/wp-json\/wp\/v2\/pages"}],"about":[{"href":"https:\/\/www.reseau-entreprendre.org\/lombardia\/wp-json\/wp\/v2\/types\/page"}],"author":[{"embeddable":true,"href":"https:\/\/www.reseau-entreprendre.org\/lombardia\/wp-json\/wp\/v2\/users\/35"}],"replies":[{"embeddable":true,"href":"https:\/\/www.reseau-entreprendre.org\/lombardia\/wp-json\/wp\/v2\/comments?post=45"}],"version-history":[{"count":0,"href":"https:\/\/www.reseau-entreprendre.org\/lombardia\/wp-json\/wp\/v2\/pages\/45\/revisions"}],"wp:attachment":[{"href":"https:\/\/www.reseau-entreprendre.org\/lombardia\/wp-json\/wp\/v2\/media?parent=45"}],"curies":[{"name":"wp","href":"https:\/\/api.w.org\/{rel}","templated":true}]}}