{"id":13,"date":"2017-04-28T12:33:34","date_gmt":"2017-04-28T10:33:34","guid":{"rendered":"http:\/\/re-preprod-entreprendre.fr\/lorraine\/?page_id=13"},"modified":"2021-10-08T10:40:39","modified_gmt":"2021-10-08T08:40:39","slug":"entreprendre","status":"publish","type":"page","link":"https:\/\/www.reseau-entreprendre.org\/lorraine\/entreprendre\/","title":{"rendered":"NOS PROGRAMMES"},"content":{"rendered":"\n<h2 class=\"has-text-align-center has-re-yellow-color has-text-color wp-block-heading\"><strong>FAITES-VOUS ACCOMPAGNER<\/strong><\/h2>\n\n\n\n<div style=\"height:25px\" aria-hidden=\"true\" class=\"wp-block-spacer\"><\/div>\n\n\n\n<h5 class=\"has-text-align-center wp-block-heading\">D\u00e9couvrez nos 2 programmes d\u2019accompagnement<\/h5>\n\n\n\n<div style=\"height:25px\" aria-hidden=\"true\" class=\"wp-block-spacer\"><\/div>\n\n\n\n<hr class=\"wp-block-separator\"\/>\n\n\n\n<div style=\"height:25px\" aria-hidden=\"true\" class=\"wp-block-spacer\"><\/div>\n\n\n\n<h1 class=\"has-text-align-center has-re-red-color has-text-color wp-block-heading\">LE PROGRAMME&nbsp;<strong>START (cr\u00e9ation)<\/strong><\/h1>\n\n\n\n<div style=\"height:25px\" aria-hidden=\"true\" class=\"wp-block-spacer\"><\/div>\n\n\n\n<h5 class=\"has-text-align-center has-re-yellow-color has-text-color wp-block-heading\"><strong>L&#8217;OFFRE<\/strong><\/h5>\n\n\n\n<div class=\"wp-block-image\"><figure class=\"aligncenter size-full is-resized\"><img loading=\"lazy\" decoding=\"async\" src=\"https:\/\/www.reseau-entreprendre.org\/lorraine\/wp-content\/uploads\/sites\/52\/2018\/10\/offre-start-1.png\" alt=\"\" class=\"wp-image-1572\" width=\"479\" height=\"174\" srcset=\"https:\/\/www.reseau-entreprendre.org\/lorraine\/wp-content\/uploads\/sites\/52\/2018\/10\/offre-start-1.png 957w, https:\/\/www.reseau-entreprendre.org\/lorraine\/wp-content\/uploads\/sites\/52\/2018\/10\/offre-start-1-300x109.png 300w, https:\/\/www.reseau-entreprendre.org\/lorraine\/wp-content\/uploads\/sites\/52\/2018\/10\/offre-start-1-768x278.png 768w\" sizes=\"auto, (max-width: 479px) 100vw, 479px\" \/><\/figure><\/div>\n\n\n\n<div style=\"height:25px\" aria-hidden=\"true\" class=\"wp-block-spacer\"><\/div>\n\n\n\n<h5 class=\"has-text-align-center has-re-yellow-color has-text-color wp-block-heading\"><strong>LES CRIT\u00c8RES<\/strong><\/h5>\n\n\n\n<div class=\"wp-block-image\"><figure class=\"aligncenter is-resized\"><img loading=\"lazy\" decoding=\"async\" src=\"https:\/\/www.reseau-entreprendre.org\/lorraine\/wp-content\/uploads\/sites\/52\/2018\/10\/criteres-start-1.png\" alt=\"\" class=\"wp-image-1574\" width=\"493\" height=\"182\" srcset=\"https:\/\/www.reseau-entreprendre.org\/lorraine\/wp-content\/uploads\/sites\/52\/2018\/10\/criteres-start-1.png 985w, https:\/\/www.reseau-entreprendre.org\/lorraine\/wp-content\/uploads\/sites\/52\/2018\/10\/criteres-start-1-300x111.png 300w, https:\/\/www.reseau-entreprendre.org\/lorraine\/wp-content\/uploads\/sites\/52\/2018\/10\/criteres-start-1-768x283.png 768w\" sizes=\"auto, (max-width: 493px) 100vw, 493px\" \/><\/figure><\/div>\n\n\n\n<div style=\"height:25px\" aria-hidden=\"true\" class=\"wp-block-spacer\"><\/div>\n\n\n\n<div class=\"wp-block-buttons is-content-justification-center is-layout-flex wp-block-buttons-is-layout-flex\">\n<div class=\"wp-block-button is-style-outline is-style-outline--1\"><a class=\"wp-block-button__link has-re-red-color has-text-color\" href=\"\">Je veux profiter de l&#8217;accompagnement<\/a><\/div>\n<\/div>\n\n\n\n<div style=\"height:40px\" aria-hidden=\"true\" class=\"wp-block-spacer\"><\/div>\n\n\n\n<hr class=\"wp-block-separator\"\/>\n\n\n\n<div style=\"height:40px\" aria-hidden=\"true\" class=\"wp-block-spacer\"><\/div>\n\n\n\n<h2 class=\"has-text-align-center has-re-red-color has-text-color wp-block-heading\">LE PROGRAMME&nbsp;<strong>RESTART (reprise)<\/strong><\/h2>\n\n\n\n<div style=\"height:25px\" aria-hidden=\"true\" class=\"wp-block-spacer\"><\/div>\n\n\n\n<h5 class=\"has-text-align-center has-re-yellow-color has-text-color wp-block-heading\"><strong>L&#8217;OFFRE<\/strong><\/h5>\n\n\n\n<div class=\"wp-block-image\"><figure class=\"aligncenter is-resized\"><img loading=\"lazy\" decoding=\"async\" src=\"https:\/\/www.reseau-entreprendre.org\/lorraine\/wp-content\/uploads\/sites\/52\/2018\/10\/Notre-offre-restart.png\" alt=\"\" class=\"wp-image-1568\" width=\"484\" height=\"187\" srcset=\"https:\/\/www.reseau-entreprendre.org\/lorraine\/wp-content\/uploads\/sites\/52\/2018\/10\/Notre-offre-restart.png 967w, https:\/\/www.reseau-entreprendre.org\/lorraine\/wp-content\/uploads\/sites\/52\/2018\/10\/Notre-offre-restart-300x116.png 300w, https:\/\/www.reseau-entreprendre.org\/lorraine\/wp-content\/uploads\/sites\/52\/2018\/10\/Notre-offre-restart-768x297.png 768w\" sizes=\"auto, (max-width: 484px) 100vw, 484px\" \/><\/figure><\/div>\n\n\n\n<div style=\"height:25px\" aria-hidden=\"true\" class=\"wp-block-spacer\"><\/div>\n\n\n\n<h5 class=\"has-text-align-center has-re-yellow-color has-text-color wp-block-heading\"><strong>LES CRIT\u00c8RES&nbsp;<\/strong><\/h5>\n\n\n\n<div class=\"wp-block-image\"><figure class=\"aligncenter is-resized\"><img loading=\"lazy\" decoding=\"async\" src=\"https:\/\/www.reseau-entreprendre.org\/lorraine\/wp-content\/uploads\/sites\/52\/2018\/10\/les-crit\u00e8res-restart.png\" alt=\"\" class=\"wp-image-1569\" width=\"493\" height=\"219\" srcset=\"https:\/\/www.reseau-entreprendre.org\/lorraine\/wp-content\/uploads\/sites\/52\/2018\/10\/les-crit\u00e8res-restart.png 986w, https:\/\/www.reseau-entreprendre.org\/lorraine\/wp-content\/uploads\/sites\/52\/2018\/10\/les-crit\u00e8res-restart-300x133.png 300w, https:\/\/www.reseau-entreprendre.org\/lorraine\/wp-content\/uploads\/sites\/52\/2018\/10\/les-crit\u00e8res-restart-768x341.png 768w\" sizes=\"auto, (max-width: 493px) 100vw, 493px\" \/><\/figure><\/div>\n\n\n\n<div style=\"height:25px\" aria-hidden=\"true\" class=\"wp-block-spacer\"><\/div>\n\n\n\n<div class=\"wp-block-buttons is-content-justification-center is-layout-flex wp-block-buttons-is-layout-flex\">\n<div class=\"wp-block-button is-style-outline is-style-outline--2\"><a class=\"wp-block-button__link has-re-red-color has-text-color\" href=\"\">Je veux profiter de l&#8217;accompagnement<\/a><\/div>\n<\/div>\n","protected":false},"excerpt":{"rendered":"<p>FAITES-VOUS ACCOMPAGNER D\u00e9couvrez nos 2 programmes d\u2019accompagnement LE PROGRAMME&nbsp;START (cr\u00e9ation)<\/p>\n","protected":false},"author":53,"featured_media":0,"parent":0,"menu_order":0,"comment_status":"closed","ping_status":"closed","template":"","meta":{"_acf_changed":false,"_monsterinsights_skip_tracking":false,"_monsterinsights_sitenote_active":false,"_monsterinsights_sitenote_note":"","_monsterinsights_sitenote_category":0,"footnotes":""},"class_list":["post-13","page","type-page","status-publish","hentry"],"acf":[],"yoast_head":"<!-- This site is optimized with the Yoast SEO plugin v27.4 - https:\/\/yoast.com\/product\/yoast-seo-wordpress\/ -->\n<title>Entreprendre | Reseau Entreprendre Lorraine<\/title>\n<meta name=\"description\" content=\"Vous avez un projet de cr\u00e9ation d&#039;entreprise ? R\u00e9seau Entreprendre Lorraine vous accompagne gratuitement et dans la dur\u00e9e\" \/>\n<meta name=\"robots\" content=\"index, follow, max-snippet:-1, max-image-preview:large, max-video-preview:-1\" \/>\n<link rel=\"canonical\" href=\"https:\/\/www.reseau-entreprendre.org\/lorraine\/entreprendre\/\" \/>\n<meta property=\"og:locale\" content=\"fr_FR\" \/>\n<meta property=\"og:type\" content=\"article\" \/>\n<meta property=\"og:title\" content=\"Entreprendre | Reseau Entreprendre Lorraine\" \/>\n<meta property=\"og:description\" content=\"Vous avez un projet de cr\u00e9ation d&#039;entreprise ? R\u00e9seau Entreprendre Lorraine vous accompagne gratuitement et dans la dur\u00e9e\" \/>\n<meta property=\"og:url\" content=\"https:\/\/www.reseau-entreprendre.org\/lorraine\/entreprendre\/\" \/>\n<meta property=\"og:site_name\" content=\"R\u00e9seau Entreprendre Lorraine\" \/>\n<meta property=\"article:modified_time\" content=\"2021-10-08T08:40:39+00:00\" \/>\n<meta property=\"og:image\" content=\"https:\/\/www.reseau-entreprendre.org\/lorraine\/wp-content\/uploads\/sites\/52\/2018\/10\/offre-start-1.png\" \/>\n<meta name=\"twitter:card\" content=\"summary_large_image\" \/>\n<meta name=\"twitter:label1\" content=\"Dur\u00e9e de lecture estim\u00e9e\" \/>\n\t<meta name=\"twitter:data1\" content=\"1 minute\" \/>\n<script type=\"application\/ld+json\" class=\"yoast-schema-graph\">{\"@context\":\"https:\\\/\\\/schema.org\",\"@graph\":[{\"@type\":\"WebPage\",\"@id\":\"https:\\\/\\\/www.reseau-entreprendre.org\\\/lorraine\\\/entreprendre\\\/\",\"url\":\"https:\\\/\\\/www.reseau-entreprendre.org\\\/lorraine\\\/entreprendre\\\/\",\"name\":\"Entreprendre | Reseau Entreprendre Lorraine\",\"isPartOf\":{\"@id\":\"https:\\\/\\\/www.reseau-entreprendre.org\\\/lorraine\\\/#website\"},\"primaryImageOfPage\":{\"@id\":\"https:\\\/\\\/www.reseau-entreprendre.org\\\/lorraine\\\/entreprendre\\\/#primaryimage\"},\"image\":{\"@id\":\"https:\\\/\\\/www.reseau-entreprendre.org\\\/lorraine\\\/entreprendre\\\/#primaryimage\"},\"thumbnailUrl\":\"https:\\\/\\\/www.reseau-entreprendre.org\\\/lorraine\\\/wp-content\\\/uploads\\\/sites\\\/52\\\/2018\\\/10\\\/offre-start-1.png\",\"datePublished\":\"2017-04-28T10:33:34+00:00\",\"dateModified\":\"2021-10-08T08:40:39+00:00\",\"description\":\"Vous avez un projet de cr\u00e9ation d'entreprise ? R\u00e9seau Entreprendre Lorraine vous accompagne gratuitement et dans la dur\u00e9e\",\"breadcrumb\":{\"@id\":\"https:\\\/\\\/www.reseau-entreprendre.org\\\/lorraine\\\/entreprendre\\\/#breadcrumb\"},\"inLanguage\":\"fr-FR\",\"potentialAction\":[{\"@type\":\"ReadAction\",\"target\":[\"https:\\\/\\\/www.reseau-entreprendre.org\\\/lorraine\\\/entreprendre\\\/\"]}]},{\"@type\":\"ImageObject\",\"inLanguage\":\"fr-FR\",\"@id\":\"https:\\\/\\\/www.reseau-entreprendre.org\\\/lorraine\\\/entreprendre\\\/#primaryimage\",\"url\":\"https:\\\/\\\/www.reseau-entreprendre.org\\\/lorraine\\\/wp-content\\\/uploads\\\/sites\\\/52\\\/2018\\\/10\\\/offre-start-1.png\",\"contentUrl\":\"https:\\\/\\\/www.reseau-entreprendre.org\\\/lorraine\\\/wp-content\\\/uploads\\\/sites\\\/52\\\/2018\\\/10\\\/offre-start-1.png\",\"width\":957,\"height\":347},{\"@type\":\"BreadcrumbList\",\"@id\":\"https:\\\/\\\/www.reseau-entreprendre.org\\\/lorraine\\\/entreprendre\\\/#breadcrumb\",\"itemListElement\":[{\"@type\":\"ListItem\",\"position\":1,\"name\":\"Accueil\",\"item\":\"https:\\\/\\\/www.reseau-entreprendre.org\\\/lorraine\\\/\"},{\"@type\":\"ListItem\",\"position\":2,\"name\":\"NOS PROGRAMMES\"}]},{\"@type\":\"WebSite\",\"@id\":\"https:\\\/\\\/www.reseau-entreprendre.org\\\/lorraine\\\/#website\",\"url\":\"https:\\\/\\\/www.reseau-entreprendre.org\\\/lorraine\\\/\",\"name\":\"R\u00e9seau Entreprendre Lorraine\",\"description\":\"Un site utilisant Les sites de R\u00e9seau Entreprendre\",\"potentialAction\":[{\"@type\":\"SearchAction\",\"target\":{\"@type\":\"EntryPoint\",\"urlTemplate\":\"https:\\\/\\\/www.reseau-entreprendre.org\\\/lorraine\\\/?s={search_term_string}\"},\"query-input\":{\"@type\":\"PropertyValueSpecification\",\"valueRequired\":true,\"valueName\":\"search_term_string\"}}],\"inLanguage\":\"fr-FR\"}]}<\/script>\n<!-- \/ Yoast SEO plugin. -->","yoast_head_json":{"title":"Entreprendre | Reseau Entreprendre Lorraine","description":"Vous avez un projet de cr\u00e9ation d'entreprise ? R\u00e9seau Entreprendre Lorraine vous accompagne gratuitement et dans la dur\u00e9e","robots":{"index":"index","follow":"follow","max-snippet":"max-snippet:-1","max-image-preview":"max-image-preview:large","max-video-preview":"max-video-preview:-1"},"canonical":"https:\/\/www.reseau-entreprendre.org\/lorraine\/entreprendre\/","og_locale":"fr_FR","og_type":"article","og_title":"Entreprendre | Reseau Entreprendre Lorraine","og_description":"Vous avez un projet de cr\u00e9ation d'entreprise ? R\u00e9seau Entreprendre Lorraine vous accompagne gratuitement et dans la dur\u00e9e","og_url":"https:\/\/www.reseau-entreprendre.org\/lorraine\/entreprendre\/","og_site_name":"R\u00e9seau Entreprendre Lorraine","article_modified_time":"2021-10-08T08:40:39+00:00","og_image":[{"url":"https:\/\/www.reseau-entreprendre.org\/lorraine\/wp-content\/uploads\/sites\/52\/2018\/10\/offre-start-1.png","type":"","width":"","height":""}],"twitter_card":"summary_large_image","twitter_misc":{"Dur\u00e9e de lecture estim\u00e9e":"1 minute"},"schema":{"@context":"https:\/\/schema.org","@graph":[{"@type":"WebPage","@id":"https:\/\/www.reseau-entreprendre.org\/lorraine\/entreprendre\/","url":"https:\/\/www.reseau-entreprendre.org\/lorraine\/entreprendre\/","name":"Entreprendre | Reseau Entreprendre Lorraine","isPartOf":{"@id":"https:\/\/www.reseau-entreprendre.org\/lorraine\/#website"},"primaryImageOfPage":{"@id":"https:\/\/www.reseau-entreprendre.org\/lorraine\/entreprendre\/#primaryimage"},"image":{"@id":"https:\/\/www.reseau-entreprendre.org\/lorraine\/entreprendre\/#primaryimage"},"thumbnailUrl":"https:\/\/www.reseau-entreprendre.org\/lorraine\/wp-content\/uploads\/sites\/52\/2018\/10\/offre-start-1.png","datePublished":"2017-04-28T10:33:34+00:00","dateModified":"2021-10-08T08:40:39+00:00","description":"Vous avez un projet de cr\u00e9ation d'entreprise ? R\u00e9seau Entreprendre Lorraine vous accompagne gratuitement et dans la dur\u00e9e","breadcrumb":{"@id":"https:\/\/www.reseau-entreprendre.org\/lorraine\/entreprendre\/#breadcrumb"},"inLanguage":"fr-FR","potentialAction":[{"@type":"ReadAction","target":["https:\/\/www.reseau-entreprendre.org\/lorraine\/entreprendre\/"]}]},{"@type":"ImageObject","inLanguage":"fr-FR","@id":"https:\/\/www.reseau-entreprendre.org\/lorraine\/entreprendre\/#primaryimage","url":"https:\/\/www.reseau-entreprendre.org\/lorraine\/wp-content\/uploads\/sites\/52\/2018\/10\/offre-start-1.png","contentUrl":"https:\/\/www.reseau-entreprendre.org\/lorraine\/wp-content\/uploads\/sites\/52\/2018\/10\/offre-start-1.png","width":957,"height":347},{"@type":"BreadcrumbList","@id":"https:\/\/www.reseau-entreprendre.org\/lorraine\/entreprendre\/#breadcrumb","itemListElement":[{"@type":"ListItem","position":1,"name":"Accueil","item":"https:\/\/www.reseau-entreprendre.org\/lorraine\/"},{"@type":"ListItem","position":2,"name":"NOS PROGRAMMES"}]},{"@type":"WebSite","@id":"https:\/\/www.reseau-entreprendre.org\/lorraine\/#website","url":"https:\/\/www.reseau-entreprendre.org\/lorraine\/","name":"R\u00e9seau Entreprendre Lorraine","description":"Un site utilisant Les sites de R\u00e9seau Entreprendre","potentialAction":[{"@type":"SearchAction","target":{"@type":"EntryPoint","urlTemplate":"https:\/\/www.reseau-entreprendre.org\/lorraine\/?s={search_term_string}"},"query-input":{"@type":"PropertyValueSpecification","valueRequired":true,"valueName":"search_term_string"}}],"inLanguage":"fr-FR"}]}},"_links":{"self":[{"href":"https:\/\/www.reseau-entreprendre.org\/lorraine\/wp-json\/wp\/v2\/pages\/13","targetHints":{"allow":["GET"]}}],"collection":[{"href":"https:\/\/www.reseau-entreprendre.org\/lorraine\/wp-json\/wp\/v2\/pages"}],"about":[{"href":"https:\/\/www.reseau-entreprendre.org\/lorraine\/wp-json\/wp\/v2\/types\/page"}],"author":[{"embeddable":true,"href":"https:\/\/www.reseau-entreprendre.org\/lorraine\/wp-json\/wp\/v2\/users\/53"}],"replies":[{"embeddable":true,"href":"https:\/\/www.reseau-entreprendre.org\/lorraine\/wp-json\/wp\/v2\/comments?post=13"}],"version-history":[{"count":0,"href":"https:\/\/www.reseau-entreprendre.org\/lorraine\/wp-json\/wp\/v2\/pages\/13\/revisions"}],"wp:attachment":[{"href":"https:\/\/www.reseau-entreprendre.org\/lorraine\/wp-json\/wp\/v2\/media?parent=13"}],"curies":[{"name":"wp","href":"https:\/\/api.w.org\/{rel}","templated":true}]}}