{"id":17,"date":"2017-04-28T12:34:01","date_gmt":"2017-04-28T10:34:01","guid":{"rendered":"http:\/\/re-preprod-entreprendre.fr\/lorraine\/?page_id=17"},"modified":"2022-07-28T11:21:47","modified_gmt":"2022-07-28T09:21:47","slug":"soutenir","status":"publish","type":"page","link":"https:\/\/www.reseau-entreprendre.org\/lorraine\/soutenir\/","title":{"rendered":"Soutenir"},"content":{"rendered":"\n<p>Vous \u00eates une entreprise ou une institution : soutenez notre action et devenez partenaire de R\u00e9seau Entreprendre Lorraine !<\/p>\n\n\n\n<p class=\"has-re-yellow-color has-text-color\"><strong>R\u00e9seau Entreprendre, un r\u00e9seau local, national et international d\u2019entraide entrepreneuriale<\/strong><\/p>\n\n\n\n<p>Etre partenaire de R\u00e9seau Entreprendre Lorraine, c\u2019est :<\/p>\n\n\n\n<ul class=\"wp-block-list\"><li>Participer \u00e0 un <strong>r\u00e9seau dynamique de plus de 14.000 chefs d\u2019entreprise<\/strong>s engag\u00e9s citoyens<\/li><li>Soutenir la <strong>cr\u00e9ation d\u2019emplois durables<\/strong>&nbsp;dans vos territoires.<\/li><li>Faire vivre les <strong>valeurs entrepreneuriales<\/strong>&nbsp;\u00e0 vos \u00e9quipes.<\/li><li>Valoriser vos <strong>actions en faveur du d\u00e9veloppement \u00e9conomique local<\/strong>.<\/li><\/ul>\n\n\n\n<p>Alors n\u2019h\u00e9sitez pas,&nbsp;contactez-nous&nbsp;!<\/p>\n\n\n\n<p class=\"has-re-yellow-color has-text-color\"><strong>Notre force, c\u2019est l\u2019accompagnement des nouveaux entrepreneurs<\/strong><\/p>\n\n\n\n<ul class=\"wp-block-list\"><li>La mission de R\u00e9seau Entreprendre est de <strong>contribuer \u00e0 la r\u00e9ussite de nouveaux entrepreneurs significativement cr\u00e9ateurs d\u2019emplois et de richesses<\/strong>.<\/li><li>Le c\u0153ur de m\u00e9tier de R\u00e9seau Entreprendre est l\u2019<strong>accompagnement par des chefs d\u2019entreprise exp\u00e9riment\u00e9s de nouveaux entrepreneurs<\/strong>. L\u2019engagement de ces chefs d\u2019entreprise au sein de R\u00e9seau Entreprendre est aliment\u00e9 par leur passion de l\u2019entrepreneuriat et leur envie de la transmettre \u00e0 de nouveaux entrepreneurs dans un esprit de citoyennet\u00e9 \u00e9conomique. C\u2019est aussi un <strong>financement sous forme de pr\u00eats d\u2019honneur<\/strong>, particuli\u00e8rement int\u00e9ressants pour leur effet de levier sur les autres financements, notamment bancaires.<\/li><\/ul>\n\n\n\n<p><strong>Les chefs d\u2019entreprise de R\u00e9seau Entreprendre Lorraine accompagnent les cr\u00e9ateurs, repreneurs et d\u00e9veloppeurs d\u2019entreprises \u00e0 potentiel<\/strong><\/p>\n\n\n\n<p class=\"has-re-yellow-color has-text-color\"><strong>L\u2019accompagnement des nouveaux entrepreneurs<\/strong><\/p>\n\n\n\n<p>Etre laur\u00e9at de R\u00e9seau Entreprendre Lorraine, c\u2019est :<\/p>\n\n\n\n<ul class=\"wp-block-list\"><li>Acc\u00e9der \u00e0 un <strong>accompagnement<\/strong>, personnalis\u00e9 et dans la dur\u00e9e,&nbsp;<strong>par un chef d\u2019entreprise b\u00e9n\u00e9vole<\/strong>.<\/li><li>Entrer dans un <strong>club des laur\u00e9ats pour se former et partager ses premi\u00e8res exp\u00e9rience<\/strong>s avec d\u2019autres cr\u00e9ateurs.<\/li><li>Disposer d\u2019un <strong>pr\u00eat d\u2019honneur de 15000 \u00e0 50000\u20ac,<\/strong>&nbsp;sans int\u00e9r\u00eat, ni garantie, pour lever les premiers financements.<\/li><li>Profiter d\u2019un <strong>r\u00e9seau local, national et international de chefs d\u2019entreprise<\/strong>pr\u00eats \u00e0 aider de nouveaux entrepreneurs.<\/li><\/ul>\n\n\n\n<p>Aujourd\u2019hui de nombreux partenaires d\u2019alliance ou partenaires financiers ont fait le choix de soutenir R\u00e9seau Entreprendre Lorraine, si vous souhaitez en faire de m\u00eame<\/p>\n\n\n\n<div class=\"wp-block-buttons is-horizontal is-content-justification-center is-layout-flex wp-container-core-buttons-is-layout-499968f5 wp-block-buttons-is-layout-flex\">\n<div class=\"wp-block-button is-style-outline is-style-outline--1\"><a class=\"wp-block-button__link has-re-yellow-color has-text-color\" href=\"https:\/\/www.reseau-entreprendre.org\/lorraine\/contact\/\">CONTACTEZ-NOUS<\/a><\/div>\n<\/div>\n\n\n\n<div style=\"height:28px\" aria-hidden=\"true\" class=\"wp-block-spacer\"><\/div>\n","protected":false},"excerpt":{"rendered":"<p>Vous \u00eates une entreprise ou une institution : soutenez notre<\/p>\n","protected":false},"author":53,"featured_media":0,"parent":0,"menu_order":0,"comment_status":"closed","ping_status":"closed","template":"","meta":{"_acf_changed":false,"_monsterinsights_skip_tracking":false,"_monsterinsights_sitenote_active":false,"_monsterinsights_sitenote_note":"","_monsterinsights_sitenote_category":0,"footnotes":""},"class_list":["post-17","page","type-page","status-publish","hentry"],"acf":[],"yoast_head":"<!-- This site is optimized with the Yoast SEO plugin v27.4 - https:\/\/yoast.com\/product\/yoast-seo-wordpress\/ -->\n<title>Soutenir | Reseau Entreprendre Lorraine<\/title>\n<meta name=\"description\" content=\"Partenaire, vous souhaitez soutenir un r\u00e9seau 100% chefs d&#039;entreprise ? Rejoignez R\u00e9seau Entreprendre Lorraine\" \/>\n<meta name=\"robots\" content=\"index, follow, max-snippet:-1, max-image-preview:large, max-video-preview:-1\" \/>\n<link rel=\"canonical\" href=\"https:\/\/www.reseau-entreprendre.org\/lorraine\/soutenir\/\" \/>\n<meta property=\"og:locale\" content=\"fr_FR\" \/>\n<meta property=\"og:type\" content=\"article\" \/>\n<meta property=\"og:title\" content=\"Soutenir | Reseau Entreprendre Lorraine\" \/>\n<meta property=\"og:description\" content=\"Partenaire, vous souhaitez soutenir un r\u00e9seau 100% chefs d&#039;entreprise ? Rejoignez R\u00e9seau Entreprendre Lorraine\" \/>\n<meta property=\"og:url\" content=\"https:\/\/www.reseau-entreprendre.org\/lorraine\/soutenir\/\" \/>\n<meta property=\"og:site_name\" content=\"R\u00e9seau Entreprendre Lorraine\" \/>\n<meta property=\"article:modified_time\" content=\"2022-07-28T09:21:47+00:00\" \/>\n<meta name=\"twitter:card\" content=\"summary_large_image\" \/>\n<meta name=\"twitter:label1\" content=\"Dur\u00e9e de lecture estim\u00e9e\" \/>\n\t<meta name=\"twitter:data1\" content=\"2 minutes\" \/>\n<script type=\"application\/ld+json\" class=\"yoast-schema-graph\">{\"@context\":\"https:\\\/\\\/schema.org\",\"@graph\":[{\"@type\":\"WebPage\",\"@id\":\"https:\\\/\\\/www.reseau-entreprendre.org\\\/lorraine\\\/soutenir\\\/\",\"url\":\"https:\\\/\\\/www.reseau-entreprendre.org\\\/lorraine\\\/soutenir\\\/\",\"name\":\"Soutenir | Reseau Entreprendre Lorraine\",\"isPartOf\":{\"@id\":\"https:\\\/\\\/www.reseau-entreprendre.org\\\/lorraine\\\/#website\"},\"datePublished\":\"2017-04-28T10:34:01+00:00\",\"dateModified\":\"2022-07-28T09:21:47+00:00\",\"description\":\"Partenaire, vous souhaitez soutenir un r\u00e9seau 100% chefs d'entreprise ? Rejoignez R\u00e9seau Entreprendre Lorraine\",\"breadcrumb\":{\"@id\":\"https:\\\/\\\/www.reseau-entreprendre.org\\\/lorraine\\\/soutenir\\\/#breadcrumb\"},\"inLanguage\":\"fr-FR\",\"potentialAction\":[{\"@type\":\"ReadAction\",\"target\":[\"https:\\\/\\\/www.reseau-entreprendre.org\\\/lorraine\\\/soutenir\\\/\"]}]},{\"@type\":\"BreadcrumbList\",\"@id\":\"https:\\\/\\\/www.reseau-entreprendre.org\\\/lorraine\\\/soutenir\\\/#breadcrumb\",\"itemListElement\":[{\"@type\":\"ListItem\",\"position\":1,\"name\":\"Accueil\",\"item\":\"https:\\\/\\\/www.reseau-entreprendre.org\\\/lorraine\\\/\"},{\"@type\":\"ListItem\",\"position\":2,\"name\":\"Soutenir\"}]},{\"@type\":\"WebSite\",\"@id\":\"https:\\\/\\\/www.reseau-entreprendre.org\\\/lorraine\\\/#website\",\"url\":\"https:\\\/\\\/www.reseau-entreprendre.org\\\/lorraine\\\/\",\"name\":\"R\u00e9seau Entreprendre Lorraine\",\"description\":\"Un site utilisant Les sites de R\u00e9seau Entreprendre\",\"potentialAction\":[{\"@type\":\"SearchAction\",\"target\":{\"@type\":\"EntryPoint\",\"urlTemplate\":\"https:\\\/\\\/www.reseau-entreprendre.org\\\/lorraine\\\/?s={search_term_string}\"},\"query-input\":{\"@type\":\"PropertyValueSpecification\",\"valueRequired\":true,\"valueName\":\"search_term_string\"}}],\"inLanguage\":\"fr-FR\"}]}<\/script>\n<!-- \/ Yoast SEO plugin. -->","yoast_head_json":{"title":"Soutenir | Reseau Entreprendre Lorraine","description":"Partenaire, vous souhaitez soutenir un r\u00e9seau 100% chefs d'entreprise ? Rejoignez R\u00e9seau Entreprendre Lorraine","robots":{"index":"index","follow":"follow","max-snippet":"max-snippet:-1","max-image-preview":"max-image-preview:large","max-video-preview":"max-video-preview:-1"},"canonical":"https:\/\/www.reseau-entreprendre.org\/lorraine\/soutenir\/","og_locale":"fr_FR","og_type":"article","og_title":"Soutenir | Reseau Entreprendre Lorraine","og_description":"Partenaire, vous souhaitez soutenir un r\u00e9seau 100% chefs d'entreprise ? Rejoignez R\u00e9seau Entreprendre Lorraine","og_url":"https:\/\/www.reseau-entreprendre.org\/lorraine\/soutenir\/","og_site_name":"R\u00e9seau Entreprendre Lorraine","article_modified_time":"2022-07-28T09:21:47+00:00","twitter_card":"summary_large_image","twitter_misc":{"Dur\u00e9e de lecture estim\u00e9e":"2 minutes"},"schema":{"@context":"https:\/\/schema.org","@graph":[{"@type":"WebPage","@id":"https:\/\/www.reseau-entreprendre.org\/lorraine\/soutenir\/","url":"https:\/\/www.reseau-entreprendre.org\/lorraine\/soutenir\/","name":"Soutenir | Reseau Entreprendre Lorraine","isPartOf":{"@id":"https:\/\/www.reseau-entreprendre.org\/lorraine\/#website"},"datePublished":"2017-04-28T10:34:01+00:00","dateModified":"2022-07-28T09:21:47+00:00","description":"Partenaire, vous souhaitez soutenir un r\u00e9seau 100% chefs d'entreprise ? Rejoignez R\u00e9seau Entreprendre Lorraine","breadcrumb":{"@id":"https:\/\/www.reseau-entreprendre.org\/lorraine\/soutenir\/#breadcrumb"},"inLanguage":"fr-FR","potentialAction":[{"@type":"ReadAction","target":["https:\/\/www.reseau-entreprendre.org\/lorraine\/soutenir\/"]}]},{"@type":"BreadcrumbList","@id":"https:\/\/www.reseau-entreprendre.org\/lorraine\/soutenir\/#breadcrumb","itemListElement":[{"@type":"ListItem","position":1,"name":"Accueil","item":"https:\/\/www.reseau-entreprendre.org\/lorraine\/"},{"@type":"ListItem","position":2,"name":"Soutenir"}]},{"@type":"WebSite","@id":"https:\/\/www.reseau-entreprendre.org\/lorraine\/#website","url":"https:\/\/www.reseau-entreprendre.org\/lorraine\/","name":"R\u00e9seau Entreprendre Lorraine","description":"Un site utilisant Les sites de R\u00e9seau Entreprendre","potentialAction":[{"@type":"SearchAction","target":{"@type":"EntryPoint","urlTemplate":"https:\/\/www.reseau-entreprendre.org\/lorraine\/?s={search_term_string}"},"query-input":{"@type":"PropertyValueSpecification","valueRequired":true,"valueName":"search_term_string"}}],"inLanguage":"fr-FR"}]}},"_links":{"self":[{"href":"https:\/\/www.reseau-entreprendre.org\/lorraine\/wp-json\/wp\/v2\/pages\/17","targetHints":{"allow":["GET"]}}],"collection":[{"href":"https:\/\/www.reseau-entreprendre.org\/lorraine\/wp-json\/wp\/v2\/pages"}],"about":[{"href":"https:\/\/www.reseau-entreprendre.org\/lorraine\/wp-json\/wp\/v2\/types\/page"}],"author":[{"embeddable":true,"href":"https:\/\/www.reseau-entreprendre.org\/lorraine\/wp-json\/wp\/v2\/users\/53"}],"replies":[{"embeddable":true,"href":"https:\/\/www.reseau-entreprendre.org\/lorraine\/wp-json\/wp\/v2\/comments?post=17"}],"version-history":[{"count":0,"href":"https:\/\/www.reseau-entreprendre.org\/lorraine\/wp-json\/wp\/v2\/pages\/17\/revisions"}],"wp:attachment":[{"href":"https:\/\/www.reseau-entreprendre.org\/lorraine\/wp-json\/wp\/v2\/media?parent=17"}],"curies":[{"name":"wp","href":"https:\/\/api.w.org\/{rel}","templated":true}]}}