{"id":1948,"date":"2019-03-29T12:25:22","date_gmt":"2019-03-29T11:25:22","guid":{"rendered":"https:\/\/re-preprod-entreprendre.fr\/lorraine\/?page_id=1948"},"modified":"2024-07-29T16:06:41","modified_gmt":"2024-07-29T14:06:41","slug":"entreprendre-2","status":"publish","type":"page","link":"https:\/\/www.reseau-entreprendre.org\/lorraine\/entreprendre-2\/","title":{"rendered":"J&#8217;entreprends"},"content":{"rendered":"\n<h4 class=\"wp-block-heading has-re-yellow-color has-text-color\"><img loading=\"lazy\" decoding=\"async\" width=\"136\" height=\"136\" class=\"wp-image-3947\" style=\"width: 55px\" src=\"https:\/\/www.reseau-entreprendre.org\/lorraine\/wp-content\/uploads\/sites\/52\/2022\/05\/picto__idee.png\" alt=\"\" srcset=\"https:\/\/www.reseau-entreprendre.org\/lorraine\/wp-content\/uploads\/sites\/52\/2022\/05\/picto__idee.png 136w, https:\/\/www.reseau-entreprendre.org\/lorraine\/wp-content\/uploads\/sites\/52\/2022\/05\/picto__idee-130x130.png 130w\" sizes=\"auto, (max-width: 136px) 100vw, 136px\" \/><strong>Se faire accompagner et financer <\/strong><\/h4>\n\n\n\n<p>Les entrepreneurs le disent et l\u2019affirment : il faut se faire aider \u00e0 la cr\u00e9ation, \u00e0 la reprise et au d\u00e9veloppement d\u2019une entreprise. L\u2019accompagnement permet de rompre l\u2019isolement, d\u2019\u00e9changer sur son projet, d\u2019identifier des opportunit\u00e9s business, de s\u2019entourer et de faire financer son projet.<\/p>\n\n\n\n<p>La r\u00e9ussite de notre accompagnement vient du fait que R\u00e9seau Entreprendre est le seul r\u00e9seau qui propose un accompagnement de qualit\u00e9, par des chefs d&#8217;entreprise, pour des chefs d&#8217;entreprise.<br>Cet accompagnement est largement reconnu par les laur\u00e9ats comme un facteur cl\u00e9 de succ\u00e8s :<\/p>\n\n\n\n<p><strong>91% <\/strong>des laur\u00e9ats affirment que l&#8217;accompagnement de R\u00e9seau Entreprendre leur a permis de se sentir moins seul et de les conforter dans les prises de d\u00e9cisions.<\/p>\n\n\n\n<p><strong>85% <\/strong>des laur\u00e9ats affirment que l&#8217;accompagnement de R\u00e9seau Entreprendre leur a permis de b\u00e9n\u00e9ficier d&#8217;un r\u00e9seau utile pour leur entreprise.<\/p>\n\n\n\n<p><strong>82%<\/strong> des laur\u00e9ats affirment que l&#8217;accompagnement de R\u00e9seau Entreprendre leur a permis de renforcer leur posture de chefs d&#8217;entreprise.<\/p>\n\n\n\n<h4 class=\"wp-block-heading has-re-yellow-color has-text-color\"><img loading=\"lazy\" decoding=\"async\" width=\"136\" height=\"136\" class=\"wp-image-3949\" style=\"width: 55px\" src=\"https:\/\/www.reseau-entreprendre.org\/lorraine\/wp-content\/uploads\/sites\/52\/2022\/05\/picto__loupe.png\" alt=\"\" srcset=\"https:\/\/www.reseau-entreprendre.org\/lorraine\/wp-content\/uploads\/sites\/52\/2022\/05\/picto__loupe.png 136w, https:\/\/www.reseau-entreprendre.org\/lorraine\/wp-content\/uploads\/sites\/52\/2022\/05\/picto__loupe-130x130.png 130w\" sizes=\"auto, (max-width: 136px) 100vw, 136px\" \/><strong><strong>Quand solliciter R\u00e9seau Entreprendre Lorraine ?<\/strong><\/strong><\/h4>\n\n\n\n<div style=\"height:10px\" aria-hidden=\"true\" class=\"wp-block-spacer\"><\/div>\n\n\n\n<p><strong><em>Les crit\u00e8res d&#8217;\u00e9ligibilit\u00e9 selon les programmes d&#8217;accompagnement propos\u00e9s :<\/em><\/strong><\/p>\n\n\n\n<div class=\"wp-block-columns is-layout-flex wp-container-core-columns-is-layout-9d6595d7 wp-block-columns-is-layout-flex\">\n<div class=\"wp-block-column is-layout-flow wp-block-column-is-layout-flow\">\n<figure class=\"wp-block-image size-large is-resized\"><img loading=\"lazy\" decoding=\"async\" width=\"1024\" height=\"576\" src=\"https:\/\/www.reseau-entreprendre.org\/lorraine\/wp-content\/uploads\/sites\/52\/2022\/05\/START-1024x576.jpg\" alt=\"\" class=\"wp-image-3894\" style=\"width:187px;height:105px\" srcset=\"https:\/\/www.reseau-entreprendre.org\/lorraine\/wp-content\/uploads\/sites\/52\/2022\/05\/START-1024x576.jpg 1024w, https:\/\/www.reseau-entreprendre.org\/lorraine\/wp-content\/uploads\/sites\/52\/2022\/05\/START-300x169.jpg 300w, https:\/\/www.reseau-entreprendre.org\/lorraine\/wp-content\/uploads\/sites\/52\/2022\/05\/START-768x432.jpg 768w, https:\/\/www.reseau-entreprendre.org\/lorraine\/wp-content\/uploads\/sites\/52\/2022\/05\/START-1536x864.jpg 1536w, https:\/\/www.reseau-entreprendre.org\/lorraine\/wp-content\/uploads\/sites\/52\/2022\/05\/START-2048x1152.jpg 2048w, https:\/\/www.reseau-entreprendre.org\/lorraine\/wp-content\/uploads\/sites\/52\/2022\/05\/START-210x118.jpg 210w, https:\/\/www.reseau-entreprendre.org\/lorraine\/wp-content\/uploads\/sites\/52\/2022\/05\/START-scaled.jpg 1140w\" sizes=\"auto, (max-width: 1024px) 100vw, 1024px\" \/><\/figure>\n\n\n\n<ul class=\"wp-block-list\">\n<li><strong>&lt;2ans<\/strong>\u00a0d\u2019existence<\/li>\n\n\n\n<li>Si\u00e8ge social en <strong>Lorraine<\/strong><\/li>\n\n\n\n<li>Un potentiel de cr\u00e9ation d\u2019au moins\u00a0<strong>5 emplois<\/strong>\u00a0\u00e0 3 ans<\/li>\n\n\n\n<li>15K\u20ac minimum <strong>d\u2019apport personnel<\/strong> (apport en nature, au capital et\/ou en compte courant d\u2019associ\u00e9s)<\/li>\n\n\n\n<li><strong>Besoin de financement de 70K\u20ac<\/strong> minimum (avec emprunt bancaire)<\/li>\n\n\n\n<li><strong>Business plan finalis\u00e9<\/strong> ou d\u00e9marrage d\u2019activit\u00e9<\/li>\n\n\n\n<li>Volont\u00e9 d\u2019\u00eatre <strong>accompagn\u00e9<\/strong> et de faire <strong>challenger <\/strong>son projet<\/li>\n<\/ul>\n<\/div>\n\n\n\n<div class=\"wp-block-column is-layout-flow wp-block-column-is-layout-flow\">\n<figure class=\"wp-block-image size-large is-resized\"><img loading=\"lazy\" decoding=\"async\" width=\"1024\" height=\"339\" src=\"https:\/\/www.reseau-entreprendre.org\/lorraine\/wp-content\/uploads\/sites\/52\/2022\/05\/BOOSTER-1024x339.jpg\" alt=\"\" class=\"wp-image-3895\" style=\"width:313px;height:104px\" srcset=\"https:\/\/www.reseau-entreprendre.org\/lorraine\/wp-content\/uploads\/sites\/52\/2022\/05\/BOOSTER-1024x339.jpg 1024w, https:\/\/www.reseau-entreprendre.org\/lorraine\/wp-content\/uploads\/sites\/52\/2022\/05\/BOOSTER-300x99.jpg 300w, https:\/\/www.reseau-entreprendre.org\/lorraine\/wp-content\/uploads\/sites\/52\/2022\/05\/BOOSTER-768x254.jpg 768w, https:\/\/www.reseau-entreprendre.org\/lorraine\/wp-content\/uploads\/sites\/52\/2022\/05\/BOOSTER-1536x509.jpg 1536w, https:\/\/www.reseau-entreprendre.org\/lorraine\/wp-content\/uploads\/sites\/52\/2022\/05\/BOOSTER-2048x678.jpg 2048w, https:\/\/www.reseau-entreprendre.org\/lorraine\/wp-content\/uploads\/sites\/52\/2022\/05\/BOOSTER-210x70.jpg 210w, https:\/\/www.reseau-entreprendre.org\/lorraine\/wp-content\/uploads\/sites\/52\/2022\/05\/BOOSTER-scaled.jpg 1140w\" sizes=\"auto, (max-width: 1024px) 100vw, 1024px\" \/><\/figure>\n\n\n\n<ul class=\"wp-block-list\">\n<li><strong>5 ETP<\/strong>\u00a0minimum avec potentiel de 10 ETP<\/li>\n\n\n\n<li>Immatriculation en <strong>Lorraine<\/strong><\/li>\n\n\n\n<li><strong>Chiffre d\u2019affaires<\/strong>\u00a0&gt; 500 K\u20ac<\/li>\n\n\n\n<li>Dernier r\u00e9sultat comptable <strong>positif<\/strong><\/li>\n\n\n\n<li>Passer un cap de <strong>d\u00e9veloppement significatif<\/strong><\/li>\n<\/ul>\n<\/div>\n<\/div>\n\n\n\n<div class=\"wp-block-columns is-layout-flex wp-container-core-columns-is-layout-9d6595d7 wp-block-columns-is-layout-flex\">\n<div class=\"wp-block-column is-layout-flow wp-block-column-is-layout-flow\">\n<div class=\"wp-block-buttons is-content-justification-center is-layout-flex wp-container-core-buttons-is-layout-16018d1d wp-block-buttons-is-layout-flex\">\n<div class=\"wp-block-button\"><a class=\"wp-block-button__link wp-element-button\" href=\"https:\/\/drive.google.com\/file\/d\/1Y0rpVT4_Ue8_oTo2VDQG-_b1hGfDVq_h\/view?usp=sharing\">En savoir plus<\/a><\/div>\n<\/div>\n<\/div>\n\n\n\n<div class=\"wp-block-column is-layout-flow wp-block-column-is-layout-flow\">\n<div class=\"wp-block-buttons is-content-justification-center is-layout-flex wp-container-core-buttons-is-layout-16018d1d wp-block-buttons-is-layout-flex\">\n<div class=\"wp-block-button\"><a class=\"wp-block-button__link wp-element-button\" href=\"https:\/\/drive.google.com\/file\/d\/1DdIf8U0HfGPz99o8zuqps7a1aECPWVzI\/view?usp=sharing\">En savoir plus<\/a><\/div>\n<\/div>\n<\/div>\n<\/div>\n\n\n\n<p><strong>\/!\\<\/strong>&nbsp;Fonds de commerce : R\u00e9seau Entreprendre Lorraine accompagne \u00e0 partir de l\u2019ouverture du 2\u00e8me site ou d\u2019une cr\u00e9ation de franchise.<\/p>\n\n\n\n<p>Projet innovant : R\u00e9seau Entreprendre Lorraine accompagne \u00e0 partir du moment o\u00f9 le prototype est cr\u00e9\u00e9.<strong><\/strong><\/p>\n\n\n\n<div style=\"height:21px\" aria-hidden=\"true\" class=\"wp-block-spacer\"><\/div>\n\n\n\n<h4 class=\"wp-block-heading has-text-align-center has-re-yellow-color has-text-color\"><strong>COMMENT DEVENIR LAUR\u00c9AT ?<\/strong><\/h4>\n\n\n\n<p class=\"has-text-align-center\">C\u2019est simple. Vous avez un projet ?<\/p>\n\n\n\n<div class=\"wp-block-buttons is-horizontal is-content-justification-center is-layout-flex wp-container-core-buttons-is-layout-499968f5 wp-block-buttons-is-layout-flex\">\n<div class=\"wp-block-button is-style-outline is-style-outline--1\"><a class=\"wp-block-button__link has-re-yellow-color has-text-color wp-element-button\" href=\"https:\/\/www.reseau-entreprendre.org\/lorraine\/contact\/\" style=\"border-radius:1px\">PARLONS-EN !<\/a><\/div>\n<\/div>\n\n\n\n<div style=\"height:50px\" aria-hidden=\"true\" class=\"wp-block-spacer\"><\/div>\n\n\n\n<figure class=\"wp-block-embed aligncenter is-type-video is-provider-youtube wp-block-embed-youtube wp-embed-aspect-16-9 wp-has-aspect-ratio\"><div class=\"wp-block-embed__wrapper\">\n<iframe loading=\"lazy\" title=\"Lance-toi et fais grandir ton projet d&#039;entreprise |  R\u00e9seau Entreprendre\" width=\"500\" height=\"281\" src=\"https:\/\/www.youtube.com\/embed\/YwDA580qBC0?feature=oembed\" frameborder=\"0\" allow=\"accelerometer; autoplay; clipboard-write; encrypted-media; gyroscope; picture-in-picture; web-share\" referrerpolicy=\"strict-origin-when-cross-origin\" allowfullscreen><\/iframe>\n<\/div><\/figure>\n\n\n\n<div style=\"height:24px\" aria-hidden=\"true\" class=\"wp-block-spacer\"><\/div>\n\n\n\n<div class=\"wp-block-group\"><div class=\"wp-block-group__inner-container is-layout-flow wp-block-group-is-layout-flow\">\n<h2 class=\"wp-block-heading has-text-align-center has-re-yellow-color has-text-color\"><strong>NOUS LES AVONS ACCOMPAGN\u00c9S&nbsp;<\/strong><\/h2>\n\n\n\n<div style=\"height:12px\" aria-hidden=\"true\" class=\"wp-block-spacer\"><\/div>\n\n\n<div class=\"wp-block-image\">\n<figure class=\"aligncenter is-resized\"><img loading=\"lazy\" decoding=\"async\" width=\"552\" height=\"238\" src=\"https:\/\/www.reseau-entreprendre.org\/lorraine\/wp-content\/uploads\/sites\/52\/2020\/04\/Logo-laur\u00e9ats-accueil-1.png\" alt=\"\" class=\"wp-image-2675\" style=\"width:729px;height:314px\" srcset=\"https:\/\/www.reseau-entreprendre.org\/lorraine\/wp-content\/uploads\/sites\/52\/2020\/04\/Logo-laur\u00e9ats-accueil-1.png 552w, https:\/\/www.reseau-entreprendre.org\/lorraine\/wp-content\/uploads\/sites\/52\/2020\/04\/Logo-laur\u00e9ats-accueil-1-300x129.png 300w\" sizes=\"auto, (max-width: 552px) 100vw, 552px\" \/><\/figure>\n<\/div>\n\n\n<div style=\"height:40px\" aria-hidden=\"true\" class=\"wp-block-spacer\"><\/div>\n\n\n\n<div class=\"wp-block-buttons is-horizontal is-content-justification-center is-layout-flex wp-container-core-buttons-is-layout-499968f5 wp-block-buttons-is-layout-flex\">\n<div class=\"wp-block-button is-style-outline is-style-outline--2\"><a class=\"wp-block-button__link has-re-yellow-background-color has-background wp-element-button\" href=\"https:\/\/www.reseau-entreprendre.org\/lorraine\/les-laureats\/\" style=\"border-radius:0px\">D\u00c9COUVRIR NOS DERNI\u00c8RES PROMOTIONS DE LAUR\u00c9ATS<\/a><\/div>\n<\/div>\n<\/div><\/div>\n","protected":false},"excerpt":{"rendered":"<p>Se faire accompagner et financer Les entrepreneurs le disent et<\/p>\n","protected":false},"author":53,"featured_media":0,"parent":0,"menu_order":0,"comment_status":"closed","ping_status":"closed","template":"","meta":{"_acf_changed":false,"_monsterinsights_skip_tracking":false,"_monsterinsights_sitenote_active":false,"_monsterinsights_sitenote_note":"","_monsterinsights_sitenote_category":0,"footnotes":""},"class_list":["post-1948","page","type-page","status-publish","hentry"],"acf":[],"yoast_head":"<!-- This site is optimized with the Yoast SEO plugin v27.4 - https:\/\/yoast.com\/product\/yoast-seo-wordpress\/ -->\n<title>J&#039;entreprends - R\u00e9seau Entreprendre Lorraine<\/title>\n<meta name=\"robots\" content=\"index, follow, max-snippet:-1, max-image-preview:large, max-video-preview:-1\" \/>\n<link rel=\"canonical\" href=\"https:\/\/www.reseau-entreprendre.org\/lorraine\/entreprendre-2\/\" \/>\n<meta property=\"og:locale\" content=\"fr_FR\" \/>\n<meta property=\"og:type\" content=\"article\" \/>\n<meta property=\"og:title\" content=\"J&#039;entreprends - R\u00e9seau Entreprendre Lorraine\" \/>\n<meta property=\"og:description\" content=\"Se faire accompagner et financer Les entrepreneurs le disent et\" \/>\n<meta property=\"og:url\" content=\"https:\/\/www.reseau-entreprendre.org\/lorraine\/entreprendre-2\/\" \/>\n<meta property=\"og:site_name\" content=\"R\u00e9seau Entreprendre Lorraine\" \/>\n<meta property=\"article:modified_time\" content=\"2024-07-29T14:06:41+00:00\" \/>\n<meta property=\"og:image\" content=\"https:\/\/www.reseau-entreprendre.org\/lorraine\/wp-content\/uploads\/sites\/52\/2022\/05\/picto__idee.png\" \/>\n<meta name=\"twitter:card\" content=\"summary_large_image\" \/>\n<meta name=\"twitter:label1\" content=\"Dur\u00e9e de lecture estim\u00e9e\" \/>\n\t<meta name=\"twitter:data1\" content=\"3 minutes\" \/>\n<script type=\"application\/ld+json\" class=\"yoast-schema-graph\">{\"@context\":\"https:\\\/\\\/schema.org\",\"@graph\":[{\"@type\":\"WebPage\",\"@id\":\"https:\\\/\\\/www.reseau-entreprendre.org\\\/lorraine\\\/entreprendre-2\\\/\",\"url\":\"https:\\\/\\\/www.reseau-entreprendre.org\\\/lorraine\\\/entreprendre-2\\\/\",\"name\":\"J'entreprends - R\u00e9seau Entreprendre Lorraine\",\"isPartOf\":{\"@id\":\"https:\\\/\\\/www.reseau-entreprendre.org\\\/lorraine\\\/#website\"},\"primaryImageOfPage\":{\"@id\":\"https:\\\/\\\/www.reseau-entreprendre.org\\\/lorraine\\\/entreprendre-2\\\/#primaryimage\"},\"image\":{\"@id\":\"https:\\\/\\\/www.reseau-entreprendre.org\\\/lorraine\\\/entreprendre-2\\\/#primaryimage\"},\"thumbnailUrl\":\"https:\\\/\\\/www.reseau-entreprendre.org\\\/lorraine\\\/wp-content\\\/uploads\\\/sites\\\/52\\\/2022\\\/05\\\/picto__idee.png\",\"datePublished\":\"2019-03-29T11:25:22+00:00\",\"dateModified\":\"2024-07-29T14:06:41+00:00\",\"breadcrumb\":{\"@id\":\"https:\\\/\\\/www.reseau-entreprendre.org\\\/lorraine\\\/entreprendre-2\\\/#breadcrumb\"},\"inLanguage\":\"fr-FR\",\"potentialAction\":[{\"@type\":\"ReadAction\",\"target\":[\"https:\\\/\\\/www.reseau-entreprendre.org\\\/lorraine\\\/entreprendre-2\\\/\"]}]},{\"@type\":\"ImageObject\",\"inLanguage\":\"fr-FR\",\"@id\":\"https:\\\/\\\/www.reseau-entreprendre.org\\\/lorraine\\\/entreprendre-2\\\/#primaryimage\",\"url\":\"https:\\\/\\\/www.reseau-entreprendre.org\\\/lorraine\\\/wp-content\\\/uploads\\\/sites\\\/52\\\/2022\\\/05\\\/picto__idee.png\",\"contentUrl\":\"https:\\\/\\\/www.reseau-entreprendre.org\\\/lorraine\\\/wp-content\\\/uploads\\\/sites\\\/52\\\/2022\\\/05\\\/picto__idee.png\",\"width\":136,\"height\":136},{\"@type\":\"BreadcrumbList\",\"@id\":\"https:\\\/\\\/www.reseau-entreprendre.org\\\/lorraine\\\/entreprendre-2\\\/#breadcrumb\",\"itemListElement\":[{\"@type\":\"ListItem\",\"position\":1,\"name\":\"Accueil\",\"item\":\"https:\\\/\\\/www.reseau-entreprendre.org\\\/lorraine\\\/\"},{\"@type\":\"ListItem\",\"position\":2,\"name\":\"J&rsquo;entreprends\"}]},{\"@type\":\"WebSite\",\"@id\":\"https:\\\/\\\/www.reseau-entreprendre.org\\\/lorraine\\\/#website\",\"url\":\"https:\\\/\\\/www.reseau-entreprendre.org\\\/lorraine\\\/\",\"name\":\"R\u00e9seau Entreprendre Lorraine\",\"description\":\"Un site utilisant Les sites de R\u00e9seau Entreprendre\",\"potentialAction\":[{\"@type\":\"SearchAction\",\"target\":{\"@type\":\"EntryPoint\",\"urlTemplate\":\"https:\\\/\\\/www.reseau-entreprendre.org\\\/lorraine\\\/?s={search_term_string}\"},\"query-input\":{\"@type\":\"PropertyValueSpecification\",\"valueRequired\":true,\"valueName\":\"search_term_string\"}}],\"inLanguage\":\"fr-FR\"}]}<\/script>\n<!-- \/ Yoast SEO plugin. -->","yoast_head_json":{"title":"J'entreprends - R\u00e9seau Entreprendre Lorraine","robots":{"index":"index","follow":"follow","max-snippet":"max-snippet:-1","max-image-preview":"max-image-preview:large","max-video-preview":"max-video-preview:-1"},"canonical":"https:\/\/www.reseau-entreprendre.org\/lorraine\/entreprendre-2\/","og_locale":"fr_FR","og_type":"article","og_title":"J'entreprends - R\u00e9seau Entreprendre Lorraine","og_description":"Se faire accompagner et financer Les entrepreneurs le disent et","og_url":"https:\/\/www.reseau-entreprendre.org\/lorraine\/entreprendre-2\/","og_site_name":"R\u00e9seau Entreprendre Lorraine","article_modified_time":"2024-07-29T14:06:41+00:00","og_image":[{"url":"https:\/\/www.reseau-entreprendre.org\/lorraine\/wp-content\/uploads\/sites\/52\/2022\/05\/picto__idee.png","type":"","width":"","height":""}],"twitter_card":"summary_large_image","twitter_misc":{"Dur\u00e9e de lecture estim\u00e9e":"3 minutes"},"schema":{"@context":"https:\/\/schema.org","@graph":[{"@type":"WebPage","@id":"https:\/\/www.reseau-entreprendre.org\/lorraine\/entreprendre-2\/","url":"https:\/\/www.reseau-entreprendre.org\/lorraine\/entreprendre-2\/","name":"J'entreprends - R\u00e9seau Entreprendre Lorraine","isPartOf":{"@id":"https:\/\/www.reseau-entreprendre.org\/lorraine\/#website"},"primaryImageOfPage":{"@id":"https:\/\/www.reseau-entreprendre.org\/lorraine\/entreprendre-2\/#primaryimage"},"image":{"@id":"https:\/\/www.reseau-entreprendre.org\/lorraine\/entreprendre-2\/#primaryimage"},"thumbnailUrl":"https:\/\/www.reseau-entreprendre.org\/lorraine\/wp-content\/uploads\/sites\/52\/2022\/05\/picto__idee.png","datePublished":"2019-03-29T11:25:22+00:00","dateModified":"2024-07-29T14:06:41+00:00","breadcrumb":{"@id":"https:\/\/www.reseau-entreprendre.org\/lorraine\/entreprendre-2\/#breadcrumb"},"inLanguage":"fr-FR","potentialAction":[{"@type":"ReadAction","target":["https:\/\/www.reseau-entreprendre.org\/lorraine\/entreprendre-2\/"]}]},{"@type":"ImageObject","inLanguage":"fr-FR","@id":"https:\/\/www.reseau-entreprendre.org\/lorraine\/entreprendre-2\/#primaryimage","url":"https:\/\/www.reseau-entreprendre.org\/lorraine\/wp-content\/uploads\/sites\/52\/2022\/05\/picto__idee.png","contentUrl":"https:\/\/www.reseau-entreprendre.org\/lorraine\/wp-content\/uploads\/sites\/52\/2022\/05\/picto__idee.png","width":136,"height":136},{"@type":"BreadcrumbList","@id":"https:\/\/www.reseau-entreprendre.org\/lorraine\/entreprendre-2\/#breadcrumb","itemListElement":[{"@type":"ListItem","position":1,"name":"Accueil","item":"https:\/\/www.reseau-entreprendre.org\/lorraine\/"},{"@type":"ListItem","position":2,"name":"J&rsquo;entreprends"}]},{"@type":"WebSite","@id":"https:\/\/www.reseau-entreprendre.org\/lorraine\/#website","url":"https:\/\/www.reseau-entreprendre.org\/lorraine\/","name":"R\u00e9seau Entreprendre Lorraine","description":"Un site utilisant Les sites de R\u00e9seau Entreprendre","potentialAction":[{"@type":"SearchAction","target":{"@type":"EntryPoint","urlTemplate":"https:\/\/www.reseau-entreprendre.org\/lorraine\/?s={search_term_string}"},"query-input":{"@type":"PropertyValueSpecification","valueRequired":true,"valueName":"search_term_string"}}],"inLanguage":"fr-FR"}]}},"_links":{"self":[{"href":"https:\/\/www.reseau-entreprendre.org\/lorraine\/wp-json\/wp\/v2\/pages\/1948","targetHints":{"allow":["GET"]}}],"collection":[{"href":"https:\/\/www.reseau-entreprendre.org\/lorraine\/wp-json\/wp\/v2\/pages"}],"about":[{"href":"https:\/\/www.reseau-entreprendre.org\/lorraine\/wp-json\/wp\/v2\/types\/page"}],"author":[{"embeddable":true,"href":"https:\/\/www.reseau-entreprendre.org\/lorraine\/wp-json\/wp\/v2\/users\/53"}],"replies":[{"embeddable":true,"href":"https:\/\/www.reseau-entreprendre.org\/lorraine\/wp-json\/wp\/v2\/comments?post=1948"}],"version-history":[{"count":0,"href":"https:\/\/www.reseau-entreprendre.org\/lorraine\/wp-json\/wp\/v2\/pages\/1948\/revisions"}],"wp:attachment":[{"href":"https:\/\/www.reseau-entreprendre.org\/lorraine\/wp-json\/wp\/v2\/media?parent=1948"}],"curies":[{"name":"wp","href":"https:\/\/api.w.org\/{rel}","templated":true}]}}