{"id":1952,"date":"2019-03-29T13:19:17","date_gmt":"2019-03-29T12:19:17","guid":{"rendered":"https:\/\/re-preprod-entreprendre.fr\/lorraine\/?page_id=1952"},"modified":"2022-07-27T09:07:02","modified_gmt":"2022-07-27T07:07:02","slug":"sengager","status":"publish","type":"page","link":"https:\/\/www.reseau-entreprendre.org\/lorraine\/sengager\/","title":{"rendered":"Je m&#8217;engage"},"content":{"rendered":"\n<h4 class=\"has-re-blue-color has-text-color wp-block-heading\"><img loading=\"lazy\" decoding=\"async\" width=\"136\" height=\"136\" class=\"wp-image-3898\" style=\"width: 55px\" src=\"https:\/\/www.reseau-entreprendre.org\/lorraine\/wp-content\/uploads\/sites\/52\/2022\/05\/picto__ensemble-33.png\" alt=\"\" srcset=\"https:\/\/www.reseau-entreprendre.org\/lorraine\/wp-content\/uploads\/sites\/52\/2022\/05\/picto__ensemble-33.png 136w, https:\/\/www.reseau-entreprendre.org\/lorraine\/wp-content\/uploads\/sites\/52\/2022\/05\/picto__ensemble-33-130x130.png 130w\" sizes=\"auto, (max-width: 136px) 100vw, 136px\" \/> <strong>Chefs d&#8217;entreprise, pourquoi nous rejoindre ?<\/strong><\/h4>\n\n\n\n<p>Vous souhaitez rejoindre un r\u00e9seau de chefs d\u2019entreprise responsables et engag\u00e9s ? Devenez Membre de R\u00e9seau Entreprendre Lorraine ! Venez transmettre votre exp\u00e9rience et la passion d\u2019entreprendre aux nouvelles g\u00e9n\u00e9rations d\u2019entrepreneurs. Nos membres sont tous r\u00e9unis autour de la m\u00eame cause&nbsp;: agir pour la cr\u00e9ation d\u2019emplois et le d\u00e9veloppement \u00e9conomique du territoire.<\/p>\n\n\n\n<div style=\"height:25px\" aria-hidden=\"true\" class=\"wp-block-spacer\"><\/div>\n\n\n\n<h4 class=\"has-re-blue-color has-text-color wp-block-heading\"><img loading=\"lazy\" decoding=\"async\" width=\"181\" height=\"136\" class=\"wp-image-3899\" style=\"width: 55px\" src=\"https:\/\/www.reseau-entreprendre.org\/lorraine\/wp-content\/uploads\/sites\/52\/2022\/05\/picto__chefs-entreprises.png\" alt=\"\" srcset=\"https:\/\/www.reseau-entreprendre.org\/lorraine\/wp-content\/uploads\/sites\/52\/2022\/05\/picto__chefs-entreprises.png 181w, https:\/\/www.reseau-entreprendre.org\/lorraine\/wp-content\/uploads\/sites\/52\/2022\/05\/picto__chefs-entreprises-173x130.png 173w\" sizes=\"auto, (max-width: 181px) 100vw, 181px\" \/><strong><strong> Int\u00e9grez notre communaut\u00e9<\/strong><\/strong><\/h4>\n\n\n\n<p>En rejoignant R\u00e9seau Entreprendre Lorraine, d\u00e9veloppez votre r\u00e9seau&nbsp;!<\/p>\n\n\n\n<p>Vous \u00eates invit\u00e9s \u00e0 tous les \u00e9v\u00e9nements de l\u2019association (une quarantaine dans l\u2019ann\u00e9e) comme des visites d\u2019entreprises, des conf\u00e9rences, des d\u00e9jeuners Lunch &amp; R\u00e9seau, les F\u00eates des Laur\u00e9ats, les Masterclubs, les Biennales, \u2026 Profitez de l\u2019acc\u00e8s au r\u00e9seau de l\u2019association qui comporte plus de 300 chefs d\u2019entreprise en Lorraine et 14 000 dans 10 pays.<\/p>\n\n\n\n<div style=\"height:25px\" aria-hidden=\"true\" class=\"wp-block-spacer\"><\/div>\n\n\n\n<h4 class=\"has-re-blue-color has-text-color wp-block-heading\"><img loading=\"lazy\" decoding=\"async\" width=\"136\" height=\"135\" class=\"wp-image-3901\" style=\"width: 55px\" src=\"https:\/\/www.reseau-entreprendre.org\/lorraine\/wp-content\/uploads\/sites\/52\/2022\/05\/picto__reseau.png\" alt=\"\" srcset=\"https:\/\/www.reseau-entreprendre.org\/lorraine\/wp-content\/uploads\/sites\/52\/2022\/05\/picto__reseau.png 136w, https:\/\/www.reseau-entreprendre.org\/lorraine\/wp-content\/uploads\/sites\/52\/2022\/05\/picto__reseau-131x130.png 131w\" sizes=\"auto, (max-width: 136px) 100vw, 136px\" \/><strong><strong>Adh\u00e9rer, c&#8217;est : <\/strong><\/strong><\/h4>\n\n\n\n<p class=\"has-medium-font-size\"><strong>+<\/strong> de rencontres ! <\/p>\n\n\n\n<p class=\"has-medium-font-size\">&nbsp;<strong>+<\/strong> de partages ! <\/p>\n\n\n\n<p class=\"has-medium-font-size\"> <strong>+<\/strong> d\u2019\u00e9changes !<\/p>\n\n\n\n<div style=\"height:25px\" aria-hidden=\"true\" class=\"wp-block-spacer\"><\/div>\n\n\n\n<h4 class=\"has-re-blue-color has-text-color wp-block-heading\"><img loading=\"lazy\" decoding=\"async\" width=\"136\" height=\"136\" class=\"wp-image-3900\" style=\"width: 55px\" src=\"https:\/\/www.reseau-entreprendre.org\/lorraine\/wp-content\/uploads\/sites\/52\/2022\/05\/picto__formation.png\" alt=\"\" srcset=\"https:\/\/www.reseau-entreprendre.org\/lorraine\/wp-content\/uploads\/sites\/52\/2022\/05\/picto__formation.png 136w, https:\/\/www.reseau-entreprendre.org\/lorraine\/wp-content\/uploads\/sites\/52\/2022\/05\/picto__formation-130x130.png 130w\" sizes=\"auto, (max-width: 136px) 100vw, 136px\" \/><strong><strong>Une implication \u00e0 la carte<\/strong><\/strong><\/h4>\n\n\n\n<p>L\u2019implication \u00e0 R\u00e9seau Entreprendre Lorraine est \u00e0 la carte et peut se faire de diff\u00e9rentes mani\u00e8res : participer \u00e0 la s\u00e9lection des projets, accompagner des entrepreneurs, booster des projets et participer \u00e0 la vie active de l\u2019association, notamment via un soutien financier.<\/p>\n\n\n\n<ul class=\"wp-block-list\"><li>Rejoignez un r\u00e9seau actif de dirigeants d\u2019entreprises, + de 180 chefs d\u2019entreprise engag\u00e9s en Lorraine qui favorisent la cr\u00e9ation d\u2019emplois<\/li><\/ul>\n\n\n\n<ul class=\"wp-block-list\"><li>Impliquez vous dans l\u2019\u00e9cosyst\u00e8me entrepreneurial gr\u00e2ce aux rencontres et \u00e9v\u00e8nements de R\u00e9seau Entreprendre Lorraine<\/li><\/ul>\n\n\n\n<ul class=\"wp-block-list\"><li>Apprenez au contact de nouveaux entrepreneurs entretenez une veille sur les innovations port\u00e9es par ces jeunes entreprises prometteuses<\/li><\/ul>\n\n\n\n<div style=\"height:25px\" aria-hidden=\"true\" class=\"wp-block-spacer\"><\/div>\n\n\n\n<h4 class=\"has-text-align-center has-re-blue-color has-text-color wp-block-heading\"><strong>Comment adh\u00e9rer ? <\/strong><\/h4>\n\n\n\n<p class=\"has-text-align-center\">Contacter nous et venez rencontrer des chefs d&#8217;entreprise lorrains<\/p>\n\n\n\n<div class=\"wp-block-buttons is-layout-flex wp-block-buttons-is-layout-flex\">\n<div class=\"wp-block-button aligncenter is-style-outline is-style-outline--1\"><a class=\"wp-block-button__link has-re-blue-background-color has-background\" href=\"https:\/\/www.reseau-entreprendre.org\/fr\/sengager\/formulaire-benevole\/\" style=\"border-radius:0px\" target=\"_blank\" rel=\"noreferrer noopener\">CONTACTEZ NOUS !<\/a><\/div>\n<\/div>\n\n\n\n<div style=\"height:45px\" aria-hidden=\"true\" class=\"wp-block-spacer\"><\/div>\n\n\n\n<figure class=\"wp-block-embed aligncenter is-type-video is-provider-youtube wp-block-embed-youtube wp-embed-aspect-16-9 wp-has-aspect-ratio\"><div class=\"wp-block-embed__wrapper\">\n<iframe loading=\"lazy\" title=\"S&#039;engager avec R\u00e9seau Entreprendre\" width=\"500\" height=\"281\" src=\"https:\/\/www.youtube.com\/embed\/NUJCI0vCPuU?start=2&#038;feature=oembed\" frameborder=\"0\" allow=\"accelerometer; autoplay; clipboard-write; encrypted-media; gyroscope; picture-in-picture; web-share\" referrerpolicy=\"strict-origin-when-cross-origin\" allowfullscreen><\/iframe>\n<\/div><\/figure>\n\n\n\n<div style=\"height:76px\" aria-hidden=\"true\" class=\"wp-block-spacer\"><\/div>\n\n\n\n<h2 class=\"has-text-align-center has-re-blue-color has-text-color wp-block-heading\"><strong>ILS S&#8217;ENGAGENT \u00c0 NOS COT\u00c9S<\/strong><\/h2>\n\n\n\n<div style=\"height:25px\" aria-hidden=\"true\" class=\"wp-block-spacer\"><\/div>\n\n\n<div class=\"wp-block-image\">\n<figure class=\"aligncenter size-full is-resized\"><img loading=\"lazy\" decoding=\"async\" src=\"https:\/\/www.reseau-entreprendre.org\/lorraine\/wp-content\/uploads\/sites\/52\/2022\/05\/Logos-membres.png\" alt=\"\" class=\"wp-image-3958\" width=\"811\" height=\"350\" srcset=\"https:\/\/www.reseau-entreprendre.org\/lorraine\/wp-content\/uploads\/sites\/52\/2022\/05\/Logos-membres.png 552w, https:\/\/www.reseau-entreprendre.org\/lorraine\/wp-content\/uploads\/sites\/52\/2022\/05\/Logos-membres-300x129.png 300w, https:\/\/www.reseau-entreprendre.org\/lorraine\/wp-content\/uploads\/sites\/52\/2022\/05\/Logos-membres-210x91.png 210w\" sizes=\"auto, (max-width: 811px) 100vw, 811px\" \/><\/figure>\n<\/div>\n\n\n<div class=\"wp-block-buttons is-horizontal is-content-justification-center is-layout-flex wp-container-core-buttons-is-layout-499968f5 wp-block-buttons-is-layout-flex\"><\/div>\n\n\n\n<div style=\"height:59px\" aria-hidden=\"true\" class=\"wp-block-spacer\"><\/div>\n","protected":false},"excerpt":{"rendered":"<p>Chefs d&#8217;entreprise, pourquoi nous rejoindre ? Vous souhaitez rejoindre un<\/p>\n","protected":false},"author":53,"featured_media":0,"parent":0,"menu_order":0,"comment_status":"closed","ping_status":"closed","template":"","meta":{"_acf_changed":false,"_monsterinsights_skip_tracking":false,"_monsterinsights_sitenote_active":false,"_monsterinsights_sitenote_note":"","_monsterinsights_sitenote_category":0,"footnotes":""},"class_list":["post-1952","page","type-page","status-publish","hentry"],"acf":[],"yoast_head":"<!-- This site is optimized with the Yoast SEO plugin v27.4 - https:\/\/yoast.com\/product\/yoast-seo-wordpress\/ -->\n<title>Je m&#039;engage - R\u00e9seau Entreprendre Lorraine<\/title>\n<meta name=\"robots\" content=\"index, follow, max-snippet:-1, max-image-preview:large, max-video-preview:-1\" \/>\n<link rel=\"canonical\" href=\"https:\/\/www.reseau-entreprendre.org\/lorraine\/sengager\/\" \/>\n<meta property=\"og:locale\" content=\"fr_FR\" \/>\n<meta property=\"og:type\" content=\"article\" \/>\n<meta property=\"og:title\" content=\"Je m&#039;engage - R\u00e9seau Entreprendre Lorraine\" \/>\n<meta property=\"og:description\" content=\"Chefs d&#8217;entreprise, pourquoi nous rejoindre ? Vous souhaitez rejoindre un\" \/>\n<meta property=\"og:url\" content=\"https:\/\/www.reseau-entreprendre.org\/lorraine\/sengager\/\" \/>\n<meta property=\"og:site_name\" content=\"R\u00e9seau Entreprendre Lorraine\" \/>\n<meta property=\"article:modified_time\" content=\"2022-07-27T07:07:02+00:00\" \/>\n<meta property=\"og:image\" content=\"https:\/\/www.reseau-entreprendre.org\/lorraine\/wp-content\/uploads\/sites\/52\/2022\/05\/picto__ensemble-33.png\" \/>\n<meta name=\"twitter:card\" content=\"summary_large_image\" \/>\n<meta name=\"twitter:label1\" content=\"Dur\u00e9e de lecture estim\u00e9e\" \/>\n\t<meta name=\"twitter:data1\" content=\"3 minutes\" \/>\n<script type=\"application\/ld+json\" class=\"yoast-schema-graph\">{\"@context\":\"https:\\\/\\\/schema.org\",\"@graph\":[{\"@type\":\"WebPage\",\"@id\":\"https:\\\/\\\/www.reseau-entreprendre.org\\\/lorraine\\\/sengager\\\/\",\"url\":\"https:\\\/\\\/www.reseau-entreprendre.org\\\/lorraine\\\/sengager\\\/\",\"name\":\"Je m'engage - R\u00e9seau Entreprendre Lorraine\",\"isPartOf\":{\"@id\":\"https:\\\/\\\/www.reseau-entreprendre.org\\\/lorraine\\\/#website\"},\"primaryImageOfPage\":{\"@id\":\"https:\\\/\\\/www.reseau-entreprendre.org\\\/lorraine\\\/sengager\\\/#primaryimage\"},\"image\":{\"@id\":\"https:\\\/\\\/www.reseau-entreprendre.org\\\/lorraine\\\/sengager\\\/#primaryimage\"},\"thumbnailUrl\":\"https:\\\/\\\/www.reseau-entreprendre.org\\\/lorraine\\\/wp-content\\\/uploads\\\/sites\\\/52\\\/2022\\\/05\\\/picto__ensemble-33.png\",\"datePublished\":\"2019-03-29T12:19:17+00:00\",\"dateModified\":\"2022-07-27T07:07:02+00:00\",\"breadcrumb\":{\"@id\":\"https:\\\/\\\/www.reseau-entreprendre.org\\\/lorraine\\\/sengager\\\/#breadcrumb\"},\"inLanguage\":\"fr-FR\",\"potentialAction\":[{\"@type\":\"ReadAction\",\"target\":[\"https:\\\/\\\/www.reseau-entreprendre.org\\\/lorraine\\\/sengager\\\/\"]}]},{\"@type\":\"ImageObject\",\"inLanguage\":\"fr-FR\",\"@id\":\"https:\\\/\\\/www.reseau-entreprendre.org\\\/lorraine\\\/sengager\\\/#primaryimage\",\"url\":\"https:\\\/\\\/www.reseau-entreprendre.org\\\/lorraine\\\/wp-content\\\/uploads\\\/sites\\\/52\\\/2022\\\/05\\\/picto__ensemble-33.png\",\"contentUrl\":\"https:\\\/\\\/www.reseau-entreprendre.org\\\/lorraine\\\/wp-content\\\/uploads\\\/sites\\\/52\\\/2022\\\/05\\\/picto__ensemble-33.png\",\"width\":136,\"height\":136},{\"@type\":\"BreadcrumbList\",\"@id\":\"https:\\\/\\\/www.reseau-entreprendre.org\\\/lorraine\\\/sengager\\\/#breadcrumb\",\"itemListElement\":[{\"@type\":\"ListItem\",\"position\":1,\"name\":\"Accueil\",\"item\":\"https:\\\/\\\/www.reseau-entreprendre.org\\\/lorraine\\\/\"},{\"@type\":\"ListItem\",\"position\":2,\"name\":\"Je m&rsquo;engage\"}]},{\"@type\":\"WebSite\",\"@id\":\"https:\\\/\\\/www.reseau-entreprendre.org\\\/lorraine\\\/#website\",\"url\":\"https:\\\/\\\/www.reseau-entreprendre.org\\\/lorraine\\\/\",\"name\":\"R\u00e9seau Entreprendre Lorraine\",\"description\":\"Un site utilisant Les sites de R\u00e9seau Entreprendre\",\"potentialAction\":[{\"@type\":\"SearchAction\",\"target\":{\"@type\":\"EntryPoint\",\"urlTemplate\":\"https:\\\/\\\/www.reseau-entreprendre.org\\\/lorraine\\\/?s={search_term_string}\"},\"query-input\":{\"@type\":\"PropertyValueSpecification\",\"valueRequired\":true,\"valueName\":\"search_term_string\"}}],\"inLanguage\":\"fr-FR\"}]}<\/script>\n<!-- \/ Yoast SEO plugin. -->","yoast_head_json":{"title":"Je m'engage - R\u00e9seau Entreprendre Lorraine","robots":{"index":"index","follow":"follow","max-snippet":"max-snippet:-1","max-image-preview":"max-image-preview:large","max-video-preview":"max-video-preview:-1"},"canonical":"https:\/\/www.reseau-entreprendre.org\/lorraine\/sengager\/","og_locale":"fr_FR","og_type":"article","og_title":"Je m'engage - R\u00e9seau Entreprendre Lorraine","og_description":"Chefs d&#8217;entreprise, pourquoi nous rejoindre ? Vous souhaitez rejoindre un","og_url":"https:\/\/www.reseau-entreprendre.org\/lorraine\/sengager\/","og_site_name":"R\u00e9seau Entreprendre Lorraine","article_modified_time":"2022-07-27T07:07:02+00:00","og_image":[{"url":"https:\/\/www.reseau-entreprendre.org\/lorraine\/wp-content\/uploads\/sites\/52\/2022\/05\/picto__ensemble-33.png","type":"","width":"","height":""}],"twitter_card":"summary_large_image","twitter_misc":{"Dur\u00e9e de lecture estim\u00e9e":"3 minutes"},"schema":{"@context":"https:\/\/schema.org","@graph":[{"@type":"WebPage","@id":"https:\/\/www.reseau-entreprendre.org\/lorraine\/sengager\/","url":"https:\/\/www.reseau-entreprendre.org\/lorraine\/sengager\/","name":"Je m'engage - R\u00e9seau Entreprendre Lorraine","isPartOf":{"@id":"https:\/\/www.reseau-entreprendre.org\/lorraine\/#website"},"primaryImageOfPage":{"@id":"https:\/\/www.reseau-entreprendre.org\/lorraine\/sengager\/#primaryimage"},"image":{"@id":"https:\/\/www.reseau-entreprendre.org\/lorraine\/sengager\/#primaryimage"},"thumbnailUrl":"https:\/\/www.reseau-entreprendre.org\/lorraine\/wp-content\/uploads\/sites\/52\/2022\/05\/picto__ensemble-33.png","datePublished":"2019-03-29T12:19:17+00:00","dateModified":"2022-07-27T07:07:02+00:00","breadcrumb":{"@id":"https:\/\/www.reseau-entreprendre.org\/lorraine\/sengager\/#breadcrumb"},"inLanguage":"fr-FR","potentialAction":[{"@type":"ReadAction","target":["https:\/\/www.reseau-entreprendre.org\/lorraine\/sengager\/"]}]},{"@type":"ImageObject","inLanguage":"fr-FR","@id":"https:\/\/www.reseau-entreprendre.org\/lorraine\/sengager\/#primaryimage","url":"https:\/\/www.reseau-entreprendre.org\/lorraine\/wp-content\/uploads\/sites\/52\/2022\/05\/picto__ensemble-33.png","contentUrl":"https:\/\/www.reseau-entreprendre.org\/lorraine\/wp-content\/uploads\/sites\/52\/2022\/05\/picto__ensemble-33.png","width":136,"height":136},{"@type":"BreadcrumbList","@id":"https:\/\/www.reseau-entreprendre.org\/lorraine\/sengager\/#breadcrumb","itemListElement":[{"@type":"ListItem","position":1,"name":"Accueil","item":"https:\/\/www.reseau-entreprendre.org\/lorraine\/"},{"@type":"ListItem","position":2,"name":"Je m&rsquo;engage"}]},{"@type":"WebSite","@id":"https:\/\/www.reseau-entreprendre.org\/lorraine\/#website","url":"https:\/\/www.reseau-entreprendre.org\/lorraine\/","name":"R\u00e9seau Entreprendre Lorraine","description":"Un site utilisant Les sites de R\u00e9seau Entreprendre","potentialAction":[{"@type":"SearchAction","target":{"@type":"EntryPoint","urlTemplate":"https:\/\/www.reseau-entreprendre.org\/lorraine\/?s={search_term_string}"},"query-input":{"@type":"PropertyValueSpecification","valueRequired":true,"valueName":"search_term_string"}}],"inLanguage":"fr-FR"}]}},"_links":{"self":[{"href":"https:\/\/www.reseau-entreprendre.org\/lorraine\/wp-json\/wp\/v2\/pages\/1952","targetHints":{"allow":["GET"]}}],"collection":[{"href":"https:\/\/www.reseau-entreprendre.org\/lorraine\/wp-json\/wp\/v2\/pages"}],"about":[{"href":"https:\/\/www.reseau-entreprendre.org\/lorraine\/wp-json\/wp\/v2\/types\/page"}],"author":[{"embeddable":true,"href":"https:\/\/www.reseau-entreprendre.org\/lorraine\/wp-json\/wp\/v2\/users\/53"}],"replies":[{"embeddable":true,"href":"https:\/\/www.reseau-entreprendre.org\/lorraine\/wp-json\/wp\/v2\/comments?post=1952"}],"version-history":[{"count":0,"href":"https:\/\/www.reseau-entreprendre.org\/lorraine\/wp-json\/wp\/v2\/pages\/1952\/revisions"}],"wp:attachment":[{"href":"https:\/\/www.reseau-entreprendre.org\/lorraine\/wp-json\/wp\/v2\/media?parent=1952"}],"curies":[{"name":"wp","href":"https:\/\/api.w.org\/{rel}","templated":true}]}}