{"id":1956,"date":"2019-03-29T13:32:16","date_gmt":"2019-03-29T12:32:16","guid":{"rendered":"https:\/\/re-preprod-entreprendre.fr\/lorraine\/?page_id=1956"},"modified":"2021-10-08T10:57:40","modified_gmt":"2021-10-08T08:57:40","slug":"reussir-sa-creation","status":"publish","type":"page","link":"https:\/\/www.reseau-entreprendre.org\/lorraine\/reussir-sa-creation\/","title":{"rendered":"R\u00c9USSIR SA CR\u00c9ATION"},"content":{"rendered":"\n<h2 class=\"has-re-blue-color has-text-color wp-block-heading\">R\u00e9seau Entreprendre Lorraine, plus de 19 ans d\u2019accompagnement entrepreneurial<\/h2>\n\n\n\n<div style=\"height:25px\" aria-hidden=\"true\" class=\"wp-block-spacer\"><\/div>\n\n\n\n<p>Les entrepreneurs le disent et l\u2019affirment : il faut se faire aider \u00e0 la cr\u00e9ation, \u00e0 la reprise et au d\u00e9veloppement d\u2019une entreprise. L\u2019accompagnement permet de rompre l\u2019isolement, d\u2019\u00e9changer sur son projet, d\u2019identifier des opportunit\u00e9s business, de s\u2019entourer et de faire financer son projet.<\/p>\n\n\n\n<p>R\u00e9seau Entreprendre Lorraine a inscrit dans son ADN l\u2019accompagnement des chefs d\u2019entreprise par des chefs d\u2019entreprise. Ce sont 137 entrepreneurs, membre du r\u00e9seau, qui offrent un accompagnement personnalis\u00e9 et dans la dur\u00e9e aux cr\u00e9ateurs et repreneurs.<\/p>\n\n\n\n<p>L\u2019accompagnement entrepreneurial est vecteur de r\u00e9ussite : pour preuve, des entreprises p\u00e9rennes telles que O2, Michel &amp; Augustin, My Little Paris, Sushi Daily font parties des 12 000 laur\u00e9ats qui ont b\u00e9n\u00e9fici\u00e9 d\u2019un accompagnement R\u00e9seau Entreprendre depuis sa cr\u00e9ation.<\/p>\n\n\n\n<div style=\"height:40px\" aria-hidden=\"true\" class=\"wp-block-spacer\"><\/div>\n\n\n\n<h2 class=\"has-re-blue-color has-text-color wp-block-heading\">L\u2019accompagnement R\u00e9seau Entreprendre Lorraine 100% chefs d\u2019entreprise<\/h2>\n\n\n\n<div style=\"height:25px\" aria-hidden=\"true\" class=\"wp-block-spacer\"><\/div>\n\n\n\n<div class=\"wp-block-columns is-layout-flex wp-container-core-columns-is-layout-9d6595d7 wp-block-columns-is-layout-flex\">\n<div class=\"wp-block-column is-layout-flow wp-block-column-is-layout-flow\">\n<div class=\"wp-block-image\"><figure class=\"aligncenter\"><img decoding=\"async\" src=\"https:\/\/www.reseau-entreprendre.org\/wp-content\/uploads\/2017\/04\/accompagner-2.png\" alt=\"accompagner\"\/><\/figure><\/div>\n\n\n\n<p class=\"has-text-align-center\"><strong>Accompagner<\/strong><br>par des chefs d\u2019entreprise<\/p>\n<\/div>\n\n\n\n<div class=\"wp-block-column is-layout-flow wp-block-column-is-layout-flow\">\n<div class=\"wp-block-image\"><figure class=\"aligncenter\"><img decoding=\"async\" src=\"https:\/\/www.reseau-entreprendre.org\/wp-content\/uploads\/2017\/04\/financer-1.png\" alt=\"financer\"\/><\/figure><\/div>\n\n\n\n<p class=\"has-text-align-center\"><strong><strong>Financer<\/strong><\/strong><br>par un pr\u00eat d\u2019honneur<\/p>\n<\/div>\n\n\n\n<div class=\"wp-block-column is-layout-flow wp-block-column-is-layout-flow\">\n<div class=\"wp-block-image\"><figure class=\"aligncenter\"><img decoding=\"async\" src=\"https:\/\/www.reseau-entreprendre.org\/wp-content\/uploads\/2017\/04\/connecter-1.png\" alt=\"connecter\"\/><\/figure><\/div>\n\n\n\n<p class=\"has-text-align-center\"><strong><strong>Connecter<\/strong><\/strong><br>avec une communaut\u00e9 de 14 000 chefs d\u2019entreprise<\/p>\n<\/div>\n<\/div>\n\n\n\n<div style=\"height:40px\" aria-hidden=\"true\" class=\"wp-block-spacer\"><\/div>\n\n\n\n<h2 class=\"has-re-blue-color has-text-color wp-block-heading\">Porteur de projet : les \u00e9tapes pour \u00eatre accompagn\u00e9 par R\u00e9seau Entreprendre<\/h2>\n\n\n\n<div style=\"height:25px\" aria-hidden=\"true\" class=\"wp-block-spacer\"><\/div>\n\n\n\n<p>Plusieurs phases de s\u00e9lection sont n\u00e9cessaires avant de devenir \u201cLaur\u00e9at R\u00e9seau Entreprendre Lorraine\u201d et \u00eatre accompagn\u00e9 par le r\u00e9seau :<\/p>\n\n\n\n<h5 class=\"has-re-red-color has-text-color wp-block-heading\">1\u00e8re \u00e9tape : pr\u00e9-s\u00e9lection de votre projet et premiers \u00e9changes<\/h5>\n\n\n\n<p>En toute confidentialit\u00e9, l\u2019association R\u00e9seau Entreprendre Lorraine, \u00e9tudie la pertinence de votre projet.<\/p>\n\n\n\n<h5 class=\"has-re-red-color has-text-color wp-block-heading\">2\u00e8me \u00e9tape : Rencontre avec votre association et conseils personnalis\u00e9s pour s\u00e9curiser votre projet<\/h5>\n\n\n\n<p>Un charg\u00e9 d\u2019\u00e9tude ou le directeur de l\u2019association R\u00e9seau Entreprendre Lorraine vous accueille et vous pr\u00e9sente les valeurs, l\u2019accompagnement humain et financier de l\u2019association. Avant le passage en comit\u00e9 d\u2019engagement, des chefs d\u2019entreprise, membres de R\u00e9seau Entreprendre Lorraine, vous conseillent afin de consolider votre projet. 2 \u00e0 6 mois sont n\u00e9cessaires, selon la maturit\u00e9 de votre projet, avant de pouvoir le pr\u00e9senter en Comit\u00e9 d\u2019engagement.<\/p>\n\n\n\n<h5 class=\"has-re-red-color has-text-color wp-block-heading\">3\u00e8me \u00e9tape : Comit\u00e9 d\u2019Engagement<\/h5>\n\n\n\n<p>Le comit\u00e9 d\u2019engagement est compos\u00e9 d\u2019une dizaine de chefs d\u2019entreprises qui vont \u00e9tudier l\u2019ad\u00e9quation homme\/projet, le r\u00e9alisme, l\u2019ambition du projet et la volont\u00e9 \u00e0 int\u00e9grer R\u00e9seau Entreprendre Lorraine.<\/p>\n\n\n\n<p>Le porteur de projet pitche devant le comit\u00e9 d\u2019engagement. C\u2019est ce comit\u00e9 qui prendra, \u00e0 l\u2019unanimit\u00e9, la d\u00e9cision de l\u2019accompagner. Il devient d\u00e8s lors \u201cLaur\u00e9at R\u00e9seau Entreprendre Lorraine\u201d (d\u00e9signation de son accompagnateur et recherche des solutions adapt\u00e9es, octroi du pr\u00eat d\u2019honneur, signature de la convention).<\/p>\n\n\n\n<div style=\"height:40px\" aria-hidden=\"true\" class=\"wp-block-spacer\"><\/div>\n\n\n\n<h2 class=\"has-re-blue-color has-text-color wp-block-heading\">Le pr\u00eat d\u2019honneur de R\u00e9seau Entreprendre Lorraine pour vous accompagner financi\u00e8rement<\/h2>\n\n\n\n<div style=\"height:25px\" aria-hidden=\"true\" class=\"wp-block-spacer\"><\/div>\n\n\n\n<p>Pour financer votre projet, R\u00e9seau Entreprendre Lorraine octroie des pr\u00eats d\u2019honneur aux entrepreneurs accompagn\u00e9s et poss\u00e8de un important r\u00e9seau de partenaires (banques et plateformes de crowdfunding, etc.)<\/p>\n\n\n\n<h5 class=\"has-re-red-color has-text-color wp-block-heading\">Le pr\u00eat d\u2019honneur R\u00e9seau Entreprendre Lorraine<\/h5>\n\n\n\n<div class=\"wp-block-columns is-layout-flex wp-container-core-columns-is-layout-9d6595d7 wp-block-columns-is-layout-flex\">\n<div class=\"wp-block-column is-layout-flow wp-block-column-is-layout-flow\">\n<div class=\"wp-block-image\"><figure class=\"aligncenter\"><img decoding=\"async\" src=\"https:\/\/www.reseau-entreprendre.org\/wp-content\/uploads\/2017\/04\/personne-1.png\" alt=\"personne\"\/><\/figure><\/div>\n\n\n\n<p class=\"has-text-align-center\"><strong><strong>A la personne<\/strong><\/strong><\/p>\n<\/div>\n\n\n\n<div class=\"wp-block-column is-layout-flow wp-block-column-is-layout-flow\">\n<div class=\"wp-block-image\"><figure class=\"aligncenter\"><img decoding=\"async\" src=\"https:\/\/www.reseau-entreprendre.org\/wp-content\/uploads\/2017\/04\/garantie-1.png\" alt=\"garantie\"\/><\/figure><\/div>\n\n\n\n<p class=\"has-text-align-center\"><strong><strong><strong>Sans int\u00e9r\u00eats ni garantie<\/strong><\/strong><\/strong><\/p>\n<\/div>\n\n\n\n<div class=\"wp-block-column is-layout-flow wp-block-column-is-layout-flow\">\n<div class=\"wp-block-image\"><figure class=\"aligncenter\"><img decoding=\"async\" src=\"https:\/\/www.reseau-entreprendre.org\/wp-content\/uploads\/2017\/04\/remboursement-1.png\" alt=\"remboursement\"\/><\/figure><\/div>\n\n\n\n<p class=\"has-text-align-center\"><strong><strong><strong>Remboursable sur 5 ans<\/strong><\/strong><\/strong><\/p>\n<\/div>\n<\/div>\n\n\n\n<div style=\"height:25px\" aria-hidden=\"true\" class=\"wp-block-spacer\"><\/div>\n\n\n\n<p>Le pr\u00eat d\u2019honneur R\u00e9seau Entreprendre Lorraine intervient en compl\u00e9ment des d\u00e9marches aupr\u00e8s des banques et des autres acteurs du financement de l\u2019entreprise. Il a un effet levier important et repr\u00e9sente un v\u00e9ritable label de confiance aux yeux des autres financeurs.<\/p>\n\n\n\n<div style=\"height:25px\" aria-hidden=\"true\" class=\"wp-block-spacer\"><\/div>\n\n\n\n<h5 class=\"has-re-red-color has-text-color wp-block-heading\">L&#8217;effet de levier du pr\u00eat d\u2019honneur R\u00e9seau Entreprendre Lorraine<\/h5>\n\n\n\n<p>Pour un pr\u00eat d\u2019honneur de 10 000\u20ac accord\u00e9 par R\u00e9seau Entreprendre Lorraine, vous d\u00e9crochez 130 000\u20ac de financement aupr\u00e8s des autres acteurs.Le financement octroy\u00e9 par R\u00e9seau Entreprendre Lorraine varie de 10 000 \u00e0 50 000\u20ac, sans int\u00e9r\u00eats ni garantie et permet d\u2019abonder vos fonds propres. Le montant moyen des pr\u00eats d\u2019honneur accord\u00e9s en 2019 par R\u00e9seau Entreprendre Lorraine \u00e9tait de 30 000\u20ac.<\/p>\n\n\n\n<div class=\"wp-block-image\"><figure class=\"aligncenter\"><a href=\"https:\/\/www.reseau-entreprendre.org\/wp-content\/uploads\/2017\/04\/levier.jpg\"><img decoding=\"async\" src=\"https:\/\/www.reseau-entreprendre.org\/wp-content\/uploads\/2017\/04\/levier.jpg\" alt=\"\" class=\"wp-image-1471\"\/><\/a><\/figure><\/div>\n\n\n\n<div style=\"height:40px\" aria-hidden=\"true\" class=\"wp-block-spacer\"><\/div>\n\n\n\n<h2 class=\"has-re-blue-color has-text-color wp-block-heading\">R\u00e9seau d\u2019entraide au service de la r\u00e9ussite des entrepreneurs<\/h2>\n\n\n\n<div style=\"height:25px\" aria-hidden=\"true\" class=\"wp-block-spacer\"><\/div>\n\n\n\n<div class=\"wp-block-columns is-layout-flex wp-container-core-columns-is-layout-9d6595d7 wp-block-columns-is-layout-flex\">\n<div class=\"wp-block-column is-layout-flow wp-block-column-is-layout-flow\">\n<div class=\"wp-block-image\"><figure class=\"aligncenter\"><img decoding=\"async\" src=\"https:\/\/www.reseau-entreprendre.org\/wp-content\/uploads\/2017\/04\/bienveillance.png\" alt=\"bienveillance\"\/><\/figure><\/div>\n\n\n\n<p class=\"has-text-align-center\"><strong><strong><strong>Bienveillance<\/strong><\/strong><\/strong><\/p>\n<\/div>\n\n\n\n<div class=\"wp-block-column is-layout-flow wp-block-column-is-layout-flow\">\n<div class=\"wp-block-image\"><figure class=\"aligncenter\"><img decoding=\"async\" src=\"https:\/\/www.reseau-entreprendre.org\/wp-content\/uploads\/2017\/04\/optimisme.png\" alt=\"optimisme\"\/><\/figure><\/div>\n\n\n\n<p class=\"has-text-align-center\"><strong><strong><strong><strong>Optimisme<\/strong><\/strong><\/strong><\/strong><\/p>\n<\/div>\n\n\n\n<div class=\"wp-block-column is-layout-flow wp-block-column-is-layout-flow\">\n<div class=\"wp-block-image\"><figure class=\"aligncenter\"><img decoding=\"async\" src=\"https:\/\/www.reseau-entreprendre.org\/wp-content\/uploads\/2017\/04\/convivialite.png\" alt=\"convivialite\"\/><\/figure><\/div>\n\n\n\n<p class=\"has-text-align-center\"><strong><strong><strong><strong>Convivialit\u00e9<\/strong><\/strong><\/strong><\/strong><\/p>\n<\/div>\n\n\n\n<div class=\"wp-block-column is-layout-flow wp-block-column-is-layout-flow\">\n<div class=\"wp-block-image\"><figure class=\"aligncenter\"><img decoding=\"async\" src=\"https:\/\/www.reseau-entreprendre.org\/wp-content\/uploads\/2017\/04\/people.png\" alt=\"solidarite\"\/><\/figure><\/div>\n\n\n\n<p class=\"has-text-align-center\"><strong><strong><strong><strong><strong>Solidarit\u00e9<\/strong><\/strong><\/strong><\/strong><\/strong><\/p>\n<\/div>\n<\/div>\n\n\n\n<div style=\"height:25px\" aria-hidden=\"true\" class=\"wp-block-spacer\"><\/div>\n\n\n\n<p>Bienveillance, optimisme, convivialit\u00e9 et solidarit\u00e9 sont les mots utilis\u00e9s par les membres de R\u00e9seau Entreprendre Lorraine pour d\u00e9crire notre r\u00e9seau d\u2019entrepreneurs. Au c\u0153ur de notre mouvement : l\u2019entraide. Par les rencontres d\u2019entrepreneurs, les \u00e9changes avec des chefs d\u2019entreprise aguerris et notre r\u00e9seau social interne, les 137 membres de la communaut\u00e9 R\u00e9seau Entreprendre Lorraine peuvent solliciter l\u2019aide de leurs pairs.<\/p>\n\n\n\n<h5 class=\"has-re-red-color has-text-color wp-block-heading\">L\u2019acc\u00e8s au r\u00e9seau social interne Workplace by Facebook<\/h5>\n\n\n\n<p>Un entrepreneur, membre de l\u2019association, se voit automatiquement octroyer l\u2019acc\u00e8s au r\u00e9seau social d\u00e9di\u00e9 \u00e0 la communaut\u00e9 R\u00e9seau Entreprendre, qui compte 6000 chefs d\u2019entreprise actifs. Lanc\u00e9e en 2016, en collaboration avec Facebook, cette plateforme permet aux entrepreneurs de partager leurs expertises et probl\u00e9matiques, d\u00e9cloisonne les r\u00e9gions et les pays et offre des opportunit\u00e9s de mise en relation \u00e0 l\u2019\u00e9chelle nationale et internationale.<\/p>\n\n\n\n<h5 class=\"has-re-red-color has-text-color wp-block-heading\">Une mise en r\u00e9seau pour gagner du temps au d\u00e9marrage de l\u2019entreprise<\/h5>\n\n\n\n<p>Avec cette mise en r\u00e9seau unique, le jeune entrepreneur s\u2019int\u00e8gre et se d\u00e9veloppe plus rapidement dans le tissu \u00e9conomique local, national et international via les chefs d\u2019entreprise adh\u00e9rents de R\u00e9seau Entreprendre.<\/p>\n\n\n\n<h5 class=\"has-re-red-color has-text-color wp-block-heading\">Les clubs de laur\u00e9ats : un lieu d\u2019entraide, de convivialit\u00e9 et de bienveillance entre entrepreneurs<\/h5>\n\n\n\n<p>Rendez-vous mensuel, le club de laur\u00e9at permet aux entrepreneurs laur\u00e9ats d\u2019\u00e9changer r\u00e9guli\u00e8rement et en toute convivialit\u00e9 avec d\u2019autres entrepreneurs dans la m\u00eame situation. C\u2019est un lieu de contacts et d\u2019\u00e9coute, un moyen de trouver des conseils et d\u2019\u00e9viter l\u2019isolement du jeune chef d\u2019entreprise.<\/p>\n\n\n\n<div style=\"height:40px\" aria-hidden=\"true\" class=\"wp-block-spacer\"><\/div>\n\n\n\n<h4 class=\"has-text-align-center wp-block-heading\">Vous souhaitez rejoindre la communaut\u00e9<br>R\u00e9seau Entreprendre Lorraine ?<\/h4>\n\n\n\n<div style=\"height:25px\" aria-hidden=\"true\" class=\"wp-block-spacer\"><\/div>\n\n\n\n<div class=\"wp-block-buttons is-content-justification-center is-layout-flex wp-block-buttons-is-layout-flex\">\n<div class=\"wp-block-button is-style-outline is-style-outline--1\"><a class=\"wp-block-button__link has-re-red-color has-text-color\" href=\"https:\/\/www.reseau-entreprendre.org\/lorraine\/contact\/\">CONTACTEZ-NOUS<\/a><\/div>\n<\/div>\n","protected":false},"excerpt":{"rendered":"<p>R\u00e9seau Entreprendre Lorraine, plus de 19 ans d\u2019accompagnement entrepreneurial Les<\/p>\n","protected":false},"author":53,"featured_media":0,"parent":0,"menu_order":0,"comment_status":"closed","ping_status":"closed","template":"","meta":{"_acf_changed":false,"_monsterinsights_skip_tracking":false,"_monsterinsights_sitenote_active":false,"_monsterinsights_sitenote_note":"","_monsterinsights_sitenote_category":0,"footnotes":""},"class_list":["post-1956","page","type-page","status-publish","hentry"],"acf":[],"yoast_head":"<!-- This site is optimized with the Yoast SEO plugin v27.3 - https:\/\/yoast.com\/product\/yoast-seo-wordpress\/ -->\n<title>R\u00c9USSIR SA CR\u00c9ATION - R\u00e9seau Entreprendre Lorraine<\/title>\n<meta name=\"robots\" content=\"index, follow, max-snippet:-1, max-image-preview:large, max-video-preview:-1\" \/>\n<link rel=\"canonical\" href=\"https:\/\/www.reseau-entreprendre.org\/lorraine\/reussir-sa-creation\/\" \/>\n<meta property=\"og:locale\" content=\"fr_FR\" \/>\n<meta property=\"og:type\" content=\"article\" \/>\n<meta property=\"og:title\" content=\"R\u00c9USSIR SA CR\u00c9ATION - R\u00e9seau Entreprendre Lorraine\" \/>\n<meta property=\"og:description\" content=\"R\u00e9seau Entreprendre Lorraine, plus de 19 ans d\u2019accompagnement entrepreneurial Les\" \/>\n<meta property=\"og:url\" content=\"https:\/\/www.reseau-entreprendre.org\/lorraine\/reussir-sa-creation\/\" \/>\n<meta property=\"og:site_name\" content=\"R\u00e9seau Entreprendre Lorraine\" \/>\n<meta property=\"article:modified_time\" content=\"2021-10-08T08:57:40+00:00\" \/>\n<meta property=\"og:image\" content=\"https:\/\/www.reseau-entreprendre.org\/wp-content\/uploads\/2017\/04\/accompagner-2.png\" \/>\n<meta name=\"twitter:card\" content=\"summary_large_image\" \/>\n<meta name=\"twitter:label1\" content=\"Dur\u00e9e de lecture estim\u00e9e\" \/>\n\t<meta name=\"twitter:data1\" content=\"6 minutes\" \/>\n<script type=\"application\/ld+json\" class=\"yoast-schema-graph\">{\"@context\":\"https:\\\/\\\/schema.org\",\"@graph\":[{\"@type\":\"WebPage\",\"@id\":\"https:\\\/\\\/www.reseau-entreprendre.org\\\/lorraine\\\/reussir-sa-creation\\\/\",\"url\":\"https:\\\/\\\/www.reseau-entreprendre.org\\\/lorraine\\\/reussir-sa-creation\\\/\",\"name\":\"R\u00c9USSIR SA CR\u00c9ATION - R\u00e9seau Entreprendre Lorraine\",\"isPartOf\":{\"@id\":\"https:\\\/\\\/www.reseau-entreprendre.org\\\/lorraine\\\/#website\"},\"primaryImageOfPage\":{\"@id\":\"https:\\\/\\\/www.reseau-entreprendre.org\\\/lorraine\\\/reussir-sa-creation\\\/#primaryimage\"},\"image\":{\"@id\":\"https:\\\/\\\/www.reseau-entreprendre.org\\\/lorraine\\\/reussir-sa-creation\\\/#primaryimage\"},\"thumbnailUrl\":\"https:\\\/\\\/www.reseau-entreprendre.org\\\/wp-content\\\/uploads\\\/2017\\\/04\\\/accompagner-2.png\",\"datePublished\":\"2019-03-29T12:32:16+00:00\",\"dateModified\":\"2021-10-08T08:57:40+00:00\",\"breadcrumb\":{\"@id\":\"https:\\\/\\\/www.reseau-entreprendre.org\\\/lorraine\\\/reussir-sa-creation\\\/#breadcrumb\"},\"inLanguage\":\"fr-FR\",\"potentialAction\":[{\"@type\":\"ReadAction\",\"target\":[\"https:\\\/\\\/www.reseau-entreprendre.org\\\/lorraine\\\/reussir-sa-creation\\\/\"]}]},{\"@type\":\"ImageObject\",\"inLanguage\":\"fr-FR\",\"@id\":\"https:\\\/\\\/www.reseau-entreprendre.org\\\/lorraine\\\/reussir-sa-creation\\\/#primaryimage\",\"url\":\"https:\\\/\\\/www.reseau-entreprendre.org\\\/wp-content\\\/uploads\\\/2017\\\/04\\\/accompagner-2.png\",\"contentUrl\":\"https:\\\/\\\/www.reseau-entreprendre.org\\\/wp-content\\\/uploads\\\/2017\\\/04\\\/accompagner-2.png\"},{\"@type\":\"BreadcrumbList\",\"@id\":\"https:\\\/\\\/www.reseau-entreprendre.org\\\/lorraine\\\/reussir-sa-creation\\\/#breadcrumb\",\"itemListElement\":[{\"@type\":\"ListItem\",\"position\":1,\"name\":\"Accueil\",\"item\":\"https:\\\/\\\/www.reseau-entreprendre.org\\\/lorraine\\\/\"},{\"@type\":\"ListItem\",\"position\":2,\"name\":\"R\u00c9USSIR SA CR\u00c9ATION\"}]},{\"@type\":\"WebSite\",\"@id\":\"https:\\\/\\\/www.reseau-entreprendre.org\\\/lorraine\\\/#website\",\"url\":\"https:\\\/\\\/www.reseau-entreprendre.org\\\/lorraine\\\/\",\"name\":\"R\u00e9seau Entreprendre Lorraine\",\"description\":\"Un site utilisant Les sites de R\u00e9seau Entreprendre\",\"potentialAction\":[{\"@type\":\"SearchAction\",\"target\":{\"@type\":\"EntryPoint\",\"urlTemplate\":\"https:\\\/\\\/www.reseau-entreprendre.org\\\/lorraine\\\/?s={search_term_string}\"},\"query-input\":{\"@type\":\"PropertyValueSpecification\",\"valueRequired\":true,\"valueName\":\"search_term_string\"}}],\"inLanguage\":\"fr-FR\"}]}<\/script>\n<!-- \/ Yoast SEO plugin. -->","yoast_head_json":{"title":"R\u00c9USSIR SA CR\u00c9ATION - R\u00e9seau Entreprendre Lorraine","robots":{"index":"index","follow":"follow","max-snippet":"max-snippet:-1","max-image-preview":"max-image-preview:large","max-video-preview":"max-video-preview:-1"},"canonical":"https:\/\/www.reseau-entreprendre.org\/lorraine\/reussir-sa-creation\/","og_locale":"fr_FR","og_type":"article","og_title":"R\u00c9USSIR SA CR\u00c9ATION - R\u00e9seau Entreprendre Lorraine","og_description":"R\u00e9seau Entreprendre Lorraine, plus de 19 ans d\u2019accompagnement entrepreneurial Les","og_url":"https:\/\/www.reseau-entreprendre.org\/lorraine\/reussir-sa-creation\/","og_site_name":"R\u00e9seau Entreprendre Lorraine","article_modified_time":"2021-10-08T08:57:40+00:00","og_image":[{"url":"https:\/\/www.reseau-entreprendre.org\/wp-content\/uploads\/2017\/04\/accompagner-2.png","type":"","width":"","height":""}],"twitter_card":"summary_large_image","twitter_misc":{"Dur\u00e9e de lecture estim\u00e9e":"6 minutes"},"schema":{"@context":"https:\/\/schema.org","@graph":[{"@type":"WebPage","@id":"https:\/\/www.reseau-entreprendre.org\/lorraine\/reussir-sa-creation\/","url":"https:\/\/www.reseau-entreprendre.org\/lorraine\/reussir-sa-creation\/","name":"R\u00c9USSIR SA CR\u00c9ATION - R\u00e9seau Entreprendre Lorraine","isPartOf":{"@id":"https:\/\/www.reseau-entreprendre.org\/lorraine\/#website"},"primaryImageOfPage":{"@id":"https:\/\/www.reseau-entreprendre.org\/lorraine\/reussir-sa-creation\/#primaryimage"},"image":{"@id":"https:\/\/www.reseau-entreprendre.org\/lorraine\/reussir-sa-creation\/#primaryimage"},"thumbnailUrl":"https:\/\/www.reseau-entreprendre.org\/wp-content\/uploads\/2017\/04\/accompagner-2.png","datePublished":"2019-03-29T12:32:16+00:00","dateModified":"2021-10-08T08:57:40+00:00","breadcrumb":{"@id":"https:\/\/www.reseau-entreprendre.org\/lorraine\/reussir-sa-creation\/#breadcrumb"},"inLanguage":"fr-FR","potentialAction":[{"@type":"ReadAction","target":["https:\/\/www.reseau-entreprendre.org\/lorraine\/reussir-sa-creation\/"]}]},{"@type":"ImageObject","inLanguage":"fr-FR","@id":"https:\/\/www.reseau-entreprendre.org\/lorraine\/reussir-sa-creation\/#primaryimage","url":"https:\/\/www.reseau-entreprendre.org\/wp-content\/uploads\/2017\/04\/accompagner-2.png","contentUrl":"https:\/\/www.reseau-entreprendre.org\/wp-content\/uploads\/2017\/04\/accompagner-2.png"},{"@type":"BreadcrumbList","@id":"https:\/\/www.reseau-entreprendre.org\/lorraine\/reussir-sa-creation\/#breadcrumb","itemListElement":[{"@type":"ListItem","position":1,"name":"Accueil","item":"https:\/\/www.reseau-entreprendre.org\/lorraine\/"},{"@type":"ListItem","position":2,"name":"R\u00c9USSIR SA CR\u00c9ATION"}]},{"@type":"WebSite","@id":"https:\/\/www.reseau-entreprendre.org\/lorraine\/#website","url":"https:\/\/www.reseau-entreprendre.org\/lorraine\/","name":"R\u00e9seau Entreprendre Lorraine","description":"Un site utilisant Les sites de R\u00e9seau Entreprendre","potentialAction":[{"@type":"SearchAction","target":{"@type":"EntryPoint","urlTemplate":"https:\/\/www.reseau-entreprendre.org\/lorraine\/?s={search_term_string}"},"query-input":{"@type":"PropertyValueSpecification","valueRequired":true,"valueName":"search_term_string"}}],"inLanguage":"fr-FR"}]}},"_links":{"self":[{"href":"https:\/\/www.reseau-entreprendre.org\/lorraine\/wp-json\/wp\/v2\/pages\/1956","targetHints":{"allow":["GET"]}}],"collection":[{"href":"https:\/\/www.reseau-entreprendre.org\/lorraine\/wp-json\/wp\/v2\/pages"}],"about":[{"href":"https:\/\/www.reseau-entreprendre.org\/lorraine\/wp-json\/wp\/v2\/types\/page"}],"author":[{"embeddable":true,"href":"https:\/\/www.reseau-entreprendre.org\/lorraine\/wp-json\/wp\/v2\/users\/53"}],"replies":[{"embeddable":true,"href":"https:\/\/www.reseau-entreprendre.org\/lorraine\/wp-json\/wp\/v2\/comments?post=1956"}],"version-history":[{"count":0,"href":"https:\/\/www.reseau-entreprendre.org\/lorraine\/wp-json\/wp\/v2\/pages\/1956\/revisions"}],"wp:attachment":[{"href":"https:\/\/www.reseau-entreprendre.org\/lorraine\/wp-json\/wp\/v2\/media?parent=1956"}],"curies":[{"name":"wp","href":"https:\/\/api.w.org\/{rel}","templated":true}]}}