{"id":1679,"date":"2023-01-03T10:09:01","date_gmt":"2023-01-03T09:09:01","guid":{"rendered":"https:\/\/www.reseau-entreprendre.org\/maine-et-loire\/?page_id=1679"},"modified":"2023-03-05T14:33:50","modified_gmt":"2023-03-05T13:33:50","slug":"accompagner","status":"publish","type":"page","link":"https:\/\/www.reseau-entreprendre.org\/maine-et-loire\/accompagner\/","title":{"rendered":"Accompagner"},"content":{"rendered":"\n<h3 class=\"has-text-align-center has-re-blue-color has-text-color wp-block-heading\" style=\"text-transform:uppercase\"><strong>R\u00e9seau Entreprendre Maine &amp; Loire c\u2019est d\u2019abord :<\/strong><\/h3>\n\n\n\n<p>Des chefs d\u2019entreprises b\u00e9n\u00e9voles qui partagent des valeurs communes destin\u00e9es \u00e0 favoriser l\u2019\u00e9mergence de futures PME porteuses de richesses et d\u2019emplois et \u00e0 dynamiser le tissu \u00e9conomique du Maine et Loire.<\/p>\n\n\n\n<div style=\"height:30px\" aria-hidden=\"true\" class=\"wp-block-spacer\"><\/div>\n\n\n\n<figure class=\"wp-block-pullquote has-border-color has-re-blue-border-color has-re-blue-color has-text-color has-medium-font-size\" style=\"border-style:solid;border-width:3px;border-radius:20px;text-transform:uppercase\"><blockquote><p>\u00ab POUR CR\u00c9ER DES EMPLOIS <strong>DURABLES<\/strong>, CR\u00c9ONS DES EMPLOYEURS <strong>RESPONSABLES <\/strong>\u00bb<\/p><\/blockquote><\/figure>\n\n\n\n<div style=\"height:30px\" aria-hidden=\"true\" class=\"wp-block-spacer\"><\/div>\n\n\n\n<div class=\"wp-block-group\"><div class=\"wp-block-group__inner-container is-layout-flow wp-block-group-is-layout-flow\">\n<div style=\"height:30px\" aria-hidden=\"true\" class=\"wp-block-spacer\"><\/div>\n\n\n\n<h2 class=\"has-text-align-center wp-block-heading\"><strong>UNE IMPLICATION \u00c0 LA CARTE<\/strong><\/h2>\n\n\n\n<div style=\"height:30px\" aria-hidden=\"true\" class=\"wp-block-spacer\"><\/div>\n\n\n\n<p>L\u2019implication au R\u00e9seau Entreprendre<sup>\u00ae<\/sup>&nbsp;Maine et Loire est en fonction de chacun et peut se faire de diff\u00e9rentes mani\u00e8res : participer \u00e0 la s\u00e9lection des projets, accompagner des entrepreneurs, booster des projets et participer \u00e0 la vie active de l\u2019association &#8230;<\/p>\n\n\n\n<div style=\"height:30px\" aria-hidden=\"true\" class=\"wp-block-spacer\"><\/div>\n\n\n\n<div class=\"wp-block-columns is-layout-flex wp-container-core-columns-is-layout-9d6595d7 wp-block-columns-is-layout-flex\">\n<div class=\"wp-block-column has-background is-layout-flow wp-block-column-is-layout-flow\" style=\"background-color:#f8f8f8\">\n<div style=\"height:30px\" aria-hidden=\"true\" class=\"wp-block-spacer\"><\/div>\n\n\n\n<h4 class=\"has-text-align-center has-re-blue-color has-text-color wp-block-heading\"><strong>Rejoignez un r\u00e9seau actif de dirigeants<\/strong><\/h4>\n\n\n\n<div style=\"height:60px\" aria-hidden=\"true\" class=\"wp-block-spacer\"><\/div>\n\n\n\n<p class=\"has-text-align-center\">300 chefs d\u2019entreprise, partenaires, consultants, conseillers, b\u00e9n\u00e9voles<\/p>\n\n\n\n<div style=\"height:30px\" aria-hidden=\"true\" class=\"wp-block-spacer\"><\/div>\n<\/div>\n\n\n\n<div class=\"wp-block-column has-background is-layout-flow wp-block-column-is-layout-flow\" style=\"background-color:#f8f8f8\">\n<div style=\"height:30px\" aria-hidden=\"true\" class=\"wp-block-spacer\"><\/div>\n\n\n\n<h4 class=\"has-text-align-center has-re-blue-color has-text-color wp-block-heading\"><strong>Impliquez-vous dans l\u2019\u00e9cosyst\u00e8me entrepreneurial<\/strong><\/h4>\n\n\n\n<div style=\"height:30px\" aria-hidden=\"true\" class=\"wp-block-spacer\"><\/div>\n\n\n\n<p class=\"has-text-align-center\">Gr\u00e2ce aux rencontres et \u00e9v\u00e9nements de R\u00e9seau Entreprendre\u00ae Maine et Loire<\/p>\n\n\n\n<div style=\"height:30px\" aria-hidden=\"true\" class=\"wp-block-spacer\"><\/div>\n<\/div>\n\n\n\n<div class=\"wp-block-column has-background is-layout-flow wp-block-column-is-layout-flow\" style=\"background-color:#f8f8f8\">\n<div style=\"height:30px\" aria-hidden=\"true\" class=\"wp-block-spacer\"><\/div>\n\n\n\n<h4 class=\"has-text-align-center has-re-blue-color has-text-color wp-block-heading\"><strong>Apprenez au contact de nouveaux entrepreneurs<\/strong><\/h4>\n\n\n\n<div style=\"height:60px\" aria-hidden=\"true\" class=\"wp-block-spacer\"><\/div>\n\n\n\n<p class=\"has-text-align-center\">Entretenez une veille sur les innovations et les jeunes entreprises prometteuses tout en transmettant votre exp\u00e9rience<\/p>\n\n\n\n<div style=\"height:30px\" aria-hidden=\"true\" class=\"wp-block-spacer\"><\/div>\n<\/div>\n<\/div>\n<\/div><\/div>\n\n\n\n<div style=\"height:20px\" aria-hidden=\"true\" class=\"wp-block-spacer\"><\/div>\n\n\n\n<div class=\"wp-block-buttons is-content-justification-center is-layout-flex wp-container-core-buttons-is-layout-16018d1d wp-block-buttons-is-layout-flex\">\n<div class=\"wp-block-button is-style-fill\"><a class=\"wp-block-button__link has-re-blue-background-color has-background wp-element-button\" href=\"https:\/\/www.reseau-entreprendre.org\/fr\/sengager\/formulaire-benevole\/\" target=\"_blank\" rel=\"noreferrer noopener\">DEVENIR MEMBRE<\/a><\/div>\n<\/div>\n\n\n\n<div style=\"height:80px\" aria-hidden=\"true\" class=\"wp-block-spacer\"><\/div>\n\n\n\n<h2 class=\"has-text-align-center wp-block-heading\"><strong>LE R\u00c9SEAU ENTREPRENDRE EN TANT QUE MEMBRE<\/strong><\/h2>\n\n\n\n<div style=\"height:30px\" aria-hidden=\"true\" class=\"wp-block-spacer\"><\/div>\n\n\n\n<pre class=\"wp-block-preformatted\"><div class=\"su-youtube su-u-responsive-media-yes\"><iframe loading=\"lazy\" width=\"560\" height=\"320\" src=\"https:\/\/www.youtube.com\/embed\/NUJCI0vCPuU?autohide=2&amp;autoplay=0&amp;mute=0&amp;controls=1&amp;fs=1&amp;loop=0&amp;modestbranding=0&amp;rel=0&amp;showinfo=1&amp;theme=light&amp;wmode=transparent&amp;playsinline=0\" frameborder=\"0\" allowfullscreen allow=\"autoplay; encrypted-media; picture-in-picture\" title=\"\"><\/iframe><\/div><\/pre>\n\n\n\n<div style=\"height:30px\" aria-hidden=\"true\" class=\"wp-block-spacer\"><\/div>\n\n\n\n<h2 class=\"has-text-align-center wp-block-heading\"><strong>INT\u00c9GRER R\u00c9SEAU ENTREPRENDRE MAINE ET LOIRE<\/strong><\/h2>\n\n\n\n<p>Vous \u00eates un chef d\u2019entreprise et vous souhaitez faire b\u00e9n\u00e9ficier de votre exp\u00e9rience et vous enrichir aupr\u00e8s de jeunes entrepreneurs prometteurs, \u00e9nergiques et plein de bonnes id\u00e9es ?<\/p>\n\n\n\n<p>Vous partagez nos valeurs ? Devenez membre de R\u00e9seau Entreprendre<sup>\u00ae<\/sup>&nbsp;Maine et Loire !<\/p>\n\n\n\n<div style=\"height:30px\" aria-hidden=\"true\" class=\"wp-block-spacer\"><\/div>\n\n\n\n<div class=\"wp-block-buttons is-content-justification-center is-layout-flex wp-container-core-buttons-is-layout-16018d1d wp-block-buttons-is-layout-flex\">\n<div class=\"wp-block-button is-style-fill\"><a class=\"wp-block-button__link has-re-blue-background-color has-background wp-element-button\" href=\"https:\/\/www.reseau-entreprendre.org\/fr\/sengager\/formulaire-benevole\/\" target=\"_blank\" rel=\"noreferrer noopener\">DEVENIR MEMBRE<\/a><\/div>\n<\/div>\n\n\n\n<div style=\"height:30px\" aria-hidden=\"true\" class=\"wp-block-spacer\"><\/div>\n\n\n\n<hr class=\"wp-block-separator has-css-opacity\" \/>\n\n\n\n<div style=\"height:30px\" aria-hidden=\"true\" class=\"wp-block-spacer\"><\/div>\n\n\n\n<h2 class=\"has-text-align-center wp-block-heading\"><strong>NOUS LES AVONS ACCOMPAGN\u00c9S<\/strong><\/h2>\n\n\n\n<div style=\"height:30px\" aria-hidden=\"true\" class=\"wp-block-spacer\"><\/div>\n\n\n\n<pre class=\"wp-block-preformatted\"><div class=\"su-image-carousel  su-image-carousel-columns-5 su-image-carousel-has-spacing su-image-carousel-crop su-image-carousel-crop-1-1 su-image-carousel-has-lightbox su-image-carousel-has-outline su-image-carousel-adaptive su-image-carousel-slides-style-minimal su-image-carousel-controls-style-dark su-image-carousel-align-center\" style=\"\" data-flickity-options='{\"groupCells\":true,\"cellSelector\":\".su-image-carousel-item\",\"adaptiveHeight\":false,\"cellAlign\":\"left\",\"prevNextButtons\":true,\"pageDots\":false,\"autoPlay\":5000,\"imagesLoaded\":true,\"contain\":true,\"selectedAttraction\":0.007,\"friction\":0.25}' id=\"su_image_carousel_69f8be37cf457\"><div class=\"su-image-carousel-item\"><div class=\"su-image-carousel-item-content\"><a href=\"https:\/\/www.reseau-entreprendre.org\/maine-et-loire\/wp-content\/uploads\/sites\/48\/2023\/02\/BRICOPRO-_-SUD-LOIRE-SERVICE.png\" target=\"_blank\" rel=\"noopener noreferrer\" data-caption=\"\"><img loading=\"lazy\" decoding=\"async\" width=\"200\" height=\"200\" src=\"https:\/\/www.reseau-entreprendre.org\/maine-et-loire\/wp-content\/uploads\/sites\/48\/2023\/02\/BRICOPRO-_-SUD-LOIRE-SERVICE.png\" class=\"\" alt=\"\" srcset=\"https:\/\/www.reseau-entreprendre.org\/maine-et-loire\/wp-content\/uploads\/sites\/48\/2023\/02\/BRICOPRO-_-SUD-LOIRE-SERVICE.png 200w, https:\/\/www.reseau-entreprendre.org\/maine-et-loire\/wp-content\/uploads\/sites\/48\/2023\/02\/BRICOPRO-_-SUD-LOIRE-SERVICE-150x150.png 150w, https:\/\/www.reseau-entreprendre.org\/maine-et-loire\/wp-content\/uploads\/sites\/48\/2023\/02\/BRICOPRO-_-SUD-LOIRE-SERVICE-130x130.png 130w\" sizes=\"auto, (max-width: 200px) 100vw, 200px\" \/><\/a><\/div><\/div><div class=\"su-image-carousel-item\"><div class=\"su-image-carousel-item-content\"><a href=\"https:\/\/www.reseau-entreprendre.org\/maine-et-loire\/wp-content\/uploads\/sites\/48\/2023\/02\/CITRON-VERT.png\" target=\"_blank\" rel=\"noopener noreferrer\" data-caption=\"\"><img loading=\"lazy\" decoding=\"async\" width=\"200\" height=\"200\" src=\"https:\/\/www.reseau-entreprendre.org\/maine-et-loire\/wp-content\/uploads\/sites\/48\/2023\/02\/CITRON-VERT.png\" class=\"\" alt=\"\" srcset=\"https:\/\/www.reseau-entreprendre.org\/maine-et-loire\/wp-content\/uploads\/sites\/48\/2023\/02\/CITRON-VERT.png 200w, https:\/\/www.reseau-entreprendre.org\/maine-et-loire\/wp-content\/uploads\/sites\/48\/2023\/02\/CITRON-VERT-150x150.png 150w, https:\/\/www.reseau-entreprendre.org\/maine-et-loire\/wp-content\/uploads\/sites\/48\/2023\/02\/CITRON-VERT-130x130.png 130w\" sizes=\"auto, (max-width: 200px) 100vw, 200px\" \/><\/a><\/div><\/div><div class=\"su-image-carousel-item\"><div class=\"su-image-carousel-item-content\"><a href=\"https:\/\/www.reseau-entreprendre.org\/maine-et-loire\/wp-content\/uploads\/sites\/48\/2023\/02\/MIKIT-2.png\" target=\"_blank\" rel=\"noopener noreferrer\" data-caption=\"\"><img loading=\"lazy\" decoding=\"async\" width=\"200\" height=\"200\" src=\"https:\/\/www.reseau-entreprendre.org\/maine-et-loire\/wp-content\/uploads\/sites\/48\/2023\/02\/MIKIT-2.png\" class=\"\" alt=\"\" srcset=\"https:\/\/www.reseau-entreprendre.org\/maine-et-loire\/wp-content\/uploads\/sites\/48\/2023\/02\/MIKIT-2.png 200w, https:\/\/www.reseau-entreprendre.org\/maine-et-loire\/wp-content\/uploads\/sites\/48\/2023\/02\/MIKIT-2-150x150.png 150w, https:\/\/www.reseau-entreprendre.org\/maine-et-loire\/wp-content\/uploads\/sites\/48\/2023\/02\/MIKIT-2-130x130.png 130w\" sizes=\"auto, (max-width: 200px) 100vw, 200px\" \/><\/a><\/div><\/div><div class=\"su-image-carousel-item\"><div class=\"su-image-carousel-item-content\"><a href=\"https:\/\/www.reseau-entreprendre.org\/maine-et-loire\/wp-content\/uploads\/sites\/48\/2023\/02\/MIKIT.png\" target=\"_blank\" rel=\"noopener noreferrer\" data-caption=\"\"><img loading=\"lazy\" decoding=\"async\" width=\"200\" height=\"200\" src=\"https:\/\/www.reseau-entreprendre.org\/maine-et-loire\/wp-content\/uploads\/sites\/48\/2023\/02\/MIKIT.png\" class=\"\" alt=\"\" srcset=\"https:\/\/www.reseau-entreprendre.org\/maine-et-loire\/wp-content\/uploads\/sites\/48\/2023\/02\/MIKIT.png 200w, https:\/\/www.reseau-entreprendre.org\/maine-et-loire\/wp-content\/uploads\/sites\/48\/2023\/02\/MIKIT-150x150.png 150w, https:\/\/www.reseau-entreprendre.org\/maine-et-loire\/wp-content\/uploads\/sites\/48\/2023\/02\/MIKIT-130x130.png 130w\" sizes=\"auto, (max-width: 200px) 100vw, 200px\" \/><\/a><\/div><\/div><div class=\"su-image-carousel-item\"><div class=\"su-image-carousel-item-content\"><a href=\"https:\/\/www.reseau-entreprendre.org\/maine-et-loire\/wp-content\/uploads\/sites\/48\/2023\/02\/QWINTAL.png\" target=\"_blank\" rel=\"noopener noreferrer\" data-caption=\"\"><img loading=\"lazy\" decoding=\"async\" width=\"200\" height=\"200\" src=\"https:\/\/www.reseau-entreprendre.org\/maine-et-loire\/wp-content\/uploads\/sites\/48\/2023\/02\/QWINTAL.png\" class=\"\" alt=\"\" srcset=\"https:\/\/www.reseau-entreprendre.org\/maine-et-loire\/wp-content\/uploads\/sites\/48\/2023\/02\/QWINTAL.png 200w, https:\/\/www.reseau-entreprendre.org\/maine-et-loire\/wp-content\/uploads\/sites\/48\/2023\/02\/QWINTAL-150x150.png 150w, https:\/\/www.reseau-entreprendre.org\/maine-et-loire\/wp-content\/uploads\/sites\/48\/2023\/02\/QWINTAL-130x130.png 130w\" sizes=\"auto, (max-width: 200px) 100vw, 200px\" \/><\/a><\/div><\/div><div class=\"su-image-carousel-item\"><div class=\"su-image-carousel-item-content\"><a href=\"https:\/\/www.reseau-entreprendre.org\/maine-et-loire\/wp-content\/uploads\/sites\/48\/2023\/02\/MIKIT-4.png\" target=\"_blank\" rel=\"noopener noreferrer\" data-caption=\"\"><img loading=\"lazy\" decoding=\"async\" width=\"200\" height=\"200\" src=\"https:\/\/www.reseau-entreprendre.org\/maine-et-loire\/wp-content\/uploads\/sites\/48\/2023\/02\/MIKIT-4.png\" class=\"\" alt=\"\" srcset=\"https:\/\/www.reseau-entreprendre.org\/maine-et-loire\/wp-content\/uploads\/sites\/48\/2023\/02\/MIKIT-4.png 200w, https:\/\/www.reseau-entreprendre.org\/maine-et-loire\/wp-content\/uploads\/sites\/48\/2023\/02\/MIKIT-4-150x150.png 150w, https:\/\/www.reseau-entreprendre.org\/maine-et-loire\/wp-content\/uploads\/sites\/48\/2023\/02\/MIKIT-4-130x130.png 130w\" sizes=\"auto, (max-width: 200px) 100vw, 200px\" \/><\/a><\/div><\/div><div class=\"su-image-carousel-item\"><div class=\"su-image-carousel-item-content\"><a href=\"https:\/\/www.reseau-entreprendre.org\/maine-et-loire\/wp-content\/uploads\/sites\/48\/2023\/02\/MONSIEUR-STORE.png\" target=\"_blank\" rel=\"noopener noreferrer\" data-caption=\"\"><img loading=\"lazy\" decoding=\"async\" width=\"200\" height=\"200\" src=\"https:\/\/www.reseau-entreprendre.org\/maine-et-loire\/wp-content\/uploads\/sites\/48\/2023\/02\/MONSIEUR-STORE.png\" class=\"\" alt=\"\" srcset=\"https:\/\/www.reseau-entreprendre.org\/maine-et-loire\/wp-content\/uploads\/sites\/48\/2023\/02\/MONSIEUR-STORE.png 200w, https:\/\/www.reseau-entreprendre.org\/maine-et-loire\/wp-content\/uploads\/sites\/48\/2023\/02\/MONSIEUR-STORE-150x150.png 150w, https:\/\/www.reseau-entreprendre.org\/maine-et-loire\/wp-content\/uploads\/sites\/48\/2023\/02\/MONSIEUR-STORE-130x130.png 130w\" sizes=\"auto, (max-width: 200px) 100vw, 200px\" \/><\/a><\/div><\/div><div class=\"su-image-carousel-item\"><div class=\"su-image-carousel-item-content\"><a href=\"https:\/\/www.reseau-entreprendre.org\/maine-et-loire\/wp-content\/uploads\/sites\/48\/2023\/02\/MIKIT-3.png\" target=\"_blank\" rel=\"noopener noreferrer\" data-caption=\"\"><img loading=\"lazy\" decoding=\"async\" width=\"200\" height=\"200\" src=\"https:\/\/www.reseau-entreprendre.org\/maine-et-loire\/wp-content\/uploads\/sites\/48\/2023\/02\/MIKIT-3.png\" class=\"\" alt=\"\" srcset=\"https:\/\/www.reseau-entreprendre.org\/maine-et-loire\/wp-content\/uploads\/sites\/48\/2023\/02\/MIKIT-3.png 200w, https:\/\/www.reseau-entreprendre.org\/maine-et-loire\/wp-content\/uploads\/sites\/48\/2023\/02\/MIKIT-3-150x150.png 150w, https:\/\/www.reseau-entreprendre.org\/maine-et-loire\/wp-content\/uploads\/sites\/48\/2023\/02\/MIKIT-3-130x130.png 130w\" sizes=\"auto, (max-width: 200px) 100vw, 200px\" \/><\/a><\/div><\/div><div class=\"su-image-carousel-item\"><div class=\"su-image-carousel-item-content\"><a href=\"https:\/\/www.reseau-entreprendre.org\/maine-et-loire\/wp-content\/uploads\/sites\/48\/2023\/02\/SENSITEC.png\" target=\"_blank\" rel=\"noopener noreferrer\" data-caption=\"\"><img loading=\"lazy\" decoding=\"async\" width=\"200\" height=\"200\" src=\"https:\/\/www.reseau-entreprendre.org\/maine-et-loire\/wp-content\/uploads\/sites\/48\/2023\/02\/SENSITEC.png\" class=\"\" alt=\"\" srcset=\"https:\/\/www.reseau-entreprendre.org\/maine-et-loire\/wp-content\/uploads\/sites\/48\/2023\/02\/SENSITEC.png 200w, https:\/\/www.reseau-entreprendre.org\/maine-et-loire\/wp-content\/uploads\/sites\/48\/2023\/02\/SENSITEC-150x150.png 150w, https:\/\/www.reseau-entreprendre.org\/maine-et-loire\/wp-content\/uploads\/sites\/48\/2023\/02\/SENSITEC-130x130.png 130w\" sizes=\"auto, (max-width: 200px) 100vw, 200px\" \/><\/a><\/div><\/div><\/div><script id=\"su_image_carousel_69f8be37cf457_script\">if(window.SUImageCarousel){setTimeout(function() {window.SUImageCarousel.initGallery(document.getElementById(\"su_image_carousel_69f8be37cf457\"))}, 0);}var su_image_carousel_69f8be37cf457_script=document.getElementById(\"su_image_carousel_69f8be37cf457_script\");if(su_image_carousel_69f8be37cf457_script){su_image_carousel_69f8be37cf457_script.parentNode.removeChild(su_image_carousel_69f8be37cf457_script);}<\/script><\/pre>\n\n\n\n<div style=\"height:30px\" aria-hidden=\"true\" class=\"wp-block-spacer\"><\/div>\n\n\n\n<div class=\"wp-block-buttons is-horizontal is-content-justification-center is-layout-flex wp-container-core-buttons-is-layout-499968f5 wp-block-buttons-is-layout-flex\">\n<div class=\"wp-block-button is-style-fill\"><a class=\"wp-block-button__link has-re-yellow-background-color has-background wp-element-button\" href=\"https:\/\/www.reseau-entreprendre.org\/maine-et-loire\/?page_id=1770&amp;preview=true\" target=\"_blank\" rel=\"noreferrer noopener\">D\u00c9COUVRIR LES DERNI\u00c8RES PROMOTIONS DE LAUR\u00c9ATS<\/a><\/div>\n<\/div>\n\n\n\n<div style=\"height:30px\" aria-hidden=\"true\" class=\"wp-block-spacer\"><\/div>\n\n\n\n<hr class=\"wp-block-separator has-css-opacity\" \/>\n\n\n\n<div style=\"height:30px\" aria-hidden=\"true\" class=\"wp-block-spacer\"><\/div>\n\n\n\n<h2 class=\"has-text-align-center wp-block-heading\"><strong>ILS NOUS SOUTIENNENT<\/strong><\/h2>\n\n\n<div data-block_b3d9fdac9406f8ac8301b57573263f45 class=\"re-partners align\">\n  <\/div>\n","protected":false},"excerpt":{"rendered":"<p>R\u00e9seau Entreprendre Maine &amp; Loire c\u2019est d\u2019abord : Des chefs<\/p>\n","protected":false},"author":49,"featured_media":0,"parent":0,"menu_order":0,"comment_status":"closed","ping_status":"closed","template":"","meta":{"_acf_changed":false,"_monsterinsights_skip_tracking":false,"_monsterinsights_sitenote_active":false,"_monsterinsights_sitenote_note":"","_monsterinsights_sitenote_category":0,"footnotes":""},"class_list":["post-1679","page","type-page","status-publish","hentry"],"acf":[],"yoast_head":"<!-- This site is optimized with the Yoast SEO plugin v27.4 - https:\/\/yoast.com\/product\/yoast-seo-wordpress\/ -->\n<title>Accompagner | Reseau Entreprendre Maine &amp; Loire<\/title>\n<meta name=\"description\" content=\"Vous \u00eates chef d&#039;entreprise et souhaitez accompagner de nouveaux entrepreneurs ? Devenez membre b\u00e9n\u00e9vole de R\u00e9seau Entreprendre Maine &amp; Loire !\" \/>\n<meta name=\"robots\" content=\"index, follow, max-snippet:-1, max-image-preview:large, max-video-preview:-1\" \/>\n<link rel=\"canonical\" href=\"https:\/\/www.reseau-entreprendre.org\/maine-et-loire\/accompagner\/\" \/>\n<meta property=\"og:locale\" content=\"fr_FR\" \/>\n<meta property=\"og:type\" content=\"article\" \/>\n<meta property=\"og:title\" content=\"Accompagner | Reseau Entreprendre Maine &amp; Loire\" \/>\n<meta property=\"og:description\" content=\"Vous \u00eates chef d&#039;entreprise et souhaitez accompagner de nouveaux entrepreneurs ? Devenez membre b\u00e9n\u00e9vole de R\u00e9seau Entreprendre Maine &amp; Loire !\" \/>\n<meta property=\"og:url\" content=\"https:\/\/www.reseau-entreprendre.org\/maine-et-loire\/accompagner\/\" \/>\n<meta property=\"og:site_name\" content=\"R\u00e9seau Entreprendre Maine &amp; Loire\" \/>\n<meta property=\"article:modified_time\" content=\"2023-03-05T13:33:50+00:00\" \/>\n<meta name=\"twitter:card\" content=\"summary_large_image\" \/>\n<meta name=\"twitter:label1\" content=\"Dur\u00e9e de lecture estim\u00e9e\" \/>\n\t<meta name=\"twitter:data1\" content=\"2 minutes\" \/>\n<script type=\"application\/ld+json\" class=\"yoast-schema-graph\">{\"@context\":\"https:\\\/\\\/schema.org\",\"@graph\":[{\"@type\":\"WebPage\",\"@id\":\"https:\\\/\\\/www.reseau-entreprendre.org\\\/maine-et-loire\\\/accompagner\\\/\",\"url\":\"https:\\\/\\\/www.reseau-entreprendre.org\\\/maine-et-loire\\\/accompagner\\\/\",\"name\":\"Accompagner | Reseau Entreprendre Maine & Loire\",\"isPartOf\":{\"@id\":\"https:\\\/\\\/www.reseau-entreprendre.org\\\/maine-et-loire\\\/#website\"},\"datePublished\":\"2023-01-03T09:09:01+00:00\",\"dateModified\":\"2023-03-05T13:33:50+00:00\",\"description\":\"Vous \u00eates chef d'entreprise et souhaitez accompagner de nouveaux entrepreneurs ? Devenez membre b\u00e9n\u00e9vole de R\u00e9seau Entreprendre Maine & Loire !\",\"breadcrumb\":{\"@id\":\"https:\\\/\\\/www.reseau-entreprendre.org\\\/maine-et-loire\\\/accompagner\\\/#breadcrumb\"},\"inLanguage\":\"fr-FR\",\"potentialAction\":[{\"@type\":\"ReadAction\",\"target\":[\"https:\\\/\\\/www.reseau-entreprendre.org\\\/maine-et-loire\\\/accompagner\\\/\"]}]},{\"@type\":\"BreadcrumbList\",\"@id\":\"https:\\\/\\\/www.reseau-entreprendre.org\\\/maine-et-loire\\\/accompagner\\\/#breadcrumb\",\"itemListElement\":[{\"@type\":\"ListItem\",\"position\":1,\"name\":\"Accueil\",\"item\":\"https:\\\/\\\/www.reseau-entreprendre.org\\\/maine-et-loire\\\/\"},{\"@type\":\"ListItem\",\"position\":2,\"name\":\"Accompagner\"}]},{\"@type\":\"WebSite\",\"@id\":\"https:\\\/\\\/www.reseau-entreprendre.org\\\/maine-et-loire\\\/#website\",\"url\":\"https:\\\/\\\/www.reseau-entreprendre.org\\\/maine-et-loire\\\/\",\"name\":\"R\u00e9seau Entreprendre Maine &amp; Loire\",\"description\":\"&quot;Qui mieux qu&#039;un chef d&#039;entreprise peut accompagner un chef d&#039;entreprise ?&quot;\",\"potentialAction\":[{\"@type\":\"SearchAction\",\"target\":{\"@type\":\"EntryPoint\",\"urlTemplate\":\"https:\\\/\\\/www.reseau-entreprendre.org\\\/maine-et-loire\\\/?s={search_term_string}\"},\"query-input\":{\"@type\":\"PropertyValueSpecification\",\"valueRequired\":true,\"valueName\":\"search_term_string\"}}],\"inLanguage\":\"fr-FR\"}]}<\/script>\n<!-- \/ Yoast SEO plugin. -->","yoast_head_json":{"title":"Accompagner | Reseau Entreprendre Maine & Loire","description":"Vous \u00eates chef d'entreprise et souhaitez accompagner de nouveaux entrepreneurs ? Devenez membre b\u00e9n\u00e9vole de R\u00e9seau Entreprendre Maine & Loire !","robots":{"index":"index","follow":"follow","max-snippet":"max-snippet:-1","max-image-preview":"max-image-preview:large","max-video-preview":"max-video-preview:-1"},"canonical":"https:\/\/www.reseau-entreprendre.org\/maine-et-loire\/accompagner\/","og_locale":"fr_FR","og_type":"article","og_title":"Accompagner | Reseau Entreprendre Maine & Loire","og_description":"Vous \u00eates chef d'entreprise et souhaitez accompagner de nouveaux entrepreneurs ? Devenez membre b\u00e9n\u00e9vole de R\u00e9seau Entreprendre Maine & Loire !","og_url":"https:\/\/www.reseau-entreprendre.org\/maine-et-loire\/accompagner\/","og_site_name":"R\u00e9seau Entreprendre Maine &amp; Loire","article_modified_time":"2023-03-05T13:33:50+00:00","twitter_card":"summary_large_image","twitter_misc":{"Dur\u00e9e de lecture estim\u00e9e":"2 minutes"},"schema":{"@context":"https:\/\/schema.org","@graph":[{"@type":"WebPage","@id":"https:\/\/www.reseau-entreprendre.org\/maine-et-loire\/accompagner\/","url":"https:\/\/www.reseau-entreprendre.org\/maine-et-loire\/accompagner\/","name":"Accompagner | Reseau Entreprendre Maine & Loire","isPartOf":{"@id":"https:\/\/www.reseau-entreprendre.org\/maine-et-loire\/#website"},"datePublished":"2023-01-03T09:09:01+00:00","dateModified":"2023-03-05T13:33:50+00:00","description":"Vous \u00eates chef d'entreprise et souhaitez accompagner de nouveaux entrepreneurs ? Devenez membre b\u00e9n\u00e9vole de R\u00e9seau Entreprendre Maine & Loire !","breadcrumb":{"@id":"https:\/\/www.reseau-entreprendre.org\/maine-et-loire\/accompagner\/#breadcrumb"},"inLanguage":"fr-FR","potentialAction":[{"@type":"ReadAction","target":["https:\/\/www.reseau-entreprendre.org\/maine-et-loire\/accompagner\/"]}]},{"@type":"BreadcrumbList","@id":"https:\/\/www.reseau-entreprendre.org\/maine-et-loire\/accompagner\/#breadcrumb","itemListElement":[{"@type":"ListItem","position":1,"name":"Accueil","item":"https:\/\/www.reseau-entreprendre.org\/maine-et-loire\/"},{"@type":"ListItem","position":2,"name":"Accompagner"}]},{"@type":"WebSite","@id":"https:\/\/www.reseau-entreprendre.org\/maine-et-loire\/#website","url":"https:\/\/www.reseau-entreprendre.org\/maine-et-loire\/","name":"R\u00e9seau Entreprendre Maine &amp; Loire","description":"&quot;Qui mieux qu&#039;un chef d&#039;entreprise peut accompagner un chef d&#039;entreprise ?&quot;","potentialAction":[{"@type":"SearchAction","target":{"@type":"EntryPoint","urlTemplate":"https:\/\/www.reseau-entreprendre.org\/maine-et-loire\/?s={search_term_string}"},"query-input":{"@type":"PropertyValueSpecification","valueRequired":true,"valueName":"search_term_string"}}],"inLanguage":"fr-FR"}]}},"_links":{"self":[{"href":"https:\/\/www.reseau-entreprendre.org\/maine-et-loire\/wp-json\/wp\/v2\/pages\/1679","targetHints":{"allow":["GET"]}}],"collection":[{"href":"https:\/\/www.reseau-entreprendre.org\/maine-et-loire\/wp-json\/wp\/v2\/pages"}],"about":[{"href":"https:\/\/www.reseau-entreprendre.org\/maine-et-loire\/wp-json\/wp\/v2\/types\/page"}],"author":[{"embeddable":true,"href":"https:\/\/www.reseau-entreprendre.org\/maine-et-loire\/wp-json\/wp\/v2\/users\/49"}],"replies":[{"embeddable":true,"href":"https:\/\/www.reseau-entreprendre.org\/maine-et-loire\/wp-json\/wp\/v2\/comments?post=1679"}],"version-history":[{"count":0,"href":"https:\/\/www.reseau-entreprendre.org\/maine-et-loire\/wp-json\/wp\/v2\/pages\/1679\/revisions"}],"wp:attachment":[{"href":"https:\/\/www.reseau-entreprendre.org\/maine-et-loire\/wp-json\/wp\/v2\/media?parent=1679"}],"curies":[{"name":"wp","href":"https:\/\/api.w.org\/{rel}","templated":true}]}}