{"id":2939,"date":"2024-06-19T16:36:52","date_gmt":"2024-06-19T14:36:52","guid":{"rendered":"https:\/\/www.reseau-entreprendre.org\/maine-et-loire\/?page_id=2939"},"modified":"2025-06-19T09:50:57","modified_gmt":"2025-06-19T07:50:57","slug":"magazine-re49-2","status":"publish","type":"page","link":"https:\/\/www.reseau-entreprendre.org\/maine-et-loire\/qui-sommes-nous-2\/magazine-re49-2\/","title":{"rendered":"REVUE 2024"},"content":{"rendered":"\n<p class=\"has-large-font-size\"><strong><mark style=\"background-color:#ffffff\" class=\"has-inline-color has-re-blue-color\">EDITION 2024<\/mark><\/strong><\/p>\n\n\n\n<div style=\"height:57px\" aria-hidden=\"true\" class=\"wp-block-spacer\"><\/div>\n\n\n\n<div class=\"wp-block-buttons has-custom-font-size has-medium-font-size is-content-justification-center is-layout-flex wp-container-core-buttons-is-layout-5590e8cb wp-block-buttons-is-layout-flex\">\n<div class=\"wp-block-button\"><a class=\"wp-block-button__link wp-element-button\" href=\"https:\/\/acrobat.adobe.com\/id\/urn:aaid:sc:EU:98a405d3-12d3-4926-8dd6-0149b3f67521\">T\u00c9L\u00c9CHARGEZ LE<\/a><\/div>\n<\/div>\n\n\n\n<div style=\"height:56px\" aria-hidden=\"true\" class=\"wp-block-spacer\"><\/div>\n\n\n\n<figure class=\"wp-block-image size-full is-resized\"><img loading=\"lazy\" decoding=\"async\" width=\"9921\" height=\"14031\" src=\"https:\/\/www.reseau-entreprendre.org\/maine-et-loire\/wp-content\/uploads\/sites\/48\/2024\/06\/MAGAZINE-RE49-1.png\" alt=\"\" class=\"wp-image-2968\" style=\"width:717px;height:auto\" \/><\/figure>\n\n\n\n<figure class=\"wp-block-image size-full\"><img loading=\"lazy\" decoding=\"async\" width=\"19843\" height=\"14031\" src=\"https:\/\/www.reseau-entreprendre.org\/maine-et-loire\/wp-content\/uploads\/sites\/48\/2024\/06\/MAGAZINE-RE492-1.png\" alt=\"\" class=\"wp-image-2969\" \/><\/figure>\n\n\n\n<figure class=\"wp-block-image size-full\"><img loading=\"lazy\" decoding=\"async\" width=\"19843\" height=\"14031\" src=\"https:\/\/www.reseau-entreprendre.org\/maine-et-loire\/wp-content\/uploads\/sites\/48\/2024\/06\/MAGAZINE-RE493-1.png\" alt=\"\" class=\"wp-image-2970\" \/><\/figure>\n\n\n\n<figure class=\"wp-block-image size-full\"><img loading=\"lazy\" decoding=\"async\" width=\"19843\" height=\"14031\" src=\"https:\/\/www.reseau-entreprendre.org\/maine-et-loire\/wp-content\/uploads\/sites\/48\/2024\/06\/MAGAZINE-RE494.png\" alt=\"\" class=\"wp-image-2971\" \/><\/figure>\n\n\n\n<figure class=\"wp-block-image size-full\"><img loading=\"lazy\" decoding=\"async\" width=\"19843\" height=\"14031\" src=\"https:\/\/www.reseau-entreprendre.org\/maine-et-loire\/wp-content\/uploads\/sites\/48\/2024\/06\/MAGAZINE-RE495.png\" alt=\"\" class=\"wp-image-2972\" \/><\/figure>\n\n\n\n<figure class=\"wp-block-image size-full\"><img loading=\"lazy\" decoding=\"async\" width=\"19843\" height=\"14031\" src=\"https:\/\/www.reseau-entreprendre.org\/maine-et-loire\/wp-content\/uploads\/sites\/48\/2024\/06\/MAGAZINE-RE496.png\" alt=\"\" class=\"wp-image-2973\" \/><\/figure>\n\n\n\n<figure class=\"wp-block-image size-full\"><img loading=\"lazy\" decoding=\"async\" width=\"19843\" height=\"14031\" src=\"https:\/\/www.reseau-entreprendre.org\/maine-et-loire\/wp-content\/uploads\/sites\/48\/2024\/06\/MAGAZINE-RE497.png\" alt=\"\" class=\"wp-image-2974\" \/><\/figure>\n\n\n\n<figure class=\"wp-block-image size-full\"><img loading=\"lazy\" decoding=\"async\" width=\"19843\" height=\"14031\" src=\"https:\/\/www.reseau-entreprendre.org\/maine-et-loire\/wp-content\/uploads\/sites\/48\/2024\/06\/MAGAZINE-RE498.png\" alt=\"\" class=\"wp-image-2975\" \/><\/figure>\n\n\n\n<figure class=\"wp-block-image size-large is-resized\"><img loading=\"lazy\" decoding=\"async\" width=\"1024\" height=\"724\" src=\"https:\/\/www.reseau-entreprendre.org\/maine-et-loire\/wp-content\/uploads\/sites\/48\/2024\/06\/MAGAZINE-RE499-2-1024x724.jpg\" alt=\"\" class=\"wp-image-2991\" style=\"width:1450px;height:auto\" srcset=\"https:\/\/www.reseau-entreprendre.org\/maine-et-loire\/wp-content\/uploads\/sites\/48\/2024\/06\/MAGAZINE-RE499-2-1024x724.jpg 1024w, https:\/\/www.reseau-entreprendre.org\/maine-et-loire\/wp-content\/uploads\/sites\/48\/2024\/06\/MAGAZINE-RE499-2-300x212.jpg 300w, https:\/\/www.reseau-entreprendre.org\/maine-et-loire\/wp-content\/uploads\/sites\/48\/2024\/06\/MAGAZINE-RE499-2-768x543.jpg 768w, https:\/\/www.reseau-entreprendre.org\/maine-et-loire\/wp-content\/uploads\/sites\/48\/2024\/06\/MAGAZINE-RE499-2-1536x1086.jpg 1536w, https:\/\/www.reseau-entreprendre.org\/maine-et-loire\/wp-content\/uploads\/sites\/48\/2024\/06\/MAGAZINE-RE499-2-2048x1448.jpg 2048w, https:\/\/www.reseau-entreprendre.org\/maine-et-loire\/wp-content\/uploads\/sites\/48\/2024\/06\/MAGAZINE-RE499-2-184x130.jpg 184w, https:\/\/www.reseau-entreprendre.org\/maine-et-loire\/wp-content\/uploads\/sites\/48\/2024\/06\/MAGAZINE-RE499-2-100x71.jpg 100w\" sizes=\"auto, (max-width: 1024px) 100vw, 1024px\" \/><\/figure>\n\n\n\n<figure class=\"wp-block-image size-full\"><img loading=\"lazy\" decoding=\"async\" width=\"19843\" height=\"14031\" src=\"https:\/\/www.reseau-entreprendre.org\/maine-et-loire\/wp-content\/uploads\/sites\/48\/2024\/06\/MAGAZINE-RE4910-2.png\" alt=\"\" class=\"wp-image-2988\" \/><\/figure>\n\n\n\n<figure class=\"wp-block-image size-full is-resized\"><img loading=\"lazy\" decoding=\"async\" width=\"9921\" height=\"14031\" src=\"https:\/\/www.reseau-entreprendre.org\/maine-et-loire\/wp-content\/uploads\/sites\/48\/2024\/06\/MAGAZINE-RE4911.png\" alt=\"\" class=\"wp-image-2977\" style=\"width:725px;height:auto\" \/><\/figure>\n","protected":false},"excerpt":{"rendered":"<p>EDITION 2024<\/p>\n","protected":false},"author":226,"featured_media":0,"parent":1322,"menu_order":1,"comment_status":"closed","ping_status":"closed","template":"","meta":{"_acf_changed":false,"_monsterinsights_skip_tracking":false,"_monsterinsights_sitenote_active":false,"_monsterinsights_sitenote_note":"","_monsterinsights_sitenote_category":0,"footnotes":""},"class_list":["post-2939","page","type-page","status-publish","hentry"],"acf":[],"yoast_head":"<!-- This site is optimized with the Yoast SEO plugin v27.4 - https:\/\/yoast.com\/product\/yoast-seo-wordpress\/ -->\n<title>REVUE 2024 - R\u00e9seau Entreprendre Maine &amp; Loire<\/title>\n<meta name=\"description\" content=\"D\u00e9couvrez l&#039;\u00e9dition 2024 du magazine R\u00e9seau entreprendre Maine-et-Loire !\" \/>\n<meta name=\"robots\" content=\"index, follow, max-snippet:-1, max-image-preview:large, max-video-preview:-1\" \/>\n<link rel=\"canonical\" href=\"https:\/\/www.reseau-entreprendre.org\/maine-et-loire\/qui-sommes-nous-2\/magazine-re49-2\/\" \/>\n<meta property=\"og:locale\" content=\"fr_FR\" \/>\n<meta property=\"og:type\" content=\"article\" \/>\n<meta property=\"og:title\" content=\"REVUE 2024 - R\u00e9seau Entreprendre Maine &amp; Loire\" \/>\n<meta property=\"og:description\" content=\"D\u00e9couvrez l&#039;\u00e9dition 2024 du magazine R\u00e9seau entreprendre Maine-et-Loire !\" \/>\n<meta property=\"og:url\" content=\"https:\/\/www.reseau-entreprendre.org\/maine-et-loire\/qui-sommes-nous-2\/magazine-re49-2\/\" \/>\n<meta property=\"og:site_name\" content=\"R\u00e9seau Entreprendre Maine &amp; Loire\" \/>\n<meta property=\"article:modified_time\" content=\"2025-06-19T07:50:57+00:00\" \/>\n<meta property=\"og:image\" content=\"https:\/\/www.reseau-entreprendre.org\/maine-et-loire\/wp-content\/uploads\/sites\/48\/2024\/06\/MAGAZINE-RE49-1.png\" \/>\n\t<meta property=\"og:image:width\" content=\"724\" \/>\n\t<meta property=\"og:image:height\" content=\"1024\" \/>\n\t<meta property=\"og:image:type\" content=\"image\/png\" \/>\n<meta name=\"twitter:card\" content=\"summary_large_image\" \/>\n<meta name=\"twitter:label1\" content=\"Dur\u00e9e de lecture estim\u00e9e\" \/>\n\t<meta name=\"twitter:data1\" content=\"3 minutes\" \/>\n<script type=\"application\/ld+json\" class=\"yoast-schema-graph\">{\"@context\":\"https:\\\/\\\/schema.org\",\"@graph\":[{\"@type\":\"WebPage\",\"@id\":\"https:\\\/\\\/www.reseau-entreprendre.org\\\/maine-et-loire\\\/qui-sommes-nous-2\\\/magazine-re49-2\\\/\",\"url\":\"https:\\\/\\\/www.reseau-entreprendre.org\\\/maine-et-loire\\\/qui-sommes-nous-2\\\/magazine-re49-2\\\/\",\"name\":\"REVUE 2024 - R\u00e9seau Entreprendre Maine &amp; Loire\",\"isPartOf\":{\"@id\":\"https:\\\/\\\/www.reseau-entreprendre.org\\\/maine-et-loire\\\/#website\"},\"primaryImageOfPage\":{\"@id\":\"https:\\\/\\\/www.reseau-entreprendre.org\\\/maine-et-loire\\\/qui-sommes-nous-2\\\/magazine-re49-2\\\/#primaryimage\"},\"image\":{\"@id\":\"https:\\\/\\\/www.reseau-entreprendre.org\\\/maine-et-loire\\\/qui-sommes-nous-2\\\/magazine-re49-2\\\/#primaryimage\"},\"thumbnailUrl\":\"https:\\\/\\\/www.reseau-entreprendre.org\\\/maine-et-loire\\\/wp-content\\\/uploads\\\/sites\\\/48\\\/2024\\\/06\\\/MAGAZINE-RE49-1.png\",\"datePublished\":\"2024-06-19T14:36:52+00:00\",\"dateModified\":\"2025-06-19T07:50:57+00:00\",\"description\":\"D\u00e9couvrez l'\u00e9dition 2024 du magazine R\u00e9seau entreprendre Maine-et-Loire !\",\"breadcrumb\":{\"@id\":\"https:\\\/\\\/www.reseau-entreprendre.org\\\/maine-et-loire\\\/qui-sommes-nous-2\\\/magazine-re49-2\\\/#breadcrumb\"},\"inLanguage\":\"fr-FR\",\"potentialAction\":[{\"@type\":\"ReadAction\",\"target\":[\"https:\\\/\\\/www.reseau-entreprendre.org\\\/maine-et-loire\\\/qui-sommes-nous-2\\\/magazine-re49-2\\\/\"]}]},{\"@type\":\"ImageObject\",\"inLanguage\":\"fr-FR\",\"@id\":\"https:\\\/\\\/www.reseau-entreprendre.org\\\/maine-et-loire\\\/qui-sommes-nous-2\\\/magazine-re49-2\\\/#primaryimage\",\"url\":\"https:\\\/\\\/www.reseau-entreprendre.org\\\/maine-et-loire\\\/wp-content\\\/uploads\\\/sites\\\/48\\\/2024\\\/06\\\/MAGAZINE-RE49-1.png\",\"contentUrl\":\"https:\\\/\\\/www.reseau-entreprendre.org\\\/maine-et-loire\\\/wp-content\\\/uploads\\\/sites\\\/48\\\/2024\\\/06\\\/MAGAZINE-RE49-1.png\",\"width\":9921,\"height\":14031},{\"@type\":\"BreadcrumbList\",\"@id\":\"https:\\\/\\\/www.reseau-entreprendre.org\\\/maine-et-loire\\\/qui-sommes-nous-2\\\/magazine-re49-2\\\/#breadcrumb\",\"itemListElement\":[{\"@type\":\"ListItem\",\"position\":1,\"name\":\"Accueil\",\"item\":\"https:\\\/\\\/www.reseau-entreprendre.org\\\/maine-et-loire\\\/\"},{\"@type\":\"ListItem\",\"position\":2,\"name\":\"Qui sommes-nous ?\",\"item\":\"https:\\\/\\\/www.reseau-entreprendre.org\\\/maine-et-loire\\\/qui-sommes-nous-2\\\/\"},{\"@type\":\"ListItem\",\"position\":3,\"name\":\"REVUE 2024\"}]},{\"@type\":\"WebSite\",\"@id\":\"https:\\\/\\\/www.reseau-entreprendre.org\\\/maine-et-loire\\\/#website\",\"url\":\"https:\\\/\\\/www.reseau-entreprendre.org\\\/maine-et-loire\\\/\",\"name\":\"R\u00e9seau Entreprendre Maine &amp; Loire\",\"description\":\"&quot;Qui mieux qu&#039;un chef d&#039;entreprise peut accompagner un chef d&#039;entreprise ?&quot;\",\"potentialAction\":[{\"@type\":\"SearchAction\",\"target\":{\"@type\":\"EntryPoint\",\"urlTemplate\":\"https:\\\/\\\/www.reseau-entreprendre.org\\\/maine-et-loire\\\/?s={search_term_string}\"},\"query-input\":{\"@type\":\"PropertyValueSpecification\",\"valueRequired\":true,\"valueName\":\"search_term_string\"}}],\"inLanguage\":\"fr-FR\"}]}<\/script>\n<!-- \/ Yoast SEO plugin. -->","yoast_head_json":{"title":"REVUE 2024 - R\u00e9seau Entreprendre Maine &amp; Loire","description":"D\u00e9couvrez l'\u00e9dition 2024 du magazine R\u00e9seau entreprendre Maine-et-Loire !","robots":{"index":"index","follow":"follow","max-snippet":"max-snippet:-1","max-image-preview":"max-image-preview:large","max-video-preview":"max-video-preview:-1"},"canonical":"https:\/\/www.reseau-entreprendre.org\/maine-et-loire\/qui-sommes-nous-2\/magazine-re49-2\/","og_locale":"fr_FR","og_type":"article","og_title":"REVUE 2024 - R\u00e9seau Entreprendre Maine &amp; Loire","og_description":"D\u00e9couvrez l'\u00e9dition 2024 du magazine R\u00e9seau entreprendre Maine-et-Loire !","og_url":"https:\/\/www.reseau-entreprendre.org\/maine-et-loire\/qui-sommes-nous-2\/magazine-re49-2\/","og_site_name":"R\u00e9seau Entreprendre Maine &amp; Loire","article_modified_time":"2025-06-19T07:50:57+00:00","og_image":[{"url":"https:\/\/www.reseau-entreprendre.org\/maine-et-loire\/wp-content\/uploads\/sites\/48\/2024\/06\/MAGAZINE-RE49-1.png","width":724,"height":1024,"type":"image\/png"}],"twitter_card":"summary_large_image","twitter_misc":{"Dur\u00e9e de lecture estim\u00e9e":"3 minutes"},"schema":{"@context":"https:\/\/schema.org","@graph":[{"@type":"WebPage","@id":"https:\/\/www.reseau-entreprendre.org\/maine-et-loire\/qui-sommes-nous-2\/magazine-re49-2\/","url":"https:\/\/www.reseau-entreprendre.org\/maine-et-loire\/qui-sommes-nous-2\/magazine-re49-2\/","name":"REVUE 2024 - R\u00e9seau Entreprendre Maine &amp; Loire","isPartOf":{"@id":"https:\/\/www.reseau-entreprendre.org\/maine-et-loire\/#website"},"primaryImageOfPage":{"@id":"https:\/\/www.reseau-entreprendre.org\/maine-et-loire\/qui-sommes-nous-2\/magazine-re49-2\/#primaryimage"},"image":{"@id":"https:\/\/www.reseau-entreprendre.org\/maine-et-loire\/qui-sommes-nous-2\/magazine-re49-2\/#primaryimage"},"thumbnailUrl":"https:\/\/www.reseau-entreprendre.org\/maine-et-loire\/wp-content\/uploads\/sites\/48\/2024\/06\/MAGAZINE-RE49-1.png","datePublished":"2024-06-19T14:36:52+00:00","dateModified":"2025-06-19T07:50:57+00:00","description":"D\u00e9couvrez l'\u00e9dition 2024 du magazine R\u00e9seau entreprendre Maine-et-Loire !","breadcrumb":{"@id":"https:\/\/www.reseau-entreprendre.org\/maine-et-loire\/qui-sommes-nous-2\/magazine-re49-2\/#breadcrumb"},"inLanguage":"fr-FR","potentialAction":[{"@type":"ReadAction","target":["https:\/\/www.reseau-entreprendre.org\/maine-et-loire\/qui-sommes-nous-2\/magazine-re49-2\/"]}]},{"@type":"ImageObject","inLanguage":"fr-FR","@id":"https:\/\/www.reseau-entreprendre.org\/maine-et-loire\/qui-sommes-nous-2\/magazine-re49-2\/#primaryimage","url":"https:\/\/www.reseau-entreprendre.org\/maine-et-loire\/wp-content\/uploads\/sites\/48\/2024\/06\/MAGAZINE-RE49-1.png","contentUrl":"https:\/\/www.reseau-entreprendre.org\/maine-et-loire\/wp-content\/uploads\/sites\/48\/2024\/06\/MAGAZINE-RE49-1.png","width":9921,"height":14031},{"@type":"BreadcrumbList","@id":"https:\/\/www.reseau-entreprendre.org\/maine-et-loire\/qui-sommes-nous-2\/magazine-re49-2\/#breadcrumb","itemListElement":[{"@type":"ListItem","position":1,"name":"Accueil","item":"https:\/\/www.reseau-entreprendre.org\/maine-et-loire\/"},{"@type":"ListItem","position":2,"name":"Qui sommes-nous ?","item":"https:\/\/www.reseau-entreprendre.org\/maine-et-loire\/qui-sommes-nous-2\/"},{"@type":"ListItem","position":3,"name":"REVUE 2024"}]},{"@type":"WebSite","@id":"https:\/\/www.reseau-entreprendre.org\/maine-et-loire\/#website","url":"https:\/\/www.reseau-entreprendre.org\/maine-et-loire\/","name":"R\u00e9seau Entreprendre Maine &amp; Loire","description":"&quot;Qui mieux qu&#039;un chef d&#039;entreprise peut accompagner un chef d&#039;entreprise ?&quot;","potentialAction":[{"@type":"SearchAction","target":{"@type":"EntryPoint","urlTemplate":"https:\/\/www.reseau-entreprendre.org\/maine-et-loire\/?s={search_term_string}"},"query-input":{"@type":"PropertyValueSpecification","valueRequired":true,"valueName":"search_term_string"}}],"inLanguage":"fr-FR"}]}},"_links":{"self":[{"href":"https:\/\/www.reseau-entreprendre.org\/maine-et-loire\/wp-json\/wp\/v2\/pages\/2939","targetHints":{"allow":["GET"]}}],"collection":[{"href":"https:\/\/www.reseau-entreprendre.org\/maine-et-loire\/wp-json\/wp\/v2\/pages"}],"about":[{"href":"https:\/\/www.reseau-entreprendre.org\/maine-et-loire\/wp-json\/wp\/v2\/types\/page"}],"author":[{"embeddable":true,"href":"https:\/\/www.reseau-entreprendre.org\/maine-et-loire\/wp-json\/wp\/v2\/users\/226"}],"replies":[{"embeddable":true,"href":"https:\/\/www.reseau-entreprendre.org\/maine-et-loire\/wp-json\/wp\/v2\/comments?post=2939"}],"version-history":[{"count":0,"href":"https:\/\/www.reseau-entreprendre.org\/maine-et-loire\/wp-json\/wp\/v2\/pages\/2939\/revisions"}],"up":[{"embeddable":true,"href":"https:\/\/www.reseau-entreprendre.org\/maine-et-loire\/wp-json\/wp\/v2\/pages\/1322"}],"wp:attachment":[{"href":"https:\/\/www.reseau-entreprendre.org\/maine-et-loire\/wp-json\/wp\/v2\/media?parent=2939"}],"curies":[{"name":"wp","href":"https:\/\/api.w.org\/{rel}","templated":true}]}}