{"id":3371,"date":"2025-06-19T12:15:17","date_gmt":"2025-06-19T10:15:17","guid":{"rendered":"https:\/\/www.reseau-entreprendre.org\/maine-et-loire\/?page_id=3371"},"modified":"2025-06-20T12:22:05","modified_gmt":"2025-06-20T10:22:05","slug":"magazine-re49","status":"publish","type":"page","link":"https:\/\/www.reseau-entreprendre.org\/maine-et-loire\/qui-sommes-nous-2\/magazine-re49\/","title":{"rendered":"REVUE 2025"},"content":{"rendered":"\n<p class=\"has-large-font-size\"><strong><mark style=\"background-color:#ffffff\" class=\"has-inline-color has-re-blue-color\">EDITION 2025<\/mark><\/strong><\/p>\n\n\n\n<div style=\"height:57px\" aria-hidden=\"true\" class=\"wp-block-spacer\"><\/div>\n\n\n\n<div class=\"wp-block-buttons has-custom-font-size has-medium-font-size is-content-justification-center is-layout-flex wp-container-core-buttons-is-layout-5590e8cb wp-block-buttons-is-layout-flex\">\n<div class=\"wp-block-button\"><a class=\"wp-block-button__link wp-element-button\" href=\"https:\/\/acrobat.adobe.com\/id\/urn:aaid:sc:EU:7d68330e-0ebc-437e-ae40-9b5c803377f4\">T\u00c9L\u00c9CHARGEZ LE<\/a><\/div>\n<\/div>\n\n\n\n<div style=\"height:56px\" aria-hidden=\"true\" class=\"wp-block-spacer\"><\/div>\n\n\n\n<figure class=\"wp-block-image size-full is-resized\"><img loading=\"lazy\" decoding=\"async\" width=\"612\" height=\"844\" src=\"https:\/\/www.reseau-entreprendre.org\/maine-et-loire\/wp-content\/uploads\/sites\/48\/2025\/06\/Capture-decran-2025-06-19-105019-1.png\" alt=\"\" class=\"wp-image-3376\" style=\"width:567px;height:auto\" srcset=\"https:\/\/www.reseau-entreprendre.org\/maine-et-loire\/wp-content\/uploads\/sites\/48\/2025\/06\/Capture-decran-2025-06-19-105019-1.png 612w, https:\/\/www.reseau-entreprendre.org\/maine-et-loire\/wp-content\/uploads\/sites\/48\/2025\/06\/Capture-decran-2025-06-19-105019-1-218x300.png 218w, https:\/\/www.reseau-entreprendre.org\/maine-et-loire\/wp-content\/uploads\/sites\/48\/2025\/06\/Capture-decran-2025-06-19-105019-1-94x130.png 94w, https:\/\/www.reseau-entreprendre.org\/maine-et-loire\/wp-content\/uploads\/sites\/48\/2025\/06\/Capture-decran-2025-06-19-105019-1-73x100.png 73w\" sizes=\"auto, (max-width: 612px) 100vw, 612px\" \/><\/figure>\n\n\n\n<figure class=\"wp-block-image size-full is-resized\"><img loading=\"lazy\" decoding=\"async\" width=\"1228\" height=\"854\" src=\"https:\/\/www.reseau-entreprendre.org\/maine-et-loire\/wp-content\/uploads\/sites\/48\/2025\/06\/Capture-decran-2025-06-19-105033.png\" alt=\"\" class=\"wp-image-3375\" style=\"width:1025px;height:auto\" srcset=\"https:\/\/www.reseau-entreprendre.org\/maine-et-loire\/wp-content\/uploads\/sites\/48\/2025\/06\/Capture-decran-2025-06-19-105033.png 1228w, https:\/\/www.reseau-entreprendre.org\/maine-et-loire\/wp-content\/uploads\/sites\/48\/2025\/06\/Capture-decran-2025-06-19-105033-300x209.png 300w, https:\/\/www.reseau-entreprendre.org\/maine-et-loire\/wp-content\/uploads\/sites\/48\/2025\/06\/Capture-decran-2025-06-19-105033-1024x712.png 1024w, https:\/\/www.reseau-entreprendre.org\/maine-et-loire\/wp-content\/uploads\/sites\/48\/2025\/06\/Capture-decran-2025-06-19-105033-768x534.png 768w, https:\/\/www.reseau-entreprendre.org\/maine-et-loire\/wp-content\/uploads\/sites\/48\/2025\/06\/Capture-decran-2025-06-19-105033-187x130.png 187w, https:\/\/www.reseau-entreprendre.org\/maine-et-loire\/wp-content\/uploads\/sites\/48\/2025\/06\/Capture-decran-2025-06-19-105033-100x70.png 100w\" sizes=\"auto, (max-width: 1228px) 100vw, 1228px\" \/><\/figure>\n\n\n\n<figure class=\"wp-block-image size-large\"><img loading=\"lazy\" decoding=\"async\" width=\"1024\" height=\"724\" src=\"https:\/\/www.reseau-entreprendre.org\/maine-et-loire\/wp-content\/uploads\/sites\/48\/2025\/06\/REVUE20253-1024x724.jpg\" alt=\"\" class=\"wp-image-3377\" srcset=\"https:\/\/www.reseau-entreprendre.org\/maine-et-loire\/wp-content\/uploads\/sites\/48\/2025\/06\/REVUE20253-1024x724.jpg 1024w, https:\/\/www.reseau-entreprendre.org\/maine-et-loire\/wp-content\/uploads\/sites\/48\/2025\/06\/REVUE20253-300x212.jpg 300w, https:\/\/www.reseau-entreprendre.org\/maine-et-loire\/wp-content\/uploads\/sites\/48\/2025\/06\/REVUE20253-768x543.jpg 768w, https:\/\/www.reseau-entreprendre.org\/maine-et-loire\/wp-content\/uploads\/sites\/48\/2025\/06\/REVUE20253-1536x1086.jpg 1536w, https:\/\/www.reseau-entreprendre.org\/maine-et-loire\/wp-content\/uploads\/sites\/48\/2025\/06\/REVUE20253-2048x1448.jpg 2048w, https:\/\/www.reseau-entreprendre.org\/maine-et-loire\/wp-content\/uploads\/sites\/48\/2025\/06\/REVUE20253-184x130.jpg 184w, https:\/\/www.reseau-entreprendre.org\/maine-et-loire\/wp-content\/uploads\/sites\/48\/2025\/06\/REVUE20253-100x71.jpg 100w\" sizes=\"auto, (max-width: 1024px) 100vw, 1024px\" \/><\/figure>\n\n\n\n<figure class=\"wp-block-image size-large\"><img loading=\"lazy\" decoding=\"async\" width=\"1024\" height=\"724\" src=\"https:\/\/www.reseau-entreprendre.org\/maine-et-loire\/wp-content\/uploads\/sites\/48\/2025\/06\/REVUE20254-1024x724.jpg\" alt=\"\" class=\"wp-image-3378\" srcset=\"https:\/\/www.reseau-entreprendre.org\/maine-et-loire\/wp-content\/uploads\/sites\/48\/2025\/06\/REVUE20254-1024x724.jpg 1024w, https:\/\/www.reseau-entreprendre.org\/maine-et-loire\/wp-content\/uploads\/sites\/48\/2025\/06\/REVUE20254-300x212.jpg 300w, https:\/\/www.reseau-entreprendre.org\/maine-et-loire\/wp-content\/uploads\/sites\/48\/2025\/06\/REVUE20254-768x543.jpg 768w, https:\/\/www.reseau-entreprendre.org\/maine-et-loire\/wp-content\/uploads\/sites\/48\/2025\/06\/REVUE20254-1536x1086.jpg 1536w, https:\/\/www.reseau-entreprendre.org\/maine-et-loire\/wp-content\/uploads\/sites\/48\/2025\/06\/REVUE20254-2048x1448.jpg 2048w, https:\/\/www.reseau-entreprendre.org\/maine-et-loire\/wp-content\/uploads\/sites\/48\/2025\/06\/REVUE20254-184x130.jpg 184w, https:\/\/www.reseau-entreprendre.org\/maine-et-loire\/wp-content\/uploads\/sites\/48\/2025\/06\/REVUE20254-100x71.jpg 100w\" sizes=\"auto, (max-width: 1024px) 100vw, 1024px\" \/><\/figure>\n\n\n\n<figure class=\"wp-block-image size-large\"><img loading=\"lazy\" decoding=\"async\" width=\"1024\" height=\"724\" src=\"https:\/\/www.reseau-entreprendre.org\/maine-et-loire\/wp-content\/uploads\/sites\/48\/2025\/06\/REVUE20255-1024x724.jpg\" alt=\"\" class=\"wp-image-3379\" srcset=\"https:\/\/www.reseau-entreprendre.org\/maine-et-loire\/wp-content\/uploads\/sites\/48\/2025\/06\/REVUE20255-1024x724.jpg 1024w, https:\/\/www.reseau-entreprendre.org\/maine-et-loire\/wp-content\/uploads\/sites\/48\/2025\/06\/REVUE20255-300x212.jpg 300w, https:\/\/www.reseau-entreprendre.org\/maine-et-loire\/wp-content\/uploads\/sites\/48\/2025\/06\/REVUE20255-768x543.jpg 768w, https:\/\/www.reseau-entreprendre.org\/maine-et-loire\/wp-content\/uploads\/sites\/48\/2025\/06\/REVUE20255-1536x1086.jpg 1536w, https:\/\/www.reseau-entreprendre.org\/maine-et-loire\/wp-content\/uploads\/sites\/48\/2025\/06\/REVUE20255-2048x1448.jpg 2048w, https:\/\/www.reseau-entreprendre.org\/maine-et-loire\/wp-content\/uploads\/sites\/48\/2025\/06\/REVUE20255-184x130.jpg 184w, https:\/\/www.reseau-entreprendre.org\/maine-et-loire\/wp-content\/uploads\/sites\/48\/2025\/06\/REVUE20255-100x71.jpg 100w\" sizes=\"auto, (max-width: 1024px) 100vw, 1024px\" \/><\/figure>\n\n\n\n<figure class=\"wp-block-image size-large\"><img loading=\"lazy\" decoding=\"async\" width=\"1024\" height=\"724\" src=\"https:\/\/www.reseau-entreprendre.org\/maine-et-loire\/wp-content\/uploads\/sites\/48\/2025\/06\/REVUE20256-1024x724.jpg\" alt=\"\" class=\"wp-image-3380\" srcset=\"https:\/\/www.reseau-entreprendre.org\/maine-et-loire\/wp-content\/uploads\/sites\/48\/2025\/06\/REVUE20256-1024x724.jpg 1024w, https:\/\/www.reseau-entreprendre.org\/maine-et-loire\/wp-content\/uploads\/sites\/48\/2025\/06\/REVUE20256-300x212.jpg 300w, https:\/\/www.reseau-entreprendre.org\/maine-et-loire\/wp-content\/uploads\/sites\/48\/2025\/06\/REVUE20256-768x543.jpg 768w, https:\/\/www.reseau-entreprendre.org\/maine-et-loire\/wp-content\/uploads\/sites\/48\/2025\/06\/REVUE20256-1536x1086.jpg 1536w, https:\/\/www.reseau-entreprendre.org\/maine-et-loire\/wp-content\/uploads\/sites\/48\/2025\/06\/REVUE20256-2048x1448.jpg 2048w, https:\/\/www.reseau-entreprendre.org\/maine-et-loire\/wp-content\/uploads\/sites\/48\/2025\/06\/REVUE20256-184x130.jpg 184w, https:\/\/www.reseau-entreprendre.org\/maine-et-loire\/wp-content\/uploads\/sites\/48\/2025\/06\/REVUE20256-100x71.jpg 100w\" sizes=\"auto, (max-width: 1024px) 100vw, 1024px\" \/><\/figure>\n\n\n\n<figure class=\"wp-block-image size-large\"><img loading=\"lazy\" decoding=\"async\" width=\"1024\" height=\"724\" src=\"https:\/\/www.reseau-entreprendre.org\/maine-et-loire\/wp-content\/uploads\/sites\/48\/2025\/06\/REVUE20257-1024x724.jpg\" alt=\"\" class=\"wp-image-3381\" srcset=\"https:\/\/www.reseau-entreprendre.org\/maine-et-loire\/wp-content\/uploads\/sites\/48\/2025\/06\/REVUE20257-1024x724.jpg 1024w, https:\/\/www.reseau-entreprendre.org\/maine-et-loire\/wp-content\/uploads\/sites\/48\/2025\/06\/REVUE20257-300x212.jpg 300w, https:\/\/www.reseau-entreprendre.org\/maine-et-loire\/wp-content\/uploads\/sites\/48\/2025\/06\/REVUE20257-768x543.jpg 768w, https:\/\/www.reseau-entreprendre.org\/maine-et-loire\/wp-content\/uploads\/sites\/48\/2025\/06\/REVUE20257-1536x1086.jpg 1536w, https:\/\/www.reseau-entreprendre.org\/maine-et-loire\/wp-content\/uploads\/sites\/48\/2025\/06\/REVUE20257-2048x1448.jpg 2048w, https:\/\/www.reseau-entreprendre.org\/maine-et-loire\/wp-content\/uploads\/sites\/48\/2025\/06\/REVUE20257-184x130.jpg 184w, https:\/\/www.reseau-entreprendre.org\/maine-et-loire\/wp-content\/uploads\/sites\/48\/2025\/06\/REVUE20257-100x71.jpg 100w\" sizes=\"auto, (max-width: 1024px) 100vw, 1024px\" \/><\/figure>\n\n\n\n<figure class=\"wp-block-image size-large\"><img loading=\"lazy\" decoding=\"async\" width=\"1024\" height=\"724\" src=\"https:\/\/www.reseau-entreprendre.org\/maine-et-loire\/wp-content\/uploads\/sites\/48\/2025\/06\/REVUE20258-1024x724.jpg\" alt=\"\" class=\"wp-image-3382\" srcset=\"https:\/\/www.reseau-entreprendre.org\/maine-et-loire\/wp-content\/uploads\/sites\/48\/2025\/06\/REVUE20258-1024x724.jpg 1024w, https:\/\/www.reseau-entreprendre.org\/maine-et-loire\/wp-content\/uploads\/sites\/48\/2025\/06\/REVUE20258-300x212.jpg 300w, https:\/\/www.reseau-entreprendre.org\/maine-et-loire\/wp-content\/uploads\/sites\/48\/2025\/06\/REVUE20258-768x543.jpg 768w, https:\/\/www.reseau-entreprendre.org\/maine-et-loire\/wp-content\/uploads\/sites\/48\/2025\/06\/REVUE20258-1536x1086.jpg 1536w, https:\/\/www.reseau-entreprendre.org\/maine-et-loire\/wp-content\/uploads\/sites\/48\/2025\/06\/REVUE20258-2048x1448.jpg 2048w, https:\/\/www.reseau-entreprendre.org\/maine-et-loire\/wp-content\/uploads\/sites\/48\/2025\/06\/REVUE20258-184x130.jpg 184w, https:\/\/www.reseau-entreprendre.org\/maine-et-loire\/wp-content\/uploads\/sites\/48\/2025\/06\/REVUE20258-100x71.jpg 100w\" sizes=\"auto, (max-width: 1024px) 100vw, 1024px\" \/><\/figure>\n\n\n\n<figure class=\"wp-block-image size-large\"><img loading=\"lazy\" decoding=\"async\" width=\"1024\" height=\"724\" src=\"https:\/\/www.reseau-entreprendre.org\/maine-et-loire\/wp-content\/uploads\/sites\/48\/2025\/06\/REVUE20259-1024x724.jpg\" alt=\"\" class=\"wp-image-3383\" srcset=\"https:\/\/www.reseau-entreprendre.org\/maine-et-loire\/wp-content\/uploads\/sites\/48\/2025\/06\/REVUE20259-1024x724.jpg 1024w, https:\/\/www.reseau-entreprendre.org\/maine-et-loire\/wp-content\/uploads\/sites\/48\/2025\/06\/REVUE20259-300x212.jpg 300w, https:\/\/www.reseau-entreprendre.org\/maine-et-loire\/wp-content\/uploads\/sites\/48\/2025\/06\/REVUE20259-768x543.jpg 768w, https:\/\/www.reseau-entreprendre.org\/maine-et-loire\/wp-content\/uploads\/sites\/48\/2025\/06\/REVUE20259-1536x1086.jpg 1536w, https:\/\/www.reseau-entreprendre.org\/maine-et-loire\/wp-content\/uploads\/sites\/48\/2025\/06\/REVUE20259-2048x1448.jpg 2048w, https:\/\/www.reseau-entreprendre.org\/maine-et-loire\/wp-content\/uploads\/sites\/48\/2025\/06\/REVUE20259-184x130.jpg 184w, https:\/\/www.reseau-entreprendre.org\/maine-et-loire\/wp-content\/uploads\/sites\/48\/2025\/06\/REVUE20259-100x71.jpg 100w\" sizes=\"auto, (max-width: 1024px) 100vw, 1024px\" \/><\/figure>\n\n\n\n<figure class=\"wp-block-image size-large\"><img loading=\"lazy\" decoding=\"async\" width=\"1024\" height=\"724\" src=\"https:\/\/www.reseau-entreprendre.org\/maine-et-loire\/wp-content\/uploads\/sites\/48\/2025\/06\/REVUE202510-1024x724.jpg\" alt=\"\" class=\"wp-image-3384\" srcset=\"https:\/\/www.reseau-entreprendre.org\/maine-et-loire\/wp-content\/uploads\/sites\/48\/2025\/06\/REVUE202510-1024x724.jpg 1024w, https:\/\/www.reseau-entreprendre.org\/maine-et-loire\/wp-content\/uploads\/sites\/48\/2025\/06\/REVUE202510-300x212.jpg 300w, https:\/\/www.reseau-entreprendre.org\/maine-et-loire\/wp-content\/uploads\/sites\/48\/2025\/06\/REVUE202510-768x543.jpg 768w, https:\/\/www.reseau-entreprendre.org\/maine-et-loire\/wp-content\/uploads\/sites\/48\/2025\/06\/REVUE202510-1536x1086.jpg 1536w, https:\/\/www.reseau-entreprendre.org\/maine-et-loire\/wp-content\/uploads\/sites\/48\/2025\/06\/REVUE202510-2048x1448.jpg 2048w, https:\/\/www.reseau-entreprendre.org\/maine-et-loire\/wp-content\/uploads\/sites\/48\/2025\/06\/REVUE202510-184x130.jpg 184w, https:\/\/www.reseau-entreprendre.org\/maine-et-loire\/wp-content\/uploads\/sites\/48\/2025\/06\/REVUE202510-100x71.jpg 100w\" sizes=\"auto, (max-width: 1024px) 100vw, 1024px\" \/><\/figure>\n\n\n\n<figure class=\"wp-block-image size-large is-resized\"><img loading=\"lazy\" decoding=\"async\" width=\"724\" height=\"1024\" src=\"https:\/\/www.reseau-entreprendre.org\/maine-et-loire\/wp-content\/uploads\/sites\/48\/2025\/06\/REVUE202511-724x1024.jpg\" alt=\"\" class=\"wp-image-3385\" style=\"width:521px;height:auto\" srcset=\"https:\/\/www.reseau-entreprendre.org\/maine-et-loire\/wp-content\/uploads\/sites\/48\/2025\/06\/REVUE202511-724x1024.jpg 724w, https:\/\/www.reseau-entreprendre.org\/maine-et-loire\/wp-content\/uploads\/sites\/48\/2025\/06\/REVUE202511-212x300.jpg 212w, https:\/\/www.reseau-entreprendre.org\/maine-et-loire\/wp-content\/uploads\/sites\/48\/2025\/06\/REVUE202511-768x1086.jpg 768w, https:\/\/www.reseau-entreprendre.org\/maine-et-loire\/wp-content\/uploads\/sites\/48\/2025\/06\/REVUE202511-1086x1536.jpg 1086w, https:\/\/www.reseau-entreprendre.org\/maine-et-loire\/wp-content\/uploads\/sites\/48\/2025\/06\/REVUE202511-1448x2048.jpg 1448w, https:\/\/www.reseau-entreprendre.org\/maine-et-loire\/wp-content\/uploads\/sites\/48\/2025\/06\/REVUE202511-92x130.jpg 92w, https:\/\/www.reseau-entreprendre.org\/maine-et-loire\/wp-content\/uploads\/sites\/48\/2025\/06\/REVUE202511-71x100.jpg 71w, https:\/\/www.reseau-entreprendre.org\/maine-et-loire\/wp-content\/uploads\/sites\/48\/2025\/06\/REVUE202511-scaled.jpg 1810w\" sizes=\"auto, (max-width: 724px) 100vw, 724px\" \/><\/figure>\n","protected":false},"excerpt":{"rendered":"<p>EDITION 2025<\/p>\n","protected":false},"author":226,"featured_media":0,"parent":1322,"menu_order":1,"comment_status":"closed","ping_status":"closed","template":"","meta":{"_acf_changed":false,"_monsterinsights_skip_tracking":false,"_monsterinsights_sitenote_active":false,"_monsterinsights_sitenote_note":"","_monsterinsights_sitenote_category":0,"footnotes":""},"class_list":["post-3371","page","type-page","status-publish","hentry"],"acf":[],"yoast_head":"<!-- This site is optimized with the Yoast SEO plugin v27.4 - https:\/\/yoast.com\/product\/yoast-seo-wordpress\/ -->\n<title>REVUE 2025 - R\u00e9seau Entreprendre Maine &amp; Loire<\/title>\n<meta name=\"description\" content=\"D\u00e9couvrez l&#039;\u00e9dition 2024 du magazine R\u00e9seau entreprendre Maine-et-Loire !\" \/>\n<meta name=\"robots\" content=\"index, follow, max-snippet:-1, max-image-preview:large, max-video-preview:-1\" \/>\n<link rel=\"canonical\" href=\"https:\/\/www.reseau-entreprendre.org\/maine-et-loire\/qui-sommes-nous-2\/magazine-re49\/\" \/>\n<meta property=\"og:locale\" content=\"fr_FR\" \/>\n<meta property=\"og:type\" content=\"article\" \/>\n<meta property=\"og:title\" content=\"REVUE 2025 - R\u00e9seau Entreprendre Maine &amp; Loire\" \/>\n<meta property=\"og:description\" content=\"D\u00e9couvrez l&#039;\u00e9dition 2024 du magazine R\u00e9seau entreprendre Maine-et-Loire !\" \/>\n<meta property=\"og:url\" content=\"https:\/\/www.reseau-entreprendre.org\/maine-et-loire\/qui-sommes-nous-2\/magazine-re49\/\" \/>\n<meta property=\"og:site_name\" content=\"R\u00e9seau Entreprendre Maine &amp; Loire\" \/>\n<meta property=\"article:modified_time\" content=\"2025-06-20T10:22:05+00:00\" \/>\n<meta property=\"og:image\" content=\"https:\/\/www.reseau-entreprendre.org\/maine-et-loire\/wp-content\/uploads\/sites\/48\/2025\/06\/Capture-decran-2025-06-19-105019-1.png\" \/>\n\t<meta property=\"og:image:width\" content=\"612\" \/>\n\t<meta property=\"og:image:height\" content=\"844\" \/>\n\t<meta property=\"og:image:type\" content=\"image\/png\" \/>\n<meta name=\"twitter:card\" content=\"summary_large_image\" \/>\n<meta name=\"twitter:label1\" content=\"Dur\u00e9e de lecture estim\u00e9e\" \/>\n\t<meta name=\"twitter:data1\" content=\"3 minutes\" \/>\n<script type=\"application\/ld+json\" class=\"yoast-schema-graph\">{\"@context\":\"https:\\\/\\\/schema.org\",\"@graph\":[{\"@type\":\"WebPage\",\"@id\":\"https:\\\/\\\/www.reseau-entreprendre.org\\\/maine-et-loire\\\/qui-sommes-nous-2\\\/magazine-re49\\\/\",\"url\":\"https:\\\/\\\/www.reseau-entreprendre.org\\\/maine-et-loire\\\/qui-sommes-nous-2\\\/magazine-re49\\\/\",\"name\":\"REVUE 2025 - R\u00e9seau Entreprendre Maine &amp; Loire\",\"isPartOf\":{\"@id\":\"https:\\\/\\\/www.reseau-entreprendre.org\\\/maine-et-loire\\\/#website\"},\"primaryImageOfPage\":{\"@id\":\"https:\\\/\\\/www.reseau-entreprendre.org\\\/maine-et-loire\\\/qui-sommes-nous-2\\\/magazine-re49\\\/#primaryimage\"},\"image\":{\"@id\":\"https:\\\/\\\/www.reseau-entreprendre.org\\\/maine-et-loire\\\/qui-sommes-nous-2\\\/magazine-re49\\\/#primaryimage\"},\"thumbnailUrl\":\"https:\\\/\\\/www.reseau-entreprendre.org\\\/maine-et-loire\\\/wp-content\\\/uploads\\\/sites\\\/48\\\/2025\\\/06\\\/Capture-decran-2025-06-19-105019-1.png\",\"datePublished\":\"2025-06-19T10:15:17+00:00\",\"dateModified\":\"2025-06-20T10:22:05+00:00\",\"description\":\"D\u00e9couvrez l'\u00e9dition 2024 du magazine R\u00e9seau entreprendre Maine-et-Loire !\",\"breadcrumb\":{\"@id\":\"https:\\\/\\\/www.reseau-entreprendre.org\\\/maine-et-loire\\\/qui-sommes-nous-2\\\/magazine-re49\\\/#breadcrumb\"},\"inLanguage\":\"fr-FR\",\"potentialAction\":[{\"@type\":\"ReadAction\",\"target\":[\"https:\\\/\\\/www.reseau-entreprendre.org\\\/maine-et-loire\\\/qui-sommes-nous-2\\\/magazine-re49\\\/\"]}]},{\"@type\":\"ImageObject\",\"inLanguage\":\"fr-FR\",\"@id\":\"https:\\\/\\\/www.reseau-entreprendre.org\\\/maine-et-loire\\\/qui-sommes-nous-2\\\/magazine-re49\\\/#primaryimage\",\"url\":\"https:\\\/\\\/www.reseau-entreprendre.org\\\/maine-et-loire\\\/wp-content\\\/uploads\\\/sites\\\/48\\\/2025\\\/06\\\/Capture-decran-2025-06-19-105019-1.png\",\"contentUrl\":\"https:\\\/\\\/www.reseau-entreprendre.org\\\/maine-et-loire\\\/wp-content\\\/uploads\\\/sites\\\/48\\\/2025\\\/06\\\/Capture-decran-2025-06-19-105019-1.png\",\"width\":612,\"height\":844},{\"@type\":\"BreadcrumbList\",\"@id\":\"https:\\\/\\\/www.reseau-entreprendre.org\\\/maine-et-loire\\\/qui-sommes-nous-2\\\/magazine-re49\\\/#breadcrumb\",\"itemListElement\":[{\"@type\":\"ListItem\",\"position\":1,\"name\":\"Accueil\",\"item\":\"https:\\\/\\\/www.reseau-entreprendre.org\\\/maine-et-loire\\\/\"},{\"@type\":\"ListItem\",\"position\":2,\"name\":\"Qui sommes-nous ?\",\"item\":\"https:\\\/\\\/www.reseau-entreprendre.org\\\/maine-et-loire\\\/qui-sommes-nous-2\\\/\"},{\"@type\":\"ListItem\",\"position\":3,\"name\":\"REVUE 2025\"}]},{\"@type\":\"WebSite\",\"@id\":\"https:\\\/\\\/www.reseau-entreprendre.org\\\/maine-et-loire\\\/#website\",\"url\":\"https:\\\/\\\/www.reseau-entreprendre.org\\\/maine-et-loire\\\/\",\"name\":\"R\u00e9seau Entreprendre Maine &amp; Loire\",\"description\":\"&quot;Qui mieux qu&#039;un chef d&#039;entreprise peut accompagner un chef d&#039;entreprise ?&quot;\",\"potentialAction\":[{\"@type\":\"SearchAction\",\"target\":{\"@type\":\"EntryPoint\",\"urlTemplate\":\"https:\\\/\\\/www.reseau-entreprendre.org\\\/maine-et-loire\\\/?s={search_term_string}\"},\"query-input\":{\"@type\":\"PropertyValueSpecification\",\"valueRequired\":true,\"valueName\":\"search_term_string\"}}],\"inLanguage\":\"fr-FR\"}]}<\/script>\n<!-- \/ Yoast SEO plugin. -->","yoast_head_json":{"title":"REVUE 2025 - R\u00e9seau Entreprendre Maine &amp; Loire","description":"D\u00e9couvrez l'\u00e9dition 2024 du magazine R\u00e9seau entreprendre Maine-et-Loire !","robots":{"index":"index","follow":"follow","max-snippet":"max-snippet:-1","max-image-preview":"max-image-preview:large","max-video-preview":"max-video-preview:-1"},"canonical":"https:\/\/www.reseau-entreprendre.org\/maine-et-loire\/qui-sommes-nous-2\/magazine-re49\/","og_locale":"fr_FR","og_type":"article","og_title":"REVUE 2025 - R\u00e9seau Entreprendre Maine &amp; Loire","og_description":"D\u00e9couvrez l'\u00e9dition 2024 du magazine R\u00e9seau entreprendre Maine-et-Loire !","og_url":"https:\/\/www.reseau-entreprendre.org\/maine-et-loire\/qui-sommes-nous-2\/magazine-re49\/","og_site_name":"R\u00e9seau Entreprendre Maine &amp; Loire","article_modified_time":"2025-06-20T10:22:05+00:00","og_image":[{"width":612,"height":844,"url":"https:\/\/www.reseau-entreprendre.org\/maine-et-loire\/wp-content\/uploads\/sites\/48\/2025\/06\/Capture-decran-2025-06-19-105019-1.png","type":"image\/png"}],"twitter_card":"summary_large_image","twitter_misc":{"Dur\u00e9e de lecture estim\u00e9e":"3 minutes"},"schema":{"@context":"https:\/\/schema.org","@graph":[{"@type":"WebPage","@id":"https:\/\/www.reseau-entreprendre.org\/maine-et-loire\/qui-sommes-nous-2\/magazine-re49\/","url":"https:\/\/www.reseau-entreprendre.org\/maine-et-loire\/qui-sommes-nous-2\/magazine-re49\/","name":"REVUE 2025 - R\u00e9seau Entreprendre Maine &amp; Loire","isPartOf":{"@id":"https:\/\/www.reseau-entreprendre.org\/maine-et-loire\/#website"},"primaryImageOfPage":{"@id":"https:\/\/www.reseau-entreprendre.org\/maine-et-loire\/qui-sommes-nous-2\/magazine-re49\/#primaryimage"},"image":{"@id":"https:\/\/www.reseau-entreprendre.org\/maine-et-loire\/qui-sommes-nous-2\/magazine-re49\/#primaryimage"},"thumbnailUrl":"https:\/\/www.reseau-entreprendre.org\/maine-et-loire\/wp-content\/uploads\/sites\/48\/2025\/06\/Capture-decran-2025-06-19-105019-1.png","datePublished":"2025-06-19T10:15:17+00:00","dateModified":"2025-06-20T10:22:05+00:00","description":"D\u00e9couvrez l'\u00e9dition 2024 du magazine R\u00e9seau entreprendre Maine-et-Loire !","breadcrumb":{"@id":"https:\/\/www.reseau-entreprendre.org\/maine-et-loire\/qui-sommes-nous-2\/magazine-re49\/#breadcrumb"},"inLanguage":"fr-FR","potentialAction":[{"@type":"ReadAction","target":["https:\/\/www.reseau-entreprendre.org\/maine-et-loire\/qui-sommes-nous-2\/magazine-re49\/"]}]},{"@type":"ImageObject","inLanguage":"fr-FR","@id":"https:\/\/www.reseau-entreprendre.org\/maine-et-loire\/qui-sommes-nous-2\/magazine-re49\/#primaryimage","url":"https:\/\/www.reseau-entreprendre.org\/maine-et-loire\/wp-content\/uploads\/sites\/48\/2025\/06\/Capture-decran-2025-06-19-105019-1.png","contentUrl":"https:\/\/www.reseau-entreprendre.org\/maine-et-loire\/wp-content\/uploads\/sites\/48\/2025\/06\/Capture-decran-2025-06-19-105019-1.png","width":612,"height":844},{"@type":"BreadcrumbList","@id":"https:\/\/www.reseau-entreprendre.org\/maine-et-loire\/qui-sommes-nous-2\/magazine-re49\/#breadcrumb","itemListElement":[{"@type":"ListItem","position":1,"name":"Accueil","item":"https:\/\/www.reseau-entreprendre.org\/maine-et-loire\/"},{"@type":"ListItem","position":2,"name":"Qui sommes-nous ?","item":"https:\/\/www.reseau-entreprendre.org\/maine-et-loire\/qui-sommes-nous-2\/"},{"@type":"ListItem","position":3,"name":"REVUE 2025"}]},{"@type":"WebSite","@id":"https:\/\/www.reseau-entreprendre.org\/maine-et-loire\/#website","url":"https:\/\/www.reseau-entreprendre.org\/maine-et-loire\/","name":"R\u00e9seau Entreprendre Maine &amp; Loire","description":"&quot;Qui mieux qu&#039;un chef d&#039;entreprise peut accompagner un chef d&#039;entreprise ?&quot;","potentialAction":[{"@type":"SearchAction","target":{"@type":"EntryPoint","urlTemplate":"https:\/\/www.reseau-entreprendre.org\/maine-et-loire\/?s={search_term_string}"},"query-input":{"@type":"PropertyValueSpecification","valueRequired":true,"valueName":"search_term_string"}}],"inLanguage":"fr-FR"}]}},"_links":{"self":[{"href":"https:\/\/www.reseau-entreprendre.org\/maine-et-loire\/wp-json\/wp\/v2\/pages\/3371","targetHints":{"allow":["GET"]}}],"collection":[{"href":"https:\/\/www.reseau-entreprendre.org\/maine-et-loire\/wp-json\/wp\/v2\/pages"}],"about":[{"href":"https:\/\/www.reseau-entreprendre.org\/maine-et-loire\/wp-json\/wp\/v2\/types\/page"}],"author":[{"embeddable":true,"href":"https:\/\/www.reseau-entreprendre.org\/maine-et-loire\/wp-json\/wp\/v2\/users\/226"}],"replies":[{"embeddable":true,"href":"https:\/\/www.reseau-entreprendre.org\/maine-et-loire\/wp-json\/wp\/v2\/comments?post=3371"}],"version-history":[{"count":0,"href":"https:\/\/www.reseau-entreprendre.org\/maine-et-loire\/wp-json\/wp\/v2\/pages\/3371\/revisions"}],"up":[{"embeddable":true,"href":"https:\/\/www.reseau-entreprendre.org\/maine-et-loire\/wp-json\/wp\/v2\/pages\/1322"}],"wp:attachment":[{"href":"https:\/\/www.reseau-entreprendre.org\/maine-et-loire\/wp-json\/wp\/v2\/media?parent=3371"}],"curies":[{"name":"wp","href":"https:\/\/api.w.org\/{rel}","templated":true}]}}