{"id":11,"date":"2017-04-28T12:33:20","date_gmt":"2017-04-28T10:33:20","guid":{"rendered":"https:\/\/www.reseau-entreprendre.org\/maroc\/?page_id=11"},"modified":"2024-06-12T13:50:36","modified_gmt":"2024-06-12T11:50:36","slug":"qui-sommes-nous","status":"publish","type":"page","link":"https:\/\/www.reseau-entreprendre.org\/maroc\/qui-sommes-nous\/","title":{"rendered":"Qui sommes-nous"},"content":{"rendered":"\n<h1 class=\"wp-block-heading\"><\/h1>\n\n\n\n<hr class=\"wp-block-separator has-css-opacity\" \/>\n\n\n\n<p>1er R\u00e9seau priv\u00e9 de chefs d&#8217;entreprises qui a pour vocation d&#8217;aider les cr\u00e9ateurs et repreneurs au d\u00e9marrage de leurs projets.<\/p>\n\n\n\n<p>En 2005, gr\u00e2ce \u00e0 la d\u00e9termination d&#8217;un groupe de militants du d\u00e9veloppement \u00e9conomique de notre pays, des chefs d&#8217;entreprises marocains, pleins de bonne volont\u00e9 et s\u00e9duits par la mission et les fondamentaux de R\u00e9seau Entreprendre International, ont pris l&#8217;initiative de cr\u00e9er R\u00e9seau Entreprendre Maroc<\/p>\n\n\n\n<p>R\u00e9seau Entreprendre Maroc est ainsi une association de chefs d&#8217;entreprise ayant pour mission de contribuer \u00e0 la r\u00e9ussite de nouveaux entrepreneurs significativement cr\u00e9ateurs d&#8217;emplois et de richesse. Sa vocation premi\u00e8re est d&#8217;accompagner ces femmes et ces hommes qui, par l&#8217;ambition qu&#8217;ils portent, leur potentiel entrepreneurial, leur m\u00e9tier et le march\u00e9 auquel ils s&#8217;adressent, sont susceptibles de faire de leur entreprise, une PME apte \u00e0 se d\u00e9velopper. Cet accompagnement comprend \u00e9galement une aide financi\u00e8re d\u00e9livr\u00e9e \u00e0 titre personnel ( un pr\u00eat d&#8217;honneur) destin\u00e9 \u00e0 renforcer les fonds propres de l&#8217;entreprise et \u00e0 cr\u00e9er un effet de levier sur les autres financements. R\u00e9seau Entreprendre Maroc entend ainsi maximiser les chances de r\u00e9ussite de cr\u00e9ateurs et repreneurs qu&#8217;il accompagne, leur permettant de b\u00e9n\u00e9ficier du soutien, de l&#8217;exp\u00e9rience, des comp\u00e9tences et aussi du r\u00e9seau des membres de l&#8217;association.<\/p>\n\n\n\n<p>Depuis 2011, R\u00e9seau Entreprendre a accompagn\u00e9 <strong><mark class=\"has-inline-color has-re-red-color\">240<\/mark><\/strong> Entreprises Laur\u00e9ates, a accord\u00e9 plus de <strong><mark class=\"has-inline-color has-re-red-color\">40 MDHS<\/mark><\/strong> en financement, permettant ainsi la cr\u00e9ation de plus de <strong><mark class=\"has-inline-color has-re-red-color\">3000<\/mark><\/strong> emplois directs.<\/p>\n\n\n\n<hr class=\"wp-block-separator has-css-opacity\" \/>\n\n\n\n<h5 class=\"wp-block-heading has-re-red-color has-text-color has-link-color has-medium-font-size wp-elements-ecc19ec420655d6363f726774b998230\"><strong>NOTRE AMBITION :<\/strong><\/h5>\n\n\n\n<p><\/p>\n\n\n\n<ul class=\"wp-block-list\">\n<li>Lib\u00e9rer le potentiel entrepreneurial des talents marocains pour cr\u00e9er des entreprises \u00e0 fort impact et \u00e0 fort valeur ajout\u00e9e pour leur territoire;<\/li>\n<\/ul>\n\n\n\n<ul class=\"wp-block-list\">\n<li>Contribuer \u00e0 la dynamique de cr\u00e9ation d&#8217;entreprises et par cons\u00e9quent de cr\u00e9ation d&#8217;emplois;<\/li>\n<\/ul>\n\n\n\n<ul class=\"wp-block-list\">\n<li>Canaliser les efforts et les moyens de R\u00e9seau et ceux de nos partenaires vers des programmes \u00e0 fort impact pour le soutien de l&#8217;entrepreneuriat et de l&#8217;innovation;<\/li>\n<\/ul>\n\n\n\n<ul class=\"wp-block-list\">\n<li>Faire de l&#8217;accompagnement entrepreneurial la cl\u00e9 de r\u00e9ussite des cr\u00e9ateurs d&#8217;entreprise;<\/li>\n<\/ul>\n\n\n\n<p><\/p>\n\n\n\n<p class=\"has-text-align-right\"><\/p>\n\n\n\n<h5 class=\"wp-block-heading has-re-red-color has-text-color has-link-color wp-elements-a12658e6c27f100f9bf87682019a6b69\"><strong>NOS VALEURS :<\/strong><\/h5>\n\n\n\n<p><\/p>\n\n\n\n<p><\/p>\n\n\n<div class=\"wp-block-image\">\n<figure class=\"aligncenter size-large\"><img loading=\"lazy\" decoding=\"async\" width=\"1024\" height=\"205\" src=\"https:\/\/www.reseau-entreprendre.org\/maroc\/wp-content\/uploads\/sites\/12\/2024\/06\/VALEURS-2-1024x205.png\" alt=\"\" class=\"wp-image-2144\" srcset=\"https:\/\/www.reseau-entreprendre.org\/maroc\/wp-content\/uploads\/sites\/12\/2024\/06\/VALEURS-2-1024x205.png 1024w, https:\/\/www.reseau-entreprendre.org\/maroc\/wp-content\/uploads\/sites\/12\/2024\/06\/VALEURS-2-300x60.png 300w, https:\/\/www.reseau-entreprendre.org\/maroc\/wp-content\/uploads\/sites\/12\/2024\/06\/VALEURS-2-768x154.png 768w, https:\/\/www.reseau-entreprendre.org\/maroc\/wp-content\/uploads\/sites\/12\/2024\/06\/VALEURS-2-210x42.png 210w, https:\/\/www.reseau-entreprendre.org\/maroc\/wp-content\/uploads\/sites\/12\/2024\/06\/VALEURS-2-100x20.png 100w, https:\/\/www.reseau-entreprendre.org\/maroc\/wp-content\/uploads\/sites\/12\/2024\/06\/VALEURS-2.png 1500w\" sizes=\"auto, (max-width: 1024px) 100vw, 1024px\" \/><\/figure>\n<\/div>\n\n\n<p class=\"has-re-red-color has-text-color\"><\/p>\n\n\n\n<p class=\"has-text-align-center\"><\/p>\n\n\n\n<p class=\"has-text-align-center\"><\/p>\n","protected":false},"excerpt":{"rendered":"<p>1er R\u00e9seau priv\u00e9 de chefs d&#8217;entreprises qui a pour vocation<\/p>\n","protected":false},"author":110,"featured_media":0,"parent":0,"menu_order":0,"comment_status":"closed","ping_status":"closed","template":"","meta":{"_acf_changed":false,"_monsterinsights_skip_tracking":false,"_monsterinsights_sitenote_active":false,"_monsterinsights_sitenote_note":"","_monsterinsights_sitenote_category":0,"footnotes":""},"class_list":["post-11","page","type-page","status-publish","hentry"],"acf":[],"yoast_head":"<!-- This site is optimized with the Yoast SEO plugin v27.4 - https:\/\/yoast.com\/product\/yoast-seo-wordpress\/ -->\n<title>Qui sommes-nous ? | Reseau Entreprendre Maroc<\/title>\n<meta name=\"description\" content=\"R\u00e9seau Entreprendre Maroc, un r\u00e9seau de chefs d\u2019entreprise exp\u00e9riment\u00e9s qui mettent leurs comp\u00e9tences au service des entrepreneurs.\" \/>\n<meta name=\"robots\" content=\"index, follow, max-snippet:-1, max-image-preview:large, max-video-preview:-1\" \/>\n<link rel=\"canonical\" href=\"https:\/\/www.reseau-entreprendre.org\/maroc\/qui-sommes-nous\/\" \/>\n<meta property=\"og:locale\" content=\"fr_FR\" \/>\n<meta property=\"og:type\" content=\"article\" \/>\n<meta property=\"og:title\" content=\"Qui sommes-nous ? | Reseau Entreprendre Maroc\" \/>\n<meta property=\"og:description\" content=\"R\u00e9seau Entreprendre Maroc, un r\u00e9seau de chefs d\u2019entreprise exp\u00e9riment\u00e9s qui mettent leurs comp\u00e9tences au service des entrepreneurs.\" \/>\n<meta property=\"og:url\" content=\"https:\/\/www.reseau-entreprendre.org\/maroc\/qui-sommes-nous\/\" \/>\n<meta property=\"og:site_name\" content=\"R\u00e9seau Entreprendre Maroc\" \/>\n<meta property=\"article:modified_time\" content=\"2024-06-12T11:50:36+00:00\" \/>\n<meta property=\"og:image\" content=\"https:\/\/www.reseau-entreprendre.org\/maroc\/wp-content\/uploads\/sites\/12\/2024\/06\/VALEURS-2-1024x205.png\" \/>\n<meta name=\"twitter:card\" content=\"summary_large_image\" \/>\n<meta name=\"twitter:label1\" content=\"Dur\u00e9e de lecture estim\u00e9e\" \/>\n\t<meta name=\"twitter:data1\" content=\"2 minutes\" \/>\n<script type=\"application\/ld+json\" class=\"yoast-schema-graph\">{\"@context\":\"https:\\\/\\\/schema.org\",\"@graph\":[{\"@type\":\"WebPage\",\"@id\":\"https:\\\/\\\/www.reseau-entreprendre.org\\\/maroc\\\/qui-sommes-nous\\\/\",\"url\":\"https:\\\/\\\/www.reseau-entreprendre.org\\\/maroc\\\/qui-sommes-nous\\\/\",\"name\":\"Qui sommes-nous ? | Reseau Entreprendre Maroc\",\"isPartOf\":{\"@id\":\"https:\\\/\\\/www.reseau-entreprendre.org\\\/maroc\\\/#website\"},\"primaryImageOfPage\":{\"@id\":\"https:\\\/\\\/www.reseau-entreprendre.org\\\/maroc\\\/qui-sommes-nous\\\/#primaryimage\"},\"image\":{\"@id\":\"https:\\\/\\\/www.reseau-entreprendre.org\\\/maroc\\\/qui-sommes-nous\\\/#primaryimage\"},\"thumbnailUrl\":\"https:\\\/\\\/www.reseau-entreprendre.org\\\/maroc\\\/wp-content\\\/uploads\\\/sites\\\/12\\\/2024\\\/06\\\/VALEURS-2-1024x205.png\",\"datePublished\":\"2017-04-28T10:33:20+00:00\",\"dateModified\":\"2024-06-12T11:50:36+00:00\",\"description\":\"R\u00e9seau Entreprendre Maroc, un r\u00e9seau de chefs d\u2019entreprise exp\u00e9riment\u00e9s qui mettent leurs comp\u00e9tences au service des entrepreneurs.\",\"breadcrumb\":{\"@id\":\"https:\\\/\\\/www.reseau-entreprendre.org\\\/maroc\\\/qui-sommes-nous\\\/#breadcrumb\"},\"inLanguage\":\"fr-FR\",\"potentialAction\":[{\"@type\":\"ReadAction\",\"target\":[\"https:\\\/\\\/www.reseau-entreprendre.org\\\/maroc\\\/qui-sommes-nous\\\/\"]}]},{\"@type\":\"ImageObject\",\"inLanguage\":\"fr-FR\",\"@id\":\"https:\\\/\\\/www.reseau-entreprendre.org\\\/maroc\\\/qui-sommes-nous\\\/#primaryimage\",\"url\":\"https:\\\/\\\/www.reseau-entreprendre.org\\\/maroc\\\/wp-content\\\/uploads\\\/sites\\\/12\\\/2024\\\/06\\\/VALEURS-2.png\",\"contentUrl\":\"https:\\\/\\\/www.reseau-entreprendre.org\\\/maroc\\\/wp-content\\\/uploads\\\/sites\\\/12\\\/2024\\\/06\\\/VALEURS-2.png\",\"width\":1500,\"height\":300},{\"@type\":\"BreadcrumbList\",\"@id\":\"https:\\\/\\\/www.reseau-entreprendre.org\\\/maroc\\\/qui-sommes-nous\\\/#breadcrumb\",\"itemListElement\":[{\"@type\":\"ListItem\",\"position\":1,\"name\":\"Accueil\",\"item\":\"https:\\\/\\\/www.reseau-entreprendre.org\\\/maroc\\\/\"},{\"@type\":\"ListItem\",\"position\":2,\"name\":\"Qui sommes-nous\"}]},{\"@type\":\"WebSite\",\"@id\":\"https:\\\/\\\/www.reseau-entreprendre.org\\\/maroc\\\/#website\",\"url\":\"https:\\\/\\\/www.reseau-entreprendre.org\\\/maroc\\\/\",\"name\":\"R\u00e9seau Entreprendre Maroc\",\"description\":\"Un site utilisant Les sites de R\u00e9seau Entreprendre\",\"potentialAction\":[{\"@type\":\"SearchAction\",\"target\":{\"@type\":\"EntryPoint\",\"urlTemplate\":\"https:\\\/\\\/www.reseau-entreprendre.org\\\/maroc\\\/?s={search_term_string}\"},\"query-input\":{\"@type\":\"PropertyValueSpecification\",\"valueRequired\":true,\"valueName\":\"search_term_string\"}}],\"inLanguage\":\"fr-FR\"}]}<\/script>\n<!-- \/ Yoast SEO plugin. -->","yoast_head_json":{"title":"Qui sommes-nous ? | Reseau Entreprendre Maroc","description":"R\u00e9seau Entreprendre Maroc, un r\u00e9seau de chefs d\u2019entreprise exp\u00e9riment\u00e9s qui mettent leurs comp\u00e9tences au service des entrepreneurs.","robots":{"index":"index","follow":"follow","max-snippet":"max-snippet:-1","max-image-preview":"max-image-preview:large","max-video-preview":"max-video-preview:-1"},"canonical":"https:\/\/www.reseau-entreprendre.org\/maroc\/qui-sommes-nous\/","og_locale":"fr_FR","og_type":"article","og_title":"Qui sommes-nous ? | Reseau Entreprendre Maroc","og_description":"R\u00e9seau Entreprendre Maroc, un r\u00e9seau de chefs d\u2019entreprise exp\u00e9riment\u00e9s qui mettent leurs comp\u00e9tences au service des entrepreneurs.","og_url":"https:\/\/www.reseau-entreprendre.org\/maroc\/qui-sommes-nous\/","og_site_name":"R\u00e9seau Entreprendre Maroc","article_modified_time":"2024-06-12T11:50:36+00:00","og_image":[{"url":"https:\/\/www.reseau-entreprendre.org\/maroc\/wp-content\/uploads\/sites\/12\/2024\/06\/VALEURS-2-1024x205.png","type":"","width":"","height":""}],"twitter_card":"summary_large_image","twitter_misc":{"Dur\u00e9e de lecture estim\u00e9e":"2 minutes"},"schema":{"@context":"https:\/\/schema.org","@graph":[{"@type":"WebPage","@id":"https:\/\/www.reseau-entreprendre.org\/maroc\/qui-sommes-nous\/","url":"https:\/\/www.reseau-entreprendre.org\/maroc\/qui-sommes-nous\/","name":"Qui sommes-nous ? | Reseau Entreprendre Maroc","isPartOf":{"@id":"https:\/\/www.reseau-entreprendre.org\/maroc\/#website"},"primaryImageOfPage":{"@id":"https:\/\/www.reseau-entreprendre.org\/maroc\/qui-sommes-nous\/#primaryimage"},"image":{"@id":"https:\/\/www.reseau-entreprendre.org\/maroc\/qui-sommes-nous\/#primaryimage"},"thumbnailUrl":"https:\/\/www.reseau-entreprendre.org\/maroc\/wp-content\/uploads\/sites\/12\/2024\/06\/VALEURS-2-1024x205.png","datePublished":"2017-04-28T10:33:20+00:00","dateModified":"2024-06-12T11:50:36+00:00","description":"R\u00e9seau Entreprendre Maroc, un r\u00e9seau de chefs d\u2019entreprise exp\u00e9riment\u00e9s qui mettent leurs comp\u00e9tences au service des entrepreneurs.","breadcrumb":{"@id":"https:\/\/www.reseau-entreprendre.org\/maroc\/qui-sommes-nous\/#breadcrumb"},"inLanguage":"fr-FR","potentialAction":[{"@type":"ReadAction","target":["https:\/\/www.reseau-entreprendre.org\/maroc\/qui-sommes-nous\/"]}]},{"@type":"ImageObject","inLanguage":"fr-FR","@id":"https:\/\/www.reseau-entreprendre.org\/maroc\/qui-sommes-nous\/#primaryimage","url":"https:\/\/www.reseau-entreprendre.org\/maroc\/wp-content\/uploads\/sites\/12\/2024\/06\/VALEURS-2.png","contentUrl":"https:\/\/www.reseau-entreprendre.org\/maroc\/wp-content\/uploads\/sites\/12\/2024\/06\/VALEURS-2.png","width":1500,"height":300},{"@type":"BreadcrumbList","@id":"https:\/\/www.reseau-entreprendre.org\/maroc\/qui-sommes-nous\/#breadcrumb","itemListElement":[{"@type":"ListItem","position":1,"name":"Accueil","item":"https:\/\/www.reseau-entreprendre.org\/maroc\/"},{"@type":"ListItem","position":2,"name":"Qui sommes-nous"}]},{"@type":"WebSite","@id":"https:\/\/www.reseau-entreprendre.org\/maroc\/#website","url":"https:\/\/www.reseau-entreprendre.org\/maroc\/","name":"R\u00e9seau Entreprendre Maroc","description":"Un site utilisant Les sites de R\u00e9seau Entreprendre","potentialAction":[{"@type":"SearchAction","target":{"@type":"EntryPoint","urlTemplate":"https:\/\/www.reseau-entreprendre.org\/maroc\/?s={search_term_string}"},"query-input":{"@type":"PropertyValueSpecification","valueRequired":true,"valueName":"search_term_string"}}],"inLanguage":"fr-FR"}]}},"_links":{"self":[{"href":"https:\/\/www.reseau-entreprendre.org\/maroc\/wp-json\/wp\/v2\/pages\/11","targetHints":{"allow":["GET"]}}],"collection":[{"href":"https:\/\/www.reseau-entreprendre.org\/maroc\/wp-json\/wp\/v2\/pages"}],"about":[{"href":"https:\/\/www.reseau-entreprendre.org\/maroc\/wp-json\/wp\/v2\/types\/page"}],"author":[{"embeddable":true,"href":"https:\/\/www.reseau-entreprendre.org\/maroc\/wp-json\/wp\/v2\/users\/110"}],"replies":[{"embeddable":true,"href":"https:\/\/www.reseau-entreprendre.org\/maroc\/wp-json\/wp\/v2\/comments?post=11"}],"version-history":[{"count":0,"href":"https:\/\/www.reseau-entreprendre.org\/maroc\/wp-json\/wp\/v2\/pages\/11\/revisions"}],"wp:attachment":[{"href":"https:\/\/www.reseau-entreprendre.org\/maroc\/wp-json\/wp\/v2\/media?parent=11"}],"curies":[{"name":"wp","href":"https:\/\/api.w.org\/{rel}","templated":true}]}}