{"id":15,"date":"2017-04-28T12:33:47","date_gmt":"2017-04-28T10:33:47","guid":{"rendered":"https:\/\/www.reseau-entreprendre.org\/maroc\/?page_id=15"},"modified":"2024-06-11T14:15:42","modified_gmt":"2024-06-11T12:15:42","slug":"accompagner","status":"publish","type":"page","link":"https:\/\/www.reseau-entreprendre.org\/maroc\/accompagner\/","title":{"rendered":"Accompagner"},"content":{"rendered":"\n<hr class=\"wp-block-separator has-css-opacity\" \/>\n\n\n\n<h3 class=\"wp-block-heading has-re-blue-color has-text-color\"><\/h3>\n\n\n\n<p>Si pour vous, l&#8217;humain est ce qui fait la diff\u00e9rence dans l&#8217;entrepreneuriat, alors rejoignez notre r\u00e9seau d&#8217;entrepreneurs engag\u00e9s sur plusieurs r\u00e9gions au Maroc ! et mettez votre savoir-faire au service des entrepreneurs, porteurs de solutions pour l&#8217;avenir et cr\u00e9ateurs d&#8217;emplois et de richesse.<\/p>\n\n\n\n<p class=\"has-re-yellow-color has-text-color\"><strong>Pourquoi rejoindre R\u00e9seau Entreprendre Maroc ?<\/strong><\/p>\n\n\n\n<p>Nos chefs d&#8217;entreprise partagent vos motivations :<\/p>\n\n\n\n<ul class=\"wp-block-list\">\n<li>Contribuer au d\u00e9veloppement \u00e9conomique local en favorisant la p\u00e9rennit\u00e9 des entreprises et la cr\u00e9ation d&#8217;emplois sur le territoire marocain,\n<ul class=\"wp-block-list\"><\/ul>\n<\/li>\n<\/ul>\n\n\n\n<p><\/p>\n\n\n\n<ul class=\"wp-block-list\">\n<li>Aminer, t\u00e9moigner et transmettre la passion d&#8217;entreprendre<\/li>\n<\/ul>\n\n\n\n<ol class=\"is-style-default wp-block-list\"><\/ol>\n\n\n\n<ul class=\"wp-block-list\">\n<li>Echanger avec ses pairs et profiter d&#8217;un r\u00e9seau de plus de 250 chefs d&#8217;entreprise partageant les m\u00eames valeurs.<\/li>\n<\/ul>\n\n\n\n<p class=\"has-text-align-left has-re-yellow-color has-text-color\"><strong>Qui sont nos membres ?<\/strong><\/p>\n\n\n\n<p>L&#8217;engagement de nos membres au sein de R\u00e9seau entreprendre Maroc est aliment\u00e9 par leur passion de l&#8217;entrepreneuriat et leur envie de la transmettre \u00e0 de nouveaux entrepreneurs dans un esprit de citoyennet\u00e9 \u00e9conomique. Dirigeants d&#8217;entreprise exp\u00e9riment\u00e9s ou experts, nos membres sont des <strong><mark class=\"has-inline-color has-re-yellow-color\">b\u00e9n\u00e9voles<\/mark><\/strong> qui proposent de donner de leur temps pour aider de futurs entrepreneurs \u00e0 grandir dans leur projet.<\/p>\n\n\n\n<p class=\"has-text-align-left has-re-yellow-color has-text-color\"><strong>Quels est le r\u00f4le de nos membres ?<\/strong><\/p>\n\n\n\n<ul class=\"wp-block-list\">\n<li>L&#8217;engagement de nos membres aupr\u00e8s des futurs entrepreneurs est <strong> <mark class=\"has-inline-color has-re-yellow-color\">la valeur ajout\u00e9e<\/mark> <\/strong>de notre association. Selon leur temps, leurs comp\u00e9tences et leurs envies, les chefs d&#8217;entreprise vont choisir ce sur quoi ils vont s&#8217;impliquer.<\/li>\n<\/ul>\n\n\n\n<p class=\"has-text-color\" style=\"color:#000000\"><strong>           VALIDER :<\/strong><\/p>\n\n\n\n<ul class=\"wp-block-list\">\n<li>Rencontres individuelles avec les porteurs de projet, cr\u00e9ateurs, repreneurs ou d\u00e9veloppeurs lors du parcours de validation afin de donner leur avis sur le projet et lui apporter des conseils.<\/li>\n<\/ul>\n\n\n\n<p><strong>         DECIDER :<\/strong><\/p>\n\n\n\n<ul class=\"wp-block-list\">\n<li>Participer au Comit\u00e9 d&#8217;engagement et d\u00e9cider de l&#8217;octroi du pr\u00eat d&#8217;honneur aux porteurs de projet.<\/li>\n<\/ul>\n\n\n\n<p><strong>       ACCOMPAGNER :<\/strong><\/p>\n\n\n\n<ul class=\"wp-block-list\">\n<li>Devenir accompagner d&#8217;un laur\u00e9at pendant 2 \u00e0 3 ans pour lui apporter son exp\u00e9rience de chef d&#8217;entreprise,\n<ul class=\"wp-block-list\"><\/ul>\n<\/li>\n<\/ul>\n\n\n\n<ul class=\"wp-block-list\">\n<li>T\u00e9moigner en club de laur\u00e9ats pour transmettre ses comp\u00e9tences,<\/li>\n<\/ul>\n\n\n\n<ul class=\"wp-block-list\">\n<li>Participer \u00e0 une commission exceptionnelle pour orienter une jeunes entreprise qui se retrouve  face \u00e0 des probl\u00e9matiques ou challenger une entreprise en situation de croissance<\/li>\n<\/ul>\n\n\n\n<p><strong>Et plus encore : <\/strong><\/p>\n\n\n\n<ul class=\"wp-block-list\">\n<li>S&#8217;impliquer dans le fonctionnement de l&#8217;association :  devenir administrateurs, ambassadeurs sur votre territoire, participer \u00e0 des groupes de travail,\n\n\n\n\n\n\n\n\n\n\n\n\n\n\n\n\n\n\n\n\n<ul class=\"wp-block-list\"><\/ul>\n\n\n\n<ul class=\"wp-block-list\"><\/ul>\n<\/li>\n<\/ul>\n\n\n\n<ul class=\"wp-block-list\">\n<li>Participer aux \u00e9v\u00e8nements :  rencontrer les membres, laur\u00e9ats et partenaires de l&#8217;association sur nos \u00e9v\u00e8nements majeurs ou r\u00e9seautage.<\/li>\n<\/ul>\n\n\n\n<p><\/p>\n\n\n\n<div class=\"wp-block-group alignwide is-vertical is-content-justification-center is-layout-flex wp-container-core-group-is-layout-4b2eccd6 wp-block-group-is-layout-flex\">\n<p class=\"has-text-align-center has-re-yellow-color has-text-color has-medium-font-size\" style=\"text-decoration:underline\"><strong>Vous \u00eates chef d&#8217;entreprise et souhaitez accompagner de futurs entrepreneurs ?<\/strong><\/p>\n\n\n\n<p class=\"has-text-align-center has-re-yellow-color has-text-color has-medium-font-size\" style=\"text-decoration:underline\"><strong>Rejoignez un r\u00e9seau unique d&#8217;entraide entrepreneuriale !<\/strong><\/p>\n\n\n\n<p class=\"has-text-align-center has-re-blue-color has-text-color has-link-color has-medium-font-size wp-elements-cd8a8f9b539707266311783ed846c305\" style=\"text-decoration:underline\"><strong>VOUS SOUHAITEZ DEVENIR MEMBRE ?<\/strong><\/p>\n<\/div>\n","protected":false},"excerpt":{"rendered":"<p>Si pour vous, l&#8217;humain est ce qui fait la diff\u00e9rence<\/p>\n","protected":false},"author":110,"featured_media":0,"parent":0,"menu_order":0,"comment_status":"closed","ping_status":"closed","template":"","meta":{"_acf_changed":false,"_monsterinsights_skip_tracking":false,"_monsterinsights_sitenote_active":false,"_monsterinsights_sitenote_note":"","_monsterinsights_sitenote_category":0,"footnotes":""},"class_list":["post-15","page","type-page","status-publish","hentry"],"acf":[],"yoast_head":"<!-- This site is optimized with the Yoast SEO plugin v27.4 - https:\/\/yoast.com\/product\/yoast-seo-wordpress\/ -->\n<title>Accompagner | R\u00e9seau Entreprendre Maroc<\/title>\n<meta name=\"description\" content=\"Vous \u00eates chef d&#039;entreprise et souhaitez accompagner de nouveaux entrepreneurs ? Devenez membre b\u00e9n\u00e9vole de R\u00e9seau Entreprendre Maroc !\" \/>\n<meta name=\"robots\" content=\"index, follow, max-snippet:-1, max-image-preview:large, max-video-preview:-1\" \/>\n<link rel=\"canonical\" href=\"https:\/\/www.reseau-entreprendre.org\/maroc\/accompagner\/\" \/>\n<meta property=\"og:locale\" content=\"fr_FR\" \/>\n<meta property=\"og:type\" content=\"article\" \/>\n<meta property=\"og:title\" content=\"Accompagner | R\u00e9seau Entreprendre Maroc\" \/>\n<meta property=\"og:description\" content=\"Vous \u00eates chef d&#039;entreprise et souhaitez accompagner de nouveaux entrepreneurs ? Devenez membre b\u00e9n\u00e9vole de R\u00e9seau Entreprendre Maroc !\" \/>\n<meta property=\"og:url\" content=\"https:\/\/www.reseau-entreprendre.org\/maroc\/accompagner\/\" \/>\n<meta property=\"og:site_name\" content=\"R\u00e9seau Entreprendre Maroc\" \/>\n<meta property=\"article:modified_time\" content=\"2024-06-11T12:15:42+00:00\" \/>\n<meta name=\"twitter:card\" content=\"summary_large_image\" \/>\n<meta name=\"twitter:label1\" content=\"Dur\u00e9e de lecture estim\u00e9e\" \/>\n\t<meta name=\"twitter:data1\" content=\"2 minutes\" \/>\n<script type=\"application\/ld+json\" class=\"yoast-schema-graph\">{\"@context\":\"https:\\\/\\\/schema.org\",\"@graph\":[{\"@type\":\"WebPage\",\"@id\":\"https:\\\/\\\/www.reseau-entreprendre.org\\\/maroc\\\/accompagner\\\/\",\"url\":\"https:\\\/\\\/www.reseau-entreprendre.org\\\/maroc\\\/accompagner\\\/\",\"name\":\"Accompagner | R\u00e9seau Entreprendre Maroc\",\"isPartOf\":{\"@id\":\"https:\\\/\\\/www.reseau-entreprendre.org\\\/maroc\\\/#website\"},\"datePublished\":\"2017-04-28T10:33:47+00:00\",\"dateModified\":\"2024-06-11T12:15:42+00:00\",\"description\":\"Vous \u00eates chef d'entreprise et souhaitez accompagner de nouveaux entrepreneurs ? Devenez membre b\u00e9n\u00e9vole de R\u00e9seau Entreprendre Maroc !\",\"breadcrumb\":{\"@id\":\"https:\\\/\\\/www.reseau-entreprendre.org\\\/maroc\\\/accompagner\\\/#breadcrumb\"},\"inLanguage\":\"fr-FR\",\"potentialAction\":[{\"@type\":\"ReadAction\",\"target\":[\"https:\\\/\\\/www.reseau-entreprendre.org\\\/maroc\\\/accompagner\\\/\"]}]},{\"@type\":\"BreadcrumbList\",\"@id\":\"https:\\\/\\\/www.reseau-entreprendre.org\\\/maroc\\\/accompagner\\\/#breadcrumb\",\"itemListElement\":[{\"@type\":\"ListItem\",\"position\":1,\"name\":\"Accueil\",\"item\":\"https:\\\/\\\/www.reseau-entreprendre.org\\\/maroc\\\/\"},{\"@type\":\"ListItem\",\"position\":2,\"name\":\"Accompagner\"}]},{\"@type\":\"WebSite\",\"@id\":\"https:\\\/\\\/www.reseau-entreprendre.org\\\/maroc\\\/#website\",\"url\":\"https:\\\/\\\/www.reseau-entreprendre.org\\\/maroc\\\/\",\"name\":\"R\u00e9seau Entreprendre Maroc\",\"description\":\"Un site utilisant Les sites de R\u00e9seau Entreprendre\",\"potentialAction\":[{\"@type\":\"SearchAction\",\"target\":{\"@type\":\"EntryPoint\",\"urlTemplate\":\"https:\\\/\\\/www.reseau-entreprendre.org\\\/maroc\\\/?s={search_term_string}\"},\"query-input\":{\"@type\":\"PropertyValueSpecification\",\"valueRequired\":true,\"valueName\":\"search_term_string\"}}],\"inLanguage\":\"fr-FR\"}]}<\/script>\n<!-- \/ Yoast SEO plugin. -->","yoast_head_json":{"title":"Accompagner | R\u00e9seau Entreprendre Maroc","description":"Vous \u00eates chef d'entreprise et souhaitez accompagner de nouveaux entrepreneurs ? Devenez membre b\u00e9n\u00e9vole de R\u00e9seau Entreprendre Maroc !","robots":{"index":"index","follow":"follow","max-snippet":"max-snippet:-1","max-image-preview":"max-image-preview:large","max-video-preview":"max-video-preview:-1"},"canonical":"https:\/\/www.reseau-entreprendre.org\/maroc\/accompagner\/","og_locale":"fr_FR","og_type":"article","og_title":"Accompagner | R\u00e9seau Entreprendre Maroc","og_description":"Vous \u00eates chef d'entreprise et souhaitez accompagner de nouveaux entrepreneurs ? Devenez membre b\u00e9n\u00e9vole de R\u00e9seau Entreprendre Maroc !","og_url":"https:\/\/www.reseau-entreprendre.org\/maroc\/accompagner\/","og_site_name":"R\u00e9seau Entreprendre Maroc","article_modified_time":"2024-06-11T12:15:42+00:00","twitter_card":"summary_large_image","twitter_misc":{"Dur\u00e9e de lecture estim\u00e9e":"2 minutes"},"schema":{"@context":"https:\/\/schema.org","@graph":[{"@type":"WebPage","@id":"https:\/\/www.reseau-entreprendre.org\/maroc\/accompagner\/","url":"https:\/\/www.reseau-entreprendre.org\/maroc\/accompagner\/","name":"Accompagner | R\u00e9seau Entreprendre Maroc","isPartOf":{"@id":"https:\/\/www.reseau-entreprendre.org\/maroc\/#website"},"datePublished":"2017-04-28T10:33:47+00:00","dateModified":"2024-06-11T12:15:42+00:00","description":"Vous \u00eates chef d'entreprise et souhaitez accompagner de nouveaux entrepreneurs ? Devenez membre b\u00e9n\u00e9vole de R\u00e9seau Entreprendre Maroc !","breadcrumb":{"@id":"https:\/\/www.reseau-entreprendre.org\/maroc\/accompagner\/#breadcrumb"},"inLanguage":"fr-FR","potentialAction":[{"@type":"ReadAction","target":["https:\/\/www.reseau-entreprendre.org\/maroc\/accompagner\/"]}]},{"@type":"BreadcrumbList","@id":"https:\/\/www.reseau-entreprendre.org\/maroc\/accompagner\/#breadcrumb","itemListElement":[{"@type":"ListItem","position":1,"name":"Accueil","item":"https:\/\/www.reseau-entreprendre.org\/maroc\/"},{"@type":"ListItem","position":2,"name":"Accompagner"}]},{"@type":"WebSite","@id":"https:\/\/www.reseau-entreprendre.org\/maroc\/#website","url":"https:\/\/www.reseau-entreprendre.org\/maroc\/","name":"R\u00e9seau Entreprendre Maroc","description":"Un site utilisant Les sites de R\u00e9seau Entreprendre","potentialAction":[{"@type":"SearchAction","target":{"@type":"EntryPoint","urlTemplate":"https:\/\/www.reseau-entreprendre.org\/maroc\/?s={search_term_string}"},"query-input":{"@type":"PropertyValueSpecification","valueRequired":true,"valueName":"search_term_string"}}],"inLanguage":"fr-FR"}]}},"_links":{"self":[{"href":"https:\/\/www.reseau-entreprendre.org\/maroc\/wp-json\/wp\/v2\/pages\/15","targetHints":{"allow":["GET"]}}],"collection":[{"href":"https:\/\/www.reseau-entreprendre.org\/maroc\/wp-json\/wp\/v2\/pages"}],"about":[{"href":"https:\/\/www.reseau-entreprendre.org\/maroc\/wp-json\/wp\/v2\/types\/page"}],"author":[{"embeddable":true,"href":"https:\/\/www.reseau-entreprendre.org\/maroc\/wp-json\/wp\/v2\/users\/110"}],"replies":[{"embeddable":true,"href":"https:\/\/www.reseau-entreprendre.org\/maroc\/wp-json\/wp\/v2\/comments?post=15"}],"version-history":[{"count":0,"href":"https:\/\/www.reseau-entreprendre.org\/maroc\/wp-json\/wp\/v2\/pages\/15\/revisions"}],"wp:attachment":[{"href":"https:\/\/www.reseau-entreprendre.org\/maroc\/wp-json\/wp\/v2\/media?parent=15"}],"curies":[{"name":"wp","href":"https:\/\/api.w.org\/{rel}","templated":true}]}}