{"id":17,"date":"2017-04-28T12:34:01","date_gmt":"2017-04-28T10:34:01","guid":{"rendered":"https:\/\/www.reseau-entreprendre.org\/maroc\/?page_id=17"},"modified":"2024-06-11T14:22:12","modified_gmt":"2024-06-11T12:22:12","slug":"soutenir","status":"publish","type":"page","link":"https:\/\/www.reseau-entreprendre.org\/maroc\/soutenir\/","title":{"rendered":"Soutenir"},"content":{"rendered":"\n<h2 class=\"wp-block-heading has-re-red-color has-text-color\"><strong>Soutenir<\/strong><\/h2>\n\n\n\n<p><strong>Vous souhaitez soutenir notre r\u00e9seau \u00e0 votre mani\u00e8re ?<\/strong><\/p>\n\n\n\n<p>Plusieurs options s&#8217;offrent \u00e0 vous !<\/p>\n\n\n\n<div class=\"wp-block-media-text alignwide is-stacked-on-mobile is-style-default\"><figure class=\"wp-block-media-text__media\"><img loading=\"lazy\" decoding=\"async\" width=\"300\" height=\"199\" src=\"https:\/\/www.reseau-entreprendre.org\/maroc\/wp-content\/uploads\/sites\/12\/2017\/04\/Nous-soutenir-1-300x199.jpg\" alt=\"\" class=\"wp-image-452 size-full\" srcset=\"https:\/\/www.reseau-entreprendre.org\/maroc\/wp-content\/uploads\/sites\/12\/2017\/04\/Nous-soutenir-1-300x199.jpg 300w, https:\/\/www.reseau-entreprendre.org\/maroc\/wp-content\/uploads\/sites\/12\/2017\/04\/Nous-soutenir-1-768x510.jpg 768w, https:\/\/www.reseau-entreprendre.org\/maroc\/wp-content\/uploads\/sites\/12\/2017\/04\/Nous-soutenir-1-1024x680.jpg 1024w\" sizes=\"auto, (max-width: 300px) 100vw, 300px\" \/><\/figure><div class=\"wp-block-media-text__content\">\n<p><strong>Votre objectif :  participer au d\u00e9veloppement \u00e9conomique de votre territoire<\/strong><\/p>\n\n\n\n<p>Souhaitez-vous rencontrer les entreprises de votre territoire lors de nos \u00e9v\u00e9nements ? Communiquer sur vos savoir-faire aupr\u00e8s des chefs d&#8217;entreprise, d&#8217;acteurs \u00e9conomiques locaux et des \u00e9tudiants? Participer au d\u00e9veloppement des entreprises locales pour une activit\u00e9 \u00e9conomique accrue ? Confirmer la place de votre organisation aupr\u00e8s des PME-PMI de la r\u00e9gion ?<\/p>\n<\/div><\/div>\n\n\n\n<p class=\"has-text-color\" style=\"color:#060606\"><strong>Devenez partenaire, sponsor ou encore m\u00e9c\u00e8ne de l&#8217;association <\/strong>: nous construisons avec vous la solution adapt\u00e9e \u00e0 vos attentes !<\/p>\n\n\n\n<p><\/p>\n\n\n\n<p class=\"has-text-align-center has-re-red-color has-text-color has-large-font-size\"><strong>VOUS SOUHAITEZ NOUS SOUTENIR ?<\/strong><\/p>\n\n\n\n<p><\/p>\n\n\n\n<ul class=\"wp-block-list\"><\/ul>\n\n\n\n<p class=\"has-re-red-color has-text-color has-medium-font-size\"><strong>Un r\u00e9seau 100% chefs d&#8217;entreprises et hauts cadres dirigeants<\/strong><\/p>\n\n\n\n<p>En devenant partenaire de R\u00e9seau entreprendre Maroc, vous acc\u00e9dez \u00e0 un r\u00e9seau incontournable dans les milieux \u00e9conomiques et institutionnels locaux. Vous entrez en contact avec des chefs d&#8217;entreprises et des hauts cadres engag\u00e9s, mais aussi les futurs dirigeants de TEP et PME de demain.<\/p>\n\n\n\n<p>C&#8217;est l&#8217;opportunit\u00e9 d&#8217;entrer en contact avec plus de <strong><mark class=\"has-inline-color has-re-red-color\">250 chefs d&#8217;entreprises et hauts cadres dirigeants<\/mark><\/strong> membres de notre r\u00e9seau.<\/p>\n\n\n\n<p class=\"has-re-red-color has-text-color has-medium-font-size\"><strong>Nos solutions : <\/strong><\/p>\n\n\n\n<p class=\"has-black-color has-text-color\">Int\u00e9grer R\u00e9seau Entreprendre Maroc, c&#8217;est vous donner l&#8217;opportunit\u00e9 d&#8217;avoir acc\u00e8s \u00e0 un programme sur mesure adapt\u00e9 \u00e0 votre organisation et de : <\/p>\n\n\n\n<div class=\"wp-block-media-text alignwide is-stacked-on-mobile is-image-fill\" style=\"grid-template-columns:40% auto\"><figure class=\"wp-block-media-text__media\" style=\"background-image:url(https:\/\/www.reseau-entreprendre.org\/maroc\/wp-content\/uploads\/sites\/12\/2017\/04\/Nous-soutenir-3-300x200.jpg);background-position:50% 50%\"><img loading=\"lazy\" decoding=\"async\" width=\"300\" height=\"200\" src=\"https:\/\/www.reseau-entreprendre.org\/maroc\/wp-content\/uploads\/sites\/12\/2017\/04\/Nous-soutenir-3-300x200.jpg\" alt=\"\" class=\"wp-image-456 size-medium\" srcset=\"https:\/\/www.reseau-entreprendre.org\/maroc\/wp-content\/uploads\/sites\/12\/2017\/04\/Nous-soutenir-3-300x200.jpg 300w, https:\/\/www.reseau-entreprendre.org\/maroc\/wp-content\/uploads\/sites\/12\/2017\/04\/Nous-soutenir-3-768x511.jpg 768w, https:\/\/www.reseau-entreprendre.org\/maroc\/wp-content\/uploads\/sites\/12\/2017\/04\/Nous-soutenir-3-1024x682.jpg 1024w\" sizes=\"auto, (max-width: 300px) 100vw, 300px\" \/><\/figure><div class=\"wp-block-media-text__content\">\n<p><strong>Participer \u00e0 un r\u00e9seau dynamique<\/strong> de plus de 250 chefs d&#8217;entreprise et hauts cadres dirigeants engag\u00e9s. rencontrer des porteurs de projet, cr\u00e9ateur , repreneurs ou encore d\u00e9veloppeurs de PME sur votre territoire pour les aider \u00e0 construire leur projet, participer au comit\u00e9 d&#8217;engagement pour \u00e9lire les entrepreneurs accompagn\u00e9s de demain ou bien intervenir lors de clubs collectifs pour pr\u00e9senter vos expertises. D\u00e9couvrir de nouveaux m\u00e9tiers, de nouveau secteurs et \u00eatre toujours \u00e0 la pointe des derni\u00e8res tendances ! Vos cadres et vous-m\u00eames reviendront riches de cette exp\u00e9rience pour nourrir leur propre vie professionnelle.<\/p>\n<\/div><\/div>\n\n\n\n<p><\/p>\n\n\n\n<ul class=\"wp-block-list\">\n<li><strong>Communiquer sur vos savoir-faire <\/strong>au travers de rencontres organis\u00e9es par l&#8217;association. Pr\u00e9sentez-vous lors de nos rencontres ou via les articles de presses parus chaque ann\u00e9e au sujet de R\u00e9seau Entreprendre Maroc.<\/li>\n<\/ul>\n\n\n\n<ul class=\"wp-block-list\">\n<li><strong>Echanger avec des chefs d&#8217;entreprise <\/strong>cela vous permettra d&#8217;apprendre de leurs besoins et attentes, mais \u00e9galement de faire vivre les valeurs entrepreneuriales \u00e0 vos \u00e9quipes au travers de rencontres conviviales. De multiples \u00e9v\u00e8nements et rencontres r\u00e9seaux sont organis\u00e9s chaque ann\u00e9e.<\/li>\n<\/ul>\n\n\n\n<p class=\"has-re-red-color has-text-color has-medium-font-size\"><strong>Ils nous soutiennent<\/strong><\/p>\n\n\n\n<p>Merci \u00e0 nos partenaires pour leur soutien ! <\/p>\n\n\n\n<p>R\u00e9seau Entreprendre Maroc b\u00e9n\u00e9ficie du soutien fid\u00e8le de partenaires, d\u00e9sireux de promouvoir la cause de l&#8217;entrepreneuriat, de faciliter l&#8217;acte de cr\u00e9er ou reprendre et de contribuer au d\u00e9veloppement de R\u00e9seau Entreprendre Maroc et de ses sections r\u00e9gionales.<\/p>\n\n\n\n<p><\/p>\n\n\n\n<p><\/p>\n\n\n<div class=\"wp-block-image\">\n<figure class=\"aligncenter size-full\"><img loading=\"lazy\" decoding=\"async\" width=\"842\" height=\"595\" src=\"https:\/\/www.reseau-entreprendre.org\/maroc\/wp-content\/uploads\/sites\/12\/2024\/06\/NOS-REFERENCES-PARTENAIRES.png\" alt=\"\" class=\"wp-image-2062\" srcset=\"https:\/\/www.reseau-entreprendre.org\/maroc\/wp-content\/uploads\/sites\/12\/2024\/06\/NOS-REFERENCES-PARTENAIRES.png 842w, https:\/\/www.reseau-entreprendre.org\/maroc\/wp-content\/uploads\/sites\/12\/2024\/06\/NOS-REFERENCES-PARTENAIRES-300x212.png 300w, https:\/\/www.reseau-entreprendre.org\/maroc\/wp-content\/uploads\/sites\/12\/2024\/06\/NOS-REFERENCES-PARTENAIRES-768x543.png 768w, https:\/\/www.reseau-entreprendre.org\/maroc\/wp-content\/uploads\/sites\/12\/2024\/06\/NOS-REFERENCES-PARTENAIRES-184x130.png 184w, https:\/\/www.reseau-entreprendre.org\/maroc\/wp-content\/uploads\/sites\/12\/2024\/06\/NOS-REFERENCES-PARTENAIRES-100x71.png 100w\" sizes=\"auto, (max-width: 842px) 100vw, 842px\" \/><\/figure>\n<\/div>\n\n\n<p><\/p>\n","protected":false},"excerpt":{"rendered":"<p>Soutenir Vous souhaitez soutenir notre r\u00e9seau \u00e0 votre mani\u00e8re ?<\/p>\n","protected":false},"author":110,"featured_media":0,"parent":0,"menu_order":0,"comment_status":"closed","ping_status":"closed","template":"","meta":{"_acf_changed":false,"_monsterinsights_skip_tracking":false,"_monsterinsights_sitenote_active":false,"_monsterinsights_sitenote_note":"","_monsterinsights_sitenote_category":0,"footnotes":""},"class_list":["post-17","page","type-page","status-publish","hentry"],"acf":[],"yoast_head":"<!-- This site is optimized with the Yoast SEO plugin v27.4 - https:\/\/yoast.com\/product\/yoast-seo-wordpress\/ -->\n<title>Soutenir | Reseau Entreprendre Maroc<\/title>\n<meta name=\"description\" content=\"Partenaire, vous souhaitez soutenir un r\u00e9seau 100% chefs d&#039;entreprise ? Rejoignez R\u00e9seau Entreprendre Maroc\" \/>\n<meta name=\"robots\" content=\"index, follow, max-snippet:-1, max-image-preview:large, max-video-preview:-1\" \/>\n<link rel=\"canonical\" href=\"https:\/\/www.reseau-entreprendre.org\/maroc\/soutenir\/\" \/>\n<meta property=\"og:locale\" content=\"fr_FR\" \/>\n<meta property=\"og:type\" content=\"article\" \/>\n<meta property=\"og:title\" content=\"Soutenir | Reseau Entreprendre Maroc\" \/>\n<meta property=\"og:description\" content=\"Partenaire, vous souhaitez soutenir un r\u00e9seau 100% chefs d&#039;entreprise ? Rejoignez R\u00e9seau Entreprendre Maroc\" \/>\n<meta property=\"og:url\" content=\"https:\/\/www.reseau-entreprendre.org\/maroc\/soutenir\/\" \/>\n<meta property=\"og:site_name\" content=\"R\u00e9seau Entreprendre Maroc\" \/>\n<meta property=\"article:modified_time\" content=\"2024-06-11T12:22:12+00:00\" \/>\n<meta property=\"og:image\" content=\"https:\/\/www.reseau-entreprendre.org\/maroc\/wp-content\/uploads\/sites\/12\/2017\/04\/Nous-soutenir-1-300x199.jpg\" \/>\n<meta name=\"twitter:card\" content=\"summary_large_image\" \/>\n<meta name=\"twitter:label1\" content=\"Dur\u00e9e de lecture estim\u00e9e\" \/>\n\t<meta name=\"twitter:data1\" content=\"3 minutes\" \/>\n<script type=\"application\/ld+json\" class=\"yoast-schema-graph\">{\"@context\":\"https:\\\/\\\/schema.org\",\"@graph\":[{\"@type\":\"WebPage\",\"@id\":\"https:\\\/\\\/www.reseau-entreprendre.org\\\/maroc\\\/soutenir\\\/\",\"url\":\"https:\\\/\\\/www.reseau-entreprendre.org\\\/maroc\\\/soutenir\\\/\",\"name\":\"Soutenir | Reseau Entreprendre Maroc\",\"isPartOf\":{\"@id\":\"https:\\\/\\\/www.reseau-entreprendre.org\\\/maroc\\\/#website\"},\"primaryImageOfPage\":{\"@id\":\"https:\\\/\\\/www.reseau-entreprendre.org\\\/maroc\\\/soutenir\\\/#primaryimage\"},\"image\":{\"@id\":\"https:\\\/\\\/www.reseau-entreprendre.org\\\/maroc\\\/soutenir\\\/#primaryimage\"},\"thumbnailUrl\":\"https:\\\/\\\/www.reseau-entreprendre.org\\\/maroc\\\/wp-content\\\/uploads\\\/sites\\\/12\\\/2017\\\/04\\\/Nous-soutenir-1-300x199.jpg\",\"datePublished\":\"2017-04-28T10:34:01+00:00\",\"dateModified\":\"2024-06-11T12:22:12+00:00\",\"description\":\"Partenaire, vous souhaitez soutenir un r\u00e9seau 100% chefs d'entreprise ? Rejoignez R\u00e9seau Entreprendre Maroc\",\"breadcrumb\":{\"@id\":\"https:\\\/\\\/www.reseau-entreprendre.org\\\/maroc\\\/soutenir\\\/#breadcrumb\"},\"inLanguage\":\"fr-FR\",\"potentialAction\":[{\"@type\":\"ReadAction\",\"target\":[\"https:\\\/\\\/www.reseau-entreprendre.org\\\/maroc\\\/soutenir\\\/\"]}]},{\"@type\":\"ImageObject\",\"inLanguage\":\"fr-FR\",\"@id\":\"https:\\\/\\\/www.reseau-entreprendre.org\\\/maroc\\\/soutenir\\\/#primaryimage\",\"url\":\"https:\\\/\\\/www.reseau-entreprendre.org\\\/maroc\\\/wp-content\\\/uploads\\\/sites\\\/12\\\/2017\\\/04\\\/Nous-soutenir-1.jpg\",\"contentUrl\":\"https:\\\/\\\/www.reseau-entreprendre.org\\\/maroc\\\/wp-content\\\/uploads\\\/sites\\\/12\\\/2017\\\/04\\\/Nous-soutenir-1.jpg\",\"width\":4096,\"height\":2720},{\"@type\":\"BreadcrumbList\",\"@id\":\"https:\\\/\\\/www.reseau-entreprendre.org\\\/maroc\\\/soutenir\\\/#breadcrumb\",\"itemListElement\":[{\"@type\":\"ListItem\",\"position\":1,\"name\":\"Accueil\",\"item\":\"https:\\\/\\\/www.reseau-entreprendre.org\\\/maroc\\\/\"},{\"@type\":\"ListItem\",\"position\":2,\"name\":\"Soutenir\"}]},{\"@type\":\"WebSite\",\"@id\":\"https:\\\/\\\/www.reseau-entreprendre.org\\\/maroc\\\/#website\",\"url\":\"https:\\\/\\\/www.reseau-entreprendre.org\\\/maroc\\\/\",\"name\":\"R\u00e9seau Entreprendre Maroc\",\"description\":\"Un site utilisant Les sites de R\u00e9seau Entreprendre\",\"potentialAction\":[{\"@type\":\"SearchAction\",\"target\":{\"@type\":\"EntryPoint\",\"urlTemplate\":\"https:\\\/\\\/www.reseau-entreprendre.org\\\/maroc\\\/?s={search_term_string}\"},\"query-input\":{\"@type\":\"PropertyValueSpecification\",\"valueRequired\":true,\"valueName\":\"search_term_string\"}}],\"inLanguage\":\"fr-FR\"}]}<\/script>\n<!-- \/ Yoast SEO plugin. -->","yoast_head_json":{"title":"Soutenir | Reseau Entreprendre Maroc","description":"Partenaire, vous souhaitez soutenir un r\u00e9seau 100% chefs d'entreprise ? Rejoignez R\u00e9seau Entreprendre Maroc","robots":{"index":"index","follow":"follow","max-snippet":"max-snippet:-1","max-image-preview":"max-image-preview:large","max-video-preview":"max-video-preview:-1"},"canonical":"https:\/\/www.reseau-entreprendre.org\/maroc\/soutenir\/","og_locale":"fr_FR","og_type":"article","og_title":"Soutenir | Reseau Entreprendre Maroc","og_description":"Partenaire, vous souhaitez soutenir un r\u00e9seau 100% chefs d'entreprise ? Rejoignez R\u00e9seau Entreprendre Maroc","og_url":"https:\/\/www.reseau-entreprendre.org\/maroc\/soutenir\/","og_site_name":"R\u00e9seau Entreprendre Maroc","article_modified_time":"2024-06-11T12:22:12+00:00","og_image":[{"url":"https:\/\/www.reseau-entreprendre.org\/maroc\/wp-content\/uploads\/sites\/12\/2017\/04\/Nous-soutenir-1-300x199.jpg","type":"","width":"","height":""}],"twitter_card":"summary_large_image","twitter_misc":{"Dur\u00e9e de lecture estim\u00e9e":"3 minutes"},"schema":{"@context":"https:\/\/schema.org","@graph":[{"@type":"WebPage","@id":"https:\/\/www.reseau-entreprendre.org\/maroc\/soutenir\/","url":"https:\/\/www.reseau-entreprendre.org\/maroc\/soutenir\/","name":"Soutenir | Reseau Entreprendre Maroc","isPartOf":{"@id":"https:\/\/www.reseau-entreprendre.org\/maroc\/#website"},"primaryImageOfPage":{"@id":"https:\/\/www.reseau-entreprendre.org\/maroc\/soutenir\/#primaryimage"},"image":{"@id":"https:\/\/www.reseau-entreprendre.org\/maroc\/soutenir\/#primaryimage"},"thumbnailUrl":"https:\/\/www.reseau-entreprendre.org\/maroc\/wp-content\/uploads\/sites\/12\/2017\/04\/Nous-soutenir-1-300x199.jpg","datePublished":"2017-04-28T10:34:01+00:00","dateModified":"2024-06-11T12:22:12+00:00","description":"Partenaire, vous souhaitez soutenir un r\u00e9seau 100% chefs d'entreprise ? Rejoignez R\u00e9seau Entreprendre Maroc","breadcrumb":{"@id":"https:\/\/www.reseau-entreprendre.org\/maroc\/soutenir\/#breadcrumb"},"inLanguage":"fr-FR","potentialAction":[{"@type":"ReadAction","target":["https:\/\/www.reseau-entreprendre.org\/maroc\/soutenir\/"]}]},{"@type":"ImageObject","inLanguage":"fr-FR","@id":"https:\/\/www.reseau-entreprendre.org\/maroc\/soutenir\/#primaryimage","url":"https:\/\/www.reseau-entreprendre.org\/maroc\/wp-content\/uploads\/sites\/12\/2017\/04\/Nous-soutenir-1.jpg","contentUrl":"https:\/\/www.reseau-entreprendre.org\/maroc\/wp-content\/uploads\/sites\/12\/2017\/04\/Nous-soutenir-1.jpg","width":4096,"height":2720},{"@type":"BreadcrumbList","@id":"https:\/\/www.reseau-entreprendre.org\/maroc\/soutenir\/#breadcrumb","itemListElement":[{"@type":"ListItem","position":1,"name":"Accueil","item":"https:\/\/www.reseau-entreprendre.org\/maroc\/"},{"@type":"ListItem","position":2,"name":"Soutenir"}]},{"@type":"WebSite","@id":"https:\/\/www.reseau-entreprendre.org\/maroc\/#website","url":"https:\/\/www.reseau-entreprendre.org\/maroc\/","name":"R\u00e9seau Entreprendre Maroc","description":"Un site utilisant Les sites de R\u00e9seau Entreprendre","potentialAction":[{"@type":"SearchAction","target":{"@type":"EntryPoint","urlTemplate":"https:\/\/www.reseau-entreprendre.org\/maroc\/?s={search_term_string}"},"query-input":{"@type":"PropertyValueSpecification","valueRequired":true,"valueName":"search_term_string"}}],"inLanguage":"fr-FR"}]}},"_links":{"self":[{"href":"https:\/\/www.reseau-entreprendre.org\/maroc\/wp-json\/wp\/v2\/pages\/17","targetHints":{"allow":["GET"]}}],"collection":[{"href":"https:\/\/www.reseau-entreprendre.org\/maroc\/wp-json\/wp\/v2\/pages"}],"about":[{"href":"https:\/\/www.reseau-entreprendre.org\/maroc\/wp-json\/wp\/v2\/types\/page"}],"author":[{"embeddable":true,"href":"https:\/\/www.reseau-entreprendre.org\/maroc\/wp-json\/wp\/v2\/users\/110"}],"replies":[{"embeddable":true,"href":"https:\/\/www.reseau-entreprendre.org\/maroc\/wp-json\/wp\/v2\/comments?post=17"}],"version-history":[{"count":0,"href":"https:\/\/www.reseau-entreprendre.org\/maroc\/wp-json\/wp\/v2\/pages\/17\/revisions"}],"wp:attachment":[{"href":"https:\/\/www.reseau-entreprendre.org\/maroc\/wp-json\/wp\/v2\/media?parent=17"}],"curies":[{"name":"wp","href":"https:\/\/api.w.org\/{rel}","templated":true}]}}