{"id":11,"date":"2017-04-28T12:33:20","date_gmt":"2017-04-28T10:33:20","guid":{"rendered":"http:\/\/re-preprod-entreprendre.fr\/martinique\/?page_id=11"},"modified":"2024-12-14T14:31:41","modified_gmt":"2024-12-14T13:31:41","slug":"qui-sommes-nous","status":"publish","type":"page","link":"https:\/\/www.reseau-entreprendre.org\/martinique\/qui-sommes-nous\/","title":{"rendered":"Qui sommes-nous"},"content":{"rendered":"\n<p>R\u00e9seau Entreprendre Martinique est une association de 72 chefs d\u2019entreprise qui accompagne les porteurs de projet en phase de cr\u00e9ation, reprise ou d\u00e9veloppement d\u2019activit\u00e9 sur le territoire de la Martinique. <\/p>\n\n\n\n<p>Cr\u00e9\u00e9e en 2011, R\u00e9seau Entreprendre Martinique est Pr\u00e9sid\u00e9 par Jean-Max LEONARD depuis 2024 et compte aujourd\u2019hui plus d&#8217;une centaine de Laur\u00e9ats accompagn\u00e9s.<\/p>\n\n\n\n<p>L\u2019organisation est structur\u00e9e avec :<\/p>\n\n\n\n<ul class=\"wp-block-list\">\n<li>Un bureau compos\u00e9 d\u2019un pr\u00e9sident, d\u2019un vice-pr\u00e9sident, un tr\u00e9sorier et un secr\u00e9taire,<\/li>\n\n\n\n<li>Un conseil d\u2019administration compos\u00e9 de 14 membres,<\/li>\n\n\n\n<li>Des commissions (\u00c9tudes et projets, Accompagnement, Impact Recrutement, Communication, \u2026)<\/li>\n\n\n\n<li>Un r\u00e9seau d\u2019experts (comptables, financiers, juridiques, RH, Marketing)<\/li>\n<\/ul>\n\n\n\n<p>\u00catre membre de R\u00e9seau Entreprendre c\u2019est<strong> PARTICIPER<\/strong> \u00e0 un maillage et \u00e0 une initiative innovante, priv\u00e9e, et locale en faveur du d\u00e9veloppement \u00e9conomique et de la cr\u00e9ation d\u2019emplois, pla\u00e7ant l\u2019homme au c\u0153ur de ses pr\u00e9occupations.<\/p>\n\n\n\n<p>Le c\u0153ur de m\u00e9tier de R\u00e9seau Entreprendre Martinique, c\u2019est l\u2019accompagnement par des chefs d\u2019entreprise, des futurs cr\u00e9ateurs et des repreneurs de PME (\u00e0 terme) et ainsi de \u00ab\u00a0cr\u00e9er des employeurs\u00a0<em>acteurs de leur vie et ma\u00eetres de leur destin<\/em> \u00bb. L\u2019accompagnement est assorti d\u2019un financement sous forme de pr\u00eats d\u2019honneur, pr\u00eat \u00e0 la personne de 15K\u20ac \u00e0 50K\u20ac, sans garantie, ni caution personnelle. Ces pr\u00eats ont un v\u00e9ritable effet de levier sur les autres financements, notamment bancaires.<\/p>\n\n\n\n<p>R\u00e9seau Entreprendre Martinique repose sur un principe <strong>d\u2019adh\u00e9sion volontaire de membres<\/strong>, exclusivement, chefs d\u2019entreprises du secteur priv\u00e9 qui accompagnent et \u00e9paulent b\u00e9n\u00e9volement les laur\u00e9ats, cr\u00e9ateurs, d\u00e9veloppeurs ou repreneurs. Aujourd\u2019hui plus de 70 entreprises ont choisi d\u2019adh\u00e9rer \u00e0 R\u00e9seau Entreprendre Martinique et d\u2019apporter leurs comp\u00e9tences et leur soutien aux porteurs de projet.<\/p>\n\n\n\n<p>Les pr\u00eats d\u2019honneur sont financ\u00e9s au travers d\u2019un fonds de pr\u00eat aliment\u00e9 par la Caisse des D\u00e9p\u00f4ts, la Collectivit\u00e9 Territoriale de Martinique et d\u2019autres contributeurs priv\u00e9s. En Martinique plusieurs contributeurs priv\u00e9s ont accept\u00e9 de participer au fond de pr\u00eat, le Groupe Bernard Hayot, Les Jambons MARION.<\/p>\n\n\n\n<p>Cette offre unique, partout en France, repose sur 3 principes d\u2019intervention fondamentaux&nbsp;:<\/p>\n\n\n\n<ol class=\"wp-block-list\">\n<li>L\u2019important c\u2019est <strong>la Personne,<\/strong><\/li>\n\n\n\n<li><strong>La Gratuit\u00e9<\/strong> des conseils, de l\u2019accompagnement et du pr\u00eat d\u2019honneur qui conf\u00e8re efficacit\u00e9 et ind\u00e9pendance dans l\u2019accompagnement,<\/li>\n\n\n\n<li><strong>L\u2019esprit de R\u00e9ciprocit\u00e9<\/strong>, les laur\u00e9ats s\u2019engageant \u00e0 accepter l\u2019accompagnement et \u00e0 rendre, demain, \u00e0 d\u2019autres ce qu\u2019ils re\u00e7oivent aujourd\u2019hui.<\/li>\n<\/ol>\n\n\n\n<p>Ces 3 valeurs sont les garants du succ\u00e8s de l\u2019accompagnement R\u00e9seau Entreprendre. Au c\u0153ur de ces valeurs, <strong>la personne<\/strong>. Elle sera \u00e9cout\u00e9e, valoris\u00e9e et reconnue pour sa volont\u00e9 d\u2019entreprendre.<\/p>\n\n\n\n<p><strong>Pr\u00e9sentation du contexte<\/strong><\/p>\n\n\n\n<p>La cr\u00e9ation d\u2019entreprises est un parcours difficile en Martinique. Un porteur de projet doit faire face \u00e0 de nombreuses difficult\u00e9s :<\/p>\n\n\n\n<ul class=\"wp-block-list\">\n<li>Concevoir son projet et acqu\u00e9rir la capacit\u00e9 \u00e0 savoir le pr\u00e9senter \u00e0 des tiers et le d\u00e9fendre (r\u00e9aliser son \u00e9tude de march\u00e9, \u00e9tudier la rentabilit\u00e9 du projet, \u2026)<\/li>\n\n\n\n<li>Trouver des financements et des partenaires (faiblesse de l\u2019apport personnel, r\u00e9seau \u00e9conomique peu d\u00e9velopp\u00e9, difficult\u00e9 d\u2019identification des financeurs, manque de synergie des structures d\u2019accompagnement, \u2026)<\/li>\n\n\n\n<li>Lancer l\u2019activit\u00e9 de l\u2019entreprise (ma\u00eetrise des outils de gestion d\u2019entreprise et de suivi d\u2019activit\u00e9, capacit\u00e9 \u00e0 s\u2019entourer des bonnes comp\u00e9tences, \u2026)<\/li>\n\n\n\n<li>Sentiment d\u2019isolement<\/li>\n<\/ul>\n\n\n\n<p><strong>Le besoin \u00e0 satisfaire<\/strong><\/p>\n\n\n\n<p>Face aux difficult\u00e9s rencontr\u00e9es par les porteurs de projet, il est n\u00e9cessaire d\u2019agir pour les accompagner depuis l\u2019id\u00e9e de cr\u00e9ation d\u2019une activit\u00e9 jusqu\u2019\u00e0 la phase de d\u00e9veloppement. Un accompagnement r\u00e9ussi n\u00e9cessite entre autres :<\/p>\n\n\n\n<ol class=\"wp-block-list\">\n<li>Une action, pr\u00e9ventive, bien en amont de l\u2019acte juridique de cr\u00e9er,<\/li>\n\n\n\n<li>Un suivi personnalis\u00e9 et de proximit\u00e9,<\/li>\n\n\n\n<li>Une relation de professionnel \u00e0 professionnel. C\u2019est un principe novateur qui permet de <strong>professionnaliser<\/strong> les projets et de renforcer la maturit\u00e9 des porteurs de projet.<\/li>\n<\/ol>\n\n\n\n<div class=\"wp-block-group\"><div class=\"wp-block-group__inner-container is-layout-flow wp-block-group-is-layout-flow\">\n<div style=\"height:40px\" aria-hidden=\"true\" class=\"wp-block-spacer\"><\/div>\n\n\n\n<div class=\"wp-block-columns alignfull bordures chiffres-cles is-layout-flex wp-container-core-columns-is-layout-9d6595d7 wp-block-columns-is-layout-flex\">\n<div class=\"wp-block-column is-layout-flow wp-block-column-is-layout-flow\"><div>\n        <span class=\"d-block w-100 text-center\" style=\"color:#1595bf\">\n            <svg class=\"icon\" width=\"89\" height=\"75\" viewBox=\"0 0 89 75\" fill=\"none\" xmlns=\"http:\/\/www.w3.org\/2000\/svg\">\n<g id=\"Ic&#195;&#180;ne Chef d&#39;entreprise\">\n<path id=\"Stroke 1\" d=\"M49.5241 1L39.1261 25.2621\" stroke=\"currentColor\" stroke-width=\"1.93752\" stroke-linecap=\"round\" stroke-linejoin=\"round\"\/>\n<path id=\"Stroke 3\" d=\"M49.5242 25.2621L59.9222 1\" stroke=\"currentColor\" stroke-width=\"1.93752\" stroke-linecap=\"round\" stroke-linejoin=\"round\"\/>\n<path id=\"Stroke 6\" d=\"M52.9901 46.0579H77.2522\" stroke=\"currentColor\" stroke-width=\"1.93752\" stroke-linecap=\"round\" stroke-linejoin=\"round\"\/>\n<path id=\"Stroke 7\" d=\"M52.9901 35.66H77.2522\" stroke=\"currentColor\" stroke-width=\"1.93752\" stroke-linecap=\"round\" stroke-linejoin=\"round\"\/>\n<path id=\"Stroke 8\" d=\"M52.9901 56.4563H77.2522\" stroke=\"currentColor\" stroke-width=\"1.93752\" stroke-linecap=\"round\" stroke-linejoin=\"round\"\/>\n<path id=\"Stroke 9\" fill-rule=\"evenodd\" clip-rule=\"evenodd\" d=\"M35.6601 40.8589C35.6601 45.6472 31.7799 49.5239 26.9951 49.5239C22.2103 49.5239 18.3301 45.6472 18.3301 40.8589C18.3301 36.0706 22.2103 32.1938 26.9951 32.1938C31.7799 32.1938 35.6601 36.0706 35.6601 40.8589Z\" stroke=\"currentColor\" stroke-width=\"1.93752\" stroke-linejoin=\"round\"\/>\n<path id=\"Stroke 11\" d=\"M42.5921 63.3883V61.1492C42.5921 58.314 40.8661 55.7665 38.2336 54.7128L33.9271 52.9902L26.9951 59.9223L20.0631 52.9902L15.7566 54.7128C13.1241 55.7665 11.3981 58.314 11.3981 61.1492V63.3883\" stroke=\"currentColor\" stroke-width=\"1.93752\" stroke-linecap=\"round\" stroke-linejoin=\"round\"\/>\n<path id=\"Stroke 13\" d=\"M60.9122 14.8643H80.7187C84.5469 14.8643 87.6507 17.9681 87.6507 21.7963V66.8544C87.6507 70.6826 84.5469 73.7864 80.7187 73.7864H7.9325C4.1043 73.7864 1.00049 70.6826 1.00049 66.8544V21.7963C1.00049 17.9681 4.1043 14.8643 7.9325 14.8643H43.5821\" stroke=\"currentColor\" stroke-width=\"1.93752\" stroke-linecap=\"round\" stroke-linejoin=\"round\"\/>\n<path id=\"Stroke 15\" d=\"M39.1261 1L44.3251 13.131\" stroke=\"currentColor\" stroke-width=\"1.93752\" stroke-linecap=\"round\" stroke-linejoin=\"round\"\/>\n<path id=\"Stroke 17\" d=\"M34.67 14.864L28.7275 1\" stroke=\"currentColor\" stroke-width=\"1.93752\" stroke-linecap=\"round\" stroke-linejoin=\"round\"\/>\n<path id=\"Stroke 19\" d=\"M51.01 21.7959H51.2578C52.2127 21.7959 52.9908 22.5706 52.9908 23.5289C52.9908 24.4873 52.2127 25.2619 51.2578 25.2619H37.3938C36.4372 25.2619 35.6608 24.4873 35.6608 23.5289C35.6608 22.5706 36.4372 21.7959 37.3938 21.7959H40.612\" stroke=\"currentColor\" stroke-width=\"1.93752\" stroke-linejoin=\"round\"\/>\n<\/g>\n<\/svg>        <\/span>\n    <\/div>\n\n\n\n<div style=\"height:20px\" aria-hidden=\"true\" class=\"wp-block-spacer\"><\/div>\n\n\n\n<h2 class=\"wp-block-heading has-text-align-center has-re-blue-color has-text-color\">+<strong><strong>30<\/strong><\/strong><\/h2>\n\n\n\n<h3 class=\"wp-block-heading has-text-align-center has-re-blue-color has-text-color\"><strong>Laur\u00e9ats<\/strong><\/h3>\n\n\n\n<p class=\"has-text-align-center\">en cours d&#8217;accompagnement.<\/p>\n<\/div>\n\n\n\n<div class=\"wp-block-column is-layout-flow wp-block-column-is-layout-flow\"><div>\n        <span class=\"d-block w-100 text-center\" style=\"color:#f34f63\">\n            <svg class=\"icon\" width=\"77\" height=\"77\" viewBox=\"0 0 77 77\" fill=\"none\" xmlns=\"http:\/\/www.w3.org\/2000\/svg\">\n<g id=\"\">\n<path id=\"Stroke 1\" d=\"M24.8795 50.2515C28.1764 50.2515 30.8494 47.5785 30.8494 44.2817V25.2228C30.8494 22.9662 29.3927 20.9618 27.254 20.241C26.2854 19.9141 23.3871 18.9097 23.3871 18.9097L15.9247 26.372L8.46235 18.9097C8.46235 18.9097 5.56397 19.9141 4.59536 20.241C2.45665 20.9618 1 22.9662 1 25.2228V44.2817C1 47.5785 3.67301 50.2515 6.96988 50.2515\" stroke=\"currentColor\" stroke-width=\"2\" stroke-linejoin=\"round\"\/>\n<path id=\"Stroke 3\" fill-rule=\"evenodd\" clip-rule=\"evenodd\" d=\"M23.3871 8.46235C23.3871 12.586 20.044 15.9247 15.9248 15.9247C11.8055 15.9247 8.4624 12.586 8.4624 8.46235C8.4624 4.33866 11.8055 1 15.9248 1C20.044 1 23.3871 4.33866 23.3871 8.46235Z\" stroke=\"currentColor\" stroke-width=\"2\" stroke-linejoin=\"round\"\/>\n<path id=\"Stroke 5\" d=\"M24.8794 30.8494V74.131C24.8794 74.9563 24.2107 75.6235 23.3869 75.6235H8.4622C7.63835 75.6235 6.96973 74.9563 6.96973 74.131V30.8494\" stroke=\"currentColor\" stroke-width=\"2\" stroke-linecap=\"round\" stroke-linejoin=\"round\"\/>\n<path id=\"Stroke 7\" d=\"M15.9245 48.759V75.6235\" stroke=\"currentColor\" stroke-width=\"2\" stroke-linecap=\"round\" stroke-linejoin=\"round\"\/>\n<path id=\"Stroke 9\" d=\"M24.8794 64.6283C30.0672 71.3086 38.1549 75.6233 47.2664 75.6233C62.9284 75.6233 75.6234 62.9268 75.6234 47.2664C75.6234 31.6059 62.9284 18.9094 47.2664 18.9094C41.0936 18.9094 35.3983 20.8974 30.7493 24.2495\" stroke=\"currentColor\" stroke-width=\"2\" stroke-linejoin=\"round\"\/>\n<path id=\"Stroke 11\" d=\"M57.7138 42.7891L51.7455 48.7589L45.7726 54.7288L39.8042 48.7589\" stroke=\"currentColor\" stroke-width=\"2\" stroke-linecap=\"round\" stroke-linejoin=\"round\"\/>\n<\/g>\n<\/svg>        <\/span>\n    <\/div>\n\n\n\n<div style=\"height:20px\" aria-hidden=\"true\" class=\"wp-block-spacer\"><\/div>\n\n\n\n<h2 class=\"wp-block-heading has-text-align-center has-re-red-color has-text-color\">+<strong><strong>70<\/strong><\/strong><\/h2>\n\n\n\n<h3 class=\"wp-block-heading has-text-align-center has-re-red-color has-text-color\"><strong>Membres<\/strong><\/h3>\n\n\n\n<p class=\"has-text-align-center\">b\u00e9n\u00e9voles et engag\u00e9s<\/p>\n<\/div>\n<\/div>\n<\/div><\/div>\n","protected":false},"excerpt":{"rendered":"<p>R\u00e9seau Entreprendre Martinique est une association de 72 chefs d\u2019entreprise<\/p>\n","protected":false},"author":37,"featured_media":0,"parent":0,"menu_order":0,"comment_status":"closed","ping_status":"closed","template":"","meta":{"_acf_changed":false,"_monsterinsights_skip_tracking":false,"_monsterinsights_sitenote_active":false,"_monsterinsights_sitenote_note":"","_monsterinsights_sitenote_category":0,"footnotes":""},"class_list":["post-11","page","type-page","status-publish","hentry"],"acf":[],"yoast_head":"<!-- This site is optimized with the Yoast SEO plugin v27.4 - https:\/\/yoast.com\/product\/yoast-seo-wordpress\/ -->\n<title>Qui sommes-nous ? | Reseau Entreprendre Martinique<\/title>\n<meta name=\"description\" content=\"R\u00e9seau Entreprendre Martinique est l&#039;association de chefs d&#039;entreprise de votre r\u00e9gion.\" \/>\n<meta name=\"robots\" content=\"index, follow, max-snippet:-1, max-image-preview:large, max-video-preview:-1\" \/>\n<link rel=\"canonical\" href=\"https:\/\/www.reseau-entreprendre.org\/martinique\/qui-sommes-nous\/\" \/>\n<meta property=\"og:locale\" content=\"fr_FR\" \/>\n<meta property=\"og:type\" content=\"article\" \/>\n<meta property=\"og:title\" content=\"Qui sommes-nous ? | Reseau Entreprendre Martinique\" \/>\n<meta property=\"og:description\" content=\"R\u00e9seau Entreprendre Martinique est l&#039;association de chefs d&#039;entreprise de votre r\u00e9gion.\" \/>\n<meta property=\"og:url\" content=\"https:\/\/www.reseau-entreprendre.org\/martinique\/qui-sommes-nous\/\" \/>\n<meta property=\"og:site_name\" content=\"R\u00e9seau Entreprendre Martinique\" \/>\n<meta property=\"article:publisher\" content=\"https:\/\/www.facebook.com\/reseauentreprendre.martinique\" \/>\n<meta property=\"article:modified_time\" content=\"2024-12-14T13:31:41+00:00\" \/>\n<meta name=\"twitter:card\" content=\"summary_large_image\" \/>\n<meta name=\"twitter:label1\" content=\"Dur\u00e9e de lecture estim\u00e9e\" \/>\n\t<meta name=\"twitter:data1\" content=\"3 minutes\" \/>\n<script type=\"application\/ld+json\" class=\"yoast-schema-graph\">{\"@context\":\"https:\\\/\\\/schema.org\",\"@graph\":[{\"@type\":\"WebPage\",\"@id\":\"https:\\\/\\\/www.reseau-entreprendre.org\\\/martinique\\\/qui-sommes-nous\\\/\",\"url\":\"https:\\\/\\\/www.reseau-entreprendre.org\\\/martinique\\\/qui-sommes-nous\\\/\",\"name\":\"Qui sommes-nous ? | Reseau Entreprendre Martinique\",\"isPartOf\":{\"@id\":\"https:\\\/\\\/www.reseau-entreprendre.org\\\/martinique\\\/#website\"},\"datePublished\":\"2017-04-28T10:33:20+00:00\",\"dateModified\":\"2024-12-14T13:31:41+00:00\",\"description\":\"R\u00e9seau Entreprendre Martinique est l'association de chefs d'entreprise de votre r\u00e9gion.\",\"breadcrumb\":{\"@id\":\"https:\\\/\\\/www.reseau-entreprendre.org\\\/martinique\\\/qui-sommes-nous\\\/#breadcrumb\"},\"inLanguage\":\"fr-FR\",\"potentialAction\":[{\"@type\":\"ReadAction\",\"target\":[\"https:\\\/\\\/www.reseau-entreprendre.org\\\/martinique\\\/qui-sommes-nous\\\/\"]}]},{\"@type\":\"BreadcrumbList\",\"@id\":\"https:\\\/\\\/www.reseau-entreprendre.org\\\/martinique\\\/qui-sommes-nous\\\/#breadcrumb\",\"itemListElement\":[{\"@type\":\"ListItem\",\"position\":1,\"name\":\"Accueil\",\"item\":\"https:\\\/\\\/www.reseau-entreprendre.org\\\/martinique\\\/\"},{\"@type\":\"ListItem\",\"position\":2,\"name\":\"Qui sommes-nous\"}]},{\"@type\":\"WebSite\",\"@id\":\"https:\\\/\\\/www.reseau-entreprendre.org\\\/martinique\\\/#website\",\"url\":\"https:\\\/\\\/www.reseau-entreprendre.org\\\/martinique\\\/\",\"name\":\"R\u00e9seau Entreprendre Martinique\",\"description\":\"Un site utilisant Les sites de R\u00e9seau Entreprendre\",\"potentialAction\":[{\"@type\":\"SearchAction\",\"target\":{\"@type\":\"EntryPoint\",\"urlTemplate\":\"https:\\\/\\\/www.reseau-entreprendre.org\\\/martinique\\\/?s={search_term_string}\"},\"query-input\":{\"@type\":\"PropertyValueSpecification\",\"valueRequired\":true,\"valueName\":\"search_term_string\"}}],\"inLanguage\":\"fr-FR\"}]}<\/script>\n<!-- \/ Yoast SEO plugin. -->","yoast_head_json":{"title":"Qui sommes-nous ? | Reseau Entreprendre Martinique","description":"R\u00e9seau Entreprendre Martinique est l'association de chefs d'entreprise de votre r\u00e9gion.","robots":{"index":"index","follow":"follow","max-snippet":"max-snippet:-1","max-image-preview":"max-image-preview:large","max-video-preview":"max-video-preview:-1"},"canonical":"https:\/\/www.reseau-entreprendre.org\/martinique\/qui-sommes-nous\/","og_locale":"fr_FR","og_type":"article","og_title":"Qui sommes-nous ? | Reseau Entreprendre Martinique","og_description":"R\u00e9seau Entreprendre Martinique est l'association de chefs d'entreprise de votre r\u00e9gion.","og_url":"https:\/\/www.reseau-entreprendre.org\/martinique\/qui-sommes-nous\/","og_site_name":"R\u00e9seau Entreprendre Martinique","article_publisher":"https:\/\/www.facebook.com\/reseauentreprendre.martinique","article_modified_time":"2024-12-14T13:31:41+00:00","twitter_card":"summary_large_image","twitter_misc":{"Dur\u00e9e de lecture estim\u00e9e":"3 minutes"},"schema":{"@context":"https:\/\/schema.org","@graph":[{"@type":"WebPage","@id":"https:\/\/www.reseau-entreprendre.org\/martinique\/qui-sommes-nous\/","url":"https:\/\/www.reseau-entreprendre.org\/martinique\/qui-sommes-nous\/","name":"Qui sommes-nous ? | Reseau Entreprendre Martinique","isPartOf":{"@id":"https:\/\/www.reseau-entreprendre.org\/martinique\/#website"},"datePublished":"2017-04-28T10:33:20+00:00","dateModified":"2024-12-14T13:31:41+00:00","description":"R\u00e9seau Entreprendre Martinique est l'association de chefs d'entreprise de votre r\u00e9gion.","breadcrumb":{"@id":"https:\/\/www.reseau-entreprendre.org\/martinique\/qui-sommes-nous\/#breadcrumb"},"inLanguage":"fr-FR","potentialAction":[{"@type":"ReadAction","target":["https:\/\/www.reseau-entreprendre.org\/martinique\/qui-sommes-nous\/"]}]},{"@type":"BreadcrumbList","@id":"https:\/\/www.reseau-entreprendre.org\/martinique\/qui-sommes-nous\/#breadcrumb","itemListElement":[{"@type":"ListItem","position":1,"name":"Accueil","item":"https:\/\/www.reseau-entreprendre.org\/martinique\/"},{"@type":"ListItem","position":2,"name":"Qui sommes-nous"}]},{"@type":"WebSite","@id":"https:\/\/www.reseau-entreprendre.org\/martinique\/#website","url":"https:\/\/www.reseau-entreprendre.org\/martinique\/","name":"R\u00e9seau Entreprendre Martinique","description":"Un site utilisant Les sites de R\u00e9seau Entreprendre","potentialAction":[{"@type":"SearchAction","target":{"@type":"EntryPoint","urlTemplate":"https:\/\/www.reseau-entreprendre.org\/martinique\/?s={search_term_string}"},"query-input":{"@type":"PropertyValueSpecification","valueRequired":true,"valueName":"search_term_string"}}],"inLanguage":"fr-FR"}]}},"_links":{"self":[{"href":"https:\/\/www.reseau-entreprendre.org\/martinique\/wp-json\/wp\/v2\/pages\/11","targetHints":{"allow":["GET"]}}],"collection":[{"href":"https:\/\/www.reseau-entreprendre.org\/martinique\/wp-json\/wp\/v2\/pages"}],"about":[{"href":"https:\/\/www.reseau-entreprendre.org\/martinique\/wp-json\/wp\/v2\/types\/page"}],"author":[{"embeddable":true,"href":"https:\/\/www.reseau-entreprendre.org\/martinique\/wp-json\/wp\/v2\/users\/37"}],"replies":[{"embeddable":true,"href":"https:\/\/www.reseau-entreprendre.org\/martinique\/wp-json\/wp\/v2\/comments?post=11"}],"version-history":[{"count":0,"href":"https:\/\/www.reseau-entreprendre.org\/martinique\/wp-json\/wp\/v2\/pages\/11\/revisions"}],"wp:attachment":[{"href":"https:\/\/www.reseau-entreprendre.org\/martinique\/wp-json\/wp\/v2\/media?parent=11"}],"curies":[{"name":"wp","href":"https:\/\/api.w.org\/{rel}","templated":true}]}}