{"id":13,"date":"2017-04-28T12:33:34","date_gmt":"2017-04-28T10:33:34","guid":{"rendered":"http:\/\/re-preprod-entreprendre.fr\/martinique\/?page_id=13"},"modified":"2021-10-07T13:28:30","modified_gmt":"2021-10-07T11:28:30","slug":"entreprendre","status":"publish","type":"page","link":"https:\/\/www.reseau-entreprendre.org\/martinique\/entreprendre\/","title":{"rendered":"Entreprendre"},"content":{"rendered":"\n<p><strong>Une solution efficace pour le suivi des porteurs de projet<\/strong><\/p>\n\n\n\n<p>L\u2019Association R\u00e9seau Entreprendre Martinique a pour objet, \u00e0 titre gratuit et non lucratif, de faire \u00e9merger et r\u00e9ussir les nouveaux entrepreneurs,&nbsp;cr\u00e9ateurs d\u2019au moins 3 emplois \u00e0 5 ans, en les accompagnants avec des m\u00e9thodes d\u2019entreprises. Les membres de l\u2019association sont des chefs d\u2019entreprise au service d\u2019autres chefs d\u2019entreprise. L\u2019Association compte 70 membres avec un objectif de 80 \u00e0 fin 2017.<\/p>\n\n\n\n<p>Tous les membres sont actifs et participent au d\u00e9veloppement de l\u2019association et \u00e0 l\u2019am\u00e9lioration de son fonctionnement.<\/p>\n\n\n\n<p>Trois types de porteurs de projet peuvent b\u00e9n\u00e9ficier de cet accompagnement :<\/p>\n\n\n\n<ul class=\"wp-block-list\"><li><strong>Les Cr\u00e9ateurs&nbsp;<\/strong>: Cr\u00e9ation d\u2019une nouvelle activit\u00e9 ayant une dimension strat\u00e9gique de d\u00e9veloppement,<\/li><li><strong>Les D\u00e9veloppeurs&nbsp;<\/strong>: Entreprise cr\u00e9\u00e9e depuis moins de 36 mois, se composant de moins de 7 salari\u00e9s o\u00f9 le chef d\u2019entreprise d\u00e9montre la volont\u00e9 et le potentiel pour d\u00e9velopper son activit\u00e9,<\/li><li><strong>Les Repreneurs&nbsp;<\/strong>: Reprise d\u2019entreprise avec un engagement fort du nouvel entrepreneur \u00e0 donner une nouvelle impulsion.<\/li><\/ul>\n\n\n\n<p><strong>Crit\u00e8res d\u2019\u00e9ligibilit\u00e9&nbsp;:<\/strong><\/p>\n\n\n\n<ul class=\"wp-block-list\"><li>Capacit\u00e9 du porteur de projet \u00e0 \u00eatre accompagn\u00e9<\/li><li>Au minimum 3 emplois \u00e0 5 ans<\/li><li>Un besoin en financement<\/li><\/ul>\n\n\n\n<p>Tout candidat est accueilli dans <strong>un esprit constructif et de service<\/strong>.<\/p>\n\n\n\n<ul class=\"wp-block-list\"><li>Tout porteur de projet entre dans le processus de validation et de professionnalisation si son projet r\u00e9pond aux crit\u00e8res d&#8217;\u00e9ligibilit\u00e9. Il sera pr\u00e9par\u00e9 durant ce processus au passage en Comit\u00e9 d\u2019engagement.<\/li><li>Si son projet est hors cible, il est <strong>r\u00e9orient\u00e9 aupr\u00e8s d&#8217;autres organismes <\/strong>correspondant au type de projet.<\/li><\/ul>\n\n\n\n<p><strong>\u00ab&nbsp;Agir oui, mais Agir comment&nbsp;?&nbsp;\u00bb<\/strong><\/p>\n\n\n\n<p><strong>Evaluer&nbsp;\/ Valider <\/strong>des projets de cr\u00e9ation en lien avec les valeurs du r\u00e9seau et les conditions<\/p>\n\n\n\n<ul class=\"wp-block-list\"><li>Service rendu au porteur de projet&nbsp;: aide pour mieux construire son projet et confirmer son choix de vie<\/li><\/ul>\n\n\n\n<p><strong>Int\u00e9grer<\/strong> dans les r\u00e9seaux \u00e9conomiques, professionnels et institutionnels locaux<\/p>\n\n\n\n<ul class=\"wp-block-list\"><li>Service rendu au porteur de projet&nbsp;: Insertion rapide dans la vie \u00e9conomique, sociale et institutionnelle<\/li><\/ul>\n\n\n\n<p><strong>Pr\u00e9parer <\/strong>au Comit\u00e9 d\u2019engagement, responsabilisation, formation<\/p>\n\n\n\n<ul class=\"wp-block-list\"><li>Service rendu au porteur de projet&nbsp;: <strong>Aide \u00e0 la prise en main compl\u00e8te du projet<\/strong> et acquisition de la capacit\u00e9 \u00e0 savoir le pr\u00e9senter \u00e0 des tiers et le d\u00e9fendre<\/li><\/ul>\n\n\n\n<p><strong>Octroi d\u2019un pr\u00eat d\u2019honneur<\/strong> sans int\u00e9r\u00eat ni garantie de 15K\u20ac \u00e0 50 K\u20ac<\/p>\n\n\n\n<ul class=\"wp-block-list\"><li>Service rendu au laur\u00e9at&nbsp;: Apport d\u2019une <strong>contribution financi\u00e8re<\/strong> et <strong>effet levier<\/strong> pour l\u2019obtention d\u2019un financement bancaire<\/li><\/ul>\n\n\n\n<p><strong>Accompagnement pendant 3 ans&nbsp;: <\/strong>\u00ab&nbsp;Hot line&nbsp;\u00bb Points Infos \/ Actualit\u00e9s\/ Partages d\u2019exp\u00e9riences&nbsp;\/Accompagnement personnalis\u00e9<\/p>\n\n\n\n<ul class=\"wp-block-list\"><li>Service rendu au laur\u00e9at&nbsp;: <strong>\u00ab&nbsp;entra\u00eenement&nbsp;\u00bb <\/strong>au m\u00e9tier de chef d\u2019entreprise et <strong>am\u00e9lioration continue<\/strong> des processus, des approches et des outils<strong> \u00ab&nbsp;marche en avant&nbsp;\u00bb<\/strong><\/li><\/ul>\n","protected":false},"excerpt":{"rendered":"<p>Une solution efficace pour le suivi des porteurs de projet<\/p>\n","protected":false},"author":1,"featured_media":0,"parent":0,"menu_order":0,"comment_status":"closed","ping_status":"closed","template":"","meta":{"_acf_changed":false,"_monsterinsights_skip_tracking":false,"_monsterinsights_sitenote_active":false,"_monsterinsights_sitenote_note":"","_monsterinsights_sitenote_category":0,"footnotes":""},"class_list":["post-13","page","type-page","status-publish","hentry"],"acf":[],"yoast_head":"<!-- This site is optimized with the Yoast SEO plugin v27.4 - https:\/\/yoast.com\/product\/yoast-seo-wordpress\/ -->\n<title>Entreprendre | Reseau Entreprendre Martinique<\/title>\n<meta name=\"description\" content=\"Vous avez un projet de cr\u00e9ation d&#039;entreprise ? R\u00e9seau Entreprendre Martinique vous accompagne gratuitement et dans la dur\u00e9e\" \/>\n<meta name=\"robots\" content=\"index, follow, max-snippet:-1, max-image-preview:large, max-video-preview:-1\" \/>\n<link rel=\"canonical\" href=\"https:\/\/www.reseau-entreprendre.org\/martinique\/entreprendre\/\" \/>\n<meta property=\"og:locale\" content=\"fr_FR\" \/>\n<meta property=\"og:type\" content=\"article\" \/>\n<meta property=\"og:title\" content=\"Entreprendre | Reseau Entreprendre Martinique\" \/>\n<meta property=\"og:description\" content=\"Vous avez un projet de cr\u00e9ation d&#039;entreprise ? R\u00e9seau Entreprendre Martinique vous accompagne gratuitement et dans la dur\u00e9e\" \/>\n<meta property=\"og:url\" content=\"https:\/\/www.reseau-entreprendre.org\/martinique\/entreprendre\/\" \/>\n<meta property=\"og:site_name\" content=\"R\u00e9seau Entreprendre Martinique\" \/>\n<meta property=\"article:publisher\" content=\"https:\/\/www.facebook.com\/reseauentreprendre.martinique\" \/>\n<meta property=\"article:modified_time\" content=\"2021-10-07T11:28:30+00:00\" \/>\n<meta name=\"twitter:card\" content=\"summary_large_image\" \/>\n<meta name=\"twitter:label1\" content=\"Dur\u00e9e de lecture estim\u00e9e\" \/>\n\t<meta name=\"twitter:data1\" content=\"2 minutes\" \/>\n<script type=\"application\/ld+json\" class=\"yoast-schema-graph\">{\"@context\":\"https:\\\/\\\/schema.org\",\"@graph\":[{\"@type\":\"WebPage\",\"@id\":\"https:\\\/\\\/www.reseau-entreprendre.org\\\/martinique\\\/entreprendre\\\/\",\"url\":\"https:\\\/\\\/www.reseau-entreprendre.org\\\/martinique\\\/entreprendre\\\/\",\"name\":\"Entreprendre | Reseau Entreprendre Martinique\",\"isPartOf\":{\"@id\":\"https:\\\/\\\/www.reseau-entreprendre.org\\\/martinique\\\/#website\"},\"datePublished\":\"2017-04-28T10:33:34+00:00\",\"dateModified\":\"2021-10-07T11:28:30+00:00\",\"description\":\"Vous avez un projet de cr\u00e9ation d'entreprise ? R\u00e9seau Entreprendre Martinique vous accompagne gratuitement et dans la dur\u00e9e\",\"breadcrumb\":{\"@id\":\"https:\\\/\\\/www.reseau-entreprendre.org\\\/martinique\\\/entreprendre\\\/#breadcrumb\"},\"inLanguage\":\"fr-FR\",\"potentialAction\":[{\"@type\":\"ReadAction\",\"target\":[\"https:\\\/\\\/www.reseau-entreprendre.org\\\/martinique\\\/entreprendre\\\/\"]}]},{\"@type\":\"BreadcrumbList\",\"@id\":\"https:\\\/\\\/www.reseau-entreprendre.org\\\/martinique\\\/entreprendre\\\/#breadcrumb\",\"itemListElement\":[{\"@type\":\"ListItem\",\"position\":1,\"name\":\"Accueil\",\"item\":\"https:\\\/\\\/www.reseau-entreprendre.org\\\/martinique\\\/\"},{\"@type\":\"ListItem\",\"position\":2,\"name\":\"Entreprendre\"}]},{\"@type\":\"WebSite\",\"@id\":\"https:\\\/\\\/www.reseau-entreprendre.org\\\/martinique\\\/#website\",\"url\":\"https:\\\/\\\/www.reseau-entreprendre.org\\\/martinique\\\/\",\"name\":\"R\u00e9seau Entreprendre Martinique\",\"description\":\"Un site utilisant Les sites de R\u00e9seau Entreprendre\",\"potentialAction\":[{\"@type\":\"SearchAction\",\"target\":{\"@type\":\"EntryPoint\",\"urlTemplate\":\"https:\\\/\\\/www.reseau-entreprendre.org\\\/martinique\\\/?s={search_term_string}\"},\"query-input\":{\"@type\":\"PropertyValueSpecification\",\"valueRequired\":true,\"valueName\":\"search_term_string\"}}],\"inLanguage\":\"fr-FR\"}]}<\/script>\n<!-- \/ Yoast SEO plugin. -->","yoast_head_json":{"title":"Entreprendre | Reseau Entreprendre Martinique","description":"Vous avez un projet de cr\u00e9ation d'entreprise ? R\u00e9seau Entreprendre Martinique vous accompagne gratuitement et dans la dur\u00e9e","robots":{"index":"index","follow":"follow","max-snippet":"max-snippet:-1","max-image-preview":"max-image-preview:large","max-video-preview":"max-video-preview:-1"},"canonical":"https:\/\/www.reseau-entreprendre.org\/martinique\/entreprendre\/","og_locale":"fr_FR","og_type":"article","og_title":"Entreprendre | Reseau Entreprendre Martinique","og_description":"Vous avez un projet de cr\u00e9ation d'entreprise ? R\u00e9seau Entreprendre Martinique vous accompagne gratuitement et dans la dur\u00e9e","og_url":"https:\/\/www.reseau-entreprendre.org\/martinique\/entreprendre\/","og_site_name":"R\u00e9seau Entreprendre Martinique","article_publisher":"https:\/\/www.facebook.com\/reseauentreprendre.martinique","article_modified_time":"2021-10-07T11:28:30+00:00","twitter_card":"summary_large_image","twitter_misc":{"Dur\u00e9e de lecture estim\u00e9e":"2 minutes"},"schema":{"@context":"https:\/\/schema.org","@graph":[{"@type":"WebPage","@id":"https:\/\/www.reseau-entreprendre.org\/martinique\/entreprendre\/","url":"https:\/\/www.reseau-entreprendre.org\/martinique\/entreprendre\/","name":"Entreprendre | Reseau Entreprendre Martinique","isPartOf":{"@id":"https:\/\/www.reseau-entreprendre.org\/martinique\/#website"},"datePublished":"2017-04-28T10:33:34+00:00","dateModified":"2021-10-07T11:28:30+00:00","description":"Vous avez un projet de cr\u00e9ation d'entreprise ? R\u00e9seau Entreprendre Martinique vous accompagne gratuitement et dans la dur\u00e9e","breadcrumb":{"@id":"https:\/\/www.reseau-entreprendre.org\/martinique\/entreprendre\/#breadcrumb"},"inLanguage":"fr-FR","potentialAction":[{"@type":"ReadAction","target":["https:\/\/www.reseau-entreprendre.org\/martinique\/entreprendre\/"]}]},{"@type":"BreadcrumbList","@id":"https:\/\/www.reseau-entreprendre.org\/martinique\/entreprendre\/#breadcrumb","itemListElement":[{"@type":"ListItem","position":1,"name":"Accueil","item":"https:\/\/www.reseau-entreprendre.org\/martinique\/"},{"@type":"ListItem","position":2,"name":"Entreprendre"}]},{"@type":"WebSite","@id":"https:\/\/www.reseau-entreprendre.org\/martinique\/#website","url":"https:\/\/www.reseau-entreprendre.org\/martinique\/","name":"R\u00e9seau Entreprendre Martinique","description":"Un site utilisant Les sites de R\u00e9seau Entreprendre","potentialAction":[{"@type":"SearchAction","target":{"@type":"EntryPoint","urlTemplate":"https:\/\/www.reseau-entreprendre.org\/martinique\/?s={search_term_string}"},"query-input":{"@type":"PropertyValueSpecification","valueRequired":true,"valueName":"search_term_string"}}],"inLanguage":"fr-FR"}]}},"_links":{"self":[{"href":"https:\/\/www.reseau-entreprendre.org\/martinique\/wp-json\/wp\/v2\/pages\/13","targetHints":{"allow":["GET"]}}],"collection":[{"href":"https:\/\/www.reseau-entreprendre.org\/martinique\/wp-json\/wp\/v2\/pages"}],"about":[{"href":"https:\/\/www.reseau-entreprendre.org\/martinique\/wp-json\/wp\/v2\/types\/page"}],"author":[{"embeddable":true,"href":"https:\/\/www.reseau-entreprendre.org\/martinique\/wp-json\/wp\/v2\/users\/1"}],"replies":[{"embeddable":true,"href":"https:\/\/www.reseau-entreprendre.org\/martinique\/wp-json\/wp\/v2\/comments?post=13"}],"version-history":[{"count":0,"href":"https:\/\/www.reseau-entreprendre.org\/martinique\/wp-json\/wp\/v2\/pages\/13\/revisions"}],"wp:attachment":[{"href":"https:\/\/www.reseau-entreprendre.org\/martinique\/wp-json\/wp\/v2\/media?parent=13"}],"curies":[{"name":"wp","href":"https:\/\/api.w.org\/{rel}","templated":true}]}}