{"id":15,"date":"2017-04-28T12:33:47","date_gmt":"2017-04-28T10:33:47","guid":{"rendered":"http:\/\/re-preprod-entreprendre.fr\/martinique\/?page_id=15"},"modified":"2021-10-07T17:58:30","modified_gmt":"2021-10-07T15:58:30","slug":"accompagner","status":"publish","type":"page","link":"https:\/\/www.reseau-entreprendre.org\/martinique\/accompagner\/","title":{"rendered":"Accompagner"},"content":{"rendered":"\n<p>70 membres issus des secteurs&nbsp;: Agroalimentaire \u2013 Immobilier \u2013 BTP \u2013 Assurance\/Banque \u2013 Commerce\/Grande distribution \u2013 Etudes &amp; conseils \u2013 etc.\u2026 ont suivi une session de formation avec la Responsable de l\u2019Accompagnement Individuel de R\u00e9seau Entreprendre Martinique.<\/p>\n\n\n\n<p><strong>Les Porteurs de projet b\u00e9n\u00e9ficient&nbsp;:<\/strong><\/p>\n\n\n\n<ol class=\"wp-block-list\"><li>Accueil&nbsp;: tout candidat est accueilli dans <strong>un esprit constructif et de service<\/strong>.<\/li><\/ol>\n\n\n\n<ul class=\"wp-block-list\"><li>Tout porteur de projet entre dans le processus de validation et de professionnalisation si son projet r\u00e9pond aux crit\u00e8res d&#8217;\u00e9ligibilit\u00e9. Il sera pr\u00e9par\u00e9 durant ce processus au passage en Comit\u00e9 d\u2019engagement.<\/li><li>Si son projet est hors cible, il est <strong>r\u00e9orient\u00e9 aupr\u00e8s d&#8217;autres organismes <\/strong>correspondant au type de projet.<\/li><\/ul>\n\n\n\n<ol class=\"wp-block-list\" start=\"2\"><li>Instruction et modalit\u00e9 d\u2019\u00e9tude de projet<\/li><\/ol>\n\n\n\n<p>L&#8217;\u00e9tude du projet est de la responsabilit\u00e9 de la Directrice qui peut transmettre cette mission \u00e0 un adh\u00e9rent b\u00e9n\u00e9vole pr\u00e9alablement form\u00e9. Ce Charg\u00e9 d&#8217;\u00e9tude :<\/p>\n\n\n\n<ul class=\"wp-block-list\"><li>Re\u00e7oit le Porteur de projet, pour prendre connaissance de son projet et apporter ses premiers conseils, critiques et recommandations,<\/li><li>Le suit ensuite r\u00e9guli\u00e8rement avec des points d&#8217;\u00e9tapes.<\/li><li>Le cas \u00e9ch\u00e9ant, l&#8217;oriente et l&#8217;introduit aupr\u00e8s d&#8217;organismes pouvant l&#8217;aider \u00e0 parfaire sa formation et aupr\u00e8s d&#8217;experts lui permettant d&#8217;approfondir certains points pr\u00e9cis du projet : Propri\u00e9t\u00e9 Industrielle Juridique &#8211; Patrimoine &#8211; Etude de march\u00e9 &#8211; etc&#8230;<\/li><li>Organise un parcours de validation et d&#8217;expertise aupr\u00e8s de chefs d&#8217;entreprise Adh\u00e9rents dans le but d&#8217;enrichir la construction du projet et d&#8217;obtenir des avis compl\u00e9mentaires, sur la personne et sur le projet.<\/li><li>D\u00e9termine le montant du pr\u00eat d&#8217;honneur \u00e0 proposer au Comit\u00e9 d&#8217;Engagement.<\/li><\/ul>\n\n\n\n<ol class=\"wp-block-list\" start=\"3\"><li>Le porteur de projet devenu Laur\u00e9at b\u00e9n\u00e9ficie d\u2019un<strong> Accompagnement pendant 2 \u00e0 3 ans<\/strong><\/li><\/ol>\n\n\n\n<ul class=\"wp-block-list\"><li>Une <strong>aide personnalis\u00e9e, r\u00e9guli\u00e8re et gratuite<\/strong>, r\u00e9alis\u00e9e par un entrepreneur exp\u00e9riment\u00e9 qui s\u2019engage personnellement aupr\u00e8s du laur\u00e9at afin de l\u2019accompagner dans son m\u00e9tier de chef d\u2019entreprise. L\u2019accompagnateur chef d\u2019entreprise rencontre tr\u00e8s r\u00e9guli\u00e8rement le laur\u00e9at, \u00e0 raison d\u2019une fois par mois minimum. Il partage son exp\u00e9rience et ses comp\u00e9tences et l\u2019aide&nbsp;\u00e0 prendre du recul, il est un soutien moral pour le laur\u00e9at. Par ses questions et son comportement, Il va permettre au nouveau Chef d\u2019entreprise de trouver par lui-m\u00eame les solutions et les strat\u00e9gies \u00e0 mettre en \u0153uvre.<\/li><li>Une<strong> formation collective et conviviale<\/strong> : rendez-vous mensuel, le club de cr\u00e9ateurs leur permet d\u2019\u00e9changer r\u00e9guli\u00e8rement en toute convivialit\u00e9 avec d\u2019autres entrepreneurs, dans la m\u00eame situation. C\u2019est un lieu de contact et d\u2019\u00e9coute, un moyen de trouver des conseils et d\u2019\u00e9viter l\u2019isolement.<\/li><li>Un financement via un&nbsp;<strong>pr\u00eat d&#8217;honneur<\/strong> : accord\u00e9 \u00e0 la personne et remboursable sur 5 ans, ans avec un diff\u00e9r\u00e9 de 18 mois, ce pr\u00eat de 15K\u20ac \u00e0 50K euros sans int\u00e9r\u00eat ni garantie permet d\u2019abonder leurs fonds propres&nbsp;et de renforcer les pr\u00eats bancaires.<\/li><\/ul>\n","protected":false},"excerpt":{"rendered":"<p>70 membres issus des secteurs&nbsp;: Agroalimentaire \u2013 Immobilier \u2013 BTP<\/p>\n","protected":false},"author":1,"featured_media":0,"parent":0,"menu_order":0,"comment_status":"closed","ping_status":"closed","template":"","meta":{"_acf_changed":false,"_monsterinsights_skip_tracking":false,"_monsterinsights_sitenote_active":false,"_monsterinsights_sitenote_note":"","_monsterinsights_sitenote_category":0,"footnotes":""},"class_list":["post-15","page","type-page","status-publish","hentry"],"acf":[],"yoast_head":"<!-- This site is optimized with the Yoast SEO plugin v27.4 - https:\/\/yoast.com\/product\/yoast-seo-wordpress\/ -->\n<title>Accompagner | R\u00e9seau Entreprendre Martinique<\/title>\n<meta name=\"description\" content=\"Vous \u00eates chef d&#039;entreprise et souhaitez accompagner de nouveaux entrepreneurs ? Devenez membre b\u00e9n\u00e9vole de R\u00e9seau Entreprendre Martinique !\" \/>\n<meta name=\"robots\" content=\"index, follow, max-snippet:-1, max-image-preview:large, max-video-preview:-1\" \/>\n<link rel=\"canonical\" href=\"https:\/\/www.reseau-entreprendre.org\/martinique\/accompagner\/\" \/>\n<meta property=\"og:locale\" content=\"fr_FR\" \/>\n<meta property=\"og:type\" content=\"article\" \/>\n<meta property=\"og:title\" content=\"Accompagner | R\u00e9seau Entreprendre Martinique\" \/>\n<meta property=\"og:description\" content=\"Vous \u00eates chef d&#039;entreprise et souhaitez accompagner de nouveaux entrepreneurs ? Devenez membre b\u00e9n\u00e9vole de R\u00e9seau Entreprendre Martinique !\" \/>\n<meta property=\"og:url\" content=\"https:\/\/www.reseau-entreprendre.org\/martinique\/accompagner\/\" \/>\n<meta property=\"og:site_name\" content=\"R\u00e9seau Entreprendre Martinique\" \/>\n<meta property=\"article:publisher\" content=\"https:\/\/www.facebook.com\/reseauentreprendre.martinique\" \/>\n<meta property=\"article:modified_time\" content=\"2021-10-07T15:58:30+00:00\" \/>\n<meta name=\"twitter:card\" content=\"summary_large_image\" \/>\n<meta name=\"twitter:label1\" content=\"Dur\u00e9e de lecture estim\u00e9e\" \/>\n\t<meta name=\"twitter:data1\" content=\"2 minutes\" \/>\n<script type=\"application\/ld+json\" class=\"yoast-schema-graph\">{\"@context\":\"https:\\\/\\\/schema.org\",\"@graph\":[{\"@type\":\"WebPage\",\"@id\":\"https:\\\/\\\/www.reseau-entreprendre.org\\\/martinique\\\/accompagner\\\/\",\"url\":\"https:\\\/\\\/www.reseau-entreprendre.org\\\/martinique\\\/accompagner\\\/\",\"name\":\"Accompagner | R\u00e9seau Entreprendre Martinique\",\"isPartOf\":{\"@id\":\"https:\\\/\\\/www.reseau-entreprendre.org\\\/martinique\\\/#website\"},\"datePublished\":\"2017-04-28T10:33:47+00:00\",\"dateModified\":\"2021-10-07T15:58:30+00:00\",\"description\":\"Vous \u00eates chef d'entreprise et souhaitez accompagner de nouveaux entrepreneurs ? Devenez membre b\u00e9n\u00e9vole de R\u00e9seau Entreprendre Martinique !\",\"breadcrumb\":{\"@id\":\"https:\\\/\\\/www.reseau-entreprendre.org\\\/martinique\\\/accompagner\\\/#breadcrumb\"},\"inLanguage\":\"fr-FR\",\"potentialAction\":[{\"@type\":\"ReadAction\",\"target\":[\"https:\\\/\\\/www.reseau-entreprendre.org\\\/martinique\\\/accompagner\\\/\"]}]},{\"@type\":\"BreadcrumbList\",\"@id\":\"https:\\\/\\\/www.reseau-entreprendre.org\\\/martinique\\\/accompagner\\\/#breadcrumb\",\"itemListElement\":[{\"@type\":\"ListItem\",\"position\":1,\"name\":\"Accueil\",\"item\":\"https:\\\/\\\/www.reseau-entreprendre.org\\\/martinique\\\/\"},{\"@type\":\"ListItem\",\"position\":2,\"name\":\"Accompagner\"}]},{\"@type\":\"WebSite\",\"@id\":\"https:\\\/\\\/www.reseau-entreprendre.org\\\/martinique\\\/#website\",\"url\":\"https:\\\/\\\/www.reseau-entreprendre.org\\\/martinique\\\/\",\"name\":\"R\u00e9seau Entreprendre Martinique\",\"description\":\"Un site utilisant Les sites de R\u00e9seau Entreprendre\",\"potentialAction\":[{\"@type\":\"SearchAction\",\"target\":{\"@type\":\"EntryPoint\",\"urlTemplate\":\"https:\\\/\\\/www.reseau-entreprendre.org\\\/martinique\\\/?s={search_term_string}\"},\"query-input\":{\"@type\":\"PropertyValueSpecification\",\"valueRequired\":true,\"valueName\":\"search_term_string\"}}],\"inLanguage\":\"fr-FR\"}]}<\/script>\n<!-- \/ Yoast SEO plugin. -->","yoast_head_json":{"title":"Accompagner | R\u00e9seau Entreprendre Martinique","description":"Vous \u00eates chef d'entreprise et souhaitez accompagner de nouveaux entrepreneurs ? Devenez membre b\u00e9n\u00e9vole de R\u00e9seau Entreprendre Martinique !","robots":{"index":"index","follow":"follow","max-snippet":"max-snippet:-1","max-image-preview":"max-image-preview:large","max-video-preview":"max-video-preview:-1"},"canonical":"https:\/\/www.reseau-entreprendre.org\/martinique\/accompagner\/","og_locale":"fr_FR","og_type":"article","og_title":"Accompagner | R\u00e9seau Entreprendre Martinique","og_description":"Vous \u00eates chef d'entreprise et souhaitez accompagner de nouveaux entrepreneurs ? Devenez membre b\u00e9n\u00e9vole de R\u00e9seau Entreprendre Martinique !","og_url":"https:\/\/www.reseau-entreprendre.org\/martinique\/accompagner\/","og_site_name":"R\u00e9seau Entreprendre Martinique","article_publisher":"https:\/\/www.facebook.com\/reseauentreprendre.martinique","article_modified_time":"2021-10-07T15:58:30+00:00","twitter_card":"summary_large_image","twitter_misc":{"Dur\u00e9e de lecture estim\u00e9e":"2 minutes"},"schema":{"@context":"https:\/\/schema.org","@graph":[{"@type":"WebPage","@id":"https:\/\/www.reseau-entreprendre.org\/martinique\/accompagner\/","url":"https:\/\/www.reseau-entreprendre.org\/martinique\/accompagner\/","name":"Accompagner | R\u00e9seau Entreprendre Martinique","isPartOf":{"@id":"https:\/\/www.reseau-entreprendre.org\/martinique\/#website"},"datePublished":"2017-04-28T10:33:47+00:00","dateModified":"2021-10-07T15:58:30+00:00","description":"Vous \u00eates chef d'entreprise et souhaitez accompagner de nouveaux entrepreneurs ? Devenez membre b\u00e9n\u00e9vole de R\u00e9seau Entreprendre Martinique !","breadcrumb":{"@id":"https:\/\/www.reseau-entreprendre.org\/martinique\/accompagner\/#breadcrumb"},"inLanguage":"fr-FR","potentialAction":[{"@type":"ReadAction","target":["https:\/\/www.reseau-entreprendre.org\/martinique\/accompagner\/"]}]},{"@type":"BreadcrumbList","@id":"https:\/\/www.reseau-entreprendre.org\/martinique\/accompagner\/#breadcrumb","itemListElement":[{"@type":"ListItem","position":1,"name":"Accueil","item":"https:\/\/www.reseau-entreprendre.org\/martinique\/"},{"@type":"ListItem","position":2,"name":"Accompagner"}]},{"@type":"WebSite","@id":"https:\/\/www.reseau-entreprendre.org\/martinique\/#website","url":"https:\/\/www.reseau-entreprendre.org\/martinique\/","name":"R\u00e9seau Entreprendre Martinique","description":"Un site utilisant Les sites de R\u00e9seau Entreprendre","potentialAction":[{"@type":"SearchAction","target":{"@type":"EntryPoint","urlTemplate":"https:\/\/www.reseau-entreprendre.org\/martinique\/?s={search_term_string}"},"query-input":{"@type":"PropertyValueSpecification","valueRequired":true,"valueName":"search_term_string"}}],"inLanguage":"fr-FR"}]}},"_links":{"self":[{"href":"https:\/\/www.reseau-entreprendre.org\/martinique\/wp-json\/wp\/v2\/pages\/15","targetHints":{"allow":["GET"]}}],"collection":[{"href":"https:\/\/www.reseau-entreprendre.org\/martinique\/wp-json\/wp\/v2\/pages"}],"about":[{"href":"https:\/\/www.reseau-entreprendre.org\/martinique\/wp-json\/wp\/v2\/types\/page"}],"author":[{"embeddable":true,"href":"https:\/\/www.reseau-entreprendre.org\/martinique\/wp-json\/wp\/v2\/users\/1"}],"replies":[{"embeddable":true,"href":"https:\/\/www.reseau-entreprendre.org\/martinique\/wp-json\/wp\/v2\/comments?post=15"}],"version-history":[{"count":0,"href":"https:\/\/www.reseau-entreprendre.org\/martinique\/wp-json\/wp\/v2\/pages\/15\/revisions"}],"wp:attachment":[{"href":"https:\/\/www.reseau-entreprendre.org\/martinique\/wp-json\/wp\/v2\/media?parent=15"}],"curies":[{"name":"wp","href":"https:\/\/api.w.org\/{rel}","templated":true}]}}