{"id":11,"date":"2017-04-28T12:33:20","date_gmt":"2017-04-28T10:33:20","guid":{"rendered":"https:\/\/www.reseau-entreprendre.org\/mayenne\/?page_id=11"},"modified":"2022-09-27T14:43:10","modified_gmt":"2022-09-27T12:43:10","slug":"qui-sommes-nous","status":"publish","type":"page","link":"https:\/\/www.reseau-entreprendre.org\/mayenne\/qui-sommes-nous\/","title":{"rendered":"Qui sommes-nous ?"},"content":{"rendered":"\n<h1 class=\"has-re-blue-color has-text-color has-large-font-size wp-block-heading\"><strong>R\u00e9seau Entreprendre\u00ae Mayenne : faire r\u00e9ussir des entrepreneurs gr\u00e2ce \u00e0 l&#8217;accompagnement de chefs d&#8217;entreprise<\/strong><\/h1>\n\n\n\n<p>Notre association, R\u00e9seau Entreprendre\u00ae Mayenne, a pour objectif de d\u00e9velopper le dynamisme \u00e9conomique local en aidant les cr\u00e9ateurs, repreneurs et d\u00e9veloppeurs de PME porteuses de richesses et d&#8217;emplois. Ainsi, depuis 2013, les membres, tous dirigeants d&#8217;entreprise, conseillent, orientent et accompagnent les porteurs de projets avec des m\u00e9thodes d&#8217;entreprise. Outre l&#8217;accompagnement par des chefs d&#8217;entreprise, R\u00e9seau Entreprendre\u00ae Mayenne soutient aussi les cr\u00e9ateurs par un dispositif de pr\u00eats d&#8217;honneur qui s\u00e9curise le plan de financement.<\/p>\n\n\n\n<p>L&#8217;utilit\u00e9 sociale est reconnue sur le plan national : la reconnaissance d&#8217;utilit\u00e9 publique a \u00e9t\u00e9 attribu\u00e9e en janvier 2003. Bas\u00e9e sur des valeurs fortes de comp\u00e9tences, de b\u00e9n\u00e9volat et de gratuit\u00e9, une \u00e9thique rigoureuse s&#8217;applique \u00e0 la s\u00e9lection et la validation des porteurs de projets, aux d\u00e9cisions des comit\u00e9s d&#8217;engagement, ainsi qu&#8217;\u00e0 l&#8217;accompagnement individuel et collectif.<\/p>\n\n\n\n<p>Depuis 2013, R\u00e9seau Entreprendre\u00ae Mayenne, a d\u00e9j\u00e0 soutenu plus de 54 entreprises et plus de 800 emplois ont \u00e9t\u00e9 cr\u00e9\u00e9s et\/ou sauvegard\u00e9s. Elle a ainsi d\u00e9montr\u00e9 son \u00e9vidente compl\u00e9mentarit\u00e9 avec les autres dispositifs d&#8217;aide \u00e0 la cr\u00e9ation d&#8217;entreprise (autres r\u00e9seaux, r\u00e9seaux bancaires, investisseurs, consulaires\u2026).<\/p>\n\n\n\n<p>Forte de ces r\u00e9sultats encourageants, du savoir-faire acquis, de l&#8217;engagement personnel de plus de 97 chefs d&#8217;entreprise mayennais b\u00e9n\u00e9voles, d&#8217;un fonctionnement autofinanc\u00e9 par les cotisations de ses membres, l&#8217;association envisage un d\u00e9veloppement soutenu pour les ann\u00e9es \u00e0 venir.<\/p>\n\n\n\n<p><strong>&#8220;R\u00e9seau Entreprendre Mayenne accompagne les futures PME \u00e0 potentiel, cr\u00e9atrices d&#8217;emplois et de richesses.&#8221; <\/strong><\/p>\n\n\n\n<h2 class=\"has-re-blue-color has-text-color has-x-large-font-size wp-block-heading\"><strong>Le mot du Pr\u00e9sident<\/strong><\/h2>\n\n\n<div class=\"wp-block-image\">\n<figure class=\"alignleft size-medium\"><img loading=\"lazy\" decoding=\"async\" width=\"169\" height=\"300\" src=\"https:\/\/www.reseau-entreprendre.org\/mayenne\/wp-content\/uploads\/sites\/47\/2022\/09\/Patrick-Brunet-169x300.jpg\" alt=\"\" class=\"wp-image-1137\" srcset=\"https:\/\/www.reseau-entreprendre.org\/mayenne\/wp-content\/uploads\/sites\/47\/2022\/09\/Patrick-Brunet-169x300.jpg 169w, https:\/\/www.reseau-entreprendre.org\/mayenne\/wp-content\/uploads\/sites\/47\/2022\/09\/Patrick-Brunet-576x1024.jpg 576w, https:\/\/www.reseau-entreprendre.org\/mayenne\/wp-content\/uploads\/sites\/47\/2022\/09\/Patrick-Brunet-768x1365.jpg 768w, https:\/\/www.reseau-entreprendre.org\/mayenne\/wp-content\/uploads\/sites\/47\/2022\/09\/Patrick-Brunet-864x1536.jpg 864w, https:\/\/www.reseau-entreprendre.org\/mayenne\/wp-content\/uploads\/sites\/47\/2022\/09\/Patrick-Brunet-1152x2048.jpg 1152w, https:\/\/www.reseau-entreprendre.org\/mayenne\/wp-content\/uploads\/sites\/47\/2022\/09\/Patrick-Brunet-73x130.jpg 73w, https:\/\/www.reseau-entreprendre.org\/mayenne\/wp-content\/uploads\/sites\/47\/2022\/09\/Patrick-Brunet-scaled.jpg 641w\" sizes=\"auto, (max-width: 169px) 100vw, 169px\" \/><\/figure>\n<\/div>\n\n\n<p class=\"has-re-yellow-color has-text-color has-large-font-size\"><strong>Patrick Brunet<\/strong><\/p>\n\n\n\n<p><strong>Pr\u00e9sident de R\u00e9seau Entreprendre\u00ae&nbsp;Mayenne<\/strong><br>&#8220;Notre mission est d&#8217;accompagner les projets innovants, les repreneurs ou cr\u00e9ateurs ou encore les entreprises en croissance.  Ensemble, continuons d&#8217;accompagner nos entrepreneurs pour leur permettre de devenir les <strong>acteurs de demain<\/strong>. Nous avons besoin de vous tous, alors n&#8217;h\u00e9sitez pas \u00e0 nous rejoindre.&#8221;<\/p>\n","protected":false},"excerpt":{"rendered":"<p>R\u00e9seau Entreprendre\u00ae Mayenne : faire r\u00e9ussir des entrepreneurs gr\u00e2ce \u00e0<\/p>\n","protected":false},"author":48,"featured_media":0,"parent":0,"menu_order":0,"comment_status":"closed","ping_status":"closed","template":"","meta":{"_acf_changed":false,"_monsterinsights_skip_tracking":false,"_monsterinsights_sitenote_active":false,"_monsterinsights_sitenote_note":"","_monsterinsights_sitenote_category":0,"footnotes":""},"class_list":["post-11","page","type-page","status-publish","hentry"],"acf":[],"yoast_head":"<!-- This site is optimized with the Yoast SEO plugin v27.4 - https:\/\/yoast.com\/product\/yoast-seo-wordpress\/ -->\n<title>Qui sommes-nous ? | Reseau Entreprendre Mayenne<\/title>\n<meta name=\"description\" content=\"R\u00e9seau Entreprendre Mayenne fait r\u00e9ussir de nouveaux entrepreneurs gr\u00e2ce \u00e0 l&#039;accompagnement de chefs d&#039;entreprise\" \/>\n<meta name=\"robots\" content=\"index, follow, max-snippet:-1, max-image-preview:large, max-video-preview:-1\" \/>\n<link rel=\"canonical\" href=\"https:\/\/www.reseau-entreprendre.org\/mayenne\/qui-sommes-nous\/\" \/>\n<meta property=\"og:locale\" content=\"fr_FR\" \/>\n<meta property=\"og:type\" content=\"article\" \/>\n<meta property=\"og:title\" content=\"Qui sommes-nous ? | Reseau Entreprendre Mayenne\" \/>\n<meta property=\"og:description\" content=\"R\u00e9seau Entreprendre Mayenne fait r\u00e9ussir de nouveaux entrepreneurs gr\u00e2ce \u00e0 l&#039;accompagnement de chefs d&#039;entreprise\" \/>\n<meta property=\"og:url\" content=\"https:\/\/www.reseau-entreprendre.org\/mayenne\/qui-sommes-nous\/\" \/>\n<meta property=\"og:site_name\" content=\"R\u00e9seau Entreprendre Mayenne\" \/>\n<meta property=\"article:modified_time\" content=\"2022-09-27T12:43:10+00:00\" \/>\n<meta property=\"og:image\" content=\"https:\/\/www.reseau-entreprendre.org\/mayenne\/wp-content\/uploads\/sites\/47\/2022\/09\/Patrick-Brunet-169x300.jpg\" \/>\n<meta name=\"twitter:card\" content=\"summary_large_image\" \/>\n<meta name=\"twitter:label1\" content=\"Dur\u00e9e de lecture estim\u00e9e\" \/>\n\t<meta name=\"twitter:data1\" content=\"2 minutes\" \/>\n<script type=\"application\/ld+json\" class=\"yoast-schema-graph\">{\"@context\":\"https:\\\/\\\/schema.org\",\"@graph\":[{\"@type\":\"WebPage\",\"@id\":\"https:\\\/\\\/www.reseau-entreprendre.org\\\/mayenne\\\/qui-sommes-nous\\\/\",\"url\":\"https:\\\/\\\/www.reseau-entreprendre.org\\\/mayenne\\\/qui-sommes-nous\\\/\",\"name\":\"Qui sommes-nous ? | Reseau Entreprendre Mayenne\",\"isPartOf\":{\"@id\":\"https:\\\/\\\/www.reseau-entreprendre.org\\\/mayenne\\\/#website\"},\"primaryImageOfPage\":{\"@id\":\"https:\\\/\\\/www.reseau-entreprendre.org\\\/mayenne\\\/qui-sommes-nous\\\/#primaryimage\"},\"image\":{\"@id\":\"https:\\\/\\\/www.reseau-entreprendre.org\\\/mayenne\\\/qui-sommes-nous\\\/#primaryimage\"},\"thumbnailUrl\":\"https:\\\/\\\/www.reseau-entreprendre.org\\\/mayenne\\\/wp-content\\\/uploads\\\/sites\\\/47\\\/2022\\\/09\\\/Patrick-Brunet-169x300.jpg\",\"datePublished\":\"2017-04-28T10:33:20+00:00\",\"dateModified\":\"2022-09-27T12:43:10+00:00\",\"description\":\"R\u00e9seau Entreprendre Mayenne fait r\u00e9ussir de nouveaux entrepreneurs gr\u00e2ce \u00e0 l'accompagnement de chefs d'entreprise\",\"breadcrumb\":{\"@id\":\"https:\\\/\\\/www.reseau-entreprendre.org\\\/mayenne\\\/qui-sommes-nous\\\/#breadcrumb\"},\"inLanguage\":\"fr-FR\",\"potentialAction\":[{\"@type\":\"ReadAction\",\"target\":[\"https:\\\/\\\/www.reseau-entreprendre.org\\\/mayenne\\\/qui-sommes-nous\\\/\"]}]},{\"@type\":\"ImageObject\",\"inLanguage\":\"fr-FR\",\"@id\":\"https:\\\/\\\/www.reseau-entreprendre.org\\\/mayenne\\\/qui-sommes-nous\\\/#primaryimage\",\"url\":\"https:\\\/\\\/www.reseau-entreprendre.org\\\/mayenne\\\/wp-content\\\/uploads\\\/sites\\\/47\\\/2022\\\/09\\\/Patrick-Brunet-scaled.jpg\",\"contentUrl\":\"https:\\\/\\\/www.reseau-entreprendre.org\\\/mayenne\\\/wp-content\\\/uploads\\\/sites\\\/47\\\/2022\\\/09\\\/Patrick-Brunet-scaled.jpg\",\"width\":641,\"height\":1140},{\"@type\":\"BreadcrumbList\",\"@id\":\"https:\\\/\\\/www.reseau-entreprendre.org\\\/mayenne\\\/qui-sommes-nous\\\/#breadcrumb\",\"itemListElement\":[{\"@type\":\"ListItem\",\"position\":1,\"name\":\"Accueil\",\"item\":\"https:\\\/\\\/www.reseau-entreprendre.org\\\/mayenne\\\/\"},{\"@type\":\"ListItem\",\"position\":2,\"name\":\"Qui sommes-nous ?\"}]},{\"@type\":\"WebSite\",\"@id\":\"https:\\\/\\\/www.reseau-entreprendre.org\\\/mayenne\\\/#website\",\"url\":\"https:\\\/\\\/www.reseau-entreprendre.org\\\/mayenne\\\/\",\"name\":\"R\u00e9seau Entreprendre Mayenne\",\"description\":\"Un site utilisant Les sites de R\u00e9seau Entreprendre\",\"potentialAction\":[{\"@type\":\"SearchAction\",\"target\":{\"@type\":\"EntryPoint\",\"urlTemplate\":\"https:\\\/\\\/www.reseau-entreprendre.org\\\/mayenne\\\/?s={search_term_string}\"},\"query-input\":{\"@type\":\"PropertyValueSpecification\",\"valueRequired\":true,\"valueName\":\"search_term_string\"}}],\"inLanguage\":\"fr-FR\"}]}<\/script>\n<!-- \/ Yoast SEO plugin. -->","yoast_head_json":{"title":"Qui sommes-nous ? | Reseau Entreprendre Mayenne","description":"R\u00e9seau Entreprendre Mayenne fait r\u00e9ussir de nouveaux entrepreneurs gr\u00e2ce \u00e0 l'accompagnement de chefs d'entreprise","robots":{"index":"index","follow":"follow","max-snippet":"max-snippet:-1","max-image-preview":"max-image-preview:large","max-video-preview":"max-video-preview:-1"},"canonical":"https:\/\/www.reseau-entreprendre.org\/mayenne\/qui-sommes-nous\/","og_locale":"fr_FR","og_type":"article","og_title":"Qui sommes-nous ? | Reseau Entreprendre Mayenne","og_description":"R\u00e9seau Entreprendre Mayenne fait r\u00e9ussir de nouveaux entrepreneurs gr\u00e2ce \u00e0 l'accompagnement de chefs d'entreprise","og_url":"https:\/\/www.reseau-entreprendre.org\/mayenne\/qui-sommes-nous\/","og_site_name":"R\u00e9seau Entreprendre Mayenne","article_modified_time":"2022-09-27T12:43:10+00:00","og_image":[{"url":"https:\/\/www.reseau-entreprendre.org\/mayenne\/wp-content\/uploads\/sites\/47\/2022\/09\/Patrick-Brunet-169x300.jpg","type":"","width":"","height":""}],"twitter_card":"summary_large_image","twitter_misc":{"Dur\u00e9e de lecture estim\u00e9e":"2 minutes"},"schema":{"@context":"https:\/\/schema.org","@graph":[{"@type":"WebPage","@id":"https:\/\/www.reseau-entreprendre.org\/mayenne\/qui-sommes-nous\/","url":"https:\/\/www.reseau-entreprendre.org\/mayenne\/qui-sommes-nous\/","name":"Qui sommes-nous ? | Reseau Entreprendre Mayenne","isPartOf":{"@id":"https:\/\/www.reseau-entreprendre.org\/mayenne\/#website"},"primaryImageOfPage":{"@id":"https:\/\/www.reseau-entreprendre.org\/mayenne\/qui-sommes-nous\/#primaryimage"},"image":{"@id":"https:\/\/www.reseau-entreprendre.org\/mayenne\/qui-sommes-nous\/#primaryimage"},"thumbnailUrl":"https:\/\/www.reseau-entreprendre.org\/mayenne\/wp-content\/uploads\/sites\/47\/2022\/09\/Patrick-Brunet-169x300.jpg","datePublished":"2017-04-28T10:33:20+00:00","dateModified":"2022-09-27T12:43:10+00:00","description":"R\u00e9seau Entreprendre Mayenne fait r\u00e9ussir de nouveaux entrepreneurs gr\u00e2ce \u00e0 l'accompagnement de chefs d'entreprise","breadcrumb":{"@id":"https:\/\/www.reseau-entreprendre.org\/mayenne\/qui-sommes-nous\/#breadcrumb"},"inLanguage":"fr-FR","potentialAction":[{"@type":"ReadAction","target":["https:\/\/www.reseau-entreprendre.org\/mayenne\/qui-sommes-nous\/"]}]},{"@type":"ImageObject","inLanguage":"fr-FR","@id":"https:\/\/www.reseau-entreprendre.org\/mayenne\/qui-sommes-nous\/#primaryimage","url":"https:\/\/www.reseau-entreprendre.org\/mayenne\/wp-content\/uploads\/sites\/47\/2022\/09\/Patrick-Brunet-scaled.jpg","contentUrl":"https:\/\/www.reseau-entreprendre.org\/mayenne\/wp-content\/uploads\/sites\/47\/2022\/09\/Patrick-Brunet-scaled.jpg","width":641,"height":1140},{"@type":"BreadcrumbList","@id":"https:\/\/www.reseau-entreprendre.org\/mayenne\/qui-sommes-nous\/#breadcrumb","itemListElement":[{"@type":"ListItem","position":1,"name":"Accueil","item":"https:\/\/www.reseau-entreprendre.org\/mayenne\/"},{"@type":"ListItem","position":2,"name":"Qui sommes-nous ?"}]},{"@type":"WebSite","@id":"https:\/\/www.reseau-entreprendre.org\/mayenne\/#website","url":"https:\/\/www.reseau-entreprendre.org\/mayenne\/","name":"R\u00e9seau Entreprendre Mayenne","description":"Un site utilisant Les sites de R\u00e9seau Entreprendre","potentialAction":[{"@type":"SearchAction","target":{"@type":"EntryPoint","urlTemplate":"https:\/\/www.reseau-entreprendre.org\/mayenne\/?s={search_term_string}"},"query-input":{"@type":"PropertyValueSpecification","valueRequired":true,"valueName":"search_term_string"}}],"inLanguage":"fr-FR"}]}},"_links":{"self":[{"href":"https:\/\/www.reseau-entreprendre.org\/mayenne\/wp-json\/wp\/v2\/pages\/11","targetHints":{"allow":["GET"]}}],"collection":[{"href":"https:\/\/www.reseau-entreprendre.org\/mayenne\/wp-json\/wp\/v2\/pages"}],"about":[{"href":"https:\/\/www.reseau-entreprendre.org\/mayenne\/wp-json\/wp\/v2\/types\/page"}],"author":[{"embeddable":true,"href":"https:\/\/www.reseau-entreprendre.org\/mayenne\/wp-json\/wp\/v2\/users\/48"}],"replies":[{"embeddable":true,"href":"https:\/\/www.reseau-entreprendre.org\/mayenne\/wp-json\/wp\/v2\/comments?post=11"}],"version-history":[{"count":0,"href":"https:\/\/www.reseau-entreprendre.org\/mayenne\/wp-json\/wp\/v2\/pages\/11\/revisions"}],"wp:attachment":[{"href":"https:\/\/www.reseau-entreprendre.org\/mayenne\/wp-json\/wp\/v2\/media?parent=11"}],"curies":[{"name":"wp","href":"https:\/\/api.w.org\/{rel}","templated":true}]}}