{"id":1349,"date":"2022-12-05T15:56:02","date_gmt":"2022-12-05T14:56:02","guid":{"rendered":"https:\/\/www.reseau-entreprendre.org\/mayenne\/?page_id=1349"},"modified":"2023-08-01T09:59:22","modified_gmt":"2023-08-01T07:59:22","slug":"start-2","status":"publish","type":"page","link":"https:\/\/www.reseau-entreprendre.org\/mayenne\/entreprendre\/start-2\/","title":{"rendered":"Parcours START"},"content":{"rendered":"\n<h3 class=\"wp-block-heading has-text-align-center has-medium-font-size\">Vous pr\u00e9parez votre projet de cr\u00e9ation , de reprise d&#8217;entreprise ?<\/h3>\n\n\n\n<div style=\"height:30px\" aria-hidden=\"true\" class=\"wp-block-spacer\"><\/div>\n\n\n\n<h1 class=\"wp-block-heading has-text-align-center has-re-red-color has-text-color\"><strong>PARCOURS START<\/strong><\/h1>\n\n\n\n<div style=\"height:30px\" aria-hidden=\"true\" class=\"wp-block-spacer\"><\/div>\n\n\n\n<h3 class=\"wp-block-heading has-re-blue-color has-text-color\" style=\"font-size:33px\"><strong>Notre offre pour r\u00e9v\u00e9ler et renforcer vos talents de chef d&#8217;entreprise<\/strong><\/h3>\n\n\n\n<ul class=\"wp-block-list\">\n<li><strong>Accompagnement individuel <\/strong>structur\u00e9e professionnel et m\u00e9thodique par un chef d&#8217;entreprise, chaque mois pendant 24 mois<\/li>\n<\/ul>\n\n\n\n<ul class=\"wp-block-list\">\n<li><strong>Accompagnement collectif <\/strong>: Le club des Laur\u00e9ats est un lieu de partage et de renforcement en toute confiance qui a lieu tous les mois<\/li>\n<\/ul>\n\n\n\n<ul class=\"wp-block-list\">\n<li><strong>Pr\u00eat d&#8217;honneur<\/strong> : de 15 \u00e0 50 K\u20ac, sans int\u00e9r\u00eat et sans garantie<\/li>\n<\/ul>\n\n\n\n<ul class=\"wp-block-list\">\n<li><strong>Volont\u00e9 d\u2019op\u00e9rer<\/strong> un d\u00e9veloppement<\/li>\n<\/ul>\n\n\n\n<div style=\"height:60px\" aria-hidden=\"true\" class=\"wp-block-spacer\"><\/div>\n\n\n\n<h3 class=\"wp-block-heading has-re-blue-color has-text-color\"><strong>Objectif <\/strong><\/h3>\n\n\n\n<ul class=\"wp-block-list\">\n<li><strong>Cr\u00e9ation de 5 emplois<\/strong> \u00e0 3 ans.<\/li>\n<\/ul>\n\n\n\n<div style=\"height:60px\" aria-hidden=\"true\" class=\"wp-block-spacer\"><\/div>\n\n\n\n<h3 class=\"wp-block-heading has-re-blue-color has-text-color\"><strong>B\u00e9n\u00e9fices<\/strong><\/h3>\n\n\n\n<ul class=\"wp-block-list\">\n<li><strong>S\u00e9curiser<\/strong> votre cr\u00e9ation \/ reprise<\/li>\n<\/ul>\n\n\n\n<ul class=\"wp-block-list\">\n<li><strong>P\u00e9renniser<\/strong> votre projet. Taux de p\u00e9rennit\u00e9 \u00e0 5 ans des laur\u00e9ats : 84%<\/li>\n<\/ul>\n\n\n\n<ul class=\"wp-block-list\">\n<li>Atteindre rapidement la profitabilit\u00e9 pour pouvoir vous d\u00e9velopper<\/li>\n<\/ul>\n\n\n<div class=\"wp-block-image\">\n<figure class=\"aligncenter size-full is-resized\"><img loading=\"lazy\" decoding=\"async\" src=\"https:\/\/www.reseau-entreprendre.org\/mayenne\/wp-content\/uploads\/sites\/47\/2022\/12\/fleche_start-1024x433-1.jpg\" alt=\"Accompagnement Start by r\u00e9seau entreprendre\" class=\"wp-image-1352\" width=\"1030\" height=\"436\" srcset=\"https:\/\/www.reseau-entreprendre.org\/mayenne\/wp-content\/uploads\/sites\/47\/2022\/12\/fleche_start-1024x433-1.jpg 1024w, https:\/\/www.reseau-entreprendre.org\/mayenne\/wp-content\/uploads\/sites\/47\/2022\/12\/fleche_start-1024x433-1-300x127.jpg 300w, https:\/\/www.reseau-entreprendre.org\/mayenne\/wp-content\/uploads\/sites\/47\/2022\/12\/fleche_start-1024x433-1-768x325.jpg 768w, https:\/\/www.reseau-entreprendre.org\/mayenne\/wp-content\/uploads\/sites\/47\/2022\/12\/fleche_start-1024x433-1-210x89.jpg 210w\" sizes=\"auto, (max-width: 1030px) 100vw, 1030px\" \/><\/figure>\n<\/div>\n\n\n<div style=\"height:42px\" aria-hidden=\"true\" class=\"wp-block-spacer\"><\/div>\n\n\n\n<h3 class=\"wp-block-heading has-text-align-center\"><strong>Vous souhaitez \u00eatre accompagn\u00e9 par R\u00e9seau Entreprendre Mayenne ?<\/strong><\/h3>\n\n\n\n<div style=\"height:50px\" aria-hidden=\"true\" class=\"wp-block-spacer\"><\/div>\n\n\n\n<div class=\"wp-block-buttons is-content-justification-center is-layout-flex wp-container-core-buttons-is-layout-16018d1d wp-block-buttons-is-layout-flex\">\n<div class=\"wp-block-button has-custom-width wp-block-button__width-50 has-custom-font-size is-style-fill has-medium-font-size\"><a class=\"wp-block-button__link has-re-red-background-color has-background wp-element-button\" href=\"https:\/\/www.reseau-entreprendre.org\/fr\/entreprendre\/formulaire-porteur-projet\/\" target=\"_blank\" rel=\"noreferrer noopener\"><strong>Contactez-nous !<\/strong><\/a><\/div>\n<\/div>\n","protected":false},"excerpt":{"rendered":"<p>Vous pr\u00e9parez votre projet de cr\u00e9ation , de reprise d&#8217;entreprise<\/p>\n","protected":false},"author":48,"featured_media":0,"parent":13,"menu_order":1,"comment_status":"closed","ping_status":"closed","template":"","meta":{"_acf_changed":false,"_monsterinsights_skip_tracking":false,"_monsterinsights_sitenote_active":false,"_monsterinsights_sitenote_note":"","_monsterinsights_sitenote_category":0,"footnotes":""},"class_list":["post-1349","page","type-page","status-publish","hentry"],"acf":[],"yoast_head":"<!-- This site is optimized with the Yoast SEO plugin v27.4 - https:\/\/yoast.com\/product\/yoast-seo-wordpress\/ -->\n<title>Parcours START - R\u00e9seau Entreprendre Mayenne<\/title>\n<meta name=\"robots\" content=\"index, follow, max-snippet:-1, max-image-preview:large, max-video-preview:-1\" \/>\n<link rel=\"canonical\" href=\"https:\/\/www.reseau-entreprendre.org\/mayenne\/entreprendre\/start-2\/\" \/>\n<meta property=\"og:locale\" content=\"fr_FR\" \/>\n<meta property=\"og:type\" content=\"article\" \/>\n<meta property=\"og:title\" content=\"Parcours START - R\u00e9seau Entreprendre Mayenne\" \/>\n<meta property=\"og:description\" content=\"Vous pr\u00e9parez votre projet de cr\u00e9ation , de reprise d&#8217;entreprise\" \/>\n<meta property=\"og:url\" content=\"https:\/\/www.reseau-entreprendre.org\/mayenne\/entreprendre\/start-2\/\" \/>\n<meta property=\"og:site_name\" content=\"R\u00e9seau Entreprendre Mayenne\" \/>\n<meta property=\"article:modified_time\" content=\"2023-08-01T07:59:22+00:00\" \/>\n<meta property=\"og:image\" content=\"https:\/\/www.reseau-entreprendre.org\/mayenne\/wp-content\/uploads\/sites\/47\/2022\/12\/fleche_start-1024x433-1.jpg\" \/>\n<meta name=\"twitter:card\" content=\"summary_large_image\" \/>\n<meta name=\"twitter:label1\" content=\"Dur\u00e9e de lecture estim\u00e9e\" \/>\n\t<meta name=\"twitter:data1\" content=\"1 minute\" \/>\n<script type=\"application\/ld+json\" class=\"yoast-schema-graph\">{\"@context\":\"https:\\\/\\\/schema.org\",\"@graph\":[{\"@type\":\"WebPage\",\"@id\":\"https:\\\/\\\/www.reseau-entreprendre.org\\\/mayenne\\\/entreprendre\\\/start-2\\\/\",\"url\":\"https:\\\/\\\/www.reseau-entreprendre.org\\\/mayenne\\\/entreprendre\\\/start-2\\\/\",\"name\":\"Parcours START - R\u00e9seau Entreprendre Mayenne\",\"isPartOf\":{\"@id\":\"https:\\\/\\\/www.reseau-entreprendre.org\\\/mayenne\\\/#website\"},\"primaryImageOfPage\":{\"@id\":\"https:\\\/\\\/www.reseau-entreprendre.org\\\/mayenne\\\/entreprendre\\\/start-2\\\/#primaryimage\"},\"image\":{\"@id\":\"https:\\\/\\\/www.reseau-entreprendre.org\\\/mayenne\\\/entreprendre\\\/start-2\\\/#primaryimage\"},\"thumbnailUrl\":\"https:\\\/\\\/www.reseau-entreprendre.org\\\/mayenne\\\/wp-content\\\/uploads\\\/sites\\\/47\\\/2022\\\/12\\\/fleche_start-1024x433-1.jpg\",\"datePublished\":\"2022-12-05T14:56:02+00:00\",\"dateModified\":\"2023-08-01T07:59:22+00:00\",\"breadcrumb\":{\"@id\":\"https:\\\/\\\/www.reseau-entreprendre.org\\\/mayenne\\\/entreprendre\\\/start-2\\\/#breadcrumb\"},\"inLanguage\":\"fr-FR\",\"potentialAction\":[{\"@type\":\"ReadAction\",\"target\":[\"https:\\\/\\\/www.reseau-entreprendre.org\\\/mayenne\\\/entreprendre\\\/start-2\\\/\"]}]},{\"@type\":\"ImageObject\",\"inLanguage\":\"fr-FR\",\"@id\":\"https:\\\/\\\/www.reseau-entreprendre.org\\\/mayenne\\\/entreprendre\\\/start-2\\\/#primaryimage\",\"url\":\"https:\\\/\\\/www.reseau-entreprendre.org\\\/mayenne\\\/wp-content\\\/uploads\\\/sites\\\/47\\\/2022\\\/12\\\/fleche_start-1024x433-1.jpg\",\"contentUrl\":\"https:\\\/\\\/www.reseau-entreprendre.org\\\/mayenne\\\/wp-content\\\/uploads\\\/sites\\\/47\\\/2022\\\/12\\\/fleche_start-1024x433-1.jpg\",\"width\":1024,\"height\":433},{\"@type\":\"BreadcrumbList\",\"@id\":\"https:\\\/\\\/www.reseau-entreprendre.org\\\/mayenne\\\/entreprendre\\\/start-2\\\/#breadcrumb\",\"itemListElement\":[{\"@type\":\"ListItem\",\"position\":1,\"name\":\"Accueil\",\"item\":\"https:\\\/\\\/www.reseau-entreprendre.org\\\/mayenne\\\/\"},{\"@type\":\"ListItem\",\"position\":2,\"name\":\"\u00catre accompagn\u00e9\",\"item\":\"https:\\\/\\\/www.reseau-entreprendre.org\\\/mayenne\\\/entreprendre\\\/\"},{\"@type\":\"ListItem\",\"position\":3,\"name\":\"Parcours START\"}]},{\"@type\":\"WebSite\",\"@id\":\"https:\\\/\\\/www.reseau-entreprendre.org\\\/mayenne\\\/#website\",\"url\":\"https:\\\/\\\/www.reseau-entreprendre.org\\\/mayenne\\\/\",\"name\":\"R\u00e9seau Entreprendre Mayenne\",\"description\":\"Un site utilisant Les sites de R\u00e9seau Entreprendre\",\"potentialAction\":[{\"@type\":\"SearchAction\",\"target\":{\"@type\":\"EntryPoint\",\"urlTemplate\":\"https:\\\/\\\/www.reseau-entreprendre.org\\\/mayenne\\\/?s={search_term_string}\"},\"query-input\":{\"@type\":\"PropertyValueSpecification\",\"valueRequired\":true,\"valueName\":\"search_term_string\"}}],\"inLanguage\":\"fr-FR\"}]}<\/script>\n<!-- \/ Yoast SEO plugin. -->","yoast_head_json":{"title":"Parcours START - R\u00e9seau Entreprendre Mayenne","robots":{"index":"index","follow":"follow","max-snippet":"max-snippet:-1","max-image-preview":"max-image-preview:large","max-video-preview":"max-video-preview:-1"},"canonical":"https:\/\/www.reseau-entreprendre.org\/mayenne\/entreprendre\/start-2\/","og_locale":"fr_FR","og_type":"article","og_title":"Parcours START - R\u00e9seau Entreprendre Mayenne","og_description":"Vous pr\u00e9parez votre projet de cr\u00e9ation , de reprise d&#8217;entreprise","og_url":"https:\/\/www.reseau-entreprendre.org\/mayenne\/entreprendre\/start-2\/","og_site_name":"R\u00e9seau Entreprendre Mayenne","article_modified_time":"2023-08-01T07:59:22+00:00","og_image":[{"url":"https:\/\/www.reseau-entreprendre.org\/mayenne\/wp-content\/uploads\/sites\/47\/2022\/12\/fleche_start-1024x433-1.jpg","type":"","width":"","height":""}],"twitter_card":"summary_large_image","twitter_misc":{"Dur\u00e9e de lecture estim\u00e9e":"1 minute"},"schema":{"@context":"https:\/\/schema.org","@graph":[{"@type":"WebPage","@id":"https:\/\/www.reseau-entreprendre.org\/mayenne\/entreprendre\/start-2\/","url":"https:\/\/www.reseau-entreprendre.org\/mayenne\/entreprendre\/start-2\/","name":"Parcours START - R\u00e9seau Entreprendre Mayenne","isPartOf":{"@id":"https:\/\/www.reseau-entreprendre.org\/mayenne\/#website"},"primaryImageOfPage":{"@id":"https:\/\/www.reseau-entreprendre.org\/mayenne\/entreprendre\/start-2\/#primaryimage"},"image":{"@id":"https:\/\/www.reseau-entreprendre.org\/mayenne\/entreprendre\/start-2\/#primaryimage"},"thumbnailUrl":"https:\/\/www.reseau-entreprendre.org\/mayenne\/wp-content\/uploads\/sites\/47\/2022\/12\/fleche_start-1024x433-1.jpg","datePublished":"2022-12-05T14:56:02+00:00","dateModified":"2023-08-01T07:59:22+00:00","breadcrumb":{"@id":"https:\/\/www.reseau-entreprendre.org\/mayenne\/entreprendre\/start-2\/#breadcrumb"},"inLanguage":"fr-FR","potentialAction":[{"@type":"ReadAction","target":["https:\/\/www.reseau-entreprendre.org\/mayenne\/entreprendre\/start-2\/"]}]},{"@type":"ImageObject","inLanguage":"fr-FR","@id":"https:\/\/www.reseau-entreprendre.org\/mayenne\/entreprendre\/start-2\/#primaryimage","url":"https:\/\/www.reseau-entreprendre.org\/mayenne\/wp-content\/uploads\/sites\/47\/2022\/12\/fleche_start-1024x433-1.jpg","contentUrl":"https:\/\/www.reseau-entreprendre.org\/mayenne\/wp-content\/uploads\/sites\/47\/2022\/12\/fleche_start-1024x433-1.jpg","width":1024,"height":433},{"@type":"BreadcrumbList","@id":"https:\/\/www.reseau-entreprendre.org\/mayenne\/entreprendre\/start-2\/#breadcrumb","itemListElement":[{"@type":"ListItem","position":1,"name":"Accueil","item":"https:\/\/www.reseau-entreprendre.org\/mayenne\/"},{"@type":"ListItem","position":2,"name":"\u00catre accompagn\u00e9","item":"https:\/\/www.reseau-entreprendre.org\/mayenne\/entreprendre\/"},{"@type":"ListItem","position":3,"name":"Parcours START"}]},{"@type":"WebSite","@id":"https:\/\/www.reseau-entreprendre.org\/mayenne\/#website","url":"https:\/\/www.reseau-entreprendre.org\/mayenne\/","name":"R\u00e9seau Entreprendre Mayenne","description":"Un site utilisant Les sites de R\u00e9seau Entreprendre","potentialAction":[{"@type":"SearchAction","target":{"@type":"EntryPoint","urlTemplate":"https:\/\/www.reseau-entreprendre.org\/mayenne\/?s={search_term_string}"},"query-input":{"@type":"PropertyValueSpecification","valueRequired":true,"valueName":"search_term_string"}}],"inLanguage":"fr-FR"}]}},"_links":{"self":[{"href":"https:\/\/www.reseau-entreprendre.org\/mayenne\/wp-json\/wp\/v2\/pages\/1349","targetHints":{"allow":["GET"]}}],"collection":[{"href":"https:\/\/www.reseau-entreprendre.org\/mayenne\/wp-json\/wp\/v2\/pages"}],"about":[{"href":"https:\/\/www.reseau-entreprendre.org\/mayenne\/wp-json\/wp\/v2\/types\/page"}],"author":[{"embeddable":true,"href":"https:\/\/www.reseau-entreprendre.org\/mayenne\/wp-json\/wp\/v2\/users\/48"}],"replies":[{"embeddable":true,"href":"https:\/\/www.reseau-entreprendre.org\/mayenne\/wp-json\/wp\/v2\/comments?post=1349"}],"version-history":[{"count":0,"href":"https:\/\/www.reseau-entreprendre.org\/mayenne\/wp-json\/wp\/v2\/pages\/1349\/revisions"}],"up":[{"embeddable":true,"href":"https:\/\/www.reseau-entreprendre.org\/mayenne\/wp-json\/wp\/v2\/pages\/13"}],"wp:attachment":[{"href":"https:\/\/www.reseau-entreprendre.org\/mayenne\/wp-json\/wp\/v2\/media?parent=1349"}],"curies":[{"name":"wp","href":"https:\/\/api.w.org\/{rel}","templated":true}]}}