{"id":1360,"date":"2022-12-06T11:44:07","date_gmt":"2022-12-06T10:44:07","guid":{"rendered":"https:\/\/www.reseau-entreprendre.org\/mayenne\/?page_id=1360"},"modified":"2022-12-08T17:23:00","modified_gmt":"2022-12-08T16:23:00","slug":"booster-2","status":"publish","type":"page","link":"https:\/\/www.reseau-entreprendre.org\/mayenne\/entreprendre\/booster-2\/","title":{"rendered":"&#8211; Parcours BOOSTER"},"content":{"rendered":"\n<h3 class=\"has-text-align-center wp-block-heading\">Vous souhaitez passer un cap de d\u00e9veloppement significatif pour votre entreprise ?<\/h3>\n\n\n\n<div style=\"height:30px\" aria-hidden=\"true\" class=\"wp-block-spacer\"><\/div>\n\n\n\n<h1 class=\"has-text-align-center has-re-red-color has-text-color wp-block-heading\"><strong>PARCOURS BOOSTER<\/strong><\/h1>\n\n\n\n<div style=\"height:50px\" aria-hidden=\"true\" class=\"wp-block-spacer\"><\/div>\n\n\n\n<h3 class=\"has-re-blue-color has-text-color wp-block-heading\"><strong>Notre offre pour concr\u00e9tiser et r\u00e9ussir votre projet de d\u00e9veloppement structurant :<\/strong><\/h3>\n\n\n\n<ul class=\"wp-block-list\">\n<li><strong>Accompagnement coll\u00e9gial et individuel, en mode projet<\/strong>, par 2 \u00e0 3 chefs d\u2019entreprise, bimestriel et\/ou mensuel pendant 24 mois<\/li>\n<\/ul>\n\n\n\n<ul class=\"wp-block-list\">\n<li><strong>Pr\u00eat d\u2019honneur <\/strong>: de 30 \u00e0 90 K\u20ac, sans int\u00e9r\u00eat et sans garantie<\/li>\n<\/ul>\n\n\n\n<div style=\"height:60px\" aria-hidden=\"true\" class=\"wp-block-spacer\"><\/div>\n\n\n\n<h3 class=\"has-re-blue-color has-text-color wp-block-heading\"><strong>Conditions d\u2019entr\u00e9e :<\/strong><\/h3>\n\n\n\n<ul class=\"wp-block-list\">\n<li>Plus de <strong>5 salari\u00e9s<\/strong><\/li>\n<\/ul>\n\n\n\n<ul class=\"wp-block-list\">\n<li>Chiffre d\u2019affaires sup\u00e9rieur \u00e0<strong> 500 k\u20ac<\/strong><\/li>\n<\/ul>\n\n\n\n<div style=\"height:60px\" aria-hidden=\"true\" class=\"wp-block-spacer\"><\/div>\n\n\n\n<h3 class=\"has-re-blue-color has-text-color wp-block-heading\"><strong>Objectif :<\/strong><\/h3>\n\n\n\n<ul class=\"wp-block-list\">\n<li><strong>D\u00e9velopper significativement<\/strong> le nombre d\u2019emplois<\/li>\n<\/ul>\n\n\n\n<div style=\"height:59px\" aria-hidden=\"true\" class=\"wp-block-spacer\"><\/div>\n\n\n\n<h3 class=\"has-re-blue-color has-text-color wp-block-heading\"><strong>B\u00e9n\u00e9fices :<\/strong><\/h3>\n\n\n\n<ul class=\"wp-block-list\">\n<li>Conforter <strong>votre d\u00e9veloppement<\/strong>\n<ul class=\"wp-block-list\"><\/ul>\n<\/li>\n<\/ul>\n\n\n\n<ul class=\"wp-block-list\">\n<li><strong>Apporter un appui th\u00e9matique<\/strong> (d\u00e9velopper l&#8217;offre produits\/services, conqu\u00e9rir de nouveaux territoires, renforcer l&#8217;outil industriel, acqu\u00e9rir une entreprise, effectuer un pivot&#8230;)<\/li>\n<\/ul>\n\n\n\n<figure class=\"wp-block-image size-full\"><img loading=\"lazy\" decoding=\"async\" width=\"1024\" height=\"457\" src=\"https:\/\/www.reseau-entreprendre.org\/mayenne\/wp-content\/uploads\/sites\/47\/2022\/12\/fleche_booster-1024x457-1.jpg\" alt=\"Parcours Booster by r\u00e9seau entreprendre\" class=\"wp-image-1371\" srcset=\"https:\/\/www.reseau-entreprendre.org\/mayenne\/wp-content\/uploads\/sites\/47\/2022\/12\/fleche_booster-1024x457-1.jpg 1024w, https:\/\/www.reseau-entreprendre.org\/mayenne\/wp-content\/uploads\/sites\/47\/2022\/12\/fleche_booster-1024x457-1-300x134.jpg 300w, https:\/\/www.reseau-entreprendre.org\/mayenne\/wp-content\/uploads\/sites\/47\/2022\/12\/fleche_booster-1024x457-1-768x343.jpg 768w, https:\/\/www.reseau-entreprendre.org\/mayenne\/wp-content\/uploads\/sites\/47\/2022\/12\/fleche_booster-1024x457-1-210x94.jpg 210w\" sizes=\"auto, (max-width: 1024px) 100vw, 1024px\" \/><\/figure>\n\n\n\n<div style=\"height:61px\" aria-hidden=\"true\" class=\"wp-block-spacer\"><\/div>\n\n\n\n<h3 class=\"has-text-align-center wp-block-heading\"><strong>Vous souhaitez \u00eatre accompagn\u00e9 par R\u00e9seau Entreprendre<\/strong> <strong>Mayenne ?<\/strong><\/h3>\n\n\n\n<div style=\"height:49px\" aria-hidden=\"true\" class=\"wp-block-spacer\"><\/div>\n\n\n\n<div class=\"wp-block-buttons alignfull is-content-justification-center is-layout-flex wp-container-core-buttons-is-layout-16018d1d wp-block-buttons-is-layout-flex\">\n<div class=\"wp-block-button aligncenter has-custom-width wp-block-button__width-50 has-custom-font-size is-style-fill has-medium-font-size\"><a class=\"wp-block-button__link has-re-red-background-color has-background wp-element-button\" href=\"https:\/\/www.reseau-entreprendre.org\/fr\/entreprendre\/formulaire-porteur-projet\/\" target=\"_blank\" rel=\"noreferrer noopener\"><strong>Contactez-nous !<\/strong><\/a><\/div>\n<\/div>\n","protected":false},"excerpt":{"rendered":"<p>Vous souhaitez passer un cap de d\u00e9veloppement significatif pour votre<\/p>\n","protected":false},"author":48,"featured_media":0,"parent":13,"menu_order":2,"comment_status":"closed","ping_status":"closed","template":"","meta":{"_acf_changed":false,"_monsterinsights_skip_tracking":false,"_monsterinsights_sitenote_active":false,"_monsterinsights_sitenote_note":"","_monsterinsights_sitenote_category":0,"footnotes":""},"class_list":["post-1360","page","type-page","status-publish","hentry"],"acf":[],"yoast_head":"<!-- This site is optimized with the Yoast SEO plugin v27.4 - https:\/\/yoast.com\/product\/yoast-seo-wordpress\/ -->\n<title>- Parcours BOOSTER - R\u00e9seau Entreprendre Mayenne<\/title>\n<meta name=\"robots\" content=\"index, follow, max-snippet:-1, max-image-preview:large, max-video-preview:-1\" \/>\n<link rel=\"canonical\" href=\"https:\/\/www.reseau-entreprendre.org\/mayenne\/entreprendre\/booster-2\/\" \/>\n<meta property=\"og:locale\" content=\"fr_FR\" \/>\n<meta property=\"og:type\" content=\"article\" \/>\n<meta property=\"og:title\" content=\"- Parcours BOOSTER - R\u00e9seau Entreprendre Mayenne\" \/>\n<meta property=\"og:description\" content=\"Vous souhaitez passer un cap de d\u00e9veloppement significatif pour votre\" \/>\n<meta property=\"og:url\" content=\"https:\/\/www.reseau-entreprendre.org\/mayenne\/entreprendre\/booster-2\/\" \/>\n<meta property=\"og:site_name\" content=\"R\u00e9seau Entreprendre Mayenne\" \/>\n<meta property=\"article:modified_time\" content=\"2022-12-08T16:23:00+00:00\" \/>\n<meta property=\"og:image\" content=\"https:\/\/www.reseau-entreprendre.org\/mayenne\/wp-content\/uploads\/sites\/47\/2022\/12\/fleche_booster-1024x457-1.jpg\" \/>\n<meta name=\"twitter:card\" content=\"summary_large_image\" \/>\n<meta name=\"twitter:label1\" content=\"Dur\u00e9e de lecture estim\u00e9e\" \/>\n\t<meta name=\"twitter:data1\" content=\"1 minute\" \/>\n<script type=\"application\/ld+json\" class=\"yoast-schema-graph\">{\"@context\":\"https:\\\/\\\/schema.org\",\"@graph\":[{\"@type\":\"WebPage\",\"@id\":\"https:\\\/\\\/www.reseau-entreprendre.org\\\/mayenne\\\/entreprendre\\\/booster-2\\\/\",\"url\":\"https:\\\/\\\/www.reseau-entreprendre.org\\\/mayenne\\\/entreprendre\\\/booster-2\\\/\",\"name\":\"- Parcours BOOSTER - R\u00e9seau Entreprendre Mayenne\",\"isPartOf\":{\"@id\":\"https:\\\/\\\/www.reseau-entreprendre.org\\\/mayenne\\\/#website\"},\"primaryImageOfPage\":{\"@id\":\"https:\\\/\\\/www.reseau-entreprendre.org\\\/mayenne\\\/entreprendre\\\/booster-2\\\/#primaryimage\"},\"image\":{\"@id\":\"https:\\\/\\\/www.reseau-entreprendre.org\\\/mayenne\\\/entreprendre\\\/booster-2\\\/#primaryimage\"},\"thumbnailUrl\":\"https:\\\/\\\/www.reseau-entreprendre.org\\\/mayenne\\\/wp-content\\\/uploads\\\/sites\\\/47\\\/2022\\\/12\\\/fleche_booster-1024x457-1.jpg\",\"datePublished\":\"2022-12-06T10:44:07+00:00\",\"dateModified\":\"2022-12-08T16:23:00+00:00\",\"breadcrumb\":{\"@id\":\"https:\\\/\\\/www.reseau-entreprendre.org\\\/mayenne\\\/entreprendre\\\/booster-2\\\/#breadcrumb\"},\"inLanguage\":\"fr-FR\",\"potentialAction\":[{\"@type\":\"ReadAction\",\"target\":[\"https:\\\/\\\/www.reseau-entreprendre.org\\\/mayenne\\\/entreprendre\\\/booster-2\\\/\"]}]},{\"@type\":\"ImageObject\",\"inLanguage\":\"fr-FR\",\"@id\":\"https:\\\/\\\/www.reseau-entreprendre.org\\\/mayenne\\\/entreprendre\\\/booster-2\\\/#primaryimage\",\"url\":\"https:\\\/\\\/www.reseau-entreprendre.org\\\/mayenne\\\/wp-content\\\/uploads\\\/sites\\\/47\\\/2022\\\/12\\\/fleche_booster-1024x457-1.jpg\",\"contentUrl\":\"https:\\\/\\\/www.reseau-entreprendre.org\\\/mayenne\\\/wp-content\\\/uploads\\\/sites\\\/47\\\/2022\\\/12\\\/fleche_booster-1024x457-1.jpg\",\"width\":1024,\"height\":457},{\"@type\":\"BreadcrumbList\",\"@id\":\"https:\\\/\\\/www.reseau-entreprendre.org\\\/mayenne\\\/entreprendre\\\/booster-2\\\/#breadcrumb\",\"itemListElement\":[{\"@type\":\"ListItem\",\"position\":1,\"name\":\"Accueil\",\"item\":\"https:\\\/\\\/www.reseau-entreprendre.org\\\/mayenne\\\/\"},{\"@type\":\"ListItem\",\"position\":2,\"name\":\"\u00catre accompagn\u00e9\",\"item\":\"https:\\\/\\\/www.reseau-entreprendre.org\\\/mayenne\\\/entreprendre\\\/\"},{\"@type\":\"ListItem\",\"position\":3,\"name\":\"&#8211; Parcours BOOSTER\"}]},{\"@type\":\"WebSite\",\"@id\":\"https:\\\/\\\/www.reseau-entreprendre.org\\\/mayenne\\\/#website\",\"url\":\"https:\\\/\\\/www.reseau-entreprendre.org\\\/mayenne\\\/\",\"name\":\"R\u00e9seau Entreprendre Mayenne\",\"description\":\"Un site utilisant Les sites de R\u00e9seau Entreprendre\",\"potentialAction\":[{\"@type\":\"SearchAction\",\"target\":{\"@type\":\"EntryPoint\",\"urlTemplate\":\"https:\\\/\\\/www.reseau-entreprendre.org\\\/mayenne\\\/?s={search_term_string}\"},\"query-input\":{\"@type\":\"PropertyValueSpecification\",\"valueRequired\":true,\"valueName\":\"search_term_string\"}}],\"inLanguage\":\"fr-FR\"}]}<\/script>\n<!-- \/ Yoast SEO plugin. -->","yoast_head_json":{"title":"- Parcours BOOSTER - R\u00e9seau Entreprendre Mayenne","robots":{"index":"index","follow":"follow","max-snippet":"max-snippet:-1","max-image-preview":"max-image-preview:large","max-video-preview":"max-video-preview:-1"},"canonical":"https:\/\/www.reseau-entreprendre.org\/mayenne\/entreprendre\/booster-2\/","og_locale":"fr_FR","og_type":"article","og_title":"- Parcours BOOSTER - R\u00e9seau Entreprendre Mayenne","og_description":"Vous souhaitez passer un cap de d\u00e9veloppement significatif pour votre","og_url":"https:\/\/www.reseau-entreprendre.org\/mayenne\/entreprendre\/booster-2\/","og_site_name":"R\u00e9seau Entreprendre Mayenne","article_modified_time":"2022-12-08T16:23:00+00:00","og_image":[{"url":"https:\/\/www.reseau-entreprendre.org\/mayenne\/wp-content\/uploads\/sites\/47\/2022\/12\/fleche_booster-1024x457-1.jpg","type":"","width":"","height":""}],"twitter_card":"summary_large_image","twitter_misc":{"Dur\u00e9e de lecture estim\u00e9e":"1 minute"},"schema":{"@context":"https:\/\/schema.org","@graph":[{"@type":"WebPage","@id":"https:\/\/www.reseau-entreprendre.org\/mayenne\/entreprendre\/booster-2\/","url":"https:\/\/www.reseau-entreprendre.org\/mayenne\/entreprendre\/booster-2\/","name":"- Parcours BOOSTER - R\u00e9seau Entreprendre Mayenne","isPartOf":{"@id":"https:\/\/www.reseau-entreprendre.org\/mayenne\/#website"},"primaryImageOfPage":{"@id":"https:\/\/www.reseau-entreprendre.org\/mayenne\/entreprendre\/booster-2\/#primaryimage"},"image":{"@id":"https:\/\/www.reseau-entreprendre.org\/mayenne\/entreprendre\/booster-2\/#primaryimage"},"thumbnailUrl":"https:\/\/www.reseau-entreprendre.org\/mayenne\/wp-content\/uploads\/sites\/47\/2022\/12\/fleche_booster-1024x457-1.jpg","datePublished":"2022-12-06T10:44:07+00:00","dateModified":"2022-12-08T16:23:00+00:00","breadcrumb":{"@id":"https:\/\/www.reseau-entreprendre.org\/mayenne\/entreprendre\/booster-2\/#breadcrumb"},"inLanguage":"fr-FR","potentialAction":[{"@type":"ReadAction","target":["https:\/\/www.reseau-entreprendre.org\/mayenne\/entreprendre\/booster-2\/"]}]},{"@type":"ImageObject","inLanguage":"fr-FR","@id":"https:\/\/www.reseau-entreprendre.org\/mayenne\/entreprendre\/booster-2\/#primaryimage","url":"https:\/\/www.reseau-entreprendre.org\/mayenne\/wp-content\/uploads\/sites\/47\/2022\/12\/fleche_booster-1024x457-1.jpg","contentUrl":"https:\/\/www.reseau-entreprendre.org\/mayenne\/wp-content\/uploads\/sites\/47\/2022\/12\/fleche_booster-1024x457-1.jpg","width":1024,"height":457},{"@type":"BreadcrumbList","@id":"https:\/\/www.reseau-entreprendre.org\/mayenne\/entreprendre\/booster-2\/#breadcrumb","itemListElement":[{"@type":"ListItem","position":1,"name":"Accueil","item":"https:\/\/www.reseau-entreprendre.org\/mayenne\/"},{"@type":"ListItem","position":2,"name":"\u00catre accompagn\u00e9","item":"https:\/\/www.reseau-entreprendre.org\/mayenne\/entreprendre\/"},{"@type":"ListItem","position":3,"name":"&#8211; Parcours BOOSTER"}]},{"@type":"WebSite","@id":"https:\/\/www.reseau-entreprendre.org\/mayenne\/#website","url":"https:\/\/www.reseau-entreprendre.org\/mayenne\/","name":"R\u00e9seau Entreprendre Mayenne","description":"Un site utilisant Les sites de R\u00e9seau Entreprendre","potentialAction":[{"@type":"SearchAction","target":{"@type":"EntryPoint","urlTemplate":"https:\/\/www.reseau-entreprendre.org\/mayenne\/?s={search_term_string}"},"query-input":{"@type":"PropertyValueSpecification","valueRequired":true,"valueName":"search_term_string"}}],"inLanguage":"fr-FR"}]}},"_links":{"self":[{"href":"https:\/\/www.reseau-entreprendre.org\/mayenne\/wp-json\/wp\/v2\/pages\/1360","targetHints":{"allow":["GET"]}}],"collection":[{"href":"https:\/\/www.reseau-entreprendre.org\/mayenne\/wp-json\/wp\/v2\/pages"}],"about":[{"href":"https:\/\/www.reseau-entreprendre.org\/mayenne\/wp-json\/wp\/v2\/types\/page"}],"author":[{"embeddable":true,"href":"https:\/\/www.reseau-entreprendre.org\/mayenne\/wp-json\/wp\/v2\/users\/48"}],"replies":[{"embeddable":true,"href":"https:\/\/www.reseau-entreprendre.org\/mayenne\/wp-json\/wp\/v2\/comments?post=1360"}],"version-history":[{"count":0,"href":"https:\/\/www.reseau-entreprendre.org\/mayenne\/wp-json\/wp\/v2\/pages\/1360\/revisions"}],"up":[{"embeddable":true,"href":"https:\/\/www.reseau-entreprendre.org\/mayenne\/wp-json\/wp\/v2\/pages\/13"}],"wp:attachment":[{"href":"https:\/\/www.reseau-entreprendre.org\/mayenne\/wp-json\/wp\/v2\/media?parent=1360"}],"curies":[{"name":"wp","href":"https:\/\/api.w.org\/{rel}","templated":true}]}}