{"id":1386,"date":"2022-12-06T14:24:41","date_gmt":"2022-12-06T13:24:41","guid":{"rendered":"https:\/\/www.reseau-entreprendre.org\/mayenne\/?page_id=1386"},"modified":"2022-12-08T17:23:48","modified_gmt":"2022-12-08T16:23:48","slug":"booster-2-2","status":"publish","type":"page","link":"https:\/\/www.reseau-entreprendre.org\/mayenne\/entreprendre\/booster-2-2\/","title":{"rendered":"&#8211; Parcours AMBITION"},"content":{"rendered":"\n<h3 class=\"has-text-align-center wp-block-heading\">R\u00e9v\u00e9lez et renforcez vos talents de chefs d\u2019entreprise<\/h3>\n\n\n\n<div style=\"height:30px\" aria-hidden=\"true\" class=\"wp-block-spacer\"><\/div>\n\n\n\n<h1 class=\"has-text-align-center has-re-red-color has-text-color wp-block-heading\"><strong><strong>PARCOURS AMBITION<\/strong><\/strong><\/h1>\n\n\n\n<div style=\"height:60px\" aria-hidden=\"true\" class=\"wp-block-spacer\"><\/div>\n\n\n\n<h3 class=\"has-re-blue-color has-text-color wp-block-heading\"><strong><strong>Notre offre pour accompagner la croissance de votre entreprise :<\/strong><\/strong><\/h3>\n\n\n\n<ul class=\"wp-block-list\">\n<li><strong>Accompagnement coll\u00e9gial<\/strong>, par 2 \u00e0 4 chefs d\u2019entreprise de croissance<\/li>\n<\/ul>\n\n\n\n<ul class=\"wp-block-list\">\n<li><strong>Accompagnement collectif <\/strong>: club de laur\u00e9ats Ambition<\/li>\n<\/ul>\n\n\n\n<ul class=\"wp-block-list\">\n<li><strong>Pr\u00eat Bpifrance \u00e0 l\u2019entreprise<\/strong> : de 100 \u00e0 300 K\u20ac, au taux en vigueur et sans garantie<\/li>\n<\/ul>\n\n\n\n<div style=\"height:60px\" aria-hidden=\"true\" class=\"wp-block-spacer\"><\/div>\n\n\n\n<h3 class=\"has-re-blue-color has-text-color wp-block-heading\"><strong>Conditions d\u2019entr\u00e9e :<\/strong><\/h3>\n\n\n\n<ul class=\"wp-block-list\">\n<li>Plus de <strong>15 salari\u00e9s<\/strong><\/li>\n<\/ul>\n\n\n\n<ul class=\"wp-block-list\">\n<li>Chiffre d\u2019affaires sup\u00e9rieur \u00e0 <strong>1 M\u20ac<\/strong><\/li>\n<\/ul>\n\n\n\n<div style=\"height:60px\" aria-hidden=\"true\" class=\"wp-block-spacer\"><\/div>\n\n\n\n<h3 class=\"has-re-blue-color has-text-color wp-block-heading\"><strong>Objectif :<\/strong><\/h3>\n\n\n\n<ul class=\"wp-block-list\">\n<li><strong>Doubler<\/strong> <strong>la taille de l\u2019entreprise<\/strong> en 3 \u00e0 4 ans<\/li>\n<\/ul>\n\n\n\n<div style=\"height:59px\" aria-hidden=\"true\" class=\"wp-block-spacer\"><\/div>\n\n\n\n<h3 class=\"has-re-blue-color has-text-color wp-block-heading\"><strong>B\u00e9n\u00e9fices :<\/strong><\/h3>\n\n\n\n<ul class=\"wp-block-list\">\n<li><strong>Renforcer<\/strong> votre posture de chef d&#8217;entreprise de croissance<\/li>\n<\/ul>\n\n\n\n<ul class=\"wp-block-list\">\n<li><strong>Aligner<\/strong> la strat\u00e9gie de croissance et ex\u00e9cution op\u00e9rationnelle<\/li>\n<\/ul>\n\n\n\n<ul class=\"wp-block-list\">\n<li>Mettre en place une <strong>gouvernance d&#8217;entreprise<\/strong> choisie et responsable<\/li>\n<\/ul>\n\n\n\n<figure class=\"wp-block-image size-full\"><img loading=\"lazy\" decoding=\"async\" width=\"1024\" height=\"497\" src=\"https:\/\/www.reseau-entreprendre.org\/mayenne\/wp-content\/uploads\/sites\/47\/2022\/12\/fleche_ambition-1024x497-1.jpg\" alt=\"Parcours Ambition by r\u00e9seau entreprendre\" class=\"wp-image-1387\" srcset=\"https:\/\/www.reseau-entreprendre.org\/mayenne\/wp-content\/uploads\/sites\/47\/2022\/12\/fleche_ambition-1024x497-1.jpg 1024w, https:\/\/www.reseau-entreprendre.org\/mayenne\/wp-content\/uploads\/sites\/47\/2022\/12\/fleche_ambition-1024x497-1-300x146.jpg 300w, https:\/\/www.reseau-entreprendre.org\/mayenne\/wp-content\/uploads\/sites\/47\/2022\/12\/fleche_ambition-1024x497-1-768x373.jpg 768w, https:\/\/www.reseau-entreprendre.org\/mayenne\/wp-content\/uploads\/sites\/47\/2022\/12\/fleche_ambition-1024x497-1-210x102.jpg 210w\" sizes=\"auto, (max-width: 1024px) 100vw, 1024px\" \/><\/figure>\n\n\n\n<div style=\"height:61px\" aria-hidden=\"true\" class=\"wp-block-spacer\"><\/div>\n\n\n\n<h3 class=\"has-text-align-center wp-block-heading\"><strong>Vous souhaitez \u00eatre accompagn\u00e9 par R\u00e9seau Entreprendre<\/strong> <strong>Mayenne ?<\/strong><\/h3>\n\n\n\n<div style=\"height:49px\" aria-hidden=\"true\" class=\"wp-block-spacer\"><\/div>\n\n\n\n<div class=\"wp-block-buttons is-content-justification-center is-layout-flex wp-container-core-buttons-is-layout-16018d1d wp-block-buttons-is-layout-flex\">\n<div class=\"wp-block-button aligncenter has-custom-width wp-block-button__width-50 is-style-fill\"><a class=\"wp-block-button__link has-re-red-background-color has-background wp-element-button\" href=\"https:\/\/www.reseau-entreprendre.org\/fr\/entreprendre\/formulaire-porteur-projet\/\" target=\"_blank\" rel=\"noreferrer noopener\"><strong>Contactez-nous !<\/strong><\/a><\/div>\n<\/div>\n","protected":false},"excerpt":{"rendered":"<p>R\u00e9v\u00e9lez et renforcez vos talents de chefs d\u2019entreprise PARCOURS AMBITION<\/p>\n","protected":false},"author":48,"featured_media":0,"parent":13,"menu_order":3,"comment_status":"closed","ping_status":"closed","template":"","meta":{"_acf_changed":false,"_monsterinsights_skip_tracking":false,"_monsterinsights_sitenote_active":false,"_monsterinsights_sitenote_note":"","_monsterinsights_sitenote_category":0,"footnotes":""},"class_list":["post-1386","page","type-page","status-publish","hentry"],"acf":[],"yoast_head":"<!-- This site is optimized with the Yoast SEO plugin v27.4 - https:\/\/yoast.com\/product\/yoast-seo-wordpress\/ -->\n<title>- Parcours AMBITION - R\u00e9seau Entreprendre Mayenne<\/title>\n<meta name=\"robots\" content=\"index, follow, max-snippet:-1, max-image-preview:large, max-video-preview:-1\" \/>\n<link rel=\"canonical\" href=\"https:\/\/www.reseau-entreprendre.org\/mayenne\/entreprendre\/booster-2-2\/\" \/>\n<meta property=\"og:locale\" content=\"fr_FR\" \/>\n<meta property=\"og:type\" content=\"article\" \/>\n<meta property=\"og:title\" content=\"- Parcours AMBITION - R\u00e9seau Entreprendre Mayenne\" \/>\n<meta property=\"og:description\" content=\"R\u00e9v\u00e9lez et renforcez vos talents de chefs d\u2019entreprise PARCOURS AMBITION\" \/>\n<meta property=\"og:url\" content=\"https:\/\/www.reseau-entreprendre.org\/mayenne\/entreprendre\/booster-2-2\/\" \/>\n<meta property=\"og:site_name\" content=\"R\u00e9seau Entreprendre Mayenne\" \/>\n<meta property=\"article:modified_time\" content=\"2022-12-08T16:23:48+00:00\" \/>\n<meta property=\"og:image\" content=\"https:\/\/www.reseau-entreprendre.org\/mayenne\/wp-content\/uploads\/sites\/47\/2022\/12\/fleche_ambition-1024x497-1.jpg\" \/>\n<meta name=\"twitter:card\" content=\"summary_large_image\" \/>\n<meta name=\"twitter:label1\" content=\"Dur\u00e9e de lecture estim\u00e9e\" \/>\n\t<meta name=\"twitter:data1\" content=\"1 minute\" \/>\n<script type=\"application\/ld+json\" class=\"yoast-schema-graph\">{\"@context\":\"https:\\\/\\\/schema.org\",\"@graph\":[{\"@type\":\"WebPage\",\"@id\":\"https:\\\/\\\/www.reseau-entreprendre.org\\\/mayenne\\\/entreprendre\\\/booster-2-2\\\/\",\"url\":\"https:\\\/\\\/www.reseau-entreprendre.org\\\/mayenne\\\/entreprendre\\\/booster-2-2\\\/\",\"name\":\"- Parcours AMBITION - R\u00e9seau Entreprendre Mayenne\",\"isPartOf\":{\"@id\":\"https:\\\/\\\/www.reseau-entreprendre.org\\\/mayenne\\\/#website\"},\"primaryImageOfPage\":{\"@id\":\"https:\\\/\\\/www.reseau-entreprendre.org\\\/mayenne\\\/entreprendre\\\/booster-2-2\\\/#primaryimage\"},\"image\":{\"@id\":\"https:\\\/\\\/www.reseau-entreprendre.org\\\/mayenne\\\/entreprendre\\\/booster-2-2\\\/#primaryimage\"},\"thumbnailUrl\":\"https:\\\/\\\/www.reseau-entreprendre.org\\\/mayenne\\\/wp-content\\\/uploads\\\/sites\\\/47\\\/2022\\\/12\\\/fleche_ambition-1024x497-1.jpg\",\"datePublished\":\"2022-12-06T13:24:41+00:00\",\"dateModified\":\"2022-12-08T16:23:48+00:00\",\"breadcrumb\":{\"@id\":\"https:\\\/\\\/www.reseau-entreprendre.org\\\/mayenne\\\/entreprendre\\\/booster-2-2\\\/#breadcrumb\"},\"inLanguage\":\"fr-FR\",\"potentialAction\":[{\"@type\":\"ReadAction\",\"target\":[\"https:\\\/\\\/www.reseau-entreprendre.org\\\/mayenne\\\/entreprendre\\\/booster-2-2\\\/\"]}]},{\"@type\":\"ImageObject\",\"inLanguage\":\"fr-FR\",\"@id\":\"https:\\\/\\\/www.reseau-entreprendre.org\\\/mayenne\\\/entreprendre\\\/booster-2-2\\\/#primaryimage\",\"url\":\"https:\\\/\\\/www.reseau-entreprendre.org\\\/mayenne\\\/wp-content\\\/uploads\\\/sites\\\/47\\\/2022\\\/12\\\/fleche_ambition-1024x497-1.jpg\",\"contentUrl\":\"https:\\\/\\\/www.reseau-entreprendre.org\\\/mayenne\\\/wp-content\\\/uploads\\\/sites\\\/47\\\/2022\\\/12\\\/fleche_ambition-1024x497-1.jpg\",\"width\":1024,\"height\":497},{\"@type\":\"BreadcrumbList\",\"@id\":\"https:\\\/\\\/www.reseau-entreprendre.org\\\/mayenne\\\/entreprendre\\\/booster-2-2\\\/#breadcrumb\",\"itemListElement\":[{\"@type\":\"ListItem\",\"position\":1,\"name\":\"Accueil\",\"item\":\"https:\\\/\\\/www.reseau-entreprendre.org\\\/mayenne\\\/\"},{\"@type\":\"ListItem\",\"position\":2,\"name\":\"\u00catre accompagn\u00e9\",\"item\":\"https:\\\/\\\/www.reseau-entreprendre.org\\\/mayenne\\\/entreprendre\\\/\"},{\"@type\":\"ListItem\",\"position\":3,\"name\":\"&#8211; Parcours AMBITION\"}]},{\"@type\":\"WebSite\",\"@id\":\"https:\\\/\\\/www.reseau-entreprendre.org\\\/mayenne\\\/#website\",\"url\":\"https:\\\/\\\/www.reseau-entreprendre.org\\\/mayenne\\\/\",\"name\":\"R\u00e9seau Entreprendre Mayenne\",\"description\":\"Un site utilisant Les sites de R\u00e9seau Entreprendre\",\"potentialAction\":[{\"@type\":\"SearchAction\",\"target\":{\"@type\":\"EntryPoint\",\"urlTemplate\":\"https:\\\/\\\/www.reseau-entreprendre.org\\\/mayenne\\\/?s={search_term_string}\"},\"query-input\":{\"@type\":\"PropertyValueSpecification\",\"valueRequired\":true,\"valueName\":\"search_term_string\"}}],\"inLanguage\":\"fr-FR\"}]}<\/script>\n<!-- \/ Yoast SEO plugin. -->","yoast_head_json":{"title":"- Parcours AMBITION - R\u00e9seau Entreprendre Mayenne","robots":{"index":"index","follow":"follow","max-snippet":"max-snippet:-1","max-image-preview":"max-image-preview:large","max-video-preview":"max-video-preview:-1"},"canonical":"https:\/\/www.reseau-entreprendre.org\/mayenne\/entreprendre\/booster-2-2\/","og_locale":"fr_FR","og_type":"article","og_title":"- Parcours AMBITION - R\u00e9seau Entreprendre Mayenne","og_description":"R\u00e9v\u00e9lez et renforcez vos talents de chefs d\u2019entreprise PARCOURS AMBITION","og_url":"https:\/\/www.reseau-entreprendre.org\/mayenne\/entreprendre\/booster-2-2\/","og_site_name":"R\u00e9seau Entreprendre Mayenne","article_modified_time":"2022-12-08T16:23:48+00:00","og_image":[{"url":"https:\/\/www.reseau-entreprendre.org\/mayenne\/wp-content\/uploads\/sites\/47\/2022\/12\/fleche_ambition-1024x497-1.jpg","type":"","width":"","height":""}],"twitter_card":"summary_large_image","twitter_misc":{"Dur\u00e9e de lecture estim\u00e9e":"1 minute"},"schema":{"@context":"https:\/\/schema.org","@graph":[{"@type":"WebPage","@id":"https:\/\/www.reseau-entreprendre.org\/mayenne\/entreprendre\/booster-2-2\/","url":"https:\/\/www.reseau-entreprendre.org\/mayenne\/entreprendre\/booster-2-2\/","name":"- Parcours AMBITION - R\u00e9seau Entreprendre Mayenne","isPartOf":{"@id":"https:\/\/www.reseau-entreprendre.org\/mayenne\/#website"},"primaryImageOfPage":{"@id":"https:\/\/www.reseau-entreprendre.org\/mayenne\/entreprendre\/booster-2-2\/#primaryimage"},"image":{"@id":"https:\/\/www.reseau-entreprendre.org\/mayenne\/entreprendre\/booster-2-2\/#primaryimage"},"thumbnailUrl":"https:\/\/www.reseau-entreprendre.org\/mayenne\/wp-content\/uploads\/sites\/47\/2022\/12\/fleche_ambition-1024x497-1.jpg","datePublished":"2022-12-06T13:24:41+00:00","dateModified":"2022-12-08T16:23:48+00:00","breadcrumb":{"@id":"https:\/\/www.reseau-entreprendre.org\/mayenne\/entreprendre\/booster-2-2\/#breadcrumb"},"inLanguage":"fr-FR","potentialAction":[{"@type":"ReadAction","target":["https:\/\/www.reseau-entreprendre.org\/mayenne\/entreprendre\/booster-2-2\/"]}]},{"@type":"ImageObject","inLanguage":"fr-FR","@id":"https:\/\/www.reseau-entreprendre.org\/mayenne\/entreprendre\/booster-2-2\/#primaryimage","url":"https:\/\/www.reseau-entreprendre.org\/mayenne\/wp-content\/uploads\/sites\/47\/2022\/12\/fleche_ambition-1024x497-1.jpg","contentUrl":"https:\/\/www.reseau-entreprendre.org\/mayenne\/wp-content\/uploads\/sites\/47\/2022\/12\/fleche_ambition-1024x497-1.jpg","width":1024,"height":497},{"@type":"BreadcrumbList","@id":"https:\/\/www.reseau-entreprendre.org\/mayenne\/entreprendre\/booster-2-2\/#breadcrumb","itemListElement":[{"@type":"ListItem","position":1,"name":"Accueil","item":"https:\/\/www.reseau-entreprendre.org\/mayenne\/"},{"@type":"ListItem","position":2,"name":"\u00catre accompagn\u00e9","item":"https:\/\/www.reseau-entreprendre.org\/mayenne\/entreprendre\/"},{"@type":"ListItem","position":3,"name":"&#8211; Parcours AMBITION"}]},{"@type":"WebSite","@id":"https:\/\/www.reseau-entreprendre.org\/mayenne\/#website","url":"https:\/\/www.reseau-entreprendre.org\/mayenne\/","name":"R\u00e9seau Entreprendre Mayenne","description":"Un site utilisant Les sites de R\u00e9seau Entreprendre","potentialAction":[{"@type":"SearchAction","target":{"@type":"EntryPoint","urlTemplate":"https:\/\/www.reseau-entreprendre.org\/mayenne\/?s={search_term_string}"},"query-input":{"@type":"PropertyValueSpecification","valueRequired":true,"valueName":"search_term_string"}}],"inLanguage":"fr-FR"}]}},"_links":{"self":[{"href":"https:\/\/www.reseau-entreprendre.org\/mayenne\/wp-json\/wp\/v2\/pages\/1386","targetHints":{"allow":["GET"]}}],"collection":[{"href":"https:\/\/www.reseau-entreprendre.org\/mayenne\/wp-json\/wp\/v2\/pages"}],"about":[{"href":"https:\/\/www.reseau-entreprendre.org\/mayenne\/wp-json\/wp\/v2\/types\/page"}],"author":[{"embeddable":true,"href":"https:\/\/www.reseau-entreprendre.org\/mayenne\/wp-json\/wp\/v2\/users\/48"}],"replies":[{"embeddable":true,"href":"https:\/\/www.reseau-entreprendre.org\/mayenne\/wp-json\/wp\/v2\/comments?post=1386"}],"version-history":[{"count":0,"href":"https:\/\/www.reseau-entreprendre.org\/mayenne\/wp-json\/wp\/v2\/pages\/1386\/revisions"}],"up":[{"embeddable":true,"href":"https:\/\/www.reseau-entreprendre.org\/mayenne\/wp-json\/wp\/v2\/pages\/13"}],"wp:attachment":[{"href":"https:\/\/www.reseau-entreprendre.org\/mayenne\/wp-json\/wp\/v2\/media?parent=1386"}],"curies":[{"name":"wp","href":"https:\/\/api.w.org\/{rel}","templated":true}]}}