{"id":15,"date":"2017-04-28T12:33:47","date_gmt":"2017-04-28T10:33:47","guid":{"rendered":"https:\/\/www.reseau-entreprendre.org\/mayenne\/?page_id=15"},"modified":"2022-12-06T16:52:26","modified_gmt":"2022-12-06T15:52:26","slug":"accompagner","status":"publish","type":"page","link":"https:\/\/www.reseau-entreprendre.org\/mayenne\/accompagner\/","title":{"rendered":"Accompagner"},"content":{"rendered":"\n<h1 class=\"has-re-blue-color has-text-color wp-block-heading\"><strong>DEVENIR MEMBRE ? POUR Y FAIRE QUOI ?<\/strong><\/h1>\n\n\n\n<p>Vous \u00eates chef d\u2019entreprise, vous avez envie de partager votre exp\u00e9rience et accompagner des cr\u00e9ateurs, repreneurs ou d\u00e9veloppeurs d\u2019entreprise en Mayenne\u00a0?<\/p>\n\n\n\n<p><strong>Rejoindre R\u00e9seau Entreprendre\u00ae Mayenne c\u2019est rejoindre un R\u00e9seau <\/strong>de chefs d\u2019entreprise b\u00e9n\u00e9voles qui partagent des valeurs communes destin\u00e9es \u00e0 favoriser l\u2019\u00e9mergence de futures PME porteuses d\u2019emplois et \u00e0 dynamiser le tissu \u00e9conomique de la Mayenne.<\/p>\n\n\n\n<p class=\"has-text-align-right\"><strong>\u00ab Faire \u00e9merger et r\u00e9ussir de nouveaux entrepreneurs \u00bb<\/strong>.<\/p>\n\n\n\n<div style=\"height:18px\" aria-hidden=\"true\" class=\"wp-block-spacer\"><\/div>\n\n\n\n<h2 class=\"has-text-align-center has-re-blue-color has-text-color wp-block-heading\"><strong>Choisissez votre implication !<\/strong><\/h2>\n\n\n\n<hr class=\"wp-block-separator has-alpha-channel-opacity\" \/>\n\n\n\n<h2 class=\"has-re-yellow-color has-text-color wp-block-heading\" style=\"font-size:25px\"><strong>1 ) Accompagner un candidat \u00e0 se pr\u00e9parer au Comit\u00e9 d\u2019Engagement <\/strong><\/h2>\n\n\n\n<p>Vous serez \u00ab<strong>&nbsp;Charg\u00e9 d\u2019\u00e9tude<\/strong>&nbsp;\u00bb. En amont du Comit\u00e9 d\u2019Engagement, vous aller aider le porteur de projet \u00e0 maturer son projet et le challenger sur son Plan d\u2019affaires strat\u00e9giques, le PASS by R\u00e9seau Entreprendre. Vous interviendrez en bin\u00f4me avec un autre membre de R\u00e9seau Entreprendre. Les Charg\u00e9s d\u2019Etude ne sont pas forc\u00e9ment des chefs d\u2019entreprise en activit\u00e9 ou ayant des responsabilit\u00e9s manag\u00e9riales. Nous recherchons aussi des personnes ayant un <strong>profil financier<\/strong> \/ en lien avec le conseil en entreprise.<\/p>\n\n\n\n<h2 class=\"has-re-yellow-color has-text-color wp-block-heading\" style=\"font-size:25px\"><strong>2) Participer aux comit\u00e9s d\u2019engagement<\/strong><\/h2>\n\n\n\n<p>Sont regroup\u00e9s, autour du porteur de projet, des membres et des partenaires, votants ou invit\u00e9s, qui \u00e9coutent, d\u00e9battent et votent, pour d\u00e9cider si le porteur de projet devient Laur\u00e9at. A chaque Comit\u00e9 d\u2019Engagement, <strong>tous les membres sont sollicit\u00e9s<\/strong>, chacun peut s\u2019inscrire et une s\u00e9lection est propos\u00e9e pour une mixit\u00e9 des profils.<\/p>\n\n\n\n<h2 class=\"has-re-yellow-color has-text-color wp-block-heading\" style=\"font-size:25px\"><strong>3) <strong>Accompagner individuellement un entrepreneur gr\u00e2ce \u00e0 une m\u00e9thode structur\u00e9e<\/strong><\/strong><\/h2>\n\n\n\n<p>Vous serez \u00ab&nbsp;<strong>Accompagnateur<\/strong>&nbsp;\u00bb. C\u2019est la mission majeure de R\u00e9seau Entreprendre\u00ae, sa valeur ajout\u00e9e, son ADN. Il s\u2019agit d\u2019\u00eatre aux c\u00f4t\u00e9s d\u2019un Laur\u00e9at chaque mois pendant 2 ans, \u00e0 raison de 2 heures d\u2019\u00e9change mensuel, suivi de tableaux de bord, de r\u00e9flexion, pour \u00e9viter la solitude du dirigeant et partager une exp\u00e9rience. Nous proposons une <strong>m\u00e9thode structur\u00e9e<\/strong>, avec des outils con\u00e7us par et pour les chefs d\u2019entreprises. Nous accompagnons ainsi les Cr\u00e9ateurs et Repreneurs (Parcours Start) dans l\u2019aide au pilotage et prise en main du pilotage de l\u2019entreprise, Depuis 2020, R\u00e9seau Entreprendre Mayenne accompagne aussi des entrepreneurs en croissance (Parcours Booster et Ambition) en proposant aux Laur\u00e9ats un accompagnement par plusieurs chefs d\u2019entreprises, r\u00e9unis en Comit\u00e9 d\u2019accompagnement \u00e0 qui le Laur\u00e9at rend compte tous les 2 \u00e0 3 mois, pendant 2 ans.<br>\u00catre membre&nbsp;\u00ab&nbsp;<strong>Accompagnateur<\/strong>&nbsp;\u00bb de R\u00e9seau Entreprendre en Mayenne, c\u2019est donc accompagner de fa\u00e7on structur\u00e9e un entrepreneur en devenir en lui partageant son exp\u00e9rience.<\/p>\n\n\n\n<h2 class=\"has-re-yellow-color has-text-color wp-block-heading\" style=\"font-size:25px\"><strong>4) Soutenir ponctuellement un entrepreneur<\/strong><\/h2>\n\n\n\n<p>Face \u00e0 une probl\u00e9matique pr\u00e9cise (difficult\u00e9, d\u00e9veloppement ou question),&nbsp;lorsque le laur\u00e9at a besoin d\u2019un soutien dans sa r\u00e9flexion ou prise de d\u00e9cision, un<strong> comit\u00e9 de suivi<\/strong> peut \u00eatre organis\u00e9. Pour cela, des membres sont sollicit\u00e9s en fonction du sujet, puis regroup\u00e9s autour du laur\u00e9at pour un \u00e9change constructif, bienveillant et devant l\u2019aider dans sa d\u00e9cision.<\/p>\n\n\n\n<h2 class=\"has-re-yellow-color has-text-color wp-block-heading\" style=\"font-size:25px\"><strong>5) Participer aux \u00e9v\u00e9nements R\u00e9seau Entreprendre<\/strong><\/h2>\n\n\n\n<p>Ils sont&nbsp;l\u2019occasion&nbsp;de se retrouver pour partager avec&nbsp;la&nbsp;&nbsp;communaut\u00e9 des <strong>moments conviviaux<\/strong> ou <strong>inspirants<\/strong>. Ils&nbsp;rassemblent les membres mais aussi les Laur\u00e9ats et partenaires du R\u00e9seau : Club d\u2019experts, visite d\u2019entreprise, petit-d\u00e9jeuners d\u00e9couverte, d\u00e9jeuner table-ouverte, Rallye, F\u00eate des Laur\u00e9ats, Booster Camp,..<br>\u00catre membre de R\u00e9seau Entreprendre Mayenne c\u2019est participer \u00e0 ces \u00e9v\u00e9nements, mais aussi la possibilit\u00e9 d\u2019en <strong>\u00eatre acteur en participant aux Commissions d\u2019animation<\/strong> (Rallye, F\u00eate des Laur\u00e9ats, Animations,\u2026)<\/p>\n\n\n\n<p class=\"has-text-align-center has-re-blue-color has-text-color has-large-font-size\"><strong>Rejoignez un R\u00e9seau porteur de valeurs incarn\u00e9es<\/strong><\/p>\n\n\n\n<h3 class=\"has-re-yellow-color has-text-color wp-block-heading\" style=\"font-size:25px\"><strong><strong>L\u2019accompagnement de R\u00e9seau Entreprendre\u00ae Mayenne est fond\u00e9 sur la gratuit\u00e9 et l\u2019entraide entre chefs d\u2019entreprise.<\/strong><\/strong><\/h3>\n\n\n\n<p>L\u2019accompagnement de R\u00e9seau Entreprendre\u00ae Mayenne est fond\u00e9 sur <strong>3 principes d\u2019actions <\/strong>fondamentaux et indissociables. Au-del\u00e0 d\u2019une marque, d\u2019une cible et d\u2019une offre communes, les associations R\u00e9seau Entreprendre\u00ae partagent ces principes d\u2019actions qui, en plus de <strong>30 ans<\/strong>, ont fait la preuve de leur efficacit\u00e9.<\/p>\n\n\n\n<div class=\"wp-block-columns is-layout-flex wp-container-core-columns-is-layout-9d6595d7 wp-block-columns-is-layout-flex\">\n<div class=\"wp-block-column is-layout-flow wp-block-column-is-layout-flow\">\n<figure class=\"wp-block-image size-full is-resized\"><img loading=\"lazy\" decoding=\"async\" src=\"https:\/\/www.reseau-entreprendre.org\/mayenne\/wp-content\/uploads\/sites\/47\/2022\/12\/olivier-favriel-proclair-4-1024x683-1.jpg\" alt=\"Accompagner olivier Favriel Proclair\" class=\"wp-image-1344\" width=\"366\" height=\"244\" srcset=\"https:\/\/www.reseau-entreprendre.org\/mayenne\/wp-content\/uploads\/sites\/47\/2022\/12\/olivier-favriel-proclair-4-1024x683-1.jpg 1024w, https:\/\/www.reseau-entreprendre.org\/mayenne\/wp-content\/uploads\/sites\/47\/2022\/12\/olivier-favriel-proclair-4-1024x683-1-300x200.jpg 300w, https:\/\/www.reseau-entreprendre.org\/mayenne\/wp-content\/uploads\/sites\/47\/2022\/12\/olivier-favriel-proclair-4-1024x683-1-768x512.jpg 768w, https:\/\/www.reseau-entreprendre.org\/mayenne\/wp-content\/uploads\/sites\/47\/2022\/12\/olivier-favriel-proclair-4-1024x683-1-391x260.jpg 391w, https:\/\/www.reseau-entreprendre.org\/mayenne\/wp-content\/uploads\/sites\/47\/2022\/12\/olivier-favriel-proclair-4-1024x683-1-195x130.jpg 195w\" sizes=\"auto, (max-width: 366px) 100vw, 366px\" \/><\/figure>\n\n\n\n<h2 class=\"has-text-align-center has-re-blue-color has-text-color wp-block-heading\"><strong>L&#8217;important, c&#8217;est la personne<\/strong><\/h2>\n\n\n\n<p class=\"has-text-align-center\">Avant la qualit\u00e9 du projet qu&#8217;elle porte, c&#8217;est la personne m\u00eame, son potentiel \u00e0 devenir entrepreneur, qui mobilise le soutien des chefs d&#8217;entreprise.<\/p>\n<\/div>\n\n\n\n<div class=\"wp-block-column is-layout-flow wp-block-column-is-layout-flow\">\n<figure class=\"wp-block-image size-large is-resized\"><img loading=\"lazy\" decoding=\"async\" src=\"https:\/\/www.reseau-entreprendre.org\/mayenne\/wp-content\/uploads\/sites\/47\/2022\/09\/gratuite-reseau-entreprendre-mayenne-1-1024x683.jpg\" alt=\"L'accompagnement r\u00e9seau entreprendre Mayenne\" class=\"wp-image-1181\" width=\"370\" height=\"246\" srcset=\"https:\/\/www.reseau-entreprendre.org\/mayenne\/wp-content\/uploads\/sites\/47\/2022\/09\/gratuite-reseau-entreprendre-mayenne-1-1024x683.jpg 1024w, https:\/\/www.reseau-entreprendre.org\/mayenne\/wp-content\/uploads\/sites\/47\/2022\/09\/gratuite-reseau-entreprendre-mayenne-1-300x200.jpg 300w, https:\/\/www.reseau-entreprendre.org\/mayenne\/wp-content\/uploads\/sites\/47\/2022\/09\/gratuite-reseau-entreprendre-mayenne-1-768x512.jpg 768w, https:\/\/www.reseau-entreprendre.org\/mayenne\/wp-content\/uploads\/sites\/47\/2022\/09\/gratuite-reseau-entreprendre-mayenne-1-391x260.jpg 391w, https:\/\/www.reseau-entreprendre.org\/mayenne\/wp-content\/uploads\/sites\/47\/2022\/09\/gratuite-reseau-entreprendre-mayenne-1-1536x1024.jpg 1536w, https:\/\/www.reseau-entreprendre.org\/mayenne\/wp-content\/uploads\/sites\/47\/2022\/09\/gratuite-reseau-entreprendre-mayenne-1-2048x1365.jpg 2048w, https:\/\/www.reseau-entreprendre.org\/mayenne\/wp-content\/uploads\/sites\/47\/2022\/09\/gratuite-reseau-entreprendre-mayenne-1-195x130.jpg 195w, https:\/\/www.reseau-entreprendre.org\/mayenne\/wp-content\/uploads\/sites\/47\/2022\/09\/gratuite-reseau-entreprendre-mayenne-1-scaled.jpg 1140w\" sizes=\"auto, (max-width: 370px) 100vw, 370px\" \/><\/figure>\n\n\n\n<h2 class=\"has-text-align-center has-re-red-color has-text-color wp-block-heading\"><strong>Le principe c&#8217;est la gratuit\u00e9<\/strong><\/h2>\n\n\n\n<p class=\"has-text-align-center\">La gratuit\u00e9 de l&#8217;offre aux cr\u00e9ateurs et repreneurs, afin que toutes leurs ressources soient mobilis\u00e9s sur la r\u00e9ussite de leur projet ; l&#8217;esprit de gratuit\u00e9 de ceux qui les accompagnent (citoyennet\u00e9 \u00e9conomique).<\/p>\n<\/div>\n\n\n\n<div class=\"wp-block-column is-layout-flow wp-block-column-is-layout-flow\">\n<figure class=\"wp-block-image size-large is-resized\"><img loading=\"lazy\" decoding=\"async\" src=\"https:\/\/www.reseau-entreprendre.org\/mayenne\/wp-content\/uploads\/sites\/47\/2022\/09\/fabien-stephane-reciprocite-reseau-entreprendre-mayenne-1-1024x684.jpg\" alt=\"Fabien et St\u00e9phane r\u00e9ciprocit\u00e9\" class=\"wp-image-1176\" width=\"369\" height=\"246\" srcset=\"https:\/\/www.reseau-entreprendre.org\/mayenne\/wp-content\/uploads\/sites\/47\/2022\/09\/fabien-stephane-reciprocite-reseau-entreprendre-mayenne-1-1024x684.jpg 1024w, https:\/\/www.reseau-entreprendre.org\/mayenne\/wp-content\/uploads\/sites\/47\/2022\/09\/fabien-stephane-reciprocite-reseau-entreprendre-mayenne-1-300x201.jpg 300w, https:\/\/www.reseau-entreprendre.org\/mayenne\/wp-content\/uploads\/sites\/47\/2022\/09\/fabien-stephane-reciprocite-reseau-entreprendre-mayenne-1-768x513.jpg 768w, https:\/\/www.reseau-entreprendre.org\/mayenne\/wp-content\/uploads\/sites\/47\/2022\/09\/fabien-stephane-reciprocite-reseau-entreprendre-mayenne-1-391x260.jpg 391w, https:\/\/www.reseau-entreprendre.org\/mayenne\/wp-content\/uploads\/sites\/47\/2022\/09\/fabien-stephane-reciprocite-reseau-entreprendre-mayenne-1-1536x1027.jpg 1536w, https:\/\/www.reseau-entreprendre.org\/mayenne\/wp-content\/uploads\/sites\/47\/2022\/09\/fabien-stephane-reciprocite-reseau-entreprendre-mayenne-1-195x130.jpg 195w, https:\/\/www.reseau-entreprendre.org\/mayenne\/wp-content\/uploads\/sites\/47\/2022\/09\/fabien-stephane-reciprocite-reseau-entreprendre-mayenne-1-scaled.jpg 1140w\" sizes=\"auto, (max-width: 369px) 100vw, 369px\" \/><\/figure>\n\n\n\n<h2 class=\"has-text-align-center has-re-yellow-color has-text-color wp-block-heading\"><strong>L&#8217;esprit, c&#8217;est la r\u00e9ciprocit\u00e9<\/strong><\/h2>\n\n\n\n<p class=\"has-text-align-center\">Les b\u00e9n\u00e9ficiaires sont invit\u00e9s \u00e0 rendre demain \u00e0 d&#8217;autres ce qu&#8217;ils re\u00e7oivent aujourd&#8217;hui, devenant ainsi le maillon d&#8217;une cha\u00eene d&#8217;entraide entre chefs d&#8217;entreprise.<\/p>\n<\/div>\n<\/div>\n\n\n\n<div class=\"wp-block-buttons is-content-justification-center is-layout-flex wp-container-core-buttons-is-layout-16018d1d wp-block-buttons-is-layout-flex\">\n<div class=\"wp-block-button has-custom-width wp-block-button__width-25 is-style-outline is-style-outline--1\"><a class=\"wp-block-button__link has-re-blue-color has-text-color wp-element-button\" href=\"https:\/\/www.reseau-entreprendre.org\/fr\/sengager\/formulaire-benevole\/\" style=\"border-radius:5px\">DEVENIR MEMBRE<\/a><\/div>\n<\/div>\n","protected":false},"excerpt":{"rendered":"<p>DEVENIR MEMBRE ? POUR Y FAIRE QUOI ? Vous \u00eates<\/p>\n","protected":false},"author":48,"featured_media":0,"parent":0,"menu_order":0,"comment_status":"closed","ping_status":"closed","template":"","meta":{"_acf_changed":false,"_monsterinsights_skip_tracking":false,"_monsterinsights_sitenote_active":false,"_monsterinsights_sitenote_note":"","_monsterinsights_sitenote_category":0,"footnotes":""},"class_list":["post-15","page","type-page","status-publish","hentry"],"acf":[],"yoast_head":"<!-- This site is optimized with the Yoast SEO plugin v27.4 - https:\/\/yoast.com\/product\/yoast-seo-wordpress\/ -->\n<title>Accompagner| Reseau Entreprendre Mayenne<\/title>\n<meta name=\"description\" content=\"Vous \u00eates chef d&#039;entreprise et souhaitez accompagner de nouveaux entrepreneurs ? Devenez membre b\u00e9n\u00e9vole de R\u00e9seau Entreprendre\u00ae Mayenne !\" \/>\n<meta name=\"robots\" content=\"index, follow, max-snippet:-1, max-image-preview:large, max-video-preview:-1\" \/>\n<link rel=\"canonical\" href=\"https:\/\/www.reseau-entreprendre.org\/mayenne\/accompagner\/\" \/>\n<meta property=\"og:locale\" content=\"fr_FR\" \/>\n<meta property=\"og:type\" content=\"article\" \/>\n<meta property=\"og:title\" content=\"Accompagner| Reseau Entreprendre Mayenne\" \/>\n<meta property=\"og:description\" content=\"Vous \u00eates chef d&#039;entreprise et souhaitez accompagner de nouveaux entrepreneurs ? Devenez membre b\u00e9n\u00e9vole de R\u00e9seau Entreprendre\u00ae Mayenne !\" \/>\n<meta property=\"og:url\" content=\"https:\/\/www.reseau-entreprendre.org\/mayenne\/accompagner\/\" \/>\n<meta property=\"og:site_name\" content=\"R\u00e9seau Entreprendre Mayenne\" \/>\n<meta property=\"article:modified_time\" content=\"2022-12-06T15:52:26+00:00\" \/>\n<meta property=\"og:image\" content=\"https:\/\/www.reseau-entreprendre.org\/mayenne\/wp-content\/uploads\/sites\/47\/2022\/12\/olivier-favriel-proclair-4-1024x683-1.jpg\" \/>\n<meta name=\"twitter:card\" content=\"summary_large_image\" \/>\n<meta name=\"twitter:label1\" content=\"Dur\u00e9e de lecture estim\u00e9e\" \/>\n\t<meta name=\"twitter:data1\" content=\"5 minutes\" \/>\n<script type=\"application\/ld+json\" class=\"yoast-schema-graph\">{\"@context\":\"https:\\\/\\\/schema.org\",\"@graph\":[{\"@type\":\"WebPage\",\"@id\":\"https:\\\/\\\/www.reseau-entreprendre.org\\\/mayenne\\\/accompagner\\\/\",\"url\":\"https:\\\/\\\/www.reseau-entreprendre.org\\\/mayenne\\\/accompagner\\\/\",\"name\":\"Accompagner| Reseau Entreprendre Mayenne\",\"isPartOf\":{\"@id\":\"https:\\\/\\\/www.reseau-entreprendre.org\\\/mayenne\\\/#website\"},\"primaryImageOfPage\":{\"@id\":\"https:\\\/\\\/www.reseau-entreprendre.org\\\/mayenne\\\/accompagner\\\/#primaryimage\"},\"image\":{\"@id\":\"https:\\\/\\\/www.reseau-entreprendre.org\\\/mayenne\\\/accompagner\\\/#primaryimage\"},\"thumbnailUrl\":\"https:\\\/\\\/www.reseau-entreprendre.org\\\/mayenne\\\/wp-content\\\/uploads\\\/sites\\\/47\\\/2022\\\/12\\\/olivier-favriel-proclair-4-1024x683-1.jpg\",\"datePublished\":\"2017-04-28T10:33:47+00:00\",\"dateModified\":\"2022-12-06T15:52:26+00:00\",\"description\":\"Vous \u00eates chef d'entreprise et souhaitez accompagner de nouveaux entrepreneurs ? Devenez membre b\u00e9n\u00e9vole de R\u00e9seau Entreprendre\u00ae Mayenne !\",\"breadcrumb\":{\"@id\":\"https:\\\/\\\/www.reseau-entreprendre.org\\\/mayenne\\\/accompagner\\\/#breadcrumb\"},\"inLanguage\":\"fr-FR\",\"potentialAction\":[{\"@type\":\"ReadAction\",\"target\":[\"https:\\\/\\\/www.reseau-entreprendre.org\\\/mayenne\\\/accompagner\\\/\"]}]},{\"@type\":\"ImageObject\",\"inLanguage\":\"fr-FR\",\"@id\":\"https:\\\/\\\/www.reseau-entreprendre.org\\\/mayenne\\\/accompagner\\\/#primaryimage\",\"url\":\"https:\\\/\\\/www.reseau-entreprendre.org\\\/mayenne\\\/wp-content\\\/uploads\\\/sites\\\/47\\\/2022\\\/12\\\/olivier-favriel-proclair-4-1024x683-1.jpg\",\"contentUrl\":\"https:\\\/\\\/www.reseau-entreprendre.org\\\/mayenne\\\/wp-content\\\/uploads\\\/sites\\\/47\\\/2022\\\/12\\\/olivier-favriel-proclair-4-1024x683-1.jpg\",\"width\":1024,\"height\":683},{\"@type\":\"BreadcrumbList\",\"@id\":\"https:\\\/\\\/www.reseau-entreprendre.org\\\/mayenne\\\/accompagner\\\/#breadcrumb\",\"itemListElement\":[{\"@type\":\"ListItem\",\"position\":1,\"name\":\"Accueil\",\"item\":\"https:\\\/\\\/www.reseau-entreprendre.org\\\/mayenne\\\/\"},{\"@type\":\"ListItem\",\"position\":2,\"name\":\"Accompagner\"}]},{\"@type\":\"WebSite\",\"@id\":\"https:\\\/\\\/www.reseau-entreprendre.org\\\/mayenne\\\/#website\",\"url\":\"https:\\\/\\\/www.reseau-entreprendre.org\\\/mayenne\\\/\",\"name\":\"R\u00e9seau Entreprendre Mayenne\",\"description\":\"Un site utilisant Les sites de R\u00e9seau Entreprendre\",\"potentialAction\":[{\"@type\":\"SearchAction\",\"target\":{\"@type\":\"EntryPoint\",\"urlTemplate\":\"https:\\\/\\\/www.reseau-entreprendre.org\\\/mayenne\\\/?s={search_term_string}\"},\"query-input\":{\"@type\":\"PropertyValueSpecification\",\"valueRequired\":true,\"valueName\":\"search_term_string\"}}],\"inLanguage\":\"fr-FR\"}]}<\/script>\n<!-- \/ Yoast SEO plugin. -->","yoast_head_json":{"title":"Accompagner| Reseau Entreprendre Mayenne","description":"Vous \u00eates chef d'entreprise et souhaitez accompagner de nouveaux entrepreneurs ? Devenez membre b\u00e9n\u00e9vole de R\u00e9seau Entreprendre\u00ae Mayenne !","robots":{"index":"index","follow":"follow","max-snippet":"max-snippet:-1","max-image-preview":"max-image-preview:large","max-video-preview":"max-video-preview:-1"},"canonical":"https:\/\/www.reseau-entreprendre.org\/mayenne\/accompagner\/","og_locale":"fr_FR","og_type":"article","og_title":"Accompagner| Reseau Entreprendre Mayenne","og_description":"Vous \u00eates chef d'entreprise et souhaitez accompagner de nouveaux entrepreneurs ? Devenez membre b\u00e9n\u00e9vole de R\u00e9seau Entreprendre\u00ae Mayenne !","og_url":"https:\/\/www.reseau-entreprendre.org\/mayenne\/accompagner\/","og_site_name":"R\u00e9seau Entreprendre Mayenne","article_modified_time":"2022-12-06T15:52:26+00:00","og_image":[{"url":"https:\/\/www.reseau-entreprendre.org\/mayenne\/wp-content\/uploads\/sites\/47\/2022\/12\/olivier-favriel-proclair-4-1024x683-1.jpg","type":"","width":"","height":""}],"twitter_card":"summary_large_image","twitter_misc":{"Dur\u00e9e de lecture estim\u00e9e":"5 minutes"},"schema":{"@context":"https:\/\/schema.org","@graph":[{"@type":"WebPage","@id":"https:\/\/www.reseau-entreprendre.org\/mayenne\/accompagner\/","url":"https:\/\/www.reseau-entreprendre.org\/mayenne\/accompagner\/","name":"Accompagner| Reseau Entreprendre Mayenne","isPartOf":{"@id":"https:\/\/www.reseau-entreprendre.org\/mayenne\/#website"},"primaryImageOfPage":{"@id":"https:\/\/www.reseau-entreprendre.org\/mayenne\/accompagner\/#primaryimage"},"image":{"@id":"https:\/\/www.reseau-entreprendre.org\/mayenne\/accompagner\/#primaryimage"},"thumbnailUrl":"https:\/\/www.reseau-entreprendre.org\/mayenne\/wp-content\/uploads\/sites\/47\/2022\/12\/olivier-favriel-proclair-4-1024x683-1.jpg","datePublished":"2017-04-28T10:33:47+00:00","dateModified":"2022-12-06T15:52:26+00:00","description":"Vous \u00eates chef d'entreprise et souhaitez accompagner de nouveaux entrepreneurs ? Devenez membre b\u00e9n\u00e9vole de R\u00e9seau Entreprendre\u00ae Mayenne !","breadcrumb":{"@id":"https:\/\/www.reseau-entreprendre.org\/mayenne\/accompagner\/#breadcrumb"},"inLanguage":"fr-FR","potentialAction":[{"@type":"ReadAction","target":["https:\/\/www.reseau-entreprendre.org\/mayenne\/accompagner\/"]}]},{"@type":"ImageObject","inLanguage":"fr-FR","@id":"https:\/\/www.reseau-entreprendre.org\/mayenne\/accompagner\/#primaryimage","url":"https:\/\/www.reseau-entreprendre.org\/mayenne\/wp-content\/uploads\/sites\/47\/2022\/12\/olivier-favriel-proclair-4-1024x683-1.jpg","contentUrl":"https:\/\/www.reseau-entreprendre.org\/mayenne\/wp-content\/uploads\/sites\/47\/2022\/12\/olivier-favriel-proclair-4-1024x683-1.jpg","width":1024,"height":683},{"@type":"BreadcrumbList","@id":"https:\/\/www.reseau-entreprendre.org\/mayenne\/accompagner\/#breadcrumb","itemListElement":[{"@type":"ListItem","position":1,"name":"Accueil","item":"https:\/\/www.reseau-entreprendre.org\/mayenne\/"},{"@type":"ListItem","position":2,"name":"Accompagner"}]},{"@type":"WebSite","@id":"https:\/\/www.reseau-entreprendre.org\/mayenne\/#website","url":"https:\/\/www.reseau-entreprendre.org\/mayenne\/","name":"R\u00e9seau Entreprendre Mayenne","description":"Un site utilisant Les sites de R\u00e9seau Entreprendre","potentialAction":[{"@type":"SearchAction","target":{"@type":"EntryPoint","urlTemplate":"https:\/\/www.reseau-entreprendre.org\/mayenne\/?s={search_term_string}"},"query-input":{"@type":"PropertyValueSpecification","valueRequired":true,"valueName":"search_term_string"}}],"inLanguage":"fr-FR"}]}},"_links":{"self":[{"href":"https:\/\/www.reseau-entreprendre.org\/mayenne\/wp-json\/wp\/v2\/pages\/15","targetHints":{"allow":["GET"]}}],"collection":[{"href":"https:\/\/www.reseau-entreprendre.org\/mayenne\/wp-json\/wp\/v2\/pages"}],"about":[{"href":"https:\/\/www.reseau-entreprendre.org\/mayenne\/wp-json\/wp\/v2\/types\/page"}],"author":[{"embeddable":true,"href":"https:\/\/www.reseau-entreprendre.org\/mayenne\/wp-json\/wp\/v2\/users\/48"}],"replies":[{"embeddable":true,"href":"https:\/\/www.reseau-entreprendre.org\/mayenne\/wp-json\/wp\/v2\/comments?post=15"}],"version-history":[{"count":0,"href":"https:\/\/www.reseau-entreprendre.org\/mayenne\/wp-json\/wp\/v2\/pages\/15\/revisions"}],"wp:attachment":[{"href":"https:\/\/www.reseau-entreprendre.org\/mayenne\/wp-json\/wp\/v2\/media?parent=15"}],"curies":[{"name":"wp","href":"https:\/\/api.w.org\/{rel}","templated":true}]}}