{"id":17,"date":"2017-04-28T12:34:01","date_gmt":"2017-04-28T10:34:01","guid":{"rendered":"https:\/\/www.reseau-entreprendre.org\/mayenne\/?page_id=17"},"modified":"2022-12-09T17:02:49","modified_gmt":"2022-12-09T16:02:49","slug":"soutenir","status":"publish","type":"page","link":"https:\/\/www.reseau-entreprendre.org\/mayenne\/soutenir\/","title":{"rendered":"Soutenir"},"content":{"rendered":"\n<h2 class=\"has-re-blue-color has-text-color wp-block-heading\"><strong>SOUTENIR<\/strong><\/h2>\n\n\n\n<h3 class=\"has-re-yellow-color has-text-color wp-block-heading\" style=\"font-size:30px\"><strong>Pourquoi rejoindre la communaut\u00e9 des m\u00e9c\u00e8nes R\u00e9seau Entreprendre&nbsp;?<\/strong><\/h3>\n\n\n\n<div style=\"height:50px\" aria-hidden=\"true\" class=\"wp-block-spacer\"><\/div>\n\n\n\n<div class=\"wp-block-columns is-layout-flex wp-container-core-columns-is-layout-9d6595d7 wp-block-columns-is-layout-flex\">\n<div class=\"wp-block-column is-layout-flow wp-block-column-is-layout-flow\" style=\"flex-basis:33.33%\">\n<figure class=\"wp-block-image size-full is-resized\"><img loading=\"lazy\" decoding=\"async\" src=\"https:\/\/www.reseau-entreprendre.org\/mayenne\/wp-content\/uploads\/sites\/47\/2022\/09\/Engage-6.png\" alt=\"Dirigeant engag\u00e9\" class=\"wp-image-1219\" width=\"168\" height=\"117\" srcset=\"https:\/\/www.reseau-entreprendre.org\/mayenne\/wp-content\/uploads\/sites\/47\/2022\/09\/Engage-6.png 207w, https:\/\/www.reseau-entreprendre.org\/mayenne\/wp-content\/uploads\/sites\/47\/2022\/09\/Engage-6-187x130.png 187w\" sizes=\"auto, (max-width: 168px) 100vw, 168px\" \/><\/figure>\n<\/div>\n\n\n\n<div class=\"wp-block-column is-vertically-aligned-center is-layout-flow wp-block-column-is-layout-flow\" style=\"flex-basis:66.66%\">\n<p style=\"font-size:22px\"><strong>Dirigeant engag\u00e9, rendez visibles vos valeurs : solidarit\u00e9, engagement territorial<\/strong><\/p>\n<\/div>\n<\/div>\n\n\n\n<hr class=\"wp-block-separator has-alpha-channel-opacity\" \/>\n\n\n\n<div class=\"wp-block-columns is-layout-flex wp-container-core-columns-is-layout-9d6595d7 wp-block-columns-is-layout-flex\">\n<div class=\"wp-block-column is-vertically-aligned-center is-layout-flow wp-block-column-is-layout-flow\" style=\"flex-basis:66.66%\">\n<p style=\"font-size:22px\"><strong>Affichez votre soutien au d\u00e9veloppement \u00e9conomique de la Mayenne.<\/strong><\/p>\n<\/div>\n\n\n\n<div class=\"wp-block-column is-layout-flow wp-block-column-is-layout-flow\" style=\"flex-basis:33.33%\">\n<figure class=\"wp-block-image size-full is-resized\"><img loading=\"lazy\" decoding=\"async\" src=\"https:\/\/www.reseau-entreprendre.org\/mayenne\/wp-content\/uploads\/sites\/47\/2022\/09\/Soutiens-2.png\" alt=\"D\u00e9veloppement \u00e9conomique\" class=\"wp-image-1208\" width=\"146\" height=\"130\" srcset=\"https:\/\/www.reseau-entreprendre.org\/mayenne\/wp-content\/uploads\/sites\/47\/2022\/09\/Soutiens-2.png 195w, https:\/\/www.reseau-entreprendre.org\/mayenne\/wp-content\/uploads\/sites\/47\/2022\/09\/Soutiens-2-146x130.png 146w\" sizes=\"auto, (max-width: 146px) 100vw, 146px\" \/><\/figure>\n<\/div>\n<\/div>\n\n\n\n<hr class=\"wp-block-separator has-alpha-channel-opacity\" \/>\n\n\n\n<div class=\"wp-block-columns is-layout-flex wp-container-core-columns-is-layout-9d6595d7 wp-block-columns-is-layout-flex\">\n<div class=\"wp-block-column is-layout-flow wp-block-column-is-layout-flow\" style=\"flex-basis:33.33%\">\n<figure class=\"wp-block-image size-full is-resized\"><img loading=\"lazy\" decoding=\"async\" src=\"https:\/\/www.reseau-entreprendre.org\/mayenne\/wp-content\/uploads\/sites\/47\/2022\/09\/Developper-3.png\" alt=\"D\u00e9veloppement entrepreneurial\" class=\"wp-image-1209\" width=\"148\" height=\"138\" srcset=\"https:\/\/www.reseau-entreprendre.org\/mayenne\/wp-content\/uploads\/sites\/47\/2022\/09\/Developper-3.png 208w, https:\/\/www.reseau-entreprendre.org\/mayenne\/wp-content\/uploads\/sites\/47\/2022\/09\/Developper-3-139x130.png 139w\" sizes=\"auto, (max-width: 148px) 100vw, 148px\" \/><\/figure>\n<\/div>\n\n\n\n<div class=\"wp-block-column is-vertically-aligned-center is-layout-flow wp-block-column-is-layout-flow\" style=\"flex-basis:66.66%\">\n<p class=\"has-text-align-left\" style=\"font-size:22px\"><strong>Permettez \u00e0 vos cadres dirigeants de participer au d\u00e9veloppement de l&#8217;entrepreneuriat sur notre territoire.<\/strong><\/p>\n<\/div>\n<\/div>\n\n\n\n<hr class=\"wp-block-separator has-alpha-channel-opacity\" \/>\n\n\n\n<div class=\"wp-block-columns is-layout-flex wp-container-core-columns-is-layout-9d6595d7 wp-block-columns-is-layout-flex\">\n<div class=\"wp-block-column is-vertically-aligned-center is-layout-flow wp-block-column-is-layout-flow\" style=\"flex-basis:66.66%\">\n<p style=\"font-size:22px\"><strong>D\u00e9veloppez votre notori\u00e9t\u00e9 et votre position d&#8217;acteur territorial.<\/strong><\/p>\n<\/div>\n\n\n\n<div class=\"wp-block-column is-layout-flow wp-block-column-is-layout-flow\" style=\"flex-basis:33.33%\">\n<figure class=\"wp-block-image size-full is-resized\"><img loading=\"lazy\" decoding=\"async\" src=\"https:\/\/www.reseau-entreprendre.org\/mayenne\/wp-content\/uploads\/sites\/47\/2022\/09\/Notoriete-2.png\" alt=\"D\u00e9velopper la notori\u00e9t\u00e9\" class=\"wp-image-1210\" width=\"152\" height=\"118\" srcset=\"https:\/\/www.reseau-entreprendre.org\/mayenne\/wp-content\/uploads\/sites\/47\/2022\/09\/Notoriete-2.png 192w, https:\/\/www.reseau-entreprendre.org\/mayenne\/wp-content\/uploads\/sites\/47\/2022\/09\/Notoriete-2-168x130.png 168w\" sizes=\"auto, (max-width: 152px) 100vw, 152px\" \/><\/figure>\n<\/div>\n<\/div>\n\n\n\n<div style=\"height:50px\" aria-hidden=\"true\" class=\"wp-block-spacer\"><\/div>\n\n\n\n<h1 class=\"has-text-align-center has-re-blue-color has-text-color wp-block-heading\" style=\"font-size:50px\"><strong>Quel m\u00e9c\u00e8ne souhaiteriez-vous incarner ? <\/strong><\/h1>\n\n\n\n<div style=\"height:79px\" aria-hidden=\"true\" class=\"wp-block-spacer\"><\/div>\n\n\n<div class=\"wp-block-image\">\n<figure class=\"aligncenter size-full is-resized\"><a href=\"https:\/\/www.reseau-entreprendre.org\/fr\/soutenir\/formulaire-partenaire\/\" target=\"_blank\" rel=\"noreferrer noopener\"><img loading=\"lazy\" decoding=\"async\" src=\"https:\/\/www.reseau-entreprendre.org\/mayenne\/wp-content\/uploads\/sites\/47\/2022\/09\/Mecene-Soutien-1.png\" alt=\"M\u00e9c\u00e8ne soutien\" class=\"wp-image-1191\" width=\"658\" height=\"281\" srcset=\"https:\/\/www.reseau-entreprendre.org\/mayenne\/wp-content\/uploads\/sites\/47\/2022\/09\/Mecene-Soutien-1.png 693w, https:\/\/www.reseau-entreprendre.org\/mayenne\/wp-content\/uploads\/sites\/47\/2022\/09\/Mecene-Soutien-1-300x128.png 300w, https:\/\/www.reseau-entreprendre.org\/mayenne\/wp-content\/uploads\/sites\/47\/2022\/09\/Mecene-Soutien-1-210x90.png 210w\" sizes=\"auto, (max-width: 658px) 100vw, 658px\" \/><\/a><\/figure>\n<\/div>\n\n<div class=\"wp-block-image\">\n<figure class=\"aligncenter size-full is-resized\"><a href=\"https:\/\/www.reseau-entreprendre.org\/fr\/soutenir\/formulaire-partenaire\/\" target=\"_blank\" rel=\"noreferrer noopener\"><img loading=\"lazy\" decoding=\"async\" src=\"https:\/\/www.reseau-entreprendre.org\/mayenne\/wp-content\/uploads\/sites\/47\/2022\/11\/mecneeee.png\" alt=\"M\u00e9c\u00e8ne engag\u00e9\" class=\"wp-image-1318\" width=\"666\" height=\"325\" \/><\/a><\/figure>\n<\/div>\n\n<div class=\"wp-block-image\">\n<figure class=\"aligncenter size-full is-resized\"><a href=\"https:\/\/www.reseau-entreprendre.org\/fr\/soutenir\/formulaire-partenaire\/\" target=\"_blank\" rel=\"noreferrer noopener\"><img loading=\"lazy\" decoding=\"async\" src=\"https:\/\/www.reseau-entreprendre.org\/mayenne\/wp-content\/uploads\/sites\/47\/2022\/11\/stuerhgfdf.png\" alt=\"M\u00e9c\u00e8ne Prenium\" class=\"wp-image-1319\" width=\"666\" height=\"385\" srcset=\"https:\/\/www.reseau-entreprendre.org\/mayenne\/wp-content\/uploads\/sites\/47\/2022\/11\/stuerhgfdf.png 582w, https:\/\/www.reseau-entreprendre.org\/mayenne\/wp-content\/uploads\/sites\/47\/2022\/11\/stuerhgfdf-300x173.png 300w, https:\/\/www.reseau-entreprendre.org\/mayenne\/wp-content\/uploads\/sites\/47\/2022\/11\/stuerhgfdf-210x121.png 210w\" sizes=\"auto, (max-width: 666px) 100vw, 666px\" \/><\/a><\/figure>\n<\/div>\n\n\n<div class=\"wp-block-buttons is-content-justification-center is-layout-flex wp-container-core-buttons-is-layout-16018d1d wp-block-buttons-is-layout-flex\">\n<div class=\"wp-block-button has-custom-width wp-block-button__width-25 is-style-outline is-style-outline--1\"><a class=\"wp-block-button__link has-re-blue-color has-text-color wp-element-button\" href=\"https:\/\/www.reseau-entreprendre.org\/fr\/soutenir\/formulaire-partenaire\/\" style=\"border-radius:12px\" target=\"_blank\" rel=\"noreferrer noopener\">SOUTENIR<\/a><\/div>\n<\/div>\n","protected":false},"excerpt":{"rendered":"<p>SOUTENIR Pourquoi rejoindre la communaut\u00e9 des m\u00e9c\u00e8nes R\u00e9seau Entreprendre&nbsp;? Dirigeant<\/p>\n","protected":false},"author":48,"featured_media":0,"parent":0,"menu_order":0,"comment_status":"closed","ping_status":"closed","template":"","meta":{"_acf_changed":false,"_monsterinsights_skip_tracking":false,"_monsterinsights_sitenote_active":false,"_monsterinsights_sitenote_note":"","_monsterinsights_sitenote_category":0,"footnotes":""},"class_list":["post-17","page","type-page","status-publish","hentry"],"acf":[],"yoast_head":"<!-- This site is optimized with the Yoast SEO plugin v27.4 - https:\/\/yoast.com\/product\/yoast-seo-wordpress\/ -->\n<title>Soutenir | Reseau Entreprendre Mayenne<\/title>\n<meta name=\"description\" content=\"Partenaire, vous souhaitez soutenir un r\u00e9seau 100% chefs d&#039;entreprise ? Rejoignez R\u00e9seau Entreprendre Mayenne.\" \/>\n<meta name=\"robots\" content=\"index, follow, max-snippet:-1, max-image-preview:large, max-video-preview:-1\" \/>\n<link rel=\"canonical\" href=\"https:\/\/www.reseau-entreprendre.org\/mayenne\/soutenir\/\" \/>\n<meta property=\"og:locale\" content=\"fr_FR\" \/>\n<meta property=\"og:type\" content=\"article\" \/>\n<meta property=\"og:title\" content=\"Soutenir | Reseau Entreprendre Mayenne\" \/>\n<meta property=\"og:description\" content=\"Partenaire, vous souhaitez soutenir un r\u00e9seau 100% chefs d&#039;entreprise ? Rejoignez R\u00e9seau Entreprendre Mayenne.\" \/>\n<meta property=\"og:url\" content=\"https:\/\/www.reseau-entreprendre.org\/mayenne\/soutenir\/\" \/>\n<meta property=\"og:site_name\" content=\"R\u00e9seau Entreprendre Mayenne\" \/>\n<meta property=\"article:modified_time\" content=\"2022-12-09T16:02:49+00:00\" \/>\n<meta property=\"og:image\" content=\"https:\/\/www.reseau-entreprendre.org\/mayenne\/wp-content\/uploads\/sites\/47\/2022\/09\/Engage-6.png\" \/>\n<meta name=\"twitter:card\" content=\"summary_large_image\" \/>\n<meta name=\"twitter:label1\" content=\"Dur\u00e9e de lecture estim\u00e9e\" \/>\n\t<meta name=\"twitter:data1\" content=\"2 minutes\" \/>\n<script type=\"application\/ld+json\" class=\"yoast-schema-graph\">{\"@context\":\"https:\\\/\\\/schema.org\",\"@graph\":[{\"@type\":\"WebPage\",\"@id\":\"https:\\\/\\\/www.reseau-entreprendre.org\\\/mayenne\\\/soutenir\\\/\",\"url\":\"https:\\\/\\\/www.reseau-entreprendre.org\\\/mayenne\\\/soutenir\\\/\",\"name\":\"Soutenir | Reseau Entreprendre Mayenne\",\"isPartOf\":{\"@id\":\"https:\\\/\\\/www.reseau-entreprendre.org\\\/mayenne\\\/#website\"},\"primaryImageOfPage\":{\"@id\":\"https:\\\/\\\/www.reseau-entreprendre.org\\\/mayenne\\\/soutenir\\\/#primaryimage\"},\"image\":{\"@id\":\"https:\\\/\\\/www.reseau-entreprendre.org\\\/mayenne\\\/soutenir\\\/#primaryimage\"},\"thumbnailUrl\":\"https:\\\/\\\/www.reseau-entreprendre.org\\\/mayenne\\\/wp-content\\\/uploads\\\/sites\\\/47\\\/2022\\\/09\\\/Engage-6.png\",\"datePublished\":\"2017-04-28T10:34:01+00:00\",\"dateModified\":\"2022-12-09T16:02:49+00:00\",\"description\":\"Partenaire, vous souhaitez soutenir un r\u00e9seau 100% chefs d'entreprise ? Rejoignez R\u00e9seau Entreprendre Mayenne.\",\"breadcrumb\":{\"@id\":\"https:\\\/\\\/www.reseau-entreprendre.org\\\/mayenne\\\/soutenir\\\/#breadcrumb\"},\"inLanguage\":\"fr-FR\",\"potentialAction\":[{\"@type\":\"ReadAction\",\"target\":[\"https:\\\/\\\/www.reseau-entreprendre.org\\\/mayenne\\\/soutenir\\\/\"]}]},{\"@type\":\"ImageObject\",\"inLanguage\":\"fr-FR\",\"@id\":\"https:\\\/\\\/www.reseau-entreprendre.org\\\/mayenne\\\/soutenir\\\/#primaryimage\",\"url\":\"https:\\\/\\\/www.reseau-entreprendre.org\\\/mayenne\\\/wp-content\\\/uploads\\\/sites\\\/47\\\/2022\\\/09\\\/Engage-6.png\",\"contentUrl\":\"https:\\\/\\\/www.reseau-entreprendre.org\\\/mayenne\\\/wp-content\\\/uploads\\\/sites\\\/47\\\/2022\\\/09\\\/Engage-6.png\",\"width\":207,\"height\":144},{\"@type\":\"BreadcrumbList\",\"@id\":\"https:\\\/\\\/www.reseau-entreprendre.org\\\/mayenne\\\/soutenir\\\/#breadcrumb\",\"itemListElement\":[{\"@type\":\"ListItem\",\"position\":1,\"name\":\"Accueil\",\"item\":\"https:\\\/\\\/www.reseau-entreprendre.org\\\/mayenne\\\/\"},{\"@type\":\"ListItem\",\"position\":2,\"name\":\"Soutenir\"}]},{\"@type\":\"WebSite\",\"@id\":\"https:\\\/\\\/www.reseau-entreprendre.org\\\/mayenne\\\/#website\",\"url\":\"https:\\\/\\\/www.reseau-entreprendre.org\\\/mayenne\\\/\",\"name\":\"R\u00e9seau Entreprendre Mayenne\",\"description\":\"Un site utilisant Les sites de R\u00e9seau Entreprendre\",\"potentialAction\":[{\"@type\":\"SearchAction\",\"target\":{\"@type\":\"EntryPoint\",\"urlTemplate\":\"https:\\\/\\\/www.reseau-entreprendre.org\\\/mayenne\\\/?s={search_term_string}\"},\"query-input\":{\"@type\":\"PropertyValueSpecification\",\"valueRequired\":true,\"valueName\":\"search_term_string\"}}],\"inLanguage\":\"fr-FR\"}]}<\/script>\n<!-- \/ Yoast SEO plugin. -->","yoast_head_json":{"title":"Soutenir | Reseau Entreprendre Mayenne","description":"Partenaire, vous souhaitez soutenir un r\u00e9seau 100% chefs d'entreprise ? Rejoignez R\u00e9seau Entreprendre Mayenne.","robots":{"index":"index","follow":"follow","max-snippet":"max-snippet:-1","max-image-preview":"max-image-preview:large","max-video-preview":"max-video-preview:-1"},"canonical":"https:\/\/www.reseau-entreprendre.org\/mayenne\/soutenir\/","og_locale":"fr_FR","og_type":"article","og_title":"Soutenir | Reseau Entreprendre Mayenne","og_description":"Partenaire, vous souhaitez soutenir un r\u00e9seau 100% chefs d'entreprise ? Rejoignez R\u00e9seau Entreprendre Mayenne.","og_url":"https:\/\/www.reseau-entreprendre.org\/mayenne\/soutenir\/","og_site_name":"R\u00e9seau Entreprendre Mayenne","article_modified_time":"2022-12-09T16:02:49+00:00","og_image":[{"url":"https:\/\/www.reseau-entreprendre.org\/mayenne\/wp-content\/uploads\/sites\/47\/2022\/09\/Engage-6.png","type":"","width":"","height":""}],"twitter_card":"summary_large_image","twitter_misc":{"Dur\u00e9e de lecture estim\u00e9e":"2 minutes"},"schema":{"@context":"https:\/\/schema.org","@graph":[{"@type":"WebPage","@id":"https:\/\/www.reseau-entreprendre.org\/mayenne\/soutenir\/","url":"https:\/\/www.reseau-entreprendre.org\/mayenne\/soutenir\/","name":"Soutenir | Reseau Entreprendre Mayenne","isPartOf":{"@id":"https:\/\/www.reseau-entreprendre.org\/mayenne\/#website"},"primaryImageOfPage":{"@id":"https:\/\/www.reseau-entreprendre.org\/mayenne\/soutenir\/#primaryimage"},"image":{"@id":"https:\/\/www.reseau-entreprendre.org\/mayenne\/soutenir\/#primaryimage"},"thumbnailUrl":"https:\/\/www.reseau-entreprendre.org\/mayenne\/wp-content\/uploads\/sites\/47\/2022\/09\/Engage-6.png","datePublished":"2017-04-28T10:34:01+00:00","dateModified":"2022-12-09T16:02:49+00:00","description":"Partenaire, vous souhaitez soutenir un r\u00e9seau 100% chefs d'entreprise ? Rejoignez R\u00e9seau Entreprendre Mayenne.","breadcrumb":{"@id":"https:\/\/www.reseau-entreprendre.org\/mayenne\/soutenir\/#breadcrumb"},"inLanguage":"fr-FR","potentialAction":[{"@type":"ReadAction","target":["https:\/\/www.reseau-entreprendre.org\/mayenne\/soutenir\/"]}]},{"@type":"ImageObject","inLanguage":"fr-FR","@id":"https:\/\/www.reseau-entreprendre.org\/mayenne\/soutenir\/#primaryimage","url":"https:\/\/www.reseau-entreprendre.org\/mayenne\/wp-content\/uploads\/sites\/47\/2022\/09\/Engage-6.png","contentUrl":"https:\/\/www.reseau-entreprendre.org\/mayenne\/wp-content\/uploads\/sites\/47\/2022\/09\/Engage-6.png","width":207,"height":144},{"@type":"BreadcrumbList","@id":"https:\/\/www.reseau-entreprendre.org\/mayenne\/soutenir\/#breadcrumb","itemListElement":[{"@type":"ListItem","position":1,"name":"Accueil","item":"https:\/\/www.reseau-entreprendre.org\/mayenne\/"},{"@type":"ListItem","position":2,"name":"Soutenir"}]},{"@type":"WebSite","@id":"https:\/\/www.reseau-entreprendre.org\/mayenne\/#website","url":"https:\/\/www.reseau-entreprendre.org\/mayenne\/","name":"R\u00e9seau Entreprendre Mayenne","description":"Un site utilisant Les sites de R\u00e9seau Entreprendre","potentialAction":[{"@type":"SearchAction","target":{"@type":"EntryPoint","urlTemplate":"https:\/\/www.reseau-entreprendre.org\/mayenne\/?s={search_term_string}"},"query-input":{"@type":"PropertyValueSpecification","valueRequired":true,"valueName":"search_term_string"}}],"inLanguage":"fr-FR"}]}},"_links":{"self":[{"href":"https:\/\/www.reseau-entreprendre.org\/mayenne\/wp-json\/wp\/v2\/pages\/17","targetHints":{"allow":["GET"]}}],"collection":[{"href":"https:\/\/www.reseau-entreprendre.org\/mayenne\/wp-json\/wp\/v2\/pages"}],"about":[{"href":"https:\/\/www.reseau-entreprendre.org\/mayenne\/wp-json\/wp\/v2\/types\/page"}],"author":[{"embeddable":true,"href":"https:\/\/www.reseau-entreprendre.org\/mayenne\/wp-json\/wp\/v2\/users\/48"}],"replies":[{"embeddable":true,"href":"https:\/\/www.reseau-entreprendre.org\/mayenne\/wp-json\/wp\/v2\/comments?post=17"}],"version-history":[{"count":0,"href":"https:\/\/www.reseau-entreprendre.org\/mayenne\/wp-json\/wp\/v2\/pages\/17\/revisions"}],"wp:attachment":[{"href":"https:\/\/www.reseau-entreprendre.org\/mayenne\/wp-json\/wp\/v2\/media?parent=17"}],"curies":[{"name":"wp","href":"https:\/\/api.w.org\/{rel}","templated":true}]}}