{"id":211,"date":"2017-06-13T17:35:06","date_gmt":"2017-06-13T15:35:06","guid":{"rendered":"https:\/\/www.reseau-entreprendre.org\/mayenne\/?page_id=211"},"modified":"2025-10-20T16:16:04","modified_gmt":"2025-10-20T14:16:04","slug":"ils-nous-soutiennent","status":"publish","type":"page","link":"https:\/\/www.reseau-entreprendre.org\/mayenne\/ils-nous-soutiennent\/","title":{"rendered":"Ils nous soutiennent"},"content":{"rendered":"\n<h2 class=\"wp-block-heading\" id=\"merci-a-nos-partenaires-pour-leur-soutien\">Merci \u00e0 nos partenaires pour leur soutien !<\/h2>\n\n\n\n<p>R\u00e9seau Entreprendre Mayenne b\u00e9n\u00e9ficie du soutien fid\u00e8le de partenaires d\u00e9sireux de promouvoir la cause de l\u2019entrepreneuriat, et de faciliter la cr\u00e9ation, la reprise et le d\u00e9veloppement d&#8217;entreprises sur leur territoire.<\/p>\n\n\n<div class=\"wp-block-image\">\n<figure class=\"aligncenter size-full is-resized\"><img loading=\"lazy\" decoding=\"async\" width=\"600\" height=\"200\" src=\"https:\/\/www.reseau-entreprendre.org\/mayenne\/wp-content\/uploads\/sites\/47\/2025\/10\/Partenaires-site.png\" alt=\"\" class=\"wp-image-2011\" style=\"width:753px;height:auto\" srcset=\"https:\/\/www.reseau-entreprendre.org\/mayenne\/wp-content\/uploads\/sites\/47\/2025\/10\/Partenaires-site.png 600w, https:\/\/www.reseau-entreprendre.org\/mayenne\/wp-content\/uploads\/sites\/47\/2025\/10\/Partenaires-site-300x100.png 300w, https:\/\/www.reseau-entreprendre.org\/mayenne\/wp-content\/uploads\/sites\/47\/2025\/10\/Partenaires-site-210x70.png 210w, https:\/\/www.reseau-entreprendre.org\/mayenne\/wp-content\/uploads\/sites\/47\/2025\/10\/Partenaires-site-100x33.png 100w\" sizes=\"auto, (max-width: 600px) 100vw, 600px\" \/><\/figure>\n<\/div>\n\n\n<div class=\"wp-block-columns is-layout-flex wp-container-core-columns-is-layout-9d6595d7 wp-block-columns-is-layout-flex\">\n<div class=\"wp-block-column is-layout-flow wp-block-column-is-layout-flow\" style=\"flex-basis:100%\">\n<div class=\"wp-block-columns is-layout-flex wp-container-core-columns-is-layout-9d6595d7 wp-block-columns-is-layout-flex\">\n<div class=\"wp-block-column is-layout-flow wp-block-column-is-layout-flow\" style=\"flex-basis:100%\">\n<figure class=\"wp-block-image size-full is-resized\"><img loading=\"lazy\" decoding=\"async\" width=\"600\" height=\"200\" src=\"https:\/\/www.reseau-entreprendre.org\/mayenne\/wp-content\/uploads\/sites\/47\/2025\/02\/Visuel-logos-partenaires-bancaires.png\" alt=\"\" class=\"wp-image-1974\" style=\"width:786px;height:auto\" srcset=\"https:\/\/www.reseau-entreprendre.org\/mayenne\/wp-content\/uploads\/sites\/47\/2025\/02\/Visuel-logos-partenaires-bancaires.png 600w, https:\/\/www.reseau-entreprendre.org\/mayenne\/wp-content\/uploads\/sites\/47\/2025\/02\/Visuel-logos-partenaires-bancaires-300x100.png 300w, https:\/\/www.reseau-entreprendre.org\/mayenne\/wp-content\/uploads\/sites\/47\/2025\/02\/Visuel-logos-partenaires-bancaires-210x70.png 210w, https:\/\/www.reseau-entreprendre.org\/mayenne\/wp-content\/uploads\/sites\/47\/2025\/02\/Visuel-logos-partenaires-bancaires-100x33.png 100w\" sizes=\"auto, (max-width: 600px) 100vw, 600px\" \/><\/figure>\n<\/div>\n<\/div>\n<\/div>\n<\/div>\n\n\n\n<p><\/p>\n","protected":false},"excerpt":{"rendered":"<p>Merci \u00e0 nos partenaires pour leur soutien ! R\u00e9seau Entreprendre<\/p>\n","protected":false},"author":48,"featured_media":0,"parent":0,"menu_order":0,"comment_status":"closed","ping_status":"closed","template":"","meta":{"_acf_changed":false,"_monsterinsights_skip_tracking":false,"_monsterinsights_sitenote_active":false,"_monsterinsights_sitenote_note":"","_monsterinsights_sitenote_category":0,"footnotes":""},"class_list":["post-211","page","type-page","status-publish","hentry"],"acf":[],"yoast_head":"<!-- This site is optimized with the Yoast SEO plugin v27.4 - https:\/\/yoast.com\/product\/yoast-seo-wordpress\/ -->\n<title>Ils nous soutiennent - R\u00e9seau Entreprendre Mayenne<\/title>\n<meta name=\"robots\" content=\"index, follow, max-snippet:-1, max-image-preview:large, max-video-preview:-1\" \/>\n<link rel=\"canonical\" href=\"https:\/\/www.reseau-entreprendre.org\/mayenne\/ils-nous-soutiennent\/\" \/>\n<meta property=\"og:locale\" content=\"fr_FR\" \/>\n<meta property=\"og:type\" content=\"article\" \/>\n<meta property=\"og:title\" content=\"Ils nous soutiennent - R\u00e9seau Entreprendre Mayenne\" \/>\n<meta property=\"og:description\" content=\"Merci \u00e0 nos partenaires pour leur soutien ! R\u00e9seau Entreprendre\" \/>\n<meta property=\"og:url\" content=\"https:\/\/www.reseau-entreprendre.org\/mayenne\/ils-nous-soutiennent\/\" \/>\n<meta property=\"og:site_name\" content=\"R\u00e9seau Entreprendre Mayenne\" \/>\n<meta property=\"article:modified_time\" content=\"2025-10-20T14:16:04+00:00\" \/>\n<meta property=\"og:image\" content=\"https:\/\/www.reseau-entreprendre.org\/mayenne\/wp-content\/uploads\/sites\/47\/2025\/10\/Partenaires-site.png\" \/>\n\t<meta property=\"og:image:width\" content=\"600\" \/>\n\t<meta property=\"og:image:height\" content=\"200\" \/>\n\t<meta property=\"og:image:type\" content=\"image\/png\" \/>\n<meta name=\"twitter:card\" content=\"summary_large_image\" \/>\n<meta name=\"twitter:label1\" content=\"Dur\u00e9e de lecture estim\u00e9e\" \/>\n\t<meta name=\"twitter:data1\" content=\"1 minute\" \/>\n<script type=\"application\/ld+json\" class=\"yoast-schema-graph\">{\"@context\":\"https:\\\/\\\/schema.org\",\"@graph\":[{\"@type\":\"WebPage\",\"@id\":\"https:\\\/\\\/www.reseau-entreprendre.org\\\/mayenne\\\/ils-nous-soutiennent\\\/\",\"url\":\"https:\\\/\\\/www.reseau-entreprendre.org\\\/mayenne\\\/ils-nous-soutiennent\\\/\",\"name\":\"Ils nous soutiennent - R\u00e9seau Entreprendre Mayenne\",\"isPartOf\":{\"@id\":\"https:\\\/\\\/www.reseau-entreprendre.org\\\/mayenne\\\/#website\"},\"primaryImageOfPage\":{\"@id\":\"https:\\\/\\\/www.reseau-entreprendre.org\\\/mayenne\\\/ils-nous-soutiennent\\\/#primaryimage\"},\"image\":{\"@id\":\"https:\\\/\\\/www.reseau-entreprendre.org\\\/mayenne\\\/ils-nous-soutiennent\\\/#primaryimage\"},\"thumbnailUrl\":\"https:\\\/\\\/www.reseau-entreprendre.org\\\/mayenne\\\/wp-content\\\/uploads\\\/sites\\\/47\\\/2025\\\/10\\\/Partenaires-site.png\",\"datePublished\":\"2017-06-13T15:35:06+00:00\",\"dateModified\":\"2025-10-20T14:16:04+00:00\",\"breadcrumb\":{\"@id\":\"https:\\\/\\\/www.reseau-entreprendre.org\\\/mayenne\\\/ils-nous-soutiennent\\\/#breadcrumb\"},\"inLanguage\":\"fr-FR\",\"potentialAction\":[{\"@type\":\"ReadAction\",\"target\":[\"https:\\\/\\\/www.reseau-entreprendre.org\\\/mayenne\\\/ils-nous-soutiennent\\\/\"]}]},{\"@type\":\"ImageObject\",\"inLanguage\":\"fr-FR\",\"@id\":\"https:\\\/\\\/www.reseau-entreprendre.org\\\/mayenne\\\/ils-nous-soutiennent\\\/#primaryimage\",\"url\":\"https:\\\/\\\/www.reseau-entreprendre.org\\\/mayenne\\\/wp-content\\\/uploads\\\/sites\\\/47\\\/2025\\\/10\\\/Partenaires-site.png\",\"contentUrl\":\"https:\\\/\\\/www.reseau-entreprendre.org\\\/mayenne\\\/wp-content\\\/uploads\\\/sites\\\/47\\\/2025\\\/10\\\/Partenaires-site.png\",\"width\":600,\"height\":200},{\"@type\":\"BreadcrumbList\",\"@id\":\"https:\\\/\\\/www.reseau-entreprendre.org\\\/mayenne\\\/ils-nous-soutiennent\\\/#breadcrumb\",\"itemListElement\":[{\"@type\":\"ListItem\",\"position\":1,\"name\":\"Accueil\",\"item\":\"https:\\\/\\\/www.reseau-entreprendre.org\\\/mayenne\\\/\"},{\"@type\":\"ListItem\",\"position\":2,\"name\":\"Ils nous soutiennent\"}]},{\"@type\":\"WebSite\",\"@id\":\"https:\\\/\\\/www.reseau-entreprendre.org\\\/mayenne\\\/#website\",\"url\":\"https:\\\/\\\/www.reseau-entreprendre.org\\\/mayenne\\\/\",\"name\":\"R\u00e9seau Entreprendre Mayenne\",\"description\":\"Un site utilisant Les sites de R\u00e9seau Entreprendre\",\"potentialAction\":[{\"@type\":\"SearchAction\",\"target\":{\"@type\":\"EntryPoint\",\"urlTemplate\":\"https:\\\/\\\/www.reseau-entreprendre.org\\\/mayenne\\\/?s={search_term_string}\"},\"query-input\":{\"@type\":\"PropertyValueSpecification\",\"valueRequired\":true,\"valueName\":\"search_term_string\"}}],\"inLanguage\":\"fr-FR\"}]}<\/script>\n<!-- \/ Yoast SEO plugin. -->","yoast_head_json":{"title":"Ils nous soutiennent - R\u00e9seau Entreprendre Mayenne","robots":{"index":"index","follow":"follow","max-snippet":"max-snippet:-1","max-image-preview":"max-image-preview:large","max-video-preview":"max-video-preview:-1"},"canonical":"https:\/\/www.reseau-entreprendre.org\/mayenne\/ils-nous-soutiennent\/","og_locale":"fr_FR","og_type":"article","og_title":"Ils nous soutiennent - R\u00e9seau Entreprendre Mayenne","og_description":"Merci \u00e0 nos partenaires pour leur soutien ! R\u00e9seau Entreprendre","og_url":"https:\/\/www.reseau-entreprendre.org\/mayenne\/ils-nous-soutiennent\/","og_site_name":"R\u00e9seau Entreprendre Mayenne","article_modified_time":"2025-10-20T14:16:04+00:00","og_image":[{"width":600,"height":200,"url":"https:\/\/www.reseau-entreprendre.org\/mayenne\/wp-content\/uploads\/sites\/47\/2025\/10\/Partenaires-site.png","type":"image\/png"}],"twitter_card":"summary_large_image","twitter_misc":{"Dur\u00e9e de lecture estim\u00e9e":"1 minute"},"schema":{"@context":"https:\/\/schema.org","@graph":[{"@type":"WebPage","@id":"https:\/\/www.reseau-entreprendre.org\/mayenne\/ils-nous-soutiennent\/","url":"https:\/\/www.reseau-entreprendre.org\/mayenne\/ils-nous-soutiennent\/","name":"Ils nous soutiennent - R\u00e9seau Entreprendre Mayenne","isPartOf":{"@id":"https:\/\/www.reseau-entreprendre.org\/mayenne\/#website"},"primaryImageOfPage":{"@id":"https:\/\/www.reseau-entreprendre.org\/mayenne\/ils-nous-soutiennent\/#primaryimage"},"image":{"@id":"https:\/\/www.reseau-entreprendre.org\/mayenne\/ils-nous-soutiennent\/#primaryimage"},"thumbnailUrl":"https:\/\/www.reseau-entreprendre.org\/mayenne\/wp-content\/uploads\/sites\/47\/2025\/10\/Partenaires-site.png","datePublished":"2017-06-13T15:35:06+00:00","dateModified":"2025-10-20T14:16:04+00:00","breadcrumb":{"@id":"https:\/\/www.reseau-entreprendre.org\/mayenne\/ils-nous-soutiennent\/#breadcrumb"},"inLanguage":"fr-FR","potentialAction":[{"@type":"ReadAction","target":["https:\/\/www.reseau-entreprendre.org\/mayenne\/ils-nous-soutiennent\/"]}]},{"@type":"ImageObject","inLanguage":"fr-FR","@id":"https:\/\/www.reseau-entreprendre.org\/mayenne\/ils-nous-soutiennent\/#primaryimage","url":"https:\/\/www.reseau-entreprendre.org\/mayenne\/wp-content\/uploads\/sites\/47\/2025\/10\/Partenaires-site.png","contentUrl":"https:\/\/www.reseau-entreprendre.org\/mayenne\/wp-content\/uploads\/sites\/47\/2025\/10\/Partenaires-site.png","width":600,"height":200},{"@type":"BreadcrumbList","@id":"https:\/\/www.reseau-entreprendre.org\/mayenne\/ils-nous-soutiennent\/#breadcrumb","itemListElement":[{"@type":"ListItem","position":1,"name":"Accueil","item":"https:\/\/www.reseau-entreprendre.org\/mayenne\/"},{"@type":"ListItem","position":2,"name":"Ils nous soutiennent"}]},{"@type":"WebSite","@id":"https:\/\/www.reseau-entreprendre.org\/mayenne\/#website","url":"https:\/\/www.reseau-entreprendre.org\/mayenne\/","name":"R\u00e9seau Entreprendre Mayenne","description":"Un site utilisant Les sites de R\u00e9seau Entreprendre","potentialAction":[{"@type":"SearchAction","target":{"@type":"EntryPoint","urlTemplate":"https:\/\/www.reseau-entreprendre.org\/mayenne\/?s={search_term_string}"},"query-input":{"@type":"PropertyValueSpecification","valueRequired":true,"valueName":"search_term_string"}}],"inLanguage":"fr-FR"}]}},"_links":{"self":[{"href":"https:\/\/www.reseau-entreprendre.org\/mayenne\/wp-json\/wp\/v2\/pages\/211","targetHints":{"allow":["GET"]}}],"collection":[{"href":"https:\/\/www.reseau-entreprendre.org\/mayenne\/wp-json\/wp\/v2\/pages"}],"about":[{"href":"https:\/\/www.reseau-entreprendre.org\/mayenne\/wp-json\/wp\/v2\/types\/page"}],"author":[{"embeddable":true,"href":"https:\/\/www.reseau-entreprendre.org\/mayenne\/wp-json\/wp\/v2\/users\/48"}],"replies":[{"embeddable":true,"href":"https:\/\/www.reseau-entreprendre.org\/mayenne\/wp-json\/wp\/v2\/comments?post=211"}],"version-history":[{"count":0,"href":"https:\/\/www.reseau-entreprendre.org\/mayenne\/wp-json\/wp\/v2\/pages\/211\/revisions"}],"wp:attachment":[{"href":"https:\/\/www.reseau-entreprendre.org\/mayenne\/wp-json\/wp\/v2\/media?parent=211"}],"curies":[{"name":"wp","href":"https:\/\/api.w.org\/{rel}","templated":true}]}}