{"id":7588,"date":"2022-03-11T15:00:05","date_gmt":"2022-03-11T14:00:05","guid":{"rendered":"https:\/\/www.reseau-entreprendre.org\/nord\/?page_id=7588"},"modified":"2022-05-16T10:02:59","modified_gmt":"2022-05-16T08:02:59","slug":"ils-nous-soutiennent","status":"publish","type":"page","link":"https:\/\/www.reseau-entreprendre.org\/nord\/ils-nous-soutiennent\/","title":{"rendered":"Ils nous soutiennent"},"content":{"rendered":"\n<h2 class=\"wp-block-heading\">Merci \u00e0 notre r\u00e9seau pour son soutien !!<\/h2>\n\n\n\n<p>R\u00e9seau Entreprendre<sup>\u00ae<\/sup> Nord b\u00e9n\u00e9ficie du soutien fid\u00e8le de son r\u00e9seau, d\u00e9sireux de promouvoir la cause de l\u2019entrepreneuriat, de faciliter l\u2019acte de cr\u00e9er, reprendre ou d\u00e9velopper et de contribuer au d\u00e9veloppement de R\u00e9seau Entreprendre<sup>\u00ae<\/sup> Nord.<\/p>\n\n\n\n<div style=\"height:25px\" aria-hidden=\"true\" class=\"wp-block-spacer\"><\/div>\n\n\n\n<hr class=\"wp-block-separator\" \/>\n\n\n\n<h2 class=\"wp-block-heading\">Les partenaires institutionnels<\/h2>\n\n\n<div data-block_622b17b15bffa class=\"re-partners align\">\n  <\/div>\n\n\n\n<hr class=\"wp-block-separator\" \/>\n\n\n\n<h2 class=\"wp-block-heading\">Les partenaires financiers<\/h2>\n\n\n<div data-block_6282050b34783 class=\"re-partners align\">\n  <\/div>\n","protected":false},"excerpt":{"rendered":"<p>Merci \u00e0 notre r\u00e9seau pour son soutien !! R\u00e9seau Entreprendre\u00ae<\/p>\n","protected":false},"author":78,"featured_media":0,"parent":0,"menu_order":0,"comment_status":"closed","ping_status":"closed","template":"","meta":{"_acf_changed":false,"_monsterinsights_skip_tracking":false,"_monsterinsights_sitenote_active":false,"_monsterinsights_sitenote_note":"","_monsterinsights_sitenote_category":0,"footnotes":""},"class_list":["post-7588","page","type-page","status-publish","hentry"],"acf":[],"yoast_head":"<!-- This site is optimized with the Yoast SEO plugin v27.3 - https:\/\/yoast.com\/product\/yoast-seo-wordpress\/ -->\n<title>R\u00e9seau Entreprendre Nord - Ils nous soutiennent<\/title>\n<meta name=\"robots\" content=\"index, follow, max-snippet:-1, max-image-preview:large, max-video-preview:-1\" \/>\n<link rel=\"canonical\" href=\"https:\/\/www.reseau-entreprendre.org\/nord\/ils-nous-soutiennent\/\" \/>\n<meta property=\"og:locale\" content=\"fr_FR\" \/>\n<meta property=\"og:type\" content=\"article\" \/>\n<meta property=\"og:title\" content=\"R\u00e9seau Entreprendre Nord - Ils nous soutiennent\" \/>\n<meta property=\"og:description\" content=\"Merci \u00e0 notre r\u00e9seau pour son soutien !! R\u00e9seau Entreprendre\u00ae\" \/>\n<meta property=\"og:url\" content=\"https:\/\/www.reseau-entreprendre.org\/nord\/ils-nous-soutiennent\/\" \/>\n<meta property=\"og:site_name\" content=\"R\u00e9seau Entreprendre Nord\" \/>\n<meta property=\"article:modified_time\" content=\"2022-05-16T08:02:59+00:00\" \/>\n<meta name=\"twitter:card\" content=\"summary_large_image\" \/>\n<meta name=\"twitter:label1\" content=\"Dur\u00e9e de lecture estim\u00e9e\" \/>\n\t<meta name=\"twitter:data1\" content=\"1 minute\" \/>\n<script type=\"application\/ld+json\" class=\"yoast-schema-graph\">{\"@context\":\"https:\\\/\\\/schema.org\",\"@graph\":[{\"@type\":\"WebPage\",\"@id\":\"https:\\\/\\\/www.reseau-entreprendre.org\\\/nord\\\/ils-nous-soutiennent\\\/\",\"url\":\"https:\\\/\\\/www.reseau-entreprendre.org\\\/nord\\\/ils-nous-soutiennent\\\/\",\"name\":\"R\u00e9seau Entreprendre Nord - Ils nous soutiennent\",\"isPartOf\":{\"@id\":\"https:\\\/\\\/www.reseau-entreprendre.org\\\/nord\\\/#website\"},\"datePublished\":\"2022-03-11T14:00:05+00:00\",\"dateModified\":\"2022-05-16T08:02:59+00:00\",\"breadcrumb\":{\"@id\":\"https:\\\/\\\/www.reseau-entreprendre.org\\\/nord\\\/ils-nous-soutiennent\\\/#breadcrumb\"},\"inLanguage\":\"fr-FR\",\"potentialAction\":[{\"@type\":\"ReadAction\",\"target\":[\"https:\\\/\\\/www.reseau-entreprendre.org\\\/nord\\\/ils-nous-soutiennent\\\/\"]}]},{\"@type\":\"BreadcrumbList\",\"@id\":\"https:\\\/\\\/www.reseau-entreprendre.org\\\/nord\\\/ils-nous-soutiennent\\\/#breadcrumb\",\"itemListElement\":[{\"@type\":\"ListItem\",\"position\":1,\"name\":\"Accueil\",\"item\":\"https:\\\/\\\/www.reseau-entreprendre.org\\\/nord\\\/\"},{\"@type\":\"ListItem\",\"position\":2,\"name\":\"Ils nous soutiennent\"}]},{\"@type\":\"WebSite\",\"@id\":\"https:\\\/\\\/www.reseau-entreprendre.org\\\/nord\\\/#website\",\"url\":\"https:\\\/\\\/www.reseau-entreprendre.org\\\/nord\\\/\",\"name\":\"R\u00e9seau Entreprendre Nord\",\"description\":\"1er R\u00e9seau d&#039;accompagnement \u00e0 la cr\u00e9ation d&#039;entreprises en France !\",\"publisher\":{\"@id\":\"https:\\\/\\\/www.reseau-entreprendre.org\\\/nord\\\/#organization\"},\"potentialAction\":[{\"@type\":\"SearchAction\",\"target\":{\"@type\":\"EntryPoint\",\"urlTemplate\":\"https:\\\/\\\/www.reseau-entreprendre.org\\\/nord\\\/?s={search_term_string}\"},\"query-input\":{\"@type\":\"PropertyValueSpecification\",\"valueRequired\":true,\"valueName\":\"search_term_string\"}}],\"inLanguage\":\"fr-FR\"},{\"@type\":\"Organization\",\"@id\":\"https:\\\/\\\/www.reseau-entreprendre.org\\\/nord\\\/#organization\",\"name\":\"R\u00e9seau Entreprendre Nord\",\"url\":\"https:\\\/\\\/www.reseau-entreprendre.org\\\/nord\\\/\",\"logo\":{\"@type\":\"ImageObject\",\"inLanguage\":\"fr-FR\",\"@id\":\"https:\\\/\\\/www.reseau-entreprendre.org\\\/nord\\\/#\\\/schema\\\/logo\\\/image\\\/\",\"url\":\"https:\\\/\\\/www.reseau-entreprendre.org\\\/nord\\\/wp-content\\\/uploads\\\/sites\\\/40\\\/2022\\\/03\\\/Logo-couleur-horizontal-edited.png\",\"contentUrl\":\"https:\\\/\\\/www.reseau-entreprendre.org\\\/nord\\\/wp-content\\\/uploads\\\/sites\\\/40\\\/2022\\\/03\\\/Logo-couleur-horizontal-edited.png\",\"width\":1592,\"height\":739,\"caption\":\"R\u00e9seau Entreprendre Nord\"},\"image\":{\"@id\":\"https:\\\/\\\/www.reseau-entreprendre.org\\\/nord\\\/#\\\/schema\\\/logo\\\/image\\\/\"}}]}<\/script>\n<!-- \/ Yoast SEO plugin. -->","yoast_head_json":{"title":"R\u00e9seau Entreprendre Nord - Ils nous soutiennent","robots":{"index":"index","follow":"follow","max-snippet":"max-snippet:-1","max-image-preview":"max-image-preview:large","max-video-preview":"max-video-preview:-1"},"canonical":"https:\/\/www.reseau-entreprendre.org\/nord\/ils-nous-soutiennent\/","og_locale":"fr_FR","og_type":"article","og_title":"R\u00e9seau Entreprendre Nord - Ils nous soutiennent","og_description":"Merci \u00e0 notre r\u00e9seau pour son soutien !! R\u00e9seau Entreprendre\u00ae","og_url":"https:\/\/www.reseau-entreprendre.org\/nord\/ils-nous-soutiennent\/","og_site_name":"R\u00e9seau Entreprendre Nord","article_modified_time":"2022-05-16T08:02:59+00:00","twitter_card":"summary_large_image","twitter_misc":{"Dur\u00e9e de lecture estim\u00e9e":"1 minute"},"schema":{"@context":"https:\/\/schema.org","@graph":[{"@type":"WebPage","@id":"https:\/\/www.reseau-entreprendre.org\/nord\/ils-nous-soutiennent\/","url":"https:\/\/www.reseau-entreprendre.org\/nord\/ils-nous-soutiennent\/","name":"R\u00e9seau Entreprendre Nord - Ils nous soutiennent","isPartOf":{"@id":"https:\/\/www.reseau-entreprendre.org\/nord\/#website"},"datePublished":"2022-03-11T14:00:05+00:00","dateModified":"2022-05-16T08:02:59+00:00","breadcrumb":{"@id":"https:\/\/www.reseau-entreprendre.org\/nord\/ils-nous-soutiennent\/#breadcrumb"},"inLanguage":"fr-FR","potentialAction":[{"@type":"ReadAction","target":["https:\/\/www.reseau-entreprendre.org\/nord\/ils-nous-soutiennent\/"]}]},{"@type":"BreadcrumbList","@id":"https:\/\/www.reseau-entreprendre.org\/nord\/ils-nous-soutiennent\/#breadcrumb","itemListElement":[{"@type":"ListItem","position":1,"name":"Accueil","item":"https:\/\/www.reseau-entreprendre.org\/nord\/"},{"@type":"ListItem","position":2,"name":"Ils nous soutiennent"}]},{"@type":"WebSite","@id":"https:\/\/www.reseau-entreprendre.org\/nord\/#website","url":"https:\/\/www.reseau-entreprendre.org\/nord\/","name":"R\u00e9seau Entreprendre Nord","description":"1er R\u00e9seau d&#039;accompagnement \u00e0 la cr\u00e9ation d&#039;entreprises en France !","publisher":{"@id":"https:\/\/www.reseau-entreprendre.org\/nord\/#organization"},"potentialAction":[{"@type":"SearchAction","target":{"@type":"EntryPoint","urlTemplate":"https:\/\/www.reseau-entreprendre.org\/nord\/?s={search_term_string}"},"query-input":{"@type":"PropertyValueSpecification","valueRequired":true,"valueName":"search_term_string"}}],"inLanguage":"fr-FR"},{"@type":"Organization","@id":"https:\/\/www.reseau-entreprendre.org\/nord\/#organization","name":"R\u00e9seau Entreprendre Nord","url":"https:\/\/www.reseau-entreprendre.org\/nord\/","logo":{"@type":"ImageObject","inLanguage":"fr-FR","@id":"https:\/\/www.reseau-entreprendre.org\/nord\/#\/schema\/logo\/image\/","url":"https:\/\/www.reseau-entreprendre.org\/nord\/wp-content\/uploads\/sites\/40\/2022\/03\/Logo-couleur-horizontal-edited.png","contentUrl":"https:\/\/www.reseau-entreprendre.org\/nord\/wp-content\/uploads\/sites\/40\/2022\/03\/Logo-couleur-horizontal-edited.png","width":1592,"height":739,"caption":"R\u00e9seau Entreprendre Nord"},"image":{"@id":"https:\/\/www.reseau-entreprendre.org\/nord\/#\/schema\/logo\/image\/"}}]}},"_links":{"self":[{"href":"https:\/\/www.reseau-entreprendre.org\/nord\/wp-json\/wp\/v2\/pages\/7588","targetHints":{"allow":["GET"]}}],"collection":[{"href":"https:\/\/www.reseau-entreprendre.org\/nord\/wp-json\/wp\/v2\/pages"}],"about":[{"href":"https:\/\/www.reseau-entreprendre.org\/nord\/wp-json\/wp\/v2\/types\/page"}],"author":[{"embeddable":true,"href":"https:\/\/www.reseau-entreprendre.org\/nord\/wp-json\/wp\/v2\/users\/78"}],"replies":[{"embeddable":true,"href":"https:\/\/www.reseau-entreprendre.org\/nord\/wp-json\/wp\/v2\/comments?post=7588"}],"version-history":[{"count":0,"href":"https:\/\/www.reseau-entreprendre.org\/nord\/wp-json\/wp\/v2\/pages\/7588\/revisions"}],"wp:attachment":[{"href":"https:\/\/www.reseau-entreprendre.org\/nord\/wp-json\/wp\/v2\/media?parent=7588"}],"curies":[{"name":"wp","href":"https:\/\/api.w.org\/{rel}","templated":true}]}}