{"id":13,"date":"2017-04-28T12:33:34","date_gmt":"2017-04-28T10:33:34","guid":{"rendered":"https:\/\/www.reseau-entreprendre.org\/seine-estuaire\/?page_id=13"},"modified":"2021-09-17T12:26:44","modified_gmt":"2021-09-17T10:26:44","slug":"entreprendre","status":"publish","type":"page","link":"https:\/\/www.reseau-entreprendre.org\/normandie-estuaire\/entreprendre\/","title":{"rendered":"Entreprendre"},"content":{"rendered":"\n<blockquote><h2>Entreprendre<\/h2><\/blockquote>\n\n\n\n<h3 class=\"wp-block-heading\"><strong>DES CHEFS D&#8217;ENTREPRISES B\u00c9N\u00c9VOLES ET ENGAG<span class=\"st\">\u00c9<\/span>S POUR VOTRE R\u00c9USSITE :<br><\/strong><\/h3>\n\n\n\n<h4 class=\"wp-block-heading\"><strong>&nbsp;<\/strong><\/h4>\n\n\n\n<div class=\"wp-block-image\"><figure class=\"aligncenter\"><img loading=\"lazy\" decoding=\"async\" width=\"571\" height=\"727\" src=\"https:\/\/www.reseau-entreprendre.org\/seine-estuaire\/wp-content\/uploads\/sites\/55\/2017\/04\/hj.jpg\" alt=\"\" class=\"wp-image-928\" srcset=\"https:\/\/www.reseau-entreprendre.org\/normandie-estuaire\/wp-content\/uploads\/sites\/55\/2017\/04\/hj.jpg 571w, https:\/\/www.reseau-entreprendre.org\/normandie-estuaire\/wp-content\/uploads\/sites\/55\/2017\/04\/hj-236x300.jpg 236w\" sizes=\"auto, (max-width: 571px) 100vw, 571px\" \/><\/figure><\/div>\n\n\n\n<h3 class=\"wp-block-heading\"><strong>\u00caTRE ACCOMPAGN<\/strong><strong><span class=\"st\">\u00c9&nbsp;\u00c0 TOUS LES STADES DE <\/span><\/strong><strong><span class=\"st\">D\u00c9VELOPPEMENT DE VOTRE ENTREPRISE :<br><\/span><\/strong><\/h3>\n\n\n\n<div class=\"wp-block-image\"><figure class=\"aligncenter\"><img loading=\"lazy\" decoding=\"async\" width=\"863\" height=\"840\" src=\"https:\/\/www.reseau-entreprendre.org\/seine-estuaire\/wp-content\/uploads\/sites\/55\/2017\/04\/parcours.png\" alt=\"\" class=\"wp-image-929\" srcset=\"https:\/\/www.reseau-entreprendre.org\/normandie-estuaire\/wp-content\/uploads\/sites\/55\/2017\/04\/parcours.png 863w, https:\/\/www.reseau-entreprendre.org\/normandie-estuaire\/wp-content\/uploads\/sites\/55\/2017\/04\/parcours-300x292.png 300w, https:\/\/www.reseau-entreprendre.org\/normandie-estuaire\/wp-content\/uploads\/sites\/55\/2017\/04\/parcours-768x748.png 768w\" sizes=\"auto, (max-width: 863px) 100vw, 863px\" \/><\/figure><\/div>\n\n\n\n<div class=\"wp-block-image\"><figure class=\"aligncenter\"><img loading=\"lazy\" decoding=\"async\" width=\"1024\" height=\"223\" src=\"https:\/\/www.reseau-entreprendre.org\/seine-estuaire\/wp-content\/uploads\/sites\/55\/2017\/04\/Site-internet_Fondamentaux-1024x223-1024x223.jpg\" alt=\"\" class=\"wp-image-939\" srcset=\"https:\/\/www.reseau-entreprendre.org\/normandie-estuaire\/wp-content\/uploads\/sites\/55\/2017\/04\/Site-internet_Fondamentaux-1024x223.jpg 1024w, https:\/\/www.reseau-entreprendre.org\/normandie-estuaire\/wp-content\/uploads\/sites\/55\/2017\/04\/Site-internet_Fondamentaux-1024x223-300x65.jpg 300w, https:\/\/www.reseau-entreprendre.org\/normandie-estuaire\/wp-content\/uploads\/sites\/55\/2017\/04\/Site-internet_Fondamentaux-1024x223-768x167.jpg 768w\" sizes=\"auto, (max-width: 1024px) 100vw, 1024px\" \/><\/figure><\/div>\n\n\n\n<hr class=\"wp-block-separator\"\/>\n\n\n\n<h1 class=\"wp-block-heading\"><strong><span style=\"color: #d70635;\">CR\u00c9ER \u2013 REPRENDRE :<\/span> <\/strong><\/h1>\n\n\n\n<h2 class=\"wp-block-heading\"><span style=\"color: #000000;\"><strong>Vous pr\u00e9parez votre projet de cr\u00e9ation\/reprise d\u2019entreprise<\/strong><\/span><\/h2>\n\n\n\n<div class=\"wp-block-image\"><figure class=\"alignleft\"><img loading=\"lazy\" decoding=\"async\" width=\"300\" height=\"128\" src=\"https:\/\/www.reseau-entreprendre.org\/seine-estuaire\/wp-content\/uploads\/sites\/55\/2017\/04\/1.png\" alt=\"\" class=\"wp-image-538\"\/><\/figure><\/div>\n\n\n\n<h3 class=\"wp-block-heading\">&nbsp;<\/h3>\n\n\n\n<h4 class=\"wp-block-heading\"><strong>Programme START :<br><\/strong><\/h4>\n\n\n\n<p><span style=\"color: #000000;\">Pour r\u00e9v\u00e9ler et renforcer vos talents de chef d\u2019entreprise.<\/span><\/p>\n\n\n\n<ul class=\"wp-block-list\"><li><span style=\"color: #000000;\"><strong>Accompagnement individuel<\/strong> par un chef d\u2019entreprise, chaque mois pendant 24 \u00e0 36 mois<\/span><\/li><li><span style=\"color: #000000;\"><strong>Accompagnement collectif :<\/strong> club de laur\u00e9ats<\/span><\/li><li><span style=\"color: #000000;\"><strong>Pr\u00eat d\u2019honneur :<\/strong> de 15 \u00e0 50 K\u20ac, sans int\u00e9r\u00eat et sans garantie<\/span><\/li><\/ul>\n\n\n\n<p><a href=\"https:\/\/www.reseau-entreprendre.org\/seine-estuaire\/2017\/05\/25\/programme-start\/\"><span style=\"color: #d70635;\">&gt; Offre d\u00e9taill\u00e9e et crit\u00e8res de s\u00e9lection<\/span><\/a><\/p>\n\n\n\n<div class=\"wp-block-image\"><figure class=\"aligncenter\"><img loading=\"lazy\" decoding=\"async\" width=\"1024\" height=\"401\" src=\"https:\/\/www.reseau-entreprendre.org\/seine-estuaire\/wp-content\/uploads\/sites\/55\/2019\/03\/1-2-1024x401.png\" alt=\"\" class=\"wp-image-1659\" srcset=\"https:\/\/www.reseau-entreprendre.org\/normandie-estuaire\/wp-content\/uploads\/sites\/55\/2019\/03\/1-2-1024x401.png 1024w, https:\/\/www.reseau-entreprendre.org\/normandie-estuaire\/wp-content\/uploads\/sites\/55\/2019\/03\/1-2-300x118.png 300w, https:\/\/www.reseau-entreprendre.org\/normandie-estuaire\/wp-content\/uploads\/sites\/55\/2019\/03\/1-2-768x301.png 768w, https:\/\/www.reseau-entreprendre.org\/normandie-estuaire\/wp-content\/uploads\/sites\/55\/2019\/03\/1-2.png 1202w\" sizes=\"auto, (max-width: 1024px) 100vw, 1024px\" \/><\/figure><\/div>\n\n\n\n<hr class=\"wp-block-separator\"\/>\n\n\n\n<h1 class=\"wp-block-heading\"><strong><span style=\"color: #d70635;\">AIDE AU D\u00c9VELOPPEMENT :<\/span> <\/strong><\/h1>\n\n\n\n<h2 class=\"wp-block-heading\"><span style=\"color: #000000;\"><strong>Vous souhaitez passer un cap de d\u00e9veloppement significatif pour votre entreprise<\/strong><\/span><\/h2>\n\n\n\n<div class=\"wp-block-image\"><figure class=\"alignleft\"><img decoding=\"async\" src=\"https:\/\/www.reseau-entreprendre.org\/seine-estuaire\/wp-content\/uploads\/sites\/55\/2017\/04\/2.png\" alt=\"\" class=\"wp-image-539\"\/><\/figure><\/div>\n\n\n\n<h3 class=\"wp-block-heading\">&nbsp;<\/h3>\n\n\n\n<h4 class=\"wp-block-heading\"><strong>Programme BOOSTER<\/strong><\/h4>\n\n\n\n<p><span style=\"color: #000000;\">Pour concr\u00e9tiser et r\u00e9ussir un projet de d\u00e9veloppement structurant.<\/span><\/p>\n\n\n\n<ul class=\"wp-block-list\"><li><span style=\"color: #000000;\"><strong>Accompagnement coll\u00e9gial et individuel, en mode projet, <\/strong>par 2 \u00e0 3 chefs d\u2019entreprise, bimestriel et\/ou mensuel pendant 18 \u00e0 24 mois<\/span><\/li><li><span style=\"color: #000000;\"><strong>Pr\u00eat d\u2019honneur :<\/strong> de 30 \u00e0 90 K\u20ac, sans int\u00e9r\u00eat et sans garantie<\/span><\/li><\/ul>\n\n\n\n<p><span style=\"color: #d70635;\"><a href=\"https:\/\/www.reseau-entreprendre.org\/seine-estuaire\/2017\/05\/25\/programme-booster\/\"><span style=\"color: #d70635;\">&gt;<\/span> <\/a><\/span><a href=\"https:\/\/www.reseau-entreprendre.org\/seine-estuaire\/2017\/05\/25\/programme-booster\/\"><span style=\"color: #d70635;\">Offre d\u00e9taill\u00e9e et crit\u00e8res de s\u00e9lection<\/span><\/a><\/p>\n\n\n\n<div class=\"wp-block-image\"><figure class=\"aligncenter\"><img loading=\"lazy\" decoding=\"async\" width=\"1024\" height=\"378\" src=\"https:\/\/www.reseau-entreprendre.org\/seine-estuaire\/wp-content\/uploads\/sites\/55\/2019\/03\/2-1024x378.png\" alt=\"\" class=\"wp-image-1661\" srcset=\"https:\/\/www.reseau-entreprendre.org\/normandie-estuaire\/wp-content\/uploads\/sites\/55\/2019\/03\/2-1024x378.png 1024w, https:\/\/www.reseau-entreprendre.org\/normandie-estuaire\/wp-content\/uploads\/sites\/55\/2019\/03\/2-300x111.png 300w, https:\/\/www.reseau-entreprendre.org\/normandie-estuaire\/wp-content\/uploads\/sites\/55\/2019\/03\/2-768x283.png 768w, https:\/\/www.reseau-entreprendre.org\/normandie-estuaire\/wp-content\/uploads\/sites\/55\/2019\/03\/2.png 1184w\" sizes=\"auto, (max-width: 1024px) 100vw, 1024px\" \/><\/figure><\/div>\n\n\n\n<hr class=\"wp-block-separator\"\/>\n\n\n\n<h1 class=\"wp-block-heading\"><strong><span style=\"color: #d70635;\">CROISSANCE :<\/span> <\/strong><\/h1>\n\n\n\n<h2 class=\"wp-block-heading\"><span style=\"color: #000000;\"><strong>Vous souhaitez changer d\u2019\u00e9chelle et doubler l\u2019activit\u00e9 de votre entreprise<\/strong><\/span><\/h2>\n\n\n\n<h5 class=\"wp-block-heading\"><strong><img loading=\"lazy\" decoding=\"async\" class=\"size-full wp-image-540 alignleft\" src=\"https:\/\/www.reseau-entreprendre.org\/seine-estuaire\/wp-content\/uploads\/sites\/55\/2017\/04\/3.png\" alt=\"\" width=\"300\" height=\"128\"><\/strong><\/h5>\n\n\n\n<h3 class=\"wp-block-heading\">&nbsp;<\/h3>\n\n\n\n<h4 class=\"wp-block-heading\">&nbsp;<\/h4>\n\n\n\n<h4 class=\"wp-block-heading\"><strong>Programme AMBITION<\/strong><\/h4>\n\n\n\n<p class=\"has-text-align-left\"><span style=\"color: #000000;\">Pour accompagner la croissance de votre entreprise.<\/span><\/p>\n\n\n\n<ul class=\"wp-block-list\"><li><span style=\"color: #000000;\"><strong>Accompagnement coll\u00e9gial, <\/strong>par 2 \u00e0 4 chefs d\u2019entreprise de croissance<\/span><\/li><li><span style=\"color: #000000;\"><strong>Accompagnement collectif :<\/strong> club de laur\u00e9ats AMBITION<\/span><\/li><li><span style=\"color: #000000;\"><strong>Pr\u00eat Bpifrance \u00e0 l\u2019entreprise :<\/strong> de 100 \u00e0 300 K\u20ac, au taux en vigueur et sans garantie<\/span><\/li><\/ul>\n\n\n\n<p><span style=\"color: #d70635;\"><a href=\"https:\/\/www.reseau-entreprendre.org\/seine-estuaire\/2017\/05\/25\/programme-ambition\/\"><span style=\"color: #d70635;\">&gt;<\/span> <span style=\"color: #d70635;\">Offre d\u00e9taill\u00e9e et crit\u00e8res de s\u00e9lection<\/span><\/a><\/span><\/p>\n\n\n\n<h4 class=\"wp-block-heading\">&nbsp;<\/h4>\n\n\n\n<div class=\"wp-block-image\"><figure class=\"aligncenter\"><img loading=\"lazy\" decoding=\"async\" width=\"1024\" height=\"405\" src=\"https:\/\/www.reseau-entreprendre.org\/seine-estuaire\/wp-content\/uploads\/sites\/55\/2019\/03\/3-1024x405.png\" alt=\"\" class=\"wp-image-1662\" srcset=\"https:\/\/www.reseau-entreprendre.org\/normandie-estuaire\/wp-content\/uploads\/sites\/55\/2019\/03\/3-1024x405.png 1024w, https:\/\/www.reseau-entreprendre.org\/normandie-estuaire\/wp-content\/uploads\/sites\/55\/2019\/03\/3-300x119.png 300w, https:\/\/www.reseau-entreprendre.org\/normandie-estuaire\/wp-content\/uploads\/sites\/55\/2019\/03\/3-768x304.png 768w, https:\/\/www.reseau-entreprendre.org\/normandie-estuaire\/wp-content\/uploads\/sites\/55\/2019\/03\/3.png 1158w\" sizes=\"auto, (max-width: 1024px) 100vw, 1024px\" \/><\/figure><\/div>\n\n\n\n<hr class=\"wp-block-separator\"\/>\n\n\n\n<h1 class=\"wp-block-heading\"><strong><span style=\"color: #d70635;\">RED\u00c9FINIR SON MARCH\u00c9 :<\/span> <\/strong><\/h1>\n\n\n\n<h2 class=\"wp-block-heading\"><strong><span style=\"color: #000000;\">Vous souhaitez impulser le rebond d&#8217;un march\u00e9 d\u00e9croissant<\/span><br><\/strong><\/h2>\n\n\n\n<div class=\"wp-block-image\"><figure class=\"alignleft\"><img loading=\"lazy\" decoding=\"async\" width=\"616\" height=\"210\" src=\"https:\/\/www.reseau-entreprendre.org\/normandie-estuaire\/wp-content\/uploads\/sites\/55\/2020\/09\/Re-START-by-RENE-e1599732369925.jpg\" alt=\"\" class=\"wp-image-2080\" srcset=\"https:\/\/www.reseau-entreprendre.org\/normandie-estuaire\/wp-content\/uploads\/sites\/55\/2020\/09\/Re-START-by-RENE-e1599732369925.jpg 616w, https:\/\/www.reseau-entreprendre.org\/normandie-estuaire\/wp-content\/uploads\/sites\/55\/2020\/09\/Re-START-by-RENE-e1599732369925-300x102.jpg 300w\" sizes=\"auto, (max-width: 616px) 100vw, 616px\" \/><\/figure><\/div>\n\n\n\n<p class=\"has-text-align-left\"><\/p>\n\n\n\n<h4 class=\"wp-block-heading\">&nbsp;<\/h4>\n\n\n\n<h4 class=\"wp-block-heading\">&nbsp;<\/h4>\n\n\n\n<h4 class=\"wp-block-heading\">&nbsp;<\/h4>\n\n\n\n<h4 class=\"wp-block-heading\"><span style=\"color: #000000;\"><strong>&nbsp;<\/strong><\/span><\/h4>\n\n\n\n<h4 class=\"wp-block-heading\"><strong>Programme Re-START &#8211; <em>Nouveaut\u00e9 2020<\/em><br><\/strong><\/h4>\n\n\n\n<p><span style=\"color: #000000;\">Nouvelles strat\u00e9gies pour red\u00e9finir son march\u00e9.<\/span><\/p>\n\n\n\n<ul class=\"wp-block-list\"><li><span style=\"color: #000000;\"><strong>Travailler sur le business model<\/strong> : conqu\u00eate de nouveaux march\u00e9s, anticiper une diversification, conqu\u00eate d\u2019une nouvelle client\u00e8le \u2026.<\/span><\/li><li><span style=\"color: #000000;\"><strong>\u00catre accompagn\u00e9 et challeng\u00e9 dans la dur\u00e9e<\/strong>, en mode projet, par des membres chefs d\u2019entreprise b\u00e9n\u00e9voles et exp\u00e9riment\u00e9s.<\/span><\/li><li><span style=\"color: #000000;\"><strong>Rompre l\u2019isolement avec une mise en r\u00e9seau<\/strong>.<\/span><\/li><\/ul>\n\n\n\n<p><a href=\"https:\/\/www.reseau-entreprendre.org\/normandie-estuaire\/2020\/09\/10\/lancement-du-parcours-re-start\/\"><span style=\"color: #d70635;\">&gt; Offre d\u00e9taill\u00e9e et crit\u00e8res de s\u00e9lection<\/span><\/a><\/p>\n\n\n\n<hr class=\"wp-block-separator\"\/>\n","protected":false},"excerpt":{"rendered":"<p>Entreprendre DES CHEFS D&#8217;ENTREPRISES B\u00c9N\u00c9VOLES ET ENGAG\u00c9S POUR VOTRE R\u00c9USSITE<\/p>\n","protected":false},"author":56,"featured_media":1470,"parent":0,"menu_order":0,"comment_status":"closed","ping_status":"closed","template":"","meta":{"_acf_changed":false,"_monsterinsights_skip_tracking":false,"_monsterinsights_sitenote_active":false,"_monsterinsights_sitenote_note":"","_monsterinsights_sitenote_category":0,"footnotes":""},"class_list":["post-13","page","type-page","status-publish","has-post-thumbnail","hentry"],"acf":[],"yoast_head":"<!-- This site is optimized with the Yoast SEO plugin v27.4 - https:\/\/yoast.com\/product\/yoast-seo-wordpress\/ -->\n<title>Entreprendre | R\u00e9seau Entreprendre Normandie Estuaire<\/title>\n<meta name=\"description\" content=\"Vous avez un projet de cr\u00e9ation d&#039;entreprise ? R\u00e9seau Entreprendre Normandie Estuaire vous accompagne gratuitement et dans la dur\u00e9e\" \/>\n<meta name=\"robots\" content=\"index, follow, max-snippet:-1, max-image-preview:large, max-video-preview:-1\" \/>\n<link rel=\"canonical\" href=\"https:\/\/www.reseau-entreprendre.org\/normandie-estuaire\/entreprendre\/\" \/>\n<meta property=\"og:locale\" content=\"fr_FR\" \/>\n<meta property=\"og:type\" content=\"article\" \/>\n<meta property=\"og:title\" content=\"Entreprendre\" \/>\n<meta property=\"og:description\" content=\"Vous \u00eates cr\u00e9ateur, repreneur ou d\u00e9veloppeur d\u2019une TPE\/PME sur le territoire du Havre, F\u00e9camp, Bolbec, Lillebonne et Pont-Audemer ? Vous avez pour objectif de cr\u00e9er de l&#039;emploi ? B\u00e9n\u00e9ficiez d\u2019un accompagnement humain et financier pour vous aider \u00e0 p\u00e9renniser votre projet.\" \/>\n<meta property=\"og:url\" content=\"https:\/\/www.reseau-entreprendre.org\/normandie-estuaire\/entreprendre\/\" \/>\n<meta property=\"og:site_name\" content=\"R\u00e9seau Entreprendre Normandie Estuaire\" \/>\n<meta property=\"article:modified_time\" content=\"2021-09-17T10:26:44+00:00\" \/>\n<meta property=\"og:image\" content=\"https:\/\/www.reseau-entreprendre.org\/normandie-estuaire\/wp-content\/uploads\/sites\/55\/2018\/09\/ok.jpg\" \/>\n\t<meta property=\"og:image:width\" content=\"549\" \/>\n\t<meta property=\"og:image:height\" content=\"415\" \/>\n\t<meta property=\"og:image:type\" content=\"image\/jpeg\" \/>\n<meta name=\"twitter:card\" content=\"summary_large_image\" \/>\n<meta name=\"twitter:label1\" content=\"Dur\u00e9e de lecture estim\u00e9e\" \/>\n\t<meta name=\"twitter:data1\" content=\"4 minutes\" \/>\n<script type=\"application\/ld+json\" class=\"yoast-schema-graph\">{\"@context\":\"https:\\\/\\\/schema.org\",\"@graph\":[{\"@type\":\"WebPage\",\"@id\":\"https:\\\/\\\/www.reseau-entreprendre.org\\\/normandie-estuaire\\\/entreprendre\\\/\",\"url\":\"https:\\\/\\\/www.reseau-entreprendre.org\\\/normandie-estuaire\\\/entreprendre\\\/\",\"name\":\"Entreprendre | R\u00e9seau Entreprendre Normandie Estuaire\",\"isPartOf\":{\"@id\":\"https:\\\/\\\/www.reseau-entreprendre.org\\\/normandie-estuaire\\\/#website\"},\"primaryImageOfPage\":{\"@id\":\"https:\\\/\\\/www.reseau-entreprendre.org\\\/normandie-estuaire\\\/entreprendre\\\/#primaryimage\"},\"image\":{\"@id\":\"https:\\\/\\\/www.reseau-entreprendre.org\\\/normandie-estuaire\\\/entreprendre\\\/#primaryimage\"},\"thumbnailUrl\":\"https:\\\/\\\/www.reseau-entreprendre.org\\\/normandie-estuaire\\\/wp-content\\\/uploads\\\/sites\\\/55\\\/2018\\\/09\\\/Devenir-laur\u00e9at.jpg\",\"datePublished\":\"2017-04-28T10:33:34+00:00\",\"dateModified\":\"2021-09-17T10:26:44+00:00\",\"description\":\"Vous avez un projet de cr\u00e9ation d'entreprise ? R\u00e9seau Entreprendre Normandie Estuaire vous accompagne gratuitement et dans la dur\u00e9e\",\"breadcrumb\":{\"@id\":\"https:\\\/\\\/www.reseau-entreprendre.org\\\/normandie-estuaire\\\/entreprendre\\\/#breadcrumb\"},\"inLanguage\":\"fr-FR\",\"potentialAction\":[{\"@type\":\"ReadAction\",\"target\":[\"https:\\\/\\\/www.reseau-entreprendre.org\\\/normandie-estuaire\\\/entreprendre\\\/\"]}]},{\"@type\":\"ImageObject\",\"inLanguage\":\"fr-FR\",\"@id\":\"https:\\\/\\\/www.reseau-entreprendre.org\\\/normandie-estuaire\\\/entreprendre\\\/#primaryimage\",\"url\":\"https:\\\/\\\/www.reseau-entreprendre.org\\\/normandie-estuaire\\\/wp-content\\\/uploads\\\/sites\\\/55\\\/2018\\\/09\\\/Devenir-laur\u00e9at.jpg\",\"contentUrl\":\"https:\\\/\\\/www.reseau-entreprendre.org\\\/normandie-estuaire\\\/wp-content\\\/uploads\\\/sites\\\/55\\\/2018\\\/09\\\/Devenir-laur\u00e9at.jpg\",\"width\":820,\"height\":617},{\"@type\":\"BreadcrumbList\",\"@id\":\"https:\\\/\\\/www.reseau-entreprendre.org\\\/normandie-estuaire\\\/entreprendre\\\/#breadcrumb\",\"itemListElement\":[{\"@type\":\"ListItem\",\"position\":1,\"name\":\"Accueil\",\"item\":\"https:\\\/\\\/www.reseau-entreprendre.org\\\/normandie-estuaire\\\/\"},{\"@type\":\"ListItem\",\"position\":2,\"name\":\"Entreprendre\"}]},{\"@type\":\"WebSite\",\"@id\":\"https:\\\/\\\/www.reseau-entreprendre.org\\\/normandie-estuaire\\\/#website\",\"url\":\"https:\\\/\\\/www.reseau-entreprendre.org\\\/normandie-estuaire\\\/\",\"name\":\"R\u00e9seau Entreprendre Normandie Estuaire\",\"description\":\"Un site utilisant Les sites de R\u00e9seau Entreprendre\",\"publisher\":{\"@id\":\"https:\\\/\\\/www.reseau-entreprendre.org\\\/normandie-estuaire\\\/#organization\"},\"potentialAction\":[{\"@type\":\"SearchAction\",\"target\":{\"@type\":\"EntryPoint\",\"urlTemplate\":\"https:\\\/\\\/www.reseau-entreprendre.org\\\/normandie-estuaire\\\/?s={search_term_string}\"},\"query-input\":{\"@type\":\"PropertyValueSpecification\",\"valueRequired\":true,\"valueName\":\"search_term_string\"}}],\"inLanguage\":\"fr-FR\"},{\"@type\":\"Organization\",\"@id\":\"https:\\\/\\\/www.reseau-entreprendre.org\\\/normandie-estuaire\\\/#organization\",\"name\":\"R\u00e9seau Entreprendre Normandie Estuaire\",\"url\":\"https:\\\/\\\/www.reseau-entreprendre.org\\\/normandie-estuaire\\\/\",\"logo\":{\"@type\":\"ImageObject\",\"inLanguage\":\"fr-FR\",\"@id\":\"https:\\\/\\\/www.reseau-entreprendre.org\\\/normandie-estuaire\\\/#\\\/schema\\\/logo\\\/image\\\/\",\"url\":\"https:\\\/\\\/www.reseau-entreprendre.org\\\/normandie-estuaire\\\/wp-content\\\/uploads\\\/sites\\\/55\\\/2017\\\/11\\\/LOGO-RESE-COULEUR.png\",\"contentUrl\":\"https:\\\/\\\/www.reseau-entreprendre.org\\\/normandie-estuaire\\\/wp-content\\\/uploads\\\/sites\\\/55\\\/2017\\\/11\\\/LOGO-RESE-COULEUR.png\",\"width\":1280,\"height\":333,\"caption\":\"R\u00e9seau Entreprendre Normandie Estuaire\"},\"image\":{\"@id\":\"https:\\\/\\\/www.reseau-entreprendre.org\\\/normandie-estuaire\\\/#\\\/schema\\\/logo\\\/image\\\/\"}}]}<\/script>\n<!-- \/ Yoast SEO plugin. -->","yoast_head_json":{"title":"Entreprendre | R\u00e9seau Entreprendre Normandie Estuaire","description":"Vous avez un projet de cr\u00e9ation d'entreprise ? R\u00e9seau Entreprendre Normandie Estuaire vous accompagne gratuitement et dans la dur\u00e9e","robots":{"index":"index","follow":"follow","max-snippet":"max-snippet:-1","max-image-preview":"max-image-preview:large","max-video-preview":"max-video-preview:-1"},"canonical":"https:\/\/www.reseau-entreprendre.org\/normandie-estuaire\/entreprendre\/","og_locale":"fr_FR","og_type":"article","og_title":"Entreprendre","og_description":"Vous \u00eates cr\u00e9ateur, repreneur ou d\u00e9veloppeur d\u2019une TPE\/PME sur le territoire du Havre, F\u00e9camp, Bolbec, Lillebonne et Pont-Audemer ? Vous avez pour objectif de cr\u00e9er de l'emploi ? B\u00e9n\u00e9ficiez d\u2019un accompagnement humain et financier pour vous aider \u00e0 p\u00e9renniser votre projet.","og_url":"https:\/\/www.reseau-entreprendre.org\/normandie-estuaire\/entreprendre\/","og_site_name":"R\u00e9seau Entreprendre Normandie Estuaire","article_modified_time":"2021-09-17T10:26:44+00:00","og_image":[{"width":549,"height":415,"url":"https:\/\/www.reseau-entreprendre.org\/normandie-estuaire\/wp-content\/uploads\/sites\/55\/2018\/09\/ok.jpg","type":"image\/jpeg"}],"twitter_card":"summary_large_image","twitter_misc":{"Dur\u00e9e de lecture estim\u00e9e":"4 minutes"},"schema":{"@context":"https:\/\/schema.org","@graph":[{"@type":"WebPage","@id":"https:\/\/www.reseau-entreprendre.org\/normandie-estuaire\/entreprendre\/","url":"https:\/\/www.reseau-entreprendre.org\/normandie-estuaire\/entreprendre\/","name":"Entreprendre | R\u00e9seau Entreprendre Normandie Estuaire","isPartOf":{"@id":"https:\/\/www.reseau-entreprendre.org\/normandie-estuaire\/#website"},"primaryImageOfPage":{"@id":"https:\/\/www.reseau-entreprendre.org\/normandie-estuaire\/entreprendre\/#primaryimage"},"image":{"@id":"https:\/\/www.reseau-entreprendre.org\/normandie-estuaire\/entreprendre\/#primaryimage"},"thumbnailUrl":"https:\/\/www.reseau-entreprendre.org\/normandie-estuaire\/wp-content\/uploads\/sites\/55\/2018\/09\/Devenir-laur\u00e9at.jpg","datePublished":"2017-04-28T10:33:34+00:00","dateModified":"2021-09-17T10:26:44+00:00","description":"Vous avez un projet de cr\u00e9ation d'entreprise ? R\u00e9seau Entreprendre Normandie Estuaire vous accompagne gratuitement et dans la dur\u00e9e","breadcrumb":{"@id":"https:\/\/www.reseau-entreprendre.org\/normandie-estuaire\/entreprendre\/#breadcrumb"},"inLanguage":"fr-FR","potentialAction":[{"@type":"ReadAction","target":["https:\/\/www.reseau-entreprendre.org\/normandie-estuaire\/entreprendre\/"]}]},{"@type":"ImageObject","inLanguage":"fr-FR","@id":"https:\/\/www.reseau-entreprendre.org\/normandie-estuaire\/entreprendre\/#primaryimage","url":"https:\/\/www.reseau-entreprendre.org\/normandie-estuaire\/wp-content\/uploads\/sites\/55\/2018\/09\/Devenir-laur\u00e9at.jpg","contentUrl":"https:\/\/www.reseau-entreprendre.org\/normandie-estuaire\/wp-content\/uploads\/sites\/55\/2018\/09\/Devenir-laur\u00e9at.jpg","width":820,"height":617},{"@type":"BreadcrumbList","@id":"https:\/\/www.reseau-entreprendre.org\/normandie-estuaire\/entreprendre\/#breadcrumb","itemListElement":[{"@type":"ListItem","position":1,"name":"Accueil","item":"https:\/\/www.reseau-entreprendre.org\/normandie-estuaire\/"},{"@type":"ListItem","position":2,"name":"Entreprendre"}]},{"@type":"WebSite","@id":"https:\/\/www.reseau-entreprendre.org\/normandie-estuaire\/#website","url":"https:\/\/www.reseau-entreprendre.org\/normandie-estuaire\/","name":"R\u00e9seau Entreprendre Normandie Estuaire","description":"Un site utilisant Les sites de R\u00e9seau Entreprendre","publisher":{"@id":"https:\/\/www.reseau-entreprendre.org\/normandie-estuaire\/#organization"},"potentialAction":[{"@type":"SearchAction","target":{"@type":"EntryPoint","urlTemplate":"https:\/\/www.reseau-entreprendre.org\/normandie-estuaire\/?s={search_term_string}"},"query-input":{"@type":"PropertyValueSpecification","valueRequired":true,"valueName":"search_term_string"}}],"inLanguage":"fr-FR"},{"@type":"Organization","@id":"https:\/\/www.reseau-entreprendre.org\/normandie-estuaire\/#organization","name":"R\u00e9seau Entreprendre Normandie Estuaire","url":"https:\/\/www.reseau-entreprendre.org\/normandie-estuaire\/","logo":{"@type":"ImageObject","inLanguage":"fr-FR","@id":"https:\/\/www.reseau-entreprendre.org\/normandie-estuaire\/#\/schema\/logo\/image\/","url":"https:\/\/www.reseau-entreprendre.org\/normandie-estuaire\/wp-content\/uploads\/sites\/55\/2017\/11\/LOGO-RESE-COULEUR.png","contentUrl":"https:\/\/www.reseau-entreprendre.org\/normandie-estuaire\/wp-content\/uploads\/sites\/55\/2017\/11\/LOGO-RESE-COULEUR.png","width":1280,"height":333,"caption":"R\u00e9seau Entreprendre Normandie Estuaire"},"image":{"@id":"https:\/\/www.reseau-entreprendre.org\/normandie-estuaire\/#\/schema\/logo\/image\/"}}]}},"_links":{"self":[{"href":"https:\/\/www.reseau-entreprendre.org\/normandie-estuaire\/wp-json\/wp\/v2\/pages\/13","targetHints":{"allow":["GET"]}}],"collection":[{"href":"https:\/\/www.reseau-entreprendre.org\/normandie-estuaire\/wp-json\/wp\/v2\/pages"}],"about":[{"href":"https:\/\/www.reseau-entreprendre.org\/normandie-estuaire\/wp-json\/wp\/v2\/types\/page"}],"author":[{"embeddable":true,"href":"https:\/\/www.reseau-entreprendre.org\/normandie-estuaire\/wp-json\/wp\/v2\/users\/56"}],"replies":[{"embeddable":true,"href":"https:\/\/www.reseau-entreprendre.org\/normandie-estuaire\/wp-json\/wp\/v2\/comments?post=13"}],"version-history":[{"count":0,"href":"https:\/\/www.reseau-entreprendre.org\/normandie-estuaire\/wp-json\/wp\/v2\/pages\/13\/revisions"}],"wp:featuredmedia":[{"embeddable":true,"href":"https:\/\/www.reseau-entreprendre.org\/normandie-estuaire\/wp-json\/wp\/v2\/media\/1470"}],"wp:attachment":[{"href":"https:\/\/www.reseau-entreprendre.org\/normandie-estuaire\/wp-json\/wp\/v2\/media?parent=13"}],"curies":[{"name":"wp","href":"https:\/\/api.w.org\/{rel}","templated":true}]}}