{"id":15,"date":"2017-04-28T12:33:47","date_gmt":"2017-04-28T10:33:47","guid":{"rendered":"https:\/\/www.reseau-entreprendre.org\/seine-estuaire\/?page_id=15"},"modified":"2023-01-12T14:03:00","modified_gmt":"2023-01-12T13:03:00","slug":"accompagner","status":"publish","type":"page","link":"https:\/\/www.reseau-entreprendre.org\/normandie-estuaire\/accompagner\/","title":{"rendered":"Accompagner"},"content":{"rendered":"\n<h5 class=\"wp-block-heading\"><span style=\"color: #d70635\">Vous \u00eates chef d\u2019entreprise ou cadre dirigeant&nbsp;? <\/span><\/h5>\n\n\n\n<h5 class=\"wp-block-heading\"><span style=\"color: #d70635\">Vous souhaitez vous impliquer au sein de notre r\u00e9seau\u00a0?<\/span><span style=\"color: #d70635\"><\/span><\/h5>\n\n\n\n<div style=\"height:30px\" aria-hidden=\"true\" class=\"wp-block-spacer\"><\/div>\n\n\n\n<p><span style=\"color: #000000\"><strong>Devenez membre de R\u00e9seau Entreprendre Normandie Estuaire et aidez-nous \u00e0 faire r\u00e9ussir les entrepreneurs qui cr\u00e9eront les emplois de demain !<\/strong><\/span><\/p>\n\n\n\n<h6 class=\"wp-block-heading\"><span style=\"color: #000000\">L&#8217;accompagnement de R\u00e9seau Entreprendre Normandie Estuaire est fond\u00e9 sur la gratuit\u00e9 et l&#8217;entraide entre chefs d&#8217;entreprise.<\/span><\/h6>\n\n\n\n<p><span style=\"color: #000000\"><strong>Le laur\u00e9at b\u00e9n\u00e9ficie d\u2019un accompagnement pendant 2 ans<\/strong> : un accompagnement individuel, via un accompagnateur membre R\u00e9seau Entreprendre Normandie Estuaire, et un accompagnement collectif, via le club des laur\u00e9ats.<\/span><\/p>\n\n\n\n<h6 class=\"wp-block-heading\"><span style=\"color: #000000\"><strong>Il s\u2019engage, en contrepartie, \u00e0 respecter les valeurs et r\u00e8gles d\u2019\u00e9thique en vigueur au sein de l\u2019association, \u00e0 participer de fa\u00e7on r\u00e9guli\u00e8re \u00e0 l\u2019accompagnement et \u00e0 partager son exp\u00e9rience avec les autres laur\u00e9ats.<\/strong><\/span><\/h6>\n\n\n\n<div style=\"height:30px\" aria-hidden=\"true\" class=\"wp-block-spacer\"><\/div>\n\n\n\n<h1 class=\"has-re-red-color has-text-color wp-block-heading\"><strong>Le r\u00f4le de l\u2019Accompagnateur <\/strong><\/h1>\n\n\n\n<div style=\"height:30px\" aria-hidden=\"true\" class=\"wp-block-spacer\"><\/div>\n\n\n\n<p><span style=\"color: #000000\">L\u2019accompagnateur est membre de R\u00e9seau Entreprendre Normandie Estuaire et s\u2019engage dans cette mission pour 2 ans (3 ans dans certains cas). Le laur\u00e9at s\u2019engage \u00e0 profiter du soutien et des conseils de l\u2019accompagnateur par des \u00e9changes et des rencontres r\u00e9guli\u00e8res.<\/span><\/p>\n\n\n\n<p><span style=\"color: #000000\">Pour un accompagnement efficace, le laur\u00e9at et son accompagnateur se rencontrent une fois par mois (2 \u00e0 3 heures).<\/span><\/p>\n\n\n\n<p><span style=\"color: #000000\">L\u2019association s\u2019assure du bon fonctionnement du bin\u00f4me.<\/span><\/p>\n\n\n\n<div style=\"height:30px\" aria-hidden=\"true\" class=\"wp-block-spacer\"><\/div>\n\n\n\n<h1 class=\"has-re-red-color has-text-color wp-block-heading\"><strong>L\u2019implication des membres <\/strong><strong>dans le fonctionnement de l\u2019association<\/strong><\/h1>\n\n\n\n<div style=\"height:30px\" aria-hidden=\"true\" class=\"wp-block-spacer\"><\/div>\n\n\n\n<h4 class=\"has-text-align-center wp-block-heading\"><strong>Le Parcours de Validation<\/strong><\/h4>\n\n\n\n<p class=\"has-text-align-center\"><span style=\"color: #000000\">Rencontre individuelle avec un candidat pour pr\u00e9sentation de son projet et \u00e9valuation.<\/span><\/p>\n\n\n\n<p class=\"has-text-align-center\"><span style=\"color: #000000\">Envoi d\u2019une fiche de synth\u00e8se \u00e0 R\u00e9seau Entreprendre.<\/span><\/p>\n\n\n\n<h4 class=\"has-text-align-center wp-block-heading\">***<\/h4>\n\n\n\n<h4 class=\"has-text-align-center wp-block-heading\"><strong>Le Comit\u00e9 d\u2019Engagement<\/strong><\/h4>\n\n\n\n<p class=\"has-text-align-center\"><span style=\"color: #000000\">Participation \u00e0 un Comit\u00e9 de 5 \u00e0 8 Membres pour d\u00e9cider de l\u2019accompagnement d\u2019un projet.<\/span><\/p>\n\n\n\n<h4 class=\"has-text-align-center wp-block-heading\">***<\/h4>\n\n\n\n<h4 class=\"has-text-align-center wp-block-heading\"><strong>&nbsp;L\u2019Accompagnement d\u2019un Laur\u00e9at<\/strong><\/h4>\n\n\n\n<p class=\"has-text-align-center\"><span style=\"color: #000000\">Accompagnement d\u2019un Laur\u00e9at.<\/span><\/p>\n\n\n\n<p class=\"has-text-align-center\"><span style=\"color: #000000\">Rencontres mensuelles pendant 2 ans.<\/span><\/p>\n\n\n\n<h4 class=\"has-text-align-center wp-block-heading\">***<\/h4>\n\n\n\n<h4 class=\"has-text-align-center wp-block-heading\"><strong>Les Conviviales et les Clubs Laur\u00e9ats<\/strong><\/h4>\n\n\n\n<p class=\"has-text-align-center\"><span style=\"color: #000000\">Moment d\u2019\u00e9changes entre Membres et Laur\u00e9ats, avec apport d\u2019expertise ou visite d\u2019entreprise.<\/span><\/p>\n\n\n\n<div style=\"height:30px\" aria-hidden=\"true\" class=\"wp-block-spacer\"><\/div>\n\n\n<div class=\"wp-block-image wp-image-620\">\n<figure class=\"aligncenter\"><img loading=\"lazy\" decoding=\"async\" width=\"1008\" height=\"375\" src=\"https:\/\/www.reseau-entreprendre.org\/seine-estuaire\/wp-content\/uploads\/sites\/55\/2017\/04\/Laur\u00e9ats-2014.jpg\" alt=\"\" class=\"wp-image-620\" srcset=\"https:\/\/www.reseau-entreprendre.org\/normandie-estuaire\/wp-content\/uploads\/sites\/55\/2017\/04\/Laur\u00e9ats-2014.jpg 1008w, https:\/\/www.reseau-entreprendre.org\/normandie-estuaire\/wp-content\/uploads\/sites\/55\/2017\/04\/Laur\u00e9ats-2014-300x112.jpg 300w, https:\/\/www.reseau-entreprendre.org\/normandie-estuaire\/wp-content\/uploads\/sites\/55\/2017\/04\/Laur\u00e9ats-2014-768x286.jpg 768w\" sizes=\"auto, (max-width: 1008px) 100vw, 1008px\" \/><figcaption class=\"wp-element-caption\">Le 28 mars 2017 &#8211; Soir\u00e9e de cl\u00f4ture de l\u2019accompagnement des laur\u00e9ats de la promotion 2014.<br>Les laur\u00e9ats 2014 et leurs accompagnateurs R\u00e9seau Entreprendre\u00ae Normandie Estuaire.<\/figcaption><\/figure>\n<\/div>\n\n\n<div style=\"height:30px\" aria-hidden=\"true\" class=\"wp-block-spacer\"><\/div>\n\n\n\n<h2 class=\"wp-block-heading\"><strong>Devenez Membre R\u00e9seau Entreprendre<\/strong><strong> Normandie Estuaire<\/strong><strong>&nbsp;<\/strong><strong>!<\/strong><\/h2>\n\n\n\n<div style=\"height:30px\" aria-hidden=\"true\" class=\"wp-block-spacer\"><\/div>\n\n\n<div class=\"wp-block-image wp-image-628\">\n<figure class=\"aligncenter\"><img loading=\"lazy\" decoding=\"async\" width=\"1024\" height=\"443\" src=\"https:\/\/www.reseau-entreprendre.org\/seine-estuaire\/wp-content\/uploads\/sites\/55\/2017\/04\/01-e1500988574224-1024x443.jpg\" alt=\"\" class=\"wp-image-628\" srcset=\"https:\/\/www.reseau-entreprendre.org\/normandie-estuaire\/wp-content\/uploads\/sites\/55\/2017\/04\/01-e1500988574224-1024x443.jpg 1024w, https:\/\/www.reseau-entreprendre.org\/normandie-estuaire\/wp-content\/uploads\/sites\/55\/2017\/04\/01-e1500988574224-300x130.jpg 300w, https:\/\/www.reseau-entreprendre.org\/normandie-estuaire\/wp-content\/uploads\/sites\/55\/2017\/04\/01-e1500988574224-768x333.jpg 768w, https:\/\/www.reseau-entreprendre.org\/normandie-estuaire\/wp-content\/uploads\/sites\/55\/2017\/04\/01-e1500988574224.jpg 2000w\" sizes=\"auto, (max-width: 1024px) 100vw, 1024px\" \/><figcaption class=\"wp-element-caption\">Le 25 avril 2017 &#8211; D\u00eener d&#8217;accueil des nouveaux Membres 2017<\/figcaption><\/figure>\n<\/div>\n\n\n<div style=\"height:30px\" aria-hidden=\"true\" class=\"wp-block-spacer\"><\/div>\n\n\n\n<p><span style=\"color: #000000\">R\u00e9seau Entreprendre Normandie Estuaire a pour objectif <strong>d\u2019augmenter significativement le nombre de projets accompagn\u00e9s. <\/strong><\/span><\/p>\n\n\n\n<p><span style=\"color: #000000\">Cet objectif nous permettra de contribuer de fa\u00e7on efficace au d\u00e9veloppement \u00e9conomique de notre d\u00e9partement, en permettant la cr\u00e9ation ou la sauvegarde d\u2019un grand nombre d\u2019emplois.<\/span><\/p>\n\n\n\n<p><span style=\"color: #000000\"><strong>L\u2019atteinte de ces objectifs ne sera possible qu\u2019en accroissant le nombre de nos adh\u00e9rents.<\/strong><\/span><\/p>\n\n\n\n<p><span style=\"color: #000000\">Si l\u2019action de l\u2019\u00e9quipe op\u00e9rationnelle est importante pour le d\u00e9veloppement de l\u2019association, la cooptation de nouveaux entrants par les membres actuels est tout \u00e0 fait essentielle. Nous avons tous la chance de faire partie d\u2019un formidable mouvement, un r\u00e9seau dynamique, <strong>altruiste et enrichissant. <\/strong><\/span><\/p>\n\n\n\n<p><span style=\"color: #000000\"><strong>Soyons fiers de cette appartenance et fiers de proposer \u00e0 nos relations de nous rejoindre dans cette aventure humaine extraordinaire.<\/strong><\/span><\/p>\n\n\n\n<div style=\"height:30px\" aria-hidden=\"true\" class=\"wp-block-spacer\"><\/div>\n","protected":false},"excerpt":{"rendered":"<p>Vous \u00eates chef d\u2019entreprise ou cadre dirigeant&nbsp;? Vous souhaitez vous<\/p>\n","protected":false},"author":56,"featured_media":1474,"parent":0,"menu_order":0,"comment_status":"closed","ping_status":"closed","template":"","meta":{"_acf_changed":false,"_monsterinsights_skip_tracking":false,"_monsterinsights_sitenote_active":false,"_monsterinsights_sitenote_note":"","_monsterinsights_sitenote_category":0,"footnotes":""},"class_list":["post-15","page","type-page","status-publish","has-post-thumbnail","hentry"],"acf":[],"yoast_head":"<!-- This site is optimized with the Yoast SEO plugin v27.4 - https:\/\/yoast.com\/product\/yoast-seo-wordpress\/ -->\n<title>Accompagner | R\u00e9seau Entreprendre Normandie Estuaire<\/title>\n<meta name=\"description\" content=\"Vous \u00eates chef d&#039;entreprise et souhaitez accompagner de nouveaux entrepreneurs ? Devenez membre b\u00e9n\u00e9vole de R\u00e9seau Entreprendre Normandie Estuaire !\" \/>\n<meta name=\"robots\" content=\"index, follow, max-snippet:-1, max-image-preview:large, max-video-preview:-1\" \/>\n<link rel=\"canonical\" href=\"https:\/\/www.reseau-entreprendre.org\/normandie-estuaire\/accompagner\/\" \/>\n<meta property=\"og:locale\" content=\"fr_FR\" \/>\n<meta property=\"og:type\" content=\"article\" \/>\n<meta property=\"og:title\" content=\"Accompagner\" \/>\n<meta property=\"og:description\" content=\"Vous \u00eates chef d\u2019entreprise ou cadre dirigeant ? Vous souhaitez aider des cr\u00e9ateurs \/ repreneurs \/ d\u00e9veloppeurs d&#039;entreprise \u00e0 p\u00e9renniser leur projet ? Rejoignez les 100 chefs d&#039;entreprise adh\u00e9rents R\u00e9seau Entreprendre Seine Estuaire et aidez-nous ainsi \u00e0 faire r\u00e9ussir les entrepreneurs qui cr\u00e9eront les emplois de demain !\" \/>\n<meta property=\"og:url\" content=\"https:\/\/www.reseau-entreprendre.org\/normandie-estuaire\/accompagner\/\" \/>\n<meta property=\"og:site_name\" content=\"R\u00e9seau Entreprendre Normandie Estuaire\" \/>\n<meta property=\"article:modified_time\" content=\"2023-01-12T13:03:00+00:00\" \/>\n<meta property=\"og:image\" content=\"https:\/\/www.reseau-entreprendre.org\/normandie-estuaire\/wp-content\/uploads\/sites\/55\/2018\/09\/accompagnement-ok.jpg\" \/>\n\t<meta property=\"og:image:width\" content=\"658\" \/>\n\t<meta property=\"og:image:height\" content=\"581\" \/>\n\t<meta property=\"og:image:type\" content=\"image\/jpeg\" \/>\n<meta name=\"twitter:card\" content=\"summary_large_image\" \/>\n<meta name=\"twitter:label1\" content=\"Dur\u00e9e de lecture estim\u00e9e\" \/>\n\t<meta name=\"twitter:data1\" content=\"3 minutes\" \/>\n<script type=\"application\/ld+json\" class=\"yoast-schema-graph\">{\"@context\":\"https:\\\/\\\/schema.org\",\"@graph\":[{\"@type\":\"WebPage\",\"@id\":\"https:\\\/\\\/www.reseau-entreprendre.org\\\/normandie-estuaire\\\/accompagner\\\/\",\"url\":\"https:\\\/\\\/www.reseau-entreprendre.org\\\/normandie-estuaire\\\/accompagner\\\/\",\"name\":\"Accompagner | R\u00e9seau Entreprendre Normandie Estuaire\",\"isPartOf\":{\"@id\":\"https:\\\/\\\/www.reseau-entreprendre.org\\\/normandie-estuaire\\\/#website\"},\"primaryImageOfPage\":{\"@id\":\"https:\\\/\\\/www.reseau-entreprendre.org\\\/normandie-estuaire\\\/accompagner\\\/#primaryimage\"},\"image\":{\"@id\":\"https:\\\/\\\/www.reseau-entreprendre.org\\\/normandie-estuaire\\\/accompagner\\\/#primaryimage\"},\"thumbnailUrl\":\"https:\\\/\\\/www.reseau-entreprendre.org\\\/normandie-estuaire\\\/wp-content\\\/uploads\\\/sites\\\/55\\\/2018\\\/09\\\/accompagnement-ok.jpg\",\"datePublished\":\"2017-04-28T10:33:47+00:00\",\"dateModified\":\"2023-01-12T13:03:00+00:00\",\"description\":\"Vous \u00eates chef d'entreprise et souhaitez accompagner de nouveaux entrepreneurs ? Devenez membre b\u00e9n\u00e9vole de R\u00e9seau Entreprendre Normandie Estuaire !\",\"breadcrumb\":{\"@id\":\"https:\\\/\\\/www.reseau-entreprendre.org\\\/normandie-estuaire\\\/accompagner\\\/#breadcrumb\"},\"inLanguage\":\"fr-FR\",\"potentialAction\":[{\"@type\":\"ReadAction\",\"target\":[\"https:\\\/\\\/www.reseau-entreprendre.org\\\/normandie-estuaire\\\/accompagner\\\/\"]}]},{\"@type\":\"ImageObject\",\"inLanguage\":\"fr-FR\",\"@id\":\"https:\\\/\\\/www.reseau-entreprendre.org\\\/normandie-estuaire\\\/accompagner\\\/#primaryimage\",\"url\":\"https:\\\/\\\/www.reseau-entreprendre.org\\\/normandie-estuaire\\\/wp-content\\\/uploads\\\/sites\\\/55\\\/2018\\\/09\\\/accompagnement-ok.jpg\",\"contentUrl\":\"https:\\\/\\\/www.reseau-entreprendre.org\\\/normandie-estuaire\\\/wp-content\\\/uploads\\\/sites\\\/55\\\/2018\\\/09\\\/accompagnement-ok.jpg\",\"width\":658,\"height\":581},{\"@type\":\"BreadcrumbList\",\"@id\":\"https:\\\/\\\/www.reseau-entreprendre.org\\\/normandie-estuaire\\\/accompagner\\\/#breadcrumb\",\"itemListElement\":[{\"@type\":\"ListItem\",\"position\":1,\"name\":\"Accueil\",\"item\":\"https:\\\/\\\/www.reseau-entreprendre.org\\\/normandie-estuaire\\\/\"},{\"@type\":\"ListItem\",\"position\":2,\"name\":\"Accompagner\"}]},{\"@type\":\"WebSite\",\"@id\":\"https:\\\/\\\/www.reseau-entreprendre.org\\\/normandie-estuaire\\\/#website\",\"url\":\"https:\\\/\\\/www.reseau-entreprendre.org\\\/normandie-estuaire\\\/\",\"name\":\"R\u00e9seau Entreprendre Normandie Estuaire\",\"description\":\"Un site utilisant Les sites de R\u00e9seau Entreprendre\",\"publisher\":{\"@id\":\"https:\\\/\\\/www.reseau-entreprendre.org\\\/normandie-estuaire\\\/#organization\"},\"potentialAction\":[{\"@type\":\"SearchAction\",\"target\":{\"@type\":\"EntryPoint\",\"urlTemplate\":\"https:\\\/\\\/www.reseau-entreprendre.org\\\/normandie-estuaire\\\/?s={search_term_string}\"},\"query-input\":{\"@type\":\"PropertyValueSpecification\",\"valueRequired\":true,\"valueName\":\"search_term_string\"}}],\"inLanguage\":\"fr-FR\"},{\"@type\":\"Organization\",\"@id\":\"https:\\\/\\\/www.reseau-entreprendre.org\\\/normandie-estuaire\\\/#organization\",\"name\":\"R\u00e9seau Entreprendre Normandie Estuaire\",\"url\":\"https:\\\/\\\/www.reseau-entreprendre.org\\\/normandie-estuaire\\\/\",\"logo\":{\"@type\":\"ImageObject\",\"inLanguage\":\"fr-FR\",\"@id\":\"https:\\\/\\\/www.reseau-entreprendre.org\\\/normandie-estuaire\\\/#\\\/schema\\\/logo\\\/image\\\/\",\"url\":\"https:\\\/\\\/www.reseau-entreprendre.org\\\/normandie-estuaire\\\/wp-content\\\/uploads\\\/sites\\\/55\\\/2017\\\/11\\\/LOGO-RESE-COULEUR.png\",\"contentUrl\":\"https:\\\/\\\/www.reseau-entreprendre.org\\\/normandie-estuaire\\\/wp-content\\\/uploads\\\/sites\\\/55\\\/2017\\\/11\\\/LOGO-RESE-COULEUR.png\",\"width\":1280,\"height\":333,\"caption\":\"R\u00e9seau Entreprendre Normandie Estuaire\"},\"image\":{\"@id\":\"https:\\\/\\\/www.reseau-entreprendre.org\\\/normandie-estuaire\\\/#\\\/schema\\\/logo\\\/image\\\/\"}}]}<\/script>\n<!-- \/ Yoast SEO plugin. -->","yoast_head_json":{"title":"Accompagner | R\u00e9seau Entreprendre Normandie Estuaire","description":"Vous \u00eates chef d'entreprise et souhaitez accompagner de nouveaux entrepreneurs ? Devenez membre b\u00e9n\u00e9vole de R\u00e9seau Entreprendre Normandie Estuaire !","robots":{"index":"index","follow":"follow","max-snippet":"max-snippet:-1","max-image-preview":"max-image-preview:large","max-video-preview":"max-video-preview:-1"},"canonical":"https:\/\/www.reseau-entreprendre.org\/normandie-estuaire\/accompagner\/","og_locale":"fr_FR","og_type":"article","og_title":"Accompagner","og_description":"Vous \u00eates chef d\u2019entreprise ou cadre dirigeant ? Vous souhaitez aider des cr\u00e9ateurs \/ repreneurs \/ d\u00e9veloppeurs d'entreprise \u00e0 p\u00e9renniser leur projet ? Rejoignez les 100 chefs d'entreprise adh\u00e9rents R\u00e9seau Entreprendre Seine Estuaire et aidez-nous ainsi \u00e0 faire r\u00e9ussir les entrepreneurs qui cr\u00e9eront les emplois de demain !","og_url":"https:\/\/www.reseau-entreprendre.org\/normandie-estuaire\/accompagner\/","og_site_name":"R\u00e9seau Entreprendre Normandie Estuaire","article_modified_time":"2023-01-12T13:03:00+00:00","og_image":[{"width":658,"height":581,"url":"https:\/\/www.reseau-entreprendre.org\/normandie-estuaire\/wp-content\/uploads\/sites\/55\/2018\/09\/accompagnement-ok.jpg","type":"image\/jpeg"}],"twitter_card":"summary_large_image","twitter_misc":{"Dur\u00e9e de lecture estim\u00e9e":"3 minutes"},"schema":{"@context":"https:\/\/schema.org","@graph":[{"@type":"WebPage","@id":"https:\/\/www.reseau-entreprendre.org\/normandie-estuaire\/accompagner\/","url":"https:\/\/www.reseau-entreprendre.org\/normandie-estuaire\/accompagner\/","name":"Accompagner | R\u00e9seau Entreprendre Normandie Estuaire","isPartOf":{"@id":"https:\/\/www.reseau-entreprendre.org\/normandie-estuaire\/#website"},"primaryImageOfPage":{"@id":"https:\/\/www.reseau-entreprendre.org\/normandie-estuaire\/accompagner\/#primaryimage"},"image":{"@id":"https:\/\/www.reseau-entreprendre.org\/normandie-estuaire\/accompagner\/#primaryimage"},"thumbnailUrl":"https:\/\/www.reseau-entreprendre.org\/normandie-estuaire\/wp-content\/uploads\/sites\/55\/2018\/09\/accompagnement-ok.jpg","datePublished":"2017-04-28T10:33:47+00:00","dateModified":"2023-01-12T13:03:00+00:00","description":"Vous \u00eates chef d'entreprise et souhaitez accompagner de nouveaux entrepreneurs ? Devenez membre b\u00e9n\u00e9vole de R\u00e9seau Entreprendre Normandie Estuaire !","breadcrumb":{"@id":"https:\/\/www.reseau-entreprendre.org\/normandie-estuaire\/accompagner\/#breadcrumb"},"inLanguage":"fr-FR","potentialAction":[{"@type":"ReadAction","target":["https:\/\/www.reseau-entreprendre.org\/normandie-estuaire\/accompagner\/"]}]},{"@type":"ImageObject","inLanguage":"fr-FR","@id":"https:\/\/www.reseau-entreprendre.org\/normandie-estuaire\/accompagner\/#primaryimage","url":"https:\/\/www.reseau-entreprendre.org\/normandie-estuaire\/wp-content\/uploads\/sites\/55\/2018\/09\/accompagnement-ok.jpg","contentUrl":"https:\/\/www.reseau-entreprendre.org\/normandie-estuaire\/wp-content\/uploads\/sites\/55\/2018\/09\/accompagnement-ok.jpg","width":658,"height":581},{"@type":"BreadcrumbList","@id":"https:\/\/www.reseau-entreprendre.org\/normandie-estuaire\/accompagner\/#breadcrumb","itemListElement":[{"@type":"ListItem","position":1,"name":"Accueil","item":"https:\/\/www.reseau-entreprendre.org\/normandie-estuaire\/"},{"@type":"ListItem","position":2,"name":"Accompagner"}]},{"@type":"WebSite","@id":"https:\/\/www.reseau-entreprendre.org\/normandie-estuaire\/#website","url":"https:\/\/www.reseau-entreprendre.org\/normandie-estuaire\/","name":"R\u00e9seau Entreprendre Normandie Estuaire","description":"Un site utilisant Les sites de R\u00e9seau Entreprendre","publisher":{"@id":"https:\/\/www.reseau-entreprendre.org\/normandie-estuaire\/#organization"},"potentialAction":[{"@type":"SearchAction","target":{"@type":"EntryPoint","urlTemplate":"https:\/\/www.reseau-entreprendre.org\/normandie-estuaire\/?s={search_term_string}"},"query-input":{"@type":"PropertyValueSpecification","valueRequired":true,"valueName":"search_term_string"}}],"inLanguage":"fr-FR"},{"@type":"Organization","@id":"https:\/\/www.reseau-entreprendre.org\/normandie-estuaire\/#organization","name":"R\u00e9seau Entreprendre Normandie Estuaire","url":"https:\/\/www.reseau-entreprendre.org\/normandie-estuaire\/","logo":{"@type":"ImageObject","inLanguage":"fr-FR","@id":"https:\/\/www.reseau-entreprendre.org\/normandie-estuaire\/#\/schema\/logo\/image\/","url":"https:\/\/www.reseau-entreprendre.org\/normandie-estuaire\/wp-content\/uploads\/sites\/55\/2017\/11\/LOGO-RESE-COULEUR.png","contentUrl":"https:\/\/www.reseau-entreprendre.org\/normandie-estuaire\/wp-content\/uploads\/sites\/55\/2017\/11\/LOGO-RESE-COULEUR.png","width":1280,"height":333,"caption":"R\u00e9seau Entreprendre Normandie Estuaire"},"image":{"@id":"https:\/\/www.reseau-entreprendre.org\/normandie-estuaire\/#\/schema\/logo\/image\/"}}]}},"_links":{"self":[{"href":"https:\/\/www.reseau-entreprendre.org\/normandie-estuaire\/wp-json\/wp\/v2\/pages\/15","targetHints":{"allow":["GET"]}}],"collection":[{"href":"https:\/\/www.reseau-entreprendre.org\/normandie-estuaire\/wp-json\/wp\/v2\/pages"}],"about":[{"href":"https:\/\/www.reseau-entreprendre.org\/normandie-estuaire\/wp-json\/wp\/v2\/types\/page"}],"author":[{"embeddable":true,"href":"https:\/\/www.reseau-entreprendre.org\/normandie-estuaire\/wp-json\/wp\/v2\/users\/56"}],"replies":[{"embeddable":true,"href":"https:\/\/www.reseau-entreprendre.org\/normandie-estuaire\/wp-json\/wp\/v2\/comments?post=15"}],"version-history":[{"count":0,"href":"https:\/\/www.reseau-entreprendre.org\/normandie-estuaire\/wp-json\/wp\/v2\/pages\/15\/revisions"}],"wp:featuredmedia":[{"embeddable":true,"href":"https:\/\/www.reseau-entreprendre.org\/normandie-estuaire\/wp-json\/wp\/v2\/media\/1474"}],"wp:attachment":[{"href":"https:\/\/www.reseau-entreprendre.org\/normandie-estuaire\/wp-json\/wp\/v2\/media?parent=15"}],"curies":[{"name":"wp","href":"https:\/\/api.w.org\/{rel}","templated":true}]}}