{"id":2130,"date":"2020-12-03T10:12:36","date_gmt":"2020-12-03T09:12:36","guid":{"rendered":"https:\/\/www.reseau-entreprendre.org\/normandie-estuaire\/?page_id=2130"},"modified":"2023-06-30T16:22:59","modified_gmt":"2023-06-30T14:22:59","slug":"je-challenge-mon-projet","status":"publish","type":"page","link":"https:\/\/www.reseau-entreprendre.org\/normandie-estuaire\/je-challenge-mon-projet\/","title":{"rendered":"JE CHALLENGE MON PROJET"},"content":{"rendered":"\n<h1 class=\"wp-block-heading has-re-blue-color has-text-color\"><span style=\"color: #268597\"><strong>R\u00e9diger mon business Plan<\/strong><\/span><\/h1>\n\n\n\n<p><span style=\"color: #000000\"><strong>Le business plan d\u00e9taille les \u00e9l\u00e9ments cl\u00e9s de votre projet d\u2019entreprise.&nbsp;<\/strong><\/span><\/p>\n\n\n\n<p><span style=\"color: #000000\">A l\u2019int\u00e9rieur du <strong>Business Plan<\/strong>, vous devez retrouver&nbsp;:<\/span><\/p>\n\n\n\n<ul class=\"wp-block-list\">\n<li><span style=\"color: #000000\">Une <strong>\u00e9tude de march\u00e9<\/strong><\/span><\/li>\n\n\n\n<li><span style=\"color: #000000\">Une <strong>analyse de la concurrence<\/strong><\/span><\/li>\n\n\n\n<li><span style=\"color: #000000\">Un <strong>pr\u00e9visionnel<\/strong><\/span><\/li>\n\n\n\n<li><span style=\"color: #000000\">Un <strong>plan de tr\u00e9sorerie<\/strong><\/span><\/li>\n\n\n\n<li><span style=\"color: #000000\">Un <span style=\"color: #d70635\"><a style=\"color: #d70635\" href=\"https:\/\/www.reseau-entreprendre.org\/normandie-estuaire\/wp-content\/uploads\/sites\/55\/2020\/12\/La-matrice-SWOT-1.pdf\">SWOT<\/a><\/span><\/span><\/li>\n\n\n\n<li><span style=\"color: #000000\">Une <strong>strat\u00e9gie commerciale<\/strong> d\u00e9taill\u00e9e et clairement compr\u00e9hensible (politiques des \u00ab&nbsp;4P&nbsp;\u00bb)<\/span><\/li>\n\n\n\n<li><span style=\"color: #000000\">\u2026<\/span><\/li>\n<\/ul>\n\n\n\n<p><span style=\"color: #000000\">Pour une r\u00e9flexion globale, utilisez le <\/span><span style=\"color: #d70635\"><a style=\"color: #d70635\" href=\"https:\/\/www.reseau-entreprendre.org\/normandie-estuaire\/wp-content\/uploads\/sites\/55\/2020\/12\/Business_Model_Canvas_RE.pdf\">Business Mod\u00e8le Canvas<\/a><\/span><span style=\"color: #000000\"><strong><span style=\"color: #d70635\">.<\/span><\/strong><\/span><\/p>\n\n\n\n<p><span style=\"color: #000000\"><strong>Qui peut m\u2019accompagner \u00e0 sa r\u00e9alisation&nbsp;?<\/strong><\/span><\/p>\n\n\n\n<p><span style=\"color: #000000\">Un <strong>expert-comptable<\/strong>.<\/span><\/p>\n\n\n\n<div style=\"height:40px\" aria-hidden=\"true\" class=\"wp-block-spacer\"><\/div>\n\n\n\n<p><span style=\"color: #d70635\"><strong>Retrouvez les outils \u00e0 la r\u00e9alisation de votre Business Plan :<\/strong><\/span><\/p>\n\n\n\n<ul class=\"wp-block-list\">\n<li><span style=\"color: #268597\"><span style=\"color: #000000\">Le site internet de &#8220;<strong>Bpifrance<\/strong>&#8221; :<\/span>&nbsp;<span style=\"color: #d70635\"><a style=\"color: #d70635\" href=\"https:\/\/bpifrance-creation.fr\/encyclopedie\/previsions-financieres-business-plan\/business-plan\/faire-son-business-plan\">ICI<\/a><\/span><\/span><\/li>\n\n\n\n<li><span style=\"color: #268597\"><span style=\"color: #000000\">Le site internet &#8220;<strong>Je suis entrepreneur<\/strong>&#8221; du Cr\u00e9dit Agricole<\/span> <span style=\"color: #000000\">:<\/span> <span style=\"color: #d70635\"><a style=\"color: #d70635\" href=\"https:\/\/www.jesuisentrepreneur.fr\/business-plan\">ICI<\/a> <\/span><\/span><\/li>\n<\/ul>\n\n\n\n<div style=\"height:60px\" aria-hidden=\"true\" class=\"wp-block-spacer\"><\/div>\n\n\n\n<h1 class=\"wp-block-heading\"><span style=\"color: #268597\"><strong>Quel statut juridique choisir pour mon entreprise ?<\/strong><\/span><\/h1>\n\n\n\n<p><span style=\"color: #000000\">Il existe de <strong>nombreux<\/strong> <strong>statuts juridiques<\/strong> (<strong>EI, EIRL, EURL, SA, SARL, SAS, SASU, SNC, SCOP, SCA, SCS<\/strong>).<\/span><\/p>\n\n\n\n<p><span style=\"color: #000000\">De nombreux param\u00e8tres d\u00e9pendent de vos statuts juridiques :<\/span><\/p>\n\n\n\n<ul class=\"wp-block-list\">\n<li><span style=\"color: #000000\">La responsabilit\u00e9 des cr\u00e9ateurs de l\u2019entreprise<\/span><\/li>\n\n\n\n<li><span style=\"color: #000000\">La nature du dirigeant<\/span><\/li>\n\n\n\n<li><span style=\"color: #000000\">Le r\u00e9gime de s\u00e9curit\u00e9 sociale des dirigeants<\/span><\/li>\n<\/ul>\n\n\n\n<div style=\"height:40px\" aria-hidden=\"true\" class=\"wp-block-spacer\"><\/div>\n\n\n\n<p><span style=\"color: #d70635\"><strong>Renseignez-vous sur les diff\u00e9rents statuts juridiques :<\/strong><\/span><\/p>\n\n\n\n<ul class=\"wp-block-list\">\n<li><span style=\"color: #268597\"><span style=\"color: #000000\">Le site internet de &#8220;<strong>Bpifrance<\/strong>&#8221; :&nbsp;<span style=\"color: #d70635\"><a style=\"color: #d70635\" href=\"https:\/\/bpifrance-creation.fr\/moment-de-vie\/bien-choisir-sa-structure-juridique\">ICI<\/a><\/span><\/span><\/span><\/li>\n\n\n\n<li><span style=\"color: #268597\"><span style=\"color: #000000\">Le site internet de &#8220;<strong>Fidal<\/strong>&#8221; : <span style=\"color: #d70635\"><a style=\"color: #d70635\" href=\"https:\/\/www.fidal.com\/fr\/region\/normandie?map_default_term=5954\">ICI <\/a><\/span><\/span><\/span><\/li>\n\n\n\n<li><span style=\"color: #268597\"><span style=\"color: #000000\">Le site internet &#8220;<strong>Je suis entrepreneur<\/strong>&#8221; du Cr\u00e9dit Agricole<\/span>&nbsp;<span style=\"color: #000000\">:&nbsp;<span style=\"color: #d70635\"><a style=\"color: #d70635\" href=\"https:\/\/www.jesuisentrepreneur.fr\/statut-juridique\/\">ICI&nbsp;<\/a><\/span><\/span><\/span><\/li>\n\n\n\n<li><span style=\"color: #268597\"><span style=\"color: #000000\">Le site internet de &#8220;<strong>Mazars<\/strong>&#8221; :<span style=\"color: #d70635\"> <a style=\"color: #d70635\" href=\"https:\/\/www.mazars.fr\/Offices\/Le-Havre\">ICI <\/a><\/span><\/span><\/span><\/li>\n\n\n\n<li><span style=\"color: #000000\">Le site internet du &#8220;<strong>Minist\u00e8re de l&#8217;\u00e9conomie, des finances et de la relance<\/strong>&#8221; :<span style=\"color: #d70635\"> <a style=\"color: #d70635\" href=\"https:\/\/www.economie.gouv.fr\/entreprises\/entreprise-choisir-statut-juridique#Entreprise%20unipersonnelle%20%C3%A0%20responsabilit%C3%A9%20limit%C3%A9e%20(EURL)\">ICI<\/a><\/span><\/span><\/li>\n<\/ul>\n","protected":false},"excerpt":{"rendered":"<p>R\u00e9diger mon business Plan Le business plan d\u00e9taille les \u00e9l\u00e9ments<\/p>\n","protected":false},"author":56,"featured_media":0,"parent":0,"menu_order":0,"comment_status":"closed","ping_status":"closed","template":"","meta":{"_acf_changed":false,"_monsterinsights_skip_tracking":false,"_monsterinsights_sitenote_active":false,"_monsterinsights_sitenote_note":"","_monsterinsights_sitenote_category":0,"footnotes":""},"class_list":["post-2130","page","type-page","status-publish","hentry"],"acf":[],"yoast_head":"<!-- This site is optimized with the Yoast SEO plugin v27.3 - https:\/\/yoast.com\/product\/yoast-seo-wordpress\/ -->\n<title>JE CHALLENGE MON PROJET - R\u00e9seau Entreprendre Normandie Estuaire<\/title>\n<meta name=\"robots\" content=\"index, follow, max-snippet:-1, max-image-preview:large, max-video-preview:-1\" \/>\n<link rel=\"canonical\" href=\"https:\/\/www.reseau-entreprendre.org\/normandie-estuaire\/je-challenge-mon-projet\/\" \/>\n<meta property=\"og:locale\" content=\"fr_FR\" \/>\n<meta property=\"og:type\" content=\"article\" \/>\n<meta property=\"og:title\" content=\"JE CHALLENGE MON PROJET - R\u00e9seau Entreprendre Normandie Estuaire\" \/>\n<meta property=\"og:description\" content=\"R\u00e9diger mon business Plan Le business plan d\u00e9taille les \u00e9l\u00e9ments\" \/>\n<meta property=\"og:url\" content=\"https:\/\/www.reseau-entreprendre.org\/normandie-estuaire\/je-challenge-mon-projet\/\" \/>\n<meta property=\"og:site_name\" content=\"R\u00e9seau Entreprendre Normandie Estuaire\" \/>\n<meta property=\"article:modified_time\" content=\"2023-06-30T14:22:59+00:00\" \/>\n<meta name=\"twitter:card\" content=\"summary_large_image\" \/>\n<meta name=\"twitter:label1\" content=\"Dur\u00e9e de lecture estim\u00e9e\" \/>\n\t<meta name=\"twitter:data1\" content=\"1 minute\" \/>\n<script type=\"application\/ld+json\" class=\"yoast-schema-graph\">{\"@context\":\"https:\\\/\\\/schema.org\",\"@graph\":[{\"@type\":\"WebPage\",\"@id\":\"https:\\\/\\\/www.reseau-entreprendre.org\\\/normandie-estuaire\\\/je-challenge-mon-projet\\\/\",\"url\":\"https:\\\/\\\/www.reseau-entreprendre.org\\\/normandie-estuaire\\\/je-challenge-mon-projet\\\/\",\"name\":\"JE CHALLENGE MON PROJET - R\u00e9seau Entreprendre Normandie Estuaire\",\"isPartOf\":{\"@id\":\"https:\\\/\\\/www.reseau-entreprendre.org\\\/normandie-estuaire\\\/#website\"},\"datePublished\":\"2020-12-03T09:12:36+00:00\",\"dateModified\":\"2023-06-30T14:22:59+00:00\",\"breadcrumb\":{\"@id\":\"https:\\\/\\\/www.reseau-entreprendre.org\\\/normandie-estuaire\\\/je-challenge-mon-projet\\\/#breadcrumb\"},\"inLanguage\":\"fr-FR\",\"potentialAction\":[{\"@type\":\"ReadAction\",\"target\":[\"https:\\\/\\\/www.reseau-entreprendre.org\\\/normandie-estuaire\\\/je-challenge-mon-projet\\\/\"]}]},{\"@type\":\"BreadcrumbList\",\"@id\":\"https:\\\/\\\/www.reseau-entreprendre.org\\\/normandie-estuaire\\\/je-challenge-mon-projet\\\/#breadcrumb\",\"itemListElement\":[{\"@type\":\"ListItem\",\"position\":1,\"name\":\"Accueil\",\"item\":\"https:\\\/\\\/www.reseau-entreprendre.org\\\/normandie-estuaire\\\/\"},{\"@type\":\"ListItem\",\"position\":2,\"name\":\"JE CHALLENGE MON PROJET\"}]},{\"@type\":\"WebSite\",\"@id\":\"https:\\\/\\\/www.reseau-entreprendre.org\\\/normandie-estuaire\\\/#website\",\"url\":\"https:\\\/\\\/www.reseau-entreprendre.org\\\/normandie-estuaire\\\/\",\"name\":\"R\u00e9seau Entreprendre Normandie Estuaire\",\"description\":\"Un site utilisant Les sites de R\u00e9seau Entreprendre\",\"publisher\":{\"@id\":\"https:\\\/\\\/www.reseau-entreprendre.org\\\/normandie-estuaire\\\/#organization\"},\"potentialAction\":[{\"@type\":\"SearchAction\",\"target\":{\"@type\":\"EntryPoint\",\"urlTemplate\":\"https:\\\/\\\/www.reseau-entreprendre.org\\\/normandie-estuaire\\\/?s={search_term_string}\"},\"query-input\":{\"@type\":\"PropertyValueSpecification\",\"valueRequired\":true,\"valueName\":\"search_term_string\"}}],\"inLanguage\":\"fr-FR\"},{\"@type\":\"Organization\",\"@id\":\"https:\\\/\\\/www.reseau-entreprendre.org\\\/normandie-estuaire\\\/#organization\",\"name\":\"R\u00e9seau Entreprendre Normandie Estuaire\",\"url\":\"https:\\\/\\\/www.reseau-entreprendre.org\\\/normandie-estuaire\\\/\",\"logo\":{\"@type\":\"ImageObject\",\"inLanguage\":\"fr-FR\",\"@id\":\"https:\\\/\\\/www.reseau-entreprendre.org\\\/normandie-estuaire\\\/#\\\/schema\\\/logo\\\/image\\\/\",\"url\":\"https:\\\/\\\/www.reseau-entreprendre.org\\\/normandie-estuaire\\\/wp-content\\\/uploads\\\/sites\\\/55\\\/2017\\\/11\\\/LOGO-RESE-COULEUR.png\",\"contentUrl\":\"https:\\\/\\\/www.reseau-entreprendre.org\\\/normandie-estuaire\\\/wp-content\\\/uploads\\\/sites\\\/55\\\/2017\\\/11\\\/LOGO-RESE-COULEUR.png\",\"width\":1280,\"height\":333,\"caption\":\"R\u00e9seau Entreprendre Normandie Estuaire\"},\"image\":{\"@id\":\"https:\\\/\\\/www.reseau-entreprendre.org\\\/normandie-estuaire\\\/#\\\/schema\\\/logo\\\/image\\\/\"}}]}<\/script>\n<!-- \/ Yoast SEO plugin. -->","yoast_head_json":{"title":"JE CHALLENGE MON PROJET - R\u00e9seau Entreprendre Normandie Estuaire","robots":{"index":"index","follow":"follow","max-snippet":"max-snippet:-1","max-image-preview":"max-image-preview:large","max-video-preview":"max-video-preview:-1"},"canonical":"https:\/\/www.reseau-entreprendre.org\/normandie-estuaire\/je-challenge-mon-projet\/","og_locale":"fr_FR","og_type":"article","og_title":"JE CHALLENGE MON PROJET - R\u00e9seau Entreprendre Normandie Estuaire","og_description":"R\u00e9diger mon business Plan Le business plan d\u00e9taille les \u00e9l\u00e9ments","og_url":"https:\/\/www.reseau-entreprendre.org\/normandie-estuaire\/je-challenge-mon-projet\/","og_site_name":"R\u00e9seau Entreprendre Normandie Estuaire","article_modified_time":"2023-06-30T14:22:59+00:00","twitter_card":"summary_large_image","twitter_misc":{"Dur\u00e9e de lecture estim\u00e9e":"1 minute"},"schema":{"@context":"https:\/\/schema.org","@graph":[{"@type":"WebPage","@id":"https:\/\/www.reseau-entreprendre.org\/normandie-estuaire\/je-challenge-mon-projet\/","url":"https:\/\/www.reseau-entreprendre.org\/normandie-estuaire\/je-challenge-mon-projet\/","name":"JE CHALLENGE MON PROJET - R\u00e9seau Entreprendre Normandie Estuaire","isPartOf":{"@id":"https:\/\/www.reseau-entreprendre.org\/normandie-estuaire\/#website"},"datePublished":"2020-12-03T09:12:36+00:00","dateModified":"2023-06-30T14:22:59+00:00","breadcrumb":{"@id":"https:\/\/www.reseau-entreprendre.org\/normandie-estuaire\/je-challenge-mon-projet\/#breadcrumb"},"inLanguage":"fr-FR","potentialAction":[{"@type":"ReadAction","target":["https:\/\/www.reseau-entreprendre.org\/normandie-estuaire\/je-challenge-mon-projet\/"]}]},{"@type":"BreadcrumbList","@id":"https:\/\/www.reseau-entreprendre.org\/normandie-estuaire\/je-challenge-mon-projet\/#breadcrumb","itemListElement":[{"@type":"ListItem","position":1,"name":"Accueil","item":"https:\/\/www.reseau-entreprendre.org\/normandie-estuaire\/"},{"@type":"ListItem","position":2,"name":"JE CHALLENGE MON PROJET"}]},{"@type":"WebSite","@id":"https:\/\/www.reseau-entreprendre.org\/normandie-estuaire\/#website","url":"https:\/\/www.reseau-entreprendre.org\/normandie-estuaire\/","name":"R\u00e9seau Entreprendre Normandie Estuaire","description":"Un site utilisant Les sites de R\u00e9seau Entreprendre","publisher":{"@id":"https:\/\/www.reseau-entreprendre.org\/normandie-estuaire\/#organization"},"potentialAction":[{"@type":"SearchAction","target":{"@type":"EntryPoint","urlTemplate":"https:\/\/www.reseau-entreprendre.org\/normandie-estuaire\/?s={search_term_string}"},"query-input":{"@type":"PropertyValueSpecification","valueRequired":true,"valueName":"search_term_string"}}],"inLanguage":"fr-FR"},{"@type":"Organization","@id":"https:\/\/www.reseau-entreprendre.org\/normandie-estuaire\/#organization","name":"R\u00e9seau Entreprendre Normandie Estuaire","url":"https:\/\/www.reseau-entreprendre.org\/normandie-estuaire\/","logo":{"@type":"ImageObject","inLanguage":"fr-FR","@id":"https:\/\/www.reseau-entreprendre.org\/normandie-estuaire\/#\/schema\/logo\/image\/","url":"https:\/\/www.reseau-entreprendre.org\/normandie-estuaire\/wp-content\/uploads\/sites\/55\/2017\/11\/LOGO-RESE-COULEUR.png","contentUrl":"https:\/\/www.reseau-entreprendre.org\/normandie-estuaire\/wp-content\/uploads\/sites\/55\/2017\/11\/LOGO-RESE-COULEUR.png","width":1280,"height":333,"caption":"R\u00e9seau Entreprendre Normandie Estuaire"},"image":{"@id":"https:\/\/www.reseau-entreprendre.org\/normandie-estuaire\/#\/schema\/logo\/image\/"}}]}},"_links":{"self":[{"href":"https:\/\/www.reseau-entreprendre.org\/normandie-estuaire\/wp-json\/wp\/v2\/pages\/2130","targetHints":{"allow":["GET"]}}],"collection":[{"href":"https:\/\/www.reseau-entreprendre.org\/normandie-estuaire\/wp-json\/wp\/v2\/pages"}],"about":[{"href":"https:\/\/www.reseau-entreprendre.org\/normandie-estuaire\/wp-json\/wp\/v2\/types\/page"}],"author":[{"embeddable":true,"href":"https:\/\/www.reseau-entreprendre.org\/normandie-estuaire\/wp-json\/wp\/v2\/users\/56"}],"replies":[{"embeddable":true,"href":"https:\/\/www.reseau-entreprendre.org\/normandie-estuaire\/wp-json\/wp\/v2\/comments?post=2130"}],"version-history":[{"count":0,"href":"https:\/\/www.reseau-entreprendre.org\/normandie-estuaire\/wp-json\/wp\/v2\/pages\/2130\/revisions"}],"wp:attachment":[{"href":"https:\/\/www.reseau-entreprendre.org\/normandie-estuaire\/wp-json\/wp\/v2\/media?parent=2130"}],"curies":[{"name":"wp","href":"https:\/\/api.w.org\/{rel}","templated":true}]}}