{"id":2133,"date":"2020-12-03T10:15:46","date_gmt":"2020-12-03T09:15:46","guid":{"rendered":"https:\/\/www.reseau-entreprendre.org\/normandie-estuaire\/?page_id=2133"},"modified":"2023-06-30T16:36:32","modified_gmt":"2023-06-30T14:36:32","slug":"ma-creation","status":"publish","type":"page","link":"https:\/\/www.reseau-entreprendre.org\/normandie-estuaire\/ma-creation\/","title":{"rendered":"JE CR\u00c9\u00c9"},"content":{"rendered":"\n<div style=\"height:40px\" aria-hidden=\"true\" class=\"wp-block-spacer\"><\/div>\n\n\n\n<h1 class=\"wp-block-heading\"><span style=\"color: #268597\"><strong>Les Formalit\u00e9s<\/strong><\/span><\/h1>\n\n\n\n<div style=\"height:20px\" aria-hidden=\"true\" class=\"wp-block-spacer\"><\/div>\n\n\n\n<p><span style=\"color: #000000\"><strong>Je r\u00e9dige les statuts de mon entreprise<\/strong><\/span><\/p>\n\n\n\n<div style=\"height:20px\" aria-hidden=\"true\" class=\"wp-block-spacer\"><\/div>\n\n\n\n<p>Je r\u00e9alise mes <strong>apports<\/strong><\/p>\n\n\n\n<div style=\"height:20px\" aria-hidden=\"true\" class=\"wp-block-spacer\"><\/div>\n\n\n\n<p><span style=\"color: #000000\"><\/span>Je <strong>publie <\/strong>un avis de constitution de soci\u00e9t\u00e9 \u00e0 un <strong>journal d\u2019annonces l\u00e9gales (JAL); exemples:&nbsp;<\/strong><\/p>\n\n\n\n<ul class=\"wp-block-list\">\n<li><span style=\"color: #d70635\"><a style=\"color: #d70635\" href=\"http:\/\/www.union-agricole.fr\/public\/index.php\">L&#8217;union agricole<\/a><\/span><\/li>\n\n\n\n<li><span style=\"color: #d70635\"><a style=\"color: #d70635\" href=\"https:\/\/www.paris-normandie.fr\/\">Paris Normandie<\/a><\/span><\/li>\n<\/ul>\n\n\n\n<div style=\"height:20px\" aria-hidden=\"true\" class=\"wp-block-spacer\"><\/div>\n\n\n\n<p><span style=\"color: #000000\">Je <strong>compl\u00e8te<\/strong> une <strong>d\u00e9claration de cr\u00e9ation d\u2019entreprise<\/strong><\/span><\/p>\n\n\n\n<div style=\"height:20px\" aria-hidden=\"true\" class=\"wp-block-spacer\"><\/div>\n\n\n\n<p><span style=\"color: #000000\">Je <strong>d\u00e9clare<\/strong> les <a href=\"https:\/\/www.infogreffe.fr\/rbe\"><span style=\"color: #d70635\">b\u00e9n\u00e9ficiaires effectifs<\/span><\/a> de l\u2019entreprise. <\/span><span style=\"color: #000000\">Un <strong>b\u00e9n\u00e9ficiaire effectif est<\/strong> :<\/span><\/p>\n\n\n\n<div style=\"height:20px\" aria-hidden=\"true\" class=\"wp-block-spacer\"><\/div>\n\n\n\n<ul class=\"wp-block-list\">\n<li><span style=\"color: #000000\">Une personne poss\u00e9dant, directement ou indirectement, plus de <strong>25%<\/strong> du capital ou des droits de vote,<\/span><\/li>\n\n\n\n<li><span style=\"color: #000000\">Ou, une personne exer\u00e7ant un contr\u00f4le sur les organes de direction ou de gestion au sein des soci\u00e9t\u00e9s et des organismes de placement collectifs.<\/span><\/li>\n<\/ul>\n\n\n\n<div style=\"height:20px\" aria-hidden=\"true\" class=\"wp-block-spacer\"><\/div>\n\n\n\n<p><span style=\"color: #000000\">Je <strong>transmets<\/strong> ma demande d&#8217;<strong>immatriculation<\/strong> sur <a href=\"https:\/\/www.infogreffe.fr\/formalites-entreprise\/immatriculation-entreprise.html\"><span style=\"color: #d70635\">infogreffe<\/span><\/a><\/span><\/p>\n\n\n\n<div style=\"height:20px\" aria-hidden=\"true\" class=\"wp-block-spacer\"><\/div>\n\n\n\n<p><span style=\"color: #000000\">La cr\u00e9ation d&#8217;une entreprise requiert son immatriculation au Registre du Commerce et des Soci\u00e9t\u00e9s (<strong>RCS<\/strong>). Vous pouvez effectuer cette formalit\u00e9 d&#8217;immatriculation de votre soci\u00e9t\u00e9 en ligne ou directement aupr\u00e8s du greffe du Tribunal de commerce comp\u00e9tent.<\/span><\/p>\n\n\n\n<div style=\"height:40px\" aria-hidden=\"true\" class=\"wp-block-spacer\"><\/div>\n\n\n<div class=\"wp-block-image\">\n<figure class=\"aligncenter size-large is-resized\"><img loading=\"lazy\" decoding=\"async\" src=\"https:\/\/www.reseau-entreprendre.org\/normandie-estuaire\/wp-content\/uploads\/sites\/55\/2020\/12\/Ma-creation-formalites-1024x582.jpg\" alt=\"\" class=\"wp-image-2232\" width=\"651\" height=\"370\" srcset=\"https:\/\/www.reseau-entreprendre.org\/normandie-estuaire\/wp-content\/uploads\/sites\/55\/2020\/12\/Ma-creation-formalites-1024x582.jpg 1024w, https:\/\/www.reseau-entreprendre.org\/normandie-estuaire\/wp-content\/uploads\/sites\/55\/2020\/12\/Ma-creation-formalites-300x170.jpg 300w, https:\/\/www.reseau-entreprendre.org\/normandie-estuaire\/wp-content\/uploads\/sites\/55\/2020\/12\/Ma-creation-formalites-768x436.jpg 768w, https:\/\/www.reseau-entreprendre.org\/normandie-estuaire\/wp-content\/uploads\/sites\/55\/2020\/12\/Ma-creation-formalites.jpg 1037w\" sizes=\"auto, (max-width: 651px) 100vw, 651px\" \/><\/figure>\n<\/div>","protected":false},"excerpt":{"rendered":"<p>Les Formalit\u00e9s Je r\u00e9dige les statuts de mon entreprise Je<\/p>\n","protected":false},"author":56,"featured_media":0,"parent":0,"menu_order":0,"comment_status":"closed","ping_status":"closed","template":"","meta":{"_acf_changed":false,"_monsterinsights_skip_tracking":false,"_monsterinsights_sitenote_active":false,"_monsterinsights_sitenote_note":"","_monsterinsights_sitenote_category":0,"footnotes":""},"class_list":["post-2133","page","type-page","status-publish","hentry"],"acf":[],"yoast_head":"<!-- This site is optimized with the Yoast SEO plugin v27.4 - https:\/\/yoast.com\/product\/yoast-seo-wordpress\/ -->\n<title>JE CR\u00c9\u00c9 - R\u00e9seau Entreprendre Normandie Estuaire<\/title>\n<meta name=\"robots\" content=\"index, follow, max-snippet:-1, max-image-preview:large, max-video-preview:-1\" \/>\n<link rel=\"canonical\" href=\"https:\/\/www.reseau-entreprendre.org\/normandie-estuaire\/ma-creation\/\" \/>\n<meta property=\"og:locale\" content=\"fr_FR\" \/>\n<meta property=\"og:type\" content=\"article\" \/>\n<meta property=\"og:title\" content=\"JE CR\u00c9\u00c9 - R\u00e9seau Entreprendre Normandie Estuaire\" \/>\n<meta property=\"og:description\" content=\"Les Formalit\u00e9s Je r\u00e9dige les statuts de mon entreprise Je\" \/>\n<meta property=\"og:url\" content=\"https:\/\/www.reseau-entreprendre.org\/normandie-estuaire\/ma-creation\/\" \/>\n<meta property=\"og:site_name\" content=\"R\u00e9seau Entreprendre Normandie Estuaire\" \/>\n<meta property=\"article:modified_time\" content=\"2023-06-30T14:36:32+00:00\" \/>\n<meta property=\"og:image\" content=\"https:\/\/www.reseau-entreprendre.org\/normandie-estuaire\/wp-content\/uploads\/sites\/55\/2020\/12\/Ma-creation-formalites-1024x582.jpg\" \/>\n<meta name=\"twitter:card\" content=\"summary_large_image\" \/>\n<meta name=\"twitter:label1\" content=\"Dur\u00e9e de lecture estim\u00e9e\" \/>\n\t<meta name=\"twitter:data1\" content=\"1 minute\" \/>\n<script type=\"application\/ld+json\" class=\"yoast-schema-graph\">{\"@context\":\"https:\\\/\\\/schema.org\",\"@graph\":[{\"@type\":\"WebPage\",\"@id\":\"https:\\\/\\\/www.reseau-entreprendre.org\\\/normandie-estuaire\\\/ma-creation\\\/\",\"url\":\"https:\\\/\\\/www.reseau-entreprendre.org\\\/normandie-estuaire\\\/ma-creation\\\/\",\"name\":\"JE CR\u00c9\u00c9 - R\u00e9seau Entreprendre Normandie Estuaire\",\"isPartOf\":{\"@id\":\"https:\\\/\\\/www.reseau-entreprendre.org\\\/normandie-estuaire\\\/#website\"},\"primaryImageOfPage\":{\"@id\":\"https:\\\/\\\/www.reseau-entreprendre.org\\\/normandie-estuaire\\\/ma-creation\\\/#primaryimage\"},\"image\":{\"@id\":\"https:\\\/\\\/www.reseau-entreprendre.org\\\/normandie-estuaire\\\/ma-creation\\\/#primaryimage\"},\"thumbnailUrl\":\"https:\\\/\\\/www.reseau-entreprendre.org\\\/normandie-estuaire\\\/wp-content\\\/uploads\\\/sites\\\/55\\\/2020\\\/12\\\/Ma-creation-formalites-1024x582.jpg\",\"datePublished\":\"2020-12-03T09:15:46+00:00\",\"dateModified\":\"2023-06-30T14:36:32+00:00\",\"breadcrumb\":{\"@id\":\"https:\\\/\\\/www.reseau-entreprendre.org\\\/normandie-estuaire\\\/ma-creation\\\/#breadcrumb\"},\"inLanguage\":\"fr-FR\",\"potentialAction\":[{\"@type\":\"ReadAction\",\"target\":[\"https:\\\/\\\/www.reseau-entreprendre.org\\\/normandie-estuaire\\\/ma-creation\\\/\"]}]},{\"@type\":\"ImageObject\",\"inLanguage\":\"fr-FR\",\"@id\":\"https:\\\/\\\/www.reseau-entreprendre.org\\\/normandie-estuaire\\\/ma-creation\\\/#primaryimage\",\"url\":\"https:\\\/\\\/www.reseau-entreprendre.org\\\/normandie-estuaire\\\/wp-content\\\/uploads\\\/sites\\\/55\\\/2020\\\/12\\\/Ma-creation-formalites.jpg\",\"contentUrl\":\"https:\\\/\\\/www.reseau-entreprendre.org\\\/normandie-estuaire\\\/wp-content\\\/uploads\\\/sites\\\/55\\\/2020\\\/12\\\/Ma-creation-formalites.jpg\",\"width\":1037,\"height\":589},{\"@type\":\"BreadcrumbList\",\"@id\":\"https:\\\/\\\/www.reseau-entreprendre.org\\\/normandie-estuaire\\\/ma-creation\\\/#breadcrumb\",\"itemListElement\":[{\"@type\":\"ListItem\",\"position\":1,\"name\":\"Accueil\",\"item\":\"https:\\\/\\\/www.reseau-entreprendre.org\\\/normandie-estuaire\\\/\"},{\"@type\":\"ListItem\",\"position\":2,\"name\":\"JE CR\u00c9\u00c9\"}]},{\"@type\":\"WebSite\",\"@id\":\"https:\\\/\\\/www.reseau-entreprendre.org\\\/normandie-estuaire\\\/#website\",\"url\":\"https:\\\/\\\/www.reseau-entreprendre.org\\\/normandie-estuaire\\\/\",\"name\":\"R\u00e9seau Entreprendre Normandie Estuaire\",\"description\":\"Un site utilisant Les sites de R\u00e9seau Entreprendre\",\"publisher\":{\"@id\":\"https:\\\/\\\/www.reseau-entreprendre.org\\\/normandie-estuaire\\\/#organization\"},\"potentialAction\":[{\"@type\":\"SearchAction\",\"target\":{\"@type\":\"EntryPoint\",\"urlTemplate\":\"https:\\\/\\\/www.reseau-entreprendre.org\\\/normandie-estuaire\\\/?s={search_term_string}\"},\"query-input\":{\"@type\":\"PropertyValueSpecification\",\"valueRequired\":true,\"valueName\":\"search_term_string\"}}],\"inLanguage\":\"fr-FR\"},{\"@type\":\"Organization\",\"@id\":\"https:\\\/\\\/www.reseau-entreprendre.org\\\/normandie-estuaire\\\/#organization\",\"name\":\"R\u00e9seau Entreprendre Normandie Estuaire\",\"url\":\"https:\\\/\\\/www.reseau-entreprendre.org\\\/normandie-estuaire\\\/\",\"logo\":{\"@type\":\"ImageObject\",\"inLanguage\":\"fr-FR\",\"@id\":\"https:\\\/\\\/www.reseau-entreprendre.org\\\/normandie-estuaire\\\/#\\\/schema\\\/logo\\\/image\\\/\",\"url\":\"https:\\\/\\\/www.reseau-entreprendre.org\\\/normandie-estuaire\\\/wp-content\\\/uploads\\\/sites\\\/55\\\/2017\\\/11\\\/LOGO-RESE-COULEUR.png\",\"contentUrl\":\"https:\\\/\\\/www.reseau-entreprendre.org\\\/normandie-estuaire\\\/wp-content\\\/uploads\\\/sites\\\/55\\\/2017\\\/11\\\/LOGO-RESE-COULEUR.png\",\"width\":1280,\"height\":333,\"caption\":\"R\u00e9seau Entreprendre Normandie Estuaire\"},\"image\":{\"@id\":\"https:\\\/\\\/www.reseau-entreprendre.org\\\/normandie-estuaire\\\/#\\\/schema\\\/logo\\\/image\\\/\"}}]}<\/script>\n<!-- \/ Yoast SEO plugin. -->","yoast_head_json":{"title":"JE CR\u00c9\u00c9 - R\u00e9seau Entreprendre Normandie Estuaire","robots":{"index":"index","follow":"follow","max-snippet":"max-snippet:-1","max-image-preview":"max-image-preview:large","max-video-preview":"max-video-preview:-1"},"canonical":"https:\/\/www.reseau-entreprendre.org\/normandie-estuaire\/ma-creation\/","og_locale":"fr_FR","og_type":"article","og_title":"JE CR\u00c9\u00c9 - R\u00e9seau Entreprendre Normandie Estuaire","og_description":"Les Formalit\u00e9s Je r\u00e9dige les statuts de mon entreprise Je","og_url":"https:\/\/www.reseau-entreprendre.org\/normandie-estuaire\/ma-creation\/","og_site_name":"R\u00e9seau Entreprendre Normandie Estuaire","article_modified_time":"2023-06-30T14:36:32+00:00","og_image":[{"url":"https:\/\/www.reseau-entreprendre.org\/normandie-estuaire\/wp-content\/uploads\/sites\/55\/2020\/12\/Ma-creation-formalites-1024x582.jpg","type":"","width":"","height":""}],"twitter_card":"summary_large_image","twitter_misc":{"Dur\u00e9e de lecture estim\u00e9e":"1 minute"},"schema":{"@context":"https:\/\/schema.org","@graph":[{"@type":"WebPage","@id":"https:\/\/www.reseau-entreprendre.org\/normandie-estuaire\/ma-creation\/","url":"https:\/\/www.reseau-entreprendre.org\/normandie-estuaire\/ma-creation\/","name":"JE CR\u00c9\u00c9 - R\u00e9seau Entreprendre Normandie Estuaire","isPartOf":{"@id":"https:\/\/www.reseau-entreprendre.org\/normandie-estuaire\/#website"},"primaryImageOfPage":{"@id":"https:\/\/www.reseau-entreprendre.org\/normandie-estuaire\/ma-creation\/#primaryimage"},"image":{"@id":"https:\/\/www.reseau-entreprendre.org\/normandie-estuaire\/ma-creation\/#primaryimage"},"thumbnailUrl":"https:\/\/www.reseau-entreprendre.org\/normandie-estuaire\/wp-content\/uploads\/sites\/55\/2020\/12\/Ma-creation-formalites-1024x582.jpg","datePublished":"2020-12-03T09:15:46+00:00","dateModified":"2023-06-30T14:36:32+00:00","breadcrumb":{"@id":"https:\/\/www.reseau-entreprendre.org\/normandie-estuaire\/ma-creation\/#breadcrumb"},"inLanguage":"fr-FR","potentialAction":[{"@type":"ReadAction","target":["https:\/\/www.reseau-entreprendre.org\/normandie-estuaire\/ma-creation\/"]}]},{"@type":"ImageObject","inLanguage":"fr-FR","@id":"https:\/\/www.reseau-entreprendre.org\/normandie-estuaire\/ma-creation\/#primaryimage","url":"https:\/\/www.reseau-entreprendre.org\/normandie-estuaire\/wp-content\/uploads\/sites\/55\/2020\/12\/Ma-creation-formalites.jpg","contentUrl":"https:\/\/www.reseau-entreprendre.org\/normandie-estuaire\/wp-content\/uploads\/sites\/55\/2020\/12\/Ma-creation-formalites.jpg","width":1037,"height":589},{"@type":"BreadcrumbList","@id":"https:\/\/www.reseau-entreprendre.org\/normandie-estuaire\/ma-creation\/#breadcrumb","itemListElement":[{"@type":"ListItem","position":1,"name":"Accueil","item":"https:\/\/www.reseau-entreprendre.org\/normandie-estuaire\/"},{"@type":"ListItem","position":2,"name":"JE CR\u00c9\u00c9"}]},{"@type":"WebSite","@id":"https:\/\/www.reseau-entreprendre.org\/normandie-estuaire\/#website","url":"https:\/\/www.reseau-entreprendre.org\/normandie-estuaire\/","name":"R\u00e9seau Entreprendre Normandie Estuaire","description":"Un site utilisant Les sites de R\u00e9seau Entreprendre","publisher":{"@id":"https:\/\/www.reseau-entreprendre.org\/normandie-estuaire\/#organization"},"potentialAction":[{"@type":"SearchAction","target":{"@type":"EntryPoint","urlTemplate":"https:\/\/www.reseau-entreprendre.org\/normandie-estuaire\/?s={search_term_string}"},"query-input":{"@type":"PropertyValueSpecification","valueRequired":true,"valueName":"search_term_string"}}],"inLanguage":"fr-FR"},{"@type":"Organization","@id":"https:\/\/www.reseau-entreprendre.org\/normandie-estuaire\/#organization","name":"R\u00e9seau Entreprendre Normandie Estuaire","url":"https:\/\/www.reseau-entreprendre.org\/normandie-estuaire\/","logo":{"@type":"ImageObject","inLanguage":"fr-FR","@id":"https:\/\/www.reseau-entreprendre.org\/normandie-estuaire\/#\/schema\/logo\/image\/","url":"https:\/\/www.reseau-entreprendre.org\/normandie-estuaire\/wp-content\/uploads\/sites\/55\/2017\/11\/LOGO-RESE-COULEUR.png","contentUrl":"https:\/\/www.reseau-entreprendre.org\/normandie-estuaire\/wp-content\/uploads\/sites\/55\/2017\/11\/LOGO-RESE-COULEUR.png","width":1280,"height":333,"caption":"R\u00e9seau Entreprendre Normandie Estuaire"},"image":{"@id":"https:\/\/www.reseau-entreprendre.org\/normandie-estuaire\/#\/schema\/logo\/image\/"}}]}},"_links":{"self":[{"href":"https:\/\/www.reseau-entreprendre.org\/normandie-estuaire\/wp-json\/wp\/v2\/pages\/2133","targetHints":{"allow":["GET"]}}],"collection":[{"href":"https:\/\/www.reseau-entreprendre.org\/normandie-estuaire\/wp-json\/wp\/v2\/pages"}],"about":[{"href":"https:\/\/www.reseau-entreprendre.org\/normandie-estuaire\/wp-json\/wp\/v2\/types\/page"}],"author":[{"embeddable":true,"href":"https:\/\/www.reseau-entreprendre.org\/normandie-estuaire\/wp-json\/wp\/v2\/users\/56"}],"replies":[{"embeddable":true,"href":"https:\/\/www.reseau-entreprendre.org\/normandie-estuaire\/wp-json\/wp\/v2\/comments?post=2133"}],"version-history":[{"count":0,"href":"https:\/\/www.reseau-entreprendre.org\/normandie-estuaire\/wp-json\/wp\/v2\/pages\/2133\/revisions"}],"wp:attachment":[{"href":"https:\/\/www.reseau-entreprendre.org\/normandie-estuaire\/wp-json\/wp\/v2\/media?parent=2133"}],"curies":[{"name":"wp","href":"https:\/\/api.w.org\/{rel}","templated":true}]}}