{"id":2149,"date":"2020-12-03T10:18:52","date_gmt":"2020-12-03T09:18:52","guid":{"rendered":"https:\/\/www.reseau-entreprendre.org\/normandie-estuaire\/?page_id=2149"},"modified":"2022-04-27T17:16:01","modified_gmt":"2022-04-27T15:16:01","slug":"les-demarches-specifiques","status":"publish","type":"page","link":"https:\/\/www.reseau-entreprendre.org\/normandie-estuaire\/les-demarches-specifiques\/","title":{"rendered":"LES D\u00c9MARCHES SP\u00c9CIFIQUES"},"content":{"rendered":"\n<div class=\"wp-block-image\"><figure class=\"aligncenter size-full\"><img loading=\"lazy\" decoding=\"async\" width=\"432\" height=\"168\" src=\"https:\/\/www.reseau-entreprendre.org\/normandie-estuaire\/wp-content\/uploads\/sites\/55\/2022\/04\/2.jpg\" alt=\"\" class=\"wp-image-4609\" srcset=\"https:\/\/www.reseau-entreprendre.org\/normandie-estuaire\/wp-content\/uploads\/sites\/55\/2022\/04\/2.jpg 432w, https:\/\/www.reseau-entreprendre.org\/normandie-estuaire\/wp-content\/uploads\/sites\/55\/2022\/04\/2-300x117.jpg 300w, https:\/\/www.reseau-entreprendre.org\/normandie-estuaire\/wp-content\/uploads\/sites\/55\/2022\/04\/2-210x82.jpg 210w\" sizes=\"auto, (max-width: 432px) 100vw, 432px\" \/><\/figure><\/div>\n\n\n\n<h2 class=\"has-re-red-color has-text-color wp-block-heading\"><span style=\"color: #268597\"><strong>R\u00e9seau Entreprendre aux c\u00f4t\u00e9s des entrepreneurs sociaux et des entreprises \u00e0 impact positif<\/strong><\/span><\/h2>\n\n\n\n<p><span style=\"color: #000000\"><strong>Impact + vise la prise en compte des enjeux sociaux et environnementaux<\/strong> des porteurs de projet jusqu\u2019\u00e0 leur accompagnement. Pour ce faire, <strong>R\u00e9seau Entreprendre<\/strong> met en place une approche qui inclue les enjeux d\u2019impact \u00e0 tous les niveaux.&nbsp;<\/span><\/p>\n\n\n\n<p><span style=\"color: #000000\">L\u2019entreprise doit se situer du c\u00f4t\u00e9 des solutions pour r\u00e9soudre des probl\u00e9matiques sociales et environnementales qui sont d\u2019une ampleur in\u00e9gal\u00e9e.<\/span><\/p>\n\n\n\n<p><span style=\"color: #000000\">R\u00e9seau Entreprendre souhaite faire <strong>partager<\/strong> par tous au sein de sa communaut\u00e9 <strong>une m\u00eame vision de l\u2019entrepreneuriat engag\u00e9 pour le monde de demain<\/strong>&nbsp;!<\/span><\/p>\n\n\n\n<div style=\"height:50px\" aria-hidden=\"true\" class=\"wp-block-spacer\"><\/div>\n\n\n\n<div class=\"wp-block-image\"><figure class=\"aligncenter size-full\"><img loading=\"lazy\" decoding=\"async\" width=\"441\" height=\"197\" src=\"https:\/\/www.reseau-entreprendre.org\/normandie-estuaire\/wp-content\/uploads\/sites\/55\/2022\/04\/1.jpg\" alt=\"\" class=\"wp-image-4610\" srcset=\"https:\/\/www.reseau-entreprendre.org\/normandie-estuaire\/wp-content\/uploads\/sites\/55\/2022\/04\/1.jpg 441w, https:\/\/www.reseau-entreprendre.org\/normandie-estuaire\/wp-content\/uploads\/sites\/55\/2022\/04\/1-300x134.jpg 300w, https:\/\/www.reseau-entreprendre.org\/normandie-estuaire\/wp-content\/uploads\/sites\/55\/2022\/04\/1-210x94.jpg 210w\" sizes=\"auto, (max-width: 441px) 100vw, 441px\" \/><\/figure><\/div>\n\n\n\n<h2 class=\"wp-block-heading\"><span style=\"color: #268597\"><strong>R\u00e9seau Entreprendre accompagne les entrepreneurs innovants et les start-ups<\/strong><\/span><\/h2>\n\n\n\n<p><span style=\"color: #000000\">Rejoignez la communaut\u00e9 des chefs d\u2019entreprises innovantes de R\u00e9seau Entreprendre.<\/span><\/p>\n\n\n\n<p><span style=\"color: #000000\">La mise en r\u00e9seau est l\u2019une des composantes fortes de l\u2019accompagnement que propose R\u00e9seau Entreprendre. En int\u00e9grant R\u00e9seau Entreprendre, vous pourrez acc\u00e9der \u00e0 plus de&nbsp;<strong>3 000 dirigeants, start-uper et d\u00e9veloppeurs d\u2019entreprises innovantes<\/strong>&nbsp;pr\u00eats \u00e0 partager sur vos probl\u00e9matiques sp\u00e9cifiques li\u00e9es \u00e0 la cr\u00e9ation et au d\u00e9veloppement d\u2019entreprise innovante.<\/span><\/p>\n\n\n\n<p><span style=\"color: #000000\">En tant qu\u2019entreprise innovante, vous acc\u00e9derez \u00e0 :<\/span><\/p>\n\n\n\n<ul class=\"wp-block-list\"><li><span style=\"color: #000000\">Tous les financements R\u00e9seau Entreprendre<\/span><\/li><li><span style=\"color: #000000\">Des financements compl\u00e9mentaires pour doubler votre pr\u00eat d\u2019honneur<\/span><\/li><li><span style=\"color: #000000\">Fonds National Innovation<\/span><\/li><\/ul>\n\n\n\n<p><span style=\"color: #000000\">Vous b\u00e9n\u00e9ficierez \u00e9galement de l\u2019ensemble de l\u2019offre de R\u00e9seau Entreprendre : accompagnement individuel par un chef d\u2019entreprise, accompagnement collectif avec d\u2019autres entrepreneurs, financement et mise en r\u00e9seau.<\/span><\/p>\n\n\n\n<div style=\"height:50px\" aria-hidden=\"true\" class=\"wp-block-spacer\"><\/div>\n\n\n\n<div class=\"wp-block-image\"><figure class=\"aligncenter size-full\"><img loading=\"lazy\" decoding=\"async\" width=\"465\" height=\"239\" src=\"https:\/\/www.reseau-entreprendre.org\/normandie-estuaire\/wp-content\/uploads\/sites\/55\/2022\/04\/3.jpg\" alt=\"\" class=\"wp-image-4611\" srcset=\"https:\/\/www.reseau-entreprendre.org\/normandie-estuaire\/wp-content\/uploads\/sites\/55\/2022\/04\/3.jpg 465w, https:\/\/www.reseau-entreprendre.org\/normandie-estuaire\/wp-content\/uploads\/sites\/55\/2022\/04\/3-300x154.jpg 300w, https:\/\/www.reseau-entreprendre.org\/normandie-estuaire\/wp-content\/uploads\/sites\/55\/2022\/04\/3-210x108.jpg 210w\" sizes=\"auto, (max-width: 465px) 100vw, 465px\" \/><\/figure><\/div>\n\n\n\n<h2 class=\"wp-block-heading\"><span style=\"color: #268597\"><strong>R\u00e9seau Entreprendre favorise la mixit\u00e9<\/strong><\/span><\/h2>\n\n\n\n<p><span style=\"color: #000000\">L\u2019association R\u00e9seau Entreprendre Normandie Estuaire prend tr\u00e8s \u00e0 c\u0153ur&nbsp;la mixit\u00e9, qu\u2019elle trouve \u00eatre une source de&nbsp;richesse. R\u00e9seau Entreprendre est un r\u00e9seau \u00ab 100% chefs d\u2019entreprise \u00bb mixte. &nbsp;<\/span><\/p>\n\n\n\n<p><span style=\"color: #000000\">Le programme Wom\u2019energy a pour finalit\u00e9 la mixit\u00e9 homme\/femme dans le monde entrepreneurial en g\u00e9n\u00e9ral et au sein de R\u00e9seau Entreprendre tout particuli\u00e8rement.<\/span><\/p>\n\n\n\n<div style=\"height:50px\" aria-hidden=\"true\" class=\"wp-block-spacer\"><\/div>\n\n\n\n<h5 class=\"has-text-align-center wp-block-heading\"><span style=\"color: #d70635\">Vous \u00eates chef d\u2019entreprise ou cadre dirigeant&nbsp;? <\/span><\/h5>\n\n\n\n<h5 class=\"has-text-align-center wp-block-heading\"><span style=\"color: #d70635\">Vous souhaitez vous impliquer au sein de notre r\u00e9seau&nbsp;?<\/span><\/h5>\n\n\n\n<p><span style=\"color: #d70635\"><\/span><\/p>\n\n\n\n<div class=\"wp-block-buttons is-horizontal is-content-justification-center is-layout-flex wp-container-core-buttons-is-layout-499968f5 wp-block-buttons-is-layout-flex\">\n<div class=\"wp-block-button is-style-fill\"><a class=\"wp-block-button__link has-re-red-background-color has-text-color has-background\" href=\"https:\/\/www.reseau-entreprendre.org\/normandie-estuaire\/contact\" style=\"color:#ffffff\">REJOIGNEZ-NOUS!<\/a><\/div>\n<\/div>\n","protected":false},"excerpt":{"rendered":"<p>R\u00e9seau Entreprendre aux c\u00f4t\u00e9s des entrepreneurs sociaux et des entreprises<\/p>\n","protected":false},"author":56,"featured_media":0,"parent":0,"menu_order":0,"comment_status":"closed","ping_status":"closed","template":"","meta":{"_acf_changed":false,"_monsterinsights_skip_tracking":false,"_monsterinsights_sitenote_active":false,"_monsterinsights_sitenote_note":"","_monsterinsights_sitenote_category":0,"footnotes":""},"class_list":["post-2149","page","type-page","status-publish","hentry"],"acf":[],"yoast_head":"<!-- This site is optimized with the Yoast SEO plugin v27.4 - https:\/\/yoast.com\/product\/yoast-seo-wordpress\/ -->\n<title>LES D\u00c9MARCHES SP\u00c9CIFIQUES - R\u00e9seau Entreprendre Normandie Estuaire<\/title>\n<meta name=\"robots\" content=\"index, follow, max-snippet:-1, max-image-preview:large, max-video-preview:-1\" \/>\n<link rel=\"canonical\" href=\"https:\/\/www.reseau-entreprendre.org\/normandie-estuaire\/les-demarches-specifiques\/\" \/>\n<meta property=\"og:locale\" content=\"fr_FR\" \/>\n<meta property=\"og:type\" content=\"article\" \/>\n<meta property=\"og:title\" content=\"LES D\u00c9MARCHES SP\u00c9CIFIQUES - R\u00e9seau Entreprendre Normandie Estuaire\" \/>\n<meta property=\"og:description\" content=\"R\u00e9seau Entreprendre aux c\u00f4t\u00e9s des entrepreneurs sociaux et des entreprises\" \/>\n<meta property=\"og:url\" content=\"https:\/\/www.reseau-entreprendre.org\/normandie-estuaire\/les-demarches-specifiques\/\" \/>\n<meta property=\"og:site_name\" content=\"R\u00e9seau Entreprendre Normandie Estuaire\" \/>\n<meta property=\"article:modified_time\" content=\"2022-04-27T15:16:01+00:00\" \/>\n<meta property=\"og:image\" content=\"https:\/\/www.reseau-entreprendre.org\/normandie-estuaire\/wp-content\/uploads\/sites\/55\/2022\/04\/2.jpg\" \/>\n<meta name=\"twitter:card\" content=\"summary_large_image\" \/>\n<meta name=\"twitter:label1\" content=\"Dur\u00e9e de lecture estim\u00e9e\" \/>\n\t<meta name=\"twitter:data1\" content=\"3 minutes\" \/>\n<script type=\"application\/ld+json\" class=\"yoast-schema-graph\">{\"@context\":\"https:\\\/\\\/schema.org\",\"@graph\":[{\"@type\":\"WebPage\",\"@id\":\"https:\\\/\\\/www.reseau-entreprendre.org\\\/normandie-estuaire\\\/les-demarches-specifiques\\\/\",\"url\":\"https:\\\/\\\/www.reseau-entreprendre.org\\\/normandie-estuaire\\\/les-demarches-specifiques\\\/\",\"name\":\"LES D\u00c9MARCHES SP\u00c9CIFIQUES - R\u00e9seau Entreprendre Normandie Estuaire\",\"isPartOf\":{\"@id\":\"https:\\\/\\\/www.reseau-entreprendre.org\\\/normandie-estuaire\\\/#website\"},\"primaryImageOfPage\":{\"@id\":\"https:\\\/\\\/www.reseau-entreprendre.org\\\/normandie-estuaire\\\/les-demarches-specifiques\\\/#primaryimage\"},\"image\":{\"@id\":\"https:\\\/\\\/www.reseau-entreprendre.org\\\/normandie-estuaire\\\/les-demarches-specifiques\\\/#primaryimage\"},\"thumbnailUrl\":\"https:\\\/\\\/www.reseau-entreprendre.org\\\/normandie-estuaire\\\/wp-content\\\/uploads\\\/sites\\\/55\\\/2022\\\/04\\\/2.jpg\",\"datePublished\":\"2020-12-03T09:18:52+00:00\",\"dateModified\":\"2022-04-27T15:16:01+00:00\",\"breadcrumb\":{\"@id\":\"https:\\\/\\\/www.reseau-entreprendre.org\\\/normandie-estuaire\\\/les-demarches-specifiques\\\/#breadcrumb\"},\"inLanguage\":\"fr-FR\",\"potentialAction\":[{\"@type\":\"ReadAction\",\"target\":[\"https:\\\/\\\/www.reseau-entreprendre.org\\\/normandie-estuaire\\\/les-demarches-specifiques\\\/\"]}]},{\"@type\":\"ImageObject\",\"inLanguage\":\"fr-FR\",\"@id\":\"https:\\\/\\\/www.reseau-entreprendre.org\\\/normandie-estuaire\\\/les-demarches-specifiques\\\/#primaryimage\",\"url\":\"https:\\\/\\\/www.reseau-entreprendre.org\\\/normandie-estuaire\\\/wp-content\\\/uploads\\\/sites\\\/55\\\/2022\\\/04\\\/2.jpg\",\"contentUrl\":\"https:\\\/\\\/www.reseau-entreprendre.org\\\/normandie-estuaire\\\/wp-content\\\/uploads\\\/sites\\\/55\\\/2022\\\/04\\\/2.jpg\",\"width\":432,\"height\":168},{\"@type\":\"BreadcrumbList\",\"@id\":\"https:\\\/\\\/www.reseau-entreprendre.org\\\/normandie-estuaire\\\/les-demarches-specifiques\\\/#breadcrumb\",\"itemListElement\":[{\"@type\":\"ListItem\",\"position\":1,\"name\":\"Accueil\",\"item\":\"https:\\\/\\\/www.reseau-entreprendre.org\\\/normandie-estuaire\\\/\"},{\"@type\":\"ListItem\",\"position\":2,\"name\":\"LES D\u00c9MARCHES SP\u00c9CIFIQUES\"}]},{\"@type\":\"WebSite\",\"@id\":\"https:\\\/\\\/www.reseau-entreprendre.org\\\/normandie-estuaire\\\/#website\",\"url\":\"https:\\\/\\\/www.reseau-entreprendre.org\\\/normandie-estuaire\\\/\",\"name\":\"R\u00e9seau Entreprendre Normandie Estuaire\",\"description\":\"Un site utilisant Les sites de R\u00e9seau Entreprendre\",\"publisher\":{\"@id\":\"https:\\\/\\\/www.reseau-entreprendre.org\\\/normandie-estuaire\\\/#organization\"},\"potentialAction\":[{\"@type\":\"SearchAction\",\"target\":{\"@type\":\"EntryPoint\",\"urlTemplate\":\"https:\\\/\\\/www.reseau-entreprendre.org\\\/normandie-estuaire\\\/?s={search_term_string}\"},\"query-input\":{\"@type\":\"PropertyValueSpecification\",\"valueRequired\":true,\"valueName\":\"search_term_string\"}}],\"inLanguage\":\"fr-FR\"},{\"@type\":\"Organization\",\"@id\":\"https:\\\/\\\/www.reseau-entreprendre.org\\\/normandie-estuaire\\\/#organization\",\"name\":\"R\u00e9seau Entreprendre Normandie Estuaire\",\"url\":\"https:\\\/\\\/www.reseau-entreprendre.org\\\/normandie-estuaire\\\/\",\"logo\":{\"@type\":\"ImageObject\",\"inLanguage\":\"fr-FR\",\"@id\":\"https:\\\/\\\/www.reseau-entreprendre.org\\\/normandie-estuaire\\\/#\\\/schema\\\/logo\\\/image\\\/\",\"url\":\"https:\\\/\\\/www.reseau-entreprendre.org\\\/normandie-estuaire\\\/wp-content\\\/uploads\\\/sites\\\/55\\\/2017\\\/11\\\/LOGO-RESE-COULEUR.png\",\"contentUrl\":\"https:\\\/\\\/www.reseau-entreprendre.org\\\/normandie-estuaire\\\/wp-content\\\/uploads\\\/sites\\\/55\\\/2017\\\/11\\\/LOGO-RESE-COULEUR.png\",\"width\":1280,\"height\":333,\"caption\":\"R\u00e9seau Entreprendre Normandie Estuaire\"},\"image\":{\"@id\":\"https:\\\/\\\/www.reseau-entreprendre.org\\\/normandie-estuaire\\\/#\\\/schema\\\/logo\\\/image\\\/\"}}]}<\/script>\n<!-- \/ Yoast SEO plugin. -->","yoast_head_json":{"title":"LES D\u00c9MARCHES SP\u00c9CIFIQUES - R\u00e9seau Entreprendre Normandie Estuaire","robots":{"index":"index","follow":"follow","max-snippet":"max-snippet:-1","max-image-preview":"max-image-preview:large","max-video-preview":"max-video-preview:-1"},"canonical":"https:\/\/www.reseau-entreprendre.org\/normandie-estuaire\/les-demarches-specifiques\/","og_locale":"fr_FR","og_type":"article","og_title":"LES D\u00c9MARCHES SP\u00c9CIFIQUES - R\u00e9seau Entreprendre Normandie Estuaire","og_description":"R\u00e9seau Entreprendre aux c\u00f4t\u00e9s des entrepreneurs sociaux et des entreprises","og_url":"https:\/\/www.reseau-entreprendre.org\/normandie-estuaire\/les-demarches-specifiques\/","og_site_name":"R\u00e9seau Entreprendre Normandie Estuaire","article_modified_time":"2022-04-27T15:16:01+00:00","og_image":[{"url":"https:\/\/www.reseau-entreprendre.org\/normandie-estuaire\/wp-content\/uploads\/sites\/55\/2022\/04\/2.jpg","type":"","width":"","height":""}],"twitter_card":"summary_large_image","twitter_misc":{"Dur\u00e9e de lecture estim\u00e9e":"3 minutes"},"schema":{"@context":"https:\/\/schema.org","@graph":[{"@type":"WebPage","@id":"https:\/\/www.reseau-entreprendre.org\/normandie-estuaire\/les-demarches-specifiques\/","url":"https:\/\/www.reseau-entreprendre.org\/normandie-estuaire\/les-demarches-specifiques\/","name":"LES D\u00c9MARCHES SP\u00c9CIFIQUES - R\u00e9seau Entreprendre Normandie Estuaire","isPartOf":{"@id":"https:\/\/www.reseau-entreprendre.org\/normandie-estuaire\/#website"},"primaryImageOfPage":{"@id":"https:\/\/www.reseau-entreprendre.org\/normandie-estuaire\/les-demarches-specifiques\/#primaryimage"},"image":{"@id":"https:\/\/www.reseau-entreprendre.org\/normandie-estuaire\/les-demarches-specifiques\/#primaryimage"},"thumbnailUrl":"https:\/\/www.reseau-entreprendre.org\/normandie-estuaire\/wp-content\/uploads\/sites\/55\/2022\/04\/2.jpg","datePublished":"2020-12-03T09:18:52+00:00","dateModified":"2022-04-27T15:16:01+00:00","breadcrumb":{"@id":"https:\/\/www.reseau-entreprendre.org\/normandie-estuaire\/les-demarches-specifiques\/#breadcrumb"},"inLanguage":"fr-FR","potentialAction":[{"@type":"ReadAction","target":["https:\/\/www.reseau-entreprendre.org\/normandie-estuaire\/les-demarches-specifiques\/"]}]},{"@type":"ImageObject","inLanguage":"fr-FR","@id":"https:\/\/www.reseau-entreprendre.org\/normandie-estuaire\/les-demarches-specifiques\/#primaryimage","url":"https:\/\/www.reseau-entreprendre.org\/normandie-estuaire\/wp-content\/uploads\/sites\/55\/2022\/04\/2.jpg","contentUrl":"https:\/\/www.reseau-entreprendre.org\/normandie-estuaire\/wp-content\/uploads\/sites\/55\/2022\/04\/2.jpg","width":432,"height":168},{"@type":"BreadcrumbList","@id":"https:\/\/www.reseau-entreprendre.org\/normandie-estuaire\/les-demarches-specifiques\/#breadcrumb","itemListElement":[{"@type":"ListItem","position":1,"name":"Accueil","item":"https:\/\/www.reseau-entreprendre.org\/normandie-estuaire\/"},{"@type":"ListItem","position":2,"name":"LES D\u00c9MARCHES SP\u00c9CIFIQUES"}]},{"@type":"WebSite","@id":"https:\/\/www.reseau-entreprendre.org\/normandie-estuaire\/#website","url":"https:\/\/www.reseau-entreprendre.org\/normandie-estuaire\/","name":"R\u00e9seau Entreprendre Normandie Estuaire","description":"Un site utilisant Les sites de R\u00e9seau Entreprendre","publisher":{"@id":"https:\/\/www.reseau-entreprendre.org\/normandie-estuaire\/#organization"},"potentialAction":[{"@type":"SearchAction","target":{"@type":"EntryPoint","urlTemplate":"https:\/\/www.reseau-entreprendre.org\/normandie-estuaire\/?s={search_term_string}"},"query-input":{"@type":"PropertyValueSpecification","valueRequired":true,"valueName":"search_term_string"}}],"inLanguage":"fr-FR"},{"@type":"Organization","@id":"https:\/\/www.reseau-entreprendre.org\/normandie-estuaire\/#organization","name":"R\u00e9seau Entreprendre Normandie Estuaire","url":"https:\/\/www.reseau-entreprendre.org\/normandie-estuaire\/","logo":{"@type":"ImageObject","inLanguage":"fr-FR","@id":"https:\/\/www.reseau-entreprendre.org\/normandie-estuaire\/#\/schema\/logo\/image\/","url":"https:\/\/www.reseau-entreprendre.org\/normandie-estuaire\/wp-content\/uploads\/sites\/55\/2017\/11\/LOGO-RESE-COULEUR.png","contentUrl":"https:\/\/www.reseau-entreprendre.org\/normandie-estuaire\/wp-content\/uploads\/sites\/55\/2017\/11\/LOGO-RESE-COULEUR.png","width":1280,"height":333,"caption":"R\u00e9seau Entreprendre Normandie Estuaire"},"image":{"@id":"https:\/\/www.reseau-entreprendre.org\/normandie-estuaire\/#\/schema\/logo\/image\/"}}]}},"_links":{"self":[{"href":"https:\/\/www.reseau-entreprendre.org\/normandie-estuaire\/wp-json\/wp\/v2\/pages\/2149","targetHints":{"allow":["GET"]}}],"collection":[{"href":"https:\/\/www.reseau-entreprendre.org\/normandie-estuaire\/wp-json\/wp\/v2\/pages"}],"about":[{"href":"https:\/\/www.reseau-entreprendre.org\/normandie-estuaire\/wp-json\/wp\/v2\/types\/page"}],"author":[{"embeddable":true,"href":"https:\/\/www.reseau-entreprendre.org\/normandie-estuaire\/wp-json\/wp\/v2\/users\/56"}],"replies":[{"embeddable":true,"href":"https:\/\/www.reseau-entreprendre.org\/normandie-estuaire\/wp-json\/wp\/v2\/comments?post=2149"}],"version-history":[{"count":0,"href":"https:\/\/www.reseau-entreprendre.org\/normandie-estuaire\/wp-json\/wp\/v2\/pages\/2149\/revisions"}],"wp:attachment":[{"href":"https:\/\/www.reseau-entreprendre.org\/normandie-estuaire\/wp-json\/wp\/v2\/media?parent=2149"}],"curies":[{"name":"wp","href":"https:\/\/api.w.org\/{rel}","templated":true}]}}