{"id":2173,"date":"2020-12-04T10:23:39","date_gmt":"2020-12-04T09:23:39","guid":{"rendered":"https:\/\/www.reseau-entreprendre.org\/normandie-estuaire\/?page_id=2173"},"modified":"2026-02-25T13:23:09","modified_gmt":"2026-02-25T12:23:09","slug":"notre-equipe","status":"publish","type":"page","link":"https:\/\/www.reseau-entreprendre.org\/normandie-estuaire\/notre-equipe\/","title":{"rendered":"NOTRE \u00c9QUIPE"},"content":{"rendered":"\n<h1 class=\"wp-block-heading has-text-align-center has-re-blue-color has-text-color\"><strong>Le Pr\u00e9sident<\/strong><\/h1>\n\n\n\n<div style=\"height:30px\" aria-hidden=\"true\" class=\"wp-block-spacer\"><\/div>\n\n\n<div class=\"wp-block-image\">\n<figure class=\"aligncenter size-large is-resized\"><img loading=\"lazy\" decoding=\"async\" width=\"1024\" height=\"1024\" src=\"https:\/\/www.reseau-entreprendre.org\/normandie-estuaire\/wp-content\/uploads\/sites\/55\/2026\/02\/Design-sans-titre-2-1024x1024.png\" alt=\"\" class=\"wp-image-6851\" style=\"width:323px;height:auto\" srcset=\"https:\/\/www.reseau-entreprendre.org\/normandie-estuaire\/wp-content\/uploads\/sites\/55\/2026\/02\/Design-sans-titre-2-1024x1024.png 1024w, https:\/\/www.reseau-entreprendre.org\/normandie-estuaire\/wp-content\/uploads\/sites\/55\/2026\/02\/Design-sans-titre-2-300x300.png 300w, https:\/\/www.reseau-entreprendre.org\/normandie-estuaire\/wp-content\/uploads\/sites\/55\/2026\/02\/Design-sans-titre-2-150x150.png 150w, https:\/\/www.reseau-entreprendre.org\/normandie-estuaire\/wp-content\/uploads\/sites\/55\/2026\/02\/Design-sans-titre-2-768x768.png 768w, https:\/\/www.reseau-entreprendre.org\/normandie-estuaire\/wp-content\/uploads\/sites\/55\/2026\/02\/Design-sans-titre-2-500x500.png 500w, https:\/\/www.reseau-entreprendre.org\/normandie-estuaire\/wp-content\/uploads\/sites\/55\/2026\/02\/Design-sans-titre-2-130x130.png 130w, https:\/\/www.reseau-entreprendre.org\/normandie-estuaire\/wp-content\/uploads\/sites\/55\/2026\/02\/Design-sans-titre-2-100x100.png 100w, https:\/\/www.reseau-entreprendre.org\/normandie-estuaire\/wp-content\/uploads\/sites\/55\/2026\/02\/Design-sans-titre-2-scaled.png 1140w\" sizes=\"auto, (max-width: 1024px) 100vw, 1024px\" \/><\/figure>\n<\/div>\n\n\n<div style=\"height:20px\" aria-hidden=\"true\" class=\"wp-block-spacer\"><\/div>\n\n\n\n<p class=\"has-text-align-center\"><span style=\"color: #000000\"><strong>Clarisse ABO-DIB VATINEL \u2013 LE C\u00c8DRE HOSPITALITY<\/strong><\/span><\/p>\n\n\n\n<div style=\"height:30px\" aria-hidden=\"true\" class=\"wp-block-spacer\"><\/div>\n\n\n\n<p><em>Depuis plus de 30 ans,&nbsp;<\/em><strong><em>R\u00e9seau Entreprendre\u00ae&nbsp;Normandie Estuaire&nbsp;<\/em><\/strong><em>mobilise pr\u00e8s de<\/em><strong><em>&nbsp;112 chefs d\u2019entreprise<\/em><\/strong><em>, b\u00e9n\u00e9voles et engag\u00e9s, qui contribuent \u00e0 faire r\u00e9ussir les entrepreneurs locaux qui eux-m\u00eames cr\u00e9eront les emplois de demain.<\/em><\/p>\n\n\n\n<p><em>Nous sommes la&nbsp;<\/em><strong><em>3<sup>\u00e8me<\/sup>&nbsp;association R\u00e9seau Entreprendre&nbsp;<\/em><\/strong><em>cr\u00e9\u00e9e en France et participons \u00e0 ce titre activement \u00e0 la vie de notre F\u00e9d\u00e9ration nationale. Notre association est ind\u00e9pendante<\/em><\/p>\n\n\n\n<p><em>L\u2019humain est au centre de nos actions, nous accompagnons les entrepreneurs \u00e0 tous les stades de d\u00e9veloppement de l\u2019entreprise&nbsp;et nous proposons d\u00e9sormais 4 programmes&nbsp;: START, BOOSTER, AMBITION et Re-START, programme cr\u00e9\u00e9 pendant l\u2019\u00e9pid\u00e9mie de Covid 19.<\/em><\/p>\n\n\n\n<p><em>R\u00e9seau entreprendre accompagne des laur\u00e9ats, dont les candidatures sont jug\u00e9es par un comit\u00e9 d\u2019engagement, sur leur capacit\u00e9 \u00e0 cr\u00e9er significativement de l\u2019emploi et de la richesse sur le territoire, mais aussi sur la capacit\u00e9 du laur\u00e9at, \u00e0 \u00eatre accompagn\u00e9.<\/em><\/p>\n\n\n\n<p><em>Tout l\u2019accompagnement humain des laur\u00e9ats R\u00e9seau Entreprendre est rendu possible par l\u2019engagement permanent et b\u00e9n\u00e9vole de plus de 100 chefs d\u2019entreprises, qui donnent de leur temps&nbsp;; partagent leur exp\u00e9rience et leur vision, pour soutenir les projets des laur\u00e9ats, mais&nbsp; aussi les challenger.<\/em><\/p>\n\n\n\n<p><em>R\u00e9seau Entreprendre Normandie Estuaire est une association pionni\u00e8re en mati\u00e8re de RSE, qui a depuis de nombreuses ann\u00e9es, plac\u00e9 l\u2019humain et l\u2019environnement, au c\u0153ur de ses actions et a particuli\u00e8rement sensibilis\u00e9 ses membres, \u00e0 porter un d\u00e9veloppement \u00e9conomique plus vertueux et responsable.<\/em><\/p>\n\n\n\n<p><em>A l\u2019aube de ce nouveau mandat, je souhaite poursuivre l\u2019effort de notori\u00e9t\u00e9 de notre association; recruter de nouveaux membres pour accroitre nos capacit\u00e9s d\u2019accompagnement de laur\u00e9ats&nbsp;; qui seront demain \u00e0 leur tour, ces entrepreneurs solidaires et engag\u00e9s, permettant \u00e0 notre territoire de cr\u00e9er durablement de l\u2019emploi.<\/em><\/p>\n\n\n\n<div style=\"height:100px\" aria-hidden=\"true\" class=\"wp-block-spacer\"><\/div>\n\n\n\n<h1 class=\"wp-block-heading has-text-align-center has-re-blue-color has-text-color\"><strong>Les Membres du Bureau<\/strong><\/h1>\n\n\n\n<div style=\"height:30px\" aria-hidden=\"true\" class=\"wp-block-spacer\"><\/div>\n\n\n<div class=\"wp-block-image\">\n<figure class=\"aligncenter size-large is-resized\"><img loading=\"lazy\" decoding=\"async\" width=\"1024\" height=\"574\" src=\"https:\/\/www.reseau-entreprendre.org\/normandie-estuaire\/wp-content\/uploads\/sites\/55\/2025\/11\/1-1024x574.jpg\" alt=\"\" class=\"wp-image-6686\" style=\"width:760px;height:auto\" srcset=\"https:\/\/www.reseau-entreprendre.org\/normandie-estuaire\/wp-content\/uploads\/sites\/55\/2025\/11\/1-1024x574.jpg 1024w, https:\/\/www.reseau-entreprendre.org\/normandie-estuaire\/wp-content\/uploads\/sites\/55\/2025\/11\/1-300x168.jpg 300w, https:\/\/www.reseau-entreprendre.org\/normandie-estuaire\/wp-content\/uploads\/sites\/55\/2025\/11\/1-768x431.jpg 768w, https:\/\/www.reseau-entreprendre.org\/normandie-estuaire\/wp-content\/uploads\/sites\/55\/2025\/11\/1-210x118.jpg 210w, https:\/\/www.reseau-entreprendre.org\/normandie-estuaire\/wp-content\/uploads\/sites\/55\/2025\/11\/1-100x56.jpg 100w, https:\/\/www.reseau-entreprendre.org\/normandie-estuaire\/wp-content\/uploads\/sites\/55\/2025\/11\/1-scaled.jpg 1140w\" sizes=\"auto, (max-width: 1024px) 100vw, 1024px\" \/><\/figure>\n<\/div>\n\n\n<div style=\"height:30px\" aria-hidden=\"true\" class=\"wp-block-spacer\"><\/div>\n\n\n\n<h1 class=\"wp-block-heading has-text-align-center has-re-blue-color has-text-color\"><strong>Les Membres Administrateurs<\/strong><\/h1>\n\n\n\n<div style=\"height:30px\" aria-hidden=\"true\" class=\"wp-block-spacer\"><\/div>\n\n\n<div class=\"wp-block-image\">\n<figure class=\"aligncenter size-full is-resized\"><img loading=\"lazy\" decoding=\"async\" width=\"928\" height=\"549\" src=\"https:\/\/www.reseau-entreprendre.org\/normandie-estuaire\/wp-content\/uploads\/sites\/55\/2025\/11\/2.jpg\" alt=\"\" class=\"wp-image-6687\" style=\"width:685px;height:auto\" srcset=\"https:\/\/www.reseau-entreprendre.org\/normandie-estuaire\/wp-content\/uploads\/sites\/55\/2025\/11\/2.jpg 928w, https:\/\/www.reseau-entreprendre.org\/normandie-estuaire\/wp-content\/uploads\/sites\/55\/2025\/11\/2-300x177.jpg 300w, https:\/\/www.reseau-entreprendre.org\/normandie-estuaire\/wp-content\/uploads\/sites\/55\/2025\/11\/2-768x454.jpg 768w, https:\/\/www.reseau-entreprendre.org\/normandie-estuaire\/wp-content\/uploads\/sites\/55\/2025\/11\/2-210x124.jpg 210w, https:\/\/www.reseau-entreprendre.org\/normandie-estuaire\/wp-content\/uploads\/sites\/55\/2025\/11\/2-100x59.jpg 100w\" sizes=\"auto, (max-width: 928px) 100vw, 928px\" \/><\/figure>\n<\/div>\n\n\n<div style=\"height:30px\" aria-hidden=\"true\" class=\"wp-block-spacer\"><\/div>\n\n\n\n<h3 class=\"wp-block-heading has-text-align-center has-re-blue-color has-text-color\"><strong>Les Administrateurs d\u00e9l\u00e9gu\u00e9s des associations R\u00e9seau Entreprendre normandes<\/strong><\/h3>\n\n\n\n<div style=\"height:30px\" aria-hidden=\"true\" class=\"wp-block-spacer\"><\/div>\n\n\n<div class=\"wp-block-image\">\n<figure class=\"aligncenter size-full\"><img loading=\"lazy\" decoding=\"async\" width=\"514\" height=\"246\" src=\"https:\/\/www.reseau-entreprendre.org\/normandie-estuaire\/wp-content\/uploads\/sites\/55\/2025\/04\/Capture-1-2.png\" alt=\"\" class=\"wp-image-6587\" srcset=\"https:\/\/www.reseau-entreprendre.org\/normandie-estuaire\/wp-content\/uploads\/sites\/55\/2025\/04\/Capture-1-2.png 514w, https:\/\/www.reseau-entreprendre.org\/normandie-estuaire\/wp-content\/uploads\/sites\/55\/2025\/04\/Capture-1-2-300x144.png 300w, https:\/\/www.reseau-entreprendre.org\/normandie-estuaire\/wp-content\/uploads\/sites\/55\/2025\/04\/Capture-1-2-210x101.png 210w, https:\/\/www.reseau-entreprendre.org\/normandie-estuaire\/wp-content\/uploads\/sites\/55\/2025\/04\/Capture-1-2-100x48.png 100w\" sizes=\"auto, (max-width: 514px) 100vw, 514px\" \/><\/figure>\n<\/div>\n\n\n<div style=\"height:30px\" aria-hidden=\"true\" class=\"wp-block-spacer\"><\/div>\n","protected":false},"excerpt":{"rendered":"<p>Le Pr\u00e9sident Clarisse ABO-DIB VATINEL \u2013 LE C\u00c8DRE HOSPITALITY Depuis<\/p>\n","protected":false},"author":56,"featured_media":0,"parent":0,"menu_order":0,"comment_status":"closed","ping_status":"closed","template":"","meta":{"_acf_changed":false,"_monsterinsights_skip_tracking":false,"_monsterinsights_sitenote_active":false,"_monsterinsights_sitenote_note":"","_monsterinsights_sitenote_category":0,"footnotes":""},"class_list":["post-2173","page","type-page","status-publish","hentry"],"acf":[],"yoast_head":"<!-- This site is optimized with the Yoast SEO plugin v27.4 - https:\/\/yoast.com\/product\/yoast-seo-wordpress\/ -->\n<title>NOTRE \u00c9QUIPE - R\u00e9seau Entreprendre Normandie Estuaire<\/title>\n<meta name=\"description\" content=\"D\u00e9couvrez les membres du Conseil d&#039;Administration R\u00e9seau Entreprendre Normandie Estuaire.\" \/>\n<meta name=\"robots\" content=\"index, follow, max-snippet:-1, max-image-preview:large, max-video-preview:-1\" \/>\n<link rel=\"canonical\" href=\"https:\/\/www.reseau-entreprendre.org\/normandie-estuaire\/notre-equipe\/\" \/>\n<meta property=\"og:locale\" content=\"fr_FR\" \/>\n<meta property=\"og:type\" content=\"article\" \/>\n<meta property=\"og:title\" content=\"NOTRE \u00c9QUIPE - R\u00e9seau Entreprendre Normandie Estuaire\" \/>\n<meta property=\"og:description\" content=\"D\u00e9couvrez les membres du Conseil d&#039;Administration R\u00e9seau Entreprendre Normandie Estuaire.\" \/>\n<meta property=\"og:url\" content=\"https:\/\/www.reseau-entreprendre.org\/normandie-estuaire\/notre-equipe\/\" \/>\n<meta property=\"og:site_name\" content=\"R\u00e9seau Entreprendre Normandie Estuaire\" \/>\n<meta property=\"article:modified_time\" content=\"2026-02-25T12:23:09+00:00\" \/>\n<meta property=\"og:image\" content=\"https:\/\/www.reseau-entreprendre.org\/normandie-estuaire\/wp-content\/uploads\/sites\/55\/2026\/02\/Design-sans-titre-2-scaled.png\" \/>\n\t<meta property=\"og:image:width\" content=\"1140\" \/>\n\t<meta property=\"og:image:height\" content=\"1140\" \/>\n\t<meta property=\"og:image:type\" content=\"image\/png\" \/>\n<meta name=\"twitter:card\" content=\"summary_large_image\" \/>\n<meta name=\"twitter:label1\" content=\"Dur\u00e9e de lecture estim\u00e9e\" \/>\n\t<meta name=\"twitter:data1\" content=\"3 minutes\" \/>\n<script type=\"application\/ld+json\" class=\"yoast-schema-graph\">{\"@context\":\"https:\\\/\\\/schema.org\",\"@graph\":[{\"@type\":\"WebPage\",\"@id\":\"https:\\\/\\\/www.reseau-entreprendre.org\\\/normandie-estuaire\\\/notre-equipe\\\/\",\"url\":\"https:\\\/\\\/www.reseau-entreprendre.org\\\/normandie-estuaire\\\/notre-equipe\\\/\",\"name\":\"NOTRE \u00c9QUIPE - R\u00e9seau Entreprendre Normandie Estuaire\",\"isPartOf\":{\"@id\":\"https:\\\/\\\/www.reseau-entreprendre.org\\\/normandie-estuaire\\\/#website\"},\"primaryImageOfPage\":{\"@id\":\"https:\\\/\\\/www.reseau-entreprendre.org\\\/normandie-estuaire\\\/notre-equipe\\\/#primaryimage\"},\"image\":{\"@id\":\"https:\\\/\\\/www.reseau-entreprendre.org\\\/normandie-estuaire\\\/notre-equipe\\\/#primaryimage\"},\"thumbnailUrl\":\"https:\\\/\\\/www.reseau-entreprendre.org\\\/normandie-estuaire\\\/wp-content\\\/uploads\\\/sites\\\/55\\\/2026\\\/02\\\/Design-sans-titre-2-1024x1024.png\",\"datePublished\":\"2020-12-04T09:23:39+00:00\",\"dateModified\":\"2026-02-25T12:23:09+00:00\",\"description\":\"D\u00e9couvrez les membres du Conseil d'Administration R\u00e9seau Entreprendre Normandie Estuaire.\",\"breadcrumb\":{\"@id\":\"https:\\\/\\\/www.reseau-entreprendre.org\\\/normandie-estuaire\\\/notre-equipe\\\/#breadcrumb\"},\"inLanguage\":\"fr-FR\",\"potentialAction\":[{\"@type\":\"ReadAction\",\"target\":[\"https:\\\/\\\/www.reseau-entreprendre.org\\\/normandie-estuaire\\\/notre-equipe\\\/\"]}]},{\"@type\":\"ImageObject\",\"inLanguage\":\"fr-FR\",\"@id\":\"https:\\\/\\\/www.reseau-entreprendre.org\\\/normandie-estuaire\\\/notre-equipe\\\/#primaryimage\",\"url\":\"https:\\\/\\\/www.reseau-entreprendre.org\\\/normandie-estuaire\\\/wp-content\\\/uploads\\\/sites\\\/55\\\/2026\\\/02\\\/Design-sans-titre-2-scaled.png\",\"contentUrl\":\"https:\\\/\\\/www.reseau-entreprendre.org\\\/normandie-estuaire\\\/wp-content\\\/uploads\\\/sites\\\/55\\\/2026\\\/02\\\/Design-sans-titre-2-scaled.png\",\"width\":1140,\"height\":1140},{\"@type\":\"BreadcrumbList\",\"@id\":\"https:\\\/\\\/www.reseau-entreprendre.org\\\/normandie-estuaire\\\/notre-equipe\\\/#breadcrumb\",\"itemListElement\":[{\"@type\":\"ListItem\",\"position\":1,\"name\":\"Accueil\",\"item\":\"https:\\\/\\\/www.reseau-entreprendre.org\\\/normandie-estuaire\\\/\"},{\"@type\":\"ListItem\",\"position\":2,\"name\":\"NOTRE \u00c9QUIPE\"}]},{\"@type\":\"WebSite\",\"@id\":\"https:\\\/\\\/www.reseau-entreprendre.org\\\/normandie-estuaire\\\/#website\",\"url\":\"https:\\\/\\\/www.reseau-entreprendre.org\\\/normandie-estuaire\\\/\",\"name\":\"R\u00e9seau Entreprendre Normandie Estuaire\",\"description\":\"Un site utilisant Les sites de R\u00e9seau Entreprendre\",\"publisher\":{\"@id\":\"https:\\\/\\\/www.reseau-entreprendre.org\\\/normandie-estuaire\\\/#organization\"},\"potentialAction\":[{\"@type\":\"SearchAction\",\"target\":{\"@type\":\"EntryPoint\",\"urlTemplate\":\"https:\\\/\\\/www.reseau-entreprendre.org\\\/normandie-estuaire\\\/?s={search_term_string}\"},\"query-input\":{\"@type\":\"PropertyValueSpecification\",\"valueRequired\":true,\"valueName\":\"search_term_string\"}}],\"inLanguage\":\"fr-FR\"},{\"@type\":\"Organization\",\"@id\":\"https:\\\/\\\/www.reseau-entreprendre.org\\\/normandie-estuaire\\\/#organization\",\"name\":\"R\u00e9seau Entreprendre Normandie Estuaire\",\"url\":\"https:\\\/\\\/www.reseau-entreprendre.org\\\/normandie-estuaire\\\/\",\"logo\":{\"@type\":\"ImageObject\",\"inLanguage\":\"fr-FR\",\"@id\":\"https:\\\/\\\/www.reseau-entreprendre.org\\\/normandie-estuaire\\\/#\\\/schema\\\/logo\\\/image\\\/\",\"url\":\"https:\\\/\\\/www.reseau-entreprendre.org\\\/normandie-estuaire\\\/wp-content\\\/uploads\\\/sites\\\/55\\\/2017\\\/11\\\/LOGO-RESE-COULEUR.png\",\"contentUrl\":\"https:\\\/\\\/www.reseau-entreprendre.org\\\/normandie-estuaire\\\/wp-content\\\/uploads\\\/sites\\\/55\\\/2017\\\/11\\\/LOGO-RESE-COULEUR.png\",\"width\":1280,\"height\":333,\"caption\":\"R\u00e9seau Entreprendre Normandie Estuaire\"},\"image\":{\"@id\":\"https:\\\/\\\/www.reseau-entreprendre.org\\\/normandie-estuaire\\\/#\\\/schema\\\/logo\\\/image\\\/\"}}]}<\/script>\n<!-- \/ Yoast SEO plugin. -->","yoast_head_json":{"title":"NOTRE \u00c9QUIPE - R\u00e9seau Entreprendre Normandie Estuaire","description":"D\u00e9couvrez les membres du Conseil d'Administration R\u00e9seau Entreprendre Normandie Estuaire.","robots":{"index":"index","follow":"follow","max-snippet":"max-snippet:-1","max-image-preview":"max-image-preview:large","max-video-preview":"max-video-preview:-1"},"canonical":"https:\/\/www.reseau-entreprendre.org\/normandie-estuaire\/notre-equipe\/","og_locale":"fr_FR","og_type":"article","og_title":"NOTRE \u00c9QUIPE - R\u00e9seau Entreprendre Normandie Estuaire","og_description":"D\u00e9couvrez les membres du Conseil d'Administration R\u00e9seau Entreprendre Normandie Estuaire.","og_url":"https:\/\/www.reseau-entreprendre.org\/normandie-estuaire\/notre-equipe\/","og_site_name":"R\u00e9seau Entreprendre Normandie Estuaire","article_modified_time":"2026-02-25T12:23:09+00:00","og_image":[{"width":1140,"height":1140,"url":"https:\/\/www.reseau-entreprendre.org\/normandie-estuaire\/wp-content\/uploads\/sites\/55\/2026\/02\/Design-sans-titre-2-scaled.png","type":"image\/png"}],"twitter_card":"summary_large_image","twitter_misc":{"Dur\u00e9e de lecture estim\u00e9e":"3 minutes"},"schema":{"@context":"https:\/\/schema.org","@graph":[{"@type":"WebPage","@id":"https:\/\/www.reseau-entreprendre.org\/normandie-estuaire\/notre-equipe\/","url":"https:\/\/www.reseau-entreprendre.org\/normandie-estuaire\/notre-equipe\/","name":"NOTRE \u00c9QUIPE - R\u00e9seau Entreprendre Normandie Estuaire","isPartOf":{"@id":"https:\/\/www.reseau-entreprendre.org\/normandie-estuaire\/#website"},"primaryImageOfPage":{"@id":"https:\/\/www.reseau-entreprendre.org\/normandie-estuaire\/notre-equipe\/#primaryimage"},"image":{"@id":"https:\/\/www.reseau-entreprendre.org\/normandie-estuaire\/notre-equipe\/#primaryimage"},"thumbnailUrl":"https:\/\/www.reseau-entreprendre.org\/normandie-estuaire\/wp-content\/uploads\/sites\/55\/2026\/02\/Design-sans-titre-2-1024x1024.png","datePublished":"2020-12-04T09:23:39+00:00","dateModified":"2026-02-25T12:23:09+00:00","description":"D\u00e9couvrez les membres du Conseil d'Administration R\u00e9seau Entreprendre Normandie Estuaire.","breadcrumb":{"@id":"https:\/\/www.reseau-entreprendre.org\/normandie-estuaire\/notre-equipe\/#breadcrumb"},"inLanguage":"fr-FR","potentialAction":[{"@type":"ReadAction","target":["https:\/\/www.reseau-entreprendre.org\/normandie-estuaire\/notre-equipe\/"]}]},{"@type":"ImageObject","inLanguage":"fr-FR","@id":"https:\/\/www.reseau-entreprendre.org\/normandie-estuaire\/notre-equipe\/#primaryimage","url":"https:\/\/www.reseau-entreprendre.org\/normandie-estuaire\/wp-content\/uploads\/sites\/55\/2026\/02\/Design-sans-titre-2-scaled.png","contentUrl":"https:\/\/www.reseau-entreprendre.org\/normandie-estuaire\/wp-content\/uploads\/sites\/55\/2026\/02\/Design-sans-titre-2-scaled.png","width":1140,"height":1140},{"@type":"BreadcrumbList","@id":"https:\/\/www.reseau-entreprendre.org\/normandie-estuaire\/notre-equipe\/#breadcrumb","itemListElement":[{"@type":"ListItem","position":1,"name":"Accueil","item":"https:\/\/www.reseau-entreprendre.org\/normandie-estuaire\/"},{"@type":"ListItem","position":2,"name":"NOTRE \u00c9QUIPE"}]},{"@type":"WebSite","@id":"https:\/\/www.reseau-entreprendre.org\/normandie-estuaire\/#website","url":"https:\/\/www.reseau-entreprendre.org\/normandie-estuaire\/","name":"R\u00e9seau Entreprendre Normandie Estuaire","description":"Un site utilisant Les sites de R\u00e9seau Entreprendre","publisher":{"@id":"https:\/\/www.reseau-entreprendre.org\/normandie-estuaire\/#organization"},"potentialAction":[{"@type":"SearchAction","target":{"@type":"EntryPoint","urlTemplate":"https:\/\/www.reseau-entreprendre.org\/normandie-estuaire\/?s={search_term_string}"},"query-input":{"@type":"PropertyValueSpecification","valueRequired":true,"valueName":"search_term_string"}}],"inLanguage":"fr-FR"},{"@type":"Organization","@id":"https:\/\/www.reseau-entreprendre.org\/normandie-estuaire\/#organization","name":"R\u00e9seau Entreprendre Normandie Estuaire","url":"https:\/\/www.reseau-entreprendre.org\/normandie-estuaire\/","logo":{"@type":"ImageObject","inLanguage":"fr-FR","@id":"https:\/\/www.reseau-entreprendre.org\/normandie-estuaire\/#\/schema\/logo\/image\/","url":"https:\/\/www.reseau-entreprendre.org\/normandie-estuaire\/wp-content\/uploads\/sites\/55\/2017\/11\/LOGO-RESE-COULEUR.png","contentUrl":"https:\/\/www.reseau-entreprendre.org\/normandie-estuaire\/wp-content\/uploads\/sites\/55\/2017\/11\/LOGO-RESE-COULEUR.png","width":1280,"height":333,"caption":"R\u00e9seau Entreprendre Normandie Estuaire"},"image":{"@id":"https:\/\/www.reseau-entreprendre.org\/normandie-estuaire\/#\/schema\/logo\/image\/"}}]}},"_links":{"self":[{"href":"https:\/\/www.reseau-entreprendre.org\/normandie-estuaire\/wp-json\/wp\/v2\/pages\/2173","targetHints":{"allow":["GET"]}}],"collection":[{"href":"https:\/\/www.reseau-entreprendre.org\/normandie-estuaire\/wp-json\/wp\/v2\/pages"}],"about":[{"href":"https:\/\/www.reseau-entreprendre.org\/normandie-estuaire\/wp-json\/wp\/v2\/types\/page"}],"author":[{"embeddable":true,"href":"https:\/\/www.reseau-entreprendre.org\/normandie-estuaire\/wp-json\/wp\/v2\/users\/56"}],"replies":[{"embeddable":true,"href":"https:\/\/www.reseau-entreprendre.org\/normandie-estuaire\/wp-json\/wp\/v2\/comments?post=2173"}],"version-history":[{"count":0,"href":"https:\/\/www.reseau-entreprendre.org\/normandie-estuaire\/wp-json\/wp\/v2\/pages\/2173\/revisions"}],"wp:attachment":[{"href":"https:\/\/www.reseau-entreprendre.org\/normandie-estuaire\/wp-json\/wp\/v2\/media?parent=2173"}],"curies":[{"name":"wp","href":"https:\/\/api.w.org\/{rel}","templated":true}]}}