{"id":17,"date":"2017-04-28T12:34:01","date_gmt":"2017-04-28T10:34:01","guid":{"rendered":"http:\/\/re-dev-entreprendre.fr\/normandie-ouest\/?page_id=17"},"modified":"2022-06-17T10:41:20","modified_gmt":"2022-06-17T08:41:20","slug":"ils-nous-soutiennent","status":"publish","type":"page","link":"https:\/\/www.reseau-entreprendre.org\/normandie-ouest\/ils-nous-soutiennent\/","title":{"rendered":"SOUTENIR"},"content":{"rendered":"\n<p>Nos entrepreneurs ont besoin d\u2019\u00eatre accompagn\u00e9s et soutenus pour r\u00e9ussir.&nbsp;<\/p>\n\n\n\n<p>Pour mener \u00e0 bien notre mission d\u2019int\u00e9r\u00eat g\u00e9n\u00e9ral, nous nous appuyons sur de nombreux partenaires, publics et priv\u00e9s. Nous sommes tous engag\u00e9s pour la r\u00e9ussite des entrepreneurs de demain. Cet \u00e9cosyst\u00e8me solide et diversifi\u00e9 nous permet, chez&nbsp;R\u00e9seau Entreprendre Normandie Ouest, de r\u00e9pondre au plus pr\u00e8s \u00e0 leurs besoins, tout en renfor\u00e7ant notre maillage territorial.<\/p>\n\n\n\n<p>Nous b\u00e9n\u00e9ficions du soutien fid\u00e8le de partenaires, d\u00e9sireux de promouvoir la cause de l\u2019entrepreneuriat, de faciliter l\u2019acte de cr\u00e9er ou reprendre et de contribuer au d\u00e9veloppement de R\u00e9seau Entreprendre Normandie Ouest sur son territoire.<\/p>\n\n\n\n<div style=\"height:74px\" aria-hidden=\"true\" class=\"wp-block-spacer\"><\/div>\n\n\n\n<hr class=\"wp-block-separator has-css-opacity\" \/>\n\n\n\n<div class=\"wp-block-columns is-layout-flex wp-container-core-columns-is-layout-9d6595d7 wp-block-columns-is-layout-flex\">\n<div class=\"wp-block-column is-layout-flow wp-block-column-is-layout-flow\">\n<figure class=\"wp-block-image size-full is-resized is-style-lifted-bottom\"><img decoding=\"async\" src=\"https:\/\/www.reseau-entreprendre.org\/normandie-ouest\/wp-content\/uploads\/sites\/17\/2021\/10\/Soutenir_V1.jpg\" alt=\"\" class=\"wp-image-1120\" width=\"375\" srcset=\"https:\/\/www.reseau-entreprendre.org\/normandie-ouest\/wp-content\/uploads\/sites\/17\/2021\/10\/Soutenir_V1.jpg 430w, https:\/\/www.reseau-entreprendre.org\/normandie-ouest\/wp-content\/uploads\/sites\/17\/2021\/10\/Soutenir_V1-291x300.jpg 291w\" sizes=\"(max-width: 430px) 100vw, 430px\" \/><\/figure>\n<\/div>\n\n\n\n<div class=\"wp-block-column is-layout-flow wp-block-column-is-layout-flow\" style=\"flex-basis:640px\">\n<h3 class=\"has-re-blue-color has-text-color wp-block-heading\"><strong>En devenant partenaire de R\u00e9seau Entreprendre vous :&nbsp;<\/strong><\/h3>\n\n\n\n<p><\/p>\n\n\n\n<ul class=\"is-style-list-arrows wp-block-list\"><li>Soutenez la&nbsp;<strong>cr\u00e9ation d\u2019emplois<\/strong>&nbsp;durables dans les territoires<\/li><\/ul>\n\n\n\n<ul class=\"is-style-list-arrows wp-block-list\"><li>Associez directement votre image \u00e0 la vie de nos territoires.<\/li><\/ul>\n\n\n\n<ul class=\"is-style-list-arrows wp-block-list\"><li>Accompagnez la&nbsp;<strong>cr\u00e9ation<\/strong>&nbsp;et la&nbsp;<strong>croissance d\u2019entreprises \u00e0 impact<\/strong>, respectueuses des enjeux de d\u00e9veloppement durable de l\u2019ONU (sociaux, environnementaux, \u00e9galit\u00e9 hommes-femmes\u2026).\u200b\u200b\u200b<\/li><\/ul>\n\n\n\n<ul class=\"is-style-list-arrows wp-block-list\"><li>Favorisez les valeurs de&nbsp;<strong>partage<\/strong>&nbsp;et de g\u00e9n\u00e9rosit\u00e9.\u200b<\/li><\/ul>\n<\/div>\n<\/div>\n\n\n\n<div style=\"height:141px\" aria-hidden=\"true\" class=\"wp-block-spacer\"><\/div>\n\n\n\n<hr class=\"wp-block-separator has-css-opacity\" \/>\n\n\n\n<h2 class=\"has-re-blue-color has-text-color wp-block-heading\"><strong>Merci \u00e0 nos partenaires pour leur soutien !<\/strong><\/h2>\n\n\n\n<div style=\"height:73px\" aria-hidden=\"true\" class=\"wp-block-spacer\"><\/div>\n\n\n<div data-block_615dbaf2983f6 class=\"re-partners align\">\n  <\/div>\n\n\n\n<div style=\"height:72px\" aria-hidden=\"true\" class=\"wp-block-spacer\"><\/div>\n\n\n\n<div class=\"wp-block-group has-background\" style=\"background-color:#ececec\"><div class=\"wp-block-group__inner-container is-layout-flow wp-block-group-is-layout-flow\">\n<div style=\"height:52px\" aria-hidden=\"true\" class=\"wp-block-spacer\"><\/div>\n\n\n\n<h2 class=\"has-text-align-center has-re-red-color has-text-color wp-block-heading\"><strong>Inscrivez-vous \u00e0 notre Newsletter via ce lien :<\/strong><\/h2>\n\n\n\n<div style=\"height:30px\" aria-hidden=\"true\" class=\"wp-block-spacer\"><\/div>\n\n\n\n<h3 class=\"has-text-align-center wp-block-heading\"><a href=\"http:\/\/newsletter.reseau-entreprendre.org\/users\/subscribe\/js_id\/5gb4\/id\/1\">http:\/\/newsletter.reseau-entreprendre.org\/users\/subscribe\/js_id\/5gb4\/id\/1<\/a><\/h3>\n\n\n\n<div style=\"height:52px\" aria-hidden=\"true\" class=\"wp-block-spacer\"><\/div>\n<\/div><\/div>\n","protected":false},"excerpt":{"rendered":"<p>Nos entrepreneurs ont besoin d\u2019\u00eatre accompagn\u00e9s et soutenus pour r\u00e9ussir.&nbsp;<\/p>\n","protected":false},"author":115,"featured_media":0,"parent":0,"menu_order":0,"comment_status":"closed","ping_status":"closed","template":"","meta":{"_acf_changed":false,"_monsterinsights_skip_tracking":false,"_monsterinsights_sitenote_active":false,"_monsterinsights_sitenote_note":"","_monsterinsights_sitenote_category":0,"footnotes":""},"class_list":["post-17","page","type-page","status-publish","hentry"],"acf":[],"yoast_head":"<!-- This site is optimized with the Yoast SEO plugin v27.4 - https:\/\/yoast.com\/product\/yoast-seo-wordpress\/ -->\n<title>Soutenir | Reseau Entreprendre Normandie Ouest<\/title>\n<meta name=\"description\" content=\"Partenaire, vous souhaitez soutenir un r\u00e9seau 100% chefs d&#039;entreprise ? Rejoignez R\u00e9seau Entreprendre Normandie Ouest\" \/>\n<meta name=\"robots\" content=\"index, follow, max-snippet:-1, max-image-preview:large, max-video-preview:-1\" \/>\n<link rel=\"canonical\" href=\"https:\/\/www.reseau-entreprendre.org\/normandie-ouest\/ils-nous-soutiennent\/\" \/>\n<meta property=\"og:locale\" content=\"fr_FR\" \/>\n<meta property=\"og:type\" content=\"article\" \/>\n<meta property=\"og:title\" content=\"Soutenir | Reseau Entreprendre Normandie Ouest\" \/>\n<meta property=\"og:description\" content=\"Partenaire, vous souhaitez soutenir un r\u00e9seau 100% chefs d&#039;entreprise ? Rejoignez R\u00e9seau Entreprendre Normandie Ouest\" \/>\n<meta property=\"og:url\" content=\"https:\/\/www.reseau-entreprendre.org\/normandie-ouest\/ils-nous-soutiennent\/\" \/>\n<meta property=\"og:site_name\" content=\"R\u00e9seau Entreprendre Normandie Ouest\" \/>\n<meta property=\"article:modified_time\" content=\"2022-06-17T08:41:20+00:00\" \/>\n<meta property=\"og:image\" content=\"https:\/\/www.reseau-entreprendre.org\/normandie-ouest\/wp-content\/uploads\/sites\/17\/2021\/10\/Soutenir_V1.jpg\" \/>\n<meta name=\"twitter:card\" content=\"summary_large_image\" \/>\n<meta name=\"twitter:label1\" content=\"Dur\u00e9e de lecture estim\u00e9e\" \/>\n\t<meta name=\"twitter:data1\" content=\"2 minutes\" \/>\n<script type=\"application\/ld+json\" class=\"yoast-schema-graph\">{\"@context\":\"https:\\\/\\\/schema.org\",\"@graph\":[{\"@type\":\"WebPage\",\"@id\":\"https:\\\/\\\/www.reseau-entreprendre.org\\\/normandie-ouest\\\/ils-nous-soutiennent\\\/\",\"url\":\"https:\\\/\\\/www.reseau-entreprendre.org\\\/normandie-ouest\\\/ils-nous-soutiennent\\\/\",\"name\":\"Soutenir | Reseau Entreprendre Normandie Ouest\",\"isPartOf\":{\"@id\":\"https:\\\/\\\/www.reseau-entreprendre.org\\\/normandie-ouest\\\/#website\"},\"primaryImageOfPage\":{\"@id\":\"https:\\\/\\\/www.reseau-entreprendre.org\\\/normandie-ouest\\\/ils-nous-soutiennent\\\/#primaryimage\"},\"image\":{\"@id\":\"https:\\\/\\\/www.reseau-entreprendre.org\\\/normandie-ouest\\\/ils-nous-soutiennent\\\/#primaryimage\"},\"thumbnailUrl\":\"https:\\\/\\\/www.reseau-entreprendre.org\\\/normandie-ouest\\\/wp-content\\\/uploads\\\/sites\\\/17\\\/2021\\\/10\\\/Soutenir_V1.jpg\",\"datePublished\":\"2017-04-28T10:34:01+00:00\",\"dateModified\":\"2022-06-17T08:41:20+00:00\",\"description\":\"Partenaire, vous souhaitez soutenir un r\u00e9seau 100% chefs d'entreprise ? Rejoignez R\u00e9seau Entreprendre Normandie Ouest\",\"breadcrumb\":{\"@id\":\"https:\\\/\\\/www.reseau-entreprendre.org\\\/normandie-ouest\\\/ils-nous-soutiennent\\\/#breadcrumb\"},\"inLanguage\":\"fr-FR\",\"potentialAction\":[{\"@type\":\"ReadAction\",\"target\":[\"https:\\\/\\\/www.reseau-entreprendre.org\\\/normandie-ouest\\\/ils-nous-soutiennent\\\/\"]}]},{\"@type\":\"ImageObject\",\"inLanguage\":\"fr-FR\",\"@id\":\"https:\\\/\\\/www.reseau-entreprendre.org\\\/normandie-ouest\\\/ils-nous-soutiennent\\\/#primaryimage\",\"url\":\"https:\\\/\\\/www.reseau-entreprendre.org\\\/normandie-ouest\\\/wp-content\\\/uploads\\\/sites\\\/17\\\/2021\\\/10\\\/Soutenir_V1.jpg\",\"contentUrl\":\"https:\\\/\\\/www.reseau-entreprendre.org\\\/normandie-ouest\\\/wp-content\\\/uploads\\\/sites\\\/17\\\/2021\\\/10\\\/Soutenir_V1.jpg\",\"width\":430,\"height\":443},{\"@type\":\"BreadcrumbList\",\"@id\":\"https:\\\/\\\/www.reseau-entreprendre.org\\\/normandie-ouest\\\/ils-nous-soutiennent\\\/#breadcrumb\",\"itemListElement\":[{\"@type\":\"ListItem\",\"position\":1,\"name\":\"Accueil\",\"item\":\"https:\\\/\\\/www.reseau-entreprendre.org\\\/normandie-ouest\\\/\"},{\"@type\":\"ListItem\",\"position\":2,\"name\":\"SOUTENIR\"}]},{\"@type\":\"WebSite\",\"@id\":\"https:\\\/\\\/www.reseau-entreprendre.org\\\/normandie-ouest\\\/#website\",\"url\":\"https:\\\/\\\/www.reseau-entreprendre.org\\\/normandie-ouest\\\/\",\"name\":\"R\u00e9seau Entreprendre Normandie Ouest\",\"description\":\"Un site utilisant Les sites de R\u00e9seau Entreprendre\",\"publisher\":{\"@id\":\"https:\\\/\\\/www.reseau-entreprendre.org\\\/normandie-ouest\\\/#organization\"},\"potentialAction\":[{\"@type\":\"SearchAction\",\"target\":{\"@type\":\"EntryPoint\",\"urlTemplate\":\"https:\\\/\\\/www.reseau-entreprendre.org\\\/normandie-ouest\\\/?s={search_term_string}\"},\"query-input\":{\"@type\":\"PropertyValueSpecification\",\"valueRequired\":true,\"valueName\":\"search_term_string\"}}],\"inLanguage\":\"fr-FR\"},{\"@type\":\"Organization\",\"@id\":\"https:\\\/\\\/www.reseau-entreprendre.org\\\/normandie-ouest\\\/#organization\",\"name\":\"R\u00e9seau Entreprendre Normandie Ouest\",\"url\":\"https:\\\/\\\/www.reseau-entreprendre.org\\\/normandie-ouest\\\/\",\"logo\":{\"@type\":\"ImageObject\",\"inLanguage\":\"fr-FR\",\"@id\":\"https:\\\/\\\/www.reseau-entreprendre.org\\\/normandie-ouest\\\/#\\\/schema\\\/logo\\\/image\\\/\",\"url\":\"https:\\\/\\\/www.reseau-entreprendre.org\\\/normandie-ouest\\\/wp-content\\\/uploads\\\/sites\\\/17\\\/2022\\\/02\\\/1641397155484.jpeg\",\"contentUrl\":\"https:\\\/\\\/www.reseau-entreprendre.org\\\/normandie-ouest\\\/wp-content\\\/uploads\\\/sites\\\/17\\\/2022\\\/02\\\/1641397155484.jpeg\",\"width\":200,\"height\":200,\"caption\":\"R\u00e9seau Entreprendre Normandie Ouest\"},\"image\":{\"@id\":\"https:\\\/\\\/www.reseau-entreprendre.org\\\/normandie-ouest\\\/#\\\/schema\\\/logo\\\/image\\\/\"}}]}<\/script>\n<!-- \/ Yoast SEO plugin. -->","yoast_head_json":{"title":"Soutenir | Reseau Entreprendre Normandie Ouest","description":"Partenaire, vous souhaitez soutenir un r\u00e9seau 100% chefs d'entreprise ? Rejoignez R\u00e9seau Entreprendre Normandie Ouest","robots":{"index":"index","follow":"follow","max-snippet":"max-snippet:-1","max-image-preview":"max-image-preview:large","max-video-preview":"max-video-preview:-1"},"canonical":"https:\/\/www.reseau-entreprendre.org\/normandie-ouest\/ils-nous-soutiennent\/","og_locale":"fr_FR","og_type":"article","og_title":"Soutenir | Reseau Entreprendre Normandie Ouest","og_description":"Partenaire, vous souhaitez soutenir un r\u00e9seau 100% chefs d'entreprise ? Rejoignez R\u00e9seau Entreprendre Normandie Ouest","og_url":"https:\/\/www.reseau-entreprendre.org\/normandie-ouest\/ils-nous-soutiennent\/","og_site_name":"R\u00e9seau Entreprendre Normandie Ouest","article_modified_time":"2022-06-17T08:41:20+00:00","og_image":[{"url":"https:\/\/www.reseau-entreprendre.org\/normandie-ouest\/wp-content\/uploads\/sites\/17\/2021\/10\/Soutenir_V1.jpg","type":"","width":"","height":""}],"twitter_card":"summary_large_image","twitter_misc":{"Dur\u00e9e de lecture estim\u00e9e":"2 minutes"},"schema":{"@context":"https:\/\/schema.org","@graph":[{"@type":"WebPage","@id":"https:\/\/www.reseau-entreprendre.org\/normandie-ouest\/ils-nous-soutiennent\/","url":"https:\/\/www.reseau-entreprendre.org\/normandie-ouest\/ils-nous-soutiennent\/","name":"Soutenir | Reseau Entreprendre Normandie Ouest","isPartOf":{"@id":"https:\/\/www.reseau-entreprendre.org\/normandie-ouest\/#website"},"primaryImageOfPage":{"@id":"https:\/\/www.reseau-entreprendre.org\/normandie-ouest\/ils-nous-soutiennent\/#primaryimage"},"image":{"@id":"https:\/\/www.reseau-entreprendre.org\/normandie-ouest\/ils-nous-soutiennent\/#primaryimage"},"thumbnailUrl":"https:\/\/www.reseau-entreprendre.org\/normandie-ouest\/wp-content\/uploads\/sites\/17\/2021\/10\/Soutenir_V1.jpg","datePublished":"2017-04-28T10:34:01+00:00","dateModified":"2022-06-17T08:41:20+00:00","description":"Partenaire, vous souhaitez soutenir un r\u00e9seau 100% chefs d'entreprise ? Rejoignez R\u00e9seau Entreprendre Normandie Ouest","breadcrumb":{"@id":"https:\/\/www.reseau-entreprendre.org\/normandie-ouest\/ils-nous-soutiennent\/#breadcrumb"},"inLanguage":"fr-FR","potentialAction":[{"@type":"ReadAction","target":["https:\/\/www.reseau-entreprendre.org\/normandie-ouest\/ils-nous-soutiennent\/"]}]},{"@type":"ImageObject","inLanguage":"fr-FR","@id":"https:\/\/www.reseau-entreprendre.org\/normandie-ouest\/ils-nous-soutiennent\/#primaryimage","url":"https:\/\/www.reseau-entreprendre.org\/normandie-ouest\/wp-content\/uploads\/sites\/17\/2021\/10\/Soutenir_V1.jpg","contentUrl":"https:\/\/www.reseau-entreprendre.org\/normandie-ouest\/wp-content\/uploads\/sites\/17\/2021\/10\/Soutenir_V1.jpg","width":430,"height":443},{"@type":"BreadcrumbList","@id":"https:\/\/www.reseau-entreprendre.org\/normandie-ouest\/ils-nous-soutiennent\/#breadcrumb","itemListElement":[{"@type":"ListItem","position":1,"name":"Accueil","item":"https:\/\/www.reseau-entreprendre.org\/normandie-ouest\/"},{"@type":"ListItem","position":2,"name":"SOUTENIR"}]},{"@type":"WebSite","@id":"https:\/\/www.reseau-entreprendre.org\/normandie-ouest\/#website","url":"https:\/\/www.reseau-entreprendre.org\/normandie-ouest\/","name":"R\u00e9seau Entreprendre Normandie Ouest","description":"Un site utilisant Les sites de R\u00e9seau Entreprendre","publisher":{"@id":"https:\/\/www.reseau-entreprendre.org\/normandie-ouest\/#organization"},"potentialAction":[{"@type":"SearchAction","target":{"@type":"EntryPoint","urlTemplate":"https:\/\/www.reseau-entreprendre.org\/normandie-ouest\/?s={search_term_string}"},"query-input":{"@type":"PropertyValueSpecification","valueRequired":true,"valueName":"search_term_string"}}],"inLanguage":"fr-FR"},{"@type":"Organization","@id":"https:\/\/www.reseau-entreprendre.org\/normandie-ouest\/#organization","name":"R\u00e9seau Entreprendre Normandie Ouest","url":"https:\/\/www.reseau-entreprendre.org\/normandie-ouest\/","logo":{"@type":"ImageObject","inLanguage":"fr-FR","@id":"https:\/\/www.reseau-entreprendre.org\/normandie-ouest\/#\/schema\/logo\/image\/","url":"https:\/\/www.reseau-entreprendre.org\/normandie-ouest\/wp-content\/uploads\/sites\/17\/2022\/02\/1641397155484.jpeg","contentUrl":"https:\/\/www.reseau-entreprendre.org\/normandie-ouest\/wp-content\/uploads\/sites\/17\/2022\/02\/1641397155484.jpeg","width":200,"height":200,"caption":"R\u00e9seau Entreprendre Normandie Ouest"},"image":{"@id":"https:\/\/www.reseau-entreprendre.org\/normandie-ouest\/#\/schema\/logo\/image\/"}}]}},"_links":{"self":[{"href":"https:\/\/www.reseau-entreprendre.org\/normandie-ouest\/wp-json\/wp\/v2\/pages\/17","targetHints":{"allow":["GET"]}}],"collection":[{"href":"https:\/\/www.reseau-entreprendre.org\/normandie-ouest\/wp-json\/wp\/v2\/pages"}],"about":[{"href":"https:\/\/www.reseau-entreprendre.org\/normandie-ouest\/wp-json\/wp\/v2\/types\/page"}],"author":[{"embeddable":true,"href":"https:\/\/www.reseau-entreprendre.org\/normandie-ouest\/wp-json\/wp\/v2\/users\/115"}],"replies":[{"embeddable":true,"href":"https:\/\/www.reseau-entreprendre.org\/normandie-ouest\/wp-json\/wp\/v2\/comments?post=17"}],"version-history":[{"count":0,"href":"https:\/\/www.reseau-entreprendre.org\/normandie-ouest\/wp-json\/wp\/v2\/pages\/17\/revisions"}],"wp:attachment":[{"href":"https:\/\/www.reseau-entreprendre.org\/normandie-ouest\/wp-json\/wp\/v2\/media?parent=17"}],"curies":[{"name":"wp","href":"https:\/\/api.w.org\/{rel}","templated":true}]}}