{"id":13,"date":"2021-11-26T16:00:00","date_gmt":"2021-11-26T15:00:00","guid":{"rendered":"http:\/\/re-dev-entreprendre.fr\/normandie-seine-et-eure\/?page_id=13"},"modified":"2025-04-29T15:18:05","modified_gmt":"2025-04-29T13:18:05","slug":"entreprendre","status":"publish","type":"page","link":"https:\/\/www.reseau-entreprendre.org\/normandie-seine-et-eure\/entreprendre\/","title":{"rendered":"Entreprendre"},"content":{"rendered":"\n<p>L\u2019ADN de R\u00e9seau Entreprendre\u00ae vu par son fondateur Andr\u00e9 MULLIEZ est <strong>\u00ab&nbsp;l\u2019accompagnement de nouveaux chefs d\u2019entreprise, par des chefs d\u2019entreprise en activit\u00e9 et avec des m\u00e9thodes d\u2019entreprise&nbsp;\u00bb.<\/strong> C\u2019est notre savoir-faire, celui qui fait la diff\u00e9rence avec tous les autres dispositifs existants et qui nous permet d\u2019afficher des r\u00e9sultats nationaux de p\u00e9rennisation des projets de 93% \u00e0 3 ans et de 84% \u00e0 5 ans.<\/p>\n\n\n\n<div style=\"height:40px\" aria-hidden=\"true\" class=\"wp-block-spacer\"><\/div>\n\n\n\n<figure class=\"wp-block-embed aligncenter is-type-video is-provider-youtube wp-block-embed-youtube wp-embed-aspect-16-9 wp-has-aspect-ratio\"><div class=\"wp-block-embed__wrapper\">\n<iframe loading=\"lazy\" title=\"Lance-toi et fais grandir ton projet d&#039;entreprise |  R\u00e9seau Entreprendre\" width=\"500\" height=\"281\" src=\"https:\/\/www.youtube.com\/embed\/YwDA580qBC0?feature=oembed\" frameborder=\"0\" allow=\"accelerometer; autoplay; clipboard-write; encrypted-media; gyroscope; picture-in-picture; web-share\" referrerpolicy=\"strict-origin-when-cross-origin\" allowfullscreen><\/iframe>\n<\/div><\/figure>\n\n\n\n<div style=\"height:29px\" aria-hidden=\"true\" class=\"wp-block-spacer\"><\/div>\n\n\n\n<h2 class=\"wp-block-heading has-re-blue-color has-text-color\"><span class=\"has-inline-color has-re-yellow-color\"><strong>L&#8217;offre d&#8217;accompagnement de R\u00e9seau Entreprendre<\/strong> <strong>:<\/strong><\/span><\/h2>\n\n\n\n<div style=\"height:40px\" aria-hidden=\"true\" class=\"wp-block-spacer\"><\/div>\n\n\n\n<p class=\"has-text-align-left\"><strong>Une offre compl\u00e8te, gratuite et dans la dur\u00e9e :<\/strong> <br>Accompagner &#8211; Financer &#8211; Connecter.<\/p>\n\n\n\n<div style=\"height:25px\" aria-hidden=\"true\" class=\"wp-block-spacer\"><\/div>\n\n\n\n<p class=\"has-text-align-left\"><strong>A tous les stades de d\u00e9veloppement d&#8217;une entreprise :<\/strong> <br>Finalisation du projet, d\u00e9marrage, d\u00e9veloppement, croissance.<\/p>\n\n\n\n<div style=\"height:25px\" aria-hidden=\"true\" class=\"wp-block-spacer\"><\/div>\n\n\n\n<p><strong>Pour tous :<\/strong> <br>Cr\u00e9ateurs, repreneurs, projets innovants, entrepreneurs sociaux, \u2026<\/p>\n\n\n\n<div style=\"height:60px\" aria-hidden=\"true\" class=\"wp-block-spacer\"><\/div>\n\n\n\n<div class=\"wp-block-columns is-layout-flex wp-container-core-columns-is-layout-9d6595d7 wp-block-columns-is-layout-flex\">\n<div class=\"wp-block-column is-layout-flow wp-block-column-is-layout-flow\"><div>\n        <span class=\"d-block w-100 text-center\" style=\"color:#f34f63\">\n            <svg class=\"icon\" width=\"77\" height=\"77\" viewBox=\"0 0 77 77\" fill=\"none\" xmlns=\"http:\/\/www.w3.org\/2000\/svg\">\n<g id=\"\">\n<path id=\"Stroke 1\" d=\"M24.8795 50.2515C28.1764 50.2515 30.8494 47.5785 30.8494 44.2817V25.2228C30.8494 22.9662 29.3927 20.9618 27.254 20.241C26.2854 19.9141 23.3871 18.9097 23.3871 18.9097L15.9247 26.372L8.46235 18.9097C8.46235 18.9097 5.56397 19.9141 4.59536 20.241C2.45665 20.9618 1 22.9662 1 25.2228V44.2817C1 47.5785 3.67301 50.2515 6.96988 50.2515\" stroke=\"currentColor\" stroke-width=\"2\" stroke-linejoin=\"round\"\/>\n<path id=\"Stroke 3\" fill-rule=\"evenodd\" clip-rule=\"evenodd\" d=\"M23.3871 8.46235C23.3871 12.586 20.044 15.9247 15.9248 15.9247C11.8055 15.9247 8.4624 12.586 8.4624 8.46235C8.4624 4.33866 11.8055 1 15.9248 1C20.044 1 23.3871 4.33866 23.3871 8.46235Z\" stroke=\"currentColor\" stroke-width=\"2\" stroke-linejoin=\"round\"\/>\n<path id=\"Stroke 5\" d=\"M24.8794 30.8494V74.131C24.8794 74.9563 24.2107 75.6235 23.3869 75.6235H8.4622C7.63835 75.6235 6.96973 74.9563 6.96973 74.131V30.8494\" stroke=\"currentColor\" stroke-width=\"2\" stroke-linecap=\"round\" stroke-linejoin=\"round\"\/>\n<path id=\"Stroke 7\" d=\"M15.9245 48.759V75.6235\" stroke=\"currentColor\" stroke-width=\"2\" stroke-linecap=\"round\" stroke-linejoin=\"round\"\/>\n<path id=\"Stroke 9\" d=\"M24.8794 64.6283C30.0672 71.3086 38.1549 75.6233 47.2664 75.6233C62.9284 75.6233 75.6234 62.9268 75.6234 47.2664C75.6234 31.6059 62.9284 18.9094 47.2664 18.9094C41.0936 18.9094 35.3983 20.8974 30.7493 24.2495\" stroke=\"currentColor\" stroke-width=\"2\" stroke-linejoin=\"round\"\/>\n<path id=\"Stroke 11\" d=\"M57.7138 42.7891L51.7455 48.7589L45.7726 54.7288L39.8042 48.7589\" stroke=\"currentColor\" stroke-width=\"2\" stroke-linecap=\"round\" stroke-linejoin=\"round\"\/>\n<\/g>\n<\/svg>        <\/span>\n    <\/div>\n\n\n\n<div style=\"height:14px\" aria-hidden=\"true\" class=\"wp-block-spacer\"><\/div>\n\n\n\n<h3 class=\"wp-block-heading has-text-align-center\"><strong>PARCOURS START<\/strong><\/h3>\n\n\n\n<p class=\"has-text-align-center\">R\u00e9v\u00e9lez et renforcez vos talents de chef d\u2019entreprise<\/p>\n\n\n\n<div class=\"wp-block-buttons is-horizontal is-content-justification-center is-layout-flex wp-container-core-buttons-is-layout-499968f5 wp-block-buttons-is-layout-flex\">\n<div class=\"wp-block-button\"><a class=\"wp-block-button__link has-re-red-background-color has-text-color has-background wp-element-button\" href=\"https:\/\/www.reseau-entreprendre.org\/normandie-seine-et-eure\/creation-reprise\/\" style=\"border-radius:6px;color:#ffffff\" target=\"_blank\" rel=\"noreferrer noopener\"><strong>En savoir plus<\/strong><\/a><\/div>\n<\/div>\n<\/div>\n\n\n\n<div class=\"wp-block-column is-layout-flow wp-block-column-is-layout-flow\"><div>\n        <span class=\"d-block w-100 text-center\" style=\"color:#faba64\">\n            <svg class=\"icon\" width=\"78\" height=\"72\" viewBox=\"0 0 78 72\" fill=\"none\" xmlns=\"http:\/\/www.w3.org\/2000\/svg\">\n<g id=\"\">\n<path id=\"Stroke 1\" d=\"M25.0768 13.0384V5.5144C25.0768 3.02095 27.0978 1 29.5912 1H47.6488C50.1423 1 52.1632 3.02095 52.1632 5.5144V13.0384\" stroke=\"currentColor\" stroke-width=\"1.76\" stroke-linejoin=\"round\"\/>\n<path id=\"Stroke 3\" d=\"M4.00961 40.8213V64.2014C4.00961 67.5255 6.70471 70.2206 10.0288 70.2206H67.2112C70.5353 70.2206 73.2304 67.5255 73.2304 64.2014V40.8213\" stroke=\"currentColor\" stroke-width=\"1.76\" stroke-linejoin=\"round\"\/>\n<path id=\"Stroke 5\" d=\"M46.144 43.1346H67.2112C72.1966 43.1346 76.24 39.0912 76.24 34.1058V16.0482C76.24 14.3869 74.8917 13.0386 73.2304 13.0386H4.0096C2.3483 13.0386 1 14.3869 1 16.0482V24.9596V34.1058C1 39.0912 5.0434 43.1346 10.0288 43.1346H31.096\" stroke=\"currentColor\" stroke-width=\"1.76\" stroke-linejoin=\"round\"\/>\n<path id=\"Stroke 7\" fill-rule=\"evenodd\" clip-rule=\"evenodd\" d=\"M38.62 52.1632V52.1632C34.4653 52.1632 31.096 48.7955 31.096 44.6392V40.1248C31.096 38.4635 32.4443 37.1152 34.1056 37.1152H43.1344C44.7957 37.1152 46.144 38.4635 46.144 40.1248V44.6392C46.144 48.7955 42.7748 52.1632 38.62 52.1632Z\" stroke=\"currentColor\" stroke-width=\"1.76\" stroke-linejoin=\"round\"\/>\n<path id=\"Stroke 9\" d=\"M38.62 43.1343V46.1439\" stroke=\"currentColor\" stroke-width=\"1.76\" stroke-linecap=\"round\" stroke-linejoin=\"round\"\/>\n<\/g>\n<\/svg>        <\/span>\n    <\/div>\n\n\n\n<div style=\"height:14px\" aria-hidden=\"true\" class=\"wp-block-spacer\"><\/div>\n\n\n\n<h3 class=\"wp-block-heading has-text-align-center\"><strong>PARCOURS BOOSTER<\/strong><\/h3>\n\n\n\n<p class=\"has-text-align-center\">Concr\u00e9tisez et r\u00e9ussissez votre d\u00e9veloppement<\/p>\n\n\n\n<div class=\"wp-block-buttons is-horizontal is-content-justification-center is-layout-flex wp-container-core-buttons-is-layout-499968f5 wp-block-buttons-is-layout-flex\">\n<div class=\"wp-block-button\"><a class=\"wp-block-button__link has-re-yellow-background-color has-text-color has-background wp-element-button\" href=\"https:\/\/www.reseau-entreprendre.org\/normandie-seine-et-eure\/developpement\/\" style=\"border-radius:6px;color:#ffffff\" target=\"_blank\" rel=\"noreferrer noopener\"><strong>En savoir plus<\/strong><\/a><\/div>\n<\/div>\n<\/div>\n\n\n\n<div class=\"wp-block-column is-layout-flow wp-block-column-is-layout-flow\"><div>\n        <span class=\"d-block w-100 text-center\" style=\"color:#1595bf\">\n            <svg class=\"icon\" width=\"59\" height=\"61\" xmlns=\"http:\/\/www.w3.org\/2000\/svg\"><path d=\"M57.412 35.38l-.474 13.123-3.33-3.373L38.924 60 33.1 54.101l14.683-14.87-3.33-3.37 12.959-.482zm-42.043 4.998l.09.09L1.587 54.514l-.088-.09 13.87-14.047zm1.261 6.385l.09.09-5.045 5.108-.088-.09 5.043-5.108zM58 1l-.003.07-.896 26.331-.102-.104-6.198-6.276-30.425 30.812-.087-.088 30.512-30.902 6.183 6.262.885-25.974-25.646.896 6.183 6.264L7.89 39.19l-.087-.09 30.424-30.81-6.299-6.38.145-.005L58 1zM5.281 42.932l.089.09-2.521 2.554-.089-.09 2.521-2.554zm20.031-40.06l-.475 13.123-3.329-3.371L6.825 27.493 1 21.594l14.683-14.87-3.33-3.37 12.96-.482z\" stroke=\"currentColor\" stroke-width=\"1.14\" fill=\"none\" fill-rule=\"evenodd\" stroke-linecap=\"round\" stroke-linejoin=\"round\"\/><\/svg>        <\/span>\n    <\/div>\n\n\n\n<div style=\"height:14px\" aria-hidden=\"true\" class=\"wp-block-spacer\"><\/div>\n\n\n\n<h3 class=\"wp-block-heading has-text-align-center\"><strong>PARCOURS AMBITION<\/strong><\/h3>\n\n\n\n<p class=\"has-text-align-center\">Acc\u00e9l\u00e9rez et p\u00e9rennisez la croissance de votre entreprise<\/p>\n\n\n\n<div class=\"wp-block-buttons is-horizontal is-content-justification-center is-layout-flex wp-container-core-buttons-is-layout-499968f5 wp-block-buttons-is-layout-flex\">\n<div class=\"wp-block-button\"><a class=\"wp-block-button__link has-re-blue-background-color has-text-color has-background wp-element-button\" href=\"https:\/\/www.reseau-entreprendre.org\/normandie-seine-et-eure\/croissance\/\" style=\"border-radius:6px;color:#ffffff\" target=\"_blank\" rel=\"noreferrer noopener\"><strong>En savoir plus<\/strong><\/a><\/div>\n<\/div>\n<\/div>\n<\/div>\n\n\n\n<div style=\"height:60px\" aria-hidden=\"true\" class=\"wp-block-spacer\"><\/div>\n\n\n<div class=\"wp-block-image\">\n<figure class=\"aligncenter size-large is-resized\"><img loading=\"lazy\" decoding=\"async\" width=\"1024\" height=\"755\" src=\"https:\/\/www.reseau-entreprendre.org\/normandie-seine-et-eure\/wp-content\/uploads\/sites\/53\/2021\/11\/Frise-parcours-1024x755.jpg\" alt=\"Entreprendre : frise du parcours d'accompagnement\" class=\"wp-image-2452\" style=\"width:768px;height:566px\" srcset=\"https:\/\/www.reseau-entreprendre.org\/normandie-seine-et-eure\/wp-content\/uploads\/sites\/53\/2021\/11\/Frise-parcours-1024x755.jpg 1024w, https:\/\/www.reseau-entreprendre.org\/normandie-seine-et-eure\/wp-content\/uploads\/sites\/53\/2021\/11\/Frise-parcours-300x221.jpg 300w, https:\/\/www.reseau-entreprendre.org\/normandie-seine-et-eure\/wp-content\/uploads\/sites\/53\/2021\/11\/Frise-parcours-768x566.jpg 768w, https:\/\/www.reseau-entreprendre.org\/normandie-seine-et-eure\/wp-content\/uploads\/sites\/53\/2021\/11\/Frise-parcours-1536x1133.jpg 1536w, https:\/\/www.reseau-entreprendre.org\/normandie-seine-et-eure\/wp-content\/uploads\/sites\/53\/2021\/11\/Frise-parcours-2048x1510.jpg 2048w, https:\/\/www.reseau-entreprendre.org\/normandie-seine-et-eure\/wp-content\/uploads\/sites\/53\/2021\/11\/Frise-parcours-176x130.jpg 176w, https:\/\/www.reseau-entreprendre.org\/normandie-seine-et-eure\/wp-content\/uploads\/sites\/53\/2021\/11\/Frise-parcours-scaled.jpg 1140w\" sizes=\"auto, (max-width: 1024px) 100vw, 1024px\" \/><\/figure>\n<\/div>\n\n\n<div style=\"height:60px\" aria-hidden=\"true\" class=\"wp-block-spacer\"><\/div>\n\n\n\n<div style=\"height:60px\" aria-hidden=\"true\" class=\"wp-block-spacer\"><\/div>\n\n\n\n<h4 class=\"wp-block-heading has-text-align-center has-re-red-color has-text-color\"><strong><span class=\"has-inline-color has-re-yellow-color\">Vous souhaitez \u00eatre accompagn\u00e9 par R\u00e9seau Entreprendre Normandie Seine &amp; Eure ?<\/span><\/strong><\/h4>\n\n\n\n<div style=\"height:25px\" aria-hidden=\"true\" class=\"wp-block-spacer\"><\/div>\n\n\n\n<div class=\"wp-block-buttons is-horizontal is-content-justification-center is-layout-flex wp-container-core-buttons-is-layout-499968f5 wp-block-buttons-is-layout-flex\">\n<div class=\"wp-block-button is-style-fill\"><a class=\"wp-block-button__link has-re-yellow-background-color has-text-color has-background wp-element-button\" href=\"https:\/\/www.reseau-entreprendre.org\/fr\/entreprendre\/formulaire-porteur-projet\/\" style=\"color:#ffffff\" target=\"_blank\" rel=\"noreferrer noopener\">Contactez-nous<\/a><\/div>\n<\/div>\n\n\n\n<div style=\"height:40px\" aria-hidden=\"true\" class=\"wp-block-spacer\"><\/div>\n","protected":false},"excerpt":{"rendered":"<p>L\u2019ADN de R\u00e9seau Entreprendre\u00ae vu par son fondateur Andr\u00e9 MULLIEZ<\/p>\n","protected":false},"author":54,"featured_media":0,"parent":0,"menu_order":0,"comment_status":"closed","ping_status":"closed","template":"","meta":{"_acf_changed":false,"_monsterinsights_skip_tracking":false,"_monsterinsights_sitenote_active":false,"_monsterinsights_sitenote_note":"","_monsterinsights_sitenote_category":0,"footnotes":""},"class_list":["post-13","page","type-page","status-publish","hentry"],"acf":[],"yoast_head":"<!-- This site is optimized with the Yoast SEO plugin v27.4 - https:\/\/yoast.com\/product\/yoast-seo-wordpress\/ -->\n<title>Entreprendre<\/title>\n<meta name=\"description\" content=\"Vous avez un projet de cr\u00e9ation d&#039;entreprise ? R\u00e9seau Entreprendre Normandie Seine &amp; Eure vous accompagne gratuitement et dans la dur\u00e9e\" \/>\n<meta name=\"robots\" content=\"index, follow, max-snippet:-1, max-image-preview:large, max-video-preview:-1\" \/>\n<link rel=\"canonical\" href=\"https:\/\/www.reseau-entreprendre.org\/normandie-seine-et-eure\/entreprendre\/\" \/>\n<meta property=\"og:locale\" content=\"fr_FR\" \/>\n<meta property=\"og:type\" content=\"article\" \/>\n<meta property=\"og:title\" content=\"Entreprendre\" \/>\n<meta property=\"og:description\" content=\"Vous avez un projet de cr\u00e9ation d&#039;entreprise ? R\u00e9seau Entreprendre Normandie Seine &amp; Eure vous accompagne gratuitement et dans la dur\u00e9e\" \/>\n<meta property=\"og:url\" content=\"https:\/\/www.reseau-entreprendre.org\/normandie-seine-et-eure\/entreprendre\/\" \/>\n<meta property=\"og:site_name\" content=\"R\u00e9seau Entreprendre Normandie Seine et Eure\" \/>\n<meta property=\"article:modified_time\" content=\"2025-04-29T13:18:05+00:00\" \/>\n<meta property=\"og:image\" content=\"https:\/\/www.reseau-entreprendre.org\/normandie-seine-et-eure\/wp-content\/uploads\/sites\/53\/2021\/11\/Frise-parcours-scaled.jpg\" \/>\n\t<meta property=\"og:image:width\" content=\"1140\" \/>\n\t<meta property=\"og:image:height\" content=\"841\" \/>\n\t<meta property=\"og:image:type\" content=\"image\/jpeg\" \/>\n<meta name=\"twitter:card\" content=\"summary_large_image\" \/>\n<meta name=\"twitter:label1\" content=\"Dur\u00e9e de lecture estim\u00e9e\" \/>\n\t<meta name=\"twitter:data1\" content=\"1 minute\" \/>\n<script type=\"application\/ld+json\" class=\"yoast-schema-graph\">{\"@context\":\"https:\\\/\\\/schema.org\",\"@graph\":[{\"@type\":\"WebPage\",\"@id\":\"https:\\\/\\\/www.reseau-entreprendre.org\\\/normandie-seine-et-eure\\\/entreprendre\\\/\",\"url\":\"https:\\\/\\\/www.reseau-entreprendre.org\\\/normandie-seine-et-eure\\\/entreprendre\\\/\",\"name\":\"Entreprendre\",\"isPartOf\":{\"@id\":\"https:\\\/\\\/www.reseau-entreprendre.org\\\/normandie-seine-et-eure\\\/#website\"},\"primaryImageOfPage\":{\"@id\":\"https:\\\/\\\/www.reseau-entreprendre.org\\\/normandie-seine-et-eure\\\/entreprendre\\\/#primaryimage\"},\"image\":{\"@id\":\"https:\\\/\\\/www.reseau-entreprendre.org\\\/normandie-seine-et-eure\\\/entreprendre\\\/#primaryimage\"},\"thumbnailUrl\":\"https:\\\/\\\/www.reseau-entreprendre.org\\\/normandie-seine-et-eure\\\/wp-content\\\/uploads\\\/sites\\\/53\\\/2021\\\/11\\\/Frise-parcours-1024x755.jpg\",\"datePublished\":\"2021-11-26T15:00:00+00:00\",\"dateModified\":\"2025-04-29T13:18:05+00:00\",\"description\":\"Vous avez un projet de cr\u00e9ation d'entreprise ? R\u00e9seau Entreprendre Normandie Seine & Eure vous accompagne gratuitement et dans la dur\u00e9e\",\"breadcrumb\":{\"@id\":\"https:\\\/\\\/www.reseau-entreprendre.org\\\/normandie-seine-et-eure\\\/entreprendre\\\/#breadcrumb\"},\"inLanguage\":\"fr-FR\",\"potentialAction\":[{\"@type\":\"ReadAction\",\"target\":[\"https:\\\/\\\/www.reseau-entreprendre.org\\\/normandie-seine-et-eure\\\/entreprendre\\\/\"]}]},{\"@type\":\"ImageObject\",\"inLanguage\":\"fr-FR\",\"@id\":\"https:\\\/\\\/www.reseau-entreprendre.org\\\/normandie-seine-et-eure\\\/entreprendre\\\/#primaryimage\",\"url\":\"https:\\\/\\\/www.reseau-entreprendre.org\\\/normandie-seine-et-eure\\\/wp-content\\\/uploads\\\/sites\\\/53\\\/2021\\\/11\\\/Frise-parcours-scaled.jpg\",\"contentUrl\":\"https:\\\/\\\/www.reseau-entreprendre.org\\\/normandie-seine-et-eure\\\/wp-content\\\/uploads\\\/sites\\\/53\\\/2021\\\/11\\\/Frise-parcours-scaled.jpg\",\"width\":1140,\"height\":841},{\"@type\":\"BreadcrumbList\",\"@id\":\"https:\\\/\\\/www.reseau-entreprendre.org\\\/normandie-seine-et-eure\\\/entreprendre\\\/#breadcrumb\",\"itemListElement\":[{\"@type\":\"ListItem\",\"position\":1,\"name\":\"Accueil\",\"item\":\"https:\\\/\\\/www.reseau-entreprendre.org\\\/normandie-seine-et-eure\\\/\"},{\"@type\":\"ListItem\",\"position\":2,\"name\":\"Entreprendre\"}]},{\"@type\":\"WebSite\",\"@id\":\"https:\\\/\\\/www.reseau-entreprendre.org\\\/normandie-seine-et-eure\\\/#website\",\"url\":\"https:\\\/\\\/www.reseau-entreprendre.org\\\/normandie-seine-et-eure\\\/\",\"name\":\"R\u00e9seau Entreprendre Normandie Seine et Eure\",\"description\":\"Un site utilisant Les sites de R\u00e9seau Entreprendre\",\"potentialAction\":[{\"@type\":\"SearchAction\",\"target\":{\"@type\":\"EntryPoint\",\"urlTemplate\":\"https:\\\/\\\/www.reseau-entreprendre.org\\\/normandie-seine-et-eure\\\/?s={search_term_string}\"},\"query-input\":{\"@type\":\"PropertyValueSpecification\",\"valueRequired\":true,\"valueName\":\"search_term_string\"}}],\"inLanguage\":\"fr-FR\"}]}<\/script>\n<!-- \/ Yoast SEO plugin. -->","yoast_head_json":{"title":"Entreprendre","description":"Vous avez un projet de cr\u00e9ation d'entreprise ? R\u00e9seau Entreprendre Normandie Seine & Eure vous accompagne gratuitement et dans la dur\u00e9e","robots":{"index":"index","follow":"follow","max-snippet":"max-snippet:-1","max-image-preview":"max-image-preview:large","max-video-preview":"max-video-preview:-1"},"canonical":"https:\/\/www.reseau-entreprendre.org\/normandie-seine-et-eure\/entreprendre\/","og_locale":"fr_FR","og_type":"article","og_title":"Entreprendre","og_description":"Vous avez un projet de cr\u00e9ation d'entreprise ? R\u00e9seau Entreprendre Normandie Seine & Eure vous accompagne gratuitement et dans la dur\u00e9e","og_url":"https:\/\/www.reseau-entreprendre.org\/normandie-seine-et-eure\/entreprendre\/","og_site_name":"R\u00e9seau Entreprendre Normandie Seine et Eure","article_modified_time":"2025-04-29T13:18:05+00:00","og_image":[{"width":1140,"height":841,"url":"https:\/\/www.reseau-entreprendre.org\/normandie-seine-et-eure\/wp-content\/uploads\/sites\/53\/2021\/11\/Frise-parcours-scaled.jpg","type":"image\/jpeg"}],"twitter_card":"summary_large_image","twitter_misc":{"Dur\u00e9e de lecture estim\u00e9e":"1 minute"},"schema":{"@context":"https:\/\/schema.org","@graph":[{"@type":"WebPage","@id":"https:\/\/www.reseau-entreprendre.org\/normandie-seine-et-eure\/entreprendre\/","url":"https:\/\/www.reseau-entreprendre.org\/normandie-seine-et-eure\/entreprendre\/","name":"Entreprendre","isPartOf":{"@id":"https:\/\/www.reseau-entreprendre.org\/normandie-seine-et-eure\/#website"},"primaryImageOfPage":{"@id":"https:\/\/www.reseau-entreprendre.org\/normandie-seine-et-eure\/entreprendre\/#primaryimage"},"image":{"@id":"https:\/\/www.reseau-entreprendre.org\/normandie-seine-et-eure\/entreprendre\/#primaryimage"},"thumbnailUrl":"https:\/\/www.reseau-entreprendre.org\/normandie-seine-et-eure\/wp-content\/uploads\/sites\/53\/2021\/11\/Frise-parcours-1024x755.jpg","datePublished":"2021-11-26T15:00:00+00:00","dateModified":"2025-04-29T13:18:05+00:00","description":"Vous avez un projet de cr\u00e9ation d'entreprise ? R\u00e9seau Entreprendre Normandie Seine & Eure vous accompagne gratuitement et dans la dur\u00e9e","breadcrumb":{"@id":"https:\/\/www.reseau-entreprendre.org\/normandie-seine-et-eure\/entreprendre\/#breadcrumb"},"inLanguage":"fr-FR","potentialAction":[{"@type":"ReadAction","target":["https:\/\/www.reseau-entreprendre.org\/normandie-seine-et-eure\/entreprendre\/"]}]},{"@type":"ImageObject","inLanguage":"fr-FR","@id":"https:\/\/www.reseau-entreprendre.org\/normandie-seine-et-eure\/entreprendre\/#primaryimage","url":"https:\/\/www.reseau-entreprendre.org\/normandie-seine-et-eure\/wp-content\/uploads\/sites\/53\/2021\/11\/Frise-parcours-scaled.jpg","contentUrl":"https:\/\/www.reseau-entreprendre.org\/normandie-seine-et-eure\/wp-content\/uploads\/sites\/53\/2021\/11\/Frise-parcours-scaled.jpg","width":1140,"height":841},{"@type":"BreadcrumbList","@id":"https:\/\/www.reseau-entreprendre.org\/normandie-seine-et-eure\/entreprendre\/#breadcrumb","itemListElement":[{"@type":"ListItem","position":1,"name":"Accueil","item":"https:\/\/www.reseau-entreprendre.org\/normandie-seine-et-eure\/"},{"@type":"ListItem","position":2,"name":"Entreprendre"}]},{"@type":"WebSite","@id":"https:\/\/www.reseau-entreprendre.org\/normandie-seine-et-eure\/#website","url":"https:\/\/www.reseau-entreprendre.org\/normandie-seine-et-eure\/","name":"R\u00e9seau Entreprendre Normandie Seine et Eure","description":"Un site utilisant Les sites de R\u00e9seau Entreprendre","potentialAction":[{"@type":"SearchAction","target":{"@type":"EntryPoint","urlTemplate":"https:\/\/www.reseau-entreprendre.org\/normandie-seine-et-eure\/?s={search_term_string}"},"query-input":{"@type":"PropertyValueSpecification","valueRequired":true,"valueName":"search_term_string"}}],"inLanguage":"fr-FR"}]}},"_links":{"self":[{"href":"https:\/\/www.reseau-entreprendre.org\/normandie-seine-et-eure\/wp-json\/wp\/v2\/pages\/13","targetHints":{"allow":["GET"]}}],"collection":[{"href":"https:\/\/www.reseau-entreprendre.org\/normandie-seine-et-eure\/wp-json\/wp\/v2\/pages"}],"about":[{"href":"https:\/\/www.reseau-entreprendre.org\/normandie-seine-et-eure\/wp-json\/wp\/v2\/types\/page"}],"author":[{"embeddable":true,"href":"https:\/\/www.reseau-entreprendre.org\/normandie-seine-et-eure\/wp-json\/wp\/v2\/users\/54"}],"replies":[{"embeddable":true,"href":"https:\/\/www.reseau-entreprendre.org\/normandie-seine-et-eure\/wp-json\/wp\/v2\/comments?post=13"}],"version-history":[{"count":0,"href":"https:\/\/www.reseau-entreprendre.org\/normandie-seine-et-eure\/wp-json\/wp\/v2\/pages\/13\/revisions"}],"wp:attachment":[{"href":"https:\/\/www.reseau-entreprendre.org\/normandie-seine-et-eure\/wp-json\/wp\/v2\/media?parent=13"}],"curies":[{"name":"wp","href":"https:\/\/api.w.org\/{rel}","templated":true}]}}