{"id":17,"date":"2017-04-28T12:34:01","date_gmt":"2017-04-28T10:34:01","guid":{"rendered":"http:\/\/re-dev-entreprendre.fr\/normandie-seine-et-eure\/?page_id=17"},"modified":"2021-12-02T14:19:52","modified_gmt":"2021-12-02T13:19:52","slug":"soutenir","status":"publish","type":"page","link":"https:\/\/www.reseau-entreprendre.org\/normandie-seine-et-eure\/soutenir\/","title":{"rendered":"Soutenir"},"content":{"rendered":"\n<h2 class=\"has-re-blue-color has-text-color wp-block-heading\"><strong><span style=\"color:#000000\" class=\"has-inline-color\">Ensemble, soutenons la cr\u00e9ation d\u2019emplois dans les territoires.<\/span><\/strong><\/h2>\n\n\n\n<div style=\"height:40px\" aria-hidden=\"true\" class=\"wp-block-spacer\"><\/div>\n\n\n\n<h3 class=\"has-re-red-color has-text-color wp-block-heading\"><span class=\"has-inline-color has-re-blue-color\">Devenez partenaire de R\u00e9seau Entreprendre Normandie Seine &amp; Eure et int\u00e9grer un r\u00e9seau de chefs d&#8217;entreprise engag\u00e9s en faveur de la cr\u00e9ation d&#8217;emplois<\/span><\/h3>\n\n\n\n<div style=\"height:25px\" aria-hidden=\"true\" class=\"wp-block-spacer\"><\/div>\n\n\n\n<p>\u00catre partenaire de R\u00e9seau Entreprendre, c&#8217;est&nbsp;:<\/p>\n\n\n\n<ul class=\"wp-block-list\"><li>Participer \u00e0 un<strong> r\u00e9seau dynamique de chefs d&#8217;entreprise<\/strong> engag\u00e9s<\/li><li>Soutenir la <strong>cr\u00e9ation d&#8217;emplois durables<\/strong> sur votre territoire<\/li><li>Faire vivre les<strong> valeurs entrepreneuriales<\/strong> \u00e0 vos \u00e9quipes<\/li><li>Valoriser vos <strong>actions en faveur du d\u00e9veloppement \u00e9conomique local<\/strong><\/li><\/ul>\n\n\n\n<div style=\"height:25px\" aria-hidden=\"true\" class=\"wp-block-spacer\"><\/div>\n\n\n\n<h3 class=\"has-re-red-color has-text-color wp-block-heading\"><span class=\"has-inline-color has-re-blue-color\">Notre force : l&#8217;accompagnement des entrepreneurs, qu&#8217;ils soient cr\u00e9ateurs, repreneurs ou d\u00e9veloppeurs d&#8217;entreprises<\/span><\/h3>\n\n\n\n<div style=\"height:25px\" aria-hidden=\"true\" class=\"wp-block-spacer\"><\/div>\n\n\n\n<p>Proposez \u00e0 vos cadres de participer \u00e0 la vie de notre r\u00e9seau dans les territoires ! Au contact des cr\u00e9ateurs d&#8217;entreprises, start-up ou PME \u00e0 forte croissance vous leur faites vivre les valeurs entrepreneuriales : audace, cr\u00e9ativit\u00e9, adaptation etc&#8230;. Int\u00e9grer R\u00e9seau Entreprendre, c&#8217;est \u00e9galement d\u00e9couvrir de nouveaux m\u00e9tiers, de nouveaux secteurs et \u00eatre toujours \u00e0 la pointe des derni\u00e8res tendances ! Vos cadres reviendront riches de cette exp\u00e9rience pour nourrir leur propre vie professionnelle.<\/p>\n\n\n\n<div style=\"height:25px\" aria-hidden=\"true\" class=\"wp-block-spacer\"><\/div>\n\n\n\n<h3 class=\"has-re-red-color has-text-color wp-block-heading\"><span class=\"has-inline-color has-re-blue-color\">Notre sp\u00e9cificit\u00e9&nbsp;: un r\u00e9seau 100% chefs d&#8217;entreprise<\/span><\/h3>\n\n\n\n<div style=\"height:25px\" aria-hidden=\"true\" class=\"wp-block-spacer\"><\/div>\n\n\n\n<p>En devenant partenaire de R\u00e9seau Entreprendre Normandie Seine &amp; Eure, vous acc\u00e9der \u00e0 un r\u00e9seau incontournable dans les milieux \u00e9conomiques et institutionnels r\u00e9gionaux.&nbsp; Vous entrez en contact avec des chefs d&#8217;entreprises engag\u00e9s, mais aussi les futurs dirigeants de PME et ETI de demain.<\/p>\n\n\n\n<div style=\"height:40px\" aria-hidden=\"true\" class=\"wp-block-spacer\"><\/div>\n\n\n\n<h2 class=\"has-re-blue-color has-text-color wp-block-heading\"><strong><span style=\"color:#000000\" class=\"has-inline-color\">Affichez votre soutien \u00e0 l\u2019\u00e9conomie et \u00e0 la cr\u00e9ation d\u2019emplois dans les territoires<\/span><\/strong><\/h2>\n\n\n\n<div style=\"height:25px\" aria-hidden=\"true\" class=\"wp-block-spacer\"><\/div>\n\n\n\n<h3 class=\"has-re-red-color has-text-color wp-block-heading\"><span class=\"has-inline-color has-re-blue-color\">Accompagnez nos \u00e9v\u00e9nements pour vivre et partager des moments uniques de convivialit\u00e9 et d\u2019\u00e9nergie<\/span><\/h3>\n\n\n\n<div style=\"height:25px\" aria-hidden=\"true\" class=\"wp-block-spacer\"><\/div>\n\n\n\n<p>R\u00e9seau Entreprendre&nbsp;Normandie Seine &amp; Eure propose \u00e0 ses partenaires des actions sur-mesure pour faire rayonner l\u2019entreprise (sponsoring d\u2019\u00e9v\u00e9nement,\u2026).<\/p>\n\n\n\n<div style=\"height:40px\" aria-hidden=\"true\" class=\"wp-block-spacer\"><\/div>\n\n\n\n<h4 class=\"has-text-align-center has-re-red-color has-text-color wp-block-heading\"><strong><span class=\"has-inline-color has-re-blue-color\">Devenez partenaire de R\u00e9seau Entreprendre Normandie Seine et Eure<\/span><\/strong><\/h4>\n\n\n\n<div style=\"height:25px\" aria-hidden=\"true\" class=\"wp-block-spacer\"><\/div>\n\n\n\n<div class=\"wp-block-buttons is-content-justification-center is-layout-flex wp-block-buttons-is-layout-flex\">\n<div class=\"wp-block-button is-style-fill\"><a class=\"wp-block-button__link has-re-blue-background-color has-background\" href=\"https:\/\/www.reseau-entreprendre.org\/fr\/soutenir\/formulaire-partenaire\/\" target=\"_blank\" rel=\"noreferrer noopener\">Contactez-nous<\/a><\/div>\n<\/div>\n","protected":false},"excerpt":{"rendered":"<p>Ensemble, soutenons la cr\u00e9ation d\u2019emplois dans les territoires. Devenez partenaire<\/p>\n","protected":false},"author":54,"featured_media":0,"parent":0,"menu_order":0,"comment_status":"closed","ping_status":"closed","template":"","meta":{"_acf_changed":false,"_monsterinsights_skip_tracking":false,"_monsterinsights_sitenote_active":false,"_monsterinsights_sitenote_note":"","_monsterinsights_sitenote_category":0,"footnotes":""},"class_list":["post-17","page","type-page","status-publish","hentry"],"acf":[],"yoast_head":"<!-- This site is optimized with the Yoast SEO plugin v27.4 - https:\/\/yoast.com\/product\/yoast-seo-wordpress\/ -->\n<title>Soutenir<\/title>\n<meta name=\"description\" content=\"Partenaire, vous souhaitez soutenir un r\u00e9seau 100% chefs d&#039;entreprise ? Rejoignez R\u00e9seau Entreprendre Normandie Seine &amp; Eure\" \/>\n<meta name=\"robots\" content=\"index, follow, max-snippet:-1, max-image-preview:large, max-video-preview:-1\" \/>\n<link rel=\"canonical\" href=\"https:\/\/www.reseau-entreprendre.org\/normandie-seine-et-eure\/soutenir\/\" \/>\n<meta property=\"og:locale\" content=\"fr_FR\" \/>\n<meta property=\"og:type\" content=\"article\" \/>\n<meta property=\"og:title\" content=\"Soutenir\" \/>\n<meta property=\"og:description\" content=\"Partenaire, vous souhaitez soutenir un r\u00e9seau 100% chefs d&#039;entreprise ? Rejoignez R\u00e9seau Entreprendre Normandie Seine &amp; Eure\" \/>\n<meta property=\"og:url\" content=\"https:\/\/www.reseau-entreprendre.org\/normandie-seine-et-eure\/soutenir\/\" \/>\n<meta property=\"og:site_name\" content=\"R\u00e9seau Entreprendre Normandie Seine et Eure\" \/>\n<meta property=\"article:modified_time\" content=\"2021-12-02T13:19:52+00:00\" \/>\n<meta name=\"twitter:card\" content=\"summary_large_image\" \/>\n<meta name=\"twitter:label1\" content=\"Dur\u00e9e de lecture estim\u00e9e\" \/>\n\t<meta name=\"twitter:data1\" content=\"2 minutes\" \/>\n<script type=\"application\/ld+json\" class=\"yoast-schema-graph\">{\"@context\":\"https:\\\/\\\/schema.org\",\"@graph\":[{\"@type\":\"WebPage\",\"@id\":\"https:\\\/\\\/www.reseau-entreprendre.org\\\/normandie-seine-et-eure\\\/soutenir\\\/\",\"url\":\"https:\\\/\\\/www.reseau-entreprendre.org\\\/normandie-seine-et-eure\\\/soutenir\\\/\",\"name\":\"Soutenir\",\"isPartOf\":{\"@id\":\"https:\\\/\\\/www.reseau-entreprendre.org\\\/normandie-seine-et-eure\\\/#website\"},\"datePublished\":\"2017-04-28T10:34:01+00:00\",\"dateModified\":\"2021-12-02T13:19:52+00:00\",\"description\":\"Partenaire, vous souhaitez soutenir un r\u00e9seau 100% chefs d'entreprise ? Rejoignez R\u00e9seau Entreprendre Normandie Seine & Eure\",\"breadcrumb\":{\"@id\":\"https:\\\/\\\/www.reseau-entreprendre.org\\\/normandie-seine-et-eure\\\/soutenir\\\/#breadcrumb\"},\"inLanguage\":\"fr-FR\",\"potentialAction\":[{\"@type\":\"ReadAction\",\"target\":[\"https:\\\/\\\/www.reseau-entreprendre.org\\\/normandie-seine-et-eure\\\/soutenir\\\/\"]}]},{\"@type\":\"BreadcrumbList\",\"@id\":\"https:\\\/\\\/www.reseau-entreprendre.org\\\/normandie-seine-et-eure\\\/soutenir\\\/#breadcrumb\",\"itemListElement\":[{\"@type\":\"ListItem\",\"position\":1,\"name\":\"Accueil\",\"item\":\"https:\\\/\\\/www.reseau-entreprendre.org\\\/normandie-seine-et-eure\\\/\"},{\"@type\":\"ListItem\",\"position\":2,\"name\":\"Soutenir\"}]},{\"@type\":\"WebSite\",\"@id\":\"https:\\\/\\\/www.reseau-entreprendre.org\\\/normandie-seine-et-eure\\\/#website\",\"url\":\"https:\\\/\\\/www.reseau-entreprendre.org\\\/normandie-seine-et-eure\\\/\",\"name\":\"R\u00e9seau Entreprendre Normandie Seine et Eure\",\"description\":\"Un site utilisant Les sites de R\u00e9seau Entreprendre\",\"potentialAction\":[{\"@type\":\"SearchAction\",\"target\":{\"@type\":\"EntryPoint\",\"urlTemplate\":\"https:\\\/\\\/www.reseau-entreprendre.org\\\/normandie-seine-et-eure\\\/?s={search_term_string}\"},\"query-input\":{\"@type\":\"PropertyValueSpecification\",\"valueRequired\":true,\"valueName\":\"search_term_string\"}}],\"inLanguage\":\"fr-FR\"}]}<\/script>\n<!-- \/ Yoast SEO plugin. -->","yoast_head_json":{"title":"Soutenir","description":"Partenaire, vous souhaitez soutenir un r\u00e9seau 100% chefs d'entreprise ? Rejoignez R\u00e9seau Entreprendre Normandie Seine & Eure","robots":{"index":"index","follow":"follow","max-snippet":"max-snippet:-1","max-image-preview":"max-image-preview:large","max-video-preview":"max-video-preview:-1"},"canonical":"https:\/\/www.reseau-entreprendre.org\/normandie-seine-et-eure\/soutenir\/","og_locale":"fr_FR","og_type":"article","og_title":"Soutenir","og_description":"Partenaire, vous souhaitez soutenir un r\u00e9seau 100% chefs d'entreprise ? Rejoignez R\u00e9seau Entreprendre Normandie Seine & Eure","og_url":"https:\/\/www.reseau-entreprendre.org\/normandie-seine-et-eure\/soutenir\/","og_site_name":"R\u00e9seau Entreprendre Normandie Seine et Eure","article_modified_time":"2021-12-02T13:19:52+00:00","twitter_card":"summary_large_image","twitter_misc":{"Dur\u00e9e de lecture estim\u00e9e":"2 minutes"},"schema":{"@context":"https:\/\/schema.org","@graph":[{"@type":"WebPage","@id":"https:\/\/www.reseau-entreprendre.org\/normandie-seine-et-eure\/soutenir\/","url":"https:\/\/www.reseau-entreprendre.org\/normandie-seine-et-eure\/soutenir\/","name":"Soutenir","isPartOf":{"@id":"https:\/\/www.reseau-entreprendre.org\/normandie-seine-et-eure\/#website"},"datePublished":"2017-04-28T10:34:01+00:00","dateModified":"2021-12-02T13:19:52+00:00","description":"Partenaire, vous souhaitez soutenir un r\u00e9seau 100% chefs d'entreprise ? Rejoignez R\u00e9seau Entreprendre Normandie Seine & Eure","breadcrumb":{"@id":"https:\/\/www.reseau-entreprendre.org\/normandie-seine-et-eure\/soutenir\/#breadcrumb"},"inLanguage":"fr-FR","potentialAction":[{"@type":"ReadAction","target":["https:\/\/www.reseau-entreprendre.org\/normandie-seine-et-eure\/soutenir\/"]}]},{"@type":"BreadcrumbList","@id":"https:\/\/www.reseau-entreprendre.org\/normandie-seine-et-eure\/soutenir\/#breadcrumb","itemListElement":[{"@type":"ListItem","position":1,"name":"Accueil","item":"https:\/\/www.reseau-entreprendre.org\/normandie-seine-et-eure\/"},{"@type":"ListItem","position":2,"name":"Soutenir"}]},{"@type":"WebSite","@id":"https:\/\/www.reseau-entreprendre.org\/normandie-seine-et-eure\/#website","url":"https:\/\/www.reseau-entreprendre.org\/normandie-seine-et-eure\/","name":"R\u00e9seau Entreprendre Normandie Seine et Eure","description":"Un site utilisant Les sites de R\u00e9seau Entreprendre","potentialAction":[{"@type":"SearchAction","target":{"@type":"EntryPoint","urlTemplate":"https:\/\/www.reseau-entreprendre.org\/normandie-seine-et-eure\/?s={search_term_string}"},"query-input":{"@type":"PropertyValueSpecification","valueRequired":true,"valueName":"search_term_string"}}],"inLanguage":"fr-FR"}]}},"_links":{"self":[{"href":"https:\/\/www.reseau-entreprendre.org\/normandie-seine-et-eure\/wp-json\/wp\/v2\/pages\/17","targetHints":{"allow":["GET"]}}],"collection":[{"href":"https:\/\/www.reseau-entreprendre.org\/normandie-seine-et-eure\/wp-json\/wp\/v2\/pages"}],"about":[{"href":"https:\/\/www.reseau-entreprendre.org\/normandie-seine-et-eure\/wp-json\/wp\/v2\/types\/page"}],"author":[{"embeddable":true,"href":"https:\/\/www.reseau-entreprendre.org\/normandie-seine-et-eure\/wp-json\/wp\/v2\/users\/54"}],"replies":[{"embeddable":true,"href":"https:\/\/www.reseau-entreprendre.org\/normandie-seine-et-eure\/wp-json\/wp\/v2\/comments?post=17"}],"version-history":[{"count":0,"href":"https:\/\/www.reseau-entreprendre.org\/normandie-seine-et-eure\/wp-json\/wp\/v2\/pages\/17\/revisions"}],"wp:attachment":[{"href":"https:\/\/www.reseau-entreprendre.org\/normandie-seine-et-eure\/wp-json\/wp\/v2\/media?parent=17"}],"curies":[{"name":"wp","href":"https:\/\/api.w.org\/{rel}","templated":true}]}}