{"id":2230,"date":"2021-11-26T16:10:24","date_gmt":"2021-11-26T15:10:24","guid":{"rendered":"https:\/\/www.reseau-entreprendre.org\/normandie-seine-et-eure\/?page_id=2230"},"modified":"2023-02-09T15:56:49","modified_gmt":"2023-02-09T14:56:49","slug":"developpement-entreprise","status":"publish","type":"page","link":"https:\/\/www.reseau-entreprendre.org\/normandie-seine-et-eure\/developpement-entreprise\/","title":{"rendered":"D\u00e9veloppement"},"content":{"rendered":"\n<h4 class=\"wp-block-heading\">Vous souhaitez passer un cap de d\u00e9veloppement significatif pour votre entreprise ?<\/h4>\n\n\n\n<div style=\"height:30px\" aria-hidden=\"true\" class=\"wp-block-spacer\"><\/div>\n\n\n\n<h2 class=\"has-text-align-center wp-block-heading\"><strong><span class=\"has-inline-color has-re-red-color\">PARCOURS BOOSTER<\/span><\/strong><\/h2>\n\n\n\n<div style=\"height:50px\" aria-hidden=\"true\" class=\"wp-block-spacer\"><\/div>\n\n\n\n<h4 class=\"wp-block-heading\"><strong>Notre offre pour concr\u00e9tiser et r\u00e9ussir votre projet de d\u00e9veloppement structurant :<\/strong><\/h4>\n\n\n\n<ul class=\"wp-block-list\">\n<li><strong><span class=\"has-inline-color has-re-red-color\">Accompagnement coll\u00e9gial et individuel, en mode projet<\/span><\/strong>,<strong>&nbsp;<\/strong>par 2 \u00e0 3 chefs d\u2019entreprise, bimestriel et\/ou mensuel pendant 18 \u00e0 24 mois<\/li>\n\n\n\n<li><strong><span class=\"has-inline-color has-re-red-color\">Pr\u00eat d&#8217;honneur <\/span><\/strong>: de 30 \u00e0 90 K\u20ac, sans int\u00e9r\u00eat et sans garantie<\/li>\n<\/ul>\n\n\n\n<div style=\"height:45px\" aria-hidden=\"true\" class=\"wp-block-spacer\"><\/div>\n\n\n\n<h4 class=\"wp-block-heading\"><strong>Conditions d&#8217;entr\u00e9e :<\/strong><\/h4>\n\n\n\n<ul class=\"wp-block-list\">\n<li>Plus de 5 salari\u00e9s<\/li>\n\n\n\n<li>Chiffre d&#8217;affaires sup\u00e9rieur \u00e0 500 k\u20ac<\/li>\n<\/ul>\n\n\n\n<div style=\"height:45px\" aria-hidden=\"true\" class=\"wp-block-spacer\"><\/div>\n\n\n\n<h4 class=\"wp-block-heading\"><strong>Objectif :<\/strong><\/h4>\n\n\n\n<ul class=\"wp-block-list\">\n<li><strong><span class=\"has-inline-color has-re-red-color\">D\u00e9velopper significativement<\/span><\/strong> le nombre d&#8217;emplois<\/li>\n<\/ul>\n\n\n\n<div style=\"height:45px\" aria-hidden=\"true\" class=\"wp-block-spacer\"><\/div>\n\n\n\n<figure class=\"wp-block-image size-large\"><img loading=\"lazy\" decoding=\"async\" width=\"1024\" height=\"457\" src=\"https:\/\/www.reseau-entreprendre.org\/normandie-seine-et-eure\/wp-content\/uploads\/sites\/53\/2021\/11\/fleche_booster-1024x457.jpg\" alt=\"Frise parcours BOOSTER, afin de d\u00e9velopper votre entreprise\" class=\"wp-image-2447\" srcset=\"https:\/\/www.reseau-entreprendre.org\/normandie-seine-et-eure\/wp-content\/uploads\/sites\/53\/2021\/11\/fleche_booster-1024x457.jpg 1024w, https:\/\/www.reseau-entreprendre.org\/normandie-seine-et-eure\/wp-content\/uploads\/sites\/53\/2021\/11\/fleche_booster-300x134.jpg 300w, https:\/\/www.reseau-entreprendre.org\/normandie-seine-et-eure\/wp-content\/uploads\/sites\/53\/2021\/11\/fleche_booster-768x343.jpg 768w, https:\/\/www.reseau-entreprendre.org\/normandie-seine-et-eure\/wp-content\/uploads\/sites\/53\/2021\/11\/fleche_booster-1536x686.jpg 1536w, https:\/\/www.reseau-entreprendre.org\/normandie-seine-et-eure\/wp-content\/uploads\/sites\/53\/2021\/11\/fleche_booster-2048x914.jpg 2048w, https:\/\/www.reseau-entreprendre.org\/normandie-seine-et-eure\/wp-content\/uploads\/sites\/53\/2021\/11\/fleche_booster-210x94.jpg 210w, https:\/\/www.reseau-entreprendre.org\/normandie-seine-et-eure\/wp-content\/uploads\/sites\/53\/2021\/11\/fleche_booster-scaled.jpg 1140w\" sizes=\"auto, (max-width: 1024px) 100vw, 1024px\" \/><\/figure>\n\n\n\n<div style=\"height:45px\" aria-hidden=\"true\" class=\"wp-block-spacer\"><\/div>\n\n\n\n<div class=\"wp-block-buttons is-horizontal is-content-justification-center is-layout-flex wp-container-core-buttons-is-layout-499968f5 wp-block-buttons-is-layout-flex\">\n<div class=\"wp-block-button is-style-fill\"><a class=\"wp-block-button__link has-re-red-background-color has-background wp-element-button\" href=\"https:\/\/www.reseau-entreprendre.org\/normandie-seine-et-eure\/wp-content\/uploads\/sites\/53\/2021\/05\/BOOSTER_Fiche-parcours.pdf\" target=\"_blank\" rel=\"noreferrer noopener\"><strong>En savoir plus<\/strong><\/a><\/div>\n<\/div>\n\n\n\n<div style=\"height:65px\" aria-hidden=\"true\" class=\"wp-block-spacer\"><\/div>\n\n\n\n<h4 class=\"has-text-align-center wp-block-heading\"> <span class=\"has-inline-color has-re-red-color\"><strong>Vous souhaitez \u00eatre accompagn\u00e9 par R\u00e9seau Entreprendre Normandie Seine &amp; Eure ?<\/strong> <\/span><\/h4>\n\n\n\n<div style=\"height:25px\" aria-hidden=\"true\" class=\"wp-block-spacer\"><\/div>\n\n\n\n<div class=\"wp-block-buttons is-horizontal is-content-justification-center is-layout-flex wp-container-core-buttons-is-layout-499968f5 wp-block-buttons-is-layout-flex\">\n<div class=\"wp-block-button is-style-outline is-style-outline--1\"><a class=\"wp-block-button__link has-re-red-color has-text-color wp-element-button\" href=\"https:\/\/www.reseau-entreprendre.org\/fr\/entreprendre\/formulaire-porteur-projet\/\" style=\"border-radius:4px\" target=\"_blank\" rel=\"noreferrer noopener\"><strong>Contactez-nous<\/strong><\/a><\/div>\n<\/div>\n\n\n\n<p> <\/p>\n","protected":false},"excerpt":{"rendered":"<p>Vous souhaitez passer un cap de d\u00e9veloppement significatif pour votre<\/p>\n","protected":false},"author":54,"featured_media":0,"parent":0,"menu_order":0,"comment_status":"closed","ping_status":"closed","template":"","meta":{"_acf_changed":false,"_monsterinsights_skip_tracking":false,"_monsterinsights_sitenote_active":false,"_monsterinsights_sitenote_note":"","_monsterinsights_sitenote_category":0,"footnotes":""},"class_list":["post-2230","page","type-page","status-publish","hentry"],"acf":[],"yoast_head":"<!-- This site is optimized with the Yoast SEO plugin v27.4 - https:\/\/yoast.com\/product\/yoast-seo-wordpress\/ -->\n<title>D\u00e9veloppement de votre entreprise<\/title>\n<meta name=\"description\" content=\"Vous souhaitez passer un cap de d\u00e9veloppement significatif pour votre entreprise ? D\u00e9couvrez notre accompagnement avec le parcours BOOSTER.\" \/>\n<meta name=\"robots\" content=\"index, follow, max-snippet:-1, max-image-preview:large, max-video-preview:-1\" \/>\n<link rel=\"canonical\" href=\"https:\/\/www.reseau-entreprendre.org\/normandie-seine-et-eure\/developpement-entreprise\/\" \/>\n<meta property=\"og:locale\" content=\"fr_FR\" \/>\n<meta property=\"og:type\" content=\"article\" \/>\n<meta property=\"og:title\" content=\"D\u00e9veloppement de votre entreprise\" \/>\n<meta property=\"og:description\" content=\"Vous souhaitez passer un cap de d\u00e9veloppement significatif pour votre entreprise ? D\u00e9couvrez notre accompagnement avec le parcours BOOSTER.\" \/>\n<meta property=\"og:url\" content=\"https:\/\/www.reseau-entreprendre.org\/normandie-seine-et-eure\/developpement-entreprise\/\" \/>\n<meta property=\"og:site_name\" content=\"R\u00e9seau Entreprendre Normandie Seine et Eure\" \/>\n<meta property=\"article:modified_time\" content=\"2023-02-09T14:56:49+00:00\" \/>\n<meta property=\"og:image\" content=\"https:\/\/www.reseau-entreprendre.org\/normandie-seine-et-eure\/wp-content\/uploads\/sites\/53\/2021\/11\/fleche_booster-1024x457.jpg\" \/>\n<meta name=\"twitter:card\" content=\"summary_large_image\" \/>\n<meta name=\"twitter:label1\" content=\"Dur\u00e9e de lecture estim\u00e9e\" \/>\n\t<meta name=\"twitter:data1\" content=\"1 minute\" \/>\n<script type=\"application\/ld+json\" class=\"yoast-schema-graph\">{\"@context\":\"https:\\\/\\\/schema.org\",\"@graph\":[{\"@type\":\"WebPage\",\"@id\":\"https:\\\/\\\/www.reseau-entreprendre.org\\\/normandie-seine-et-eure\\\/developpement-entreprise\\\/\",\"url\":\"https:\\\/\\\/www.reseau-entreprendre.org\\\/normandie-seine-et-eure\\\/developpement-entreprise\\\/\",\"name\":\"D\u00e9veloppement de votre entreprise\",\"isPartOf\":{\"@id\":\"https:\\\/\\\/www.reseau-entreprendre.org\\\/normandie-seine-et-eure\\\/#website\"},\"primaryImageOfPage\":{\"@id\":\"https:\\\/\\\/www.reseau-entreprendre.org\\\/normandie-seine-et-eure\\\/developpement-entreprise\\\/#primaryimage\"},\"image\":{\"@id\":\"https:\\\/\\\/www.reseau-entreprendre.org\\\/normandie-seine-et-eure\\\/developpement-entreprise\\\/#primaryimage\"},\"thumbnailUrl\":\"https:\\\/\\\/www.reseau-entreprendre.org\\\/normandie-seine-et-eure\\\/wp-content\\\/uploads\\\/sites\\\/53\\\/2021\\\/11\\\/fleche_booster-1024x457.jpg\",\"datePublished\":\"2021-11-26T15:10:24+00:00\",\"dateModified\":\"2023-02-09T14:56:49+00:00\",\"description\":\"Vous souhaitez passer un cap de d\u00e9veloppement significatif pour votre entreprise ? D\u00e9couvrez notre accompagnement avec le parcours BOOSTER.\",\"breadcrumb\":{\"@id\":\"https:\\\/\\\/www.reseau-entreprendre.org\\\/normandie-seine-et-eure\\\/developpement-entreprise\\\/#breadcrumb\"},\"inLanguage\":\"fr-FR\",\"potentialAction\":[{\"@type\":\"ReadAction\",\"target\":[\"https:\\\/\\\/www.reseau-entreprendre.org\\\/normandie-seine-et-eure\\\/developpement-entreprise\\\/\"]}]},{\"@type\":\"ImageObject\",\"inLanguage\":\"fr-FR\",\"@id\":\"https:\\\/\\\/www.reseau-entreprendre.org\\\/normandie-seine-et-eure\\\/developpement-entreprise\\\/#primaryimage\",\"url\":\"https:\\\/\\\/www.reseau-entreprendre.org\\\/normandie-seine-et-eure\\\/wp-content\\\/uploads\\\/sites\\\/53\\\/2021\\\/11\\\/fleche_booster-scaled.jpg\",\"contentUrl\":\"https:\\\/\\\/www.reseau-entreprendre.org\\\/normandie-seine-et-eure\\\/wp-content\\\/uploads\\\/sites\\\/53\\\/2021\\\/11\\\/fleche_booster-scaled.jpg\",\"width\":1140,\"height\":509},{\"@type\":\"BreadcrumbList\",\"@id\":\"https:\\\/\\\/www.reseau-entreprendre.org\\\/normandie-seine-et-eure\\\/developpement-entreprise\\\/#breadcrumb\",\"itemListElement\":[{\"@type\":\"ListItem\",\"position\":1,\"name\":\"Accueil\",\"item\":\"https:\\\/\\\/www.reseau-entreprendre.org\\\/normandie-seine-et-eure\\\/\"},{\"@type\":\"ListItem\",\"position\":2,\"name\":\"D\u00e9veloppement\"}]},{\"@type\":\"WebSite\",\"@id\":\"https:\\\/\\\/www.reseau-entreprendre.org\\\/normandie-seine-et-eure\\\/#website\",\"url\":\"https:\\\/\\\/www.reseau-entreprendre.org\\\/normandie-seine-et-eure\\\/\",\"name\":\"R\u00e9seau Entreprendre Normandie Seine et Eure\",\"description\":\"Un site utilisant Les sites de R\u00e9seau Entreprendre\",\"potentialAction\":[{\"@type\":\"SearchAction\",\"target\":{\"@type\":\"EntryPoint\",\"urlTemplate\":\"https:\\\/\\\/www.reseau-entreprendre.org\\\/normandie-seine-et-eure\\\/?s={search_term_string}\"},\"query-input\":{\"@type\":\"PropertyValueSpecification\",\"valueRequired\":true,\"valueName\":\"search_term_string\"}}],\"inLanguage\":\"fr-FR\"}]}<\/script>\n<!-- \/ Yoast SEO plugin. -->","yoast_head_json":{"title":"D\u00e9veloppement de votre entreprise","description":"Vous souhaitez passer un cap de d\u00e9veloppement significatif pour votre entreprise ? D\u00e9couvrez notre accompagnement avec le parcours BOOSTER.","robots":{"index":"index","follow":"follow","max-snippet":"max-snippet:-1","max-image-preview":"max-image-preview:large","max-video-preview":"max-video-preview:-1"},"canonical":"https:\/\/www.reseau-entreprendre.org\/normandie-seine-et-eure\/developpement-entreprise\/","og_locale":"fr_FR","og_type":"article","og_title":"D\u00e9veloppement de votre entreprise","og_description":"Vous souhaitez passer un cap de d\u00e9veloppement significatif pour votre entreprise ? D\u00e9couvrez notre accompagnement avec le parcours BOOSTER.","og_url":"https:\/\/www.reseau-entreprendre.org\/normandie-seine-et-eure\/developpement-entreprise\/","og_site_name":"R\u00e9seau Entreprendre Normandie Seine et Eure","article_modified_time":"2023-02-09T14:56:49+00:00","og_image":[{"url":"https:\/\/www.reseau-entreprendre.org\/normandie-seine-et-eure\/wp-content\/uploads\/sites\/53\/2021\/11\/fleche_booster-1024x457.jpg","type":"","width":"","height":""}],"twitter_card":"summary_large_image","twitter_misc":{"Dur\u00e9e de lecture estim\u00e9e":"1 minute"},"schema":{"@context":"https:\/\/schema.org","@graph":[{"@type":"WebPage","@id":"https:\/\/www.reseau-entreprendre.org\/normandie-seine-et-eure\/developpement-entreprise\/","url":"https:\/\/www.reseau-entreprendre.org\/normandie-seine-et-eure\/developpement-entreprise\/","name":"D\u00e9veloppement de votre entreprise","isPartOf":{"@id":"https:\/\/www.reseau-entreprendre.org\/normandie-seine-et-eure\/#website"},"primaryImageOfPage":{"@id":"https:\/\/www.reseau-entreprendre.org\/normandie-seine-et-eure\/developpement-entreprise\/#primaryimage"},"image":{"@id":"https:\/\/www.reseau-entreprendre.org\/normandie-seine-et-eure\/developpement-entreprise\/#primaryimage"},"thumbnailUrl":"https:\/\/www.reseau-entreprendre.org\/normandie-seine-et-eure\/wp-content\/uploads\/sites\/53\/2021\/11\/fleche_booster-1024x457.jpg","datePublished":"2021-11-26T15:10:24+00:00","dateModified":"2023-02-09T14:56:49+00:00","description":"Vous souhaitez passer un cap de d\u00e9veloppement significatif pour votre entreprise ? D\u00e9couvrez notre accompagnement avec le parcours BOOSTER.","breadcrumb":{"@id":"https:\/\/www.reseau-entreprendre.org\/normandie-seine-et-eure\/developpement-entreprise\/#breadcrumb"},"inLanguage":"fr-FR","potentialAction":[{"@type":"ReadAction","target":["https:\/\/www.reseau-entreprendre.org\/normandie-seine-et-eure\/developpement-entreprise\/"]}]},{"@type":"ImageObject","inLanguage":"fr-FR","@id":"https:\/\/www.reseau-entreprendre.org\/normandie-seine-et-eure\/developpement-entreprise\/#primaryimage","url":"https:\/\/www.reseau-entreprendre.org\/normandie-seine-et-eure\/wp-content\/uploads\/sites\/53\/2021\/11\/fleche_booster-scaled.jpg","contentUrl":"https:\/\/www.reseau-entreprendre.org\/normandie-seine-et-eure\/wp-content\/uploads\/sites\/53\/2021\/11\/fleche_booster-scaled.jpg","width":1140,"height":509},{"@type":"BreadcrumbList","@id":"https:\/\/www.reseau-entreprendre.org\/normandie-seine-et-eure\/developpement-entreprise\/#breadcrumb","itemListElement":[{"@type":"ListItem","position":1,"name":"Accueil","item":"https:\/\/www.reseau-entreprendre.org\/normandie-seine-et-eure\/"},{"@type":"ListItem","position":2,"name":"D\u00e9veloppement"}]},{"@type":"WebSite","@id":"https:\/\/www.reseau-entreprendre.org\/normandie-seine-et-eure\/#website","url":"https:\/\/www.reseau-entreprendre.org\/normandie-seine-et-eure\/","name":"R\u00e9seau Entreprendre Normandie Seine et Eure","description":"Un site utilisant Les sites de R\u00e9seau Entreprendre","potentialAction":[{"@type":"SearchAction","target":{"@type":"EntryPoint","urlTemplate":"https:\/\/www.reseau-entreprendre.org\/normandie-seine-et-eure\/?s={search_term_string}"},"query-input":{"@type":"PropertyValueSpecification","valueRequired":true,"valueName":"search_term_string"}}],"inLanguage":"fr-FR"}]}},"_links":{"self":[{"href":"https:\/\/www.reseau-entreprendre.org\/normandie-seine-et-eure\/wp-json\/wp\/v2\/pages\/2230","targetHints":{"allow":["GET"]}}],"collection":[{"href":"https:\/\/www.reseau-entreprendre.org\/normandie-seine-et-eure\/wp-json\/wp\/v2\/pages"}],"about":[{"href":"https:\/\/www.reseau-entreprendre.org\/normandie-seine-et-eure\/wp-json\/wp\/v2\/types\/page"}],"author":[{"embeddable":true,"href":"https:\/\/www.reseau-entreprendre.org\/normandie-seine-et-eure\/wp-json\/wp\/v2\/users\/54"}],"replies":[{"embeddable":true,"href":"https:\/\/www.reseau-entreprendre.org\/normandie-seine-et-eure\/wp-json\/wp\/v2\/comments?post=2230"}],"version-history":[{"count":0,"href":"https:\/\/www.reseau-entreprendre.org\/normandie-seine-et-eure\/wp-json\/wp\/v2\/pages\/2230\/revisions"}],"wp:attachment":[{"href":"https:\/\/www.reseau-entreprendre.org\/normandie-seine-et-eure\/wp-json\/wp\/v2\/media?parent=2230"}],"curies":[{"name":"wp","href":"https:\/\/api.w.org\/{rel}","templated":true}]}}