{"id":2270,"date":"2021-11-17T16:00:00","date_gmt":"2021-11-17T15:00:00","guid":{"rendered":"https:\/\/www.reseau-entreprendre.org\/normandie-seine-et-eure\/?page_id=2270"},"modified":"2025-06-16T15:53:07","modified_gmt":"2025-06-16T13:53:07","slug":"croissance-entreprise","status":"publish","type":"page","link":"https:\/\/www.reseau-entreprendre.org\/normandie-seine-et-eure\/croissance-entreprise\/","title":{"rendered":"Croissance"},"content":{"rendered":"\n<h4 class=\"wp-block-heading\"> Vous souhaitez changer d&#8217;\u00e9chelle et doubler l&#8217;activit\u00e9 de votre entreprise ?<\/h4>\n\n\n\n<div style=\"height:30px\" aria-hidden=\"true\" class=\"wp-block-spacer\"><\/div>\n\n\n\n<h2 class=\"wp-block-heading has-text-align-center\"><strong><span class=\"has-inline-color has-re-red-color\">PARCOURS AMBITION<\/span><\/strong><\/h2>\n\n\n\n<div style=\"height:50px\" aria-hidden=\"true\" class=\"wp-block-spacer\"><\/div>\n\n\n\n<h4 class=\"wp-block-heading\"><strong>Notre offre pour accompagner la croissance de votre entreprise :<\/strong><\/h4>\n\n\n\n<ul class=\"wp-block-list\">\n<li><strong><span class=\"has-inline-color has-re-red-color\">Accompagnement coll\u00e9gial<\/span><\/strong>, par 2 \u00e0 4 chefs d&#8217;entreprise de croissance<\/li>\n\n\n\n<li><strong><span class=\"has-inline-color has-re-red-color\">Accompagnement collectif <\/span><\/strong>: club de laur\u00e9ats Ambition<\/li>\n\n\n\n<li><\/li>\n<\/ul>\n\n\n\n<div style=\"height:45px\" aria-hidden=\"true\" class=\"wp-block-spacer\"><\/div>\n\n\n\n<h4 class=\"wp-block-heading\"><strong>Crit\u00e8res de s\u00e9lection :<\/strong><\/h4>\n\n\n\n<ul class=\"wp-block-list\">\n<li>Plus de 15 salari\u00e9s<\/li>\n\n\n\n<li>Chiffre d&#8217;affaires sup\u00e9rieur \u00e0 1 M\u20ac<\/li>\n<\/ul>\n\n\n\n<div style=\"height:45px\" aria-hidden=\"true\" class=\"wp-block-spacer\"><\/div>\n\n\n\n<h4 class=\"wp-block-heading\"><strong>Objectif :<\/strong><\/h4>\n\n\n\n<ul class=\"wp-block-list\">\n<li><strong><span class=\"has-inline-color has-re-red-color\">Doubler<\/span><\/strong> <strong><span class=\"has-inline-color has-re-red-color\">la taille de l&#8217;entreprise<\/span><\/strong> en 3 \u00e0 4 ans<\/li>\n<\/ul>\n\n\n\n<div style=\"height:45px\" aria-hidden=\"true\" class=\"wp-block-spacer\"><\/div>\n\n\n\n<figure class=\"wp-block-image size-large\"><img loading=\"lazy\" decoding=\"async\" width=\"1024\" height=\"497\" src=\"https:\/\/www.reseau-entreprendre.org\/normandie-seine-et-eure\/wp-content\/uploads\/sites\/53\/2021\/11\/fleche_ambition-1024x497.jpg\" alt=\"Frise parcours AMBITION pour la croissance de votre entreprise.\" class=\"wp-image-2450\" srcset=\"https:\/\/www.reseau-entreprendre.org\/normandie-seine-et-eure\/wp-content\/uploads\/sites\/53\/2021\/11\/fleche_ambition-1024x497.jpg 1024w, https:\/\/www.reseau-entreprendre.org\/normandie-seine-et-eure\/wp-content\/uploads\/sites\/53\/2021\/11\/fleche_ambition-300x146.jpg 300w, https:\/\/www.reseau-entreprendre.org\/normandie-seine-et-eure\/wp-content\/uploads\/sites\/53\/2021\/11\/fleche_ambition-768x373.jpg 768w, https:\/\/www.reseau-entreprendre.org\/normandie-seine-et-eure\/wp-content\/uploads\/sites\/53\/2021\/11\/fleche_ambition-1536x746.jpg 1536w, https:\/\/www.reseau-entreprendre.org\/normandie-seine-et-eure\/wp-content\/uploads\/sites\/53\/2021\/11\/fleche_ambition-2048x994.jpg 2048w, https:\/\/www.reseau-entreprendre.org\/normandie-seine-et-eure\/wp-content\/uploads\/sites\/53\/2021\/11\/fleche_ambition-210x102.jpg 210w, https:\/\/www.reseau-entreprendre.org\/normandie-seine-et-eure\/wp-content\/uploads\/sites\/53\/2021\/11\/fleche_ambition-scaled.jpg 1140w\" sizes=\"auto, (max-width: 1024px) 100vw, 1024px\" \/><\/figure>\n\n\n\n<div style=\"height:45px\" aria-hidden=\"true\" class=\"wp-block-spacer\"><\/div>\n\n\n\n<div class=\"wp-block-buttons is-horizontal is-content-justification-center is-layout-flex wp-container-core-buttons-is-layout-499968f5 wp-block-buttons-is-layout-flex\">\n<div class=\"wp-block-button is-style-fill\"><a class=\"wp-block-button__link has-re-red-background-color has-background wp-element-button\" href=\"https:\/\/www.reseau-entreprendre.org\/normandie-seine-et-eure\/wp-content\/uploads\/sites\/53\/2025\/06\/AMBITION.pdf\" target=\"_blank\" rel=\"noreferrer noopener\"><strong>En savoir<\/strong> plus<\/a><\/div>\n<\/div>\n\n\n\n<div style=\"height:65px\" aria-hidden=\"true\" class=\"wp-block-spacer\"><\/div>\n\n\n\n<h4 class=\"wp-block-heading has-text-align-center\"> <span class=\"has-inline-color has-re-red-color\"><strong>Vous souhaitez \u00eatre accompagn\u00e9 par R\u00e9seau Entreprendre Normandie Seine &amp; Eure ?<\/strong> <\/span><\/h4>\n\n\n\n<div style=\"height:25px\" aria-hidden=\"true\" class=\"wp-block-spacer\"><\/div>\n\n\n\n<div class=\"wp-block-buttons is-horizontal is-content-justification-center is-layout-flex wp-container-core-buttons-is-layout-499968f5 wp-block-buttons-is-layout-flex\">\n<div class=\"wp-block-button is-style-outline is-style-outline--1\"><a class=\"wp-block-button__link has-re-red-color has-text-color wp-element-button\" href=\"https:\/\/www.reseau-entreprendre.org\/fr\/entreprendre\/formulaire-porteur-projet\/\" style=\"border-radius:4px\" target=\"_blank\" rel=\"noreferrer noopener\"><strong>Contactez-nous<\/strong><\/a><\/div>\n<\/div>\n\n\n\n<p><\/p>\n","protected":false},"excerpt":{"rendered":"<p>Vous souhaitez changer d&#8217;\u00e9chelle et doubler l&#8217;activit\u00e9 de votre entreprise<\/p>\n","protected":false},"author":54,"featured_media":0,"parent":0,"menu_order":0,"comment_status":"closed","ping_status":"closed","template":"","meta":{"_acf_changed":false,"_monsterinsights_skip_tracking":false,"_monsterinsights_sitenote_active":false,"_monsterinsights_sitenote_note":"","_monsterinsights_sitenote_category":0,"footnotes":""},"class_list":["post-2270","page","type-page","status-publish","hentry"],"acf":[],"yoast_head":"<!-- This site is optimized with the Yoast SEO plugin v27.4 - https:\/\/yoast.com\/product\/yoast-seo-wordpress\/ -->\n<title>Croissance de votre entreprise<\/title>\n<meta name=\"description\" content=\"Vous souhaitez changer d&#039;\u00e9chelle et doubler l&#039;activit\u00e9 de votre entreprise ? D\u00e9couvrez notre accompagnement avec le parcours AMBITION.\" \/>\n<meta name=\"robots\" content=\"index, follow, max-snippet:-1, max-image-preview:large, max-video-preview:-1\" \/>\n<link rel=\"canonical\" href=\"https:\/\/www.reseau-entreprendre.org\/normandie-seine-et-eure\/croissance-entreprise\/\" \/>\n<meta property=\"og:locale\" content=\"fr_FR\" \/>\n<meta property=\"og:type\" content=\"article\" \/>\n<meta property=\"og:title\" content=\"Croissance de votre entreprise\" \/>\n<meta property=\"og:description\" content=\"Vous souhaitez changer d&#039;\u00e9chelle et doubler l&#039;activit\u00e9 de votre entreprise ? D\u00e9couvrez notre accompagnement avec le parcours AMBITION.\" \/>\n<meta property=\"og:url\" content=\"https:\/\/www.reseau-entreprendre.org\/normandie-seine-et-eure\/croissance-entreprise\/\" \/>\n<meta property=\"og:site_name\" content=\"R\u00e9seau Entreprendre Normandie Seine et Eure\" \/>\n<meta property=\"article:modified_time\" content=\"2025-06-16T13:53:07+00:00\" \/>\n<meta property=\"og:image\" content=\"https:\/\/www.reseau-entreprendre.org\/normandie-seine-et-eure\/wp-content\/uploads\/sites\/53\/2021\/11\/fleche_ambition-scaled.jpg\" \/>\n\t<meta property=\"og:image:width\" content=\"1140\" \/>\n\t<meta property=\"og:image:height\" content=\"553\" \/>\n\t<meta property=\"og:image:type\" content=\"image\/jpeg\" \/>\n<meta name=\"twitter:card\" content=\"summary_large_image\" \/>\n<meta name=\"twitter:label1\" content=\"Dur\u00e9e de lecture estim\u00e9e\" \/>\n\t<meta name=\"twitter:data1\" content=\"1 minute\" \/>\n<script type=\"application\/ld+json\" class=\"yoast-schema-graph\">{\"@context\":\"https:\\\/\\\/schema.org\",\"@graph\":[{\"@type\":\"WebPage\",\"@id\":\"https:\\\/\\\/www.reseau-entreprendre.org\\\/normandie-seine-et-eure\\\/croissance-entreprise\\\/\",\"url\":\"https:\\\/\\\/www.reseau-entreprendre.org\\\/normandie-seine-et-eure\\\/croissance-entreprise\\\/\",\"name\":\"Croissance de votre entreprise\",\"isPartOf\":{\"@id\":\"https:\\\/\\\/www.reseau-entreprendre.org\\\/normandie-seine-et-eure\\\/#website\"},\"primaryImageOfPage\":{\"@id\":\"https:\\\/\\\/www.reseau-entreprendre.org\\\/normandie-seine-et-eure\\\/croissance-entreprise\\\/#primaryimage\"},\"image\":{\"@id\":\"https:\\\/\\\/www.reseau-entreprendre.org\\\/normandie-seine-et-eure\\\/croissance-entreprise\\\/#primaryimage\"},\"thumbnailUrl\":\"https:\\\/\\\/www.reseau-entreprendre.org\\\/normandie-seine-et-eure\\\/wp-content\\\/uploads\\\/sites\\\/53\\\/2021\\\/11\\\/fleche_ambition-1024x497.jpg\",\"datePublished\":\"2021-11-17T15:00:00+00:00\",\"dateModified\":\"2025-06-16T13:53:07+00:00\",\"description\":\"Vous souhaitez changer d'\u00e9chelle et doubler l'activit\u00e9 de votre entreprise ? D\u00e9couvrez notre accompagnement avec le parcours AMBITION.\",\"breadcrumb\":{\"@id\":\"https:\\\/\\\/www.reseau-entreprendre.org\\\/normandie-seine-et-eure\\\/croissance-entreprise\\\/#breadcrumb\"},\"inLanguage\":\"fr-FR\",\"potentialAction\":[{\"@type\":\"ReadAction\",\"target\":[\"https:\\\/\\\/www.reseau-entreprendre.org\\\/normandie-seine-et-eure\\\/croissance-entreprise\\\/\"]}]},{\"@type\":\"ImageObject\",\"inLanguage\":\"fr-FR\",\"@id\":\"https:\\\/\\\/www.reseau-entreprendre.org\\\/normandie-seine-et-eure\\\/croissance-entreprise\\\/#primaryimage\",\"url\":\"https:\\\/\\\/www.reseau-entreprendre.org\\\/normandie-seine-et-eure\\\/wp-content\\\/uploads\\\/sites\\\/53\\\/2021\\\/11\\\/fleche_ambition-scaled.jpg\",\"contentUrl\":\"https:\\\/\\\/www.reseau-entreprendre.org\\\/normandie-seine-et-eure\\\/wp-content\\\/uploads\\\/sites\\\/53\\\/2021\\\/11\\\/fleche_ambition-scaled.jpg\",\"width\":1140,\"height\":553},{\"@type\":\"BreadcrumbList\",\"@id\":\"https:\\\/\\\/www.reseau-entreprendre.org\\\/normandie-seine-et-eure\\\/croissance-entreprise\\\/#breadcrumb\",\"itemListElement\":[{\"@type\":\"ListItem\",\"position\":1,\"name\":\"Accueil\",\"item\":\"https:\\\/\\\/www.reseau-entreprendre.org\\\/normandie-seine-et-eure\\\/\"},{\"@type\":\"ListItem\",\"position\":2,\"name\":\"Croissance\"}]},{\"@type\":\"WebSite\",\"@id\":\"https:\\\/\\\/www.reseau-entreprendre.org\\\/normandie-seine-et-eure\\\/#website\",\"url\":\"https:\\\/\\\/www.reseau-entreprendre.org\\\/normandie-seine-et-eure\\\/\",\"name\":\"R\u00e9seau Entreprendre Normandie Seine et Eure\",\"description\":\"Un site utilisant Les sites de R\u00e9seau Entreprendre\",\"potentialAction\":[{\"@type\":\"SearchAction\",\"target\":{\"@type\":\"EntryPoint\",\"urlTemplate\":\"https:\\\/\\\/www.reseau-entreprendre.org\\\/normandie-seine-et-eure\\\/?s={search_term_string}\"},\"query-input\":{\"@type\":\"PropertyValueSpecification\",\"valueRequired\":true,\"valueName\":\"search_term_string\"}}],\"inLanguage\":\"fr-FR\"}]}<\/script>\n<!-- \/ Yoast SEO plugin. -->","yoast_head_json":{"title":"Croissance de votre entreprise","description":"Vous souhaitez changer d'\u00e9chelle et doubler l'activit\u00e9 de votre entreprise ? D\u00e9couvrez notre accompagnement avec le parcours AMBITION.","robots":{"index":"index","follow":"follow","max-snippet":"max-snippet:-1","max-image-preview":"max-image-preview:large","max-video-preview":"max-video-preview:-1"},"canonical":"https:\/\/www.reseau-entreprendre.org\/normandie-seine-et-eure\/croissance-entreprise\/","og_locale":"fr_FR","og_type":"article","og_title":"Croissance de votre entreprise","og_description":"Vous souhaitez changer d'\u00e9chelle et doubler l'activit\u00e9 de votre entreprise ? D\u00e9couvrez notre accompagnement avec le parcours AMBITION.","og_url":"https:\/\/www.reseau-entreprendre.org\/normandie-seine-et-eure\/croissance-entreprise\/","og_site_name":"R\u00e9seau Entreprendre Normandie Seine et Eure","article_modified_time":"2025-06-16T13:53:07+00:00","og_image":[{"width":1140,"height":553,"url":"https:\/\/www.reseau-entreprendre.org\/normandie-seine-et-eure\/wp-content\/uploads\/sites\/53\/2021\/11\/fleche_ambition-scaled.jpg","type":"image\/jpeg"}],"twitter_card":"summary_large_image","twitter_misc":{"Dur\u00e9e de lecture estim\u00e9e":"1 minute"},"schema":{"@context":"https:\/\/schema.org","@graph":[{"@type":"WebPage","@id":"https:\/\/www.reseau-entreprendre.org\/normandie-seine-et-eure\/croissance-entreprise\/","url":"https:\/\/www.reseau-entreprendre.org\/normandie-seine-et-eure\/croissance-entreprise\/","name":"Croissance de votre entreprise","isPartOf":{"@id":"https:\/\/www.reseau-entreprendre.org\/normandie-seine-et-eure\/#website"},"primaryImageOfPage":{"@id":"https:\/\/www.reseau-entreprendre.org\/normandie-seine-et-eure\/croissance-entreprise\/#primaryimage"},"image":{"@id":"https:\/\/www.reseau-entreprendre.org\/normandie-seine-et-eure\/croissance-entreprise\/#primaryimage"},"thumbnailUrl":"https:\/\/www.reseau-entreprendre.org\/normandie-seine-et-eure\/wp-content\/uploads\/sites\/53\/2021\/11\/fleche_ambition-1024x497.jpg","datePublished":"2021-11-17T15:00:00+00:00","dateModified":"2025-06-16T13:53:07+00:00","description":"Vous souhaitez changer d'\u00e9chelle et doubler l'activit\u00e9 de votre entreprise ? D\u00e9couvrez notre accompagnement avec le parcours AMBITION.","breadcrumb":{"@id":"https:\/\/www.reseau-entreprendre.org\/normandie-seine-et-eure\/croissance-entreprise\/#breadcrumb"},"inLanguage":"fr-FR","potentialAction":[{"@type":"ReadAction","target":["https:\/\/www.reseau-entreprendre.org\/normandie-seine-et-eure\/croissance-entreprise\/"]}]},{"@type":"ImageObject","inLanguage":"fr-FR","@id":"https:\/\/www.reseau-entreprendre.org\/normandie-seine-et-eure\/croissance-entreprise\/#primaryimage","url":"https:\/\/www.reseau-entreprendre.org\/normandie-seine-et-eure\/wp-content\/uploads\/sites\/53\/2021\/11\/fleche_ambition-scaled.jpg","contentUrl":"https:\/\/www.reseau-entreprendre.org\/normandie-seine-et-eure\/wp-content\/uploads\/sites\/53\/2021\/11\/fleche_ambition-scaled.jpg","width":1140,"height":553},{"@type":"BreadcrumbList","@id":"https:\/\/www.reseau-entreprendre.org\/normandie-seine-et-eure\/croissance-entreprise\/#breadcrumb","itemListElement":[{"@type":"ListItem","position":1,"name":"Accueil","item":"https:\/\/www.reseau-entreprendre.org\/normandie-seine-et-eure\/"},{"@type":"ListItem","position":2,"name":"Croissance"}]},{"@type":"WebSite","@id":"https:\/\/www.reseau-entreprendre.org\/normandie-seine-et-eure\/#website","url":"https:\/\/www.reseau-entreprendre.org\/normandie-seine-et-eure\/","name":"R\u00e9seau Entreprendre Normandie Seine et Eure","description":"Un site utilisant Les sites de R\u00e9seau Entreprendre","potentialAction":[{"@type":"SearchAction","target":{"@type":"EntryPoint","urlTemplate":"https:\/\/www.reseau-entreprendre.org\/normandie-seine-et-eure\/?s={search_term_string}"},"query-input":{"@type":"PropertyValueSpecification","valueRequired":true,"valueName":"search_term_string"}}],"inLanguage":"fr-FR"}]}},"_links":{"self":[{"href":"https:\/\/www.reseau-entreprendre.org\/normandie-seine-et-eure\/wp-json\/wp\/v2\/pages\/2270","targetHints":{"allow":["GET"]}}],"collection":[{"href":"https:\/\/www.reseau-entreprendre.org\/normandie-seine-et-eure\/wp-json\/wp\/v2\/pages"}],"about":[{"href":"https:\/\/www.reseau-entreprendre.org\/normandie-seine-et-eure\/wp-json\/wp\/v2\/types\/page"}],"author":[{"embeddable":true,"href":"https:\/\/www.reseau-entreprendre.org\/normandie-seine-et-eure\/wp-json\/wp\/v2\/users\/54"}],"replies":[{"embeddable":true,"href":"https:\/\/www.reseau-entreprendre.org\/normandie-seine-et-eure\/wp-json\/wp\/v2\/comments?post=2270"}],"version-history":[{"count":0,"href":"https:\/\/www.reseau-entreprendre.org\/normandie-seine-et-eure\/wp-json\/wp\/v2\/pages\/2270\/revisions"}],"wp:attachment":[{"href":"https:\/\/www.reseau-entreprendre.org\/normandie-seine-et-eure\/wp-json\/wp\/v2\/media?parent=2270"}],"curies":[{"name":"wp","href":"https:\/\/api.w.org\/{rel}","templated":true}]}}