{"id":1337,"date":"2019-02-19T14:37:27","date_gmt":"2019-02-19T13:37:27","guid":{"rendered":"https:\/\/re-dev-entreprendre.fr\/occitanie-garonne\/?page_id=1337"},"modified":"2025-06-09T12:13:17","modified_gmt":"2025-06-09T10:13:17","slug":"medias-reseau-entreprendre-occitanie-garonne","status":"publish","type":"page","link":"https:\/\/www.reseau-entreprendre.org\/occitanie-garonne\/medias-reseau-entreprendre-occitanie-garonne\/","title":{"rendered":"M\u00e9dias"},"content":{"rendered":"\n<p><em>L&#8217;espace <strong>MEDIAS<\/strong> R\u00e9seau Entreprendre Occitanie Garonne est \u00e0 votre disposition pour : visionner nos vid\u00e9os, \u00e9couter nos podcasts et consulter notre derni\u00e8re newsletter. <\/em><\/p>\n\n\n\n<div class=\"wp-block-columns is-layout-flex wp-container-core-columns-is-layout-9d6595d7 wp-block-columns-is-layout-flex\">\n<div class=\"wp-block-column is-layout-flow wp-block-column-is-layout-flow\"><div class=\"wp-block-image is-style-default\">\n<figure class=\"alignleft size-full\"><a href=\"https:\/\/www.youtube.com\/channel\/UCm8DOenWExwEKLIRPYAZP_A\" target=\"_blank\" rel=\"noopener noreferrer\"><img loading=\"lazy\" decoding=\"async\" width=\"500\" height=\"500\" src=\"https:\/\/www.reseau-entreprendre.org\/occitanie-garonne\/wp-content\/uploads\/sites\/69\/2022\/07\/Maquette-press-site-web.png\" alt=\"M\u00e9dias R\u00e9seau Entreprendre Occitanie Garonne\" class=\"wp-image-4212\" srcset=\"https:\/\/www.reseau-entreprendre.org\/occitanie-garonne\/wp-content\/uploads\/sites\/69\/2022\/07\/Maquette-press-site-web.png 500w, https:\/\/www.reseau-entreprendre.org\/occitanie-garonne\/wp-content\/uploads\/sites\/69\/2022\/07\/Maquette-press-site-web-300x300.png 300w, https:\/\/www.reseau-entreprendre.org\/occitanie-garonne\/wp-content\/uploads\/sites\/69\/2022\/07\/Maquette-press-site-web-150x150.png 150w, https:\/\/www.reseau-entreprendre.org\/occitanie-garonne\/wp-content\/uploads\/sites\/69\/2022\/07\/Maquette-press-site-web-130x130.png 130w\" sizes=\"auto, (max-width: 500px) 100vw, 500px\" \/><\/a><\/figure>\n<\/div><\/div>\n\n\n\n<div class=\"wp-block-column is-layout-flow wp-block-column-is-layout-flow\"><div class=\"wp-block-image\">\n<figure class=\"alignleft size-full\"><a href=\"https:\/\/podcast.ausha.co\/entrepreneurs-parlons-nous-1\" target=\"_blank\" rel=\"noopener noreferrer\"><img loading=\"lazy\" decoding=\"async\" width=\"500\" height=\"500\" src=\"https:\/\/www.reseau-entreprendre.org\/occitanie-garonne\/wp-content\/uploads\/sites\/69\/2022\/07\/2-1.png\" alt=\"M\u00e9dias R\u00e9seau Entreprendre Occitanie Garonne\" class=\"wp-image-4209\" srcset=\"https:\/\/www.reseau-entreprendre.org\/occitanie-garonne\/wp-content\/uploads\/sites\/69\/2022\/07\/2-1.png 500w, https:\/\/www.reseau-entreprendre.org\/occitanie-garonne\/wp-content\/uploads\/sites\/69\/2022\/07\/2-1-300x300.png 300w, https:\/\/www.reseau-entreprendre.org\/occitanie-garonne\/wp-content\/uploads\/sites\/69\/2022\/07\/2-1-150x150.png 150w, https:\/\/www.reseau-entreprendre.org\/occitanie-garonne\/wp-content\/uploads\/sites\/69\/2022\/07\/2-1-130x130.png 130w\" sizes=\"auto, (max-width: 500px) 100vw, 500px\" \/><\/a><\/figure>\n<\/div><\/div>\n\n\n\n<div class=\"wp-block-column is-layout-flow wp-block-column-is-layout-flow\"><div class=\"wp-block-image\">\n<figure class=\"alignleft size-full is-resized\"><a href=\"https:\/\/padlet.com\/occitaniegaronne\/fil-d-actu-r-seau-entreprendre-occitanie-garonne-reog-9lx7moxyu63vb0ca\" target=\"_blank\" rel=\"noopener\"><img loading=\"lazy\" decoding=\"async\" width=\"500\" height=\"500\" src=\"https:\/\/www.reseau-entreprendre.org\/occitanie-garonne\/wp-content\/uploads\/sites\/69\/2022\/07\/3-2.png\" alt=\"M\u00e9dias R\u00e9seau Entreprendre Occitanie Garonne\" class=\"wp-image-4210\" style=\"width:322px;height:auto\" srcset=\"https:\/\/www.reseau-entreprendre.org\/occitanie-garonne\/wp-content\/uploads\/sites\/69\/2022\/07\/3-2.png 500w, https:\/\/www.reseau-entreprendre.org\/occitanie-garonne\/wp-content\/uploads\/sites\/69\/2022\/07\/3-2-300x300.png 300w, https:\/\/www.reseau-entreprendre.org\/occitanie-garonne\/wp-content\/uploads\/sites\/69\/2022\/07\/3-2-150x150.png 150w, https:\/\/www.reseau-entreprendre.org\/occitanie-garonne\/wp-content\/uploads\/sites\/69\/2022\/07\/3-2-130x130.png 130w\" sizes=\"auto, (max-width: 500px) 100vw, 500px\" \/><\/a><\/figure>\n<\/div><\/div>\n<\/div>\n\n\n\n<div class=\"wp-block-columns is-layout-flex wp-container-core-columns-is-layout-9d6595d7 wp-block-columns-is-layout-flex\">\n<div class=\"wp-block-column is-layout-flow wp-block-column-is-layout-flow\">\n<h2 class=\"wp-block-heading has-re-blue-color has-text-color has-link-color wp-elements-aebe21953a10dc8fabc1a71a2c620521\"><strong>D\u00e9couvrez les actualit\u00e9s R\u00e9seau Entreprendre Occitanie Garonne<\/strong><\/h2>\n\n\n\n<div style=\"height:30px\" aria-hidden=\"true\" class=\"wp-block-spacer\"><\/div>\n\n\n\n<div class=\"wp-block-buttons is-content-justification-center is-layout-flex wp-container-core-buttons-is-layout-16018d1d wp-block-buttons-is-layout-flex\">\n<div class=\"wp-block-button\"><a class=\"wp-block-button__link has-re-blue-background-color has-background wp-element-button\" href=\"https:\/\/padlet.com\/occitaniegaronne\/fil-d-actu-r-seau-entreprendre-occitanie-garonne-reog-9lx7moxyu63vb0ca\" target=\"_blank\" rel=\"noreferrer noopener\">La newsletter<\/a><\/div>\n<\/div>\n<\/div>\n\n\n\n<div class=\"wp-block-column is-layout-flow wp-block-column-is-layout-flow\">\n<h2 class=\"wp-block-heading has-re-yellow-color has-text-color has-link-color wp-elements-d9f8ea9451c516223f89a1dad3076ea5\"><strong>D\u00e9couvrir nos derniers entrepreneurs accompagn\u00e9s<\/strong><\/h2>\n\n\n\n<div style=\"height:30px\" aria-hidden=\"true\" class=\"wp-block-spacer\"><\/div>\n\n\n\n<div class=\"wp-block-buttons is-content-justification-center is-layout-flex wp-container-core-buttons-is-layout-16018d1d wp-block-buttons-is-layout-flex\">\n<div class=\"wp-block-button\"><a class=\"wp-block-button__link has-re-yellow-background-color has-background wp-element-button\" href=\"https:\/\/www.reseau-entreprendre.org\/occitanie-garonne\/actualites-reseau-entreprendre-occitanie-garonne\/?year&amp;categoryid=73&amp;s\" target=\"_blank\" rel=\"noreferrer noopener\">Nos derniers laur\u00e9ats<\/a><\/div>\n<\/div>\n<\/div>\n<\/div>\n\n\n\n<p class=\"has-text-align-center\"><span style=\"font-size: 16px\"><strong>Charg\u00e9es de communication :<\/strong><\/span><sub><br><\/sub>Astrid Moutet : amoutet@reseau-entreprendre.org et 07 49 74 50 00<sub><br><\/sub>Alexandra Dumas : adumas@reseau-entreprendre.org et 07 49 74 50 00<\/p>\n","protected":false},"excerpt":{"rendered":"<p>L&#8217;espace MEDIAS R\u00e9seau Entreprendre Occitanie Garonne est \u00e0 votre disposition<\/p>\n","protected":false},"author":75,"featured_media":0,"parent":0,"menu_order":0,"comment_status":"closed","ping_status":"closed","template":"","meta":{"_acf_changed":false,"_monsterinsights_skip_tracking":false,"_monsterinsights_sitenote_active":false,"_monsterinsights_sitenote_note":"","_monsterinsights_sitenote_category":0,"footnotes":""},"class_list":["post-1337","page","type-page","status-publish","hentry"],"acf":[],"yoast_head":"<!-- This site is optimized with the Yoast SEO plugin v27.4 - https:\/\/yoast.com\/product\/yoast-seo-wordpress\/ -->\n<title>M\u00e9dias R\u00e9seau Entreprendre Occitanie Garonne<\/title>\n<meta name=\"description\" content=\"M\u00e9dias R\u00e9seau Entreprendre Occitanie Garonne : vid\u00e9os, podcasts, newsletter de l&#039;association via le &quot;Fil d&#039;actu&quot;.\" \/>\n<meta name=\"robots\" content=\"index, follow, max-snippet:-1, max-image-preview:large, max-video-preview:-1\" \/>\n<link rel=\"canonical\" href=\"https:\/\/www.reseau-entreprendre.org\/occitanie-garonne\/medias-reseau-entreprendre-occitanie-garonne\/\" \/>\n<meta property=\"og:locale\" content=\"fr_FR\" \/>\n<meta property=\"og:type\" content=\"article\" \/>\n<meta property=\"og:title\" content=\"M\u00e9dias R\u00e9seau Entreprendre Occitanie Garonne\" \/>\n<meta property=\"og:description\" content=\"M\u00e9dias R\u00e9seau Entreprendre Occitanie Garonne : vid\u00e9os, podcasts, newsletter de l&#039;association via le &quot;Fil d&#039;actu&quot;.\" \/>\n<meta property=\"og:url\" content=\"https:\/\/www.reseau-entreprendre.org\/occitanie-garonne\/medias-reseau-entreprendre-occitanie-garonne\/\" \/>\n<meta property=\"og:site_name\" content=\"R\u00e9seau Entreprendre Occitanie-Garonne\" \/>\n<meta property=\"article:publisher\" content=\"https:\/\/www.facebook.com\/R%c3%a9seau-Entreprendre-Occitanie-Garonne-1459398670993843\/?ref=bookmarks\" \/>\n<meta property=\"article:modified_time\" content=\"2025-06-09T10:13:17+00:00\" \/>\n<meta property=\"og:image\" content=\"https:\/\/www.reseau-entreprendre.org\/occitanie-garonne\/wp-content\/uploads\/sites\/69\/2022\/07\/Maquette-press-site-web.png\" \/>\n\t<meta property=\"og:image:width\" content=\"500\" \/>\n\t<meta property=\"og:image:height\" content=\"500\" \/>\n\t<meta property=\"og:image:type\" content=\"image\/png\" \/>\n<meta name=\"twitter:card\" content=\"summary_large_image\" \/>\n<meta name=\"twitter:label1\" content=\"Dur\u00e9e de lecture estim\u00e9e\" \/>\n\t<meta name=\"twitter:data1\" content=\"1 minute\" \/>\n<script type=\"application\/ld+json\" class=\"yoast-schema-graph\">{\"@context\":\"https:\\\/\\\/schema.org\",\"@graph\":[{\"@type\":\"WebPage\",\"@id\":\"https:\\\/\\\/www.reseau-entreprendre.org\\\/occitanie-garonne\\\/medias-reseau-entreprendre-occitanie-garonne\\\/\",\"url\":\"https:\\\/\\\/www.reseau-entreprendre.org\\\/occitanie-garonne\\\/medias-reseau-entreprendre-occitanie-garonne\\\/\",\"name\":\"M\u00e9dias R\u00e9seau Entreprendre Occitanie Garonne\",\"isPartOf\":{\"@id\":\"https:\\\/\\\/www.reseau-entreprendre.org\\\/occitanie-garonne\\\/#website\"},\"primaryImageOfPage\":{\"@id\":\"https:\\\/\\\/www.reseau-entreprendre.org\\\/occitanie-garonne\\\/medias-reseau-entreprendre-occitanie-garonne\\\/#primaryimage\"},\"image\":{\"@id\":\"https:\\\/\\\/www.reseau-entreprendre.org\\\/occitanie-garonne\\\/medias-reseau-entreprendre-occitanie-garonne\\\/#primaryimage\"},\"thumbnailUrl\":\"https:\\\/\\\/www.reseau-entreprendre.org\\\/occitanie-garonne\\\/wp-content\\\/uploads\\\/sites\\\/69\\\/2022\\\/07\\\/Maquette-press-site-web.png\",\"datePublished\":\"2019-02-19T13:37:27+00:00\",\"dateModified\":\"2025-06-09T10:13:17+00:00\",\"description\":\"M\u00e9dias R\u00e9seau Entreprendre Occitanie Garonne : vid\u00e9os, podcasts, newsletter de l'association via le \\\"Fil d'actu\\\".\",\"breadcrumb\":{\"@id\":\"https:\\\/\\\/www.reseau-entreprendre.org\\\/occitanie-garonne\\\/medias-reseau-entreprendre-occitanie-garonne\\\/#breadcrumb\"},\"inLanguage\":\"fr-FR\",\"potentialAction\":[{\"@type\":\"ReadAction\",\"target\":[\"https:\\\/\\\/www.reseau-entreprendre.org\\\/occitanie-garonne\\\/medias-reseau-entreprendre-occitanie-garonne\\\/\"]}]},{\"@type\":\"ImageObject\",\"inLanguage\":\"fr-FR\",\"@id\":\"https:\\\/\\\/www.reseau-entreprendre.org\\\/occitanie-garonne\\\/medias-reseau-entreprendre-occitanie-garonne\\\/#primaryimage\",\"url\":\"https:\\\/\\\/www.reseau-entreprendre.org\\\/occitanie-garonne\\\/wp-content\\\/uploads\\\/sites\\\/69\\\/2022\\\/07\\\/Maquette-press-site-web.png\",\"contentUrl\":\"https:\\\/\\\/www.reseau-entreprendre.org\\\/occitanie-garonne\\\/wp-content\\\/uploads\\\/sites\\\/69\\\/2022\\\/07\\\/Maquette-press-site-web.png\",\"width\":500,\"height\":500,\"caption\":\"M\u00e9dias R\u00e9seau Entreprendre Occitanie Garonne\"},{\"@type\":\"BreadcrumbList\",\"@id\":\"https:\\\/\\\/www.reseau-entreprendre.org\\\/occitanie-garonne\\\/medias-reseau-entreprendre-occitanie-garonne\\\/#breadcrumb\",\"itemListElement\":[{\"@type\":\"ListItem\",\"position\":1,\"name\":\"Accueil\",\"item\":\"https:\\\/\\\/www.reseau-entreprendre.org\\\/occitanie-garonne\\\/\"},{\"@type\":\"ListItem\",\"position\":2,\"name\":\"M\u00e9dias\"}]},{\"@type\":\"WebSite\",\"@id\":\"https:\\\/\\\/www.reseau-entreprendre.org\\\/occitanie-garonne\\\/#website\",\"url\":\"https:\\\/\\\/www.reseau-entreprendre.org\\\/occitanie-garonne\\\/\",\"name\":\"R\u00e9seau Entreprendre Occitanie-Garonne\",\"description\":\"Un site de R\u00e9seau Entreprendre\",\"potentialAction\":[{\"@type\":\"SearchAction\",\"target\":{\"@type\":\"EntryPoint\",\"urlTemplate\":\"https:\\\/\\\/www.reseau-entreprendre.org\\\/occitanie-garonne\\\/?s={search_term_string}\"},\"query-input\":{\"@type\":\"PropertyValueSpecification\",\"valueRequired\":true,\"valueName\":\"search_term_string\"}}],\"inLanguage\":\"fr-FR\"}]}<\/script>\n<!-- \/ Yoast SEO plugin. -->","yoast_head_json":{"title":"M\u00e9dias R\u00e9seau Entreprendre Occitanie Garonne","description":"M\u00e9dias R\u00e9seau Entreprendre Occitanie Garonne : vid\u00e9os, podcasts, newsletter de l'association via le \"Fil d'actu\".","robots":{"index":"index","follow":"follow","max-snippet":"max-snippet:-1","max-image-preview":"max-image-preview:large","max-video-preview":"max-video-preview:-1"},"canonical":"https:\/\/www.reseau-entreprendre.org\/occitanie-garonne\/medias-reseau-entreprendre-occitanie-garonne\/","og_locale":"fr_FR","og_type":"article","og_title":"M\u00e9dias R\u00e9seau Entreprendre Occitanie Garonne","og_description":"M\u00e9dias R\u00e9seau Entreprendre Occitanie Garonne : vid\u00e9os, podcasts, newsletter de l'association via le \"Fil d'actu\".","og_url":"https:\/\/www.reseau-entreprendre.org\/occitanie-garonne\/medias-reseau-entreprendre-occitanie-garonne\/","og_site_name":"R\u00e9seau Entreprendre Occitanie-Garonne","article_publisher":"https:\/\/www.facebook.com\/R%c3%a9seau-Entreprendre-Occitanie-Garonne-1459398670993843\/?ref=bookmarks","article_modified_time":"2025-06-09T10:13:17+00:00","og_image":[{"width":500,"height":500,"url":"https:\/\/www.reseau-entreprendre.org\/occitanie-garonne\/wp-content\/uploads\/sites\/69\/2022\/07\/Maquette-press-site-web.png","type":"image\/png"}],"twitter_card":"summary_large_image","twitter_misc":{"Dur\u00e9e de lecture estim\u00e9e":"1 minute"},"schema":{"@context":"https:\/\/schema.org","@graph":[{"@type":"WebPage","@id":"https:\/\/www.reseau-entreprendre.org\/occitanie-garonne\/medias-reseau-entreprendre-occitanie-garonne\/","url":"https:\/\/www.reseau-entreprendre.org\/occitanie-garonne\/medias-reseau-entreprendre-occitanie-garonne\/","name":"M\u00e9dias R\u00e9seau Entreprendre Occitanie Garonne","isPartOf":{"@id":"https:\/\/www.reseau-entreprendre.org\/occitanie-garonne\/#website"},"primaryImageOfPage":{"@id":"https:\/\/www.reseau-entreprendre.org\/occitanie-garonne\/medias-reseau-entreprendre-occitanie-garonne\/#primaryimage"},"image":{"@id":"https:\/\/www.reseau-entreprendre.org\/occitanie-garonne\/medias-reseau-entreprendre-occitanie-garonne\/#primaryimage"},"thumbnailUrl":"https:\/\/www.reseau-entreprendre.org\/occitanie-garonne\/wp-content\/uploads\/sites\/69\/2022\/07\/Maquette-press-site-web.png","datePublished":"2019-02-19T13:37:27+00:00","dateModified":"2025-06-09T10:13:17+00:00","description":"M\u00e9dias R\u00e9seau Entreprendre Occitanie Garonne : vid\u00e9os, podcasts, newsletter de l'association via le \"Fil d'actu\".","breadcrumb":{"@id":"https:\/\/www.reseau-entreprendre.org\/occitanie-garonne\/medias-reseau-entreprendre-occitanie-garonne\/#breadcrumb"},"inLanguage":"fr-FR","potentialAction":[{"@type":"ReadAction","target":["https:\/\/www.reseau-entreprendre.org\/occitanie-garonne\/medias-reseau-entreprendre-occitanie-garonne\/"]}]},{"@type":"ImageObject","inLanguage":"fr-FR","@id":"https:\/\/www.reseau-entreprendre.org\/occitanie-garonne\/medias-reseau-entreprendre-occitanie-garonne\/#primaryimage","url":"https:\/\/www.reseau-entreprendre.org\/occitanie-garonne\/wp-content\/uploads\/sites\/69\/2022\/07\/Maquette-press-site-web.png","contentUrl":"https:\/\/www.reseau-entreprendre.org\/occitanie-garonne\/wp-content\/uploads\/sites\/69\/2022\/07\/Maquette-press-site-web.png","width":500,"height":500,"caption":"M\u00e9dias R\u00e9seau Entreprendre Occitanie Garonne"},{"@type":"BreadcrumbList","@id":"https:\/\/www.reseau-entreprendre.org\/occitanie-garonne\/medias-reseau-entreprendre-occitanie-garonne\/#breadcrumb","itemListElement":[{"@type":"ListItem","position":1,"name":"Accueil","item":"https:\/\/www.reseau-entreprendre.org\/occitanie-garonne\/"},{"@type":"ListItem","position":2,"name":"M\u00e9dias"}]},{"@type":"WebSite","@id":"https:\/\/www.reseau-entreprendre.org\/occitanie-garonne\/#website","url":"https:\/\/www.reseau-entreprendre.org\/occitanie-garonne\/","name":"R\u00e9seau Entreprendre Occitanie-Garonne","description":"Un site de R\u00e9seau Entreprendre","potentialAction":[{"@type":"SearchAction","target":{"@type":"EntryPoint","urlTemplate":"https:\/\/www.reseau-entreprendre.org\/occitanie-garonne\/?s={search_term_string}"},"query-input":{"@type":"PropertyValueSpecification","valueRequired":true,"valueName":"search_term_string"}}],"inLanguage":"fr-FR"}]}},"_links":{"self":[{"href":"https:\/\/www.reseau-entreprendre.org\/occitanie-garonne\/wp-json\/wp\/v2\/pages\/1337","targetHints":{"allow":["GET"]}}],"collection":[{"href":"https:\/\/www.reseau-entreprendre.org\/occitanie-garonne\/wp-json\/wp\/v2\/pages"}],"about":[{"href":"https:\/\/www.reseau-entreprendre.org\/occitanie-garonne\/wp-json\/wp\/v2\/types\/page"}],"author":[{"embeddable":true,"href":"https:\/\/www.reseau-entreprendre.org\/occitanie-garonne\/wp-json\/wp\/v2\/users\/75"}],"replies":[{"embeddable":true,"href":"https:\/\/www.reseau-entreprendre.org\/occitanie-garonne\/wp-json\/wp\/v2\/comments?post=1337"}],"version-history":[{"count":0,"href":"https:\/\/www.reseau-entreprendre.org\/occitanie-garonne\/wp-json\/wp\/v2\/pages\/1337\/revisions"}],"wp:attachment":[{"href":"https:\/\/www.reseau-entreprendre.org\/occitanie-garonne\/wp-json\/wp\/v2\/media?parent=1337"}],"curies":[{"name":"wp","href":"https:\/\/api.w.org\/{rel}","templated":true}]}}