{"id":4503,"date":"2022-12-22T15:31:37","date_gmt":"2022-12-22T14:31:37","guid":{"rendered":"https:\/\/www.reseau-entreprendre.org\/occitanie-garonne\/?page_id=4503"},"modified":"2025-03-25T14:57:54","modified_gmt":"2025-03-25T13:57:54","slug":"questions-porteurs-de-projet-en-creation-ou-reprise-dentreprise-futurs-membres","status":"publish","type":"page","link":"https:\/\/www.reseau-entreprendre.org\/occitanie-garonne\/questions-porteurs-de-projet-en-creation-ou-reprise-dentreprise-futurs-membres\/","title":{"rendered":"Foire Aux Questions R\u00e9seau Entreprendre\u00ae Occitanie Garonne"},"content":{"rendered":"\n<h2 class=\"wp-block-heading has-re-yellow-color has-text-color has-link-color has-x-large-font-size wp-elements-0cd5ba79ebc0dd859ef30bc408727240\" style=\"font-style:normal;font-weight:700\"><strong>J&#8217;ai un projet de cr\u00e9ation, de reprise ou de d\u00e9veloppement d&#8217;entreprise,<\/strong><\/h2>\n\n\n\n<div class=\"wp-block-columns is-layout-flex wp-container-core-columns-is-layout-9d6595d7 wp-block-columns-is-layout-flex\">\n<div class=\"wp-block-column is-layout-flow wp-block-column-is-layout-flow\" style=\"flex-basis:66.66%\">\n<h3 class=\"wp-block-heading has-re-yellow-color has-text-color has-link-color wp-elements-d6c872a437d09cce6ccb871739838de8\">Comment candidater chez R\u00e9seau Entreprendre\u00ae Occitanie Garonne ?<\/h3>\n\n\n\n<ol class=\"wp-block-list\">\n<li><strong>V\u00e9rification des crit\u00e8res<\/strong> : Assurez-vous que votre projet est \u00e9ligible en consultant nos crit\u00e8res.<\/li>\n\n\n\n<li><strong>Soumission du dossier<\/strong> : T\u00e9l\u00e9chargez, compl\u00e9tez et renvoyez le formulaire du porteur de projet.<\/li>\n<\/ol>\n\n\n\n<h3 class=\"wp-block-heading has-re-yellow-color has-text-color has-link-color wp-elements-99a7c8bf9ab1b26775f1afd602661ebb\">J\u2019ai soumis mon dossier, que se passe-t-il ensuite ?<\/h3>\n\n\n\n<ul class=\"wp-block-list\">\n<li><strong>Si votre projet n\u2019est pas \u00e9ligible<\/strong> : Vous recevrez une r\u00e9ponse par mail.<\/li>\n\n\n\n<li><strong>Si votre projet est potentiellement \u00e9ligible<\/strong> : Une charg\u00e9e d\u2019\u00e9tude vous contactera pour un <strong>entretien d\u00e9couverte<\/strong>.<\/li>\n\n\n\n<li><strong>Parcours de validation<\/strong> :\n<ol class=\"wp-block-list\">\n<li><strong>Parcours amont<\/strong> : \u00c9changes avec 5 chefs d\u2019entreprise membres pour challenger votre projet.<\/li>\n\n\n\n<li><strong>Comit\u00e9 d\u2019engagement<\/strong> : Si ces chefs d\u2019entreprise valident votre projet, vous le pr\u00e9senterez devant un comit\u00e9 d\u2019environ 8 membres.<\/li>\n\n\n\n<li><strong>Laur\u00e9at<\/strong> : En cas de validation unanime, vous devenez laur\u00e9at et b\u00e9n\u00e9ficiez d\u2019un <strong>accompagnement personnalis\u00e9<\/strong> (mentorat individuel pendant 2 ans, rencontres collectives et pr\u00eat d&#8217;honneur de 10 000\u20ac \u00e0 40 000\u20ac selon votre projet).<\/li>\n<\/ol>\n<\/li>\n<\/ul>\n\n\n\n<h3 class=\"wp-block-heading has-re-yellow-color has-text-color has-link-color wp-elements-7555ce7b6d7bc234c040e09c5ddb3674\">Je suis salari\u00e9(e) et je souhaite cr\u00e9er, reprendre ou d\u00e9velopper une entreprise, est-ce possible ?<\/h3>\n\n\n\n<p>Oui ! Si votre projet est \u00e9ligible, vous pouvez b\u00e9n\u00e9ficier de notre accompagnement. Il vous suffit de remplir et soumettre le <strong>formulaire du porteur de projet<\/strong> en d\u00e9taillant votre initiative.<\/p>\n\n\n\n<h3 class=\"wp-block-heading has-re-yellow-color has-text-color has-link-color wp-elements-aa31c7740257f6eb0f28f18759db0bb6\">Quels projets d\u2019entreprise accompagne R\u00e9seau Entreprendre\u00ae ?<\/h3>\n\n\n\n<p>Nous soutenons les projets de <strong>cr\u00e9ation, reprise ou d\u00e9veloppement d\u2019entreprise<\/strong>, \u00e0 l\u2019exception des secteurs de <strong>l\u2019immobilier et de l\u2019agriculture<\/strong>. Nos charg\u00e9s d\u2019\u00e9tude sont l\u00e0 pour vous guider.<\/p>\n\n\n\n<h3 class=\"wp-block-heading has-re-yellow-color has-text-color has-link-color wp-elements-0bad3e4bc8a72472c7ec62e3ffb3fbd7\">Quel est le co\u00fbt de l\u2019accompagnement ?<\/h3>\n\n\n\n<p>L\u2019accompagnement est <strong>quasiment gratuit<\/strong> ! En tant que laur\u00e9at, vous contribuez seulement \u00e0 :<\/p>\n\n\n\n<ul class=\"wp-block-list\">\n<li><strong>390\u20ac<\/strong> pour l\u2019organisation des clubs de laur\u00e9ats et la soir\u00e9e annuelle.<\/li>\n\n\n\n<li>Une participation aux garanties Bpifrance et \u00e0 l\u2019assurance GAN de votre pr\u00eat d\u2019honneur, calcul\u00e9e selon votre statut (cr\u00e9ateur ou repreneur).<\/li>\n<\/ul>\n\n\n\n<h3 class=\"wp-block-heading has-re-yellow-color has-text-color has-link-color wp-elements-c786adb7856d8f52b3bd5f838553eb70\">Comment obtenir un pr\u00eat d&#8217;honneur ?<\/h3>\n\n\n\n<p>En devenant laur\u00e9at, vous pouvez pr\u00e9tendre \u00e0 un pr\u00eat d\u2019honneur si vous :<\/p>\n\n\n\n<ul class=\"wp-block-list\">\n<li>Disposez d\u2019un <strong>apport personnel de 10 000\u20ac minimum<\/strong>.<\/li>\n\n\n\n<li>Justifiez d\u2019un <strong>besoin de financement d\u2019au moins 70 000\u20ac<\/strong> pour votre entreprise.<br>Ce pr\u00eat peut \u00eatre compl\u00e9t\u00e9 par un pr\u00eat Bpifrance.<\/li>\n<\/ul>\n\n\n\n<h3 class=\"wp-block-heading has-re-yellow-color has-text-color has-link-color wp-elements-6065d37c446be020b23b430b74594539\">O\u00f9 intervient R\u00e9seau Entreprendre\u00ae Occitanie Garonne ?<\/h3>\n\n\n\n<p>Nous accompagnons les entrepreneurs en <strong>Haute-Garonne (Toulouse), Tarn-et-Garonne, Gers<\/strong> et, selon les projets, en <strong>Lot et Ari\u00e8ge<\/strong>.<\/p>\n\n\n\n<p>Retrouvez toutes les informations et le d\u00e9tail du parcours d\u2019accompagnement sur la page <strong>\u00caTRE ACCOMPAGN\u00c9<\/strong>.<\/p>\n\n\n\n<h2 class=\"wp-block-heading has-re-red-color has-text-color has-link-color wp-elements-377e623455b95bce447e602a61f06a12\"><strong>Adh\u00e9rer : questions pour les futurs membres R\u00e9seau Entreprendre\u00ae Occitanie Garonne<\/strong><\/h2>\n<\/div>\n<\/div>\n\n\n\n<div class=\"wp-block-columns is-layout-flex wp-container-core-columns-is-layout-9d6595d7 wp-block-columns-is-layout-flex\">\n<div class=\"wp-block-column is-layout-flow wp-block-column-is-layout-flow\" style=\"flex-basis:66.66%\">\n<h5 class=\"wp-block-heading has-re-red-color has-text-color\"><strong>Comment adh\u00e9rer \u00e0 l&#8217;association ?<\/strong><\/h5>\n\n\n\n<p>Vous pouvez nous contacter :<br>&#x1f4de; <strong>T\u00e9l\u00e9phone<\/strong> : 05 61 75 02 36<br>&#x1f4e7; <strong>Mail<\/strong> : <a>occitanie-garonne@reseau-entreprendre.org<\/a><\/p>\n\n\n\n<p>Toutes les informations sur le r\u00f4le des membres sont disponibles sur la page <strong>ACCOMPAGNER<\/strong> .<\/p>\n\n\n\n<h5 class=\"wp-block-heading has-re-red-color has-text-color\"><strong>Je veux devenir membre, mais j&#8217;ai peu de temps. Est-ce possible ?<\/strong><\/h5>\n\n\n\n<p>Oui tout \u00e0 fait ! Les missions des chefs d&#8217;entreprise b\u00e9n\u00e9voles de l&#8217;association sont diverses et votre engagement peut s&#8217;effectuer &#8220;\u00e0 la carte&#8221; : 2h ponctuellement comme 2h\/mois. C&#8217;est vous qui choisissez les missions et nous vous sollicitons \u00e0 la hauteur de votre disponibilit\u00e9 et de vos souhaits uniquement.<\/p>\n\n\n\n<h5 class=\"wp-block-heading has-re-red-color has-text-color\"><strong>Quelles sont les missions des membres chez R\u00e9seau Entreprendre\u00ae Occitanie Garonne ?<\/strong><\/h5>\n\n\n\n<p>Les missions sont vari\u00e9es et adapt\u00e9es \u00e0 votre disponibilit\u00e9 :<\/p>\n\n\n\n<p><strong>Engagement associatif<\/strong> : Vous pouvez int\u00e9grer une <strong>commission de travail<\/strong> ou devenir <strong>administrateur<\/strong> de l&#8217;association.<\/p>\n\n\n\n<p><strong>Parcours amont<\/strong> : Avant qu&#8217;un porteur de projet devienne laur\u00e9at, vous pouvez l&#8217;aider en tant que <strong>charg\u00e9 d&#8217;\u00e9tude<\/strong> ou en <strong>\u00e9changeant ponctuellement<\/strong> avec lui pour challenger son projet.<\/p>\n\n\n\n<p><strong>Comit\u00e9 d&#8217;engagement <\/strong>: Assistez \u00e0 une <strong>pr\u00e9sentation formelle d&#8217;1h30<\/strong> d&#8217;un projet et donnez votre avis avant sa validation.<\/p>\n\n\n\n<p><strong>Parcours aval<\/strong> : Accompagnez un laur\u00e9at pendant <strong>2 ans<\/strong> , avec une rencontre mensuelle.<\/p>\n\n\n\n<h5 class=\"wp-block-heading has-re-red-color has-text-color\"><strong>Je souhaite adh\u00e9rer \u00e0 l&#8217;association R\u00e9seau Entreprendre<strong>\u00ae<\/strong> Occitanie Garonne mais le montant de la cotisation me semble trop \u00e9lev\u00e9.<\/strong><\/h5>\n\n\n\n<p>La cotisation est calcul\u00e9e<strong> en fonction du nombre de salari\u00e9s<\/strong> de votre entreprise. De plus, vous b\u00e9n\u00e9ficiez d&#8217;une <strong>r\u00e9duction d&#8217;imp\u00f4t de 60 %<\/strong> (dans la limite de 5 pour mille du CA HT), avec un<br><strong>re\u00e7u fiscal<\/strong> fourni lors de votre adh\u00e9sion.<\/p>\n\n\n\n<h5 class=\"wp-block-heading has-re-red-color has-text-color\"><strong>Je fais d\u00e9j\u00e0 partie d&#8217;autres r\u00e9seaux, puis-je quand m\u00eame adh\u00e9rer ?<\/strong><\/h5>\n\n\n\n<p>Oui ! R\u00e9seau Entreprendre <strong>n&#8217;est pas un r\u00e9seau d&#8217;affaires<\/strong> , mais une association d&#8217;accompagnement entrepreneurial. L&#8217;implication est flexible et compl\u00e9mentaire \u00e0 d&#8217;autres r\u00e9seaux, sans engagement chronophage.<\/p>\n<\/div>\n<\/div>\n\n\n\n<h2 class=\"wp-block-heading has-re-blue-color has-text-color has-link-color wp-elements-d8b85abf095bcde11e9c0c1bd0042200\"><strong>Questions g\u00e9n\u00e9rales<\/strong><\/h2>\n\n\n\n<div class=\"wp-block-columns is-layout-flex wp-container-core-columns-is-layout-9d6595d7 wp-block-columns-is-layout-flex\">\n<div class=\"wp-block-column is-layout-flow wp-block-column-is-layout-flow\" style=\"flex-basis:66.66%\">\n<h5 class=\"wp-block-heading has-re-blue-color has-text-color\"><strong>Comment contacter l&#8217;association R\u00e9seau Entreprendre Occitanie Garonne ?<\/strong><\/h5>\n\n\n\n<p>Vous pouvez nous contacter :<br>&#x1f4de; <strong>T\u00e9l\u00e9phone<\/strong> : 05 61 75 02 36<br>&#x1f4e7; <strong>Mail<\/strong> : <a>occitanie-garonne@reseau-entreprendre.org<\/a><\/p>\n\n\n\n<ul class=\"wp-block-list\">\n<li>Vous avez un projet de cr\u00e9ation, de reprise ou de d\u00e9veloppement d&#8217;entreprise : <a href=\"https:\/\/www.reseau-entreprendre.org\/occitanie-garonne\/deposer-une-demande\/\" target=\"_blank\" rel=\"noreferrer noopener\">rendez-vous sur cette page<\/a><\/li>\n<\/ul>\n\n\n\n<ul class=\"wp-block-list\">\n<li>Vous souhaitez adh\u00e9rer \u00e0 l&#8217;association en tant que membre b\u00e9n\u00e9vole : <a href=\"https:\/\/www.reseau-entreprendre.org\/occitanie-garonne\/accompagnez-createurs-repreneurs-developpeurs-entreprise\/\" target=\"_blank\" rel=\"noreferrer noopener\">rendez<\/a><a href=\"https:\/\/www.reseau-entreprendre.org\/occitanie-garonne\/accompagner\/\" target=\"_blank\" rel=\"noreferrer noopener\">-vous sur cette page<\/a><\/li>\n<\/ul>\n\n\n\n<h5 class=\"wp-block-heading has-re-blue-color has-text-color\"><strong>Petit lexique des mots-cl\u00e9s &#8220;R\u00e9seau Entreprendre&#8221;<\/strong><\/h5>\n\n\n\n<p><strong>CANDIDAT <\/strong>= porteur de projet de cr\u00e9ation, de reprise ou de d\u00e9veloppement d&#8217;entreprise<br><br><strong>LAUREAT <\/strong>= porteur de projet de cr\u00e9ation, de reprise ou de d\u00e9veloppement dont le projet a \u00e9t\u00e9 valid\u00e9 \u00e0 l&#8217;unanimit\u00e9 en comit\u00e9 d&#8217;engagement<br><br><strong>COMITE D&#8217;ENGAGEMENT<\/strong> = pr\u00e9sentation par le candidat de son projet devant environ 8 chefs d&#8217;entreprise<br><br><strong>PARCOURS AMONT<\/strong> = parcours du candidat depuis le rdv d\u00e9couverte jusqu&#8217;en comit\u00e9 d&#8217;engagement. Pendant ce parcours amont, le candidat rencontre environ 5 chefs d&#8217;entreprise sur des rendez-vous ponctuels qui vont permettre de challenger le projet et le parcours du candidat. Il faut que ces 5 chefs d&#8217;entreprise rendent un avis favorable pour que le candidat soit pr\u00e9sent\u00e9 en comit\u00e9 d&#8217;engagement<br><br><strong>PARCOURS AVAL<\/strong> = parcours du laur\u00e9at \u00e0 partir du moment o\u00f9 son projet a \u00e9t\u00e9 valid\u00e9 en comit\u00e9 d&#8217;engagement. Il b\u00e9n\u00e9ficie alors d&#8217;un accompagnement humain individuel mais aussi collectif et d&#8217;un pr\u00eat d&#8217;honneur<br><br><strong>MEMBRE <\/strong>= chef d&#8217;entreprise adh\u00e9rent de l&#8217;association qui peut alors effectuer des missions vari\u00e9es et plus ou moins ponctuelles : accompagnement d&#8217;un laur\u00e9at, rendez-vous en parcours amont, charg\u00e9 d&#8217;\u00e9tude, participation \u00e0 une commission de travail&#8230;<br><br><strong>VALEURS DE <a href=\"https:\/\/www.reseau-entreprendre.org\/fr\/creation-entreprise\/\" target=\"_blank\" rel=\"noreferrer noopener\">RESEAU ENTREPRENDRE<\/a><\/strong> = l&#8217;important c&#8217;est la personne, l&#8217;esprit c&#8217;est la r\u00e9ciprocit\u00e9, le principe c&#8217;est la gratuit\u00e9, le moteur c&#8217;est la bienveillance et ce qui nous anime c&#8217;est la solidarit\u00e9.<\/p>\n<\/div>\n<\/div>\n","protected":false},"excerpt":{"rendered":"<p>J&#8217;ai un projet de cr\u00e9ation, de reprise ou de d\u00e9veloppement<\/p>\n","protected":false},"author":75,"featured_media":4463,"parent":0,"menu_order":0,"comment_status":"closed","ping_status":"closed","template":"","meta":{"_acf_changed":false,"_monsterinsights_skip_tracking":false,"_monsterinsights_sitenote_active":false,"_monsterinsights_sitenote_note":"","_monsterinsights_sitenote_category":0,"footnotes":""},"class_list":["post-4503","page","type-page","status-publish","has-post-thumbnail","hentry"],"acf":[],"yoast_head":"<!-- This site is optimized with the Yoast SEO plugin v27.4 - https:\/\/yoast.com\/product\/yoast-seo-wordpress\/ -->\n<title>Questions porteurs de projet cr\u00e9ation reprise d&#039;entreprise, futurs membres<\/title>\n<meta name=\"description\" content=\"Toutes les r\u00e9ponses aux questions des porteurs de projet en cr\u00e9ation ou reprise d&#039;entreprise, des futurs membres de l&#039;association.\" \/>\n<meta name=\"robots\" content=\"index, follow, max-snippet:-1, max-image-preview:large, max-video-preview:-1\" \/>\n<link rel=\"canonical\" href=\"https:\/\/www.reseau-entreprendre.org\/occitanie-garonne\/questions-porteurs-de-projet-en-creation-ou-reprise-dentreprise-futurs-membres\/\" \/>\n<meta property=\"og:locale\" content=\"fr_FR\" \/>\n<meta property=\"og:type\" content=\"article\" \/>\n<meta property=\"og:title\" content=\"Questions porteurs de projet cr\u00e9ation reprise d&#039;entreprise, futurs membres\" \/>\n<meta property=\"og:description\" content=\"Toutes les r\u00e9ponses aux questions des porteurs de projet en cr\u00e9ation ou reprise d&#039;entreprise, des futurs membres de l&#039;association.\" \/>\n<meta property=\"og:url\" content=\"https:\/\/www.reseau-entreprendre.org\/occitanie-garonne\/questions-porteurs-de-projet-en-creation-ou-reprise-dentreprise-futurs-membres\/\" \/>\n<meta property=\"og:site_name\" content=\"R\u00e9seau Entreprendre Occitanie-Garonne\" \/>\n<meta property=\"article:publisher\" content=\"https:\/\/www.facebook.com\/R%c3%a9seau-Entreprendre-Occitanie-Garonne-1459398670993843\/?ref=bookmarks\" \/>\n<meta property=\"article:modified_time\" content=\"2025-03-25T13:57:54+00:00\" \/>\n<meta property=\"og:image\" content=\"https:\/\/www.reseau-entreprendre.org\/occitanie-garonne\/wp-content\/uploads\/sites\/69\/2022\/12\/picto__loupe.png\" \/>\n\t<meta property=\"og:image:width\" content=\"136\" \/>\n\t<meta property=\"og:image:height\" content=\"136\" \/>\n\t<meta property=\"og:image:type\" content=\"image\/png\" \/>\n<meta name=\"twitter:card\" content=\"summary_large_image\" \/>\n<meta name=\"twitter:label1\" content=\"Dur\u00e9e de lecture estim\u00e9e\" \/>\n\t<meta name=\"twitter:data1\" content=\"5 minutes\" \/>\n<script type=\"application\/ld+json\" class=\"yoast-schema-graph\">{\"@context\":\"https:\\\/\\\/schema.org\",\"@graph\":[{\"@type\":\"WebPage\",\"@id\":\"https:\\\/\\\/www.reseau-entreprendre.org\\\/occitanie-garonne\\\/questions-porteurs-de-projet-en-creation-ou-reprise-dentreprise-futurs-membres\\\/\",\"url\":\"https:\\\/\\\/www.reseau-entreprendre.org\\\/occitanie-garonne\\\/questions-porteurs-de-projet-en-creation-ou-reprise-dentreprise-futurs-membres\\\/\",\"name\":\"Questions porteurs de projet cr\u00e9ation reprise d'entreprise, futurs membres\",\"isPartOf\":{\"@id\":\"https:\\\/\\\/www.reseau-entreprendre.org\\\/occitanie-garonne\\\/#website\"},\"primaryImageOfPage\":{\"@id\":\"https:\\\/\\\/www.reseau-entreprendre.org\\\/occitanie-garonne\\\/questions-porteurs-de-projet-en-creation-ou-reprise-dentreprise-futurs-membres\\\/#primaryimage\"},\"image\":{\"@id\":\"https:\\\/\\\/www.reseau-entreprendre.org\\\/occitanie-garonne\\\/questions-porteurs-de-projet-en-creation-ou-reprise-dentreprise-futurs-membres\\\/#primaryimage\"},\"thumbnailUrl\":\"https:\\\/\\\/www.reseau-entreprendre.org\\\/occitanie-garonne\\\/wp-content\\\/uploads\\\/sites\\\/69\\\/2022\\\/12\\\/picto__loupe.png\",\"datePublished\":\"2022-12-22T14:31:37+00:00\",\"dateModified\":\"2025-03-25T13:57:54+00:00\",\"description\":\"Toutes les r\u00e9ponses aux questions des porteurs de projet en cr\u00e9ation ou reprise d'entreprise, des futurs membres de l'association.\",\"breadcrumb\":{\"@id\":\"https:\\\/\\\/www.reseau-entreprendre.org\\\/occitanie-garonne\\\/questions-porteurs-de-projet-en-creation-ou-reprise-dentreprise-futurs-membres\\\/#breadcrumb\"},\"inLanguage\":\"fr-FR\",\"potentialAction\":[{\"@type\":\"ReadAction\",\"target\":[\"https:\\\/\\\/www.reseau-entreprendre.org\\\/occitanie-garonne\\\/questions-porteurs-de-projet-en-creation-ou-reprise-dentreprise-futurs-membres\\\/\"]}]},{\"@type\":\"ImageObject\",\"inLanguage\":\"fr-FR\",\"@id\":\"https:\\\/\\\/www.reseau-entreprendre.org\\\/occitanie-garonne\\\/questions-porteurs-de-projet-en-creation-ou-reprise-dentreprise-futurs-membres\\\/#primaryimage\",\"url\":\"https:\\\/\\\/www.reseau-entreprendre.org\\\/occitanie-garonne\\\/wp-content\\\/uploads\\\/sites\\\/69\\\/2022\\\/12\\\/picto__loupe.png\",\"contentUrl\":\"https:\\\/\\\/www.reseau-entreprendre.org\\\/occitanie-garonne\\\/wp-content\\\/uploads\\\/sites\\\/69\\\/2022\\\/12\\\/picto__loupe.png\",\"width\":136,\"height\":136},{\"@type\":\"BreadcrumbList\",\"@id\":\"https:\\\/\\\/www.reseau-entreprendre.org\\\/occitanie-garonne\\\/questions-porteurs-de-projet-en-creation-ou-reprise-dentreprise-futurs-membres\\\/#breadcrumb\",\"itemListElement\":[{\"@type\":\"ListItem\",\"position\":1,\"name\":\"Accueil\",\"item\":\"https:\\\/\\\/www.reseau-entreprendre.org\\\/occitanie-garonne\\\/\"},{\"@type\":\"ListItem\",\"position\":2,\"name\":\"Foire Aux Questions R\u00e9seau Entreprendre\u00ae Occitanie Garonne\"}]},{\"@type\":\"WebSite\",\"@id\":\"https:\\\/\\\/www.reseau-entreprendre.org\\\/occitanie-garonne\\\/#website\",\"url\":\"https:\\\/\\\/www.reseau-entreprendre.org\\\/occitanie-garonne\\\/\",\"name\":\"R\u00e9seau Entreprendre Occitanie-Garonne\",\"description\":\"Un site de R\u00e9seau Entreprendre\",\"potentialAction\":[{\"@type\":\"SearchAction\",\"target\":{\"@type\":\"EntryPoint\",\"urlTemplate\":\"https:\\\/\\\/www.reseau-entreprendre.org\\\/occitanie-garonne\\\/?s={search_term_string}\"},\"query-input\":{\"@type\":\"PropertyValueSpecification\",\"valueRequired\":true,\"valueName\":\"search_term_string\"}}],\"inLanguage\":\"fr-FR\"}]}<\/script>\n<!-- \/ Yoast SEO plugin. -->","yoast_head_json":{"title":"Questions porteurs de projet cr\u00e9ation reprise d'entreprise, futurs membres","description":"Toutes les r\u00e9ponses aux questions des porteurs de projet en cr\u00e9ation ou reprise d'entreprise, des futurs membres de l'association.","robots":{"index":"index","follow":"follow","max-snippet":"max-snippet:-1","max-image-preview":"max-image-preview:large","max-video-preview":"max-video-preview:-1"},"canonical":"https:\/\/www.reseau-entreprendre.org\/occitanie-garonne\/questions-porteurs-de-projet-en-creation-ou-reprise-dentreprise-futurs-membres\/","og_locale":"fr_FR","og_type":"article","og_title":"Questions porteurs de projet cr\u00e9ation reprise d'entreprise, futurs membres","og_description":"Toutes les r\u00e9ponses aux questions des porteurs de projet en cr\u00e9ation ou reprise d'entreprise, des futurs membres de l'association.","og_url":"https:\/\/www.reseau-entreprendre.org\/occitanie-garonne\/questions-porteurs-de-projet-en-creation-ou-reprise-dentreprise-futurs-membres\/","og_site_name":"R\u00e9seau Entreprendre Occitanie-Garonne","article_publisher":"https:\/\/www.facebook.com\/R%c3%a9seau-Entreprendre-Occitanie-Garonne-1459398670993843\/?ref=bookmarks","article_modified_time":"2025-03-25T13:57:54+00:00","og_image":[{"width":136,"height":136,"url":"https:\/\/www.reseau-entreprendre.org\/occitanie-garonne\/wp-content\/uploads\/sites\/69\/2022\/12\/picto__loupe.png","type":"image\/png"}],"twitter_card":"summary_large_image","twitter_misc":{"Dur\u00e9e de lecture estim\u00e9e":"5 minutes"},"schema":{"@context":"https:\/\/schema.org","@graph":[{"@type":"WebPage","@id":"https:\/\/www.reseau-entreprendre.org\/occitanie-garonne\/questions-porteurs-de-projet-en-creation-ou-reprise-dentreprise-futurs-membres\/","url":"https:\/\/www.reseau-entreprendre.org\/occitanie-garonne\/questions-porteurs-de-projet-en-creation-ou-reprise-dentreprise-futurs-membres\/","name":"Questions porteurs de projet cr\u00e9ation reprise d'entreprise, futurs membres","isPartOf":{"@id":"https:\/\/www.reseau-entreprendre.org\/occitanie-garonne\/#website"},"primaryImageOfPage":{"@id":"https:\/\/www.reseau-entreprendre.org\/occitanie-garonne\/questions-porteurs-de-projet-en-creation-ou-reprise-dentreprise-futurs-membres\/#primaryimage"},"image":{"@id":"https:\/\/www.reseau-entreprendre.org\/occitanie-garonne\/questions-porteurs-de-projet-en-creation-ou-reprise-dentreprise-futurs-membres\/#primaryimage"},"thumbnailUrl":"https:\/\/www.reseau-entreprendre.org\/occitanie-garonne\/wp-content\/uploads\/sites\/69\/2022\/12\/picto__loupe.png","datePublished":"2022-12-22T14:31:37+00:00","dateModified":"2025-03-25T13:57:54+00:00","description":"Toutes les r\u00e9ponses aux questions des porteurs de projet en cr\u00e9ation ou reprise d'entreprise, des futurs membres de l'association.","breadcrumb":{"@id":"https:\/\/www.reseau-entreprendre.org\/occitanie-garonne\/questions-porteurs-de-projet-en-creation-ou-reprise-dentreprise-futurs-membres\/#breadcrumb"},"inLanguage":"fr-FR","potentialAction":[{"@type":"ReadAction","target":["https:\/\/www.reseau-entreprendre.org\/occitanie-garonne\/questions-porteurs-de-projet-en-creation-ou-reprise-dentreprise-futurs-membres\/"]}]},{"@type":"ImageObject","inLanguage":"fr-FR","@id":"https:\/\/www.reseau-entreprendre.org\/occitanie-garonne\/questions-porteurs-de-projet-en-creation-ou-reprise-dentreprise-futurs-membres\/#primaryimage","url":"https:\/\/www.reseau-entreprendre.org\/occitanie-garonne\/wp-content\/uploads\/sites\/69\/2022\/12\/picto__loupe.png","contentUrl":"https:\/\/www.reseau-entreprendre.org\/occitanie-garonne\/wp-content\/uploads\/sites\/69\/2022\/12\/picto__loupe.png","width":136,"height":136},{"@type":"BreadcrumbList","@id":"https:\/\/www.reseau-entreprendre.org\/occitanie-garonne\/questions-porteurs-de-projet-en-creation-ou-reprise-dentreprise-futurs-membres\/#breadcrumb","itemListElement":[{"@type":"ListItem","position":1,"name":"Accueil","item":"https:\/\/www.reseau-entreprendre.org\/occitanie-garonne\/"},{"@type":"ListItem","position":2,"name":"Foire Aux Questions R\u00e9seau Entreprendre\u00ae Occitanie Garonne"}]},{"@type":"WebSite","@id":"https:\/\/www.reseau-entreprendre.org\/occitanie-garonne\/#website","url":"https:\/\/www.reseau-entreprendre.org\/occitanie-garonne\/","name":"R\u00e9seau Entreprendre Occitanie-Garonne","description":"Un site de R\u00e9seau Entreprendre","potentialAction":[{"@type":"SearchAction","target":{"@type":"EntryPoint","urlTemplate":"https:\/\/www.reseau-entreprendre.org\/occitanie-garonne\/?s={search_term_string}"},"query-input":{"@type":"PropertyValueSpecification","valueRequired":true,"valueName":"search_term_string"}}],"inLanguage":"fr-FR"}]}},"_links":{"self":[{"href":"https:\/\/www.reseau-entreprendre.org\/occitanie-garonne\/wp-json\/wp\/v2\/pages\/4503","targetHints":{"allow":["GET"]}}],"collection":[{"href":"https:\/\/www.reseau-entreprendre.org\/occitanie-garonne\/wp-json\/wp\/v2\/pages"}],"about":[{"href":"https:\/\/www.reseau-entreprendre.org\/occitanie-garonne\/wp-json\/wp\/v2\/types\/page"}],"author":[{"embeddable":true,"href":"https:\/\/www.reseau-entreprendre.org\/occitanie-garonne\/wp-json\/wp\/v2\/users\/75"}],"replies":[{"embeddable":true,"href":"https:\/\/www.reseau-entreprendre.org\/occitanie-garonne\/wp-json\/wp\/v2\/comments?post=4503"}],"version-history":[{"count":0,"href":"https:\/\/www.reseau-entreprendre.org\/occitanie-garonne\/wp-json\/wp\/v2\/pages\/4503\/revisions"}],"wp:featuredmedia":[{"embeddable":true,"href":"https:\/\/www.reseau-entreprendre.org\/occitanie-garonne\/wp-json\/wp\/v2\/media\/4463"}],"wp:attachment":[{"href":"https:\/\/www.reseau-entreprendre.org\/occitanie-garonne\/wp-json\/wp\/v2\/media?parent=4503"}],"curies":[{"name":"wp","href":"https:\/\/api.w.org\/{rel}","templated":true}]}}