{"id":6277,"date":"2025-05-02T15:48:10","date_gmt":"2025-05-02T13:48:10","guid":{"rendered":"https:\/\/www.reseau-entreprendre.org\/occitanie-garonne\/?page_id=6277"},"modified":"2025-05-28T11:44:07","modified_gmt":"2025-05-28T09:44:07","slug":"09-reseau-entreprendre-occitanie-garonne-dans-lariege-accompagnement","status":"publish","type":"page","link":"https:\/\/www.reseau-entreprendre.org\/occitanie-garonne\/09-reseau-entreprendre-occitanie-garonne-dans-lariege-accompagnement\/","title":{"rendered":"09 &#8211; Entreprendre en Ari\u00e8ge"},"content":{"rendered":"\n<p><\/p>\n\n\n\n<h2 class=\"wp-block-heading\">R\u00e9seau Entreprendre Occitanie Garonne soutient activement la <strong>cr\u00e9ation, la reprise et le d\u00e9veloppement d\u2019entreprises<\/strong> dans l&#8217;Ari\u00e8ge (09).<\/h2>\n\n\n\n<p><\/p>\n\n\n\n<p>R\u00e9seau Entreprendre Occitanie Garonne aide \u00e0 l&#8217;implantation et la p\u00e9rennit\u00e9 des entreprises sur tout le d\u00e9partement de l&#8217;Ari\u00e8ge. Le r\u00e9seau s&#8217;engage pour dynamiser l&#8217;entrepreneuriat et la cr\u00e9ation d&#8217;emplois sur ce d\u00e9partement. Appartenir \u00e0 R\u00e9seau Entreprendre\u00ae Occitanie Garonne, c&#8217;est aussi avoir acc\u00e8s \u00e0 un r\u00e9seau de plus de 300 chefs d&#8217;entreprise en Occitanie.<\/p>\n\n\n\n<div style=\"height:50px\" aria-hidden=\"true\" class=\"wp-block-spacer\"><\/div>\n\n\n\n<p>En int\u00e9grant le R\u00e9seau, chaque entrepreneur ari\u00e8geois, laur\u00e9at de l&#8217;association, b\u00e9n\u00e9ficie d&#8217;un :<\/p>\n\n\n\n<div class=\"wp-block-columns is-layout-flex wp-container-core-columns-is-layout-9d6595d7 wp-block-columns-is-layout-flex\">\n<div class=\"wp-block-column is-layout-flow wp-block-column-is-layout-flow\">\n<h3 class=\"wp-block-heading has-re-blue-color has-text-color has-link-color wp-elements-5d4e20c2dd12e808639d1b1a93e8469f\">Accompagnement humain<\/h3>\n\n\n\n<p>Sous forme de mentorat avec un chef d&#8217;entreprise membre b\u00e9n\u00e9vole dans l&#8217;Ari\u00e8ge et la Haute-Garonne.<\/p>\n<\/div>\n\n\n\n<div class=\"wp-block-column is-layout-flow wp-block-column-is-layout-flow\">\n<h3 class=\"wp-block-heading has-re-yellow-color has-text-color has-link-color wp-elements-517a28970b0690d27554f262757849a4\">Int\u00e9gration dans une communaut\u00e9 d&#8217;entrepreneurs engag\u00e9s<\/h3>\n\n\n\n<p>Que ce soit sur l&#8217;Ari\u00e8ge ou bien au sein du R\u00e9seau Entreprendre\u00ae Occitanie Garonne en g\u00e9n\u00e9ral, les adh\u00e9rents peuvent utiliser la force du r\u00e9seau pour faire des rencontres, partager des exp\u00e9riences ou s&#8217;entraider face \u00e0 des probl\u00e9matiques entrepreneuriales.<\/p>\n<\/div>\n\n\n\n<div class=\"wp-block-column is-layout-flow wp-block-column-is-layout-flow\">\n<h3 class=\"wp-block-heading has-re-red-color has-text-color has-link-color wp-elements-c86c56c2956eeb716802fae930333f23\">Financement : Pr\u00eat d&#8217;honneur \u00e0 taux 0<\/h3>\n\n\n\n<p>Disponible sur les programmes <a href=\"https:\/\/www.reseau-entreprendre.org\/occitanie-garonne\/accompagnement-creation-reprise-et-developpement-dentreprise\/\" target=\"_blank\" rel=\"noreferrer noopener\">Start<\/a> et <a href=\"https:\/\/www.reseau-entreprendre.org\/occitanie-garonne\/2022\/08\/25\/programmes-accompagnement-croissance-reseau-entreprendre-occitanie-garonne\/\" target=\"_blank\" rel=\"noreferrer noopener\">Booster<\/a>, ce financement solidaire est sans garantie personnelle et peut cr\u00e9er un effet levier aupr\u00e8s des banques.<\/p>\n<\/div>\n<\/div>\n\n\n\n<div class=\"wp-block-buttons is-content-justification-center is-layout-flex wp-container-core-buttons-is-layout-16018d1d wp-block-buttons-is-layout-flex\">\n<div class=\"wp-block-button is-style-fill\"><a class=\"wp-block-button__link has-re-blue-color has-re-blue-background-color has-text-color has-background has-link-color has-medium-font-size has-custom-font-size wp-element-button\" href=\"https:\/\/www.reseau-entreprendre.org\/occitanie-garonne\/etreaccompagnecreationreprisedeveloppement\/\" style=\"border-radius:100px\" target=\"_blank\" rel=\"noreferrer noopener\">Je veux en savoir plus sur les programmes REOG<\/a><\/div>\n<\/div>\n\n\n\n<div style=\"height:50px\" aria-hidden=\"true\" class=\"wp-block-spacer\"><\/div>\n\n\n\n<p><\/p>\n\n\n\n<h2 class=\"wp-block-heading has-re-red-color has-text-color has-link-color wp-elements-b84c58565ece22e45bde7d64d2cff435\"><strong>Un r\u00e9seau d&#8217;entrepreneurs ari\u00e9geois en pleine \u00e9volution<\/strong><\/h2>\n\n\n\n<p>Avec une activit\u00e9 ponctuelle en 2024, R\u00e9seau Entreprendre\u00ae Occitanie Garonne souhaite aider au d\u00e9veloppement de ce d\u00e9partement et encourager \u00e0 la cr\u00e9ation d&#8217;emplois.<\/p>\n\n\n\n<div style=\"height:20px\" aria-hidden=\"true\" class=\"wp-block-spacer\"><\/div>\n\n\n\n<h3 class=\"wp-block-heading has-re-yellow-color has-text-color has-link-color wp-elements-576c745e52920f58a42d253479b5f9dd\">Les entrepreneurs ari\u00e8geois en cours d&#8217;accompagnement<\/h3>\n\n\n\n<p>Chez R\u00e9seau Entreprendre\u00ae, la dur\u00e9e moyenne d&#8217;accompagnement se situe entre 2 et 3 ans.<\/p>\n\n\n\n<div style=\"height:30px\" aria-hidden=\"true\" class=\"wp-block-spacer\"><\/div>\n\n\n\n<div class=\"wp-block-columns is-layout-flex wp-container-core-columns-is-layout-9d6595d7 wp-block-columns-is-layout-flex\">\n<div class=\"wp-block-column is-layout-flow wp-block-column-is-layout-flow\">\n<h4 class=\"wp-block-heading\">Cr\u00e9ateurs<\/h4>\n<\/div>\n\n\n\n<div class=\"wp-block-column is-layout-flow wp-block-column-is-layout-flow\">\n<h4 class=\"wp-block-heading\">Repreneurs<\/h4>\n<\/div>\n\n\n\n<div class=\"wp-block-column is-layout-flow wp-block-column-is-layout-flow\">\n<h4 class=\"wp-block-heading\">Entrepreneurs en croissance<\/h4>\n<\/div>\n<\/div>\n\n\n\n<div class=\"wp-block-columns is-layout-flex wp-container-core-columns-is-layout-9d6595d7 wp-block-columns-is-layout-flex\">\n<div class=\"wp-block-column is-layout-flow wp-block-column-is-layout-flow\">\n<ul class=\"wp-block-list\">\n<li><a href=\"https:\/\/www.reseau-entreprendre.org\/occitanie-garonne\/2024\/11\/14\/phuongetvanlyle-oshiso-laureats\/\" target=\"_blank\" rel=\"noreferrer noopener\"><strong>Phuong et Van Le<\/strong> de O&#8217;SHISO<\/a>, entreprise implant\u00e9e \u00e0 Pamiers.<\/li>\n<\/ul>\n<\/div>\n\n\n\n<div class=\"wp-block-column is-layout-flow wp-block-column-is-layout-flow\">\n<ul class=\"wp-block-list\">\n<li>A venir&#8230;<\/li>\n<\/ul>\n<\/div>\n\n\n\n<div class=\"wp-block-column is-layout-flow wp-block-column-is-layout-flow\">\n<ul class=\"wp-block-list\">\n<li>A venir&#8230;<\/li>\n<\/ul>\n<\/div>\n<\/div>\n\n\n\n<div class=\"wp-block-buttons is-content-justification-center is-layout-flex wp-container-core-buttons-is-layout-16018d1d wp-block-buttons-is-layout-flex\">\n<div class=\"wp-block-button\"><a class=\"wp-block-button__link has-re-blue-background-color has-background wp-element-button\" href=\"https:\/\/www.reseau-entreprendre.org\/occitanie-garonne\/deposer-une-demande\/\" target=\"_blank\" rel=\"noreferrer noopener\"><strong>Candidater<\/strong><\/a><\/div>\n<\/div>\n\n\n\n<div style=\"height:50px\" aria-hidden=\"true\" class=\"wp-block-spacer\"><\/div>\n\n\n\n<h3 class=\"wp-block-heading has-re-yellow-color has-text-color has-link-color wp-elements-0ded853eb45627390421b07fae38d21a\">Quelques exemples de chefs d&#8217;entreprises ari\u00e8geois, qui participent \u00e0 la vie du r\u00e9seau<\/h3>\n\n\n\n<p>Nos membres challengent avec bienveillance les porteurs de projet.<\/p>\n\n\n\n<div class=\"wp-block-columns is-layout-flex wp-container-core-columns-is-layout-9d6595d7 wp-block-columns-is-layout-flex\">\n<div class=\"wp-block-column is-layout-flow wp-block-column-is-layout-flow\">\n<ul class=\"wp-block-list\">\n<li><strong>Katia Santoro<\/strong>, dirigeante fondatrice de <a href=\"https:\/\/www.aecinterim.fr\/\" target=\"_blank\" rel=\"noreferrer noopener\">ARIEGE EMPLOI &amp; CARRIERE<\/a>, entreprise implant\u00e9e \u00e0 Pamiers.<\/li>\n<\/ul>\n<\/div>\n\n\n\n<div class=\"wp-block-column is-layout-flow wp-block-column-is-layout-flow\">\n<ul class=\"wp-block-list\">\n<li><strong>Fr\u00e9d\u00e9ric Komajda<\/strong>, pr\u00e9sident de&nbsp;<a href=\"https:\/\/www.premetec.fr\/\" target=\"_blank\" rel=\"noreferrer noopener\">PREMETEC<\/a>, entreprise implant\u00e9e \u00e0 Saverdun.<\/li>\n<\/ul>\n<\/div>\n<\/div>\n\n\n\n<div class=\"wp-block-buttons is-content-justification-center is-layout-flex wp-container-core-buttons-is-layout-16018d1d wp-block-buttons-is-layout-flex\">\n<div class=\"wp-block-button\"><a class=\"wp-block-button__link has-re-red-background-color has-background wp-element-button\" href=\"https:\/\/www.reseau-entreprendre.org\/fr\/contact\/\" target=\"_blank\" rel=\"noreferrer noopener\"><strong>Devenir membre<\/strong><\/a><\/div>\n<\/div>\n\n\n\n<div style=\"height:50px\" aria-hidden=\"true\" class=\"wp-block-spacer\"><\/div>\n\n\n\n<h2 class=\"wp-block-heading has-re-red-color has-text-color has-link-color wp-elements-68631f3c675ce1bae83eb512c5ad2774\"><strong>Vos interlocuteurs permanents chez R\u00e9seau Entreprendre\u00ae Occitanie Garonne<\/strong><\/h2>\n\n\n\n<div class=\"wp-block-columns is-layout-flex wp-container-core-columns-is-layout-9d6595d7 wp-block-columns-is-layout-flex\">\n<div class=\"wp-block-column is-layout-flow wp-block-column-is-layout-flow\" style=\"flex-basis:66.66%\">\n<h5 class=\"wp-block-heading\">Ronan Heriquet<\/h5>\n\n\n\n<p>Charg\u00e9e d\u2019\u00e9tudes sur le d\u00e9partement de l&#8217;Ari\u00e8ge (09)<\/p>\n\n\n\n<p><a href=\"mailto:rheriquet@reseau-entreprendre.org\" target=\"_blank\" rel=\"noreferrer noopener\">rheriquet@reseau-entreprendre.org<\/a><\/p>\n<\/div>\n\n\n\n<div class=\"wp-block-column is-layout-flow wp-block-column-is-layout-flow\" style=\"flex-basis:33.33%\">\n<figure class=\"wp-block-image size-full is-resized\"><img loading=\"lazy\" decoding=\"async\" width=\"332\" height=\"350\" src=\"https:\/\/www.reseau-entreprendre.org\/occitanie-garonne\/wp-content\/uploads\/sites\/69\/2025\/05\/Ronan-Heriquet-accompagnement-ariege-09.png\" alt=\"Ronan Heriquet, accompagnement ari\u00e8ge 09, rheriquet@reseau-entreprendre.org\" class=\"wp-image-6290\" style=\"aspect-ratio:1;object-fit:cover;width:178px;height:auto\" srcset=\"https:\/\/www.reseau-entreprendre.org\/occitanie-garonne\/wp-content\/uploads\/sites\/69\/2025\/05\/Ronan-Heriquet-accompagnement-ariege-09.png 332w, https:\/\/www.reseau-entreprendre.org\/occitanie-garonne\/wp-content\/uploads\/sites\/69\/2025\/05\/Ronan-Heriquet-accompagnement-ariege-09-285x300.png 285w, https:\/\/www.reseau-entreprendre.org\/occitanie-garonne\/wp-content\/uploads\/sites\/69\/2025\/05\/Ronan-Heriquet-accompagnement-ariege-09-123x130.png 123w, https:\/\/www.reseau-entreprendre.org\/occitanie-garonne\/wp-content\/uploads\/sites\/69\/2025\/05\/Ronan-Heriquet-accompagnement-ariege-09-95x100.png 95w\" sizes=\"auto, (max-width: 332px) 100vw, 332px\" \/><\/figure>\n<\/div>\n<\/div>\n\n\n\n<div class=\"wp-block-columns is-layout-flex wp-container-core-columns-is-layout-9d6595d7 wp-block-columns-is-layout-flex\">\n<div class=\"wp-block-column is-layout-flow wp-block-column-is-layout-flow\" style=\"flex-basis:33.33%\">\n<figure class=\"wp-block-image size-large is-resized\"><img loading=\"lazy\" decoding=\"async\" width=\"1024\" height=\"1024\" src=\"https:\/\/www.reseau-entreprendre.org\/occitanie-garonne\/wp-content\/uploads\/sites\/69\/2025\/05\/cecile-thomas-1024x1024.png\" alt=\"C\u00e9cile Thomas, directrice de r\u00e9seau Entreprendre Occitanie Garonne\" class=\"wp-image-6443\" style=\"width:178px\" srcset=\"https:\/\/www.reseau-entreprendre.org\/occitanie-garonne\/wp-content\/uploads\/sites\/69\/2025\/05\/cecile-thomas-1024x1024.png 1024w, https:\/\/www.reseau-entreprendre.org\/occitanie-garonne\/wp-content\/uploads\/sites\/69\/2025\/05\/cecile-thomas-300x300.png 300w, https:\/\/www.reseau-entreprendre.org\/occitanie-garonne\/wp-content\/uploads\/sites\/69\/2025\/05\/cecile-thomas-150x150.png 150w, https:\/\/www.reseau-entreprendre.org\/occitanie-garonne\/wp-content\/uploads\/sites\/69\/2025\/05\/cecile-thomas-768x768.png 768w, https:\/\/www.reseau-entreprendre.org\/occitanie-garonne\/wp-content\/uploads\/sites\/69\/2025\/05\/cecile-thomas-500x500.png 500w, https:\/\/www.reseau-entreprendre.org\/occitanie-garonne\/wp-content\/uploads\/sites\/69\/2025\/05\/cecile-thomas-130x130.png 130w, https:\/\/www.reseau-entreprendre.org\/occitanie-garonne\/wp-content\/uploads\/sites\/69\/2025\/05\/cecile-thomas-100x100.png 100w, https:\/\/www.reseau-entreprendre.org\/occitanie-garonne\/wp-content\/uploads\/sites\/69\/2025\/05\/cecile-thomas.png 1181w\" sizes=\"auto, (max-width: 1024px) 100vw, 1024px\" \/><\/figure>\n<\/div>\n\n\n\n<div class=\"wp-block-column is-layout-flow wp-block-column-is-layout-flow\" style=\"flex-basis:66.66%\">\n<h5 class=\"wp-block-heading\">C\u00e9cile Thomas<\/h5>\n\n\n\n<p>Directrice du R\u00e9seau Entreprendre Occitanie Garonne<\/p>\n\n\n\n<p><a href=\"mailto:cthomas@reseau-entreprendre.org\" target=\"_blank\" rel=\"noreferrer noopener\">cthomas@reseau-entreprendre.org<\/a><\/p>\n<\/div>\n<\/div>\n","protected":false},"excerpt":{"rendered":"<p>R\u00e9seau Entreprendre Occitanie Garonne soutient activement la cr\u00e9ation, la reprise<\/p>\n","protected":false},"author":75,"featured_media":5991,"parent":0,"menu_order":0,"comment_status":"closed","ping_status":"closed","template":"","meta":{"_acf_changed":false,"_monsterinsights_skip_tracking":false,"_monsterinsights_sitenote_active":false,"_monsterinsights_sitenote_note":"","_monsterinsights_sitenote_category":0,"footnotes":""},"class_list":["post-6277","page","type-page","status-publish","has-post-thumbnail","hentry"],"acf":[],"yoast_head":"<!-- This site is optimized with the Yoast SEO plugin v27.4 - https:\/\/yoast.com\/product\/yoast-seo-wordpress\/ -->\n<title>09 - Entreprendre en Ari\u00e8ge - R\u00e9seau Entreprendre Occitanie-Garonne<\/title>\n<meta name=\"description\" content=\"R\u00e9seau Entreprendre Occitanie Garonne accompagne humainement et financi\u00e8rement les cr\u00e9ateurs et repreneurs implant\u00e9 dans l&#039;Ari\u00e8ge.\" \/>\n<meta name=\"robots\" content=\"index, follow, max-snippet:-1, max-image-preview:large, max-video-preview:-1\" \/>\n<link rel=\"canonical\" href=\"https:\/\/www.reseau-entreprendre.org\/occitanie-garonne\/09-reseau-entreprendre-occitanie-garonne-dans-lariege-accompagnement\/\" \/>\n<meta property=\"og:locale\" content=\"fr_FR\" \/>\n<meta property=\"og:type\" content=\"article\" \/>\n<meta property=\"og:title\" content=\"09 - Entreprendre en Ari\u00e8ge - R\u00e9seau Entreprendre Occitanie-Garonne\" \/>\n<meta property=\"og:description\" content=\"R\u00e9seau Entreprendre Occitanie Garonne accompagne humainement et financi\u00e8rement les cr\u00e9ateurs et repreneurs implant\u00e9 dans l&#039;Ari\u00e8ge.\" \/>\n<meta property=\"og:url\" content=\"https:\/\/www.reseau-entreprendre.org\/occitanie-garonne\/09-reseau-entreprendre-occitanie-garonne-dans-lariege-accompagnement\/\" \/>\n<meta property=\"og:site_name\" content=\"R\u00e9seau Entreprendre Occitanie-Garonne\" \/>\n<meta property=\"article:publisher\" content=\"https:\/\/www.facebook.com\/R%c3%a9seau-Entreprendre-Occitanie-Garonne-1459398670993843\/?ref=bookmarks\" \/>\n<meta property=\"article:modified_time\" content=\"2025-05-28T09:44:07+00:00\" \/>\n<meta property=\"og:image\" content=\"https:\/\/www.reseau-entreprendre.org\/occitanie-garonne\/wp-content\/uploads\/sites\/69\/2025\/03\/LTDV-juin-2022.jpg\" \/>\n\t<meta property=\"og:image:width\" content=\"960\" \/>\n\t<meta property=\"og:image:height\" content=\"720\" \/>\n\t<meta property=\"og:image:type\" content=\"image\/jpeg\" \/>\n<meta name=\"twitter:card\" content=\"summary_large_image\" \/>\n<meta name=\"twitter:label1\" content=\"Dur\u00e9e de lecture estim\u00e9e\" \/>\n\t<meta name=\"twitter:data1\" content=\"3 minutes\" \/>\n<script type=\"application\/ld+json\" class=\"yoast-schema-graph\">{\"@context\":\"https:\\\/\\\/schema.org\",\"@graph\":[{\"@type\":\"WebPage\",\"@id\":\"https:\\\/\\\/www.reseau-entreprendre.org\\\/occitanie-garonne\\\/09-reseau-entreprendre-occitanie-garonne-dans-lariege-accompagnement\\\/\",\"url\":\"https:\\\/\\\/www.reseau-entreprendre.org\\\/occitanie-garonne\\\/09-reseau-entreprendre-occitanie-garonne-dans-lariege-accompagnement\\\/\",\"name\":\"09 - Entreprendre en Ari\u00e8ge - R\u00e9seau Entreprendre Occitanie-Garonne\",\"isPartOf\":{\"@id\":\"https:\\\/\\\/www.reseau-entreprendre.org\\\/occitanie-garonne\\\/#website\"},\"primaryImageOfPage\":{\"@id\":\"https:\\\/\\\/www.reseau-entreprendre.org\\\/occitanie-garonne\\\/09-reseau-entreprendre-occitanie-garonne-dans-lariege-accompagnement\\\/#primaryimage\"},\"image\":{\"@id\":\"https:\\\/\\\/www.reseau-entreprendre.org\\\/occitanie-garonne\\\/09-reseau-entreprendre-occitanie-garonne-dans-lariege-accompagnement\\\/#primaryimage\"},\"thumbnailUrl\":\"https:\\\/\\\/www.reseau-entreprendre.org\\\/occitanie-garonne\\\/wp-content\\\/uploads\\\/sites\\\/69\\\/2025\\\/03\\\/LTDV-juin-2022.jpg\",\"datePublished\":\"2025-05-02T13:48:10+00:00\",\"dateModified\":\"2025-05-28T09:44:07+00:00\",\"description\":\"R\u00e9seau Entreprendre Occitanie Garonne accompagne humainement et financi\u00e8rement les cr\u00e9ateurs et repreneurs implant\u00e9 dans l'Ari\u00e8ge.\",\"breadcrumb\":{\"@id\":\"https:\\\/\\\/www.reseau-entreprendre.org\\\/occitanie-garonne\\\/09-reseau-entreprendre-occitanie-garonne-dans-lariege-accompagnement\\\/#breadcrumb\"},\"inLanguage\":\"fr-FR\",\"potentialAction\":[{\"@type\":\"ReadAction\",\"target\":[\"https:\\\/\\\/www.reseau-entreprendre.org\\\/occitanie-garonne\\\/09-reseau-entreprendre-occitanie-garonne-dans-lariege-accompagnement\\\/\"]}]},{\"@type\":\"ImageObject\",\"inLanguage\":\"fr-FR\",\"@id\":\"https:\\\/\\\/www.reseau-entreprendre.org\\\/occitanie-garonne\\\/09-reseau-entreprendre-occitanie-garonne-dans-lariege-accompagnement\\\/#primaryimage\",\"url\":\"https:\\\/\\\/www.reseau-entreprendre.org\\\/occitanie-garonne\\\/wp-content\\\/uploads\\\/sites\\\/69\\\/2025\\\/03\\\/LTDV-juin-2022.jpg\",\"contentUrl\":\"https:\\\/\\\/www.reseau-entreprendre.org\\\/occitanie-garonne\\\/wp-content\\\/uploads\\\/sites\\\/69\\\/2025\\\/03\\\/LTDV-juin-2022.jpg\",\"width\":960,\"height\":720},{\"@type\":\"BreadcrumbList\",\"@id\":\"https:\\\/\\\/www.reseau-entreprendre.org\\\/occitanie-garonne\\\/09-reseau-entreprendre-occitanie-garonne-dans-lariege-accompagnement\\\/#breadcrumb\",\"itemListElement\":[{\"@type\":\"ListItem\",\"position\":1,\"name\":\"Accueil\",\"item\":\"https:\\\/\\\/www.reseau-entreprendre.org\\\/occitanie-garonne\\\/\"},{\"@type\":\"ListItem\",\"position\":2,\"name\":\"09 &#8211; Entreprendre en Ari\u00e8ge\"}]},{\"@type\":\"WebSite\",\"@id\":\"https:\\\/\\\/www.reseau-entreprendre.org\\\/occitanie-garonne\\\/#website\",\"url\":\"https:\\\/\\\/www.reseau-entreprendre.org\\\/occitanie-garonne\\\/\",\"name\":\"R\u00e9seau Entreprendre Occitanie-Garonne\",\"description\":\"Un site de R\u00e9seau Entreprendre\",\"potentialAction\":[{\"@type\":\"SearchAction\",\"target\":{\"@type\":\"EntryPoint\",\"urlTemplate\":\"https:\\\/\\\/www.reseau-entreprendre.org\\\/occitanie-garonne\\\/?s={search_term_string}\"},\"query-input\":{\"@type\":\"PropertyValueSpecification\",\"valueRequired\":true,\"valueName\":\"search_term_string\"}}],\"inLanguage\":\"fr-FR\"}]}<\/script>\n<!-- \/ Yoast SEO plugin. -->","yoast_head_json":{"title":"09 - Entreprendre en Ari\u00e8ge - R\u00e9seau Entreprendre Occitanie-Garonne","description":"R\u00e9seau Entreprendre Occitanie Garonne accompagne humainement et financi\u00e8rement les cr\u00e9ateurs et repreneurs implant\u00e9 dans l'Ari\u00e8ge.","robots":{"index":"index","follow":"follow","max-snippet":"max-snippet:-1","max-image-preview":"max-image-preview:large","max-video-preview":"max-video-preview:-1"},"canonical":"https:\/\/www.reseau-entreprendre.org\/occitanie-garonne\/09-reseau-entreprendre-occitanie-garonne-dans-lariege-accompagnement\/","og_locale":"fr_FR","og_type":"article","og_title":"09 - Entreprendre en Ari\u00e8ge - R\u00e9seau Entreprendre Occitanie-Garonne","og_description":"R\u00e9seau Entreprendre Occitanie Garonne accompagne humainement et financi\u00e8rement les cr\u00e9ateurs et repreneurs implant\u00e9 dans l'Ari\u00e8ge.","og_url":"https:\/\/www.reseau-entreprendre.org\/occitanie-garonne\/09-reseau-entreprendre-occitanie-garonne-dans-lariege-accompagnement\/","og_site_name":"R\u00e9seau Entreprendre Occitanie-Garonne","article_publisher":"https:\/\/www.facebook.com\/R%c3%a9seau-Entreprendre-Occitanie-Garonne-1459398670993843\/?ref=bookmarks","article_modified_time":"2025-05-28T09:44:07+00:00","og_image":[{"width":960,"height":720,"url":"https:\/\/www.reseau-entreprendre.org\/occitanie-garonne\/wp-content\/uploads\/sites\/69\/2025\/03\/LTDV-juin-2022.jpg","type":"image\/jpeg"}],"twitter_card":"summary_large_image","twitter_misc":{"Dur\u00e9e de lecture estim\u00e9e":"3 minutes"},"schema":{"@context":"https:\/\/schema.org","@graph":[{"@type":"WebPage","@id":"https:\/\/www.reseau-entreprendre.org\/occitanie-garonne\/09-reseau-entreprendre-occitanie-garonne-dans-lariege-accompagnement\/","url":"https:\/\/www.reseau-entreprendre.org\/occitanie-garonne\/09-reseau-entreprendre-occitanie-garonne-dans-lariege-accompagnement\/","name":"09 - Entreprendre en Ari\u00e8ge - R\u00e9seau Entreprendre Occitanie-Garonne","isPartOf":{"@id":"https:\/\/www.reseau-entreprendre.org\/occitanie-garonne\/#website"},"primaryImageOfPage":{"@id":"https:\/\/www.reseau-entreprendre.org\/occitanie-garonne\/09-reseau-entreprendre-occitanie-garonne-dans-lariege-accompagnement\/#primaryimage"},"image":{"@id":"https:\/\/www.reseau-entreprendre.org\/occitanie-garonne\/09-reseau-entreprendre-occitanie-garonne-dans-lariege-accompagnement\/#primaryimage"},"thumbnailUrl":"https:\/\/www.reseau-entreprendre.org\/occitanie-garonne\/wp-content\/uploads\/sites\/69\/2025\/03\/LTDV-juin-2022.jpg","datePublished":"2025-05-02T13:48:10+00:00","dateModified":"2025-05-28T09:44:07+00:00","description":"R\u00e9seau Entreprendre Occitanie Garonne accompagne humainement et financi\u00e8rement les cr\u00e9ateurs et repreneurs implant\u00e9 dans l'Ari\u00e8ge.","breadcrumb":{"@id":"https:\/\/www.reseau-entreprendre.org\/occitanie-garonne\/09-reseau-entreprendre-occitanie-garonne-dans-lariege-accompagnement\/#breadcrumb"},"inLanguage":"fr-FR","potentialAction":[{"@type":"ReadAction","target":["https:\/\/www.reseau-entreprendre.org\/occitanie-garonne\/09-reseau-entreprendre-occitanie-garonne-dans-lariege-accompagnement\/"]}]},{"@type":"ImageObject","inLanguage":"fr-FR","@id":"https:\/\/www.reseau-entreprendre.org\/occitanie-garonne\/09-reseau-entreprendre-occitanie-garonne-dans-lariege-accompagnement\/#primaryimage","url":"https:\/\/www.reseau-entreprendre.org\/occitanie-garonne\/wp-content\/uploads\/sites\/69\/2025\/03\/LTDV-juin-2022.jpg","contentUrl":"https:\/\/www.reseau-entreprendre.org\/occitanie-garonne\/wp-content\/uploads\/sites\/69\/2025\/03\/LTDV-juin-2022.jpg","width":960,"height":720},{"@type":"BreadcrumbList","@id":"https:\/\/www.reseau-entreprendre.org\/occitanie-garonne\/09-reseau-entreprendre-occitanie-garonne-dans-lariege-accompagnement\/#breadcrumb","itemListElement":[{"@type":"ListItem","position":1,"name":"Accueil","item":"https:\/\/www.reseau-entreprendre.org\/occitanie-garonne\/"},{"@type":"ListItem","position":2,"name":"09 &#8211; Entreprendre en Ari\u00e8ge"}]},{"@type":"WebSite","@id":"https:\/\/www.reseau-entreprendre.org\/occitanie-garonne\/#website","url":"https:\/\/www.reseau-entreprendre.org\/occitanie-garonne\/","name":"R\u00e9seau Entreprendre Occitanie-Garonne","description":"Un site de R\u00e9seau Entreprendre","potentialAction":[{"@type":"SearchAction","target":{"@type":"EntryPoint","urlTemplate":"https:\/\/www.reseau-entreprendre.org\/occitanie-garonne\/?s={search_term_string}"},"query-input":{"@type":"PropertyValueSpecification","valueRequired":true,"valueName":"search_term_string"}}],"inLanguage":"fr-FR"}]}},"_links":{"self":[{"href":"https:\/\/www.reseau-entreprendre.org\/occitanie-garonne\/wp-json\/wp\/v2\/pages\/6277","targetHints":{"allow":["GET"]}}],"collection":[{"href":"https:\/\/www.reseau-entreprendre.org\/occitanie-garonne\/wp-json\/wp\/v2\/pages"}],"about":[{"href":"https:\/\/www.reseau-entreprendre.org\/occitanie-garonne\/wp-json\/wp\/v2\/types\/page"}],"author":[{"embeddable":true,"href":"https:\/\/www.reseau-entreprendre.org\/occitanie-garonne\/wp-json\/wp\/v2\/users\/75"}],"replies":[{"embeddable":true,"href":"https:\/\/www.reseau-entreprendre.org\/occitanie-garonne\/wp-json\/wp\/v2\/comments?post=6277"}],"version-history":[{"count":0,"href":"https:\/\/www.reseau-entreprendre.org\/occitanie-garonne\/wp-json\/wp\/v2\/pages\/6277\/revisions"}],"wp:featuredmedia":[{"embeddable":true,"href":"https:\/\/www.reseau-entreprendre.org\/occitanie-garonne\/wp-json\/wp\/v2\/media\/5991"}],"wp:attachment":[{"href":"https:\/\/www.reseau-entreprendre.org\/occitanie-garonne\/wp-json\/wp\/v2\/media?parent=6277"}],"curies":[{"name":"wp","href":"https:\/\/api.w.org\/{rel}","templated":true}]}}