{"id":6360,"date":"2025-05-02T17:44:09","date_gmt":"2025-05-02T15:44:09","guid":{"rendered":"https:\/\/www.reseau-entreprendre.org\/occitanie-garonne\/?page_id=6360"},"modified":"2025-05-26T11:46:22","modified_gmt":"2025-05-26T09:46:22","slug":"accompagnement-innovation","status":"publish","type":"page","link":"https:\/\/www.reseau-entreprendre.org\/occitanie-garonne\/accompagnement-innovation\/","title":{"rendered":"Programme Start&#8217;Innov &#8211; entreprises innovantes"},"content":{"rendered":"\n<div class=\"wp-block-columns is-layout-flex wp-container-core-columns-is-layout-9d6595d7 wp-block-columns-is-layout-flex\">\n<div class=\"wp-block-column is-layout-flow wp-block-column-is-layout-flow\">\n<h1 class=\"wp-block-heading has-re-red-color has-text-color\">R\u00e9seau Entreprendre soutient l&#8217;innovation et a con\u00e7u un programme d\u00e9di\u00e9 au lancement d&#8217;une start-up !<\/h1>\n\n\n\n<div style=\"height:50px\" aria-hidden=\"true\" class=\"wp-block-spacer\"><\/div>\n\n\n\n<div class=\"wp-block-buttons is-content-justification-center is-layout-flex wp-container-core-buttons-is-layout-16018d1d wp-block-buttons-is-layout-flex\">\n<div class=\"wp-block-button\"><a class=\"wp-block-button__link has-re-yellow-background-color has-background wp-element-button\" href=\"https:\/\/www.reseau-entreprendre.org\/occitanie-garonne\/deposer-une-demande\/\" target=\"_blank\" rel=\"noreferrer noopener\"><strong>Je souhaite candidater \u00e0 Start&#8217;Innov<\/strong><\/a><\/div>\n<\/div>\n\n\n\n<div style=\"height:50px\" aria-hidden=\"true\" class=\"wp-block-spacer\"><\/div>\n<\/div>\n<\/div>\n\n\n\n<div class=\"wp-block-columns has-re-red-color has-text-color is-layout-flex wp-container-core-columns-is-layout-9d6595d7 wp-block-columns-is-layout-flex\">\n<div class=\"wp-block-column is-layout-flow wp-block-column-is-layout-flow\" style=\"flex-basis:33.33%\">\n<figure class=\"wp-block-image size-large is-resized\"><img loading=\"lazy\" decoding=\"async\" width=\"1024\" height=\"1024\" src=\"https:\/\/www.reseau-entreprendre.org\/occitanie-garonne\/wp-content\/uploads\/sites\/69\/2025\/03\/programme-reog-4-1024x1024.png\" alt=\"\" class=\"wp-image-6078\" style=\"width:211px;height:auto\" srcset=\"https:\/\/www.reseau-entreprendre.org\/occitanie-garonne\/wp-content\/uploads\/sites\/69\/2025\/03\/programme-reog-4-1024x1024.png 1024w, https:\/\/www.reseau-entreprendre.org\/occitanie-garonne\/wp-content\/uploads\/sites\/69\/2025\/03\/programme-reog-4-300x300.png 300w, https:\/\/www.reseau-entreprendre.org\/occitanie-garonne\/wp-content\/uploads\/sites\/69\/2025\/03\/programme-reog-4-150x150.png 150w, https:\/\/www.reseau-entreprendre.org\/occitanie-garonne\/wp-content\/uploads\/sites\/69\/2025\/03\/programme-reog-4-768x768.png 768w, https:\/\/www.reseau-entreprendre.org\/occitanie-garonne\/wp-content\/uploads\/sites\/69\/2025\/03\/programme-reog-4-500x500.png 500w, https:\/\/www.reseau-entreprendre.org\/occitanie-garonne\/wp-content\/uploads\/sites\/69\/2025\/03\/programme-reog-4-130x130.png 130w, https:\/\/www.reseau-entreprendre.org\/occitanie-garonne\/wp-content\/uploads\/sites\/69\/2025\/03\/programme-reog-4-100x100.png 100w, https:\/\/www.reseau-entreprendre.org\/occitanie-garonne\/wp-content\/uploads\/sites\/69\/2025\/03\/programme-reog-4.png 1080w\" sizes=\"auto, (max-width: 1024px) 100vw, 1024px\" \/><\/figure>\n<\/div>\n\n\n\n<div class=\"wp-block-column is-vertically-aligned-center is-layout-flow wp-block-column-is-layout-flow\" style=\"flex-basis:66.66%\">\n<p class=\"has-text-color\" style=\"color:#0b0000\">Chez R\u00e9seau Entreprendre Occitanie Garonne, b\u00e9n\u00e9ficiez d&#8217;un <strong>accompagnement humain<\/strong> pour d\u00e9velopper votre <strong>projet innovant<\/strong>, sur les territoires de la <strong>Haute-Garonne<\/strong>, du <strong>Tarn-et-Garonne<\/strong>, du <strong>Gers<\/strong>, de l&#8217;<strong>Ari\u00e8ge<\/strong>, et ponctuellement du <strong>Lot<\/strong> !<\/p>\n\n\n\n<p class=\"has-text-color\" style=\"color:#0b0000\"><strong>Mais qu&#8217;est ce que le programme Start&#8217;Innov ?<\/strong> &#x1f914;<br>En amont du parcours Start classique, il permet de faire un focus particulier sur les besoins d&#8217;une entreprise innovante avec des chefs d&#8217;entreprise membres sensibilis\u00e9s \u00e0 l&#8217;innovation. <br><br><strong>Les 4 piliers \u00e0 challenger pour r\u00e9ussir le lancement de sa start-up :<\/strong><br>&#x25aa;&#xfe0f;Market<br>&#x25aa;&#xfe0f;Finances<br>&#x25aa;&#xfe0f;Equipe<br>&#x25aa;&#xfe0f;Propri\u00e9t\u00e9 Intellectuelle<br><br><strong>Le parcours Start&#8217;Innov en 5 \u00e9tapes cl\u00e9s : <\/strong>&#x1f590;<br>&#x1f4a0; Un rendez-vous d\u00e9couverte avec un permanent de REOG pour identifier le caract\u00e8re innovant du projet.<br>&#x1f4a0;Un rendez-vous de qualification avec un membre de la commission innovation.<br>&#x1f4a0;Des rendez-vous individuels avec 3 professionnels de l&#8217;innovation, membres de la commission innovation.<br>&#x1f4a0;Un comit\u00e9 Start Innov pour d\u00e9clencher un accompagnement cibl\u00e9 sur 6 \u00e0 12 mois. <br>&#x1f4a0;Une passerelle vers un parcours Start Classique une fois que le projet est suffisamment avanc\u00e9.<\/p>\n<\/div>\n<\/div>\n\n\n\n<div style=\"height:50px\" aria-hidden=\"true\" class=\"wp-block-spacer\"><\/div>\n\n\n\n<h2 class=\"wp-block-heading has-re-red-color has-text-color has-link-color wp-elements-b1db1b556502bef69a25088197a81e6a\"><strong>Financer son entreprise innovante : un fort partenariat entre R\u00e9seau Entreprendre Occitanie Garonne et Cr\u00e9alia !<\/strong><\/h2>\n\n\n\n<p>B\u00e9n\u00e9ficier de l&#8217;accompagnement Start&#8217;Innov de R\u00e9seau Entreprendre, c&#8217;est \u00e9galement pouvoir postuler au pr\u00eat d&#8217;honneur de <a href=\"https:\/\/crealia.org\/\" target=\"_blank\" rel=\"noreferrer noopener\">Cr\u00e9alia<\/a>, allant jusqu&#8217;\u00e0 100 000 euros. <\/p>\n\n\n\n<div style=\"height:50px\" aria-hidden=\"true\" class=\"wp-block-spacer\"><\/div>\n\n\n\n<div class=\"wp-block-columns has-re-red-color has-text-color is-layout-flex wp-container-core-columns-is-layout-9d6595d7 wp-block-columns-is-layout-flex\">\n<div class=\"wp-block-column is-layout-flow wp-block-column-is-layout-flow\" style=\"flex-basis:33.33%\">\n<h2 class=\"wp-block-heading has-text-align-center\"><strong>Les crit\u00e8res d&#8217;\u00e9ligibilit\u00e9<\/strong><\/h2>\n\n\n<div class=\"wp-block-image is-resized\">\n<figure class=\"aligncenter size-full\"><img loading=\"lazy\" decoding=\"async\" width=\"136\" height=\"136\" src=\"https:\/\/www.reseau-entreprendre.org\/occitanie-garonne\/wp-content\/uploads\/sites\/69\/2022\/01\/picto__formation-1.png\" alt=\"Accompagnement cr\u00e9ation reprise et d\u00e9veloppement d'entreprise\" class=\"wp-image-3846\" srcset=\"https:\/\/www.reseau-entreprendre.org\/occitanie-garonne\/wp-content\/uploads\/sites\/69\/2022\/01\/picto__formation-1.png 136w, https:\/\/www.reseau-entreprendre.org\/occitanie-garonne\/wp-content\/uploads\/sites\/69\/2022\/01\/picto__formation-1-130x130.png 130w\" sizes=\"auto, (max-width: 136px) 100vw, 136px\" \/><\/figure>\n<\/div><\/div>\n\n\n\n<div class=\"wp-block-column is-layout-flow wp-block-column-is-layout-flow\" style=\"flex-basis:66.66%\">\n<p class=\"has-text-color\" style=\"color:#0b0000\">1. Objectif de cr\u00e9ation d&#8217;emplois : <strong>entre 5 et 10 \u00e0 3 ans<\/strong><br>2. Besoin de financement : <strong>minimum 70k \u20ac<\/strong> et apport personnel : <strong>minimum 10k \u20ac<\/strong> (pour r\u00e9pondre \u00e0 la r\u00e8gle du &#8220;1 pour 1&#8221; appliqu\u00e9e par l&#8217;association : 10k \u20ac d&#8217;apport personnel permettent 10k\u20ac de pr\u00eat d&#8217;honneur par exemple)<br>3. Une entreprise qui va \u00eatre <strong>cr\u00e9\u00e9e dans les 6 mois<\/strong> (Business plan r\u00e9alis\u00e9) <strong>ou cr\u00e9\u00e9e depuis moins de 3 ans<\/strong>; pour les reprises : <strong>lettre d&#8217;intention sign\u00e9e ou en cours<\/strong><br>4. Une <strong>majorit\u00e9 au capital<\/strong><br>5. Un <strong>besoin <\/strong>d&#8217;\u00eatre accompagn\u00e9 humainement et financi\u00e8rement<\/p>\n<\/div>\n<\/div>\n\n\n\n<div style=\"height:50px\" aria-hidden=\"true\" class=\"wp-block-spacer\"><\/div>\n\n\n\n<div class=\"wp-block-columns is-layout-flex wp-container-core-columns-is-layout-9d6595d7 wp-block-columns-is-layout-flex\">\n<div class=\"wp-block-column is-layout-flow wp-block-column-is-layout-flow\">\n<h2 class=\"wp-block-heading has-re-red-color has-text-color has-link-color wp-elements-577d95440cba9c0baf69376c34c1c761\"><strong>Notre programme d&#8217;accompagnement d\u00e9di\u00e9 aux entreprises innovantes au lancement<\/strong><\/h2>\n<\/div>\n<\/div>\n\n\n\n<div data-wp-interactive=\"core\/file\" class=\"wp-block-file\"><object data-wp-bind--hidden=\"!state.hasPdfPreview\" hidden class=\"wp-block-file__embed\" data=\"https:\/\/www.reseau-entreprendre.org\/occitanie-garonne\/wp-content\/uploads\/sites\/69\/2024\/02\/Start-Innov.pdf\" type=\"application\/pdf\" style=\"width:100%;height:600px\" aria-label=\"Contenu embarqu\u00e9 Programme d&apos;accompagnement \u00e0 la cr\u00e9ation pour les projets innovants &quot;Start-Innov&quot;.\"><\/object><a id=\"wp-block-file--media-97147e0e-b394-4790-bb72-4193ac6c1fe1\" href=\"https:\/\/www.reseau-entreprendre.org\/occitanie-garonne\/wp-content\/uploads\/sites\/69\/2024\/02\/Start-Innov.pdf\">Programme d&#8217;accompagnement \u00e0 la cr\u00e9ation pour les projets innovants &#8220;Start-Innov&#8221;<\/a><a href=\"https:\/\/www.reseau-entreprendre.org\/occitanie-garonne\/wp-content\/uploads\/sites\/69\/2024\/02\/Start-Innov.pdf\" class=\"wp-block-file__button wp-element-button\" download aria-describedby=\"wp-block-file--media-97147e0e-b394-4790-bb72-4193ac6c1fe1\">T\u00e9l\u00e9charger<\/a><\/div>\n\n\n\n<hr class=\"wp-block-separator has-alpha-channel-opacity\" \/>\n\n\n\n<figure class=\"wp-block-embed aligncenter is-type-video is-provider-youtube wp-block-embed-youtube wp-embed-aspect-16-9 wp-has-aspect-ratio\"><div class=\"wp-block-embed__wrapper\">\n<iframe loading=\"lazy\" title=\"Lance-toi et fais grandir ton projet d&#039;entreprise |  R\u00e9seau Entreprendre\" width=\"500\" height=\"281\" src=\"https:\/\/www.youtube.com\/embed\/YwDA580qBC0?start=7&#038;feature=oembed\" frameborder=\"0\" allow=\"accelerometer; autoplay; clipboard-write; encrypted-media; gyroscope; picture-in-picture; web-share\" referrerpolicy=\"strict-origin-when-cross-origin\" allowfullscreen><\/iframe>\n<\/div><\/figure>\n\n\n\n<div style=\"height:50px\" aria-hidden=\"true\" class=\"wp-block-spacer\"><\/div>\n\n\n\n<div class=\"wp-block-columns is-layout-flex wp-container-core-columns-is-layout-9d6595d7 wp-block-columns-is-layout-flex\">\n<div class=\"wp-block-column is-layout-flow wp-block-column-is-layout-flow\">\n<h2 class=\"wp-block-heading has-re-red-color has-text-color\"><strong>Vous avez un projet et souhaitez \u00eatre accompagn\u00e9 pour la cr\u00e9ation d&#8217;une start-up ? Vous pensez \u00eatre dans les crit\u00e8res ?<\/strong><\/h2>\n\n\n\n<p>Vous n&#8217;avez plus qu&#8217;\u00e0 remplir le formulaire ci-dessous :<\/p>\n<\/div>\n<\/div>\n\n\n\n<div class=\"wp-block-buttons is-layout-flex wp-block-buttons-is-layout-flex\">\n<div class=\"wp-block-button aligncenter\"><a class=\"wp-block-button__link has-re-red-background-color has-background wp-element-button\" href=\"https:\/\/www.reseau-entreprendre.org\/occitanie-garonne\/deposer-une-demande\/\" style=\"border-radius:13px\" target=\"_blank\" rel=\"noreferrer noopener\"><strong>Je candidate<\/strong><\/a><\/div>\n<\/div>\n","protected":false},"excerpt":{"rendered":"<p>R\u00e9seau Entreprendre soutient l&#8217;innovation et a con\u00e7u un programme d\u00e9di\u00e9<\/p>\n","protected":false},"author":75,"featured_media":0,"parent":0,"menu_order":0,"comment_status":"closed","ping_status":"closed","template":"","meta":{"_acf_changed":false,"_monsterinsights_skip_tracking":false,"_monsterinsights_sitenote_active":false,"_monsterinsights_sitenote_note":"","_monsterinsights_sitenote_category":0,"footnotes":""},"class_list":["post-6360","page","type-page","status-publish","hentry"],"acf":[],"yoast_head":"<!-- This site is optimized with the Yoast SEO plugin v27.4 - https:\/\/yoast.com\/product\/yoast-seo-wordpress\/ -->\n<title>Accompagnement cr\u00e9ation reprise et d\u00e9veloppement d&#039;entreprise<\/title>\n<meta name=\"description\" content=\"R\u00e9seau Entreprendre Occitanie Garonne, un accompagnement cr\u00e9ation, reprise et d\u00e9veloppement d&#039;entreprise d&#039;excellence !\" \/>\n<meta name=\"robots\" content=\"index, follow, max-snippet:-1, max-image-preview:large, max-video-preview:-1\" \/>\n<link rel=\"canonical\" href=\"https:\/\/www.reseau-entreprendre.org\/occitanie-garonne\/accompagnement-innovation\/\" \/>\n<meta property=\"og:locale\" content=\"fr_FR\" \/>\n<meta property=\"og:type\" content=\"article\" \/>\n<meta property=\"og:title\" content=\"Accompagnement cr\u00e9ation reprise et d\u00e9veloppement d&#039;entreprise\" \/>\n<meta property=\"og:description\" content=\"R\u00e9seau Entreprendre Occitanie Garonne, un accompagnement cr\u00e9ation, reprise et d\u00e9veloppement d&#039;entreprise d&#039;excellence !\" \/>\n<meta property=\"og:url\" content=\"https:\/\/www.reseau-entreprendre.org\/occitanie-garonne\/accompagnement-innovation\/\" \/>\n<meta property=\"og:site_name\" content=\"R\u00e9seau Entreprendre Occitanie-Garonne\" \/>\n<meta property=\"article:publisher\" content=\"https:\/\/www.facebook.com\/R%c3%a9seau-Entreprendre-Occitanie-Garonne-1459398670993843\/?ref=bookmarks\" \/>\n<meta property=\"article:modified_time\" content=\"2025-05-26T09:46:22+00:00\" \/>\n<meta property=\"og:image\" content=\"https:\/\/www.reseau-entreprendre.org\/occitanie-garonne\/wp-content\/uploads\/sites\/69\/2025\/03\/programme-reog-4.png\" \/>\n\t<meta property=\"og:image:width\" content=\"1080\" \/>\n\t<meta property=\"og:image:height\" content=\"1080\" \/>\n\t<meta property=\"og:image:type\" content=\"image\/png\" \/>\n<meta name=\"twitter:card\" content=\"summary_large_image\" \/>\n<meta name=\"twitter:label1\" content=\"Dur\u00e9e de lecture estim\u00e9e\" \/>\n\t<meta name=\"twitter:data1\" content=\"3 minutes\" \/>\n<script type=\"application\/ld+json\" class=\"yoast-schema-graph\">{\"@context\":\"https:\\\/\\\/schema.org\",\"@graph\":[{\"@type\":\"WebPage\",\"@id\":\"https:\\\/\\\/www.reseau-entreprendre.org\\\/occitanie-garonne\\\/accompagnement-innovation\\\/\",\"url\":\"https:\\\/\\\/www.reseau-entreprendre.org\\\/occitanie-garonne\\\/accompagnement-innovation\\\/\",\"name\":\"Accompagnement cr\u00e9ation reprise et d\u00e9veloppement d'entreprise\",\"isPartOf\":{\"@id\":\"https:\\\/\\\/www.reseau-entreprendre.org\\\/occitanie-garonne\\\/#website\"},\"primaryImageOfPage\":{\"@id\":\"https:\\\/\\\/www.reseau-entreprendre.org\\\/occitanie-garonne\\\/accompagnement-innovation\\\/#primaryimage\"},\"image\":{\"@id\":\"https:\\\/\\\/www.reseau-entreprendre.org\\\/occitanie-garonne\\\/accompagnement-innovation\\\/#primaryimage\"},\"thumbnailUrl\":\"https:\\\/\\\/www.reseau-entreprendre.org\\\/occitanie-garonne\\\/wp-content\\\/uploads\\\/sites\\\/69\\\/2025\\\/03\\\/programme-reog-4-1024x1024.png\",\"datePublished\":\"2025-05-02T15:44:09+00:00\",\"dateModified\":\"2025-05-26T09:46:22+00:00\",\"description\":\"R\u00e9seau Entreprendre Occitanie Garonne, un accompagnement cr\u00e9ation, reprise et d\u00e9veloppement d'entreprise d'excellence !\",\"breadcrumb\":{\"@id\":\"https:\\\/\\\/www.reseau-entreprendre.org\\\/occitanie-garonne\\\/accompagnement-innovation\\\/#breadcrumb\"},\"inLanguage\":\"fr-FR\",\"potentialAction\":[{\"@type\":\"ReadAction\",\"target\":[\"https:\\\/\\\/www.reseau-entreprendre.org\\\/occitanie-garonne\\\/accompagnement-innovation\\\/\"]}]},{\"@type\":\"ImageObject\",\"inLanguage\":\"fr-FR\",\"@id\":\"https:\\\/\\\/www.reseau-entreprendre.org\\\/occitanie-garonne\\\/accompagnement-innovation\\\/#primaryimage\",\"url\":\"https:\\\/\\\/www.reseau-entreprendre.org\\\/occitanie-garonne\\\/wp-content\\\/uploads\\\/sites\\\/69\\\/2025\\\/03\\\/programme-reog-4.png\",\"contentUrl\":\"https:\\\/\\\/www.reseau-entreprendre.org\\\/occitanie-garonne\\\/wp-content\\\/uploads\\\/sites\\\/69\\\/2025\\\/03\\\/programme-reog-4.png\",\"width\":1080,\"height\":1080},{\"@type\":\"BreadcrumbList\",\"@id\":\"https:\\\/\\\/www.reseau-entreprendre.org\\\/occitanie-garonne\\\/accompagnement-innovation\\\/#breadcrumb\",\"itemListElement\":[{\"@type\":\"ListItem\",\"position\":1,\"name\":\"Accueil\",\"item\":\"https:\\\/\\\/www.reseau-entreprendre.org\\\/occitanie-garonne\\\/\"},{\"@type\":\"ListItem\",\"position\":2,\"name\":\"Programme Start&#8217;Innov &#8211; entreprises innovantes\"}]},{\"@type\":\"WebSite\",\"@id\":\"https:\\\/\\\/www.reseau-entreprendre.org\\\/occitanie-garonne\\\/#website\",\"url\":\"https:\\\/\\\/www.reseau-entreprendre.org\\\/occitanie-garonne\\\/\",\"name\":\"R\u00e9seau Entreprendre Occitanie-Garonne\",\"description\":\"Un site de R\u00e9seau Entreprendre\",\"potentialAction\":[{\"@type\":\"SearchAction\",\"target\":{\"@type\":\"EntryPoint\",\"urlTemplate\":\"https:\\\/\\\/www.reseau-entreprendre.org\\\/occitanie-garonne\\\/?s={search_term_string}\"},\"query-input\":{\"@type\":\"PropertyValueSpecification\",\"valueRequired\":true,\"valueName\":\"search_term_string\"}}],\"inLanguage\":\"fr-FR\"}]}<\/script>\n<!-- \/ Yoast SEO plugin. -->","yoast_head_json":{"title":"Accompagnement cr\u00e9ation reprise et d\u00e9veloppement d'entreprise","description":"R\u00e9seau Entreprendre Occitanie Garonne, un accompagnement cr\u00e9ation, reprise et d\u00e9veloppement d'entreprise d'excellence !","robots":{"index":"index","follow":"follow","max-snippet":"max-snippet:-1","max-image-preview":"max-image-preview:large","max-video-preview":"max-video-preview:-1"},"canonical":"https:\/\/www.reseau-entreprendre.org\/occitanie-garonne\/accompagnement-innovation\/","og_locale":"fr_FR","og_type":"article","og_title":"Accompagnement cr\u00e9ation reprise et d\u00e9veloppement d'entreprise","og_description":"R\u00e9seau Entreprendre Occitanie Garonne, un accompagnement cr\u00e9ation, reprise et d\u00e9veloppement d'entreprise d'excellence !","og_url":"https:\/\/www.reseau-entreprendre.org\/occitanie-garonne\/accompagnement-innovation\/","og_site_name":"R\u00e9seau Entreprendre Occitanie-Garonne","article_publisher":"https:\/\/www.facebook.com\/R%c3%a9seau-Entreprendre-Occitanie-Garonne-1459398670993843\/?ref=bookmarks","article_modified_time":"2025-05-26T09:46:22+00:00","og_image":[{"width":1080,"height":1080,"url":"https:\/\/www.reseau-entreprendre.org\/occitanie-garonne\/wp-content\/uploads\/sites\/69\/2025\/03\/programme-reog-4.png","type":"image\/png"}],"twitter_card":"summary_large_image","twitter_misc":{"Dur\u00e9e de lecture estim\u00e9e":"3 minutes"},"schema":{"@context":"https:\/\/schema.org","@graph":[{"@type":"WebPage","@id":"https:\/\/www.reseau-entreprendre.org\/occitanie-garonne\/accompagnement-innovation\/","url":"https:\/\/www.reseau-entreprendre.org\/occitanie-garonne\/accompagnement-innovation\/","name":"Accompagnement cr\u00e9ation reprise et d\u00e9veloppement d'entreprise","isPartOf":{"@id":"https:\/\/www.reseau-entreprendre.org\/occitanie-garonne\/#website"},"primaryImageOfPage":{"@id":"https:\/\/www.reseau-entreprendre.org\/occitanie-garonne\/accompagnement-innovation\/#primaryimage"},"image":{"@id":"https:\/\/www.reseau-entreprendre.org\/occitanie-garonne\/accompagnement-innovation\/#primaryimage"},"thumbnailUrl":"https:\/\/www.reseau-entreprendre.org\/occitanie-garonne\/wp-content\/uploads\/sites\/69\/2025\/03\/programme-reog-4-1024x1024.png","datePublished":"2025-05-02T15:44:09+00:00","dateModified":"2025-05-26T09:46:22+00:00","description":"R\u00e9seau Entreprendre Occitanie Garonne, un accompagnement cr\u00e9ation, reprise et d\u00e9veloppement d'entreprise d'excellence !","breadcrumb":{"@id":"https:\/\/www.reseau-entreprendre.org\/occitanie-garonne\/accompagnement-innovation\/#breadcrumb"},"inLanguage":"fr-FR","potentialAction":[{"@type":"ReadAction","target":["https:\/\/www.reseau-entreprendre.org\/occitanie-garonne\/accompagnement-innovation\/"]}]},{"@type":"ImageObject","inLanguage":"fr-FR","@id":"https:\/\/www.reseau-entreprendre.org\/occitanie-garonne\/accompagnement-innovation\/#primaryimage","url":"https:\/\/www.reseau-entreprendre.org\/occitanie-garonne\/wp-content\/uploads\/sites\/69\/2025\/03\/programme-reog-4.png","contentUrl":"https:\/\/www.reseau-entreprendre.org\/occitanie-garonne\/wp-content\/uploads\/sites\/69\/2025\/03\/programme-reog-4.png","width":1080,"height":1080},{"@type":"BreadcrumbList","@id":"https:\/\/www.reseau-entreprendre.org\/occitanie-garonne\/accompagnement-innovation\/#breadcrumb","itemListElement":[{"@type":"ListItem","position":1,"name":"Accueil","item":"https:\/\/www.reseau-entreprendre.org\/occitanie-garonne\/"},{"@type":"ListItem","position":2,"name":"Programme Start&#8217;Innov &#8211; entreprises innovantes"}]},{"@type":"WebSite","@id":"https:\/\/www.reseau-entreprendre.org\/occitanie-garonne\/#website","url":"https:\/\/www.reseau-entreprendre.org\/occitanie-garonne\/","name":"R\u00e9seau Entreprendre Occitanie-Garonne","description":"Un site de R\u00e9seau Entreprendre","potentialAction":[{"@type":"SearchAction","target":{"@type":"EntryPoint","urlTemplate":"https:\/\/www.reseau-entreprendre.org\/occitanie-garonne\/?s={search_term_string}"},"query-input":{"@type":"PropertyValueSpecification","valueRequired":true,"valueName":"search_term_string"}}],"inLanguage":"fr-FR"}]}},"_links":{"self":[{"href":"https:\/\/www.reseau-entreprendre.org\/occitanie-garonne\/wp-json\/wp\/v2\/pages\/6360","targetHints":{"allow":["GET"]}}],"collection":[{"href":"https:\/\/www.reseau-entreprendre.org\/occitanie-garonne\/wp-json\/wp\/v2\/pages"}],"about":[{"href":"https:\/\/www.reseau-entreprendre.org\/occitanie-garonne\/wp-json\/wp\/v2\/types\/page"}],"author":[{"embeddable":true,"href":"https:\/\/www.reseau-entreprendre.org\/occitanie-garonne\/wp-json\/wp\/v2\/users\/75"}],"replies":[{"embeddable":true,"href":"https:\/\/www.reseau-entreprendre.org\/occitanie-garonne\/wp-json\/wp\/v2\/comments?post=6360"}],"version-history":[{"count":0,"href":"https:\/\/www.reseau-entreprendre.org\/occitanie-garonne\/wp-json\/wp\/v2\/pages\/6360\/revisions"}],"wp:attachment":[{"href":"https:\/\/www.reseau-entreprendre.org\/occitanie-garonne\/wp-json\/wp\/v2\/media?parent=6360"}],"curies":[{"name":"wp","href":"https:\/\/api.w.org\/{rel}","templated":true}]}}