{"id":6506,"date":"2025-05-16T10:46:55","date_gmt":"2025-05-16T08:46:55","guid":{"rendered":"https:\/\/www.reseau-entreprendre.org\/occitanie-garonne\/?page_id=6506"},"modified":"2025-08-06T16:38:08","modified_gmt":"2025-08-06T14:38:08","slug":"developper-son-entreprise","status":"publish","type":"page","link":"https:\/\/www.reseau-entreprendre.org\/occitanie-garonne\/developper-son-entreprise\/","title":{"rendered":"D\u00e9velopper son entreprise"},"content":{"rendered":"\n<h1 class=\"wp-block-heading\">Booster, le programme d\u2019accompagnement pour acc\u00e9l\u00e9rer la croissance chez R\u00e9seau Entreprendre Occitanie Garonne<\/h1>\n\n\n\n<p>R\u00e9seau Entreprendre Occitanie Garonne accompagne les entrepreneurs qui souhaitent passer un cap avec un projet de croissance de leur entreprise.<\/p>\n\n\n\n<p>L\u2019 accompagnement&nbsp;humain par des pairs chefs d\u2019entreprise est le c\u0153ur de m\u00e9tier de l\u2019association mais il n\u2019est pas seulement destin\u00e9 \u00e0 des primo cr\u00e9ateurs ou repreneurs. L\u2019association accompagne \u00e9galement des chefs d\u2019entreprise et leurs soci\u00e9t\u00e9s en phase de croissance, qu\u2019ils souhaitent  d\u00e9velopper leur activit\u00e9 en interne ou en externe, ou changer d\u2019\u00e9chelle et devenir une PME d\u2019envergure.<\/p>\n\n\n\n<div class=\"wp-block-buttons is-content-justification-center is-layout-flex wp-container-core-buttons-is-layout-16018d1d wp-block-buttons-is-layout-flex\">\n<div class=\"wp-block-button\"><a class=\"wp-block-button__link has-re-red-background-color has-background wp-element-button\" href=\"https:\/\/www.reseau-entreprendre.org\/occitanie-garonne\/deposer-une-demande\/\" target=\"_blank\" rel=\"noreferrer noopener\"><strong>Je candidate<\/strong><\/a><\/div>\n<\/div>\n\n\n\n<div style=\"height:30px\" aria-hidden=\"true\" class=\"wp-block-spacer\"><\/div>\n\n\n\n<h2 class=\"wp-block-heading has-re-red-color has-text-color has-link-color wp-elements-52969fc8afb0f671530c400e26ed7c0e\">A qui s\u2019adresse ce programme ?<\/h2>\n\n\n\n<div style=\"height:30px\" aria-hidden=\"true\" class=\"wp-block-spacer\"><\/div>\n\n\n\n<ul class=\"wp-block-list\">\n<li>Des chefs d&#8217;entreprise dont le chiffre d&#8217;affaire d\u00e9passe les 500k\u20ac. <\/li>\n<\/ul>\n\n\n\n<ul class=\"wp-block-list\">\n<li>Ils doivent compter dans leurs rangs plus de 5 salari\u00e9s.<\/li>\n<\/ul>\n\n\n\n<ul class=\"wp-block-list\">\n<li><strong>Le crit\u00e8re le plus important est d&#8217;avoir un projet de fortes perspectives de croissance<\/strong> et de vouloir \u00eatre accompagn\u00e9 par des chefs d&#8217;entreprises exp\u00e9riment\u00e9s. <\/li>\n<\/ul>\n\n\n\n<div style=\"height:30px\" aria-hidden=\"true\" class=\"wp-block-spacer\"><\/div>\n\n\n\n<h2 class=\"wp-block-heading has-re-red-color has-text-color has-link-color wp-elements-d713fab00c0db9347e4d40a34cbd19f8\">Le d\u00e9roul\u00e9 du programme<\/h2>\n\n\n\n<div style=\"height:20px\" aria-hidden=\"true\" class=\"wp-block-spacer\"><\/div>\n\n\n<div class=\"wp-block-image\">\n<figure class=\"aligncenter size-large\"><img loading=\"lazy\" decoding=\"async\" width=\"1024\" height=\"457\" src=\"https:\/\/www.reseau-entreprendre.org\/occitanie-garonne\/wp-content\/uploads\/sites\/69\/2025\/05\/Booster-fleche-accompagnement-1024x457.png\" alt=\"\" class=\"wp-image-6549\" srcset=\"https:\/\/www.reseau-entreprendre.org\/occitanie-garonne\/wp-content\/uploads\/sites\/69\/2025\/05\/Booster-fleche-accompagnement-1024x457.png 1024w, https:\/\/www.reseau-entreprendre.org\/occitanie-garonne\/wp-content\/uploads\/sites\/69\/2025\/05\/Booster-fleche-accompagnement-300x134.png 300w, https:\/\/www.reseau-entreprendre.org\/occitanie-garonne\/wp-content\/uploads\/sites\/69\/2025\/05\/Booster-fleche-accompagnement-768x343.png 768w, https:\/\/www.reseau-entreprendre.org\/occitanie-garonne\/wp-content\/uploads\/sites\/69\/2025\/05\/Booster-fleche-accompagnement-210x94.png 210w, https:\/\/www.reseau-entreprendre.org\/occitanie-garonne\/wp-content\/uploads\/sites\/69\/2025\/05\/Booster-fleche-accompagnement-100x45.png 100w, https:\/\/www.reseau-entreprendre.org\/occitanie-garonne\/wp-content\/uploads\/sites\/69\/2025\/05\/Booster-fleche-accompagnement.png 1265w\" sizes=\"auto, (max-width: 1024px) 100vw, 1024px\" \/><\/figure>\n<\/div>\n\n\n<div style=\"height:30px\" aria-hidden=\"true\" class=\"wp-block-spacer\"><\/div>\n\n\n\n<h2 class=\"wp-block-heading has-re-red-color has-text-color has-link-color wp-elements-2158390fb65a9cc28be333a907e96717\">D\u00e9couvrir le programme en d\u00e9tails<\/h2>\n\n\n\n<div style=\"height:20px\" aria-hidden=\"true\" class=\"wp-block-spacer\"><\/div>\n\n\n\n<div data-wp-interactive=\"core\/file\" class=\"wp-block-file\"><object data-wp-bind--hidden=\"!state.hasPdfPreview\" hidden class=\"wp-block-file__embed\" data=\"https:\/\/www.reseau-entreprendre.org\/occitanie-garonne\/wp-content\/uploads\/sites\/69\/2025\/05\/Booster-accompagnement-croissance.pdf\" type=\"application\/pdf\" style=\"width:100%;height:600px\" aria-label=\"Contenu embarqu\u00e9 Booster accompagnement croissance.\"><\/object><a id=\"wp-block-file--media-49976b68-bf18-4e6e-a0a3-52b23ffaa7f2\" href=\"https:\/\/www.reseau-entreprendre.org\/occitanie-garonne\/wp-content\/uploads\/sites\/69\/2025\/05\/Booster-accompagnement-croissance.pdf\">Booster accompagnement croissance<\/a><a href=\"https:\/\/www.reseau-entreprendre.org\/occitanie-garonne\/wp-content\/uploads\/sites\/69\/2025\/05\/Booster-accompagnement-croissance.pdf\" class=\"wp-block-file__button wp-element-button\" download aria-describedby=\"wp-block-file--media-49976b68-bf18-4e6e-a0a3-52b23ffaa7f2\">T\u00e9l\u00e9charger<\/a><\/div>\n\n\n\n<div class=\"wp-block-buttons is-content-justification-center is-layout-flex wp-container-core-buttons-is-layout-16018d1d wp-block-buttons-is-layout-flex\">\n<div class=\"wp-block-button\"><a class=\"wp-block-button__link has-re-red-background-color has-background wp-element-button\" href=\"https:\/\/www.reseau-entreprendre.org\/occitanie-garonne\/deposer-une-demande\/\" target=\"_blank\" rel=\"noreferrer noopener\"><strong>Je candidate<\/strong><\/a><\/div>\n<\/div>\n\n\n\n<div style=\"height:30px\" aria-hidden=\"true\" class=\"wp-block-spacer\"><\/div>\n\n\n\n<h2 class=\"wp-block-heading\"><mark class=\"has-inline-color has-re-red-color\">Booster Camp : 24h pour challenger la croissance d&#8217;entreprise<\/mark><\/h2>\n\n\n\n<div style=\"height:30px\" aria-hidden=\"true\" class=\"wp-block-spacer\"><\/div>\n\n\n\n<div class=\"wp-block-columns is-layout-flex wp-container-core-columns-is-layout-9d6595d7 wp-block-columns-is-layout-flex\">\n<div class=\"wp-block-column is-layout-flow wp-block-column-is-layout-flow\" style=\"flex-basis:33.33%\">\n<figure class=\"wp-block-image size-large\"><img loading=\"lazy\" decoding=\"async\" width=\"1024\" height=\"768\" src=\"https:\/\/www.reseau-entreprendre.org\/occitanie-garonne\/wp-content\/uploads\/sites\/69\/2025\/08\/IMG_0099-1024x768.png\" alt=\"booster camp m\u00e9c\u00e8ne croissance entreprise\" class=\"wp-image-6672\" srcset=\"https:\/\/www.reseau-entreprendre.org\/occitanie-garonne\/wp-content\/uploads\/sites\/69\/2025\/08\/IMG_0099-1024x768.png 1024w, https:\/\/www.reseau-entreprendre.org\/occitanie-garonne\/wp-content\/uploads\/sites\/69\/2025\/08\/IMG_0099-300x225.png 300w, https:\/\/www.reseau-entreprendre.org\/occitanie-garonne\/wp-content\/uploads\/sites\/69\/2025\/08\/IMG_0099-768x576.png 768w, https:\/\/www.reseau-entreprendre.org\/occitanie-garonne\/wp-content\/uploads\/sites\/69\/2025\/08\/IMG_0099-1536x1152.png 1536w, https:\/\/www.reseau-entreprendre.org\/occitanie-garonne\/wp-content\/uploads\/sites\/69\/2025\/08\/IMG_0099-2048x1536.png 2048w, https:\/\/www.reseau-entreprendre.org\/occitanie-garonne\/wp-content\/uploads\/sites\/69\/2025\/08\/IMG_0099-173x130.png 173w, https:\/\/www.reseau-entreprendre.org\/occitanie-garonne\/wp-content\/uploads\/sites\/69\/2025\/08\/IMG_0099-100x75.png 100w\" sizes=\"auto, (max-width: 1024px) 100vw, 1024px\" \/><figcaption class=\"wp-element-caption\">Booster Camp 2025, 50 chefs d&#8217;entreprise r\u00e9uni pour challenger la croissance en 24h.<\/figcaption><\/figure>\n<\/div>\n\n\n\n<div class=\"wp-block-column is-layout-flow wp-block-column-is-layout-flow\" style=\"flex-basis:66.66%\">\n<p>Apr\u00e8s le succ\u00e8s des <strong>deux premi\u00e8res \u00e9ditions <\/strong>organis\u00e9es en 2021 et 2023 et <strong>10 entreprises boost\u00e9es<\/strong>, l\u2019association <strong>R\u00e9seau Entreprendre\u00ae Occitanie Garonne<\/strong> a organis\u00e9 cette ann\u00e9e la <strong>3\u00e8me \u00e9dition du BOOSTER CAMP en Occitanie les 2 et 3 juillet 2025<\/strong>. Ce challenge unique est destin\u00e9 aux entrepreneurs de <strong>Haute-Garonne, du Gers, d\u2019Ari\u00e8ge, du Tarn-et-Garonne<\/strong> et du <strong>Lot-et-Garonne<\/strong> souhaitant acc\u00e9l\u00e9rer la croissance de leur entreprise et relever de nouveaux d\u00e9fis.<\/p>\n\n\n\n<p>Pendant 24h, ce sont <strong>10 chefs d&#8217;entreprise par entrepreneur<\/strong> qui accompagnent et challengent b\u00e9n\u00e9volement les boost\u00e9s sur leur diff\u00e9rents aspects de leur projet de croissance. Au programme, des temps d&#8217;\u00e9changes conviviaux dans un cadre id\u00e9al pour partager entre pairs avec bienveillance.<\/p>\n\n\n\n<p>A la fin des 24h, les boost\u00e9s pitchent devant les membres booster pour t\u00e9moigner de leur progression !<\/p>\n\n\n\n<p><a href=\"https:\/\/www.youtube.com\/watch?v=kzKPZe5DJFE\" target=\"_blank\" rel=\"noreferrer noopener\">D\u00e9couvrez en vid\u00e9o des t\u00e9moignages sur l&#8217;\u00e9dition 2025 !<\/a><\/p>\n<\/div>\n<\/div>\n\n\n\n<div style=\"height:55px\" aria-hidden=\"true\" class=\"wp-block-spacer\"><\/div>\n\n\n\n<h2 class=\"wp-block-heading has-re-red-color has-text-color has-link-color wp-elements-e42416aeb317097061807999ad14502a\">T\u00e9moignages de chefs d&#8217;entreprise accompagn\u00e9s pour leur croissance !<\/h2>\n\n\n<div data-block_cd35c644ed5b998a672632eb9c1f067a class=\"re-testimonials re-testimonials-acf-simple alignauto\">  \n    <div class=\"testimonials\">\n                                    <div class=\"testimonial\">\n                    <div class=\"row justify-content-between\">\n                        <div class=\"col-lg-4 col-image\">\n                            <div class=\"aspect-ratio\">\n                                                                    <img class=\"aspect-ratio-item\" data-aos=\"fade-right\" src='https:\/\/www.reseau-entreprendre.org\/occitanie-garonne\/wp-content\/uploads\/sites\/69\/2025\/05\/La-Collab-temoignage-booster.png'>\n                                                                <\/span>\n                            <\/div>\n                        <\/div>\n                        <div class=\"col-lg-8 my-auto col-info\" data-aos=\"fade-left\">\n                                                        <div class=\"description\">\n                                <p>J\u2019ai eu la chance d\u2019\u00eatre Laur\u00e9ate du programme Booster de R\u00e9seau Entreprendre Toulouse, et je tiens \u00e0 souligner la qualit\u00e9 de l\u2019accompagnement que j\u2019ai re\u00e7u. Ce programme a \u00e9t\u00e9 un v\u00e9ritable levier dans mon changement d\u2019\u00e9chelle avec La Collab, en m\u2019apportant \u00e0 la fois du soutien strat\u00e9gique, des conseils avis\u00e9s et un r\u00e9seau bienveillant de chefs d\u2019entreprise engag\u00e9s. Un immense merci \u00e0 toute l\u2019\u00e9quipe et aux membres pour leur engagement et leur g\u00e9n\u00e9rosit\u00e9 !<\/p>\n\n                            <\/div>\n                            <div class=\"person\">\n                                <span class=\"author\">\n                                    Laura Strelezki\n                                <\/span>\n                                <span class=\"company\">\n                                     Co-fondatrice de La Collab accompagn\u00e9e avec la deuxi\u00e8me co-fondatrice, C\u00e9lia Chauvet\n                                <\/span>\n                            <\/div>\n                                                    <\/div>\n                    <\/div>\n                <\/div>\n                            <div class=\"testimonial\">\n                    <div class=\"row justify-content-between\">\n                        <div class=\"col-lg-4 col-image\">\n                            <div class=\"aspect-ratio\">\n                                                                    <img class=\"aspect-ratio-item\" data-aos=\"fade-right\" src='https:\/\/www.reseau-entreprendre.org\/occitanie-garonne\/wp-content\/uploads\/sites\/69\/2025\/05\/challenge-recrutement.png'>\n                                                                <\/span>\n                            <\/div>\n                        <\/div>\n                        <div class=\"col-lg-8 my-auto col-info\" data-aos=\"fade-left\">\n                                                        <div class=\"description\">\n                                <p><span data-olk-copy-source=\"MessageBody\">L&#8217;accompagnement Booster du R\u00e9seau Entreprendre Occitanie Garonne nous a \u00e9t\u00e9 pr\u00e9cieux durant une phase critique pour le d\u00e9veloppement de notre soci\u00e9t\u00e9, en nous aidant \u00e0 maintenir le cap tout en \u00e9valuant et minimisant les risques potentiels. Cela nous a permis non seulement de confronter nos d\u00e9cisions mais aussi de renforcer notre vision strat\u00e9gique face aux d\u00e9fis rencontr\u00e9s.<\/span><\/p>\n\n                            <\/div>\n                            <div class=\"person\">\n                                <span class=\"author\">\n                                    Sylvain Cambon et Jennifer Bardy\n                                <\/span>\n                                <span class=\"company\">\n                                     Dirigeants de Challenge Recrutement\n                                <\/span>\n                            <\/div>\n                                                    <\/div>\n                    <\/div>\n                <\/div>\n                        <\/div>\n    <div class=\"testimonials-arrows\"><\/div>\n<\/div>\n","protected":false},"excerpt":{"rendered":"<p>Booster, le programme d\u2019accompagnement pour acc\u00e9l\u00e9rer la croissance chez R\u00e9seau<\/p>\n","protected":false},"author":75,"featured_media":0,"parent":0,"menu_order":0,"comment_status":"closed","ping_status":"closed","template":"","meta":{"_acf_changed":false,"_monsterinsights_skip_tracking":false,"_monsterinsights_sitenote_active":false,"_monsterinsights_sitenote_note":"","_monsterinsights_sitenote_category":0,"footnotes":""},"class_list":["post-6506","page","type-page","status-publish","hentry"],"acf":[],"yoast_head":"<!-- This site is optimized with the Yoast SEO plugin v27.4 - https:\/\/yoast.com\/product\/yoast-seo-wordpress\/ -->\n<title>D\u00e9velopper son entreprise - R\u00e9seau Entreprendre Occitanie-Garonne<\/title>\n<meta name=\"robots\" content=\"index, follow, max-snippet:-1, max-image-preview:large, max-video-preview:-1\" \/>\n<link rel=\"canonical\" href=\"https:\/\/www.reseau-entreprendre.org\/occitanie-garonne\/developper-son-entreprise\/\" \/>\n<meta property=\"og:locale\" content=\"fr_FR\" \/>\n<meta property=\"og:type\" content=\"article\" \/>\n<meta property=\"og:title\" content=\"D\u00e9velopper son entreprise - R\u00e9seau Entreprendre Occitanie-Garonne\" \/>\n<meta property=\"og:description\" content=\"Booster, le programme d\u2019accompagnement pour acc\u00e9l\u00e9rer la croissance chez R\u00e9seau\" \/>\n<meta property=\"og:url\" content=\"https:\/\/www.reseau-entreprendre.org\/occitanie-garonne\/developper-son-entreprise\/\" \/>\n<meta property=\"og:site_name\" content=\"R\u00e9seau Entreprendre Occitanie-Garonne\" \/>\n<meta property=\"article:publisher\" content=\"https:\/\/www.facebook.com\/R%c3%a9seau-Entreprendre-Occitanie-Garonne-1459398670993843\/?ref=bookmarks\" \/>\n<meta property=\"article:modified_time\" content=\"2025-08-06T14:38:08+00:00\" \/>\n<meta property=\"og:image\" content=\"https:\/\/www.reseau-entreprendre.org\/occitanie-garonne\/wp-content\/uploads\/sites\/69\/2025\/05\/Booster-fleche-accompagnement.png\" \/>\n\t<meta property=\"og:image:width\" content=\"1265\" \/>\n\t<meta property=\"og:image:height\" content=\"565\" \/>\n\t<meta property=\"og:image:type\" content=\"image\/png\" \/>\n<meta name=\"twitter:card\" content=\"summary_large_image\" \/>\n<meta name=\"twitter:label1\" content=\"Dur\u00e9e de lecture estim\u00e9e\" \/>\n\t<meta name=\"twitter:data1\" content=\"3 minutes\" \/>\n<script type=\"application\/ld+json\" class=\"yoast-schema-graph\">{\"@context\":\"https:\\\/\\\/schema.org\",\"@graph\":[{\"@type\":\"WebPage\",\"@id\":\"https:\\\/\\\/www.reseau-entreprendre.org\\\/occitanie-garonne\\\/developper-son-entreprise\\\/\",\"url\":\"https:\\\/\\\/www.reseau-entreprendre.org\\\/occitanie-garonne\\\/developper-son-entreprise\\\/\",\"name\":\"D\u00e9velopper son entreprise - R\u00e9seau Entreprendre Occitanie-Garonne\",\"isPartOf\":{\"@id\":\"https:\\\/\\\/www.reseau-entreprendre.org\\\/occitanie-garonne\\\/#website\"},\"primaryImageOfPage\":{\"@id\":\"https:\\\/\\\/www.reseau-entreprendre.org\\\/occitanie-garonne\\\/developper-son-entreprise\\\/#primaryimage\"},\"image\":{\"@id\":\"https:\\\/\\\/www.reseau-entreprendre.org\\\/occitanie-garonne\\\/developper-son-entreprise\\\/#primaryimage\"},\"thumbnailUrl\":\"https:\\\/\\\/www.reseau-entreprendre.org\\\/occitanie-garonne\\\/wp-content\\\/uploads\\\/sites\\\/69\\\/2025\\\/05\\\/Booster-fleche-accompagnement-1024x457.png\",\"datePublished\":\"2025-05-16T08:46:55+00:00\",\"dateModified\":\"2025-08-06T14:38:08+00:00\",\"breadcrumb\":{\"@id\":\"https:\\\/\\\/www.reseau-entreprendre.org\\\/occitanie-garonne\\\/developper-son-entreprise\\\/#breadcrumb\"},\"inLanguage\":\"fr-FR\",\"potentialAction\":[{\"@type\":\"ReadAction\",\"target\":[\"https:\\\/\\\/www.reseau-entreprendre.org\\\/occitanie-garonne\\\/developper-son-entreprise\\\/\"]}]},{\"@type\":\"ImageObject\",\"inLanguage\":\"fr-FR\",\"@id\":\"https:\\\/\\\/www.reseau-entreprendre.org\\\/occitanie-garonne\\\/developper-son-entreprise\\\/#primaryimage\",\"url\":\"https:\\\/\\\/www.reseau-entreprendre.org\\\/occitanie-garonne\\\/wp-content\\\/uploads\\\/sites\\\/69\\\/2025\\\/05\\\/Booster-fleche-accompagnement.png\",\"contentUrl\":\"https:\\\/\\\/www.reseau-entreprendre.org\\\/occitanie-garonne\\\/wp-content\\\/uploads\\\/sites\\\/69\\\/2025\\\/05\\\/Booster-fleche-accompagnement.png\",\"width\":1265,\"height\":565},{\"@type\":\"BreadcrumbList\",\"@id\":\"https:\\\/\\\/www.reseau-entreprendre.org\\\/occitanie-garonne\\\/developper-son-entreprise\\\/#breadcrumb\",\"itemListElement\":[{\"@type\":\"ListItem\",\"position\":1,\"name\":\"Accueil\",\"item\":\"https:\\\/\\\/www.reseau-entreprendre.org\\\/occitanie-garonne\\\/\"},{\"@type\":\"ListItem\",\"position\":2,\"name\":\"D\u00e9velopper son entreprise\"}]},{\"@type\":\"WebSite\",\"@id\":\"https:\\\/\\\/www.reseau-entreprendre.org\\\/occitanie-garonne\\\/#website\",\"url\":\"https:\\\/\\\/www.reseau-entreprendre.org\\\/occitanie-garonne\\\/\",\"name\":\"R\u00e9seau Entreprendre Occitanie-Garonne\",\"description\":\"Un site de R\u00e9seau Entreprendre\",\"potentialAction\":[{\"@type\":\"SearchAction\",\"target\":{\"@type\":\"EntryPoint\",\"urlTemplate\":\"https:\\\/\\\/www.reseau-entreprendre.org\\\/occitanie-garonne\\\/?s={search_term_string}\"},\"query-input\":{\"@type\":\"PropertyValueSpecification\",\"valueRequired\":true,\"valueName\":\"search_term_string\"}}],\"inLanguage\":\"fr-FR\"}]}<\/script>\n<!-- \/ Yoast SEO plugin. -->","yoast_head_json":{"title":"D\u00e9velopper son entreprise - R\u00e9seau Entreprendre Occitanie-Garonne","robots":{"index":"index","follow":"follow","max-snippet":"max-snippet:-1","max-image-preview":"max-image-preview:large","max-video-preview":"max-video-preview:-1"},"canonical":"https:\/\/www.reseau-entreprendre.org\/occitanie-garonne\/developper-son-entreprise\/","og_locale":"fr_FR","og_type":"article","og_title":"D\u00e9velopper son entreprise - R\u00e9seau Entreprendre Occitanie-Garonne","og_description":"Booster, le programme d\u2019accompagnement pour acc\u00e9l\u00e9rer la croissance chez R\u00e9seau","og_url":"https:\/\/www.reseau-entreprendre.org\/occitanie-garonne\/developper-son-entreprise\/","og_site_name":"R\u00e9seau Entreprendre Occitanie-Garonne","article_publisher":"https:\/\/www.facebook.com\/R%c3%a9seau-Entreprendre-Occitanie-Garonne-1459398670993843\/?ref=bookmarks","article_modified_time":"2025-08-06T14:38:08+00:00","og_image":[{"width":1265,"height":565,"url":"https:\/\/www.reseau-entreprendre.org\/occitanie-garonne\/wp-content\/uploads\/sites\/69\/2025\/05\/Booster-fleche-accompagnement.png","type":"image\/png"}],"twitter_card":"summary_large_image","twitter_misc":{"Dur\u00e9e de lecture estim\u00e9e":"3 minutes"},"schema":{"@context":"https:\/\/schema.org","@graph":[{"@type":"WebPage","@id":"https:\/\/www.reseau-entreprendre.org\/occitanie-garonne\/developper-son-entreprise\/","url":"https:\/\/www.reseau-entreprendre.org\/occitanie-garonne\/developper-son-entreprise\/","name":"D\u00e9velopper son entreprise - R\u00e9seau Entreprendre Occitanie-Garonne","isPartOf":{"@id":"https:\/\/www.reseau-entreprendre.org\/occitanie-garonne\/#website"},"primaryImageOfPage":{"@id":"https:\/\/www.reseau-entreprendre.org\/occitanie-garonne\/developper-son-entreprise\/#primaryimage"},"image":{"@id":"https:\/\/www.reseau-entreprendre.org\/occitanie-garonne\/developper-son-entreprise\/#primaryimage"},"thumbnailUrl":"https:\/\/www.reseau-entreprendre.org\/occitanie-garonne\/wp-content\/uploads\/sites\/69\/2025\/05\/Booster-fleche-accompagnement-1024x457.png","datePublished":"2025-05-16T08:46:55+00:00","dateModified":"2025-08-06T14:38:08+00:00","breadcrumb":{"@id":"https:\/\/www.reseau-entreprendre.org\/occitanie-garonne\/developper-son-entreprise\/#breadcrumb"},"inLanguage":"fr-FR","potentialAction":[{"@type":"ReadAction","target":["https:\/\/www.reseau-entreprendre.org\/occitanie-garonne\/developper-son-entreprise\/"]}]},{"@type":"ImageObject","inLanguage":"fr-FR","@id":"https:\/\/www.reseau-entreprendre.org\/occitanie-garonne\/developper-son-entreprise\/#primaryimage","url":"https:\/\/www.reseau-entreprendre.org\/occitanie-garonne\/wp-content\/uploads\/sites\/69\/2025\/05\/Booster-fleche-accompagnement.png","contentUrl":"https:\/\/www.reseau-entreprendre.org\/occitanie-garonne\/wp-content\/uploads\/sites\/69\/2025\/05\/Booster-fleche-accompagnement.png","width":1265,"height":565},{"@type":"BreadcrumbList","@id":"https:\/\/www.reseau-entreprendre.org\/occitanie-garonne\/developper-son-entreprise\/#breadcrumb","itemListElement":[{"@type":"ListItem","position":1,"name":"Accueil","item":"https:\/\/www.reseau-entreprendre.org\/occitanie-garonne\/"},{"@type":"ListItem","position":2,"name":"D\u00e9velopper son entreprise"}]},{"@type":"WebSite","@id":"https:\/\/www.reseau-entreprendre.org\/occitanie-garonne\/#website","url":"https:\/\/www.reseau-entreprendre.org\/occitanie-garonne\/","name":"R\u00e9seau Entreprendre Occitanie-Garonne","description":"Un site de R\u00e9seau Entreprendre","potentialAction":[{"@type":"SearchAction","target":{"@type":"EntryPoint","urlTemplate":"https:\/\/www.reseau-entreprendre.org\/occitanie-garonne\/?s={search_term_string}"},"query-input":{"@type":"PropertyValueSpecification","valueRequired":true,"valueName":"search_term_string"}}],"inLanguage":"fr-FR"}]}},"_links":{"self":[{"href":"https:\/\/www.reseau-entreprendre.org\/occitanie-garonne\/wp-json\/wp\/v2\/pages\/6506","targetHints":{"allow":["GET"]}}],"collection":[{"href":"https:\/\/www.reseau-entreprendre.org\/occitanie-garonne\/wp-json\/wp\/v2\/pages"}],"about":[{"href":"https:\/\/www.reseau-entreprendre.org\/occitanie-garonne\/wp-json\/wp\/v2\/types\/page"}],"author":[{"embeddable":true,"href":"https:\/\/www.reseau-entreprendre.org\/occitanie-garonne\/wp-json\/wp\/v2\/users\/75"}],"replies":[{"embeddable":true,"href":"https:\/\/www.reseau-entreprendre.org\/occitanie-garonne\/wp-json\/wp\/v2\/comments?post=6506"}],"version-history":[{"count":0,"href":"https:\/\/www.reseau-entreprendre.org\/occitanie-garonne\/wp-json\/wp\/v2\/pages\/6506\/revisions"}],"wp:attachment":[{"href":"https:\/\/www.reseau-entreprendre.org\/occitanie-garonne\/wp-json\/wp\/v2\/media?parent=6506"}],"curies":[{"name":"wp","href":"https:\/\/api.w.org\/{rel}","templated":true}]}}