{"id":6528,"date":"2025-05-14T16:10:31","date_gmt":"2025-05-14T14:10:31","guid":{"rendered":"https:\/\/www.reseau-entreprendre.org\/occitanie-garonne\/?page_id=6528"},"modified":"2025-08-06T15:21:49","modified_gmt":"2025-08-06T13:21:49","slug":"accompagner-ou-soutenir","status":"publish","type":"page","link":"https:\/\/www.reseau-entreprendre.org\/occitanie-garonne\/accompagner-ou-soutenir\/","title":{"rendered":"ACCOMPAGNER \/ SOUTENIR"},"content":{"rendered":"\n<h1 class=\"wp-block-heading has-re-blue-color has-text-color has-link-color wp-elements-de766e64bb0e6776ae42a45b87a593ed\"><strong>R\u00e9seau Entreprendre Occitanie Garonne promeut l&#8217;entrepreneuriat et soutient ainsi la cr\u00e9ation d&#8217;emplois sur nos territoires !<\/strong><\/h1>\n\n\n\n<p><\/p>\n\n\n\n<h1 class=\"wp-block-heading\">Envie de soutenir une association porteuse de sens ? De vous engager dans une d\u00e9marche RSE concr\u00e8te ?<\/h1>\n\n\n\n<div style=\"height:30px\" aria-hidden=\"true\" class=\"wp-block-spacer\"><\/div>\n\n\n\n<div class=\"wp-block-columns is-layout-flex wp-container-core-columns-is-layout-9d6595d7 wp-block-columns-is-layout-flex\">\n<div class=\"wp-block-column is-layout-flow wp-block-column-is-layout-flow\">\n<h2 class=\"wp-block-heading has-re-red-color has-text-color has-link-color wp-elements-0f9a3f1420ff14b19c94947e9f636425\"><strong>Devenir membre<\/strong><\/h2>\n\n\n\n<p>Partager son exp\u00e9rience de chef d&#8217;entreprise et soutenir des cr\u00e9ateurs, repreneurs et d\u00e9veloppeurs d&#8217;entreprise.<\/p>\n\n\n\n<div class=\"wp-block-buttons is-content-justification-center is-layout-flex wp-container-core-buttons-is-layout-16018d1d wp-block-buttons-is-layout-flex\">\n<div class=\"wp-block-button\"><a class=\"wp-block-button__link has-re-red-background-color has-background wp-element-button\" href=\"https:\/\/www.reseau-entreprendre.org\/occitanie-garonne\/accompagnez-createurs-repreneurs-developpeurs-entreprise\/\" target=\"_blank\" rel=\"noreferrer noopener\">Je veux devenir membre<\/a><\/div>\n<\/div>\n\n\n\n<div style=\"height:20px\" aria-hidden=\"true\" class=\"wp-block-spacer\"><\/div>\n\n\n<div class=\"wp-block-image\">\n<figure class=\"aligncenter size-large is-resized\"><img loading=\"lazy\" decoding=\"async\" width=\"2560\" height=\"1705\" src=\"https:\/\/www.reseau-entreprendre.org\/occitanie-garonne\/wp-content\/uploads\/sites\/69\/2025\/05\/110-1-edited-scaled.jpg\" alt=\"\" class=\"wp-image-6531\" style=\"width:345px;height:auto\" srcset=\"https:\/\/www.reseau-entreprendre.org\/occitanie-garonne\/wp-content\/uploads\/sites\/69\/2025\/05\/110-1-edited-scaled.jpg 2560w, https:\/\/www.reseau-entreprendre.org\/occitanie-garonne\/wp-content\/uploads\/sites\/69\/2025\/05\/110-1-edited-300x200.jpg 300w, https:\/\/www.reseau-entreprendre.org\/occitanie-garonne\/wp-content\/uploads\/sites\/69\/2025\/05\/110-1-edited-1024x682.jpg 1024w, https:\/\/www.reseau-entreprendre.org\/occitanie-garonne\/wp-content\/uploads\/sites\/69\/2025\/05\/110-1-edited-768x512.jpg 768w, https:\/\/www.reseau-entreprendre.org\/occitanie-garonne\/wp-content\/uploads\/sites\/69\/2025\/05\/110-1-edited-391x260.jpg 391w, https:\/\/www.reseau-entreprendre.org\/occitanie-garonne\/wp-content\/uploads\/sites\/69\/2025\/05\/110-1-edited-1536x1023.jpg 1536w, https:\/\/www.reseau-entreprendre.org\/occitanie-garonne\/wp-content\/uploads\/sites\/69\/2025\/05\/110-1-edited-2048x1364.jpg 2048w, https:\/\/www.reseau-entreprendre.org\/occitanie-garonne\/wp-content\/uploads\/sites\/69\/2025\/05\/110-1-edited-195x130.jpg 195w, https:\/\/www.reseau-entreprendre.org\/occitanie-garonne\/wp-content\/uploads\/sites\/69\/2025\/05\/110-1-edited-100x67.jpg 100w\" sizes=\"auto, (max-width: 2560px) 100vw, 2560px\" \/><\/figure>\n<\/div><\/div>\n\n\n\n<div class=\"wp-block-column is-layout-flow wp-block-column-is-layout-flow\">\n<h2 class=\"wp-block-heading has-re-blue-color has-text-color has-link-color wp-elements-50f998486cd19aa37f0bc8338b723128\"><strong>Devenir m\u00e9c\u00e8ne<\/strong><\/h2>\n\n\n\n<p>Contribuer \u00e0 la vie d&#8217;une association engag\u00e9e en la soutenant financi\u00e8rement et en participant \u00e0 la vie de la communaut\u00e9. <\/p>\n\n\n\n<div class=\"wp-block-buttons is-content-justification-center is-layout-flex wp-container-core-buttons-is-layout-16018d1d wp-block-buttons-is-layout-flex\">\n<div class=\"wp-block-button\"><a class=\"wp-block-button__link has-re-blue-background-color has-background wp-element-button\" href=\"https:\/\/www.reseau-entreprendre.org\/occitanie-garonne\/soutenir-2-2\/\" target=\"_blank\" rel=\"noreferrer noopener\">Je veux devenir m\u00e9c\u00e8ne<\/a><\/div>\n<\/div>\n\n\n\n<div style=\"height:20px\" aria-hidden=\"true\" class=\"wp-block-spacer\"><\/div>\n\n\n<div class=\"wp-block-image\">\n<figure class=\"aligncenter size-large is-resized\"><img loading=\"lazy\" decoding=\"async\" width=\"1024\" height=\"768\" src=\"https:\/\/www.reseau-entreprendre.org\/occitanie-garonne\/wp-content\/uploads\/sites\/69\/2025\/05\/1744130226241-1024x768.jpg\" alt=\"\" class=\"wp-image-6532\" style=\"width:345px\" srcset=\"https:\/\/www.reseau-entreprendre.org\/occitanie-garonne\/wp-content\/uploads\/sites\/69\/2025\/05\/1744130226241-1024x768.jpg 1024w, https:\/\/www.reseau-entreprendre.org\/occitanie-garonne\/wp-content\/uploads\/sites\/69\/2025\/05\/1744130226241-300x225.jpg 300w, https:\/\/www.reseau-entreprendre.org\/occitanie-garonne\/wp-content\/uploads\/sites\/69\/2025\/05\/1744130226241-768x576.jpg 768w, https:\/\/www.reseau-entreprendre.org\/occitanie-garonne\/wp-content\/uploads\/sites\/69\/2025\/05\/1744130226241-1536x1152.jpg 1536w, https:\/\/www.reseau-entreprendre.org\/occitanie-garonne\/wp-content\/uploads\/sites\/69\/2025\/05\/1744130226241-2048x1536.jpg 2048w, https:\/\/www.reseau-entreprendre.org\/occitanie-garonne\/wp-content\/uploads\/sites\/69\/2025\/05\/1744130226241-173x130.jpg 173w, https:\/\/www.reseau-entreprendre.org\/occitanie-garonne\/wp-content\/uploads\/sites\/69\/2025\/05\/1744130226241-100x75.jpg 100w\" sizes=\"auto, (max-width: 1024px) 100vw, 1024px\" \/><figcaption class=\"wp-element-caption\">Groupama d&#8217;occ est un partenaire de R\u00e9seau Entreprendre Occitanie Garonne depuis 2025<\/figcaption><\/figure>\n<\/div><\/div>\n<\/div>\n\n\n\n<h2 class=\"wp-block-heading has-re-yellow-color has-text-color has-link-color wp-elements-21b48dcdb88851f4d006e78b6158fc2f\"><strong>Devenir m\u00e9c\u00e8ne \u00e9v\u00e9nementiel<\/strong><\/h2>\n\n\n\n<h3 class=\"wp-block-heading\">En 2025, soutenez la F\u00eate des Laur\u00e9ats !<\/h3>\n\n\n\n<div style=\"height:30px\" aria-hidden=\"true\" class=\"wp-block-spacer\"><\/div>\n\n\n\n<div class=\"wp-block-columns is-layout-flex wp-container-core-columns-is-layout-9d6595d7 wp-block-columns-is-layout-flex\">\n<div class=\"wp-block-column is-layout-flow wp-block-column-is-layout-flow\">\n<h4 class=\"wp-block-heading\">F\u00eate des Laur\u00e9ats<\/h4>\n\n\n\n<p>Cet \u00e9v\u00e9nement annuel rassemble plus de 300 chefs d&#8217;entreprise, dirigeants de PME, le temps d&#8217;une soir\u00e9e pour mettre \u00e0 l&#8217;honneur les entrepreneurs laur\u00e9ats de l&#8217;association.<\/p>\n\n\n\n<p>Cette ann\u00e9e, nous c\u00e9l\u00e8brerons notre action autour de la th\u00e9matique &#8220;Et si l&#8217;entrepreneur \u00e9tait un humain augment\u00e9 ?&#8221;. Un voyage \u00e0 la d\u00e9couverte des aptitudes c\u00e9r\u00e9brales d&#8217;un entrepreneur pour g\u00e9rer son activit\u00e9. Avec l&#8217;intervention d&#8217;un mentaliste sur &#8220;l&#8217;illusion du choix&#8221;. <\/p>\n\n\n\n<p>L&#8217;objectif ? Rassembler la communaut\u00e9, cr\u00e9er des liens entre dirigeants et mettre en avant l&#8217;activit\u00e9 des derniers laur\u00e9ats accompagn\u00e9s au sein de l&#8217;association.<\/p>\n\n\n\n<p><a href=\"https:\/\/www.youtube.com\/watch?v=51BBCE8Hj0E&amp;t=18s\" target=\"_blank\" rel=\"noreferrer noopener\">Pour d\u00e9couvrir la F\u00eate des Laur\u00e9ats 2024 en image, c&#8217;est ici.<\/a> <\/p>\n\n\n\n<div style=\"height:20px\" aria-hidden=\"true\" class=\"wp-block-spacer\"><\/div>\n\n\n\n<div class=\"wp-block-buttons is-content-justification-center is-layout-flex wp-container-core-buttons-is-layout-16018d1d wp-block-buttons-is-layout-flex\">\n<div class=\"wp-block-button\"><a class=\"wp-block-button__link has-re-yellow-background-color has-background wp-element-button\" href=\"https:\/\/www.reseau-entreprendre.org\/occitanie-garonne\/soutenir-2-2\/\" target=\"_blank\" rel=\"noreferrer noopener\">Je veux devenir m\u00e9c\u00e8ne de la F\u00eate des Laur\u00e9ats<\/a><\/div>\n<\/div>\n\n\n\n<div style=\"height:20px\" aria-hidden=\"true\" class=\"wp-block-spacer\"><\/div>\n\n\n\n<figure class=\"wp-block-image size-large\"><img loading=\"lazy\" decoding=\"async\" width=\"1024\" height=\"554\" src=\"https:\/\/www.reseau-entreprendre.org\/occitanie-garonne\/wp-content\/uploads\/sites\/69\/2025\/05\/1-Copie-1024x554.jpg\" alt=\"\" class=\"wp-image-6539\" srcset=\"https:\/\/www.reseau-entreprendre.org\/occitanie-garonne\/wp-content\/uploads\/sites\/69\/2025\/05\/1-Copie-1024x554.jpg 1024w, https:\/\/www.reseau-entreprendre.org\/occitanie-garonne\/wp-content\/uploads\/sites\/69\/2025\/05\/1-Copie-300x162.jpg 300w, https:\/\/www.reseau-entreprendre.org\/occitanie-garonne\/wp-content\/uploads\/sites\/69\/2025\/05\/1-Copie-768x416.jpg 768w, https:\/\/www.reseau-entreprendre.org\/occitanie-garonne\/wp-content\/uploads\/sites\/69\/2025\/05\/1-Copie-1536x832.jpg 1536w, https:\/\/www.reseau-entreprendre.org\/occitanie-garonne\/wp-content\/uploads\/sites\/69\/2025\/05\/1-Copie-2048x1109.jpg 2048w, https:\/\/www.reseau-entreprendre.org\/occitanie-garonne\/wp-content\/uploads\/sites\/69\/2025\/05\/1-Copie-210x114.jpg 210w, https:\/\/www.reseau-entreprendre.org\/occitanie-garonne\/wp-content\/uploads\/sites\/69\/2025\/05\/1-Copie-100x54.jpg 100w\" sizes=\"auto, (max-width: 1024px) 100vw, 1024px\" \/><figcaption class=\"wp-element-caption\">D\u00e9couvrez ici les partenaires de la F\u00eate annuelle des Laur\u00e9ats 2024 qui a rassembl\u00e9 plus de 250 entrepreneurs.<\/figcaption><\/figure>\n<\/div>\n<\/div>\n\n\n\n<div style=\"height:100px\" aria-hidden=\"true\" class=\"wp-block-spacer\"><\/div>\n\n\n\n<h2 class=\"wp-block-heading\"><strong><mark class=\"has-inline-color has-re-red-color\">Devenir m\u00e9c\u00e8ne d&#8217;un programme engag\u00e9 <\/mark><\/strong><\/h2>\n\n\n\n<h3 class=\"wp-block-heading\">Osez Oser : un accompagnement pour l&#8217;entrepreneuriat par les femmes<\/h3>\n\n\n\n<p>Devenez acteur de l&#8217;entrepreneuriat par les femmes en Occitanie gr\u00e2ce au programme d&#8217;accompagnement Osez Oser. Apr\u00e8s une premi\u00e8re \u00e9dition \u00e0 succ\u00e8s, le programme revient pour une seconde \u00e9dition ! <\/p>\n\n\n\n<p>Un programme intensif sur 3 mois comprenant : un marrainage par des cheffes d&#8217;entreprise de l&#8217;association, des ateliers ice breaker, des ateliers th\u00e9matiques, des vis-ma-vie d&#8217;entrepreneurs, etc&#8230; les laur\u00e9ates s\u00e9lectionn\u00e9es pour la fiabilit\u00e9 et la capacit\u00e9 de cr\u00e9ation d&#8217;emplois de leur projet b\u00e9n\u00e9ficient gratuitement de la force du r\u00e9seau de plus de 300 chefs d&#8217;entreprises.<\/p>\n\n\n\n<p>Pour cl\u00f4turer ce programme, les laur\u00e9ates sont challeng\u00e9es pendant 1 journ\u00e9e par 50 chefs d&#8217;entreprise r\u00e9partis en ateliers th\u00e9matiques (management, financier,&#8230;). Cette journ\u00e9e se termine par une session pitch. Une v\u00e9ritable opportunit\u00e9 de s&#8217;enrichir aupr\u00e8s d&#8217;entrepreneurs exp\u00e9riment\u00e9s et d&#8217;affirmer son projet devant une audience.<\/p>\n\n\n<div class=\"wp-block-image\">\n<figure class=\"aligncenter size-large is-resized\"><img loading=\"lazy\" decoding=\"async\" width=\"1024\" height=\"341\" src=\"https:\/\/www.reseau-entreprendre.org\/occitanie-garonne\/wp-content\/uploads\/sites\/69\/2025\/08\/osez-oser-1-1024x341.png\" alt=\"osez oser programme d'accompagnement entrepreneurial f\u00e9minin \" class=\"wp-image-6679\" style=\"width:694px;height:auto\" srcset=\"https:\/\/www.reseau-entreprendre.org\/occitanie-garonne\/wp-content\/uploads\/sites\/69\/2025\/08\/osez-oser-1-1024x341.png 1024w, https:\/\/www.reseau-entreprendre.org\/occitanie-garonne\/wp-content\/uploads\/sites\/69\/2025\/08\/osez-oser-1-300x100.png 300w, https:\/\/www.reseau-entreprendre.org\/occitanie-garonne\/wp-content\/uploads\/sites\/69\/2025\/08\/osez-oser-1-768x256.png 768w, https:\/\/www.reseau-entreprendre.org\/occitanie-garonne\/wp-content\/uploads\/sites\/69\/2025\/08\/osez-oser-1-1536x512.png 1536w, https:\/\/www.reseau-entreprendre.org\/occitanie-garonne\/wp-content\/uploads\/sites\/69\/2025\/08\/osez-oser-1-210x70.png 210w, https:\/\/www.reseau-entreprendre.org\/occitanie-garonne\/wp-content\/uploads\/sites\/69\/2025\/08\/osez-oser-1-100x33.png 100w, https:\/\/www.reseau-entreprendre.org\/occitanie-garonne\/wp-content\/uploads\/sites\/69\/2025\/08\/osez-oser-1.png 1800w\" sizes=\"auto, (max-width: 1024px) 100vw, 1024px\" \/><\/figure>\n<\/div>\n\n\n<div style=\"height:51px\" aria-hidden=\"true\" class=\"wp-block-spacer\"><\/div>\n\n\n\n<h2 class=\"wp-block-heading\"><strong><mark style=\"background-color:#ffffff\" class=\"has-inline-color has-re-yellow-color\">D\u00e9couvrez plus en d\u00e9tails notre plaquette m\u00e9c\u00e9nat \u00e9v\u00e8nementiel <\/mark><\/strong> <\/h2>\n\n\n\n<div data-wp-interactive=\"core\/file\" class=\"wp-block-file\"><object data-wp-bind--hidden=\"!state.hasPdfPreview\" hidden class=\"wp-block-file__embed\" data=\"https:\/\/www.reseau-entreprendre.org\/occitanie-garonne\/wp-content\/uploads\/sites\/69\/2025\/08\/Plaquette-mecenat-evenementiel-REOG-OO2-et-FDL-2025.pdf\" type=\"application\/pdf\" style=\"width:100%;height:600px\" aria-label=\"Contenu embarqu\u00e9 Plaquette m\u00e9c\u00e9nat \u00e9v\u00e8nementiel REOG OO2 et FDL 2025.\"><\/object><a id=\"wp-block-file--media-02940854-c08d-4d61-96a2-e46cd81100fd\" href=\"https:\/\/www.reseau-entreprendre.org\/occitanie-garonne\/wp-content\/uploads\/sites\/69\/2025\/08\/Plaquette-mecenat-evenementiel-REOG-OO2-et-FDL-2025.pdf\">Plaquette m\u00e9c\u00e9nat \u00e9v\u00e8nementiel REOG OO2 et FDL 2025<\/a><a href=\"https:\/\/www.reseau-entreprendre.org\/occitanie-garonne\/wp-content\/uploads\/sites\/69\/2025\/08\/Plaquette-mecenat-evenementiel-REOG-OO2-et-FDL-2025.pdf\" class=\"wp-block-file__button wp-element-button\" download aria-describedby=\"wp-block-file--media-02940854-c08d-4d61-96a2-e46cd81100fd\">T\u00e9l\u00e9charger<\/a><\/div>\n","protected":false},"excerpt":{"rendered":"<p>R\u00e9seau Entreprendre Occitanie Garonne promeut l&#8217;entrepreneuriat et soutient ainsi la<\/p>\n","protected":false},"author":75,"featured_media":0,"parent":0,"menu_order":0,"comment_status":"closed","ping_status":"closed","template":"","meta":{"_acf_changed":false,"_monsterinsights_skip_tracking":false,"_monsterinsights_sitenote_active":false,"_monsterinsights_sitenote_note":"","_monsterinsights_sitenote_category":0,"footnotes":""},"class_list":["post-6528","page","type-page","status-publish","hentry"],"acf":[],"yoast_head":"<!-- This site is optimized with the Yoast SEO plugin v27.4 - https:\/\/yoast.com\/product\/yoast-seo-wordpress\/ -->\n<title>ACCOMPAGNER \/ SOUTENIR - R\u00e9seau Entreprendre Occitanie-Garonne<\/title>\n<meta name=\"robots\" content=\"index, follow, max-snippet:-1, max-image-preview:large, max-video-preview:-1\" \/>\n<link rel=\"canonical\" href=\"https:\/\/www.reseau-entreprendre.org\/occitanie-garonne\/accompagner-ou-soutenir\/\" \/>\n<meta property=\"og:locale\" content=\"fr_FR\" \/>\n<meta property=\"og:type\" content=\"article\" \/>\n<meta property=\"og:title\" content=\"ACCOMPAGNER \/ SOUTENIR - R\u00e9seau Entreprendre Occitanie-Garonne\" \/>\n<meta property=\"og:description\" content=\"R\u00e9seau Entreprendre Occitanie Garonne promeut l&#8217;entrepreneuriat et soutient ainsi la\" \/>\n<meta property=\"og:url\" content=\"https:\/\/www.reseau-entreprendre.org\/occitanie-garonne\/accompagner-ou-soutenir\/\" \/>\n<meta property=\"og:site_name\" content=\"R\u00e9seau Entreprendre Occitanie-Garonne\" \/>\n<meta property=\"article:publisher\" content=\"https:\/\/www.facebook.com\/R%c3%a9seau-Entreprendre-Occitanie-Garonne-1459398670993843\/?ref=bookmarks\" \/>\n<meta property=\"article:modified_time\" content=\"2025-08-06T13:21:49+00:00\" \/>\n<meta property=\"og:image\" content=\"https:\/\/www.reseau-entreprendre.org\/occitanie-garonne\/wp-content\/uploads\/sites\/69\/2025\/05\/110-1-edited-scaled.jpg\" \/>\n\t<meta property=\"og:image:width\" content=\"2560\" \/>\n\t<meta property=\"og:image:height\" content=\"1705\" \/>\n\t<meta property=\"og:image:type\" content=\"image\/jpeg\" \/>\n<meta name=\"twitter:card\" content=\"summary_large_image\" \/>\n<meta name=\"twitter:label1\" content=\"Dur\u00e9e de lecture estim\u00e9e\" \/>\n\t<meta name=\"twitter:data1\" content=\"3 minutes\" \/>\n<script type=\"application\/ld+json\" class=\"yoast-schema-graph\">{\"@context\":\"https:\\\/\\\/schema.org\",\"@graph\":[{\"@type\":\"WebPage\",\"@id\":\"https:\\\/\\\/www.reseau-entreprendre.org\\\/occitanie-garonne\\\/accompagner-ou-soutenir\\\/\",\"url\":\"https:\\\/\\\/www.reseau-entreprendre.org\\\/occitanie-garonne\\\/accompagner-ou-soutenir\\\/\",\"name\":\"ACCOMPAGNER \\\/ SOUTENIR - R\u00e9seau Entreprendre Occitanie-Garonne\",\"isPartOf\":{\"@id\":\"https:\\\/\\\/www.reseau-entreprendre.org\\\/occitanie-garonne\\\/#website\"},\"primaryImageOfPage\":{\"@id\":\"https:\\\/\\\/www.reseau-entreprendre.org\\\/occitanie-garonne\\\/accompagner-ou-soutenir\\\/#primaryimage\"},\"image\":{\"@id\":\"https:\\\/\\\/www.reseau-entreprendre.org\\\/occitanie-garonne\\\/accompagner-ou-soutenir\\\/#primaryimage\"},\"thumbnailUrl\":\"https:\\\/\\\/www.reseau-entreprendre.org\\\/occitanie-garonne\\\/wp-content\\\/uploads\\\/sites\\\/69\\\/2025\\\/05\\\/110-1-edited-scaled.jpg\",\"datePublished\":\"2025-05-14T14:10:31+00:00\",\"dateModified\":\"2025-08-06T13:21:49+00:00\",\"breadcrumb\":{\"@id\":\"https:\\\/\\\/www.reseau-entreprendre.org\\\/occitanie-garonne\\\/accompagner-ou-soutenir\\\/#breadcrumb\"},\"inLanguage\":\"fr-FR\",\"potentialAction\":[{\"@type\":\"ReadAction\",\"target\":[\"https:\\\/\\\/www.reseau-entreprendre.org\\\/occitanie-garonne\\\/accompagner-ou-soutenir\\\/\"]}]},{\"@type\":\"ImageObject\",\"inLanguage\":\"fr-FR\",\"@id\":\"https:\\\/\\\/www.reseau-entreprendre.org\\\/occitanie-garonne\\\/accompagner-ou-soutenir\\\/#primaryimage\",\"url\":\"https:\\\/\\\/www.reseau-entreprendre.org\\\/occitanie-garonne\\\/wp-content\\\/uploads\\\/sites\\\/69\\\/2025\\\/05\\\/110-1-edited-scaled.jpg\",\"contentUrl\":\"https:\\\/\\\/www.reseau-entreprendre.org\\\/occitanie-garonne\\\/wp-content\\\/uploads\\\/sites\\\/69\\\/2025\\\/05\\\/110-1-edited-scaled.jpg\",\"width\":2560,\"height\":1705,\"caption\":\"Chefs d'entreprise membres de R\u00e9seau Entreprendre Occitanie Garonne \u00e0 la F\u00eate annuelle des Laur\u00e9ats en 2024.\"},{\"@type\":\"BreadcrumbList\",\"@id\":\"https:\\\/\\\/www.reseau-entreprendre.org\\\/occitanie-garonne\\\/accompagner-ou-soutenir\\\/#breadcrumb\",\"itemListElement\":[{\"@type\":\"ListItem\",\"position\":1,\"name\":\"Accueil\",\"item\":\"https:\\\/\\\/www.reseau-entreprendre.org\\\/occitanie-garonne\\\/\"},{\"@type\":\"ListItem\",\"position\":2,\"name\":\"ACCOMPAGNER \\\/ SOUTENIR\"}]},{\"@type\":\"WebSite\",\"@id\":\"https:\\\/\\\/www.reseau-entreprendre.org\\\/occitanie-garonne\\\/#website\",\"url\":\"https:\\\/\\\/www.reseau-entreprendre.org\\\/occitanie-garonne\\\/\",\"name\":\"R\u00e9seau Entreprendre Occitanie-Garonne\",\"description\":\"Un site de R\u00e9seau Entreprendre\",\"potentialAction\":[{\"@type\":\"SearchAction\",\"target\":{\"@type\":\"EntryPoint\",\"urlTemplate\":\"https:\\\/\\\/www.reseau-entreprendre.org\\\/occitanie-garonne\\\/?s={search_term_string}\"},\"query-input\":{\"@type\":\"PropertyValueSpecification\",\"valueRequired\":true,\"valueName\":\"search_term_string\"}}],\"inLanguage\":\"fr-FR\"}]}<\/script>\n<!-- \/ Yoast SEO plugin. -->","yoast_head_json":{"title":"ACCOMPAGNER \/ SOUTENIR - R\u00e9seau Entreprendre Occitanie-Garonne","robots":{"index":"index","follow":"follow","max-snippet":"max-snippet:-1","max-image-preview":"max-image-preview:large","max-video-preview":"max-video-preview:-1"},"canonical":"https:\/\/www.reseau-entreprendre.org\/occitanie-garonne\/accompagner-ou-soutenir\/","og_locale":"fr_FR","og_type":"article","og_title":"ACCOMPAGNER \/ SOUTENIR - R\u00e9seau Entreprendre Occitanie-Garonne","og_description":"R\u00e9seau Entreprendre Occitanie Garonne promeut l&#8217;entrepreneuriat et soutient ainsi la","og_url":"https:\/\/www.reseau-entreprendre.org\/occitanie-garonne\/accompagner-ou-soutenir\/","og_site_name":"R\u00e9seau Entreprendre Occitanie-Garonne","article_publisher":"https:\/\/www.facebook.com\/R%c3%a9seau-Entreprendre-Occitanie-Garonne-1459398670993843\/?ref=bookmarks","article_modified_time":"2025-08-06T13:21:49+00:00","og_image":[{"width":2560,"height":1705,"url":"https:\/\/www.reseau-entreprendre.org\/occitanie-garonne\/wp-content\/uploads\/sites\/69\/2025\/05\/110-1-edited-scaled.jpg","type":"image\/jpeg"}],"twitter_card":"summary_large_image","twitter_misc":{"Dur\u00e9e de lecture estim\u00e9e":"3 minutes"},"schema":{"@context":"https:\/\/schema.org","@graph":[{"@type":"WebPage","@id":"https:\/\/www.reseau-entreprendre.org\/occitanie-garonne\/accompagner-ou-soutenir\/","url":"https:\/\/www.reseau-entreprendre.org\/occitanie-garonne\/accompagner-ou-soutenir\/","name":"ACCOMPAGNER \/ SOUTENIR - R\u00e9seau Entreprendre Occitanie-Garonne","isPartOf":{"@id":"https:\/\/www.reseau-entreprendre.org\/occitanie-garonne\/#website"},"primaryImageOfPage":{"@id":"https:\/\/www.reseau-entreprendre.org\/occitanie-garonne\/accompagner-ou-soutenir\/#primaryimage"},"image":{"@id":"https:\/\/www.reseau-entreprendre.org\/occitanie-garonne\/accompagner-ou-soutenir\/#primaryimage"},"thumbnailUrl":"https:\/\/www.reseau-entreprendre.org\/occitanie-garonne\/wp-content\/uploads\/sites\/69\/2025\/05\/110-1-edited-scaled.jpg","datePublished":"2025-05-14T14:10:31+00:00","dateModified":"2025-08-06T13:21:49+00:00","breadcrumb":{"@id":"https:\/\/www.reseau-entreprendre.org\/occitanie-garonne\/accompagner-ou-soutenir\/#breadcrumb"},"inLanguage":"fr-FR","potentialAction":[{"@type":"ReadAction","target":["https:\/\/www.reseau-entreprendre.org\/occitanie-garonne\/accompagner-ou-soutenir\/"]}]},{"@type":"ImageObject","inLanguage":"fr-FR","@id":"https:\/\/www.reseau-entreprendre.org\/occitanie-garonne\/accompagner-ou-soutenir\/#primaryimage","url":"https:\/\/www.reseau-entreprendre.org\/occitanie-garonne\/wp-content\/uploads\/sites\/69\/2025\/05\/110-1-edited-scaled.jpg","contentUrl":"https:\/\/www.reseau-entreprendre.org\/occitanie-garonne\/wp-content\/uploads\/sites\/69\/2025\/05\/110-1-edited-scaled.jpg","width":2560,"height":1705,"caption":"Chefs d'entreprise membres de R\u00e9seau Entreprendre Occitanie Garonne \u00e0 la F\u00eate annuelle des Laur\u00e9ats en 2024."},{"@type":"BreadcrumbList","@id":"https:\/\/www.reseau-entreprendre.org\/occitanie-garonne\/accompagner-ou-soutenir\/#breadcrumb","itemListElement":[{"@type":"ListItem","position":1,"name":"Accueil","item":"https:\/\/www.reseau-entreprendre.org\/occitanie-garonne\/"},{"@type":"ListItem","position":2,"name":"ACCOMPAGNER \/ SOUTENIR"}]},{"@type":"WebSite","@id":"https:\/\/www.reseau-entreprendre.org\/occitanie-garonne\/#website","url":"https:\/\/www.reseau-entreprendre.org\/occitanie-garonne\/","name":"R\u00e9seau Entreprendre Occitanie-Garonne","description":"Un site de R\u00e9seau Entreprendre","potentialAction":[{"@type":"SearchAction","target":{"@type":"EntryPoint","urlTemplate":"https:\/\/www.reseau-entreprendre.org\/occitanie-garonne\/?s={search_term_string}"},"query-input":{"@type":"PropertyValueSpecification","valueRequired":true,"valueName":"search_term_string"}}],"inLanguage":"fr-FR"}]}},"_links":{"self":[{"href":"https:\/\/www.reseau-entreprendre.org\/occitanie-garonne\/wp-json\/wp\/v2\/pages\/6528","targetHints":{"allow":["GET"]}}],"collection":[{"href":"https:\/\/www.reseau-entreprendre.org\/occitanie-garonne\/wp-json\/wp\/v2\/pages"}],"about":[{"href":"https:\/\/www.reseau-entreprendre.org\/occitanie-garonne\/wp-json\/wp\/v2\/types\/page"}],"author":[{"embeddable":true,"href":"https:\/\/www.reseau-entreprendre.org\/occitanie-garonne\/wp-json\/wp\/v2\/users\/75"}],"replies":[{"embeddable":true,"href":"https:\/\/www.reseau-entreprendre.org\/occitanie-garonne\/wp-json\/wp\/v2\/comments?post=6528"}],"version-history":[{"count":0,"href":"https:\/\/www.reseau-entreprendre.org\/occitanie-garonne\/wp-json\/wp\/v2\/pages\/6528\/revisions"}],"wp:attachment":[{"href":"https:\/\/www.reseau-entreprendre.org\/occitanie-garonne\/wp-json\/wp\/v2\/media?parent=6528"}],"curies":[{"name":"wp","href":"https:\/\/api.w.org\/{rel}","templated":true}]}}