{"id":1015,"date":"2019-03-25T16:46:57","date_gmt":"2019-03-25T15:46:57","guid":{"rendered":"https:\/\/re-preprod-entreprendre.fr\/occitanie-mediterranee\/?page_id=1015"},"modified":"2021-10-26T17:04:24","modified_gmt":"2021-10-26T15:04:24","slug":"sport-break","status":"publish","type":"page","link":"https:\/\/www.reseau-entreprendre.org\/occitanie-mediterranee\/sport-break\/","title":{"rendered":"Sport Break"},"content":{"rendered":"\n<div class=\"wp-block-image\"><figure class=\"alignleft\"><img loading=\"lazy\" decoding=\"async\" width=\"209\" height=\"179\" src=\"https:\/\/www.reseau-entreprendre.org\/occitanie-mediterranee\/wp-content\/uploads\/sites\/14\/2018\/10\/SPORTBREAK.jpg\" alt=\"\" class=\"wp-image-560\"\/><\/figure><\/div>\n\n\n\n<p>&nbsp;&#8220;Sport Break est le premier complexe de loisirs en France d\u00e9di\u00e9 au sport ! V\u00e9ritable temple du sport connect\u00e9, nous proposons sur plus de 2 000 m2 plus de 15 activit\u00e9s sportives ludiques et innovantes : simulateur de ski, snowboard, cage de frappe de baseball, r\u00e9alit\u00e9 virtuelle, escalade en r\u00e9alit\u00e9 augment\u00e9e, jeux pour enfants, bubble foot&#8230; Accessible \u00e0 partir de 4 ans, Sport Break est accessible \u00e0 tous pour venir en famille, entre amis, ou pour f\u00eater un \u00e9v\u00e9nement. Nous disposons \u00e9galement d&#8217;un bar sportif avec bi\u00e8res, vin, et bien entendu diffusion des matchs tous sports confondus.&#8221;<\/p>\n","protected":false},"excerpt":{"rendered":"<p>&nbsp;&#8220;Sport Break est le premier complexe de loisirs en France<\/p>\n","protected":false},"author":14,"featured_media":0,"parent":0,"menu_order":0,"comment_status":"closed","ping_status":"closed","template":"","meta":{"_acf_changed":false,"_monsterinsights_skip_tracking":false,"_monsterinsights_sitenote_active":false,"_monsterinsights_sitenote_note":"","_monsterinsights_sitenote_category":0,"footnotes":""},"class_list":["post-1015","page","type-page","status-publish","hentry"],"acf":[],"yoast_head":"<!-- This site is optimized with the Yoast SEO plugin v27.4 - https:\/\/yoast.com\/product\/yoast-seo-wordpress\/ -->\n<title>Sport Break - R\u00e9seau Entreprendre Occitanie M\u00e9diterran\u00e9e<\/title>\n<meta name=\"robots\" content=\"index, follow, max-snippet:-1, max-image-preview:large, max-video-preview:-1\" \/>\n<link rel=\"canonical\" href=\"https:\/\/www.reseau-entreprendre.org\/occitanie-mediterranee\/sport-break\/\" \/>\n<meta property=\"og:locale\" content=\"fr_FR\" \/>\n<meta property=\"og:type\" content=\"article\" \/>\n<meta property=\"og:title\" content=\"Sport Break - R\u00e9seau Entreprendre Occitanie M\u00e9diterran\u00e9e\" \/>\n<meta property=\"og:description\" content=\"&nbsp;&#8220;Sport Break est le premier complexe de loisirs en France\" \/>\n<meta property=\"og:url\" content=\"https:\/\/www.reseau-entreprendre.org\/occitanie-mediterranee\/sport-break\/\" \/>\n<meta property=\"og:site_name\" content=\"R\u00e9seau Entreprendre Occitanie M\u00e9diterran\u00e9e\" \/>\n<meta property=\"article:modified_time\" content=\"2021-10-26T15:04:24+00:00\" \/>\n<meta property=\"og:image\" content=\"https:\/\/www.reseau-entreprendre.org\/occitanie-mediterranee\/wp-content\/uploads\/sites\/14\/2018\/10\/SPORTBREAK.jpg\" \/>\n<meta name=\"twitter:card\" content=\"summary_large_image\" \/>\n<meta name=\"twitter:label1\" content=\"Dur\u00e9e de lecture estim\u00e9e\" \/>\n\t<meta name=\"twitter:data1\" content=\"1 minute\" \/>\n<script type=\"application\/ld+json\" class=\"yoast-schema-graph\">{\"@context\":\"https:\\\/\\\/schema.org\",\"@graph\":[{\"@type\":\"WebPage\",\"@id\":\"https:\\\/\\\/www.reseau-entreprendre.org\\\/occitanie-mediterranee\\\/sport-break\\\/\",\"url\":\"https:\\\/\\\/www.reseau-entreprendre.org\\\/occitanie-mediterranee\\\/sport-break\\\/\",\"name\":\"Sport Break - R\u00e9seau Entreprendre Occitanie M\u00e9diterran\u00e9e\",\"isPartOf\":{\"@id\":\"https:\\\/\\\/www.reseau-entreprendre.org\\\/occitanie-mediterranee\\\/#website\"},\"primaryImageOfPage\":{\"@id\":\"https:\\\/\\\/www.reseau-entreprendre.org\\\/occitanie-mediterranee\\\/sport-break\\\/#primaryimage\"},\"image\":{\"@id\":\"https:\\\/\\\/www.reseau-entreprendre.org\\\/occitanie-mediterranee\\\/sport-break\\\/#primaryimage\"},\"thumbnailUrl\":\"https:\\\/\\\/www.reseau-entreprendre.org\\\/occitanie-mediterranee\\\/wp-content\\\/uploads\\\/sites\\\/14\\\/2018\\\/10\\\/SPORTBREAK.jpg\",\"datePublished\":\"2019-03-25T15:46:57+00:00\",\"dateModified\":\"2021-10-26T15:04:24+00:00\",\"breadcrumb\":{\"@id\":\"https:\\\/\\\/www.reseau-entreprendre.org\\\/occitanie-mediterranee\\\/sport-break\\\/#breadcrumb\"},\"inLanguage\":\"fr-FR\",\"potentialAction\":[{\"@type\":\"ReadAction\",\"target\":[\"https:\\\/\\\/www.reseau-entreprendre.org\\\/occitanie-mediterranee\\\/sport-break\\\/\"]}]},{\"@type\":\"ImageObject\",\"inLanguage\":\"fr-FR\",\"@id\":\"https:\\\/\\\/www.reseau-entreprendre.org\\\/occitanie-mediterranee\\\/sport-break\\\/#primaryimage\",\"url\":\"https:\\\/\\\/www.reseau-entreprendre.org\\\/occitanie-mediterranee\\\/wp-content\\\/uploads\\\/sites\\\/14\\\/2018\\\/10\\\/SPORTBREAK.jpg\",\"contentUrl\":\"https:\\\/\\\/www.reseau-entreprendre.org\\\/occitanie-mediterranee\\\/wp-content\\\/uploads\\\/sites\\\/14\\\/2018\\\/10\\\/SPORTBREAK.jpg\",\"width\":209,\"height\":179},{\"@type\":\"BreadcrumbList\",\"@id\":\"https:\\\/\\\/www.reseau-entreprendre.org\\\/occitanie-mediterranee\\\/sport-break\\\/#breadcrumb\",\"itemListElement\":[{\"@type\":\"ListItem\",\"position\":1,\"name\":\"Accueil\",\"item\":\"https:\\\/\\\/www.reseau-entreprendre.org\\\/occitanie-mediterranee\\\/\"},{\"@type\":\"ListItem\",\"position\":2,\"name\":\"Sport Break\"}]},{\"@type\":\"WebSite\",\"@id\":\"https:\\\/\\\/www.reseau-entreprendre.org\\\/occitanie-mediterranee\\\/#website\",\"url\":\"https:\\\/\\\/www.reseau-entreprendre.org\\\/occitanie-mediterranee\\\/\",\"name\":\"R\u00e9seau Entreprendre Occitanie M\u00e9diterran\u00e9e\",\"description\":\"Les sites de R\u00e9seau Entreprendre\",\"potentialAction\":[{\"@type\":\"SearchAction\",\"target\":{\"@type\":\"EntryPoint\",\"urlTemplate\":\"https:\\\/\\\/www.reseau-entreprendre.org\\\/occitanie-mediterranee\\\/?s={search_term_string}\"},\"query-input\":{\"@type\":\"PropertyValueSpecification\",\"valueRequired\":true,\"valueName\":\"search_term_string\"}}],\"inLanguage\":\"fr-FR\"}]}<\/script>\n<!-- \/ Yoast SEO plugin. -->","yoast_head_json":{"title":"Sport Break - R\u00e9seau Entreprendre Occitanie M\u00e9diterran\u00e9e","robots":{"index":"index","follow":"follow","max-snippet":"max-snippet:-1","max-image-preview":"max-image-preview:large","max-video-preview":"max-video-preview:-1"},"canonical":"https:\/\/www.reseau-entreprendre.org\/occitanie-mediterranee\/sport-break\/","og_locale":"fr_FR","og_type":"article","og_title":"Sport Break - R\u00e9seau Entreprendre Occitanie M\u00e9diterran\u00e9e","og_description":"&nbsp;&#8220;Sport Break est le premier complexe de loisirs en France","og_url":"https:\/\/www.reseau-entreprendre.org\/occitanie-mediterranee\/sport-break\/","og_site_name":"R\u00e9seau Entreprendre Occitanie M\u00e9diterran\u00e9e","article_modified_time":"2021-10-26T15:04:24+00:00","og_image":[{"url":"https:\/\/www.reseau-entreprendre.org\/occitanie-mediterranee\/wp-content\/uploads\/sites\/14\/2018\/10\/SPORTBREAK.jpg","type":"","width":"","height":""}],"twitter_card":"summary_large_image","twitter_misc":{"Dur\u00e9e de lecture estim\u00e9e":"1 minute"},"schema":{"@context":"https:\/\/schema.org","@graph":[{"@type":"WebPage","@id":"https:\/\/www.reseau-entreprendre.org\/occitanie-mediterranee\/sport-break\/","url":"https:\/\/www.reseau-entreprendre.org\/occitanie-mediterranee\/sport-break\/","name":"Sport Break - R\u00e9seau Entreprendre Occitanie M\u00e9diterran\u00e9e","isPartOf":{"@id":"https:\/\/www.reseau-entreprendre.org\/occitanie-mediterranee\/#website"},"primaryImageOfPage":{"@id":"https:\/\/www.reseau-entreprendre.org\/occitanie-mediterranee\/sport-break\/#primaryimage"},"image":{"@id":"https:\/\/www.reseau-entreprendre.org\/occitanie-mediterranee\/sport-break\/#primaryimage"},"thumbnailUrl":"https:\/\/www.reseau-entreprendre.org\/occitanie-mediterranee\/wp-content\/uploads\/sites\/14\/2018\/10\/SPORTBREAK.jpg","datePublished":"2019-03-25T15:46:57+00:00","dateModified":"2021-10-26T15:04:24+00:00","breadcrumb":{"@id":"https:\/\/www.reseau-entreprendre.org\/occitanie-mediterranee\/sport-break\/#breadcrumb"},"inLanguage":"fr-FR","potentialAction":[{"@type":"ReadAction","target":["https:\/\/www.reseau-entreprendre.org\/occitanie-mediterranee\/sport-break\/"]}]},{"@type":"ImageObject","inLanguage":"fr-FR","@id":"https:\/\/www.reseau-entreprendre.org\/occitanie-mediterranee\/sport-break\/#primaryimage","url":"https:\/\/www.reseau-entreprendre.org\/occitanie-mediterranee\/wp-content\/uploads\/sites\/14\/2018\/10\/SPORTBREAK.jpg","contentUrl":"https:\/\/www.reseau-entreprendre.org\/occitanie-mediterranee\/wp-content\/uploads\/sites\/14\/2018\/10\/SPORTBREAK.jpg","width":209,"height":179},{"@type":"BreadcrumbList","@id":"https:\/\/www.reseau-entreprendre.org\/occitanie-mediterranee\/sport-break\/#breadcrumb","itemListElement":[{"@type":"ListItem","position":1,"name":"Accueil","item":"https:\/\/www.reseau-entreprendre.org\/occitanie-mediterranee\/"},{"@type":"ListItem","position":2,"name":"Sport Break"}]},{"@type":"WebSite","@id":"https:\/\/www.reseau-entreprendre.org\/occitanie-mediterranee\/#website","url":"https:\/\/www.reseau-entreprendre.org\/occitanie-mediterranee\/","name":"R\u00e9seau Entreprendre Occitanie M\u00e9diterran\u00e9e","description":"Les sites de R\u00e9seau Entreprendre","potentialAction":[{"@type":"SearchAction","target":{"@type":"EntryPoint","urlTemplate":"https:\/\/www.reseau-entreprendre.org\/occitanie-mediterranee\/?s={search_term_string}"},"query-input":{"@type":"PropertyValueSpecification","valueRequired":true,"valueName":"search_term_string"}}],"inLanguage":"fr-FR"}]}},"_links":{"self":[{"href":"https:\/\/www.reseau-entreprendre.org\/occitanie-mediterranee\/wp-json\/wp\/v2\/pages\/1015","targetHints":{"allow":["GET"]}}],"collection":[{"href":"https:\/\/www.reseau-entreprendre.org\/occitanie-mediterranee\/wp-json\/wp\/v2\/pages"}],"about":[{"href":"https:\/\/www.reseau-entreprendre.org\/occitanie-mediterranee\/wp-json\/wp\/v2\/types\/page"}],"author":[{"embeddable":true,"href":"https:\/\/www.reseau-entreprendre.org\/occitanie-mediterranee\/wp-json\/wp\/v2\/users\/14"}],"replies":[{"embeddable":true,"href":"https:\/\/www.reseau-entreprendre.org\/occitanie-mediterranee\/wp-json\/wp\/v2\/comments?post=1015"}],"version-history":[{"count":0,"href":"https:\/\/www.reseau-entreprendre.org\/occitanie-mediterranee\/wp-json\/wp\/v2\/pages\/1015\/revisions"}],"wp:attachment":[{"href":"https:\/\/www.reseau-entreprendre.org\/occitanie-mediterranee\/wp-json\/wp\/v2\/media?parent=1015"}],"curies":[{"name":"wp","href":"https:\/\/api.w.org\/{rel}","templated":true}]}}